{"id":17557,"date":"2025-07-31T10:33:08","date_gmt":"2025-07-31T08:33:08","guid":{"rendered":"https:\/\/oraziopuglisi.art\/?page_id=17557"},"modified":"2025-10-14T06:35:09","modified_gmt":"2025-10-14T04:35:09","slug":"les-folkloristes-russes","status":"publish","type":"page","link":"https:\/\/oraziopuglisi.art\/index.php\/les-folkloristes-russes\/","title":{"rendered":"Les Folkloristes Russes"},"content":{"rendered":"<p><span style=\"font-size: 8px;\"><strong>Image mise en avant :<\/strong> Portrait de Vladimir Dahl par\u00a0<a class=\"mw-redirect\" title=\"Vasily Perov\" href=\"https:\/\/fr.wikipedia.org\/wiki\/Vasily_Perov\">Vasily Perov<\/a>,\u00a0<a title=\"\" href=\"https:\/\/fr.wikipedia.org\/wiki\/Galerie_Tretiakov\">Galerie Tretiakov<\/a>.<\/span><\/p>\n<p>&nbsp;<\/p>\n<blockquote class=\"wp-embedded-content\" data-secret=\"LcssjsYItw\"><p><a href=\"https:\/\/oraziopuglisi.art\/index.php\/la-narratologie\/\">La Narratologie<\/a><\/p><\/blockquote>\n<p><iframe loading=\"lazy\" class=\"wp-embedded-content\" sandbox=\"allow-scripts\" security=\"restricted\" style=\"position: absolute; visibility: hidden;\" title=\"\u00ab\u00a0La Narratologie\u00a0\u00bb &#8212; Orazio Puglisi\" src=\"https:\/\/oraziopuglisi.art\/index.php\/la-narratologie\/embed\/#?secret=AopXUVR4QV#?secret=LcssjsYItw\" data-secret=\"LcssjsYItw\" width=\"600\" height=\"338\" frameborder=\"0\" marginwidth=\"0\" marginheight=\"0\" scrolling=\"no\"><\/iframe><\/p>\n<blockquote class=\"wp-embedded-content\" data-secret=\"BflZBelvVA\"><p><a href=\"https:\/\/oraziopuglisi.art\/index.php\/le-formalisme-russe\/\">Le Formalisme Russe<\/a><\/p><\/blockquote>\n<p><iframe loading=\"lazy\" class=\"wp-embedded-content\" sandbox=\"allow-scripts\" security=\"restricted\" style=\"position: absolute; visibility: hidden;\" title=\"\u00ab\u00a0Le Formalisme Russe\u00a0\u00bb &#8212; Orazio Puglisi\" src=\"https:\/\/oraziopuglisi.art\/index.php\/le-formalisme-russe\/embed\/#?secret=qEfBwgcxBo#?secret=BflZBelvVA\" data-secret=\"BflZBelvVA\" width=\"600\" height=\"338\" frameborder=\"0\" marginwidth=\"0\" marginheight=\"0\" scrolling=\"no\"><\/iframe><\/p>\n<blockquote class=\"wp-embedded-content\" data-secret=\"83qbN81xwA\"><p><a href=\"https:\/\/oraziopuglisi.art\/index.php\/vladimir-propp\/\">Vladimir Propp<\/a><\/p><\/blockquote>\n<p><iframe loading=\"lazy\" class=\"wp-embedded-content\" sandbox=\"allow-scripts\" security=\"restricted\" style=\"position: absolute; visibility: hidden;\" title=\"\u00ab\u00a0Vladimir Propp\u00a0\u00bb &#8212; Orazio Puglisi\" src=\"https:\/\/oraziopuglisi.art\/index.php\/vladimir-propp\/embed\/#?secret=gGTxujsyJm#?secret=83qbN81xwA\" data-secret=\"83qbN81xwA\" width=\"600\" height=\"338\" frameborder=\"0\" marginwidth=\"0\" marginheight=\"0\" scrolling=\"no\"><\/iframe><\/p>\n<blockquote class=\"wp-embedded-content\" data-secret=\"HMSgISUWBE\"><p><a href=\"https:\/\/oraziopuglisi.art\/index.php\/alexandre-afanassiev\/\">Alexandre Afanassiev<\/a><\/p><\/blockquote>\n<p><iframe loading=\"lazy\" class=\"wp-embedded-content\" sandbox=\"allow-scripts\" security=\"restricted\" style=\"position: absolute; visibility: hidden;\" title=\"\u00ab\u00a0Alexandre Afanassiev\u00a0\u00bb &#8212; Orazio Puglisi\" src=\"https:\/\/oraziopuglisi.art\/index.php\/alexandre-afanassiev\/embed\/#?secret=9vaMsgFA8P#?secret=HMSgISUWBE\" data-secret=\"HMSgISUWBE\" width=\"600\" height=\"338\" frameborder=\"0\" marginwidth=\"0\" marginheight=\"0\" scrolling=\"no\"><\/iframe><\/p>\n<blockquote class=\"wp-embedded-content\" data-secret=\"A2x3vzlGhZ\"><p><a href=\"https:\/\/oraziopuglisi.art\/index.php\/vladimir-dahl\/\">Vladimir Dahl<\/a><\/p><\/blockquote>\n<p><iframe loading=\"lazy\" class=\"wp-embedded-content\" sandbox=\"allow-scripts\" security=\"restricted\" style=\"position: absolute; visibility: hidden;\" title=\"\u00ab\u00a0Vladimir Dahl\u00a0\u00bb &#8212; Orazio Puglisi\" src=\"https:\/\/oraziopuglisi.art\/index.php\/vladimir-dahl\/embed\/#?secret=IGbuCfEgYu#?secret=A2x3vzlGhZ\" data-secret=\"A2x3vzlGhZ\" width=\"600\" height=\"338\" frameborder=\"0\" marginwidth=\"0\" marginheight=\"0\" scrolling=\"no\"><\/iframe><\/p>\n<p>&nbsp;<\/p>\n<div id=\"mw-content-text\" class=\"mw-body-content\">\n<div class=\"mw-category-generated\" dir=\"ltr\" lang=\"fr\">\n<div id=\"mw-pages\">\n<div class=\"mw-content-ltr\" dir=\"ltr\" lang=\"fr\">\n<div class=\"mw-category mw-category-columns\">\n<div class=\"mw-category-group\">\n<h3>A<\/h3>\n<ul>\n<li><a title=\"Alexandre Afanassiev\" href=\"https:\/\/fr.wikipedia.org\/wiki\/Alexandre_Afanassiev\">Alexandre Afanassiev<\/a><\/li>\n<li><a title=\"Nikola\u00ef Petrovitch Andreev (folkloriste)\" href=\"https:\/\/fr.wikipedia.org\/wiki\/Nikola%C3%AF_Petrovitch_Andreev_(folkloriste)\">Nikola\u00ef Petrovitch Andreev (folkloriste)<\/a><\/li>\n<li><a title=\"Vladimir Anikine\" href=\"https:\/\/fr.wikipedia.org\/wiki\/Vladimir_Anikine\">Vladimir Anikine<\/a><\/li>\n<li><a title=\"Mark Azadovsky\" href=\"https:\/\/fr.wikipedia.org\/wiki\/Mark_Azadovsky\">Mark Azadovsky<\/a><\/li>\n<\/ul>\n<\/div>\n<div class=\"mw-category-group\">\n<h3>B<\/h3>\n<ul>\n<li><a title=\"Lev Barag\" href=\"https:\/\/fr.wikipedia.org\/wiki\/Lev_Barag\">Lev Barag<\/a><\/li>\n<li><a title=\"Iouri Berezkine\" href=\"https:\/\/fr.wikipedia.org\/wiki\/Iouri_Berezkine\">Iouri Berezkine<\/a><\/li>\n<\/ul>\n<\/div>\n<div class=\"mw-category-group\">\n<h3>D<\/h3>\n<ul>\n<li><a title=\"Kircha Danilov\" href=\"https:\/\/fr.wikipedia.org\/wiki\/Kircha_Danilov\">Kircha Danilov<\/a><\/li>\n<\/ul>\n<\/div>\n<div class=\"mw-category-group\">\n<h3>I<\/h3>\n<ul>\n<li><a title=\"Pavel Iakouchkine\" href=\"https:\/\/fr.wikipedia.org\/wiki\/Pavel_Iakouchkine\">Pavel Iakouchkine<\/a><\/li>\n<\/ul>\n<\/div>\n<div class=\"mw-category-group\">\n<h3>J<\/h3>\n<ul>\n<li><a title=\"Viktor Jirmounsky\" href=\"https:\/\/fr.wikipedia.org\/wiki\/Viktor_Jirmounsky\">Viktor Jirmounsky<\/a><\/li>\n<li><a title=\"Valentin Joukovski\" href=\"https:\/\/fr.wikipedia.org\/wiki\/Valentin_Joukovski\">Valentin Joukovski<\/a><\/li>\n<\/ul>\n<\/div>\n<div class=\"mw-category-group\">\n<h3>K<\/h3>\n<ul>\n<li><a title=\"Irina Karnaoukhova\" href=\"https:\/\/fr.wikipedia.org\/wiki\/Irina_Karnaoukhova\">Irina Karnaoukhova<\/a><\/li>\n<\/ul>\n<\/div>\n<div class=\"mw-category-group\">\n<h3>L<\/h3>\n<ul>\n<li><a title=\"Iakov Louri\u00e9\" href=\"https:\/\/fr.wikipedia.org\/wiki\/Iakov_Louri%C3%A9\">Iakov Louri\u00e9<\/a><\/li>\n<\/ul>\n<\/div>\n<div class=\"mw-category-group\">\n<h3>M<\/h3>\n<ul>\n<li><a title=\"Nikolay Matorin\" href=\"https:\/\/fr.wikipedia.org\/wiki\/Nikolay_Matorin\">Nikolay Matorin<\/a><\/li>\n<li><a title=\"El\u00e9azar M\u00e9l\u00e9tinsky\" href=\"https:\/\/fr.wikipedia.org\/wiki\/El%C3%A9azar_M%C3%A9l%C3%A9tinsky\">El\u00e9azar M\u00e9l\u00e9tinsky<\/a><\/li>\n<\/ul>\n<\/div>\n<div class=\"mw-category-group\">\n<h3>N<\/h3>\n<ul>\n<li><a title=\"Aleksandr Netcha\u00efev (folkloriste)\" href=\"https:\/\/fr.wikipedia.org\/wiki\/Aleksandr_Netcha%C3%AFev_(folkloriste)\">Aleksandr Netcha\u00efev (folkloriste)<\/a><\/li>\n<li><a title=\"Aleksandr Nikiforov\" href=\"https:\/\/fr.wikipedia.org\/wiki\/Aleksandr_Nikiforov\">Aleksandr Nikiforov<\/a><\/li>\n<\/ul>\n<\/div>\n<div class=\"mw-category-group\">\n<h3>O<\/h3>\n<ul>\n<li><a title=\"Olga Ozarovska\u00efa\" href=\"https:\/\/fr.wikipedia.org\/wiki\/Olga_Ozarovska%C3%AFa\">Olga Ozarovska\u00efa<\/a><\/li>\n<\/ul>\n<\/div>\n<div class=\"mw-category-group\">\n<h3>P<\/h3>\n<ul>\n<li><a title=\"Erna Pom\u00e9rantseva\" href=\"https:\/\/fr.wikipedia.org\/wiki\/Erna_Pom%C3%A9rantseva\">Erna Pom\u00e9rantseva<\/a><\/li>\n<li><a title=\"Vladimir Propp\" href=\"https:\/\/fr.wikipedia.org\/wiki\/Vladimir_Propp\">Vladimir Propp<\/a><\/li>\n<\/ul>\n<\/div>\n<div class=\"mw-category-group\">\n<h3>R<\/h3>\n<ul>\n<li><a title=\"Aleksandr Roubets\" href=\"https:\/\/fr.wikipedia.org\/wiki\/Aleksandr_Roubets\">Aleksandr Roubets<\/a><\/li>\n<li><a title=\"Pavel Rybnikov\" href=\"https:\/\/fr.wikipedia.org\/wiki\/Pavel_Rybnikov\">Pavel Rybnikov<\/a><\/li>\n<\/ul>\n<\/div>\n<div class=\"mw-category-group\">\n<h3>S<\/h3>\n<ul>\n<li><a title=\"Dmitri Sadovnikov\" href=\"https:\/\/fr.wikipedia.org\/wiki\/Dmitri_Sadovnikov\">Dmitri Sadovnikov<\/a><\/li>\n<li><a title=\"Alekse\u00ef Matv\u00e9\u00ef\u00e9vitch Smirnov-Koutatchesky\" href=\"https:\/\/fr.wikipedia.org\/wiki\/Alekse%C3%AF_Matv%C3%A9%C3%AF%C3%A9vitch_Smirnov-Koutatchesky\">Alekse\u00ef Matv\u00e9\u00ef\u00e9vitch Smirnov-Koutatchesky<\/a><\/li>\n<li><a title=\"Boris Matv\u00e9\u00ef\u00e9vitch Sokolov\" href=\"https:\/\/fr.wikipedia.org\/wiki\/Boris_Matv%C3%A9%C3%AF%C3%A9vitch_Sokolov\">Boris Matv\u00e9\u00ef\u00e9vitch Sokolov<\/a><\/li>\n<li><a title=\"Iouri Matv\u00e9\u00ef\u00e9vitch Sokolov\" href=\"https:\/\/fr.wikipedia.org\/wiki\/Iouri_Matv%C3%A9%C3%AF%C3%A9vitch_Sokolov\">Iouri Matv\u00e9\u00ef\u00e9vitch Sokolov<\/a><\/li>\n<\/ul>\n<\/div>\n<div class=\"mw-category-group\">\n<h3>V<\/h3>\n<ul>\n<li><a title=\"Galina Varlamova\" href=\"https:\/\/fr.wikipedia.org\/wiki\/Galina_Varlamova\">Galina Varlamova<\/a><\/li>\n<li><a title=\"Vladilen Viatcheslavovitch L\u00e9ontiev\" href=\"https:\/\/fr.wikipedia.org\/wiki\/Vladilen_Viatcheslavovitch_L%C3%A9ontiev\">Vladilen Viatcheslavovitch L\u00e9ontiev<\/a><\/li>\n<\/ul>\n<\/div>\n<div class=\"mw-category-group\">\n<h3>Z<\/h3>\n<ul>\n<li><a title=\"Dmitri Zelenine\" href=\"https:\/\/fr.wikipedia.org\/wiki\/Dmitri_Zelenine\">Dmitri Zelenine<\/a><\/li>\n<li><a title=\"Eliakum Zunser\" href=\"https:\/\/fr.wikipedia.org\/wiki\/Eliakum_Zunser\">Eliakum Zunser<\/a><\/li>\n<\/ul>\n<\/div>\n<\/div>\n<\/div>\n<\/div>\n<\/div>\n<\/div>\n<div id=\"catlinks\" class=\"catlinks\" data-mw=\"interface\">\n<div id=\"mw-normal-catlinks\" class=\"mw-normal-catlinks\"><a title=\"Cat\u00e9gorie:Accueil\" href=\"https:\/\/fr.wikipedia.org\/wiki\/Cat%C3%A9gorie:Accueil\">Cat\u00e9gories<\/a>\u202f:\u00a0<\/p>\n<ul>\n<li><a title=\"Cat\u00e9gorie:Folkloriste par nationalit\u00e9\" href=\"https:\/\/fr.wikipedia.org\/wiki\/Cat%C3%A9gorie:Folkloriste_par_nationalit%C3%A9\">Folkloriste par nationalit\u00e9<\/a><\/li>\n<li><a title=\"Cat\u00e9gorie:Folklore russe\" href=\"https:\/\/fr.wikipedia.org\/wiki\/Cat%C3%A9gorie:Folklore_russe\">Folklore russe<\/a><\/li>\n<li><a title=\"Cat\u00e9gorie:Personnalit\u00e9 russe par profession\" href=\"https:\/\/fr.wikipedia.org\/wiki\/Cat%C3%A9gorie:Personnalit%C3%A9_russe_par_profession\">Personnalit\u00e9 russe par profession<\/a><\/li>\n<\/ul>\n<p><a id=\"mw-hidden-cats-link\" title=\"Cet article contient des cat\u00e9gories cach\u00e9es\"><\/a>[+]<\/div>\n<\/div>\n","protected":false},"excerpt":{"rendered":"<p>Image mise en avant : Portrait de Vladimir Dahl par\u00a0Vasily Perov,\u00a0Galerie Tretiakov. &nbsp; La Narratologie Le Formalisme Russe Vladimir Propp Alexandre Afanassiev Vladimir Dahl &nbsp; A Alexandre Afanassiev Nikola\u00ef Petrovitch Andreev (folkloriste) Vladimir Anikine Mark Azadovsky B Lev Barag Iouri Berezkine D Kircha Danilov I Pavel Iakouchkine J Viktor Jirmounsky Valentin Joukovski K Irina Karnaoukhova [&hellip;]<\/p>\n","protected":false},"author":1,"featured_media":17586,"parent":0,"menu_order":0,"comment_status":"closed","ping_status":"closed","template":"","meta":{"footnotes":""},"class_list":["post-17557","page","type-page","status-publish","has-post-thumbnail","hentry"],"_links":{"self":[{"href":"https:\/\/oraziopuglisi.art\/index.php\/wp-json\/wp\/v2\/pages\/17557","targetHints":{"allow":["GET"]}}],"collection":[{"href":"https:\/\/oraziopuglisi.art\/index.php\/wp-json\/wp\/v2\/pages"}],"about":[{"href":"https:\/\/oraziopuglisi.art\/index.php\/wp-json\/wp\/v2\/types\/page"}],"author":[{"embeddable":true,"href":"https:\/\/oraziopuglisi.art\/index.php\/wp-json\/wp\/v2\/users\/1"}],"replies":[{"embeddable":true,"href":"https:\/\/oraziopuglisi.art\/index.php\/wp-json\/wp\/v2\/comments?post=17557"}],"version-history":[{"count":8,"href":"https:\/\/oraziopuglisi.art\/index.php\/wp-json\/wp\/v2\/pages\/17557\/revisions"}],"predecessor-version":[{"id":19222,"href":"https:\/\/oraziopuglisi.art\/index.php\/wp-json\/wp\/v2\/pages\/17557\/revisions\/19222"}],"wp:featuredmedia":[{"embeddable":true,"href":"https:\/\/oraziopuglisi.art\/index.php\/wp-json\/wp\/v2\/media\/17586"}],"wp:attachment":[{"href":"https:\/\/oraziopuglisi.art\/index.php\/wp-json\/wp\/v2\/media?parent=17557"}],"curies":[{"name":"wp","href":"https:\/\/api.w.org\/{rel}","templated":true}]}}