{"id":17529,"date":"2025-07-19T14:12:57","date_gmt":"2025-07-19T12:12:57","guid":{"rendered":"https:\/\/oraziopuglisi.art\/?page_id=17529"},"modified":"2025-07-21T03:19:16","modified_gmt":"2025-07-21T01:19:16","slug":"arnaud-de-montebourg","status":"publish","type":"page","link":"https:\/\/oraziopuglisi.art\/index.php\/arnaud-de-montebourg\/","title":{"rendered":"Arnaud de Montebourg"},"content":{"rendered":"<p style=\"text-align: center;\">Arnaud Montebourg balance lui il en a&#8230;<\/p>\n<p><iframe loading=\"lazy\" title=\"Le prix de la trahison de la France ? Entre 10 et 15 mln, partage Arnaud Montebourg\" width=\"600\" height=\"338\" src=\"https:\/\/www.youtube.com\/embed\/_v5XCyPmHrQ?feature=oembed\" frameborder=\"0\" allow=\"accelerometer; autoplay; clipboard-write; encrypted-media; gyroscope; picture-in-picture; web-share\" referrerpolicy=\"strict-origin-when-cross-origin\" allowfullscreen><\/iframe><\/p>\n<p><iframe loading=\"lazy\" title=\"Arnaud Montebourg d\u00e9molit hauts fonctionnaires et administration en commission\" width=\"600\" height=\"338\" src=\"https:\/\/www.youtube.com\/embed\/1rL61a6qFIg?feature=oembed\" frameborder=\"0\" allow=\"accelerometer; autoplay; clipboard-write; encrypted-media; gyroscope; picture-in-picture; web-share\" referrerpolicy=\"strict-origin-when-cross-origin\" allowfullscreen><\/iframe><\/p>\n<p><iframe loading=\"lazy\" title=\"Podcast - Arnaud Montebourg : Changer de vie, mais pas de conviction\" width=\"600\" height=\"338\" src=\"https:\/\/www.youtube.com\/embed\/8h-hfZUVF2E?feature=oembed\" frameborder=\"0\" allow=\"accelerometer; autoplay; clipboard-write; encrypted-media; gyroscope; picture-in-picture; web-share\" referrerpolicy=\"strict-origin-when-cross-origin\" allowfullscreen><\/iframe><\/p>\n<p><iframe loading=\"lazy\" title=\"\u00c9nergie, souverainet\u00e9... Le coup de gueule d&#039;Arnaud Montebourg\" width=\"600\" height=\"338\" src=\"https:\/\/www.youtube.com\/embed\/wc76HNCvkKE?feature=oembed\" frameborder=\"0\" allow=\"accelerometer; autoplay; clipboard-write; encrypted-media; gyroscope; picture-in-picture; web-share\" referrerpolicy=\"strict-origin-when-cross-origin\" allowfullscreen><\/iframe><\/p>\n<p><iframe loading=\"lazy\" title=\"Arnaud Montebourg : &quot;Il faut monter plus de boites !&quot;\" width=\"600\" height=\"338\" src=\"https:\/\/www.youtube.com\/embed\/cBPIOq64x8o?feature=oembed\" frameborder=\"0\" allow=\"accelerometer; autoplay; clipboard-write; encrypted-media; gyroscope; picture-in-picture; web-share\" referrerpolicy=\"strict-origin-when-cross-origin\" allowfullscreen><\/iframe><\/p>\n<p><iframe loading=\"lazy\" title=\"Arnaud Montebourg est auditionn\u00e9 sur les freins \u00e0 la r\u00e9industrialisation de la France - 22\/05\/2025\" width=\"600\" height=\"338\" src=\"https:\/\/www.youtube.com\/embed\/BtOLTI44FZA?feature=oembed\" frameborder=\"0\" allow=\"accelerometer; autoplay; clipboard-write; encrypted-media; gyroscope; picture-in-picture; web-share\" referrerpolicy=\"strict-origin-when-cross-origin\" allowfullscreen><\/iframe><\/p>\n<p><iframe loading=\"lazy\" title=\"Aides aux grandes entreprises : audition d&#039;Arnaud Montebourg\" width=\"600\" height=\"338\" src=\"https:\/\/www.youtube.com\/embed\/qx-hetmkJ2c?feature=oembed\" frameborder=\"0\" allow=\"accelerometer; autoplay; clipboard-write; encrypted-media; gyroscope; picture-in-picture; web-share\" referrerpolicy=\"strict-origin-when-cross-origin\" allowfullscreen><\/iframe><\/p>\n<p><iframe loading=\"lazy\" title=\"Arnaud Montebourg - On n&#039;est pas couch\u00e9 25 fevrier 2012 #ONPC\" width=\"600\" height=\"450\" src=\"https:\/\/www.youtube.com\/embed\/3BdGvctt5dk?feature=oembed\" frameborder=\"0\" allow=\"accelerometer; autoplay; clipboard-write; encrypted-media; gyroscope; picture-in-picture; web-share\" referrerpolicy=\"strict-origin-when-cross-origin\" allowfullscreen><\/iframe><\/p>\n<p><iframe loading=\"lazy\" title=\"Arnaud Montebourg : audition de l\u2019ancien ministre du Redressement productif - 1\/03\/2023\" width=\"600\" height=\"338\" src=\"https:\/\/www.youtube.com\/embed\/NeFUdJfShzc?feature=oembed\" frameborder=\"0\" allow=\"accelerometer; autoplay; clipboard-write; encrypted-media; gyroscope; picture-in-picture; web-share\" referrerpolicy=\"strict-origin-when-cross-origin\" allowfullscreen><\/iframe><\/p>\n<p><iframe loading=\"lazy\" title=\"Arnaud Montebourg est auditionn\u00e9 \u00e0 l&#039;Assembl\u00e9e nationale - 20\/05\/2025\" width=\"600\" height=\"338\" src=\"https:\/\/www.youtube.com\/embed\/1OH5PqO_O1Q?feature=oembed\" frameborder=\"0\" allow=\"accelerometer; autoplay; clipboard-write; encrypted-media; gyroscope; picture-in-picture; web-share\" referrerpolicy=\"strict-origin-when-cross-origin\" allowfullscreen><\/iframe><\/p>\n<p><iframe loading=\"lazy\" title=\"L&#039;interview d&#039;Arnaud Montebourg en int\u00e9gralit\u00e9\" width=\"600\" height=\"338\" src=\"https:\/\/www.youtube.com\/embed\/xHhh7AnuJiU?feature=oembed\" frameborder=\"0\" allow=\"accelerometer; autoplay; clipboard-write; encrypted-media; gyroscope; picture-in-picture; web-share\" referrerpolicy=\"strict-origin-when-cross-origin\" allowfullscreen><\/iframe><\/p>\n<p><iframe loading=\"lazy\" title=\"TRAHISON DE NOS \u00ab \u00c9LITES \u00bb : UNE FRANCE VASSALIS\u00c9E PEUT-ELLE SURVIVRE ? - Arnaud Montebourg\" width=\"600\" height=\"338\" src=\"https:\/\/www.youtube.com\/embed\/svVOcrtVesU?feature=oembed\" frameborder=\"0\" allow=\"accelerometer; autoplay; clipboard-write; encrypted-media; gyroscope; picture-in-picture; web-share\" referrerpolicy=\"strict-origin-when-cross-origin\" allowfullscreen><\/iframe><\/p>\n<p><iframe loading=\"lazy\" title=\"Souverainet\u00e9 \u00e9nerg\u00e9tique de la France : &quot;Il faut se r\u00e9veiller&quot;, enjoint Arnaud Montebourg\" width=\"600\" height=\"338\" src=\"https:\/\/www.youtube.com\/embed\/Ca3FdfOM5-8?feature=oembed\" frameborder=\"0\" allow=\"accelerometer; autoplay; clipboard-write; encrypted-media; gyroscope; picture-in-picture; web-share\" referrerpolicy=\"strict-origin-when-cross-origin\" allowfullscreen><\/iframe><\/p>\n","protected":false},"excerpt":{"rendered":"<p>Arnaud Montebourg balance lui il en a&#8230;<\/p>\n","protected":false},"author":1,"featured_media":17543,"parent":0,"menu_order":0,"comment_status":"closed","ping_status":"closed","template":"","meta":{"footnotes":""},"class_list":["post-17529","page","type-page","status-publish","has-post-thumbnail","hentry"],"_links":{"self":[{"href":"https:\/\/oraziopuglisi.art\/index.php\/wp-json\/wp\/v2\/pages\/17529","targetHints":{"allow":["GET"]}}],"collection":[{"href":"https:\/\/oraziopuglisi.art\/index.php\/wp-json\/wp\/v2\/pages"}],"about":[{"href":"https:\/\/oraziopuglisi.art\/index.php\/wp-json\/wp\/v2\/types\/page"}],"author":[{"embeddable":true,"href":"https:\/\/oraziopuglisi.art\/index.php\/wp-json\/wp\/v2\/users\/1"}],"replies":[{"embeddable":true,"href":"https:\/\/oraziopuglisi.art\/index.php\/wp-json\/wp\/v2\/comments?post=17529"}],"version-history":[{"count":13,"href":"https:\/\/oraziopuglisi.art\/index.php\/wp-json\/wp\/v2\/pages\/17529\/revisions"}],"predecessor-version":[{"id":17544,"href":"https:\/\/oraziopuglisi.art\/index.php\/wp-json\/wp\/v2\/pages\/17529\/revisions\/17544"}],"wp:featuredmedia":[{"embeddable":true,"href":"https:\/\/oraziopuglisi.art\/index.php\/wp-json\/wp\/v2\/media\/17543"}],"wp:attachment":[{"href":"https:\/\/oraziopuglisi.art\/index.php\/wp-json\/wp\/v2\/media?parent=17529"}],"curies":[{"name":"wp","href":"https:\/\/api.w.org\/{rel}","templated":true}]}}