{"id":17522,"date":"2025-07-16T20:15:16","date_gmt":"2025-07-16T18:15:16","guid":{"rendered":"https:\/\/oraziopuglisi.art\/?page_id=17522"},"modified":"2025-08-10T17:06:55","modified_gmt":"2025-08-10T15:06:55","slug":"artemisia-gentileschi-2","status":"publish","type":"page","link":"https:\/\/oraziopuglisi.art\/index.php\/artemisia-gentileschi-2\/","title":{"rendered":"Artemisia Gentileschi"},"content":{"rendered":"<p><span style=\"font-size: 10px;\"><strong>Image mise en avant :<\/strong> <i><a title=\"Judith et sa servante (Gentileschi, Florence)\" href=\"https:\/\/fr.wikipedia.org\/wiki\/Judith_et_sa_servante_(Gentileschi,_Florence)\">Judith et sa servante<\/a><\/i>, vers 1618-1619, palais Pitti (Florence).<\/span><\/p>\n<p style=\"text-align: center;\"><a href=\"https:\/\/fr.wikipedia.org\/wiki\/Artemisia_Gentileschi\">Artemisia Gentileschi<\/a><\/p>\n<p style=\"text-align: justify;\"><b>Artemisia Gentileschi<\/b>, n\u00e9e le\u00a0<time class=\"nowrap bday\" datetime=\"1593-07-08\" data-sort-value=\"1593-07-08\">8 juillet 1593<\/time>\u00a0\u00e0\u00a0<a title=\"Rome\" href=\"https:\/\/fr.wikipedia.org\/wiki\/Rome\">Rome<\/a>\u00a0et morte \u00e0\u00a0<a title=\"Naples\" href=\"https:\/\/fr.wikipedia.org\/wiki\/Naples\">Naples<\/a>\u00a0vers\u00a0<a title=\"1656\" href=\"https:\/\/fr.wikipedia.org\/wiki\/1656\">1656<\/a>, est une\u00a0<a title=\"Artiste peintre\" href=\"https:\/\/fr.wikipedia.org\/wiki\/Artiste_peintre\">artiste peintre<\/a>\u00a0italienne de l&rsquo;<a title=\"Caravagisme\" href=\"https:\/\/fr.wikipedia.org\/wiki\/Caravagisme\">\u00e9cole caravagesque<\/a>.<\/p>\n<p>&nbsp;<\/p>\n<p><img loading=\"lazy\" decoding=\"async\" class=\"alignnone size-full wp-image-17526\" src=\"http:\/\/oraziopuglisi.art\/wp-content\/uploads\/2025\/07\/Judith-et-sa-servante-vers-1618-1619-Palais-Pitti-Florence.jpg\" alt=\"\" width=\"800\" height=\"1003\" srcset=\"https:\/\/oraziopuglisi.art\/wp-content\/uploads\/2025\/07\/Judith-et-sa-servante-vers-1618-1619-Palais-Pitti-Florence.jpg 800w, https:\/\/oraziopuglisi.art\/wp-content\/uploads\/2025\/07\/Judith-et-sa-servante-vers-1618-1619-Palais-Pitti-Florence-239x300.jpg 239w, https:\/\/oraziopuglisi.art\/wp-content\/uploads\/2025\/07\/Judith-et-sa-servante-vers-1618-1619-Palais-Pitti-Florence-768x963.jpg 768w, https:\/\/oraziopuglisi.art\/wp-content\/uploads\/2025\/07\/Judith-et-sa-servante-vers-1618-1619-Palais-Pitti-Florence-508x637.jpg 508w\" sizes=\"auto, (max-width: 800px) 100vw, 800px\" \/><\/p>\n<p>&nbsp;<\/p>\n<p style=\"text-align: justify;\">Vivant dans la premi\u00e8re moiti\u00e9 du\u00a0<abbr class=\"abbr\" title=\"17\u1d49 si\u00e8cle\"><span class=\"romain\">XVII<\/span><sup>e<\/sup><\/abbr>\u00a0si\u00e8cle, sa m\u00e8re meurt alors qu&rsquo;elle est tr\u00e8s jeune et elle est \u00e9lev\u00e9e seule par son p\u00e8re qui se rend compte rapidement de son talent. Elle reprend de son p\u00e8re\u00a0<a title=\"Orazio Gentileschi\" href=\"https:\/\/fr.wikipedia.org\/wiki\/Orazio_Gentileschi\">Orazio<\/a>\u00a0la rigueur du dessin en lui ajoutant une accentuation dramatique h\u00e9rit\u00e9e de l&rsquo;\u0153uvre du\u00a0<a title=\"Le Caravage\" href=\"https:\/\/fr.wikipedia.org\/wiki\/Le_Caravage\">Caravage<\/a>\u00a0et charg\u00e9e d&rsquo;effets th\u00e9\u00e2traux, ce qui contribua \u00e0 la diffusion du caravagisme \u00e0 Naples, ville dans laquelle elle s&rsquo;installe en 1630. Elle devient une\u00a0<a title=\"Peintre de cour\" href=\"https:\/\/fr.wikipedia.org\/wiki\/Peintre_de_cour\">peintre de cour<\/a>\u00a0\u00e0 succ\u00e8s, sous le patronage des\u00a0<a title=\"Maison de M\u00e9dicis\" href=\"https:\/\/fr.wikipedia.org\/wiki\/Maison_de_M%C3%A9dicis\">M\u00e9dicis<\/a>\u00a0et du\u00a0<a class=\"mw-redirect\" title=\"Roi d'Angleterre\" href=\"https:\/\/fr.wikipedia.org\/wiki\/Roi_d%27Angleterre\">roi d&rsquo;Angleterre<\/a>\u00a0<a title=\"Charles Ier (roi d'Angleterre)\" href=\"https:\/\/fr.wikipedia.org\/wiki\/Charles_Ier_(roi_d%27Angleterre)\">Charles\u00a0<abbr class=\"abbr\" title=\"premier\"><span class=\"romain\">I<\/span><sup>er<\/sup><\/abbr><\/a>.<\/p>\n<p style=\"text-align: justify;\">Remarquablement dou\u00e9e et aujourd&rsquo;hui consid\u00e9r\u00e9e comme l&rsquo;une des premi\u00e8res peintres\u00a0<a title=\"Baroque\" href=\"https:\/\/fr.wikipedia.org\/wiki\/Baroque\">baroques<\/a>, l&rsquo;une des plus accomplies de sa g\u00e9n\u00e9ration, elle s&rsquo;impose par son art \u00e0 une \u00e9poque o\u00f9 les\u00a0<a title=\"Femme peintre\" href=\"https:\/\/fr.wikipedia.org\/wiki\/Femme_peintre\">femmes peintres<\/a>\u00a0ne sont pas facilement accept\u00e9es. Elle est \u00e9galement l&rsquo;une des premi\u00e8res femmes \u00e0 peindre des sujets historiques et religieux. Elle a laiss\u00e9 d&rsquo;elle un\u00a0<a title=\"Autoportrait\" href=\"https:\/\/fr.wikipedia.org\/wiki\/Autoportrait\">autoportrait<\/a>\u00a0d&rsquo;une grande vigueur qui d\u00e9note une ma\u00eetrise consomm\u00e9e de son art. \u00c0 la date d&rsquo;octobre 2022, 61 tableaux lui sont attribu\u00e9s<sup id=\"cite_ref-nyt_1-0\" class=\"reference\"><a href=\"https:\/\/fr.wikipedia.org\/wiki\/Artemisia_Gentileschi#cite_note-nyt-1\"><span class=\"cite-bracket\">[<\/span>1<span class=\"cite-bracket\">]<\/span><\/a><\/sup>.<\/p>\n<p style=\"text-align: justify;\">En 1611, le peintre\u00a0<a title=\"Agostino Tassi\" href=\"https:\/\/fr.wikipedia.org\/wiki\/Agostino_Tassi\">Agostino Tassi<\/a>\u00a0la\u00a0<a title=\"Viol\" href=\"https:\/\/fr.wikipedia.org\/wiki\/Viol\">viole<\/a>. Son p\u00e8re porte plainte l&rsquo;ann\u00e9e suivante pour sauver son propre honneur et permettre \u00e0 sa fille de poursuivre son travail d&rsquo;artiste. Marqu\u00e9e par le proc\u00e8s humiliant qui s&rsquo;ensuivit, elle aurait d\u00e9velopp\u00e9 dans ce drame certains traits marquants de son \u0153uvre, tels que l&rsquo;obscurit\u00e9 et la violence graphique qui s&rsquo;y d\u00e9ploient, en particulier dans le\u00a0<a title=\"Judith d\u00e9capitant Holopherne (Gentileschi, Florence)\" href=\"https:\/\/fr.wikipedia.org\/wiki\/Judith_d%C3%A9capitant_Holopherne_(Gentileschi,_Florence)\">tableau c\u00e9l\u00e8bre<\/a>\u00a0qui montre\u00a0<a title=\"Judith d\u00e9capitant Holopherne\" href=\"https:\/\/fr.wikipedia.org\/wiki\/Judith_d%C3%A9capitant_Holopherne\">Judith d\u00e9capitant Holopherne<\/a><sup id=\"cite_ref-2\" class=\"reference\"><a href=\"https:\/\/fr.wikipedia.org\/wiki\/Artemisia_Gentileschi#cite_note-2\"><span class=\"cite-bracket\">[<\/span>2<span class=\"cite-bracket\">]<\/span><\/a><\/sup>. Nombre de ses peintures expriment un point de vue f\u00e9minin et d\u00e9noncent une violence masculine exerc\u00e9e sur les femmes. Ce parti pris artistique ainsi que sa carri\u00e8re brillante en font une figure admir\u00e9e par les\u00a0<a title=\"F\u00e9minisme\" href=\"https:\/\/fr.wikipedia.org\/wiki\/F%C3%A9minisme\">mouvements f\u00e9ministes<\/a>\u00a0\u00e0 l&rsquo;\u00e9poque contemporaine.<\/p>\n<div class=\"mw-heading mw-heading2\">\n<h2 id=\"Biographie\" style=\"text-align: justify;\">\u00a0<\/h2>\n<\/div>\n","protected":false},"excerpt":{"rendered":"<p>Image mise en avant : Judith et sa servante, vers 1618-1619, palais Pitti (Florence). Artemisia Gentileschi Artemisia Gentileschi, n\u00e9e le\u00a08 juillet 1593\u00a0\u00e0\u00a0Rome\u00a0et morte \u00e0\u00a0Naples\u00a0vers\u00a01656, est une\u00a0artiste peintre\u00a0italienne de l&rsquo;\u00e9cole caravagesque. &nbsp; &nbsp; Vivant dans la premi\u00e8re moiti\u00e9 du\u00a0XVIIe\u00a0si\u00e8cle, sa m\u00e8re meurt alors qu&rsquo;elle est tr\u00e8s jeune et elle est \u00e9lev\u00e9e seule par son p\u00e8re qui [&hellip;]<\/p>\n","protected":false},"author":1,"featured_media":17526,"parent":0,"menu_order":0,"comment_status":"closed","ping_status":"closed","template":"","meta":{"footnotes":""},"class_list":["post-17522","page","type-page","status-publish","has-post-thumbnail","hentry"],"_links":{"self":[{"href":"https:\/\/oraziopuglisi.art\/index.php\/wp-json\/wp\/v2\/pages\/17522","targetHints":{"allow":["GET"]}}],"collection":[{"href":"https:\/\/oraziopuglisi.art\/index.php\/wp-json\/wp\/v2\/pages"}],"about":[{"href":"https:\/\/oraziopuglisi.art\/index.php\/wp-json\/wp\/v2\/types\/page"}],"author":[{"embeddable":true,"href":"https:\/\/oraziopuglisi.art\/index.php\/wp-json\/wp\/v2\/users\/1"}],"replies":[{"embeddable":true,"href":"https:\/\/oraziopuglisi.art\/index.php\/wp-json\/wp\/v2\/comments?post=17522"}],"version-history":[{"count":4,"href":"https:\/\/oraziopuglisi.art\/index.php\/wp-json\/wp\/v2\/pages\/17522\/revisions"}],"predecessor-version":[{"id":17527,"href":"https:\/\/oraziopuglisi.art\/index.php\/wp-json\/wp\/v2\/pages\/17522\/revisions\/17527"}],"wp:featuredmedia":[{"embeddable":true,"href":"https:\/\/oraziopuglisi.art\/index.php\/wp-json\/wp\/v2\/media\/17526"}],"wp:attachment":[{"href":"https:\/\/oraziopuglisi.art\/index.php\/wp-json\/wp\/v2\/media?parent=17522"}],"curies":[{"name":"wp","href":"https:\/\/api.w.org\/{rel}","templated":true}]}}