{"id":17431,"date":"2025-07-15T15:29:53","date_gmt":"2025-07-15T13:29:53","guid":{"rendered":"https:\/\/oraziopuglisi.art\/?page_id=17431"},"modified":"2025-07-15T15:32:25","modified_gmt":"2025-07-15T13:32:25","slug":"anna-banti","status":"publish","type":"page","link":"https:\/\/oraziopuglisi.art\/index.php\/anna-banti\/","title":{"rendered":"Anna Banti"},"content":{"rendered":"<p style=\"text-align: center;\"><a href=\"https:\/\/fr.wikipedia.org\/wiki\/Anna_Banti\">Anna Banti<\/a><\/p>\n<p style=\"text-align: justify;\"><img loading=\"lazy\" decoding=\"async\" class=\"size-full wp-image-17434 aligncenter\" src=\"http:\/\/oraziopuglisi.art\/wp-content\/uploads\/2025\/07\/Anna_Banti.jpg\" alt=\"\" width=\"330\" height=\"165\" srcset=\"https:\/\/oraziopuglisi.art\/wp-content\/uploads\/2025\/07\/Anna_Banti.jpg 330w, https:\/\/oraziopuglisi.art\/wp-content\/uploads\/2025\/07\/Anna_Banti-300x150.jpg 300w\" sizes=\"auto, (max-width: 330px) 100vw, 330px\" \/><\/p>\n<p style=\"text-align: justify;\"><b>Anna Banti<\/b>\u00a0(n\u00e9e\u00a0<b>Lucia Lopresti<\/b>\u00a0;\u00a0<a title=\"Florence\" href=\"https:\/\/fr.wikipedia.org\/wiki\/Florence\">Florence<\/a>,\u00a0<time class=\"nowrap date-lien bday\" datetime=\"1895-06-27\" data-sort-value=\"1895-06-27\"><a title=\"27 juin\" href=\"https:\/\/fr.wikipedia.org\/wiki\/27_juin\">27<\/a>\u00a0<a title=\"Juin 1895\" href=\"https:\/\/fr.wikipedia.org\/wiki\/Juin_1895\">juin<\/a>\u00a0<a title=\"1895 en litt\u00e9rature\" href=\"https:\/\/fr.wikipedia.org\/wiki\/1895_en_litt%C3%A9rature\">1895<\/a><\/time>\u00a0&#8211;\u00a0<a title=\"Massa (Italie)\" href=\"https:\/\/fr.wikipedia.org\/wiki\/Massa_(Italie)\">Ronchi di Massa<\/a>,\u00a0<time class=\"nowrap date-lien dday\" datetime=\"1985-09-02\" data-sort-value=\"1985-09-02\"><a title=\"2 septembre\" href=\"https:\/\/fr.wikipedia.org\/wiki\/2_septembre\">2<\/a>\u00a0<a title=\"Septembre 1985\" href=\"https:\/\/fr.wikipedia.org\/wiki\/Septembre_1985\">septembre<\/a>\u00a0<a title=\"1985 en litt\u00e9rature\" href=\"https:\/\/fr.wikipedia.org\/wiki\/1985_en_litt%C3%A9rature\">1985<\/a><\/time>) est une\u00a0<a title=\"Histoire de l'art\" href=\"https:\/\/fr.wikipedia.org\/wiki\/Histoire_de_l%27art\">historienne<\/a>,\u00a0<a title=\"Critique d'art\" href=\"https:\/\/fr.wikipedia.org\/wiki\/Critique_d%27art\">critique d&rsquo;art<\/a>,\u00a0<a title=\"Romancier\" href=\"https:\/\/fr.wikipedia.org\/wiki\/Romancier\">romanci\u00e8re<\/a>\u00a0et\u00a0<a title=\"Traduction\" href=\"https:\/\/fr.wikipedia.org\/wiki\/Traduction\">traductrice<\/a>\u00a0<a title=\"Italie\" href=\"https:\/\/fr.wikipedia.org\/wiki\/Italie\">italienne<\/a>.<\/p>\n<p style=\"text-align: justify;\">Elle traduisit de l&rsquo;anglais de nombreux ouvrages et en particulier\u00a0<i>Les m\u00e9moires de Barry Lyndon<\/i>\u00a0de\u00a0<a title=\"William Makepeace Thackeray\" href=\"https:\/\/fr.wikipedia.org\/wiki\/William_Makepeace_Thackeray\">William Makepeace Thackeray<\/a>.<\/p>\n<p style=\"text-align: justify;\">Son roman le plus c\u00e9l\u00e8bre est\u00a0<i>Artemisia<\/i>\u00a0(1947), inspir\u00e9 de la vie d&rsquo;<a title=\"Artemisia Gentileschi\" href=\"https:\/\/fr.wikipedia.org\/wiki\/Artemisia_Gentileschi\">Artemisia Gentileschi<\/a>.<\/p>\n<div class=\"mw-heading mw-heading2\" style=\"text-align: justify;\">\n<h2 id=\"Biographie\">Biographie<\/h2>\n<\/div>\n<p style=\"text-align: justify;\">Anna Banti \u00e9pousa en\u00a0<a title=\"1924\" href=\"https:\/\/fr.wikipedia.org\/wiki\/1924\">1924<\/a>, l&rsquo;historien de l&rsquo;art italien\u00a0<a title=\"Roberto Longhi\" href=\"https:\/\/fr.wikipedia.org\/wiki\/Roberto_Longhi\">Roberto Longhi<\/a>, qu&rsquo;elle avait rencontr\u00e9 pendant leurs \u00e9tudes \u00e0\u00a0<a title=\"Rome\" href=\"https:\/\/fr.wikipedia.org\/wiki\/Rome\">Rome<\/a>\u00a0au\u00a0<i>liceo Visconti<\/i>\u00a0et avec qui elle cr\u00e9a la revue\u00a0<i>Paragone<\/i>, dont elle dirigera les sections litt\u00e9raires jusqu&rsquo;\u00e0 la mort de son mari.<\/p>\n<p style=\"text-align: justify;\">Ses nouvelles allient volontiers le fantastique et l\u2019histoire.<\/p>\n<blockquote>\n<p>\u00ab\u00a0L\u2019homme aim\u00e9 est aussi et d\u2019abord le Ma\u00eetre, celui auquel on sacrifie jusqu\u2019\u00e0 sa vocation, en l\u2019occurrence l\u2019histoire de l\u2019art, pour la compensation d\u00e9risoire de l\u2019\u00e9criture litt\u00e9raire\u00a0\u00bb<\/p>\n<\/blockquote>\n<p style=\"text-align: justify;\">\u2014\u00a0son auto-analyse dans son r\u00e9cit autobiographique\u00a0<i>Un grido lacerante<\/i>\u00a0(1981), r\u00e9cit inspir\u00e9 par la mort de Longhi.<\/p>\n<p style=\"text-align: justify;\">Outre son roman biographique sur\u00a0<a title=\"Artemisia Gentileschi\" href=\"https:\/\/fr.wikipedia.org\/wiki\/Artemisia_Gentileschi\">Artemisia Gentileschi<\/a>, Anna Banti a \u00e9crit plusieurs textes de\u00a0<a title=\"Science-fiction f\u00e9ministe\" href=\"https:\/\/fr.wikipedia.org\/wiki\/Science-fiction_f%C3%A9ministe\">science-fiction f\u00e9ministe<\/a>, comme\u00a0<i>Le Donne Muoiono,<\/i>\u00a0dont l&rsquo;histoire se passe au\u00a0<abbr class=\"abbr\" title=\"21\u1d49 si\u00e8cle\"><span class=\"romain\">XXI<\/span><sup>e<\/sup><\/abbr>\u00a0si\u00e8cle. Les hommes ont d\u00e9couvert une seconde m\u00e9moire qui leur permet de se rappeler leurs vies ant\u00e9rieures, alors que les femmes n&rsquo;ont pas ce privil\u00e8ge et sont donc condamn\u00e9es \u00e0 mourir sans r\u00e9incarnation<sup id=\"cite_ref-1\" class=\"reference\"><a href=\"https:\/\/fr.wikipedia.org\/wiki\/Anna_Banti#cite_note-1\"><span class=\"cite-bracket\">[<\/span>1<span class=\"cite-bracket\">]<\/span><\/a><\/sup>. Le texte a re\u00e7u le\u00a0<a title=\"Prix Viareggio\" href=\"https:\/\/fr.wikipedia.org\/wiki\/Prix_Viareggio\">prix Viareggio<\/a><sup id=\"cite_ref-2\" class=\"reference\"><a href=\"https:\/\/fr.wikipedia.org\/wiki\/Anna_Banti#cite_note-2\"><span class=\"cite-bracket\">[<\/span>2<span class=\"cite-bracket\">]<\/span><\/a><\/sup>.<\/p>\n<div class=\"mw-heading mw-heading2\" style=\"text-align: justify;\">\n<h2 id=\"\u00c9crits\"><span id=\".C3.89crits\"><\/span>\u00c9crits<\/h2>\n<\/div>\n<div class=\"mw-heading mw-heading3\" style=\"text-align: justify;\">\n<h3 id=\"Narratifs\">Narratifs<\/h3>\n<\/div>\n<ul style=\"text-align: justify;\">\n<li><i>Itinerario di Paolina<\/i>\u00a0(1937), Rome<\/li>\n<li><i>Il Coraggio delle Donne<\/i>\u00a0(1940), Florence<\/li>\n<li><i>Sette Lune<\/i>\u00a0(1941), Milan<\/li>\n<li><i>Le monache cantano<\/i>\u00a0(1942), Rome<\/li>\n<li><i>Artemisia<\/i>\u00a0(1947), Florence, r\u00e9\u00e9dit\u00e9 en 1969 dans\u00a0<i>Due Storie<\/i>\u00a0et en 1974<\/li>\n<li><i>Le Donne Muoiono<\/i>\u00a0(1951), Milan<\/li>\n<li><i>Il Bastardo<\/i>\u00a0(1953), Florence<\/li>\n<li><i>Allarme sul Lago<\/i>\u00a0(1954), Milan<\/li>\n<li><i>La Monaca di Sciangai<\/i>\u00a0(1957), Milan,\u00a0<a class=\"mw-redirect\" title=\"Prix Charles Veillon\" href=\"https:\/\/fr.wikipedia.org\/wiki\/Prix_Charles_Veillon\">Prix Charles Veillon<\/a><\/li>\n<li><i>La casa piccola<\/i>\u00a0(1961), Milan<\/li>\n<li><i>Le mosche d&rsquo;oro<\/i>\u00a0(1962), Milan<\/li>\n<li><i>Campi Elisi<\/i>\u00a0(1963), Milan<\/li>\n<li><i>Noi credevamo<\/i>\u00a0(1967), Milan<\/li>\n<li><i>Je vous \u00e9cris d\u2019un pays lointain<\/i>, (1971), Milan<\/li>\n<li><i>La Camicia bruciata<\/i>\u00a0(1973), Milan<\/li>\n<li><i>Da un paese vicino<\/i>\u00a0(1975), Milan<\/li>\n<li><i>Un Grido Lacerante<\/i>\u00a0(1981) (finaliste au\u00a0<i>Premio Campiello<\/i>).<\/li>\n<\/ul>\n<div class=\"mw-heading mw-heading3\" style=\"text-align: justify;\">\n<h3 id=\"\u00c9tudes\"><span id=\".C3.89tudes\"><\/span>\u00c9tudes<\/h3>\n<\/div>\n<ul style=\"text-align: justify;\">\n<li><i>Opinioni<\/i>\u00a0(1961), Milan<\/li>\n<li><i><a title=\"Matilde Serao\" href=\"https:\/\/fr.wikipedia.org\/wiki\/Matilde_Serao\">Matilde Serao<\/a><\/i>\u00a0(1965), Turin<\/li>\n<\/ul>\n<div class=\"mw-heading mw-heading3\" style=\"text-align: justify;\">\n<h3 id=\"Histoire_de_l'art\"><span id=\"Histoire_de_l.27art\"><\/span>Histoire de l&rsquo;art<\/h3>\n<\/div>\n<ul style=\"text-align: justify;\">\n<li><i><a title=\"Lorenzo Lotto\" href=\"https:\/\/fr.wikipedia.org\/wiki\/Lorenzo_Lotto\">Lorenzo Lotto<\/a><\/i>\u00a0(1953),<\/li>\n<li><i><a title=\"Fra Angelico\" href=\"https:\/\/fr.wikipedia.org\/wiki\/Fra_Angelico\">Fra Angelico<\/a><\/i>\u00a0(1953),<\/li>\n<li><i><a class=\"mw-redirect\" title=\"Diego Velasquez\" href=\"https:\/\/fr.wikipedia.org\/wiki\/Diego_Velasquez\">Diego Velasquez<\/a><\/i>\u00a0(1955),<\/li>\n<li><i><a title=\"Claude Monet\" href=\"https:\/\/fr.wikipedia.org\/wiki\/Claude_Monet\">Claude Monet<\/a><\/i>\u00a0(1956),<\/li>\n<li><i><a title=\"Giovanni da San Giovanni\" href=\"https:\/\/fr.wikipedia.org\/wiki\/Giovanni_da_San_Giovanni\">Giovanni da San Giovanni<\/a>, pittore della contradizione<\/i>\u00a0(1977).<\/li>\n<\/ul>\n<div class=\"mw-heading mw-heading3\" style=\"text-align: justify;\">\n<h3 id=\"Auteurs_traduits\">Auteurs traduits<\/h3>\n<\/div>\n<ul style=\"text-align: justify;\">\n<li><a title=\"Jane Austen\" href=\"https:\/\/fr.wikipedia.org\/wiki\/Jane_Austen\">Jane Austen<\/a>,<\/li>\n<li><a title=\"Jack London\" href=\"https:\/\/fr.wikipedia.org\/wiki\/Jack_London\">Jack London<\/a>,<\/li>\n<li><a title=\"William Makepeace Thackeray\" href=\"https:\/\/fr.wikipedia.org\/wiki\/William_Makepeace_Thackeray\">William Thackeray<\/a>,<\/li>\n<li><a title=\"Virginia Woolf\" href=\"https:\/\/fr.wikipedia.org\/wiki\/Virginia_Woolf\">Virginia Woolf<\/a>,<\/li>\n<li><a title=\"Andr\u00e9 Chastel\" href=\"https:\/\/fr.wikipedia.org\/wiki\/Andr%C3%A9_Chastel\">Andr\u00e9 Chastel<\/a>,<\/li>\n<li><a title=\"Colette\" href=\"https:\/\/fr.wikipedia.org\/wiki\/Colette\">Colette<\/a>,<\/li>\n<li><a title=\"Alain-Fournier\" href=\"https:\/\/fr.wikipedia.org\/wiki\/Alain-Fournier\">Alain-Fournier<\/a>,<\/li>\n<li><a title=\"Daniel Defoe\" href=\"https:\/\/fr.wikipedia.org\/wiki\/Daniel_Defoe\">Daniel Defoe<\/a>,<\/li>\n<li><a title=\"Francis Carco\" href=\"https:\/\/fr.wikipedia.org\/wiki\/Francis_Carco\">Francis Carco<\/a>.<\/li>\n<\/ul>\n<div class=\"mw-heading mw-heading2\" style=\"text-align: justify;\">\n<h2 id=\"Notes_et_r\u00e9f\u00e9rences\"><span id=\"Notes_et_r.C3.A9f.C3.A9rences\"><\/span>Notes et r\u00e9f\u00e9rences<\/h2>\n<\/div>\n<ul style=\"text-align: justify;\">\n<li><abbr class=\"abbr indicateur-langue\" title=\"Langue : italien\">(it)<\/abbr>\u00a0Cet article est partiellement ou en totalit\u00e9 issu de l\u2019article de Wikip\u00e9dia en italien intitul\u00e9\u00a0<span class=\"plainlinks\">\u00ab\u00a0<a class=\"external text\" href=\"https:\/\/it.wikipedia.org\/wiki\/Anna_Banti?oldid=13377588\">Anna Banti<\/a>\u00a0\u00bb\u00a0<small>(<a class=\"external text\" href=\"https:\/\/it.wikipedia.org\/wiki\/Anna_Banti?action=history\">voir la liste des auteurs<\/a>)<\/small><\/span>.<\/li>\n<\/ul>\n<div class=\"references-small decimal\" style=\"text-align: justify;\">\n<div class=\"mw-references-wrap\">\n<ol class=\"references\">\n<li id=\"cite_note-1\"><span class=\"reference-text\"><span id=\"Wood1995\" class=\"ouvrage\"><span id=\"Sharon_Wood1995\" class=\"ouvrage\"><abbr class=\"abbr indicateur-langue\" title=\"Langue : anglais\">(en)<\/abbr>\u00a0Sharon\u00a0<span class=\"nom_auteur\">Wood<\/span>,\u00a0<cite class=\"italique\" lang=\"en\">Italian Women&rsquo;s Writing, 1860-1994<\/cite>, A&amp;C Black,\u00a0<time class=\"nowrap\" datetime=\"1995-01-01\" data-sort-value=\"1995-01-01\"><abbr class=\"abbr\" title=\"premier\">1<sup>er<\/sup><\/abbr>\u00a0janvier 1995<\/time>\u00a0<small>(<a title=\"International Standard Book Number\" href=\"https:\/\/fr.wikipedia.org\/wiki\/International_Standard_Book_Number\">ISBN<\/a>\u00a0<a title=\"Sp\u00e9cial:Ouvrages de r\u00e9f\u00e9rence\/978-0-485-91002-5\" href=\"https:\/\/fr.wikipedia.org\/wiki\/Sp%C3%A9cial:Ouvrages_de_r%C3%A9f%C3%A9rence\/978-0-485-91002-5\"><span class=\"nowrap\">978-0-485-91002-5<\/span><\/a>,\u00a0<a class=\"external text\" href=\"https:\/\/books.google.ch\/books?id=qRuAkFDJ_OwC&amp;pg=PA123&amp;dq=Anna+Banti+science+fiction&amp;hl=fr&amp;sa=X&amp;ved=2ahUKEwjLk5rov479AhVqi_0HHQBXBz0Q6AF6BAhfEAI#v=onepage&amp;q=Anna%20Banti%20science%20fiction&amp;f=false\" rel=\"nofollow\">lire en ligne<\/a><small class=\"cachelinks\">\u00a0[<a title=\"archive sur Wikiwix\" href=\"https:\/\/archive.wikiwix.com\/cache\/?url=https%3A%2F%2Fbooks.google.ch%2Fbooks%3Fid%3DqRuAkFDJ_OwC%26pg%3DPA123%26dq%3DAnna%2BBanti%2Bscience%2Bfiction%26hl%3Dfr%26sa%3DX%26ved%3D2ahUKEwjLk5rov479AhVqi_0HHQBXBz0Q6AF6BAhfEAI%23v%3Donepage%26q%3DAnna%2520Banti%2520science%2520fiction%26f%3Dfalse\">archive<\/a>]<\/small>)<\/small><\/span><\/span><\/span><\/li>\n<li id=\"cite_note-2\"><span class=\"reference-text\"><span id=\"Russell1994\" class=\"ouvrage\"><span id=\"Rinaldina_Russell1994\" class=\"ouvrage\"><abbr class=\"abbr indicateur-langue\" title=\"Langue : anglais\">(en)<\/abbr>\u00a0Rinaldina\u00a0<span class=\"nom_auteur\">Russell<\/span>,\u00a0<cite class=\"italique\" lang=\"en\">Italian Women Writers: A Bio-bibliographical Sourcebook<\/cite>, Greenwood Publishing Group,\u00a0<time>1994<\/time>\u00a0<small>(<a title=\"International Standard Book Number\" href=\"https:\/\/fr.wikipedia.org\/wiki\/International_Standard_Book_Number\">ISBN<\/a>\u00a0<a title=\"Sp\u00e9cial:Ouvrages de r\u00e9f\u00e9rence\/978-0-313-28347-5\" href=\"https:\/\/fr.wikipedia.org\/wiki\/Sp%C3%A9cial:Ouvrages_de_r%C3%A9f%C3%A9rence\/978-0-313-28347-5\"><span class=\"nowrap\">978-0-313-28347-5<\/span><\/a>,\u00a0<a class=\"external text\" href=\"https:\/\/books.google.ch\/books?id=AxDbPQrjs64C&amp;pg=PA37&amp;dq=Anna+Banti+science+fiction&amp;hl=fr&amp;sa=X&amp;ved=2ahUKEwjLk5rov479AhVqi_0HHQBXBz0Q6AF6BAhkEAI#v=onepage&amp;q=Anna%20Banti%20science%20fiction&amp;f=false\" rel=\"nofollow\">lire en ligne<\/a><small class=\"cachelinks\">\u00a0[<a title=\"archive sur Wikiwix\" href=\"https:\/\/archive.wikiwix.com\/cache\/?url=https%3A%2F%2Fbooks.google.ch%2Fbooks%3Fid%3DAxDbPQrjs64C%26pg%3DPA37%26dq%3DAnna%2BBanti%2Bscience%2Bfiction%26hl%3Dfr%26sa%3DX%26ved%3D2ahUKEwjLk5rov479AhVqi_0HHQBXBz0Q6AF6BAhkEAI%23v%3Donepage%26q%3DAnna%2520Banti%2520science%2520fiction%26f%3Dfalse\">archive<\/a>]<\/small>)<\/small><\/span><\/span><\/span><\/li>\n<\/ol>\n<\/div>\n<\/div>\n<div class=\"mw-heading mw-heading2\" style=\"text-align: justify;\">\n<h2 id=\"Annexes\">Annexes<\/h2>\n<\/div>\n<div class=\"mw-heading mw-heading3\" style=\"text-align: justify;\">\n<h3 id=\"Bibliographie\">Bibliographie<\/h3>\n<\/div>\n<ul>\n<li style=\"text-align: justify;\"><abbr class=\"abbr indicateur-langue\" title=\"Langue : italien\">(it)<\/abbr>\u00a0Isabella di Vicenzo,\u00a0<i>La Filosofia del Dolore nell&rsquo;Opera di Anna Banti<\/i>\u00a0<a class=\"external text\" href=\"http:\/\/archivio.il-margine.it\/archivio\/1999\/f10.htm\" rel=\"nofollow\">archivio.il-margine.it<\/a><small class=\"cachelinks\">\u00a0[<a title=\"archive sur Wikiwix\" href=\"https:\/\/archive.wikiwix.com\/cache\/?url=http%3A%2F%2Farchivio.il-margine.it%2Farchivio%2F1999%2Ff10.htm\">archive<\/a>]<\/small><\/li>\n<li style=\"text-align: justify;\">Emmanuela Genesio,\u00a0<i>Anna Banti et Artemisia Gentileschi. Une rencontre entre r\u00e9cit et peinture.<\/i>, Marges 03, revue des arts plastiques et d&rsquo;esth\u00e9tique, Universit\u00e9 Paris 8, France.<\/li>\n<li style=\"text-align: justify;\"><abbr class=\"abbr indicateur-langue\" title=\"Langue : anglais\">(en)<\/abbr>\u00a0Thomas E. Peterson,\u00a0<i>Of the Barony: Anna Banti and the Time of Decision<\/i>.<\/li>\n<\/ul>\n","protected":false},"excerpt":{"rendered":"<p>Anna Banti Anna Banti\u00a0(n\u00e9e\u00a0Lucia Lopresti\u00a0;\u00a0Florence,\u00a027\u00a0juin\u00a01895\u00a0&#8211;\u00a0Ronchi di Massa,\u00a02\u00a0septembre\u00a01985) est une\u00a0historienne,\u00a0critique d&rsquo;art,\u00a0romanci\u00e8re\u00a0et\u00a0traductrice\u00a0italienne. Elle traduisit de l&rsquo;anglais de nombreux ouvrages et en particulier\u00a0Les m\u00e9moires de Barry Lyndon\u00a0de\u00a0William Makepeace Thackeray. Son roman le plus c\u00e9l\u00e8bre est\u00a0Artemisia\u00a0(1947), inspir\u00e9 de la vie d&rsquo;Artemisia Gentileschi. Biographie Anna Banti \u00e9pousa en\u00a01924, l&rsquo;historien de l&rsquo;art italien\u00a0Roberto Longhi, qu&rsquo;elle avait rencontr\u00e9 pendant leurs \u00e9tudes \u00e0\u00a0Rome\u00a0au\u00a0liceo [&hellip;]<\/p>\n","protected":false},"author":1,"featured_media":17434,"parent":0,"menu_order":0,"comment_status":"closed","ping_status":"closed","template":"","meta":{"footnotes":""},"class_list":["post-17431","page","type-page","status-publish","has-post-thumbnail","hentry"],"_links":{"self":[{"href":"https:\/\/oraziopuglisi.art\/index.php\/wp-json\/wp\/v2\/pages\/17431","targetHints":{"allow":["GET"]}}],"collection":[{"href":"https:\/\/oraziopuglisi.art\/index.php\/wp-json\/wp\/v2\/pages"}],"about":[{"href":"https:\/\/oraziopuglisi.art\/index.php\/wp-json\/wp\/v2\/types\/page"}],"author":[{"embeddable":true,"href":"https:\/\/oraziopuglisi.art\/index.php\/wp-json\/wp\/v2\/users\/1"}],"replies":[{"embeddable":true,"href":"https:\/\/oraziopuglisi.art\/index.php\/wp-json\/wp\/v2\/comments?post=17431"}],"version-history":[{"count":2,"href":"https:\/\/oraziopuglisi.art\/index.php\/wp-json\/wp\/v2\/pages\/17431\/revisions"}],"predecessor-version":[{"id":17435,"href":"https:\/\/oraziopuglisi.art\/index.php\/wp-json\/wp\/v2\/pages\/17431\/revisions\/17435"}],"wp:featuredmedia":[{"embeddable":true,"href":"https:\/\/oraziopuglisi.art\/index.php\/wp-json\/wp\/v2\/media\/17434"}],"wp:attachment":[{"href":"https:\/\/oraziopuglisi.art\/index.php\/wp-json\/wp\/v2\/media?parent=17431"}],"curies":[{"name":"wp","href":"https:\/\/api.w.org\/{rel}","templated":true}]}}