{"id":17421,"date":"2025-07-15T15:19:09","date_gmt":"2025-07-15T13:19:09","guid":{"rendered":"https:\/\/oraziopuglisi.art\/?page_id=17421"},"modified":"2025-07-15T15:26:38","modified_gmt":"2025-07-15T13:26:38","slug":"etienne-la-font-de-saint-yenne","status":"publish","type":"page","link":"https:\/\/oraziopuglisi.art\/index.php\/etienne-la-font-de-saint-yenne\/","title":{"rendered":"Etienne La Font de Saint Yenne"},"content":{"rendered":"<p><span style=\"font-size: 10px;\"><strong>Image mise en avant :<\/strong> <i>Lafont de Saint-Yenne examinant la Fontaine des Innocents<\/i><\/span><\/p>\n<p style=\"text-align: center;\"><a href=\"https:\/\/fr.wikipedia.org\/wiki\/%C3%89tienne_La_Font_de_Saint-Yenne\">Etienne La Font de Saint Yenne<\/a><\/p>\n<p style=\"text-align: justify;\"><b>\u00c9tienne La Font de Saint-Yenne<\/b>\u00a0est un\u00a0<a title=\"Critique d'art\" href=\"https:\/\/fr.wikipedia.org\/wiki\/Critique_d%27art\">critique d&rsquo;art<\/a>\u00a0<a title=\"Fran\u00e7ais\" href=\"https:\/\/fr.wikipedia.org\/wiki\/Fran%C3%A7ais\">fran\u00e7ais<\/a>\u00a0n\u00e9 le\u00a0<time class=\"nowrap\" datetime=\"1688-12-09\" data-sort-value=\"1688-12-09\">9 d\u00e9cembre 1688<\/time>\u00a0et d\u00e9c\u00e9d\u00e9 le\u00a0<time class=\"nowrap\" datetime=\"1771-06-16\" data-sort-value=\"1771-06-16\">16 juin 1771<\/time>.<\/p>\n<p style=\"text-align: justify;\">E. La Font de Saint-Yenne est consid\u00e9r\u00e9 comme un des fondateurs de la critique d&rsquo;art en France. Dans ses publications,\u00a0<i>R\u00e9flexions sur l&rsquo;\u00e9tat de la peinture en France<\/i>\u00a0(1747), libelle publi\u00e9 en Hollande, ou encore\u00a0<i>L&rsquo;Ombre du grand Colbert<\/i>\u00a0(1752), il \u00e9met l&rsquo;id\u00e9e d&rsquo;un droit de chacun \u00e0 parler des \u0153uvres expos\u00e9es au Salon, des projets d&rsquo;architecture ou d&rsquo;urbanisme en cours, ainsi que de la litt\u00e9rature du temps.<\/p>\n<p style=\"text-align: justify;\">D\u00e8s 1746, il proposait notamment dans son\u00a0<i>Dialogue du Grand Colbert<\/i>\u00a0l&rsquo;id\u00e9e de cr\u00e9er un lieu pour pr\u00e9senter les chefs-d&rsquo;\u0153uvre des collections royales afin de les pr\u00e9venir de toutes d\u00e9gradations physiques li\u00e9es \u00e0 leur conservation d\u00e9sastreuses dans les cabinets du Roi<sup id=\"cite_ref-1\" class=\"reference\"><a href=\"https:\/\/fr.wikipedia.org\/wiki\/%C3%89tienne_La_Font_de_Saint-Yenne#cite_note-1\"><span class=\"cite-bracket\">[<\/span>1<span class=\"cite-bracket\">]<\/span><\/a><\/sup>\u00a0:<\/p>\n<dl>\n<dd>\u00ab<i>Vous vous souvenez sans doute, \u00f4 grand ministre, de l&rsquo;immense et pr\u00e9cieuse collection de tableaux que vous engage\u00e2tes Louis XIV de faire enlever \u00e0 l&rsquo;Italie et aux autres pays \u00e9trangers, avec des frais consid\u00e9rables, pour meubler dignement ses palais. Vous pensez (eh! qui ne penserait comme vous!) que ces richesses sont expos\u00e9s \u00e0 l&rsquo;admiration et \u00e0 la joie des Fran\u00e7ais de poss\u00e9der de si rares tr\u00e9sors, ou \u00e0 la curiosit\u00e9 des \u00e9trangers, ou enfin \u00e0 l&rsquo;\u00e9tude et \u00e0 l&rsquo;\u00e9mulation de notre \u00e9cole? Sachez, \u00f4 grand Colbert, que ces beaux ouvrages n&rsquo;ont pas revu la lumi\u00e8re et qu&rsquo;ils ont pass\u00e9, des places honorables qu&rsquo;ils occupaient dans les cabinets de leurs possesseurs, \u00e0 une obscure prison de Versailles, o\u00f9 ils p\u00e9rissent depuis plus de cinquante ans<\/i>\u00bb.<\/dd>\n<\/dl>\n<p style=\"text-align: justify;\">Il donne comme exemple le cas des Rubens de la galerie M\u00e9dicis du\u00a0<a title=\"Palais du Luxembourg\" href=\"https:\/\/fr.wikipedia.org\/wiki\/Palais_du_Luxembourg\">palais du Luxembourg<\/a>\u00a0:<\/p>\n<dl>\n<dd>\u00ab<i>Ils sont&#8230; du c\u00f4t\u00e9 de la cour presque d\u00e9truits par la n\u00e9gligence des concierges qui laissent les vitraux des crois\u00e9s ouverts dans les jours les plus br\u00fblants et d\u00e9vorer \u00e0 l&rsquo;ardeur du soleil, depuis midi jusqu&rsquo;\u00e0 ce qu&rsquo;il soit enti\u00e8rement couch\u00e9, ces tableaux sans prix, ces beaut\u00e9s que toutes les richesses des souverains ne pourraient aujourd&rsquo;hui remplacer<\/i>\u00bb.<\/dd>\n<\/dl>\n<p style=\"text-align: justify;\">Dans les\u00a0<i>R\u00e9flexions sur quelques causes de l&rsquo;\u00c9tat pr\u00e9sent de la peinture en France avec un examen des principaux ouvrages expos\u00e9s au Louvre, ce mois d&rsquo;<time class=\"nowrap\" datetime=\"1746-08\" data-sort-value=\"1746-08\">ao\u00fbt 1746<\/time><\/i>\u00a0parues en 1747, il demande la cr\u00e9ation d&rsquo;un mus\u00e9e accessible par tous\u00a0:<\/p>\n<dl>\n<dd>\u00ab<i>Le moyen que je propose pour l&rsquo;avantage le plus prompt et en m\u00eame temps le plus efficace pour un r\u00e9tablissement durable de la peinture ce serait donc de choisir dans ce palais, ou quelque part, un lieu propre \u00e0 placer \u00e0 demeure les chefs-d&rsquo;\u0153uvre des plus grands ma\u00eetres de l&rsquo;Europe, et d&rsquo;un prix infini, qui composent le cabinet des tableaux de Sa Majest\u00e9, entass\u00e9s aujourd&rsquo;hui et ensevelis dans de petites pi\u00e8ces mal \u00e9clair\u00e9es et cach\u00e9s dans la ville de Versailles, inconnus ou indiff\u00e9rents \u00e0 la curiosit\u00e9 des \u00e9trangers par l&rsquo;impossibilit\u00e9 de les voir&#8230; Telle serait la galerie que l&rsquo;on vient de proposer, b\u00e2tie expr\u00e8s dans le Louvre, o\u00f9 toutes les richesses immenses et ignor\u00e9es seraient rang\u00e9es dans un bel ordre, et entretenues ans le meilleur \u00e9tat par un artiste intelligent et charg\u00e9 de veiller avec attention \u00e0 leur parfaite conservation&#8230;<\/i>\u00bb<sup id=\"cite_ref-2\" class=\"reference\"><a href=\"https:\/\/fr.wikipedia.org\/wiki\/%C3%89tienne_La_Font_de_Saint-Yenne#cite_note-2\"><span class=\"cite-bracket\">[<\/span>2<span class=\"cite-bracket\">]<\/span><\/a><\/sup><\/dd>\n<\/dl>\n<div class=\"mw-heading mw-heading2\" style=\"text-align: justify;\">\n<h2 id=\"Une_personnalit\u00e9_\u00e0_l'image_contrast\u00e9e\"><span id=\"Une_personnalit.C3.A9_.C3.A0_l.27image_contrast.C3.A9e\"><\/span>Une personnalit\u00e9 \u00e0 l&rsquo;image contrast\u00e9e\u00a0<\/h2>\n<\/div>\n<figure class=\"mw-default-size\" style=\"text-align: justify;\"><a class=\"mw-file-description\" href=\"https:\/\/commons.wikimedia.org\/wiki\/File:(La_Font_de_Saint-Yenne_en_(...)_btv1b52507688x_1.jpg?uselang=fr\"><img loading=\"lazy\" decoding=\"async\" class=\"mw-file-element\" src=\"https:\/\/upload.wikimedia.org\/wikipedia\/commons\/thumb\/9\/9a\/%28La_Font_de_Saint-Yenne_en_%28...%29_btv1b52507688x_1.jpg\/250px-%28La_Font_de_Saint-Yenne_en_%28...%29_btv1b52507688x_1.jpg\" srcset=\"\/\/upload.wikimedia.org\/wikipedia\/commons\/thumb\/9\/9a\/%28La_Font_de_Saint-Yenne_en_%28...%29_btv1b52507688x_1.jpg\/500px-%28La_Font_de_Saint-Yenne_en_%28...%29_btv1b52507688x_1.jpg 1.5x\" width=\"250\" height=\"400\" data-file-width=\"824\" data-file-height=\"1320\" \/><\/a><\/figure>\n<p>Le critique d&rsquo;art aveugle. Caricature de La Font de Saint-Yenne.<\/p>\n<p style=\"text-align: justify;\">M\u00eame s&rsquo;il est l&rsquo;un des principaux instigateurs du premier salon, il est aussi la cible de caricatures satiriques de la part des exposants. Lorsqu&rsquo;il publie ses \u00a0\u00bb R\u00e9flexions sur quelques causes de l\u2019\u00c9tat pr\u00e9sent de la peinture en France en 1747 \u00ab\u00a0, il se dit porte parole du public et compte donner des critiques aussi bien positives qu&rsquo;acerbes des \u0153uvres comme cela se fait pour les pi\u00e8ces de th\u00e9\u00e2tre \u00e0 l&rsquo;\u00e9poque.<\/p>\n<p style=\"text-align: justify;\">Il existe plusieurs feuillets le discr\u00e9ditant comme un dessin de Portien grav\u00e9 par Claude Henri Watelet le repr\u00e9sentant aveugle ne pouvant donner qu&rsquo;un jugement superficiel aux \u0153uvres expos\u00e9es. D&rsquo;autres artistes agissent de fa\u00e7on anonyme \u00e0 travers des \u0153uvres plus grivoises avec\u00a0<i>La Font de Saint-Yenne examinant la Fontaine des Innocents<\/i>, en contractant un jeu de mots \u00e0 partir du nom du critique.<\/p>\n<figure class=\"mw-default-size\" style=\"text-align: justify;\"><a class=\"mw-file-description\" href=\"https:\/\/commons.wikimedia.org\/wiki\/File:LaFontFontaine.jpg?uselang=fr\"><img loading=\"lazy\" decoding=\"async\" class=\"mw-file-element\" src=\"https:\/\/upload.wikimedia.org\/wikipedia\/commons\/thumb\/b\/b5\/LaFontFontaine.jpg\/250px-LaFontFontaine.jpg\" srcset=\"\/\/upload.wikimedia.org\/wikipedia\/commons\/thumb\/b\/b5\/LaFontFontaine.jpg\/500px-LaFontFontaine.jpg 1.5x\" width=\"250\" height=\"281\" data-file-width=\"1066\" data-file-height=\"1200\" \/><\/a><figcaption><i>Lafont de Saint-Yenne examinant la Fontaine des Innocents<\/i>.<\/figcaption><\/figure>\n<p style=\"text-align: justify;\">En cela La Font de Saint-Yenne participe \u00e0 une large querelle opposant les acad\u00e9miciens aux critiques d&rsquo;art qui s&rsquo;explique de plusieurs mani\u00e8res: tout d&rsquo;abord la critique d&rsquo;art n&rsquo;en est qu&rsquo;\u00e0 ses d\u00e9buts et les artistes jugent les hommes de lettres ill\u00e9gitimes \u00e0 porter atteinte \u00e0 leurs \u0153uvres. Ensuite ces critiques viennent mettre \u00e0 mal les artistes qui exposent dans le but commercial de trouver des commanditaires. Il en va de m\u00eame pour les auteurs des critiques qui profitent de la visibilit\u00e9 des salons pour vendre leurs libelles au public. Enfin ces critiques \u00e9manant d&rsquo;hommes de lettres peuvent s&rsquo;expliquer par un contexte pr\u00e9-r\u00e9volutionnaire\u00a0 car les exposants sont pour la majeure partie des acad\u00e9miciens royaux et les critiquer revient \u00e0 critiquer le pouvoir.\u00a0<\/p>\n<div class=\"mw-heading mw-heading2\" style=\"text-align: justify;\">\n<h2 id=\"\u0152uvres\"><span id=\".C5.92uvres\"><\/span>\u0152uvres<\/h2>\n<\/div>\n<ul style=\"text-align: justify;\">\n<li><i>Ode sur les progr\u00e8s de la peinture sous le r\u00e8gne de Louis le Grand<\/i>, 1725.<\/li>\n<li><i>R\u00e9flexions sur quelques causes de l&rsquo;\u00c9tat pr\u00e9sent de la peinture en France, avec un Examen des principaux Ouvrages expos\u00e9s au Louvre le mois d&rsquo;<time class=\"nowrap\" datetime=\"1746-08\" data-sort-value=\"1746-08\">Ao\u00fbt 1746<\/time><\/i>, \u00e0 La Haye, chez Jean Neaulme, 1747.<\/li>\n<\/ul>\n<figure class=\"mw-default-size\" style=\"text-align: justify;\"><a class=\"mw-file-description\" href=\"https:\/\/commons.wikimedia.org\/wiki\/File:LaFontReflexions.jpg?uselang=fr\"><img loading=\"lazy\" decoding=\"async\" class=\"mw-file-element\" src=\"https:\/\/upload.wikimedia.org\/wikipedia\/commons\/thumb\/9\/9d\/LaFontReflexions.jpg\/250px-LaFontReflexions.jpg\" srcset=\"\/\/upload.wikimedia.org\/wikipedia\/commons\/9\/9d\/LaFontReflexions.jpg 1.5x\" width=\"250\" height=\"415\" data-file-width=\"338\" data-file-height=\"561\" \/><\/a><figcaption><i>R\u00e9flexions sur quelques causes de l&rsquo;\u00e9tat pr\u00e9sent de la peinture en France. Avec un examen des principaux Ouvrages expos\u00e9s au Louvre le mois d&rsquo;Ao\u00fbt 1746,<\/i>\u00a0<a title=\"La Haye\" href=\"https:\/\/fr.wikipedia.org\/wiki\/La_Haye\">La Haye<\/a>, Jean Naulme, 1747.<\/figcaption><\/figure>\n<ul style=\"text-align: justify;\">\n<li><i>Lettre de l&rsquo;auteur des<\/i>\u00a0R\u00e9flexions sur la peinture\u00a0<i>et de l&rsquo;examen des ouvrages expos\u00e9es au Louvre en 1746.<\/i><\/li>\n<li><i>Lettre sur l&rsquo;histoire du Parlement d&rsquo;Angleterre \u00e9crite \u00e0 M. le C. de G. par l&rsquo;auteur des<\/i>\u00a0R\u00e9flexions sur la peinture et les causes de son \u00e9tat pr\u00e9sent en France, 1748.<\/li>\n<li><i>L&rsquo;Ombre du grand Colbert, le Louvre et la Ville de Paris, dialogue<\/i>, La Haye, 1749.<\/li>\n<li><i>Lettre \u00e0 l&rsquo;Auteur du<\/i>\u00a0Mercure,\u00a0<i>contenant une justification de l&rsquo;auteur sur des Brochures qu&rsquo;on lui a injustement attribu\u00e9es<\/i>,\u00a0<i><a title=\"Mercure de France\" href=\"https:\/\/fr.wikipedia.org\/wiki\/Mercure_de_France\">Mercure de France<\/a><\/i>\u00a0<time class=\"nowrap\" datetime=\"1749-09\" data-sort-value=\"1749-09\">septembre 1749<\/time>.<\/li>\n<li><i>Remerciement des habitants de la Ville de Paris \u00e0 Sa Majest\u00e9, au sujet de l&rsquo;ach\u00e8vement du Louvre<\/i>, 1749.<\/li>\n<li><i>Lettre sur la pi\u00e8ce de<\/i>\u00a0\u00ab\u00a0C\u00e9nie\u00a0\u00bb,\u00a0<i>\u00e9crite \u00e0 Mme de Gr***<\/i>, 1750.<\/li>\n<li><i>Examen d&rsquo;un<\/i>\u00a0Essai sur l&rsquo;Architecture<i>, avec quelques remarques sur cette science trait\u00e9e dans l&rsquo;esprit des beaux-arts<\/i>, Paris, M. Lambert, 1753.<\/li>\n<li><i>Sentiments sur quelques ouvrages de peinture, sculptures et gravure<\/i>, \u00c9crits \u00e0 un particulier en province, 1754.<\/li>\n<li><i>Le G\u00e9nie du Louvre aux Champs-\u00c9lys\u00e9es. Dialogue entre la ville de Paris, le Louvre, l&rsquo;Ombre de Colbert et Perrault. Avec deux lettres de l&rsquo;auteur sur le m\u00eame sujet<\/i>, 1756.<\/li>\n<li><i>Lettre \u00e0 M. Grasset, de l&rsquo;Acad\u00e9mie Fran\u00e7aise, au sujet de celle qu&rsquo;il a publi\u00e9e sur la Com\u00e9die<\/i>, 1759.<\/li>\n<li><i>Lettre \u00e0 M*** contenant quelques observations sur le po\u00e8me de \u00ab\u00a0L&rsquo;Art de peindre\u00a0\u00bb,<\/i>\u00a01760.<\/li>\n<\/ul>\n<p style=\"text-align: justify;\">Edition critique\u00a0:<\/p>\n<ul style=\"text-align: justify;\">\n<li><i>\u0152uvre critique<\/i>, Etienne Jollet (\u00e9d.), Paris, Ecole nationale sup\u00e9rieure des beaux-arts, 2001.<\/li>\n<\/ul>\n<div class=\"mw-heading mw-heading2\" style=\"text-align: justify;\">\n<h2 id=\"Notes_et_r\u00e9f\u00e9rences\"><span id=\"Notes_et_r.C3.A9f.C3.A9rences\"><\/span>Notes et r\u00e9f\u00e9rences<\/h2>\n<\/div>\n<div class=\"mw-references-wrap\" style=\"text-align: justify;\">\n<ol class=\"references\">\n<li id=\"cite_note-1\"><span class=\"reference-text\">SCHAER Roland. L&rsquo;invention des mus\u00e9es. Paris\u00a0: Gallimard, 1993, p. 44. D\u00e9couvertes Gallimard.<\/span><\/li>\n<li id=\"cite_note-2\"><span class=\"reference-text\">Alain Roy,\u00a0<i>Le XVII<sup>e<\/sup>\u00a0si\u00e8cle flamand au Louvre. Histoire des collections<\/i>, \u00c9ditions des mus\u00e9es nationaux (collection\u00a0<i>Les dossiers du d\u00e9partement des peintures<\/i>\u00a0<abbr class=\"abbr\" title=\"num\u00e9ro\">n<sup>o<\/sup><\/abbr>\u00a014), Paris, 1977\u00a0<small>(<a title=\"International Standard Book Number\" href=\"https:\/\/fr.wikipedia.org\/wiki\/International_Standard_Book_Number\">ISBN<\/a>\u00a0<a title=\"Sp\u00e9cial:Ouvrages de r\u00e9f\u00e9rence\/2-7118-0075-X\" href=\"https:\/\/fr.wikipedia.org\/wiki\/Sp%C3%A9cial:Ouvrages_de_r%C3%A9f%C3%A9rence\/2-7118-0075-X\"><span class=\"nowrap\">2-7118-0075-X<\/span><\/a>)<\/small>\u00a0;\u00a0<abbr class=\"abbr\" title=\"page(s)\">p.<\/abbr>\u00a060<\/span><\/li>\n<\/ol>\n<\/div>\n<ul id=\"bandeau-portail\" class=\"bandeau-portail\" style=\"text-align: justify;\"><\/ul>\n","protected":false},"excerpt":{"rendered":"<p>Image mise en avant : Lafont de Saint-Yenne examinant la Fontaine des Innocents Etienne La Font de Saint Yenne \u00c9tienne La Font de Saint-Yenne\u00a0est un\u00a0critique d&rsquo;art\u00a0fran\u00e7ais\u00a0n\u00e9 le\u00a09 d\u00e9cembre 1688\u00a0et d\u00e9c\u00e9d\u00e9 le\u00a016 juin 1771. E. La Font de Saint-Yenne est consid\u00e9r\u00e9 comme un des fondateurs de la critique d&rsquo;art en France. Dans ses publications,\u00a0R\u00e9flexions sur l&rsquo;\u00e9tat [&hellip;]<\/p>\n","protected":false},"author":1,"featured_media":17428,"parent":0,"menu_order":0,"comment_status":"closed","ping_status":"closed","template":"","meta":{"footnotes":""},"class_list":["post-17421","page","type-page","status-publish","has-post-thumbnail","hentry"],"_links":{"self":[{"href":"https:\/\/oraziopuglisi.art\/index.php\/wp-json\/wp\/v2\/pages\/17421","targetHints":{"allow":["GET"]}}],"collection":[{"href":"https:\/\/oraziopuglisi.art\/index.php\/wp-json\/wp\/v2\/pages"}],"about":[{"href":"https:\/\/oraziopuglisi.art\/index.php\/wp-json\/wp\/v2\/types\/page"}],"author":[{"embeddable":true,"href":"https:\/\/oraziopuglisi.art\/index.php\/wp-json\/wp\/v2\/users\/1"}],"replies":[{"embeddable":true,"href":"https:\/\/oraziopuglisi.art\/index.php\/wp-json\/wp\/v2\/comments?post=17421"}],"version-history":[{"count":5,"href":"https:\/\/oraziopuglisi.art\/index.php\/wp-json\/wp\/v2\/pages\/17421\/revisions"}],"predecessor-version":[{"id":17430,"href":"https:\/\/oraziopuglisi.art\/index.php\/wp-json\/wp\/v2\/pages\/17421\/revisions\/17430"}],"wp:featuredmedia":[{"embeddable":true,"href":"https:\/\/oraziopuglisi.art\/index.php\/wp-json\/wp\/v2\/media\/17428"}],"wp:attachment":[{"href":"https:\/\/oraziopuglisi.art\/index.php\/wp-json\/wp\/v2\/media?parent=17421"}],"curies":[{"name":"wp","href":"https:\/\/api.w.org\/{rel}","templated":true}]}}