{"id":17412,"date":"2025-07-15T14:53:59","date_gmt":"2025-07-15T12:53:59","guid":{"rendered":"https:\/\/oraziopuglisi.art\/?page_id=17412"},"modified":"2025-07-15T15:02:29","modified_gmt":"2025-07-15T13:02:29","slug":"roberto-longhi","status":"publish","type":"page","link":"https:\/\/oraziopuglisi.art\/index.php\/roberto-longhi\/","title":{"rendered":"Roberto Longhi"},"content":{"rendered":"<p style=\"text-align: center;\"><a href=\"https:\/\/fr.wikipedia.org\/wiki\/Roberto_Longhi\">Roberto Longhi<\/a><\/p>\n<p style=\"text-align: justify;\"><b>Roberto Longhi<\/b>\u00a0(<a title=\"Alba (Italie)\" href=\"https:\/\/fr.wikipedia.org\/wiki\/Alba_(Italie)\">Alba<\/a>, 1890 &#8211;\u00a0<a title=\"Florence\" href=\"https:\/\/fr.wikipedia.org\/wiki\/Florence\">Florence<\/a>, 1970) est un\u00a0<a title=\"Histoire de l'art\" href=\"https:\/\/fr.wikipedia.org\/wiki\/Histoire_de_l%27art\">historien de l&rsquo;art<\/a>\u00a0<a title=\"Italie\" href=\"https:\/\/fr.wikipedia.org\/wiki\/Italie\">italien<\/a>\u00a0c\u00e9l\u00e8bre par ses \u00e9tudes sur\u00a0<a title=\"Domenico Veneziano\" href=\"https:\/\/fr.wikipedia.org\/wiki\/Domenico_Veneziano\">Domenico Veneziano<\/a>, sur\u00a0<a title=\"Hendrick ter Brugghen\" href=\"https:\/\/fr.wikipedia.org\/wiki\/Hendrick_ter_Brugghen\">Hendrick ter Brugghen<\/a>, sur\u00a0<a title=\"Le Caravage\" href=\"https:\/\/fr.wikipedia.org\/wiki\/Le_Caravage\">Caravage<\/a>, sur\u00a0<a title=\"Diego V\u00e9lasquez\" href=\"https:\/\/fr.wikipedia.org\/wiki\/Diego_V%C3%A9lasquez\">Velasquez<\/a>, sur\u00a0<a title=\"Masolino da Panicale\" href=\"https:\/\/fr.wikipedia.org\/wiki\/Masolino_da_Panicale\">Masolino<\/a>, sur\u00a0<a title=\"Masaccio\" href=\"https:\/\/fr.wikipedia.org\/wiki\/Masaccio\">Masaccio<\/a>\u00a0et plus particuli\u00e8rement sur\u00a0<a title=\"Piero della Francesca\" href=\"https:\/\/fr.wikipedia.org\/wiki\/Piero_della_Francesca\">Piero della Francesca<\/a>\u00a0(\u00e9tude c\u00e9l\u00e8bre parue en 1927).<\/p>\n<p style=\"text-align: justify;\">Sa d\u00e9couverte des \u00e9glises, des mus\u00e9es et des collections d&rsquo;art de toute l&rsquo;Europe, dans un voyage de 2 ans entre 1920 et 1922, lui permet ensuite, par ses \u00e9crits dans de nombreuses revues, ses livres r\u00e9put\u00e9s et ses expositions, d&rsquo;attirer l\u2019attention sur des artistes oubli\u00e9s de la Renaissance. Il d\u00e9veloppe une recherche sur les structures figuratives et sur la verbalisation de l\u2019image. La qualit\u00e9 particuli\u00e8re de son \u00e9criture le fait reconna\u00eetre, dans la litt\u00e9rature italienne, comme un \u00e9crivain \u00e0 part enti\u00e8re.<\/p>\n<p style=\"text-align: justify;\">Il s\u2019int\u00e9resse aussi, en peinture, \u00e0 l\u2019<a title=\"Impressionnisme\" href=\"https:\/\/fr.wikipedia.org\/wiki\/Impressionnisme\">impressionnisme<\/a>, au\u00a0<a title=\"Cubisme\" href=\"https:\/\/fr.wikipedia.org\/wiki\/Cubisme\">cubisme<\/a>, et en litt\u00e9rature, particuli\u00e8rement, \u00e0\u00a0<a title=\"Charles Baudelaire\" href=\"https:\/\/fr.wikipedia.org\/wiki\/Charles_Baudelaire\">Charles Baudelaire<\/a>\u00a0et \u00e0\u00a0<a title=\"St\u00e9phane Mallarm\u00e9\" href=\"https:\/\/fr.wikipedia.org\/wiki\/St%C3%A9phane_Mallarm%C3%A9\">St\u00e9phane Mallarm\u00e9<\/a>.<\/p>\n<div class=\"mw-heading mw-heading2\" style=\"text-align: justify;\">\n<h2 id=\"Biographie\">Biographie<\/h2>\n<\/div>\n<p style=\"text-align: justify;\">N\u00e9 le\u00a0<time class=\"nowrap bday\" datetime=\"1890-12-28\" data-sort-value=\"1890-12-28\">28 d\u00e9cembre 1890<\/time>\u00a0\u00e0\u00a0<a title=\"Alba (Italie)\" href=\"https:\/\/fr.wikipedia.org\/wiki\/Alba_(Italie)\">Alba<\/a>, en\u00a0<a title=\"Pi\u00e9mont\" href=\"https:\/\/fr.wikipedia.org\/wiki\/Pi%C3%A9mont\">Pi\u00e9mont<\/a>, dans une famille originaire d\u2019<a title=\"\u00c9milie (Italie)\" href=\"https:\/\/fr.wikipedia.org\/wiki\/%C3%89milie_(Italie)\">\u00c9milie<\/a>, il est le fils de Linda Battaglia et de Giovanni Longhi, professeur des mati\u00e8res techniques \u00e0 l&rsquo;\u00c9cole royale \u0153nologique.<\/p>\n<p style=\"text-align: justify;\">En 1910, une exposition \u00e0\u00a0<a title=\"Venise\" href=\"https:\/\/fr.wikipedia.org\/wiki\/Venise\">Venise<\/a>\u00a0lui r\u00e9v\u00e8le\u00a0<a title=\"Gustave Courbet\" href=\"https:\/\/fr.wikipedia.org\/wiki\/Gustave_Courbet\">Courbet<\/a>\u00a0et\u00a0<a title=\"Auguste Renoir\" href=\"https:\/\/fr.wikipedia.org\/wiki\/Auguste_Renoir\">Renoir<\/a>. En 1911, il \u00e9tudie \u00e0\u00a0<a title=\"Turin\" href=\"https:\/\/fr.wikipedia.org\/wiki\/Turin\">Turin<\/a>, avec\u00a0<a title=\"Pietro Toesca\" href=\"https:\/\/fr.wikipedia.org\/wiki\/Pietro_Toesca\">Pietro Toesca<\/a>, qui restera un ma\u00eetre admir\u00e9. La m\u00eame ann\u00e9e, il publie sa th\u00e8se sur\u00a0<a title=\"Le Caravage\" href=\"https:\/\/fr.wikipedia.org\/wiki\/Le_Caravage\">Caravage<\/a>\u00a0qui le fait remarquer\u00a0; ensuite, il part pour Rome o\u00f9 il suit l\u2019enseignement d\u2019<a title=\"Adolfo Venturi\" href=\"https:\/\/fr.wikipedia.org\/wiki\/Adolfo_Venturi\">Adolfo Venturi<\/a>.<\/p>\n<p style=\"text-align: justify;\">Il collabore \u00e0 la revue\u00a0<i>L&rsquo;Arte<\/i>\u00a0et \u00e0 partir de 1912, \u00e0 une revue d\u2019avant-garde,\u00a0<i>La Voce<\/i>. Il r\u00e9dige des essais sur\u00a0<a title=\"Mattia Preti\" href=\"https:\/\/fr.wikipedia.org\/wiki\/Mattia_Preti\">Mattia Preti<\/a>, sur\u00a0<a title=\"Umberto Boccioni\" href=\"https:\/\/fr.wikipedia.org\/wiki\/Umberto_Boccioni\">Boccioni<\/a>, sur les\u00a0<a title=\"Futurisme\" href=\"https:\/\/fr.wikipedia.org\/wiki\/Futurisme\">futuristes<\/a>\u00a0dont il est proche<sup id=\"cite_ref-expo2015_1-0\" class=\"reference\"><a href=\"https:\/\/fr.wikipedia.org\/wiki\/Roberto_Longhi#cite_note-expo2015-1\"><span class=\"cite-bracket\">[<\/span>1<span class=\"cite-bracket\">]<\/span><\/a><\/sup>.<\/p>\n<p style=\"text-align: justify;\">Pendant l&rsquo;ann\u00e9e scolaire 1913-1914, il \u00e9tudie \u00e0 l&rsquo;\u00e9cole sup\u00e9rieure\u00a0<i>Tasso e Visconti<\/i>\u00a0\u00e0\u00a0<a title=\"Rome\" href=\"https:\/\/fr.wikipedia.org\/wiki\/Rome\">Rome<\/a>\u00a0et y rencontre\u00a0<a title=\"Anna Banti\" href=\"https:\/\/fr.wikipedia.org\/wiki\/Anna_Banti\">Lucia Lopresti<\/a>.<\/p>\n<p style=\"text-align: justify;\">En 1914, il \u00e9tablit, avec Le\u00a0<i>Due Lise<\/i>, un parall\u00e8le spirituel et percutant entre\u00a0<a title=\"La Joconde\" href=\"https:\/\/fr.wikipedia.org\/wiki\/La_Joconde\">La Joconde<\/a>\u00a0et la Lise de Renoir, malm\u00e8ne les idoles comme\u00a0<a title=\"L\u00e9onard de Vinci\" href=\"https:\/\/fr.wikipedia.org\/wiki\/L%C3%A9onard_de_Vinci\">L\u00e9onard de Vinci<\/a>,\u00a0<a title=\"Rapha\u00ebl (peintre)\" href=\"https:\/\/fr.wikipedia.org\/wiki\/Rapha%C3%ABl_(peintre)\">Rapha\u00ebl<\/a>\u00a0et\u00a0<a title=\"Michel-Ange\" href=\"https:\/\/fr.wikipedia.org\/wiki\/Michel-Ange\">Michel-Ange<\/a>. Il publie des articles et des notes critiques dans la revue\u00a0<i>L&rsquo;Arte<\/i>\u00a0sur\u00a0<a title=\"Piero della Francesca\" href=\"https:\/\/fr.wikipedia.org\/wiki\/Piero_della_Francesca\">Piero della Francesca<\/a>, sur\u00a0<a title=\"Artemisia Gentileschi\" href=\"https:\/\/fr.wikipedia.org\/wiki\/Artemisia_Gentileschi\">Artemisia Gentileschi<\/a>, sur\u00a0<a title=\"Le Caravage\" href=\"https:\/\/fr.wikipedia.org\/wiki\/Le_Caravage\">Caravage<\/a>. Il commence sa carri\u00e8re de collectionneur en 1916, en rassemblant des \u0153uvres de\u00a0<a title=\"Caravagisme\" href=\"https:\/\/fr.wikipedia.org\/wiki\/Caravagisme\">caravagesques<\/a><sup id=\"cite_ref-expo2015_1-1\" class=\"reference\"><a title=\"\" href=\"https:\/\/fr.wikipedia.org\/wiki\/Roberto_Longhi#cite_note-expo2015-1\"><span class=\"cite-bracket\">[<\/span>1<span class=\"cite-bracket\">]<\/span><\/a><\/sup>.<\/p>\n<p style=\"text-align: justify;\">Entre 1920 et 1922, il traverse toute l&rsquo;Europe avec\u00a0<a title=\"Alessandro Contini Bonacossi\" href=\"https:\/\/fr.wikipedia.org\/wiki\/Alessandro_Contini_Bonacossi\">Alessandro Contini Bonacossi<\/a>\u00a0; ils visitent ainsi les mus\u00e9es, les \u00e9glises et les collections priv\u00e9es de France, d&rsquo;Espagne, d&rsquo;Allemagne, d&rsquo;Autriche, des Pays-Bas, de Tch\u00e9coslovaquie et de Hongrie. Il devient lecteur \u00e0 l&rsquo;Universit\u00e9 de Rome en 1922.<\/p>\n<p style=\"text-align: justify;\">En 1924, il \u00e9pouse Lucia Lopresti, qui deviendra ensuite \u00e9crivain sous le nom d&rsquo;<a title=\"Anna Banti\" href=\"https:\/\/fr.wikipedia.org\/wiki\/Anna_Banti\">Anna Banti<\/a>.<\/p>\n<p style=\"text-align: justify;\">En 1926, il collabore \u00e0 la revue p\u00e9riodique\u00a0<i>Vita Artistica<\/i>\u00a0qu&rsquo;il dirige \u00e0 partir de 1927 avec\u00a0<a title=\"Emilio Cecchi\" href=\"https:\/\/fr.wikipedia.org\/wiki\/Emilio_Cecchi\">Emilio Cecchi<\/a>\u00a0et avec qui il cr\u00e9e, l&rsquo;ann\u00e9e suivante le p\u00e9riodique\u00a0<i>Pinacotheca<\/i>. En 1927, il publie sa c\u00e9l\u00e8bre monographie sur Piero della Francesca et le fait red\u00e9couvrir.<\/p>\n<p style=\"text-align: justify;\">En 1934, il est nomm\u00e9 professeur d&rsquo;art m\u00e9di\u00e9val et d&rsquo;art moderne \u00e0 l&rsquo;Universit\u00e9 de Bologne et publie\u00a0<i>l&rsquo;Officina ferrarese<\/i>. D\u00e8s 1935, ses cours sur le\u00a0<i>Trecento<\/i>\u00a0et le\u00a0<i>Quattrocento<\/i>\u00a0en \u00c9milie et en Italie du Nord fascinent les \u00e9tudiants bolonais \u00e0 travers la qualit\u00e9 propre de l\u2019image, la pr\u00e9sence du peintre, son insertion dans un milieu donn\u00e9, dans un moment de l\u2019histoire\u00a0; parmi ses \u00e9l\u00e8ves, on peut citer\u00a0<a title=\"Pier Paolo Pasolini\" href=\"https:\/\/fr.wikipedia.org\/wiki\/Pier_Paolo_Pasolini\">Pier Paolo Pasolini<\/a>\u00a0et\u00a0<a title=\"Attilio Bertolucci\" href=\"https:\/\/fr.wikipedia.org\/wiki\/Attilio_Bertolucci\">Attilio Bertolucci<\/a>. Il oriente de telle fa\u00e7on les recherches de ses \u00e9tudiants qu&rsquo;ils pr\u00e9pareront ce qui donnera les expositions de l&rsquo;apr\u00e8s-guerre\u00a0:\u00a0<i>Quatorzi\u00e8me Si\u00e8cle bolonais<\/i>\u00a0(1950) et \u00e0\u00a0<i>L\u2019Art lombard, des Visconti aux Sforza<\/i>\u00a0(1958).<\/p>\n<p style=\"text-align: justify;\">En 1937, son int\u00e9r\u00eat, qui porte aussi sur l&rsquo;art contemporain, lui fait publier une monographie de\u00a0<a title=\"Carlo Carr\u00e0\" href=\"https:\/\/fr.wikipedia.org\/wiki\/Carlo_Carr%C3%A0\">Carlo Carr\u00e0<\/a>\u00a0et il devient aussi l&rsquo;ami de\u00a0<a title=\"Giorgio Morandi\" href=\"https:\/\/fr.wikipedia.org\/wiki\/Giorgio_Morandi\">Giorgio Morandi<\/a>. De 1938 \u00e0 1940, il dirige le p\u00e9riodique\u00a0<i>La Critica d&rsquo;Arte<\/i>\u00a0avec\u00a0<a title=\"Ranuccio Bianchi Bandinelli\" href=\"https:\/\/fr.wikipedia.org\/wiki\/Ranuccio_Bianchi_Bandinelli\">Ranuccio Bianchi Bandinelli<\/a>\u00a0et\u00a0<a title=\"Carlo Ludovico Ragghianti\" href=\"https:\/\/fr.wikipedia.org\/wiki\/Carlo_Ludovico_Ragghianti\">Carlo Ludovico Ragghianti<\/a>. Il s&rsquo;installe \u00e0 Florence en 1939.<\/p>\n<p style=\"text-align: justify;\">En 1943, il d\u00e9missionne de sa chaire de Bologne, \u00e0 la suite de son refus de jurer fid\u00e9lit\u00e9 \u00e0 l\u2019\u00e9ph\u00e9m\u00e8re\u00a0<a title=\"R\u00e9publique sociale italienne\" href=\"https:\/\/fr.wikipedia.org\/wiki\/R%C3%A9publique_sociale_italienne\">r\u00e9publique de Sal\u00f2<\/a>.<\/p>\n<p style=\"text-align: justify;\">En 1946, son\u00a0<i>Viatico per cinque Secoli di Pittura veneziana<\/i>\u00a0para\u00eet, suivi d&rsquo;une exposition organis\u00e9e par Rodolfo Pallucchini. Entre 1947 et 1948, une s\u00e9rie de ses contributions paraissent dans le\u00a0<i>Arte Veneta<\/i>. Il fonde en 1949 la revue\u00a0<i>Paragone<\/i>\u00a0avec sa femme Anna Banti, devenue historienne et critique d&rsquo;art, romanci\u00e8re et traductrice. Elle en est la directrice et y \u00e9crit des textes litt\u00e9raires.<\/p>\n<p style=\"text-align: justify;\">Longhi poursuit son enseignement et ses travaux \u00e0 Florence au cours des ann\u00e9es 1950, et publie en 1952 sa monographie sur Caravage. Il organise en 1953 sa seconde exposition \u00e0 Milan sur ce peintre dans\u00a0<i>Peintres de la r\u00e9alit\u00e9 en Lombardie<\/i>\u00a0(<i>I pittori della realt\u00e0 in Lombardia<\/i>) avec\u00a0<a title=\"Umberto Barbaro\" href=\"https:\/\/fr.wikipedia.org\/wiki\/Umberto_Barbaro\">Umberto Barbaro<\/a>. Il produit la m\u00eame ann\u00e9e plusieurs documentaires sur des artistes comme\u00a0<a title=\"Vittore Carpaccio\" href=\"https:\/\/fr.wikipedia.org\/wiki\/Vittore_Carpaccio\">Carpaccio<\/a>, Caravage, Carr\u00e0.<\/p>\n<p style=\"text-align: justify;\">En 1960, r\u00e9sidant toujours \u00e0 Florence, il r\u00e9dige la publication de ses \u0153uvres compl\u00e8tes (5 volumes paraissent avant sa mort, 4 ont \u00e9t\u00e9 publi\u00e9s depuis) et le catalogue de sa collection personnelle, de ses livres et de sa phototh\u00e8que, dans sa maison de Florence la\u00a0<i><a class=\"new\" title=\"Villa Il Tasso (page inexistante)\" href=\"https:\/\/fr.wikipedia.org\/w\/index.php?title=Villa_Il_Tasso&amp;action=edit&amp;redlink=1\">Villa Il Tasso<\/a><\/i>, via Fortini, qu&rsquo;il a acquise en 1939.<\/p>\n<p style=\"text-align: justify;\">Roberto Longhi meurt le\u00a0<time class=\"nowrap\" datetime=\"1970-06-03\" data-sort-value=\"1970-06-03\">3 juin 1970<\/time>.<\/p>\n<div class=\"mw-heading mw-heading2\" style=\"text-align: justify;\">\n<h2 id=\"Post\u00e9rit\u00e9\"><span id=\"Post.C3.A9rit.C3.A9\"><\/span>Post\u00e9rit\u00e9<\/h2>\n<\/div>\n<p style=\"text-align: justify;\">En 1971, sa maison devient la\u00a0<a class=\"new\" title=\"Fondation Roberto Longhi (page inexistante)\" href=\"https:\/\/fr.wikipedia.org\/w\/index.php?title=Fondation_Roberto_Longhi&amp;action=edit&amp;redlink=1\">fondation Roberto Longhi<\/a>\u00a0(<i>Fondazione di Stu di di Storia dell&rsquo;Arte Roberto Longhi<\/i>) et comporte toutes les collections qu&rsquo;il lui a l\u00e9gu\u00e9es.<\/p>\n<p style=\"text-align: justify;\">En 2015, une exposition au mus\u00e9e Jacquemart-Andr\u00e9 \u00e0 Paris rend hommage \u00e0 ses travaux<sup id=\"cite_ref-expo2015_1-2\" class=\"reference\"><a href=\"https:\/\/fr.wikipedia.org\/wiki\/Roberto_Longhi#cite_note-expo2015-1\"><span class=\"cite-bracket\">[<\/span>1<span class=\"cite-bracket\">]<\/span><\/a><\/sup>.<\/p>\n<p style=\"text-align: justify;\">Du\u00a0<time class=\"nowrap\" datetime=\"05-29\" data-sort-value=\"05-29\">29 mai<\/time>\u00a0au\u00a0<time class=\"nowrap\" datetime=\"2021-10-18\" data-sort-value=\"2021-10-18\">18 octobre 2021<\/time>, une exposition au mus\u00e9e des Beaux-Arts de Caen, en partenariat avec la Fondation Longhi, pr\u00e9sente une vingtaine de dessins de la main du collectionneur, ainsi qu&rsquo;une cinquantaine de tableaux d&rsquo;inspiration caravagesque issus de la maison de Roberto Longhi \u00e0 Florence\u00a0: \u00ab\u00a0L&rsquo;Ecole du regard. Caravage et les peintres caravagesques dans la collection Roberto Longhi\u00a0\u00bb<sup id=\"cite_ref-2\" class=\"reference\"><a href=\"https:\/\/fr.wikipedia.org\/wiki\/Roberto_Longhi#cite_note-2\"><span class=\"cite-bracket\">[<\/span>2<span class=\"cite-bracket\">]<\/span><\/a><\/sup>.<\/p>\n<div class=\"mw-heading mw-heading2\" style=\"text-align: justify;\">\n<h2 id=\"Expositions\">Expositions<\/h2>\n<\/div>\n<ul style=\"text-align: justify;\">\n<li>1948\u00a0:\u00a0<i>Giuseppe Maria Crespi<\/i>\u00a0\u00e0 Bologne<\/li>\n<li>1950\u00a0:\u00a0<i>La peinture \u00e0 Bologne au\u00a0<a title=\"XIVe si\u00e8cle\" href=\"https:\/\/fr.wikipedia.org\/wiki\/XIVe_si%C3%A8cle\"><abbr class=\"abbr\" title=\"14\u1d49 si\u00e8cle\"><span class=\"romain\">XIV<\/span><sup>e<\/sup><\/abbr>\u00a0si\u00e8cle<\/a><\/i>\u00a0\u00e0 Bologne<\/li>\n<li>1951\u00a0:\u00a0<i>Caravaggio e i caravaggeschi<\/i>\u00a0\u00e0 Milan<\/li>\n<li>1953\u00a0:\u00a0<i>I pittori della realt\u00e0 in Lombardia<\/i>\u00a0\u00e0 Milan<\/li>\n<li>1958\u00a0:\u00a0<i>Arte lombarda dai Visconti agli Sforza<\/i>\u00a0\u00e0 Milan<\/li>\n<\/ul>\n<div class=\"mw-heading mw-heading2\" style=\"text-align: justify;\">\n<h2 id=\"Ouvrages\">Ouvrages<\/h2>\n<\/div>\n<div class=\"mw-heading mw-heading3\" style=\"text-align: justify;\">\n<h3 id=\"Parutions_en_Italie\">Parutions en Italie<\/h3>\n<\/div>\n<ul style=\"text-align: justify;\">\n<li><i><a class=\"new\" title=\"Breve ma veridica storia della pittura italiana (page inexistante)\" href=\"https:\/\/fr.wikipedia.org\/w\/index.php?title=Breve_ma_veridica_storia_della_pittura_italiana&amp;action=edit&amp;redlink=1\">Breve ma veridica storia della pittura italiana<\/a>\u00a0<a class=\"extiw\" title=\"it:Breve ma veridica storia della pittura italiana\" href=\"https:\/\/it.wikipedia.org\/wiki\/Breve_ma_veridica_storia_della_pittura_italiana\"><span class=\"indicateur-langue\" title=\"Article en italien\u00a0: \u00ab\u00a0Breve ma veridica storia della pittura italiana\u00a0\u00bb\">(it)<\/span><\/a><\/i>, (1914)<\/li>\n<li><i>Piero de&rsquo; Franceschi<\/i>, Rome (1923)<\/li>\n<li><i>Piero della Francesca<\/i>, (1927)<\/li>\n<li><i>Officina Ferarrese<\/i>, Rome (1934)<\/li>\n<li><i>Caravaggio<\/i>, Milan (1952)<\/li>\n<li><i>Il Correggio e la camera di San Paolo a Roma<\/i>\u00a0(1956)<\/li>\n<li><i>Opere Complete<\/i>, Florence (1963)<\/li>\n<\/ul>\n<div class=\"mw-heading mw-heading3\" style=\"text-align: justify;\">\n<h3 id=\"Parutions_en_France_(traductions)\"><span id=\"Parutions_en_France_.28traductions.29\"><\/span>Parutions en France (traductions)<\/h3>\n<\/div>\n<ul style=\"text-align: justify;\">\n<li>Traduction de Lucien d&rsquo;Azay d&rsquo;un \u00e9crit de 1914\u00a0:\u00a0<i>Histoire br\u00e8ve mais v\u00e9ridique de la peinture italienne<\/i>, 192 pages,\u00a0<abbr class=\"abbr\" title=\"num\u00e9ro\">n<sup>o<\/sup><\/abbr>\u00a011 de la collection Les Mondes de l&rsquo;art, ed. Klincksieck, 12\/09\/2018\u00a0<small>(<a title=\"International Standard Book Number\" href=\"https:\/\/fr.wikipedia.org\/wiki\/International_Standard_Book_Number\">ISBN<\/a>\u00a0<a title=\"Sp\u00e9cial:Ouvrages de r\u00e9f\u00e9rence\/9782252040898\" href=\"https:\/\/fr.wikipedia.org\/wiki\/Sp%C3%A9cial:Ouvrages_de_r%C3%A9f%C3%A9rence\/9782252040898\"><span class=\"nowrap\">9782252040898<\/span><\/a>)<\/small><\/li>\n<li><i>Piero della Francesca<\/i>\u00a0avec catalogue raisonn\u00e9, \u00c9ditions Hazan (1989 &amp; r\u00e9\u00e9dition 2000)\u00a0<small>(<a title=\"International Standard Book Number\" href=\"https:\/\/fr.wikipedia.org\/wiki\/International_Standard_Book_Number\">ISBN<\/a>\u00a0<a title=\"Sp\u00e9cial:Ouvrages de r\u00e9f\u00e9rence\/2850251747\" href=\"https:\/\/fr.wikipedia.org\/wiki\/Sp%C3%A9cial:Ouvrages_de_r%C3%A9f%C3%A9rence\/2850251747\"><span class=\"nowrap\">2850251747<\/span><\/a>)<\/small><\/li>\n<li><i>Le Caravage<\/i>\u00a0&#8211; Seuil, collection Regard (1927 et r\u00e9\u00e9dition 2004)\u00a0<small>(<a title=\"International Standard Book Number\" href=\"https:\/\/fr.wikipedia.org\/wiki\/International_Standard_Book_Number\">ISBN<\/a>\u00a0<a title=\"Sp\u00e9cial:Ouvrages de r\u00e9f\u00e9rence\/2 84105 169 2\" href=\"https:\/\/fr.wikipedia.org\/wiki\/Sp%C3%A9cial:Ouvrages_de_r%C3%A9f%C3%A9rence\/2_84105_169_2\"><span class=\"nowrap\">2 84105 169 2<\/span><\/a>)<\/small><\/li>\n<li><i>L\u2019Atelier de Ferrare<\/i>, \u00c9ditions G\u00e9rard Monfort (1992)\u00a0<small>(<a title=\"International Standard Book Number\" href=\"https:\/\/fr.wikipedia.org\/wiki\/International_Standard_Book_Number\">ISBN<\/a>\u00a0<a title=\"Sp\u00e9cial:Ouvrages de r\u00e9f\u00e9rence\/2852260395\" href=\"https:\/\/fr.wikipedia.org\/wiki\/Sp%C3%A9cial:Ouvrages_de_r%C3%A9f%C3%A9rence\/2852260395\"><span class=\"nowrap\">2852260395<\/span><\/a>)<\/small><\/li>\n<li><i>\u00c0 propos de Masolino et de Masaccio\u00a0: Quelques faits. Les fresques du Carmine\u00a0: Masaccio et Dante.<\/i>\u00a0Pandora \u00e9ditions (1981)<\/li>\n<li><i>Masolino et Masaccio<\/i>, Pandora \u00e9ditions (1983)<\/li>\n<li><i>Le Caravage,<\/i>\u00a0Editions du Regard (2024), traduit par G\u00e9rard-Julien Salvy<\/li>\n<\/ul>\n<div class=\"mw-heading mw-heading2\" style=\"text-align: justify;\">\n<h2 id=\"Notes_et_r\u00e9f\u00e9rences\"><span id=\"Notes_et_r.C3.A9f.C3.A9rences\"><\/span>Notes et r\u00e9f\u00e9rences<\/h2>\n<\/div>\n<div class=\"mw-references-wrap\" style=\"text-align: justify;\">\n<ol class=\"references\">\n<li id=\"cite_note-expo2015-1\"><span class=\"reference-text\"><span class=\"ouvrage\"><abbr class=\"abbr indicateur-langue\" title=\"Langue : anglais\">(en)<\/abbr>\u00a0\u00ab\u00a0<a class=\"external text\" href=\"http:\/\/www.giotto-caravage.com\/fr\/lexposition-4\/roberto-longhi\" rel=\"nofollow\"><cite lang=\"en\">Giotto-caravage.com<\/cite><\/a><small class=\"cachelinks\">\u00a0[<a title=\"archive sur Wikiwix\" href=\"https:\/\/archive.wikiwix.com\/cache\/?url=http%3A%2F%2Fwww.giotto-caravage.com%2Ffr%2Flexposition-4%2Froberto-longhi\">archive<\/a>]<\/small>\u00a0\u00bb, sur\u00a0<span class=\"italique\">giotto-caravage.com<\/span>\u00a0<small>(consult\u00e9 le\u00a0<time class=\"nowrap\" datetime=\"2023-06-08\" data-sort-value=\"2023-06-08\">8 juin 2023<\/time>)<\/small><\/span>.<\/span><\/li>\n<li id=\"cite_note-2\"><span class=\"reference-text\"><span class=\"ouvrage\">\u00ab\u00a0<a class=\"external text\" href=\"http:\/\/mba.caen.fr\/exposition\/lecole-du-regard\" rel=\"nofollow\"><cite>L&rsquo;\u00c9cole du regard | Mus\u00e9e des beaux arts de Caen<\/cite><\/a><small class=\"cachelinks\">\u00a0[<a title=\"archive sur Wikiwix\" href=\"https:\/\/archive.wikiwix.com\/cache\/?url=http%3A%2F%2Fmba.caen.fr%2Fexposition%2Flecole-du-regard\">archive<\/a>]<\/small>\u00a0\u00bb, sur\u00a0<span class=\"italique\">mba.caen.fr<\/span>\u00a0<small>(consult\u00e9 le\u00a0<time class=\"nowrap\" datetime=\"2021-07-18\" data-sort-value=\"2021-07-18\">18 juillet 2021<\/time>)<\/small><\/span><\/span><\/li>\n<\/ol>\n<\/div>\n<div class=\"mw-heading mw-heading2\" style=\"text-align: justify;\">\n<h2 id=\"R\u00e9f\u00e9rences_internes\"><span id=\"R.C3.A9f.C3.A9rences_internes\"><\/span>R\u00e9f\u00e9rences internes<\/h2>\n<\/div>\n<p style=\"text-align: justify;\">Les \u0153uvres comment\u00e9es dans ses ouvrages\u00a0:<\/p>\n<ul style=\"text-align: justify;\">\n<li><i><a title=\"La Mort de la Vierge (Le Caravage)\" href=\"https:\/\/fr.wikipedia.org\/wiki\/La_Mort_de_la_Vierge_(Le_Caravage)\">La Mort de la Vierge<\/a><\/i>\u00a0de\u00a0<a title=\"Le Caravage\" href=\"https:\/\/fr.wikipedia.org\/wiki\/Le_Caravage\">Caravage<\/a><\/li>\n<li>Toutes les\u00a0<a title=\"Cat\u00e9gorie:Fresque de Piero della Francesca\" href=\"https:\/\/fr.wikipedia.org\/wiki\/Cat%C3%A9gorie:Fresque_de_Piero_della_Francesca\">fresques de Piero della Francesca<\/a><\/li>\n<\/ul>\n<div class=\"mw-heading mw-heading2\" style=\"text-align: justify;\">\n<h2 id=\"Autres_r\u00e9f\u00e9rences\"><span id=\"Autres_r.C3.A9f.C3.A9rences\"><\/span>Autres r\u00e9f\u00e9rences<\/h2>\n<\/div>\n<p style=\"text-align: justify;\">Les \u00e9crits de\u00a0<a title=\"Federico Zeri\" href=\"https:\/\/fr.wikipedia.org\/wiki\/Federico_Zeri\">Federico Zeri<\/a>\u00a0qui cite Longhi et\u00a0<a title=\"Bernard Berenson\" href=\"https:\/\/fr.wikipedia.org\/wiki\/Bernard_Berenson\">Bernard Berenson<\/a>, dans sa galerie de portraits et ses diff\u00e9rents ouvrages-entretiens autobiographiques.<\/p>\n<div class=\"mw-heading mw-heading2\" style=\"text-align: justify;\">\n<h2 id=\"Articles_connexes\">Articles connexes<\/h2>\n<\/div>\n<p style=\"text-align: justify;\">Autres historiens de l&rsquo;art ayant \u00e9crit sur l&rsquo;<a title=\"Italie\" href=\"https:\/\/fr.wikipedia.org\/wiki\/Italie\">Italie<\/a>\u00a0:<\/p>\n<ul style=\"text-align: justify;\">\n<li><a title=\"Daniel Arasse\" href=\"https:\/\/fr.wikipedia.org\/wiki\/Daniel_Arasse\">Daniel Arasse<\/a><\/li>\n<li><a title=\"Bernard Berenson\" href=\"https:\/\/fr.wikipedia.org\/wiki\/Bernard_Berenson\">Bernard Berenson<\/a><\/li>\n<li><a title=\"Marcel Brion\" href=\"https:\/\/fr.wikipedia.org\/wiki\/Marcel_Brion\">Marcel Brion<\/a><\/li>\n<li><a title=\"Enzo Carli\" href=\"https:\/\/fr.wikipedia.org\/wiki\/Enzo_Carli\">Enzo Carli<\/a><\/li>\n<li><a title=\"Denis Mahon\" href=\"https:\/\/fr.wikipedia.org\/wiki\/Denis_Mahon\">Denis Mahon<\/a><\/li>\n<li><a title=\"John Pope-Hennessy\" href=\"https:\/\/fr.wikipedia.org\/wiki\/John_Pope-Hennessy\">John Pope-Hennessy<\/a><\/li>\n<li><a title=\"Federico Zeri\" href=\"https:\/\/fr.wikipedia.org\/wiki\/Federico_Zeri\">Federico Zeri<\/a><\/li>\n<\/ul>\n<p style=\"text-align: justify;\">Marchands et collectionneurs avec qui il a collabor\u00e9\u00a0:<\/p>\n<ul>\n<li style=\"text-align: justify;\"><a title=\"Alessandro Contini Bonacossi\" href=\"https:\/\/fr.wikipedia.org\/wiki\/Alessandro_Contini_Bonacossi\">Alessandro Contini Bonacossi<\/a><\/li>\n<\/ul>\n","protected":false},"excerpt":{"rendered":"<p>Roberto Longhi Roberto Longhi\u00a0(Alba, 1890 &#8211;\u00a0Florence, 1970) est un\u00a0historien de l&rsquo;art\u00a0italien\u00a0c\u00e9l\u00e8bre par ses \u00e9tudes sur\u00a0Domenico Veneziano, sur\u00a0Hendrick ter Brugghen, sur\u00a0Caravage, sur\u00a0Velasquez, sur\u00a0Masolino, sur\u00a0Masaccio\u00a0et plus particuli\u00e8rement sur\u00a0Piero della Francesca\u00a0(\u00e9tude c\u00e9l\u00e8bre parue en 1927). Sa d\u00e9couverte des \u00e9glises, des mus\u00e9es et des collections d&rsquo;art de toute l&rsquo;Europe, dans un voyage de 2 ans entre 1920 et 1922, [&hellip;]<\/p>\n","protected":false},"author":1,"featured_media":17416,"parent":0,"menu_order":0,"comment_status":"closed","ping_status":"closed","template":"","meta":{"footnotes":""},"class_list":["post-17412","page","type-page","status-publish","has-post-thumbnail","hentry"],"_links":{"self":[{"href":"https:\/\/oraziopuglisi.art\/index.php\/wp-json\/wp\/v2\/pages\/17412","targetHints":{"allow":["GET"]}}],"collection":[{"href":"https:\/\/oraziopuglisi.art\/index.php\/wp-json\/wp\/v2\/pages"}],"about":[{"href":"https:\/\/oraziopuglisi.art\/index.php\/wp-json\/wp\/v2\/types\/page"}],"author":[{"embeddable":true,"href":"https:\/\/oraziopuglisi.art\/index.php\/wp-json\/wp\/v2\/users\/1"}],"replies":[{"embeddable":true,"href":"https:\/\/oraziopuglisi.art\/index.php\/wp-json\/wp\/v2\/comments?post=17412"}],"version-history":[{"count":3,"href":"https:\/\/oraziopuglisi.art\/index.php\/wp-json\/wp\/v2\/pages\/17412\/revisions"}],"predecessor-version":[{"id":17415,"href":"https:\/\/oraziopuglisi.art\/index.php\/wp-json\/wp\/v2\/pages\/17412\/revisions\/17415"}],"wp:featuredmedia":[{"embeddable":true,"href":"https:\/\/oraziopuglisi.art\/index.php\/wp-json\/wp\/v2\/media\/17416"}],"wp:attachment":[{"href":"https:\/\/oraziopuglisi.art\/index.php\/wp-json\/wp\/v2\/media?parent=17412"}],"curies":[{"name":"wp","href":"https:\/\/api.w.org\/{rel}","templated":true}]}}