{"id":17318,"date":"2025-07-12T11:53:07","date_gmt":"2025-07-12T09:53:07","guid":{"rendered":"https:\/\/oraziopuglisi.art\/?page_id=17318"},"modified":"2025-07-12T13:00:29","modified_gmt":"2025-07-12T11:00:29","slug":"icones-de-moscou","status":"publish","type":"page","link":"https:\/\/oraziopuglisi.art\/index.php\/icones-de-moscou\/","title":{"rendered":"Ic\u00f4nes de Moscou"},"content":{"rendered":"<p style=\"text-align: justify;\">Moscou ne poss\u00e9dait pas de tradition culturelle comme les autres villes russes. Au\u00a0<abbr class=\"abbr\" title=\"12\u1d49 si\u00e8cle\"><span class=\"romain\">XII<\/span><sup>e<\/sup><\/abbr>\u00a0si\u00e8cle et au\u00a0<abbr class=\"abbr\" title=\"13\u1d49 si\u00e8cle\"><span class=\"romain\">XIII<\/span><sup>e<\/sup><\/abbr>\u00a0si\u00e8cle il n&rsquo;y a pas d&rsquo;ic\u00f4nes, ni de fresques d&rsquo;ailleurs. Vers le d\u00e9but du\u00a0<abbr class=\"abbr\" title=\"14\u1d49 si\u00e8cle\"><span class=\"romain\">XIV<\/span><sup>e<\/sup><\/abbr>\u00a0si\u00e8cle, elle d\u00e9veloppe peu \u00e0 peu une cr\u00e9ation originale inspir\u00e9e par les autres centres et \u00e0 la fin de ce si\u00e8cle la ville devient le centre de la cr\u00e9ation en Russie. Au d\u00e9but du\u00a0<abbr class=\"abbr\" title=\"15\u1d49 si\u00e8cle\"><span class=\"romain\">XV<\/span><sup>e<\/sup><\/abbr>\u00a0si\u00e8cle,\u00a0<a title=\"Th\u00e9ophane le Grec\" href=\"https:\/\/fr.wikipedia.org\/wiki\/Th%C3%A9ophane_le_Grec\">Th\u00e9ophane le Grec<\/a>\u00a0et\u00a0<a title=\"Andre\u00ef Roublev\" href=\"https:\/\/fr.wikipedia.org\/wiki\/Andre%C3%AF_Roublev\">Andre\u00ef Roublev<\/a>\u00a0travaillent aux fresques de la cath\u00e9drale de l&rsquo;Annonciation au Kremlin. Th\u00e9ophane vient de Novgorod \u00e0 la demande des Moscovites<sup id=\"cite_ref-13\" class=\"reference\"><a href=\"https:\/\/fr.wikipedia.org\/wiki\/Ic%C3%B4ne_russe#cite_note-13\"><span class=\"cite-bracket\">[<\/span>13<span class=\"cite-bracket\">]<\/span><\/a><\/sup>. Quant \u00e0 Roublev, c&rsquo;est la premi\u00e8re fois en 1405 que son nom est cit\u00e9 par les chroniques<sup id=\"cite_ref-14\" class=\"reference\"><a href=\"https:\/\/fr.wikipedia.org\/wiki\/Ic%C3%B4ne_russe#cite_note-14\"><span class=\"cite-bracket\">[<\/span>14<span class=\"cite-bracket\">]<\/span><\/a><\/sup>. Plus tard, tout en d\u00e9corant les murs des cath\u00e9drales avec\u00a0<a title=\"Daniil Tcherny\" href=\"https:\/\/fr.wikipedia.org\/wiki\/Daniil_Tcherny\">Daniil Tcherny<\/a>, il cr\u00e9era de nombreuses ic\u00f4nes dont une faible partie nous est parvenue et qui sont les \u0153uvres les plus accomplies de l&rsquo;art russe ancien.<\/p>\n<ul class=\"gallery mw-gallery-traditional\">\n<li class=\"gallerycaption\">Ic\u00f4nes de Moscou<\/li>\n<li class=\"gallerybox\">\n<div class=\"thumb\"><a class=\"mw-file-description\" title=\"Th\u00e9ophane le Grec, La Vierge du Don\" href=\"https:\/\/commons.wikimedia.org\/wiki\/File:Feofan_Donskaja.jpg?uselang=fr\"><img loading=\"lazy\" decoding=\"async\" class=\"mw-file-element\" src=\"https:\/\/upload.wikimedia.org\/wikipedia\/commons\/thumb\/7\/7b\/Feofan_Donskaja.jpg\/250px-Feofan_Donskaja.jpg\" srcset=\"\/\/upload.wikimedia.org\/wikipedia\/commons\/thumb\/7\/7b\/Feofan_Donskaja.jpg\/330px-Feofan_Donskaja.jpg 2x\" alt=\"Th\u00e9ophane le Grec, La Vierge du Don\" width=\"154\" height=\"196\" data-file-width=\"1300\" data-file-height=\"1657\" \/><\/a><\/div>\n<div class=\"gallerytext\">Th\u00e9ophane le Grec,\u00a0<a title=\"La Vierge du Don\" href=\"https:\/\/fr.wikipedia.org\/wiki\/La_Vierge_du_Don\">La Vierge du Don<\/a><\/div>\n<\/li>\n<li class=\"gallerybox\">\n<div class=\"thumb\"><a class=\"mw-file-description\" title=\"Th\u00e9ophane le Grec (?) La Transfiguration (1403 Galerie Tretiakov), 1408\" href=\"https:\/\/commons.wikimedia.org\/wiki\/File:Transfiguration_by_Feofan_Grek_from_Spaso-Preobrazhensky_Cathedral_in_Pereslavl-Zalessky_(15th_c,_Tretyakov_gallery).jpeg?uselang=fr\"><img loading=\"lazy\" decoding=\"async\" class=\"mw-file-element\" src=\"https:\/\/upload.wikimedia.org\/wikipedia\/commons\/thumb\/d\/da\/Transfiguration_by_Feofan_Grek_from_Spaso-Preobrazhensky_Cathedral_in_Pereslavl-Zalessky_%2815th_c%2C_Tretyakov_gallery%29.jpeg\/250px-Transfiguration_by_Feofan_Grek_from_Spaso-Preobrazhensky_Cathedral_in_Pereslavl-Zalessky_%2815th_c%2C_Tretyakov_gallery%29.jpeg\" srcset=\"\/\/upload.wikimedia.org\/wikipedia\/commons\/thumb\/d\/da\/Transfiguration_by_Feofan_Grek_from_Spaso-Preobrazhensky_Cathedral_in_Pereslavl-Zalessky_%2815th_c%2C_Tretyakov_gallery%29.jpeg\/330px-Transfiguration_by_Feofan_Grek_from_Spaso-Preobrazhensky_Cathedral_in_Pereslavl-Zalessky_%2815th_c%2C_Tretyakov_gallery%29.jpeg 2x\" alt=\"Th\u00e9ophane le Grec (?) La Transfiguration (1403 Galerie Tretiakov), 1408\" width=\"144\" height=\"200\" data-file-width=\"1400\" data-file-height=\"1944\" \/><\/a><\/div>\n<div class=\"gallerytext\">Th\u00e9ophane le Grec (?)<br \/>\n<i>La\u00a0<a class=\"mw-redirect\" title=\"Transfiguration (1403 Galerie Tretiakov)\" href=\"https:\/\/fr.wikipedia.org\/wiki\/Transfiguration_(1403_Galerie_Tretiakov)\">Transfiguration (1403 Galerie Tretiakov)<\/a><\/i>,\u00a0<a title=\"1408\" href=\"https:\/\/fr.wikipedia.org\/wiki\/1408\">1408<\/a><\/div>\n<\/li>\n<li class=\"gallerybox\">\n<div class=\"thumb\"><a class=\"mw-file-description\" title=\"Ic\u00f4ne de la Trinit\u00e9 \/Andre\u00ef Roublev\" href=\"https:\/\/commons.wikimedia.org\/wiki\/File:Angelsatmamre-trinity-rublev-1410.jpg?uselang=fr\"><img loading=\"lazy\" decoding=\"async\" class=\"mw-file-element\" src=\"https:\/\/upload.wikimedia.org\/wikipedia\/commons\/thumb\/0\/0b\/Angelsatmamre-trinity-rublev-1410.jpg\/250px-Angelsatmamre-trinity-rublev-1410.jpg\" srcset=\"\/\/upload.wikimedia.org\/wikipedia\/commons\/thumb\/0\/0b\/Angelsatmamre-trinity-rublev-1410.jpg\/330px-Angelsatmamre-trinity-rublev-1410.jpg 2x\" alt=\"Ic\u00f4ne de la Trinit\u00e9 \/Andre\u00ef Roublev\" width=\"154\" height=\"192\" data-file-width=\"1300\" data-file-height=\"1619\" \/><\/a><\/div>\n<div class=\"gallerytext\"><a title=\"Ic\u00f4ne de la Trinit\u00e9\" href=\"https:\/\/fr.wikipedia.org\/wiki\/Ic%C3%B4ne_de_la_Trinit%C3%A9\">Ic\u00f4ne de la Trinit\u00e9<\/a>\u00a0\/<a title=\"Andre\u00ef Roublev\" href=\"https:\/\/fr.wikipedia.org\/wiki\/Andre%C3%AF_Roublev\">Andre\u00ef Roublev<\/a><\/div>\n<\/li>\n<\/ul>\n","protected":false},"excerpt":{"rendered":"<p>Moscou ne poss\u00e9dait pas de tradition culturelle comme les autres villes russes. Au\u00a0XIIe\u00a0si\u00e8cle et au\u00a0XIIIe\u00a0si\u00e8cle il n&rsquo;y a pas d&rsquo;ic\u00f4nes, ni de fresques d&rsquo;ailleurs. Vers le d\u00e9but du\u00a0XIVe\u00a0si\u00e8cle, elle d\u00e9veloppe peu \u00e0 peu une cr\u00e9ation originale inspir\u00e9e par les autres centres et \u00e0 la fin de ce si\u00e8cle la ville devient le centre de la [&hellip;]<\/p>\n","protected":false},"author":1,"featured_media":17346,"parent":0,"menu_order":0,"comment_status":"closed","ping_status":"closed","template":"","meta":{"footnotes":""},"class_list":["post-17318","page","type-page","status-publish","has-post-thumbnail","hentry"],"_links":{"self":[{"href":"https:\/\/oraziopuglisi.art\/index.php\/wp-json\/wp\/v2\/pages\/17318","targetHints":{"allow":["GET"]}}],"collection":[{"href":"https:\/\/oraziopuglisi.art\/index.php\/wp-json\/wp\/v2\/pages"}],"about":[{"href":"https:\/\/oraziopuglisi.art\/index.php\/wp-json\/wp\/v2\/types\/page"}],"author":[{"embeddable":true,"href":"https:\/\/oraziopuglisi.art\/index.php\/wp-json\/wp\/v2\/users\/1"}],"replies":[{"embeddable":true,"href":"https:\/\/oraziopuglisi.art\/index.php\/wp-json\/wp\/v2\/comments?post=17318"}],"version-history":[{"count":3,"href":"https:\/\/oraziopuglisi.art\/index.php\/wp-json\/wp\/v2\/pages\/17318\/revisions"}],"predecessor-version":[{"id":17347,"href":"https:\/\/oraziopuglisi.art\/index.php\/wp-json\/wp\/v2\/pages\/17318\/revisions\/17347"}],"wp:featuredmedia":[{"embeddable":true,"href":"https:\/\/oraziopuglisi.art\/index.php\/wp-json\/wp\/v2\/media\/17346"}],"wp:attachment":[{"href":"https:\/\/oraziopuglisi.art\/index.php\/wp-json\/wp\/v2\/media?parent=17318"}],"curies":[{"name":"wp","href":"https:\/\/api.w.org\/{rel}","templated":true}]}}