{"id":17316,"date":"2025-07-12T11:52:13","date_gmt":"2025-07-12T09:52:13","guid":{"rendered":"https:\/\/oraziopuglisi.art\/?page_id=17316"},"modified":"2025-07-12T12:57:32","modified_gmt":"2025-07-12T10:57:32","slug":"icones-de-russie-centrale-iaroslavl-vladimir-et-souzdal","status":"publish","type":"page","link":"https:\/\/oraziopuglisi.art\/index.php\/icones-de-russie-centrale-iaroslavl-vladimir-et-souzdal\/","title":{"rendered":"Ic\u00f4nes de Russie centrale (Iaroslavl, Vladimir et Souzdal)"},"content":{"rendered":"<p><span style=\"font-size: 10px;\">Image mise en avant : St Boris et Gleb (Vladimir XIV\u00e8 Si\u00e8cle)<\/span><\/p>\n<p style=\"text-align: justify;\">Les ma\u00eetres de\u00a0<a title=\"Iaroslavl\" href=\"https:\/\/fr.wikipedia.org\/wiki\/Iaroslavl\">Iaroslavl<\/a>,\u00a0<a title=\"Vladimir (Russie)\" href=\"https:\/\/fr.wikipedia.org\/wiki\/Vladimir_(Russie)\">Vladimir<\/a>,\u00a0<a title=\"Souzdal\" href=\"https:\/\/fr.wikipedia.org\/wiki\/Souzdal\">Souzdal<\/a>,\u00a0<a title=\"Rostov Veliki\" href=\"https:\/\/fr.wikipedia.org\/wiki\/Rostov_Veliki\">Rostov Veliki<\/a>, jouent un r\u00f4le important dans l&rsquo;art du\u00a0<abbr class=\"abbr\" title=\"13\u1d49 si\u00e8cle\"><span class=\"romain\">XIII<\/span><sup>e<\/sup><\/abbr>\u00a0si\u00e8cle. Ils avaient leur propre style d&rsquo;une grande richesse et originalit\u00e9. Malheureusement il ne reste guerre d&rsquo;<a class=\"mw-redirect\" title=\"Ic\u00f4nes russes pr\u00e9-mongoles\" href=\"https:\/\/fr.wikipedia.org\/wiki\/Ic%C3%B4nes_russes_pr%C3%A9-mongoles\">ic\u00f4nes pr\u00e9-mongoles<\/a>\u00a0de cette r\u00e9gion du fait que c&rsquo;est elle qui a subi de front les assauts des hordes mongoles<sup id=\"cite_ref-12\" class=\"reference\"><a href=\"https:\/\/fr.wikipedia.org\/wiki\/Ic%C3%B4ne_russe#cite_note-12\"><span class=\"cite-bracket\">[<\/span>12<span class=\"cite-bracket\">]<\/span><\/a><\/sup>.<\/p>\n<ul class=\"gallery mw-gallery-traditional\">\n<li class=\"gallerycaption\">Ic\u00f4nes de Russie centrale<\/li>\n<li class=\"gallerybox\">\n<div class=\"thumb\"><a class=\"mw-file-description\" title=\"L'Archange Mikha\u00efl (Iaroslavl, XIIIe\u00a0si\u00e8cle, GTG)\" href=\"https:\/\/commons.wikimedia.org\/wiki\/File:Saint_Michael_(Yaroslavl,_13th_c.,_GTG).jpg?uselang=fr\"><img loading=\"lazy\" decoding=\"async\" class=\"mw-file-element\" src=\"https:\/\/upload.wikimedia.org\/wikipedia\/commons\/thumb\/a\/a9\/Saint_Michael_%28Yaroslavl%2C_13th_c.%2C_GTG%29.jpg\/120px-Saint_Michael_%28Yaroslavl%2C_13th_c.%2C_GTG%29.jpg\" srcset=\"\/\/upload.wikimedia.org\/wikipedia\/commons\/thumb\/a\/a9\/Saint_Michael_%28Yaroslavl%2C_13th_c.%2C_GTG%29.jpg\/250px-Saint_Michael_%28Yaroslavl%2C_13th_c.%2C_GTG%29.jpg 1.5x\" alt=\"L'Archange Mikha\u00efl (Iaroslavl, XIIIe\u00a0si\u00e8cle, GTG)\" width=\"120\" height=\"200\" data-file-width=\"1300\" data-file-height=\"2157\" \/><\/a><\/div>\n<div class=\"gallerytext\"><a class=\"mw-redirect\" title=\"L'Archange Mikha\u00efl\" href=\"https:\/\/fr.wikipedia.org\/wiki\/L%27Archange_Mikha%C3%AFl\">L&rsquo;Archange Mikha\u00efl<\/a>\u00a0(Iaroslavl,\u00a0<a title=\"XIIIe si\u00e8cle\" href=\"https:\/\/fr.wikipedia.org\/wiki\/XIIIe_si%C3%A8cle\"><abbr class=\"abbr\" title=\"13\u1d49 si\u00e8cle\"><span class=\"romain\">XIII<\/span><sup>e<\/sup><\/abbr>\u00a0si\u00e8cle<\/a>, GTG)<\/div>\n<\/li>\n<li class=\"gallerybox\">\n<div class=\"thumb\"><a class=\"mw-file-description\" title=\"Saints Boris et Gleb (Vladimir, XIVe\u00a0si\u00e8cle)\" href=\"https:\/\/commons.wikimedia.org\/wiki\/File:Unknow_-_St_Boris_and_St_Gleb_-_Google_Art_Project.jpg?uselang=fr\"><img loading=\"lazy\" decoding=\"async\" class=\"mw-file-element\" src=\"https:\/\/upload.wikimedia.org\/wikipedia\/commons\/thumb\/5\/54\/Unknow_-_St_Boris_and_St_Gleb_-_Google_Art_Project.jpg\/250px-Unknow_-_St_Boris_and_St_Gleb_-_Google_Art_Project.jpg\" srcset=\"\/\/upload.wikimedia.org\/wikipedia\/commons\/thumb\/5\/54\/Unknow_-_St_Boris_and_St_Gleb_-_Google_Art_Project.jpg\/330px-Unknow_-_St_Boris_and_St_Gleb_-_Google_Art_Project.jpg 2x\" alt=\"Saints Boris et Gleb (Vladimir, XIVe\u00a0si\u00e8cle)\" width=\"131\" height=\"200\" data-file-width=\"3223\" data-file-height=\"4927\" \/><\/a><\/div>\n<div class=\"gallerytext\"><a title=\"Saints Boris et Gleb (ic\u00f4ne)\" href=\"https:\/\/fr.wikipedia.org\/wiki\/Saints_Boris_et_Gleb_(ic%C3%B4ne)\">Saints Boris et Gleb<\/a>\u00a0(Vladimir,\u00a0<a title=\"XIVe si\u00e8cle\" href=\"https:\/\/fr.wikipedia.org\/wiki\/XIVe_si%C3%A8cle\"><abbr class=\"abbr\" title=\"14\u1d49 si\u00e8cle\"><span class=\"romain\">XIV<\/span><sup>e<\/sup><\/abbr>\u00a0si\u00e8cle<\/a>)<\/div>\n<\/li>\n<li class=\"gallerybox\">\n<div class=\"thumb\"><a class=\"mw-file-description\" title=\"La Vierge de Tolga (pr\u00e8s de Iaroslavl, XIIIe\u00a0si\u00e8cle)\" href=\"https:\/\/commons.wikimedia.org\/wiki\/File:%D0%91%D0%BE%D0%BB%D1%8C%D1%88%D0%B0%D1%8F_%D0%B8%D0%BA%D0%BE%D0%BD%D0%B0_%D0%A2%D0%BE%D0%BB%D0%B3%D1%81%D0%BA%D0%BE%D0%B9_%D0%91%D0%BE%D0%B3%D0%BE%D0%BC%D0%B0%D1%82%D0%B5%D1%80%D0%B8.jpg?uselang=fr\"><img loading=\"lazy\" decoding=\"async\" class=\"mw-file-element\" src=\"https:\/\/upload.wikimedia.org\/wikipedia\/commons\/thumb\/7\/79\/%D0%91%D0%BE%D0%BB%D1%8C%D1%88%D0%B0%D1%8F_%D0%B8%D0%BA%D0%BE%D0%BD%D0%B0_%D0%A2%D0%BE%D0%BB%D0%B3%D1%81%D0%BA%D0%BE%D0%B9_%D0%91%D0%BE%D0%B3%D0%BE%D0%BC%D0%B0%D1%82%D0%B5%D1%80%D0%B8.jpg\/250px-%D0%91%D0%BE%D0%BB%D1%8C%D1%88%D0%B0%D1%8F_%D0%B8%D0%BA%D0%BE%D0%BD%D0%B0_%D0%A2%D0%BE%D0%BB%D0%B3%D1%81%D0%BA%D0%BE%D0%B9_%D0%91%D0%BE%D0%B3%D0%BE%D0%BC%D0%B0%D1%82%D0%B5%D1%80%D0%B8.jpg\" srcset=\"\/\/upload.wikimedia.org\/wikipedia\/commons\/thumb\/7\/79\/%D0%91%D0%BE%D0%BB%D1%8C%D1%88%D0%B0%D1%8F_%D0%B8%D0%BA%D0%BE%D0%BD%D0%B0_%D0%A2%D0%BE%D0%BB%D0%B3%D1%81%D0%BA%D0%BE%D0%B9_%D0%91%D0%BE%D0%B3%D0%BE%D0%BC%D0%B0%D1%82%D0%B5%D1%80%D0%B8.jpg\/330px-%D0%91%D0%BE%D0%BB%D1%8C%D1%88%D0%B0%D1%8F_%D0%B8%D0%BA%D0%BE%D0%BD%D0%B0_%D0%A2%D0%BE%D0%BB%D0%B3%D1%81%D0%BA%D0%BE%D0%B9_%D0%91%D0%BE%D0%B3%D0%BE%D0%BC%D0%B0%D1%82%D0%B5%D1%80%D0%B8.jpg 2x\" alt=\"La Vierge de Tolga (pr\u00e8s de Iaroslavl, XIIIe\u00a0si\u00e8cle)\" width=\"130\" height=\"200\" data-file-width=\"1300\" data-file-height=\"1993\" \/><\/a><\/div>\n<div class=\"gallerytext\"><a title=\"La Vierge de Tolga\" href=\"https:\/\/fr.wikipedia.org\/wiki\/La_Vierge_de_Tolga\">La Vierge de Tolga<\/a>\u00a0(pr\u00e8s de Iaroslavl,\u00a0<a title=\"XIIIe si\u00e8cle\" href=\"https:\/\/fr.wikipedia.org\/wiki\/XIIIe_si%C3%A8cle\"><abbr class=\"abbr\" title=\"13\u1d49 si\u00e8cle\"><span class=\"romain\">XIII<\/span><sup>e<\/sup><\/abbr>\u00a0si\u00e8cle<\/a>)<\/div>\n<\/li>\n<li class=\"gallerybox\">\n<div class=\"thumb\"><a class=\"mw-file-description\" title=\"Saint D\u00e9m\u00e9trios de Salonique (ic\u00f4ne) XIIe\u00a0si\u00e8cle\" href=\"https:\/\/commons.wikimedia.org\/wiki\/File:Saint_Demetrios_de_Thessalonique.jpg?uselang=fr\"><img loading=\"lazy\" decoding=\"async\" class=\"mw-file-element\" src=\"https:\/\/upload.wikimedia.org\/wikipedia\/commons\/thumb\/4\/42\/Saint_Demetrios_de_Thessalonique.jpg\/250px-Saint_Demetrios_de_Thessalonique.jpg\" srcset=\"\/\/upload.wikimedia.org\/wikipedia\/commons\/thumb\/4\/42\/Saint_Demetrios_de_Thessalonique.jpg\/330px-Saint_Demetrios_de_Thessalonique.jpg 2x\" alt=\"Saint D\u00e9m\u00e9trios de Salonique (ic\u00f4ne) XIIe\u00a0si\u00e8cle\" width=\"140\" height=\"200\" data-file-width=\"1200\" data-file-height=\"1718\" \/><\/a><\/div>\n<div class=\"gallerytext\"><a title=\"Saint D\u00e9m\u00e9trios de Salonique (ic\u00f4ne)\" href=\"https:\/\/fr.wikipedia.org\/wiki\/Saint_D%C3%A9m%C3%A9trios_de_Salonique_(ic%C3%B4ne)\">Saint D\u00e9m\u00e9trios de Salonique (ic\u00f4ne)<\/a>\u00a0<abbr class=\"abbr\" title=\"12\u1d49 si\u00e8cle\"><span class=\"romain\">XII<\/span><sup>e<\/sup><\/abbr>\u00a0si\u00e8cle<\/div>\n<\/li>\n<\/ul>\n","protected":false},"excerpt":{"rendered":"<p>Image mise en avant : St Boris et Gleb (Vladimir XIV\u00e8 Si\u00e8cle) Les ma\u00eetres de\u00a0Iaroslavl,\u00a0Vladimir,\u00a0Souzdal,\u00a0Rostov Veliki, jouent un r\u00f4le important dans l&rsquo;art du\u00a0XIIIe\u00a0si\u00e8cle. Ils avaient leur propre style d&rsquo;une grande richesse et originalit\u00e9. Malheureusement il ne reste guerre d&rsquo;ic\u00f4nes pr\u00e9-mongoles\u00a0de cette r\u00e9gion du fait que c&rsquo;est elle qui a subi de front les assauts des [&hellip;]<\/p>\n","protected":false},"author":1,"featured_media":17342,"parent":0,"menu_order":0,"comment_status":"closed","ping_status":"closed","template":"","meta":{"footnotes":""},"class_list":["post-17316","page","type-page","status-publish","has-post-thumbnail","hentry"],"_links":{"self":[{"href":"https:\/\/oraziopuglisi.art\/index.php\/wp-json\/wp\/v2\/pages\/17316","targetHints":{"allow":["GET"]}}],"collection":[{"href":"https:\/\/oraziopuglisi.art\/index.php\/wp-json\/wp\/v2\/pages"}],"about":[{"href":"https:\/\/oraziopuglisi.art\/index.php\/wp-json\/wp\/v2\/types\/page"}],"author":[{"embeddable":true,"href":"https:\/\/oraziopuglisi.art\/index.php\/wp-json\/wp\/v2\/users\/1"}],"replies":[{"embeddable":true,"href":"https:\/\/oraziopuglisi.art\/index.php\/wp-json\/wp\/v2\/comments?post=17316"}],"version-history":[{"count":6,"href":"https:\/\/oraziopuglisi.art\/index.php\/wp-json\/wp\/v2\/pages\/17316\/revisions"}],"predecessor-version":[{"id":17344,"href":"https:\/\/oraziopuglisi.art\/index.php\/wp-json\/wp\/v2\/pages\/17316\/revisions\/17344"}],"wp:featuredmedia":[{"embeddable":true,"href":"https:\/\/oraziopuglisi.art\/index.php\/wp-json\/wp\/v2\/media\/17342"}],"wp:attachment":[{"href":"https:\/\/oraziopuglisi.art\/index.php\/wp-json\/wp\/v2\/media?parent=17316"}],"curies":[{"name":"wp","href":"https:\/\/api.w.org\/{rel}","templated":true}]}}