{"id":17314,"date":"2025-07-12T11:50:52","date_gmt":"2025-07-12T09:50:52","guid":{"rendered":"https:\/\/oraziopuglisi.art\/?page_id=17314"},"modified":"2025-07-12T12:23:23","modified_gmt":"2025-07-12T10:23:23","slug":"icones-de-pskov","status":"publish","type":"page","link":"https:\/\/oraziopuglisi.art\/index.php\/icones-de-pskov\/","title":{"rendered":"Ic\u00f4nes de Pskov"},"content":{"rendered":"<p><span style=\"font-size: 10px;\"><strong>Image mise en avant :<\/strong> <a href=\"https:\/\/fr.wikipedia.org\/wiki\/Le_Proph%C3%A8te_%C3%89lie_au_d%C3%A9sert\">Le Proph\u00e8te Elie au d\u00e9sert<\/a><\/span><\/p>\n<p style=\"text-align: justify;\">L&rsquo;\u00e9cole de peinture d&rsquo;ic\u00f4nes de\u00a0<a title=\"Pskov\" href=\"https:\/\/fr.wikipedia.org\/wiki\/Pskov\">Pskov<\/a>\u00a0remonte \u00e0 la fin du\u00a0<abbr class=\"abbr\" title=\"13\u1d49 si\u00e8cle\"><span class=\"romain\">XIII<\/span><sup>e<\/sup><\/abbr>\u00a0si\u00e8cle d\u00e9but du\u00a0<abbr class=\"abbr\" title=\"14\u1d49 si\u00e8cle\"><span class=\"romain\">XIV<\/span><sup>e<\/sup><\/abbr>\u00a0si\u00e8cle. Ses ic\u00f4nes sont class\u00e9es parmi les\u00a0<a title=\"Ic\u00f4ne russe postmongole\" href=\"https:\/\/fr.wikipedia.org\/wiki\/Ic%C3%B4ne_russe_postmongole\">ic\u00f4nes russes postmongoles<\/a>. Peu d&rsquo;ic\u00f4nes nous sont toutefois parvenues et, de plus, relativement tard. Elles sont expos\u00e9es \u00e0 la\u00a0<a title=\"Galerie Tretiakov\" href=\"https:\/\/fr.wikipedia.org\/wiki\/Galerie_Tretiakov\">Galerie Tretiakov<\/a>\u00a0ou au\u00a0<a class=\"mw-redirect\" title=\"Mus\u00e9e Russe\" href=\"https:\/\/fr.wikipedia.org\/wiki\/Mus%C3%A9e_Russe\">Mus\u00e9e Russe<\/a>. Mais le mus\u00e9e de Pskov en poss\u00e8de toutefois 700 expos\u00e9es dans trois salles de l&rsquo;h\u00f4tel Pogankine<sup id=\"cite_ref-10\" class=\"reference\"><a href=\"https:\/\/fr.wikipedia.org\/wiki\/Ic%C3%B4ne_russe#cite_note-10\"><span class=\"cite-bracket\">[<\/span>10<span class=\"cite-bracket\">]<\/span><\/a><\/sup>. D\u00e8s ses origines, la peinture de Pskov poss\u00e8de des particularit\u00e9s de par son approche individuelle des sujets et le dynamisme de ses compositions. C&rsquo;est \u00e0 Pskov que se manifeste le d\u00e9veloppement d&rsquo;un style libre, pittoresque et expressif. L&rsquo;expressivit\u00e9 est sans doute due aux conceptions du monde des habitants habitu\u00e9s aux guerres et aux \u00e9v\u00e8nements dramatiques, du fait de leur position g\u00e9ographique pr\u00e8s des fronti\u00e8res. L&rsquo;\u0153uvre de\u00a0<a title=\"Th\u00e9ophane le Grec\" href=\"https:\/\/fr.wikipedia.org\/wiki\/Th%C3%A9ophane_le_Grec\">Th\u00e9ophane le Grec<\/a>\u00a0\u00e0\u00a0<a title=\"Novgorod\" href=\"https:\/\/fr.wikipedia.org\/wiki\/Novgorod\">Novgorod<\/a>\u00a0a exerc\u00e9 une influence importante sur les artistes de Pskov. Il \u00e9tait en effet tr\u00e8s proche de la perception pskovienne de l&rsquo;art\u00a0: pr\u00e9dilection pour des coloris t\u00e9n\u00e9breux,\u00a0<a title=\"Rehaut\" href=\"https:\/\/fr.wikipedia.org\/wiki\/Rehaut\">rehauts<\/a>\u00a0blancs et\u00a0<a title=\"Assist d'ic\u00f4ne\" href=\"https:\/\/fr.wikipedia.org\/wiki\/Assist_d%27ic%C3%B4ne\">assistes<\/a>\u00a0sur les visages et les v\u00eatements sombres, laconisme, nuances de vert fonc\u00e9, de rouge et de jaune. Ces ic\u00f4nes manifestent aussi un certain archa\u00efsme dans le style, comme celui de l&rsquo;ic\u00f4ne d&rsquo;<a class=\"mw-redirect\" title=\"Proph\u00e8te Elie\" href=\"https:\/\/fr.wikipedia.org\/wiki\/Proph%C3%A8te_Elie\">\u00c9lie le proph\u00e8te<\/a><sup id=\"cite_ref-11\" class=\"reference\"><a href=\"https:\/\/fr.wikipedia.org\/wiki\/Ic%C3%B4ne_russe#cite_note-11\"><span class=\"cite-bracket\">[<\/span>11<span class=\"cite-bracket\">]<\/span><\/a><\/sup>.<\/p>\n<p>&nbsp;<\/p>\n<header class=\"mw-body-header vector-page-titlebar no-font-mode-scale\">\n<h1 id=\"firstHeading\" class=\"firstHeading mw-first-heading\">\u00a0<\/h1>\n<\/header>\n<div id=\"bodyContent\" class=\"vector-body ve-init-mw-desktopArticleTarget-targetContainer\" aria-labelledby=\"firstHeading\" data-mw-ve-target-container=\"\">\n<div id=\"mw-content-text\" class=\"mw-body-content\">\n<div class=\"mw-content-ltr mw-parser-output\" dir=\"ltr\" lang=\"fr\">\n<div class=\"infobox_v3 infobox infobox--frwiki noarchive large\">\n<div class=\"entete italique\">\n<div>Le Proph\u00e8te \u00c9lie au d\u00e9sert<\/div>\n<div>\u00a0<\/div>\n<\/div>\n<div>\n<div class=\"images\"><span class=\"mw-default-size\"><a class=\"mw-file-description\" href=\"https:\/\/commons.wikimedia.org\/wiki\/File:Iliya_prorok_ikona_Pskov.jpg?uselang=fr\"><img loading=\"lazy\" decoding=\"async\" class=\"mw-file-element\" src=\"https:\/\/upload.wikimedia.org\/wikipedia\/commons\/thumb\/e\/e4\/Iliya_prorok_ikona_Pskov.jpg\/330px-Iliya_prorok_ikona_Pskov.jpg\" srcset=\"\/\/upload.wikimedia.org\/wikipedia\/commons\/thumb\/e\/e4\/Iliya_prorok_ikona_Pskov.jpg\/500px-Iliya_prorok_ikona_Pskov.jpg 1.5x, \/\/upload.wikimedia.org\/wikipedia\/commons\/thumb\/e\/e4\/Iliya_prorok_ikona_Pskov.jpg\/960px-Iliya_prorok_ikona_Pskov.jpg 2x\" width=\"300\" height=\"375\" data-file-width=\"1400\" data-file-height=\"1749\" \/><\/a><\/span><\/div>\n<\/div>\n<table>\n<tbody>\n<tr class=\"\">\n<th scope=\"row\">Artiste<\/th>\n<td class=\"\">\n<div>?<\/div>\n<\/td>\n<\/tr>\n<tr class=\"\">\n<th scope=\"row\">Date<\/th>\n<td class=\"\">\n<div><abbr class=\"abbr\" title=\"13\u1d49 si\u00e8cle\"><span class=\"romain\">XIII<\/span><sup>e<\/sup><\/abbr>\u00a0si\u00e8cle<\/div>\n<\/td>\n<\/tr>\n<tr class=\"\">\n<th scope=\"row\">Type<\/th>\n<td class=\"\">\n<div>ic\u00f4ne<\/div>\n<\/td>\n<\/tr>\n<tr class=\"\">\n<th scope=\"row\">Localisation<\/th>\n<td class=\"\">\n<div><a title=\"Galerie Tretiakov\" href=\"https:\/\/fr.wikipedia.org\/wiki\/Galerie_Tretiakov\">Galerie Tretiakov<\/a>,\u00a0<a title=\"Moscou\" href=\"https:\/\/fr.wikipedia.org\/wiki\/Moscou\">Moscou<\/a>\u00a0<span class=\"nowrap\">(Russie)<\/span><\/div>\n<\/td>\n<\/tr>\n<\/tbody>\n<\/table>\n<p class=\"navbar noprint bordered navigation-not-searchable\">\u00a0<\/p>\n<\/div>\n<p style=\"text-align: justify;\"><i><b>Le Proph\u00e8te \u00c9lie au d\u00e9sert<\/b><\/i>\u00a0est une ic\u00f4ne\u00a0<a title=\"Russie\" href=\"https:\/\/fr.wikipedia.org\/wiki\/Russie\">russe<\/a>\u00a0fort ancienne dont les origines sont difficiles \u00e0 identifier. Elle figure toutefois parmi les rares ic\u00f4nes de\u00a0<a title=\"Pskov\" href=\"https:\/\/fr.wikipedia.org\/wiki\/Pskov\">Pskov<\/a>\u00a0connues du\u00a0<abbr class=\"abbr\" title=\"13\u1d49 si\u00e8cle\"><span class=\"romain\">XIII<\/span><sup>e<\/sup><\/abbr>\u00a0si\u00e8cle. Elle pourrait \u00eatre l&rsquo;une des plus anciennes, proche des fresques de l&rsquo;<a title=\"\u00c9glise de la Transfiguration-du-Sauveur du monast\u00e8re de la Miroja\" href=\"https:\/\/fr.wikipedia.org\/wiki\/%C3%89glise_de_la_Transfiguration-du-Sauveur_du_monast%C3%A8re_de_la_Miroja\">\u00c9glise de la Transfiguration-du-Sauveur du monast\u00e8re de la Miroja<\/a>\u00a0ou de l&rsquo;<a title=\"\u00c9glise de la Transfiguration-du-Sauveur-sur-N\u00e9r\u00e9ditsa\" href=\"https:\/\/fr.wikipedia.org\/wiki\/%C3%89glise_de_la_Transfiguration-du-Sauveur-sur-N%C3%A9r%C3%A9ditsa\">\u00c9glise de la Transfiguration-du-Sauveur-sur-N\u00e9r\u00e9ditsa<\/a>. Elle repr\u00e9sente\u00a0<a title=\"\u00c9lie\" href=\"https:\/\/fr.wikipedia.org\/wiki\/%C3%89lie\">\u00c9lie<\/a>, un proph\u00e8te majeur dans les religions\u00a0<a class=\"mw-redirect\" title=\"Abrahamique\" href=\"https:\/\/fr.wikipedia.org\/wiki\/Abrahamique\">abrahamiques<\/a>. C&rsquo;est une\u00a0<a title=\"Ic\u00f4ne jiti\u00e9\" href=\"https:\/\/fr.wikipedia.org\/wiki\/Ic%C3%B4ne_jiti%C3%A9\">ic\u00f4ne jiti\u00e9<\/a>\u00a0dont les\u00a0<a title=\"Pol\u00e9 (iconographie)\" href=\"https:\/\/fr.wikipedia.org\/wiki\/Pol%C3%A9_(iconographie)\">pol\u00e9s<\/a>\u00a0racontent la vie du proph\u00e8te. Elle date du milieu du\u00a0<abbr class=\"abbr\" title=\"13\u1d49 si\u00e8cle\"><span class=\"romain\">XIII<\/span><sup>e<\/sup><\/abbr>\u00a0si\u00e8cle.<\/p>\n<div class=\"mw-heading mw-heading2\">\n<h2 id=\"Particularit\u00e9s\"><span id=\"Particularit.C3.A9s\"><\/span><span style=\"font-size: 14px; font-family: 'book antiqua', palatino, serif;\">Particularit\u00e9s<\/span><\/h2>\n<\/div>\n<p style=\"text-align: justify;\">Le style de l&rsquo;ic\u00f4ne est archa\u00efque. Le visage du proph\u00e8te est allong\u00e9 et aust\u00e8re. Le fond argent\u00e9 et les couleurs utilis\u00e9es (olive, vert, orange, rouge) sont typiquement pskoviennes et diff\u00e8rent des couleurs et des fonds dor\u00e9s utilis\u00e9s plus souvent par les peintres de\u00a0<a title=\"Novgorod\" href=\"https:\/\/fr.wikipedia.org\/wiki\/Novgorod\">Novgorod<\/a><sup id=\"cite_ref-1\" class=\"reference\"><a title=\"\" href=\"https:\/\/fr.wikipedia.org\/wiki\/Le_Proph%C3%A8te_%C3%89lie_au_d%C3%A9sert#cite_note-1\"><span class=\"cite-bracket\">[<\/span>1<span class=\"cite-bracket\">]<\/span><\/a><\/sup>.<\/p>\n<p style=\"text-align: justify;\">Le proph\u00e8te m\u00e9dite dans un d\u00e9sert montagneux\u00a0; il \u00e9coute attentivement la voix de Dieu\u00a0<sup id=\"cite_ref-2\" class=\"reference\"><a href=\"https:\/\/fr.wikipedia.org\/wiki\/Le_Proph%C3%A8te_%C3%89lie_au_d%C3%A9sert#cite_note-2\"><span class=\"cite-bracket\">[<\/span>2<span class=\"cite-bracket\">]<\/span><\/a><\/sup>. Au-dessus de lui, une\u00a0<a title=\"D\u00e9isis\" href=\"https:\/\/fr.wikipedia.org\/wiki\/D%C3%A9isis\">d\u00e9isis<\/a>\u00a0\u00e0 sept personnages en buste occupe la partie sup\u00e9rieure de l&rsquo;ic\u00f4ne. C&rsquo;est une des plus anciennes d\u00e9\u00efsis de l&rsquo;art russe. Elle remonte \u00e0 la tradition byzantine. Une s\u00e9rie de saints est plac\u00e9e sur les c\u00f4t\u00e9s de l&rsquo;ic\u00f4ne avec \u00e9galement des sc\u00e8nes de la vie du proph\u00e8te. Le visage d&rsquo;\u00c9lie est tout de douceur et de simplicit\u00e9. Ses traits, d&rsquo;une particuli\u00e8re beaut\u00e9, sont bien individualis\u00e9s. Cette approche individuelle du sujet par l&rsquo;artiste est un trait particulier des ic\u00f4nes de Pskov. Les\u00a0<a title=\"Kleimo\" href=\"https:\/\/fr.wikipedia.org\/wiki\/Kleimo\">kleimos<\/a>\u00a0pr\u00e9sentent diff\u00e9rents types de paysages et d&rsquo;architectures. Ils sont mis en valeur par des couleurs roses, rouges,\u00a0<a class=\"mw-redirect\" title=\"Cinabre (couleur)\" href=\"https:\/\/fr.wikipedia.org\/wiki\/Cinabre_(couleur)\">cinabres<\/a>, qui contrastent avec les violets, les bleus, les verts. Ces couleurs donnent \u00e0 la composition une rare force int\u00e9rieure ainsi qu&rsquo;un dynamisme puissant. C&rsquo;est en m\u00eame temps une ic\u00f4ne tr\u00e8s pittoresque, avec un rythme naturel et une logique d\u00e9corative<sup id=\"cite_ref-3\" class=\"reference\"><a href=\"https:\/\/fr.wikipedia.org\/wiki\/Le_Proph%C3%A8te_%C3%89lie_au_d%C3%A9sert#cite_note-3\"><span class=\"cite-bracket\">[<\/span>3<span class=\"cite-bracket\">]<\/span><\/a><\/sup>.<\/p>\n<p style=\"text-align: justify;\">Elle proviendrait de l&rsquo;\u00e9glise du Proph\u00e8te \u00c9lie dans la paroisse de\u00a0<a class=\"new\" title=\"Vybouty (page inexistante)\" href=\"https:\/\/fr.wikipedia.org\/w\/index.php?title=Vybouty&amp;action=edit&amp;redlink=1\">Vybouty<\/a>\u00a0<a class=\"extiw\" title=\"ru:\u0412\u044b\u0431\u0443\u0442\u044b\" href=\"https:\/\/ru.wikipedia.org\/wiki\/%D0%92%D1%8B%D0%B1%D1%83%D1%82%D1%8B\"><span class=\"indicateur-langue\" title=\"Article en russe\u00a0: \u00ab\u00a0\u0412\u044b\u0431\u0443\u0442\u044b\u00a0\u00bb\">(ru)<\/span><\/a>\u00a0situ\u00e9e \u00e0 12\u00a0<abbr class=\"abbr\" title=\"kilom\u00e8tre\">km<\/abbr>\u00a0de Pskov. Elle se trouve aujourd&rsquo;hui \u00e0 la\u00a0<a title=\"Galerie Tretiakov\" href=\"https:\/\/fr.wikipedia.org\/wiki\/Galerie_Tretiakov\">Galerie Tretiakov<\/a>\u00a0\u00e0 Moscou.<\/p>\n<div class=\"mw-heading mw-heading2\">\n<h2 id=\"D\u00e9tail_des_pol\u00e9s\"><span id=\"D.C3.A9tail_des_pol.C3.A9s\"><\/span><span style=\"font-family: 'book antiqua', palatino, serif; font-size: 14px;\">D\u00e9tail des pol\u00e9s<\/span><\/h2>\n<\/div>\n<ul class=\"gallery mw-gallery-packed\">\n<li class=\"gallerybox\">\n<div class=\"thumb\"><a class=\"mw-file-description\" title=\"\u00c9lie rencontre la veuve Sarept\" href=\"https:\/\/commons.wikimedia.org\/wiki\/File:Elijah_in_the_desert_02.jpg?uselang=fr\"><img loading=\"lazy\" decoding=\"async\" class=\"mw-file-element\" src=\"https:\/\/upload.wikimedia.org\/wikipedia\/commons\/thumb\/4\/4b\/Elijah_in_the_desert_02.jpg\/250px-Elijah_in_the_desert_02.jpg\" srcset=\"\/\/upload.wikimedia.org\/wikipedia\/commons\/thumb\/4\/4b\/Elijah_in_the_desert_02.jpg\/500px-Elijah_in_the_desert_02.jpg 2x\" alt=\"\u00c9lie rencontre la veuve Sarept\" width=\"112\" height=\"150\" data-file-width=\"550\" data-file-height=\"742\" \/><\/a><\/div>\n<div class=\"gallerytext\">\u00c9lie rencontre la veuve Sarept<\/div>\n<\/li>\n<p>\u00a0<\/p>\n<li class=\"gallerybox\">\n<div class=\"thumb\"><a class=\"mw-file-description\" title=\"\u00c9lie ressuscite le fils de la veuve\" href=\"https:\/\/commons.wikimedia.org\/wiki\/File:Elijah_in_the_desert_04.jpg?uselang=fr\"><img loading=\"lazy\" decoding=\"async\" class=\"mw-file-element\" src=\"https:\/\/upload.wikimedia.org\/wikipedia\/commons\/thumb\/5\/50\/Elijah_in_the_desert_04.jpg\/250px-Elijah_in_the_desert_04.jpg\" srcset=\"\/\/upload.wikimedia.org\/wikipedia\/commons\/thumb\/5\/50\/Elijah_in_the_desert_04.jpg\/330px-Elijah_in_the_desert_04.jpg 2x\" alt=\"\u00c9lie ressuscite le fils de la veuve\" width=\"108\" height=\"150\" data-file-width=\"550\" data-file-height=\"766\" \/><\/a><\/div>\n<div class=\"gallerytext\">\u00c9lie ressuscite le fils de la veuve<\/div>\n<\/li>\n<p>\u00a0<\/p>\n<li class=\"gallerybox\">\n<div class=\"thumb\"><a class=\"mw-file-description\" title=\"Abdias, messager du roi Akhab rencontre \u00c9lie\" href=\"https:\/\/commons.wikimedia.org\/wiki\/File:Elijah_in_the_desert_05.jpg?uselang=fr\"><img loading=\"lazy\" decoding=\"async\" class=\"mw-file-element\" src=\"https:\/\/upload.wikimedia.org\/wikipedia\/commons\/thumb\/a\/a9\/Elijah_in_the_desert_05.jpg\/250px-Elijah_in_the_desert_05.jpg\" srcset=\"\/\/upload.wikimedia.org\/wikipedia\/commons\/thumb\/a\/a9\/Elijah_in_the_desert_05.jpg\/330px-Elijah_in_the_desert_05.jpg 2x\" alt=\"Abdias, messager du roi Akhab rencontre \u00c9lie\" width=\"108\" height=\"150\" data-file-width=\"550\" data-file-height=\"767\" \/><\/a><\/div>\n<div class=\"gallerytext\">Abdias, messager du roi Akhab rencontre \u00c9lie<\/div>\n<\/li>\n<\/ul>\n<div class=\"mw-heading mw-heading2\">\n<h2 id=\"R\u00e9f\u00e9rences\"><span id=\"R.C3.A9f.C3.A9rences\"><\/span><span style=\"font-family: 'book antiqua', palatino, serif; font-size: 14px;\">R\u00e9f\u00e9rences<\/span><\/h2>\n<\/div>\n<div class=\"references-small decimal\">\n<div class=\"mw-references-wrap\">\n<ol class=\"references\">\n<li id=\"cite_note-1\"><span class=\"reference-text\">V\u00e9ra Traimond, La peinture de la Russie ancienne, Bernard Giovanangeli \u00c9diteur, Paris 2010,\u00a0<small>(<a title=\"International Standard Book Number\" href=\"https:\/\/fr.wikipedia.org\/wiki\/International_Standard_Book_Number\">ISBN<\/a>\u00a0<a title=\"Sp\u00e9cial:Ouvrages de r\u00e9f\u00e9rence\/978-2-7587-0057-9\" href=\"https:\/\/fr.wikipedia.org\/wiki\/Sp%C3%A9cial:Ouvrages_de_r%C3%A9f%C3%A9rence\/978-2-7587-0057-9\"><span class=\"nowrap\">978-2-7587-0057-9<\/span><\/a>)<\/small>\u00a0<abbr class=\"abbr\" title=\"page\">p.<\/abbr>\u00a0302<\/span><\/li>\n<li id=\"cite_note-2\"><span class=\"reference-text\"><a class=\"external free\" href=\"http:\/\/bible.catholique.org\/premier-livre-des-rois\/3910-chapitre-19\" rel=\"nofollow\">http:\/\/bible.catholique.org\/premier-livre-des-rois\/3910-chapitre-19<\/a><small class=\"cachelinks\">\u00a0[<a title=\"archive sur Wikiwix\" href=\"https:\/\/archive.wikiwix.com\/cache\/?url=http%3A%2F%2Fbible.catholique.org%2Fpremier-livre-des-rois%2F3910-chapitre-19\">archive<\/a>]<\/small>\u00a0\/ I Rois XIX, 9-13<\/span><\/li>\n<li id=\"cite_note-3\"><span class=\"reference-text\">V\u00e9ra Traimond Op. cit\u00a0<abbr class=\"abbr\" title=\"page\">p.<\/abbr>\u00a0304<\/span><\/li>\n<\/ol>\n<\/div>\n<\/div>\n<\/div>\n<\/div>\n<\/div>\n","protected":false},"excerpt":{"rendered":"<p>Image mise en avant : Le Proph\u00e8te Elie au d\u00e9sert L&rsquo;\u00e9cole de peinture d&rsquo;ic\u00f4nes de\u00a0Pskov\u00a0remonte \u00e0 la fin du\u00a0XIIIe\u00a0si\u00e8cle d\u00e9but du\u00a0XIVe\u00a0si\u00e8cle. Ses ic\u00f4nes sont class\u00e9es parmi les\u00a0ic\u00f4nes russes postmongoles. Peu d&rsquo;ic\u00f4nes nous sont toutefois parvenues et, de plus, relativement tard. Elles sont expos\u00e9es \u00e0 la\u00a0Galerie Tretiakov\u00a0ou au\u00a0Mus\u00e9e Russe. Mais le mus\u00e9e de Pskov en poss\u00e8de [&hellip;]<\/p>\n","protected":false},"author":1,"featured_media":17332,"parent":0,"menu_order":0,"comment_status":"closed","ping_status":"closed","template":"","meta":{"footnotes":""},"class_list":["post-17314","page","type-page","status-publish","has-post-thumbnail","hentry"],"_links":{"self":[{"href":"https:\/\/oraziopuglisi.art\/index.php\/wp-json\/wp\/v2\/pages\/17314","targetHints":{"allow":["GET"]}}],"collection":[{"href":"https:\/\/oraziopuglisi.art\/index.php\/wp-json\/wp\/v2\/pages"}],"about":[{"href":"https:\/\/oraziopuglisi.art\/index.php\/wp-json\/wp\/v2\/types\/page"}],"author":[{"embeddable":true,"href":"https:\/\/oraziopuglisi.art\/index.php\/wp-json\/wp\/v2\/users\/1"}],"replies":[{"embeddable":true,"href":"https:\/\/oraziopuglisi.art\/index.php\/wp-json\/wp\/v2\/comments?post=17314"}],"version-history":[{"count":8,"href":"https:\/\/oraziopuglisi.art\/index.php\/wp-json\/wp\/v2\/pages\/17314\/revisions"}],"predecessor-version":[{"id":17338,"href":"https:\/\/oraziopuglisi.art\/index.php\/wp-json\/wp\/v2\/pages\/17314\/revisions\/17338"}],"wp:featuredmedia":[{"embeddable":true,"href":"https:\/\/oraziopuglisi.art\/index.php\/wp-json\/wp\/v2\/media\/17332"}],"wp:attachment":[{"href":"https:\/\/oraziopuglisi.art\/index.php\/wp-json\/wp\/v2\/media?parent=17314"}],"curies":[{"name":"wp","href":"https:\/\/api.w.org\/{rel}","templated":true}]}}