{"id":17299,"date":"2025-07-12T10:10:45","date_gmt":"2025-07-12T08:10:45","guid":{"rendered":"https:\/\/oraziopuglisi.art\/?page_id=17299"},"modified":"2025-07-12T10:13:30","modified_gmt":"2025-07-12T08:13:30","slug":"les-peintres-russes","status":"publish","type":"page","link":"https:\/\/oraziopuglisi.art\/index.php\/les-peintres-russes\/","title":{"rendered":"Les Peintres Russes"},"content":{"rendered":"<div id=\"mw-subcategories\">\n<div class=\"bandeau-container metadata bandeau-simple bandeau-niveau-neutre mw-toolbox categoryarticlecount-box\">\n<div class=\"bandeau-cell bandeau-icone-css grosse-icone maintenance\">\u00a0<\/div>\n<\/div>\n<div class=\"mw-content-ltr\" dir=\"ltr\" lang=\"fr\">\n<div class=\"mw-category mw-category-columns\">\n<div class=\"mw-category-group\">\n<ul>\n<li>\n<div class=\"CategoryTreeSection\">\n<div class=\"CategoryTreeItem\"><bdi dir=\"ltr\"><a title=\"Cat\u00e9gorie:Tableau d'un peintre russe\" href=\"https:\/\/fr.wikipedia.org\/wiki\/Cat%C3%A9gorie:Tableau_d%27un_peintre_russe\">Tableau d&rsquo;un peintre russe<\/a><\/bdi>\u00a0<span dir=\"ltr\" title=\"contient 29 sous-cat\u00e9gories, 43 pages et 0 fichier\">\u2013 43 P\u00a0\u2022\u00a029 C<\/span><\/div>\n<\/div>\n<\/li>\n<li>\n<div class=\"CategoryTreeSection\">\n<div class=\"CategoryTreeItem\"><bdi dir=\"ltr\"><a title=\"Cat\u00e9gorie:Peintre russe par si\u00e8cle\" href=\"https:\/\/fr.wikipedia.org\/wiki\/Cat%C3%A9gorie:Peintre_russe_par_si%C3%A8cle\">Peintre russe par si\u00e8cle<\/a><\/bdi>\u00a0<span dir=\"ltr\" title=\"contient 6 sous-cat\u00e9gories, 0 page et 0 fichier\">\u2013 6 C<\/span><\/div>\n<\/div>\n<\/li>\n<li>\n<div class=\"CategoryTreeSection\">\n<div class=\"CategoryTreeItem\"><bdi dir=\"ltr\"><a title=\"Cat\u00e9gorie:Peintre russe par courant\" href=\"https:\/\/fr.wikipedia.org\/wiki\/Cat%C3%A9gorie:Peintre_russe_par_courant\">Peintre russe par courant<\/a><\/bdi>\u00a0<span dir=\"ltr\" title=\"contient 10 sous-cat\u00e9gories, 0 page et 0 fichier\">\u2013 10 C<\/span><\/div>\n<\/div>\n<\/li>\n<li>\n<div class=\"CategoryTreeSection\">\n<div class=\"CategoryTreeItem\"><bdi dir=\"ltr\"><a title=\"Cat\u00e9gorie:Peintre russe par th\u00e8me artistique\" href=\"https:\/\/fr.wikipedia.org\/wiki\/Cat%C3%A9gorie:Peintre_russe_par_th%C3%A8me_artistique\">Peintre russe par th\u00e8me artistique<\/a><\/bdi>\u00a0<span dir=\"ltr\" title=\"contient 6 sous-cat\u00e9gories, 0 page et 0 fichier\">\u2013 6 C<\/span><\/div>\n<\/div>\n<\/li>\n<li>\n<div class=\"CategoryTreeSection\">\n<div class=\"CategoryTreeItem\">\u00a0<bdi dir=\"ltr\"><a title=\"Cat\u00e9gorie:Wikip\u00e9dia:\u00e9bauche peintre russe\" href=\"https:\/\/fr.wikipedia.org\/wiki\/Cat%C3%A9gorie:Wikip%C3%A9dia:%C3%A9bauche_peintre_russe\">Wikip\u00e9dia:\u00e9bauche peintre russe<\/a><\/bdi>\u00a0<span dir=\"ltr\" title=\"contient 0 sous-cat\u00e9gorie, 144 pages et 0 fichier\">\u2013 144 P<\/span><\/div>\n<\/div>\n<\/li>\n<\/ul>\n<\/div>\n<div class=\"mw-category-group\">\n<h3>A<\/h3>\n<ul>\n<li>\n<div class=\"CategoryTreeSection\">\n<div class=\"CategoryTreeItem\">\u00a0<bdi dir=\"ltr\"><a title=\"Cat\u00e9gorie:Aquarelliste russe\" href=\"https:\/\/fr.wikipedia.org\/wiki\/Cat%C3%A9gorie:Aquarelliste_russe\">Aquarelliste russe<\/a><\/bdi>\u00a0<span dir=\"ltr\" title=\"contient 0 sous-cat\u00e9gorie, 37 pages et 0 fichier\">\u2013 37 P<\/span><\/div>\n<\/div>\n<\/li>\n<\/ul>\n<\/div>\n<div class=\"mw-category-group\">\n<h3>E<\/h3>\n<ul>\n<li>\n<div class=\"CategoryTreeSection\">\n<div class=\"CategoryTreeItem\">\u00a0<bdi dir=\"ltr\"><a title=\"Cat\u00e9gorie:Femme peintre de l'Empire russe\" href=\"https:\/\/fr.wikipedia.org\/wiki\/Cat%C3%A9gorie:Femme_peintre_de_l%27Empire_russe\">Femme peintre de l&rsquo;Empire russe<\/a><\/bdi>\u00a0<span dir=\"ltr\" title=\"contient 0 sous-cat\u00e9gorie, 6 pages et 0 fichier\">\u2013 6 P<\/span><\/div>\n<\/div>\n<\/li>\n<\/ul>\n<\/div>\n<div class=\"mw-category-group\">\n<h3>P<\/h3>\n<ul>\n<li>\n<div class=\"CategoryTreeSection\">\n<div class=\"CategoryTreeItem\">\u00a0<bdi dir=\"ltr\"><a title=\"Cat\u00e9gorie:Peintre de Saint-P\u00e9tersbourg\" href=\"https:\/\/fr.wikipedia.org\/wiki\/Cat%C3%A9gorie:Peintre_de_Saint-P%C3%A9tersbourg\">Peintre de Saint-P\u00e9tersbourg<\/a><\/bdi>\u00a0<span dir=\"ltr\" title=\"contient 0 sous-cat\u00e9gorie, 49 pages et 0 fichier\">\u2013 49 P<\/span><\/div>\n<\/div>\n<\/li>\n<\/ul>\n<\/div>\n<\/div>\n<\/div>\n<\/div>\n<div id=\"mw-pages\">\n<div class=\"bandeau-container metadata bandeau-simple bandeau-niveau-neutre mw-toolbox categoryarticlecount-box\">\n<div class=\"bandeau-cell bandeau-icone-css grosse-icone maintenance\">\n<div class=\"CategoryTools liste-horizontale\">\u00a0<\/div>\n<\/div>\n<\/div>\n<div class=\"mw-content-ltr\" dir=\"ltr\" lang=\"fr\">\n<div class=\"mw-category mw-category-columns\">\n<div class=\"mw-category-group\">\n<h3>B<\/h3>\n<ul>\n<li><a title=\"Ivan Bilibine\" href=\"https:\/\/fr.wikipedia.org\/wiki\/Ivan_Bilibine\">Ivan Bilibine<\/a><\/li>\n<li><a title=\"Ivan Blinov\" href=\"https:\/\/fr.wikipedia.org\/wiki\/Ivan_Blinov\">Ivan Blinov<\/a><\/li>\n<li><a title=\"Ivan Bogdanov\" href=\"https:\/\/fr.wikipedia.org\/wiki\/Ivan_Bogdanov\">Ivan Bogdanov<\/a><\/li>\n<li><a title=\"Alexandre Borissov\" href=\"https:\/\/fr.wikipedia.org\/wiki\/Alexandre_Borissov\">Alexandre Borissov<\/a><\/li>\n<li><a title=\"Karl Brioullov\" href=\"https:\/\/fr.wikipedia.org\/wiki\/Karl_Brioullov\">Karl Brioullov<\/a><\/li>\n<\/ul>\n<\/div>\n<div class=\"mw-category-group\">\n<h3>C<\/h3>\n<ul>\n<li><a title=\"Andre\u00ef Chichkine\" href=\"https:\/\/fr.wikipedia.org\/wiki\/Andre%C3%AF_Chichkine\">Andre\u00ef Chichkine<\/a><\/li>\n<li><a title=\"Vassili Chouljenko\" href=\"https:\/\/fr.wikipedia.org\/wiki\/Vassili_Chouljenko\">Vassili Chouljenko<\/a><\/li>\n<li><a title=\"Sylvestre Chtchedrine\" href=\"https:\/\/fr.wikipedia.org\/wiki\/Sylvestre_Chtchedrine\">Sylvestre Chtchedrine<\/a><\/li>\n<li><a title=\"Sergue\u00ef Chtcherbatov\" href=\"https:\/\/fr.wikipedia.org\/wiki\/Sergue%C3%AF_Chtcherbatov\">Sergue\u00ef Chtcherbatov<\/a><\/li>\n<li><a title=\"Dmitri Chtcherbinovski\" href=\"https:\/\/fr.wikipedia.org\/wiki\/Dmitri_Chtcherbinovski\">Dmitri Chtcherbinovski<\/a><\/li>\n<\/ul>\n<\/div>\n<div class=\"mw-category-group\">\n<h3>D<\/h3>\n<ul>\n<li><a title=\"Olga Della-Vos-Kardovska\u00efa\" href=\"https:\/\/fr.wikipedia.org\/wiki\/Olga_Della-Vos-Kardovska%C3%AFa\">Olga Della-Vos-Kardovska\u00efa<\/a><\/li>\n<li><a title=\"Mikha\u00efl Demianov\" href=\"https:\/\/fr.wikipedia.org\/wiki\/Mikha%C3%AFl_Demianov\">Mikha\u00efl Demianov<\/a><\/li>\n<li><a title=\"Denis de Glouchitsa\" href=\"https:\/\/fr.wikipedia.org\/wiki\/Denis_de_Glouchitsa\">Denis de Glouchitsa<\/a><\/li>\n<li><a title=\"Vladimir Djanibekov\" href=\"https:\/\/fr.wikipedia.org\/wiki\/Vladimir_Djanibekov\">Vladimir Djanibekov<\/a><\/li>\n<li><a title=\"Vladimir Dubossarsky\" href=\"https:\/\/fr.wikipedia.org\/wiki\/Vladimir_Dubossarsky\">Vladimir Dubossarsky<\/a><\/li>\n<\/ul>\n<\/div>\n<div class=\"mw-category-group\">\n<h3>E<\/h3>\n<ul>\n<li><a title=\"Mikha\u00efl Evstafiev\" href=\"https:\/\/fr.wikipedia.org\/wiki\/Mikha%C3%AFl_Evstafiev\">Mikha\u00efl Evstafiev<\/a><\/li>\n<\/ul>\n<\/div>\n<div class=\"mw-category-group\">\n<h3>F<\/h3>\n<ul>\n<li><a title=\"Robert Falk\" href=\"https:\/\/fr.wikipedia.org\/wiki\/Robert_Falk\">Robert Falk<\/a><\/li>\n<li><a title=\"Pavel Filonov\" href=\"https:\/\/fr.wikipedia.org\/wiki\/Pavel_Filonov\">Pavel Filonov<\/a><\/li>\n<li><a title=\"Constantin Flavitski\" href=\"https:\/\/fr.wikipedia.org\/wiki\/Constantin_Flavitski\">Constantin Flavitski<\/a><\/li>\n<\/ul>\n<\/div>\n<div class=\"mw-category-group\">\n<h3>G<\/h3>\n<ul>\n<li><a title=\"Hjalmar Ganson\" href=\"https:\/\/fr.wikipedia.org\/wiki\/Hjalmar_Ganson\">Hjalmar Ganson<\/a><\/li>\n<li><a title=\"Nikola\u00ef Gay\" href=\"https:\/\/fr.wikipedia.org\/wiki\/Nikola%C3%AF_Gay\">Nikola\u00ef Gay<\/a><\/li>\n<li><a title=\"Peter Isaakovich Geller\" href=\"https:\/\/fr.wikipedia.org\/wiki\/Peter_Isaakovich_Geller\">Peter Isaakovich Geller<\/a><\/li>\n<li><a title=\"Ilya Glazounov\" href=\"https:\/\/fr.wikipedia.org\/wiki\/Ilya_Glazounov\">Ilya Glazounov<\/a><\/li>\n<li><a title=\"Constantin Gorbatov\" href=\"https:\/\/fr.wikipedia.org\/wiki\/Constantin_Gorbatov\">Constantin Gorbatov<\/a><\/li>\n<li><a title=\"Igor Grabar\" href=\"https:\/\/fr.wikipedia.org\/wiki\/Igor_Grabar\">Igor Grabar<\/a><\/li>\n<li><a title=\"Olisse\u00ef Gretchine\" href=\"https:\/\/fr.wikipedia.org\/wiki\/Olisse%C3%AF_Gretchine\">Olisse\u00ef Gretchine<\/a><\/li>\n<li><a title=\"Grigori (peintre d'ic\u00f4nes)\" href=\"https:\/\/fr.wikipedia.org\/wiki\/Grigori_(peintre_d%27ic%C3%B4nes)\">Grigori (peintre d&rsquo;ic\u00f4nes)<\/a><\/li>\n<li><a title=\"Boris Grigoriev\" href=\"https:\/\/fr.wikipedia.org\/wiki\/Boris_Grigoriev\">Boris Grigoriev<\/a><\/li>\n<li><a title=\"Grigory Gourkine\" href=\"https:\/\/fr.wikipedia.org\/wiki\/Grigory_Gourkine\">Grigory Gourkine<\/a><\/li>\n<li><a title=\"Alexandre Guerassimov\" href=\"https:\/\/fr.wikipedia.org\/wiki\/Alexandre_Guerassimov\">Alexandre Guerassimov<\/a><\/li>\n<li><a title=\"Sergue\u00ef Guerassimov (peintre)\" href=\"https:\/\/fr.wikipedia.org\/wiki\/Sergue%C3%AF_Guerassimov_(peintre)\">Sergue\u00ef Guerassimov (peintre)<\/a><\/li>\n<\/ul>\n<\/div>\n<div class=\"mw-category-group\">\n<h3>H<\/h3>\n<ul>\n<li><a title=\"Vladimir Hagenmeister\" href=\"https:\/\/fr.wikipedia.org\/wiki\/Vladimir_Hagenmeister\">Vladimir Hagenmeister<\/a><\/li>\n<\/ul>\n<\/div>\n<div class=\"mw-category-group\">\n<h3>K<\/h3>\n<ul>\n<li><a title=\"Maxime Karlovitch Kantor\" href=\"https:\/\/fr.wikipedia.org\/wiki\/Maxime_Karlovitch_Kantor\">Maxime Karlovitch Kantor<\/a><\/li>\n<li><a title=\"Ivan Klioune\" href=\"https:\/\/fr.wikipedia.org\/wiki\/Ivan_Klioune\">Ivan Klioune<\/a><\/li>\n<li><a title=\"Pavel Korine\" href=\"https:\/\/fr.wikipedia.org\/wiki\/Pavel_Korine\">Pavel Korine<\/a><\/li>\n<li><a title=\"Elena Kostenko\" href=\"https:\/\/fr.wikipedia.org\/wiki\/Elena_Kostenko\">Elena Kostenko<\/a><\/li>\n<li><a title=\"Arkhip Kou\u00efndji\" href=\"https:\/\/fr.wikipedia.org\/wiki\/Arkhip_Kou%C3%AFndji\">Arkhip Kou\u00efndji<\/a><\/li>\n<li><a title=\"Koukryniksy\" href=\"https:\/\/fr.wikipedia.org\/wiki\/Koukryniksy\">Koukryniksy<\/a><\/li>\n<li><a title=\"Nikola\u00ef Koulbine\" href=\"https:\/\/fr.wikipedia.org\/wiki\/Nikola%C3%AF_Koulbine\">Nikola\u00ef Koulbine<\/a><\/li>\n<li><a title=\"Mikha\u00efl Kourilko\" href=\"https:\/\/fr.wikipedia.org\/wiki\/Mikha%C3%AFl_Kourilko\">Mikha\u00efl Kourilko<\/a><\/li>\n<li><a title=\"Nikola\u00ef Kouzmine\" href=\"https:\/\/fr.wikipedia.org\/wiki\/Nikola%C3%AF_Kouzmine\">Nikola\u00ef Kouzmine<\/a><\/li>\n<\/ul>\n<\/div>\n<div class=\"mw-category-group\">\n<h3>L<\/h3>\n<ul>\n<li><a title=\"Valeri Levental\" href=\"https:\/\/fr.wikipedia.org\/wiki\/Valeri_Levental\">Valeri Levental<\/a><\/li>\n<li><a title=\"Vladimir Lissounov\" href=\"https:\/\/fr.wikipedia.org\/wiki\/Vladimir_Lissounov\">Vladimir Lissounov<\/a><\/li>\n<li><a title=\"Mikha\u00efl Lomonossov\" href=\"https:\/\/fr.wikipedia.org\/wiki\/Mikha%C3%AFl_Lomonossov\">Mikha\u00efl Lomonossov<\/a><\/li>\n<li><a title=\"Ossip Lubitch\" href=\"https:\/\/fr.wikipedia.org\/wiki\/Ossip_Lubitch\">Ossip Lubitch<\/a><\/li>\n<\/ul>\n<\/div>\n<div class=\"mw-category-group\">\n<h3>M<\/h3>\n<ul>\n<li><a title=\"Nikola\u00ef Makovski\" href=\"https:\/\/fr.wikipedia.org\/wiki\/Nikola%C3%AF_Makovski\">Nikola\u00ef Makovski<\/a><\/li>\n<li><a title=\"Paul Mansouroff\" href=\"https:\/\/fr.wikipedia.org\/wiki\/Paul_Mansouroff\">Paul Mansouroff<\/a><\/li>\n<li><a title=\"Mikha\u00efl Matiouchine\" href=\"https:\/\/fr.wikipedia.org\/wiki\/Mikha%C3%AFl_Matiouchine\">Mikha\u00efl Matiouchine<\/a><\/li>\n<li><a title=\"Nikola\u00ef Mechtcherine\" href=\"https:\/\/fr.wikipedia.org\/wiki\/Nikola%C3%AF_Mechtcherine\">Nikola\u00ef Mechtcherine<\/a><\/li>\n<li><a title=\"Vassili Millioti\" href=\"https:\/\/fr.wikipedia.org\/wiki\/Vassili_Millioti\">Vassili Millioti<\/a><\/li>\n<li><a title=\"Efim Minine\" href=\"https:\/\/fr.wikipedia.org\/wiki\/Efim_Minine\">Efim Minine<\/a><\/li>\n<li><a title=\"Fiodor Modorov\" href=\"https:\/\/fr.wikipedia.org\/wiki\/Fiodor_Modorov\">Fiodor Modorov<\/a><\/li>\n<li><a title=\"Alexandre Nikola\u00efevitch Mordvinov\" href=\"https:\/\/fr.wikipedia.org\/wiki\/Alexandre_Nikola%C3%AFevitch_Mordvinov\">Alexandre Nikola\u00efevitch Mordvinov<\/a><\/li>\n<li><a title=\"Alekse\u00ef Morgounov\" href=\"https:\/\/fr.wikipedia.org\/wiki\/Alekse%C3%AF_Morgounov\">Alekse\u00ef Morgounov<\/a><\/li>\n<\/ul>\n<\/div>\n<div class=\"mw-category-group\">\n<h3>N<\/h3>\n<ul>\n<li><a title=\"Nikola\u00ef Nevrev\" href=\"https:\/\/fr.wikipedia.org\/wiki\/Nikola%C3%AF_Nevrev\">Nikola\u00ef Nevrev<\/a><\/li>\n<\/ul>\n<\/div>\n<div class=\"mw-category-group\">\n<h3>O<\/h3>\n<ul>\n<li><a title=\"Pavel Orinianski\" href=\"https:\/\/fr.wikipedia.org\/wiki\/Pavel_Orinianski\">Pavel Orinianski<\/a><\/li>\n<li><a title=\"Ielena Ossipova\" href=\"https:\/\/fr.wikipedia.org\/wiki\/Ielena_Ossipova\">Ielena Ossipova<\/a><\/li>\n<li><a title=\"Pavel Otdelnov\" href=\"https:\/\/fr.wikipedia.org\/wiki\/Pavel_Otdelnov\">Pavel Otdelnov<\/a><\/li>\n<li><a title=\"Boris Outekhine\" href=\"https:\/\/fr.wikipedia.org\/wiki\/Boris_Outekhine\">Boris Outekhine<\/a><\/li>\n<\/ul>\n<\/div>\n<div class=\"mw-category-group\">\n<h3>P<\/h3>\n<ul>\n<li><a title=\"Vassili Perepliotchikov\" href=\"https:\/\/fr.wikipedia.org\/wiki\/Vassili_Perepliotchikov\">Vassili Perepliotchikov<\/a><\/li>\n<li><a title=\"Alipi Petcherski\" href=\"https:\/\/fr.wikipedia.org\/wiki\/Alipi_Petcherski\">Alipi Petcherski<\/a><\/li>\n<li><a title=\"Valeri Pianov\" href=\"https:\/\/fr.wikipedia.org\/wiki\/Valeri_Pianov\">Valeri Pianov<\/a><\/li>\n<li><a title=\"Vladimir Polunin\" href=\"https:\/\/fr.wikipedia.org\/wiki\/Vladimir_Polunin\">Vladimir Polunin<\/a><\/li>\n<li><a title=\"Ivan Pranishnikoff\" href=\"https:\/\/fr.wikipedia.org\/wiki\/Ivan_Pranishnikoff\">Ivan Pranishnikoff<\/a><\/li>\n<li><a title=\"Maximilian Presniakov\" href=\"https:\/\/fr.wikipedia.org\/wiki\/Maximilian_Presniakov\">Maximilian Presniakov<\/a><\/li>\n<li><a title=\"Illarion Prianichnikov\" href=\"https:\/\/fr.wikipedia.org\/wiki\/Illarion_Prianichnikov\">Illarion Prianichnikov<\/a><\/li>\n<\/ul>\n<\/div>\n<div class=\"mw-category-group\">\n<h3>Q<\/h3>\n<ul>\n<li><a title=\"Les Quatre Arts\" href=\"https:\/\/fr.wikipedia.org\/wiki\/Les_Quatre_Arts\">Les Quatre Arts<\/a><\/li>\n<li><a title=\"Queue d'\u00c2ne (groupe d'artistes)\" href=\"https:\/\/fr.wikipedia.org\/wiki\/Queue_d%27%C3%82ne_(groupe_d%27artistes)\">Queue d&rsquo;\u00c2ne (groupe d&rsquo;artistes)<\/a><\/li>\n<\/ul>\n<\/div>\n<div class=\"mw-category-group\">\n<h3>R<\/h3>\n<ul>\n<li><a title=\"Oscar Rabin\" href=\"https:\/\/fr.wikipedia.org\/wiki\/Oscar_Rabin\">Oscar Rabin<\/a><\/li>\n<li><a title=\"Kliment Red'ko\" href=\"https:\/\/fr.wikipedia.org\/wiki\/Kliment_Red%27ko\">Kliment Red&rsquo;ko<\/a><\/li>\n<li><a title=\"Liste de peintures d'Ilia R\u00e9pine\" href=\"https:\/\/fr.wikipedia.org\/wiki\/Liste_de_peintures_d%27Ilia_R%C3%A9pine\">Liste de peintures d&rsquo;Ilia R\u00e9pine<\/a><\/li>\n<li><a title=\"Diana Ringo\" href=\"https:\/\/fr.wikipedia.org\/wiki\/Diana_Ringo\">Diana Ringo<\/a><\/li>\n<li><a title=\"Alexandre Rodtchenko\" href=\"https:\/\/fr.wikipedia.org\/wiki\/Alexandre_Rodtchenko\">Alexandre Rodtchenko<\/a><\/li>\n<li><a title=\"Rose bleue (groupe d'artistes)\" href=\"https:\/\/fr.wikipedia.org\/wiki\/Rose_bleue_(groupe_d%27artistes)\">Rose bleue (groupe d&rsquo;artistes)<\/a><\/li>\n<li><a title=\"Rose \u00e9carlate (groupe d'artistes)\" href=\"https:\/\/fr.wikipedia.org\/wiki\/Rose_%C3%A9carlate_(groupe_d%27artistes)\">Rose \u00e9carlate (groupe d&rsquo;artistes)<\/a><\/li>\n<li><a title=\"Alexandre Roubtzoff\" href=\"https:\/\/fr.wikipedia.org\/wiki\/Alexandre_Roubtzoff\">Alexandre Roubtzoff<\/a><\/li>\n<li><a title=\"Iouli Rybakov\" href=\"https:\/\/fr.wikipedia.org\/wiki\/Iouli_Rybakov\">Iouli Rybakov<\/a><\/li>\n<\/ul>\n<\/div>\n<div class=\"mw-category-group\">\n<h3>S<\/h3>\n<ul>\n<li><a title=\"Victor Safonkin\" href=\"https:\/\/fr.wikipedia.org\/wiki\/Victor_Safonkin\">Victor Safonkin<\/a><\/li>\n<li><a title=\"Nikas Safronov\" href=\"https:\/\/fr.wikipedia.org\/wiki\/Nikas_Safronov\">Nikas Safronov<\/a><\/li>\n<li><a title=\"Gregorio Sciltian\" href=\"https:\/\/fr.wikipedia.org\/wiki\/Gregorio_Sciltian\">Gregorio Sciltian<\/a><\/li>\n<li><a title=\"Alexandre Semionov\" href=\"https:\/\/fr.wikipedia.org\/wiki\/Alexandre_Semionov\">Alexandre Semionov<\/a><\/li>\n<li><a title=\"Arseni Semionov\" href=\"https:\/\/fr.wikipedia.org\/wiki\/Arseni_Semionov\">Arseni Semionov<\/a><\/li>\n<li><a title=\"Vladimir Serov\" href=\"https:\/\/fr.wikipedia.org\/wiki\/Vladimir_Serov\">Vladimir Serov<\/a><\/li>\n<li><a title=\"Max Silbert\" href=\"https:\/\/fr.wikipedia.org\/wiki\/Max_Silbert\">Max Silbert<\/a><\/li>\n<li><a title=\"Sergue\u00ef Ivanovitch Smirnov\" href=\"https:\/\/fr.wikipedia.org\/wiki\/Sergue%C3%AF_Ivanovitch_Smirnov\">Sergue\u00ef Ivanovitch Smirnov<\/a><\/li>\n<li><a title=\"Dmitri Stelletsky\" href=\"https:\/\/fr.wikipedia.org\/wiki\/Dmitri_Stelletsky\">Dmitri Stelletsky<\/a><\/li>\n<li><a title=\"Alekse\u00ef Stepanov\" href=\"https:\/\/fr.wikipedia.org\/wiki\/Alekse%C3%AF_Stepanov\">Alekse\u00ef Stepanov<\/a><\/li>\n<li><a title=\"Vladimir Sterligov\" href=\"https:\/\/fr.wikipedia.org\/wiki\/Vladimir_Sterligov\">Vladimir Sterligov<\/a><\/li>\n<li><a title=\"Marc Sterling\" href=\"https:\/\/fr.wikipedia.org\/wiki\/Marc_Sterling\">Marc Sterling<\/a><\/li>\n<li><a title=\"Vladimir Stojarov\" href=\"https:\/\/fr.wikipedia.org\/wiki\/Vladimir_Stojarov\">Vladimir Stojarov<\/a><\/li>\n<li><a title=\"Pavel Svedomski\" href=\"https:\/\/fr.wikipedia.org\/wiki\/Pavel_Svedomski\">Pavel Svedomski<\/a><\/li>\n<\/ul>\n<\/div>\n<div class=\"mw-category-group\">\n<h3>T<\/h3>\n<ul>\n<li><a title=\"Nicolas Tarkhoff\" href=\"https:\/\/fr.wikipedia.org\/wiki\/Nicolas_Tarkhoff\">Nicolas Tarkhoff<\/a><\/li>\n<li><a title=\"Ilia Tchachnik\" href=\"https:\/\/fr.wikipedia.org\/wiki\/Ilia_Tchachnik\">Ilia Tchachnik<\/a><\/li>\n<li><a title=\"Nikola\u00ef Tchekhov\" href=\"https:\/\/fr.wikipedia.org\/wiki\/Nikola%C3%AF_Tchekhov\">Nikola\u00ef Tchekhov<\/a><\/li>\n<li><a title=\"Pavel Tchelitchev\" href=\"https:\/\/fr.wikipedia.org\/wiki\/Pavel_Tchelitchev\">Pavel Tchelitchev<\/a><\/li>\n<li><a title=\"Iefim Tcheptsov\" href=\"https:\/\/fr.wikipedia.org\/wiki\/Iefim_Tcheptsov\">Iefim Tcheptsov<\/a><\/li>\n<li><a title=\"Daniil Tcherny\" href=\"https:\/\/fr.wikipedia.org\/wiki\/Daniil_Tcherny\">Daniil Tcherny<\/a><\/li>\n<li><a title=\"Grigori Tchirikov\" href=\"https:\/\/fr.wikipedia.org\/wiki\/Grigori_Tchirikov\">Grigori Tchirikov<\/a><\/li>\n<li><a title=\"Th\u00e9ophane le Grec\" href=\"https:\/\/fr.wikipedia.org\/wiki\/Th%C3%A9ophane_le_Grec\">Th\u00e9ophane le Grec<\/a><\/li>\n<li><a title=\"Georg Wilhelm Timm\" href=\"https:\/\/fr.wikipedia.org\/wiki\/Georg_Wilhelm_Timm\">Georg Wilhelm Timm<\/a><\/li>\n<li><a title=\"Vladimir Tomilovsky\" href=\"https:\/\/fr.wikipedia.org\/wiki\/Vladimir_Tomilovsky\">Vladimir Tomilovsky<\/a><\/li>\n<li><a title=\"Piotr Tselebrovski\" href=\"https:\/\/fr.wikipedia.org\/wiki\/Piotr_Tselebrovski\">Piotr Tselebrovski<\/a><\/li>\n<li><a title=\"Israel Tsvaygenbaum\" href=\"https:\/\/fr.wikipedia.org\/wiki\/Israel_Tsvaygenbaum\">Israel Tsvaygenbaum<\/a><\/li>\n<\/ul>\n<\/div>\n<div class=\"mw-category-group\">\n<h3>V<\/h3>\n<ul>\n<li><a title=\"Alexandre Vakhrame\u00efev\" href=\"https:\/\/fr.wikipedia.org\/wiki\/Alexandre_Vakhrame%C3%AFev\">Alexandre Vakhrame\u00efev<\/a><\/li>\n<li><a title=\"Fiodor Vassiliev\" href=\"https:\/\/fr.wikipedia.org\/wiki\/Fiodor_Vassiliev\">Fiodor Vassiliev<\/a><\/li>\n<li><a title=\"Constantin Vechtchilov\" href=\"https:\/\/fr.wikipedia.org\/wiki\/Constantin_Vechtchilov\">Constantin Vechtchilov<\/a><\/li>\n<li><a title=\"Venok\" href=\"https:\/\/fr.wikipedia.org\/wiki\/Venok\">Venok<\/a><\/li>\n<li><a title=\"Vassili Verechtchaguine\" href=\"https:\/\/fr.wikipedia.org\/wiki\/Vassili_Verechtchaguine\">Vassili Verechtchaguine<\/a><\/li>\n<li><a title=\"Vassili Petrovitch Verechtchaguine\" href=\"https:\/\/fr.wikipedia.org\/wiki\/Vassili_Petrovitch_Verechtchaguine\">Vassili Petrovitch Verechtchaguine<\/a><\/li>\n<li><a title=\"Ivan Vichniakov\" href=\"https:\/\/fr.wikipedia.org\/wiki\/Ivan_Vichniakov\">Ivan Vichniakov<\/a><\/li>\n<li><a title=\"Sergue\u00ef Vinogradov\" href=\"https:\/\/fr.wikipedia.org\/wiki\/Sergue%C3%AF_Vinogradov\">Sergue\u00ef Vinogradov<\/a><\/li>\n<li><a title=\"Vissarion\" href=\"https:\/\/fr.wikipedia.org\/wiki\/Vissarion\">Vissarion<\/a><\/li>\n<li><a title=\"Valentin Vorobiov\" href=\"https:\/\/fr.wikipedia.org\/wiki\/Valentin_Vorobiov\">Valentin Vorobiov<\/a><\/li>\n<li><a title=\"Oleg Voukolov\" href=\"https:\/\/fr.wikipedia.org\/wiki\/Oleg_Voukolov\">Oleg Voukolov<\/a><\/li>\n<li><a title=\"Igor Alexandrovitch Voulokh\" href=\"https:\/\/fr.wikipedia.org\/wiki\/Igor_Alexandrovitch_Voulokh\">Igor Alexandrovitch Voulokh<\/a><\/li>\n<li><a title=\"Dmitri Vrubel\" href=\"https:\/\/fr.wikipedia.org\/wiki\/Dmitri_Vrubel\">Dmitri Vrubel<\/a><\/li>\n<\/ul>\n<\/div>\n<div class=\"mw-category-group\">\n<h3>Z<\/h3>\n<ul>\n<li><a title=\"Oleg Zinger\" href=\"https:\/\/fr.wikipedia.org\/wiki\/Oleg_Zinger\">Oleg Zinger<\/a><\/li>\n<li><a title=\"Boris Zvorykine\" href=\"https:\/\/fr.wikipedia.org\/wiki\/Boris_Zvorykine\">Boris Zvorykine<\/a><\/li>\n<\/ul>\n<\/div>\n<\/div>\n<\/div>\n<\/div>\n","protected":false},"excerpt":{"rendered":"<p>\u00a0 Tableau d&rsquo;un peintre russe\u00a0\u2013 43 P\u00a0\u2022\u00a029 C Peintre russe par si\u00e8cle\u00a0\u2013 6 C Peintre russe par courant\u00a0\u2013 10 C Peintre russe par th\u00e8me artistique\u00a0\u2013 6 C \u00a0Wikip\u00e9dia:\u00e9bauche peintre russe\u00a0\u2013 144 P A \u00a0Aquarelliste russe\u00a0\u2013 37 P E \u00a0Femme peintre de l&rsquo;Empire russe\u00a0\u2013 6 P P \u00a0Peintre de Saint-P\u00e9tersbourg\u00a0\u2013 49 P \u00a0 B Ivan Bilibine [&hellip;]<\/p>\n","protected":false},"author":1,"featured_media":0,"parent":0,"menu_order":0,"comment_status":"closed","ping_status":"closed","template":"","meta":{"footnotes":""},"class_list":["post-17299","page","type-page","status-publish","hentry"],"_links":{"self":[{"href":"https:\/\/oraziopuglisi.art\/index.php\/wp-json\/wp\/v2\/pages\/17299","targetHints":{"allow":["GET"]}}],"collection":[{"href":"https:\/\/oraziopuglisi.art\/index.php\/wp-json\/wp\/v2\/pages"}],"about":[{"href":"https:\/\/oraziopuglisi.art\/index.php\/wp-json\/wp\/v2\/types\/page"}],"author":[{"embeddable":true,"href":"https:\/\/oraziopuglisi.art\/index.php\/wp-json\/wp\/v2\/users\/1"}],"replies":[{"embeddable":true,"href":"https:\/\/oraziopuglisi.art\/index.php\/wp-json\/wp\/v2\/comments?post=17299"}],"version-history":[{"count":3,"href":"https:\/\/oraziopuglisi.art\/index.php\/wp-json\/wp\/v2\/pages\/17299\/revisions"}],"predecessor-version":[{"id":17302,"href":"https:\/\/oraziopuglisi.art\/index.php\/wp-json\/wp\/v2\/pages\/17299\/revisions\/17302"}],"wp:attachment":[{"href":"https:\/\/oraziopuglisi.art\/index.php\/wp-json\/wp\/v2\/media?parent=17299"}],"curies":[{"name":"wp","href":"https:\/\/api.w.org\/{rel}","templated":true}]}}