{"id":17293,"date":"2025-07-12T10:06:12","date_gmt":"2025-07-12T08:06:12","guid":{"rendered":"https:\/\/oraziopuglisi.art\/?page_id=17293"},"modified":"2025-07-12T17:24:51","modified_gmt":"2025-07-12T15:24:51","slug":"lart-sovietique","status":"publish","type":"page","link":"https:\/\/oraziopuglisi.art\/index.php\/lart-sovietique\/","title":{"rendered":"L\u2019Art sovi\u00e9tique"},"content":{"rendered":"<p style=\"text-align: justify;\"><em><span style=\"font-size: 8px;\">Image mise en avant : <i>Coupeur de foin<\/i>, par\u00a0<a title=\"Kasimir Malevitch\" href=\"https:\/\/fr.wikipedia.org\/wiki\/Kasimir_Malevitch\">Kasimir Malevitch<\/a>, 1930.<\/span><\/em><\/p>\n<p style=\"text-align: justify;\">La\u00a0<a title=\"R\u00e9volution d'Octobre\" href=\"https:\/\/fr.wikipedia.org\/wiki\/R%C3%A9volution_d%27Octobre\">r\u00e9volution d&rsquo;Octobre<\/a>\u00a0voit la naissance d\u2019un mouvement qui consiste \u00e0 mettre tous les arts au service de la\u00a0<a title=\"Dictature du prol\u00e9tariat\" href=\"https:\/\/fr.wikipedia.org\/wiki\/Dictature_du_prol%C3%A9tariat\">dictature du prol\u00e9tariat<\/a>. Son instrument, n\u00e9 quelques jours avant la r\u00e9volution, se nomme\u00a0<i><a title=\"Proletkoult\" href=\"https:\/\/fr.wikipedia.org\/wiki\/Proletkoult\">Proletkoult<\/a><\/i>, abr\u00e9viation de \u00ab\u00a0Proletarskie koultourno-prosvetitelny\u00efe organizatsii\u00a0\u00bb. L\u2019un des principaux th\u00e9oriciens du mouvement est\u00a0<a title=\"Alexandre Bogdanov\" href=\"https:\/\/fr.wikipedia.org\/wiki\/Alexandre_Bogdanov\">Alexandre Bogdanov<\/a>. Au d\u00e9but, le\u00a0<a class=\"mw-redirect\" title=\"Commissariat du Peuple \u00e0 l'\u00e9ducation\" href=\"https:\/\/fr.wikipedia.org\/wiki\/Commissariat_du_Peuple_%C3%A0_l%27%C3%A9ducation\">Narkompros<\/a>\u00a0(<a class=\"mw-redirect\" title=\"Commissariat du Peuple \u00e0 l'\u00e9ducation\" href=\"https:\/\/fr.wikipedia.org\/wiki\/Commissariat_du_Peuple_%C3%A0_l%27%C3%A9ducation\">Commissariat du Peuple \u00e0 l&rsquo;\u00e9ducation<\/a>), charg\u00e9 des Arts, soutient le Proletkoult. Bien que d\u2019ob\u00e9dience marxiste, le Proletkoult tombe en disgr\u00e2ce aupr\u00e8s de beaucoup de dirigeants du Parti, si bien qu\u2019en 1922 son influence a consid\u00e9rablement diminu\u00e9. Finalement, il est dissous par\u00a0<a title=\"Joseph Staline\" href=\"https:\/\/fr.wikipedia.org\/wiki\/Joseph_Staline\">Staline<\/a>\u00a0en 1932.\u00a0<i>De facto<\/i>, les restrictions sur ce que pouvaient peindre les artistes sont abandonn\u00e9es \u00e0 la fin des ann\u00e9es 1980.<\/p>\n<p style=\"text-align: justify;\">Cependant, \u00e0 la\u00a0<a title=\"Dislocation de l'URSS\" href=\"https:\/\/fr.wikipedia.org\/wiki\/Dislocation_de_l%27URSS\">fin de l\u2019\u00e8re sovi\u00e9tique<\/a>, beaucoup d\u2019artistes combinent leurs propres recherches avec le\u00a0<a title=\"R\u00e9alisme socialiste sovi\u00e9tique\" href=\"https:\/\/fr.wikipedia.org\/wiki\/R%C3%A9alisme_socialiste_sovi%C3%A9tique\">r\u00e9alisme socialiste sovi\u00e9tique<\/a>. Parmi eux\u00a0<a title=\"Ernst Ne\u00efzvestny\" href=\"https:\/\/fr.wikipedia.org\/wiki\/Ernst_Ne%C3%AFzvestny\">Ernst Ne\u00efzvestny<\/a>,\u00a0<a class=\"mw-redirect\" title=\"Ilia Kabakov\" href=\"https:\/\/fr.wikipedia.org\/wiki\/Ilia_Kabakov\">Ilia Kabakov<\/a>,\u00a0<a title=\"Mikha\u00efl Chemiakine\" href=\"https:\/\/fr.wikipedia.org\/wiki\/Mikha%C3%AFl_Chemiakine\">Mikha\u00efl Chemiakine<\/a>,\u00a0<a title=\"Erik Boulatov\" href=\"https:\/\/fr.wikipedia.org\/wiki\/Erik_Boulatov\">Erik Boulatov<\/a>\u00a0et\u00a0<a title=\"Vera Moukhina\" href=\"https:\/\/fr.wikipedia.org\/wiki\/Vera_Moukhina\">Vera Moukhina<\/a>. Ils emploient des techniques aussi vari\u00e9es que le\u00a0<a title=\"Primitivisme\" href=\"https:\/\/fr.wikipedia.org\/wiki\/Primitivisme\">primitivisme<\/a>, l\u2019<a title=\"\" href=\"https:\/\/fr.wikipedia.org\/wiki\/Hyperr%C3%A9alisme\">hyperr\u00e9alisme<\/a>, le\u00a0<a title=\"Grotesque\" href=\"https:\/\/fr.wikipedia.org\/wiki\/Grotesque\">grotesque<\/a>\u00a0et l\u2019<a title=\"Abstraction (art)\" href=\"https:\/\/fr.wikipedia.org\/wiki\/Abstraction_(art)\">abstraction<\/a>. Dans les ann\u00e9es 1940, les artistes sovi\u00e9tiques produisent un art furieusement patriotique et\u00a0<a title=\"Antifascisme\" href=\"https:\/\/fr.wikipedia.org\/wiki\/Antifascisme\">antifasciste<\/a>. Apr\u00e8s la\u00a0<a title=\"Grande Guerre patriotique\" href=\"https:\/\/fr.wikipedia.org\/wiki\/Grande_Guerre_patriotique\">Grande Guerre patriotique<\/a>, les sculpteurs sovi\u00e9tiques cr\u00e9ent de nombreux monuments d\u00e9di\u00e9s aux victimes de la guerre, emprunts d\u2019une grande et sobre solennit\u00e9.<\/p>\n<p style=\"text-align: justify;\">L&rsquo;<b>art sovi\u00e9tique<\/b>\u00a0est l&rsquo;<a title=\"Art\" href=\"https:\/\/fr.wikipedia.org\/wiki\/Art\">art<\/a>\u00a0produit en\u00a0<a title=\"Union des r\u00e9publiques socialistes sovi\u00e9tiques\" href=\"https:\/\/fr.wikipedia.org\/wiki\/Union_des_r%C3%A9publiques_socialistes_sovi%C3%A9tiques\">URSS<\/a>\u00a0de la\u00a0<a title=\"R\u00e9volution d'Octobre\" href=\"https:\/\/fr.wikipedia.org\/wiki\/R%C3%A9volution_d%27Octobre\">r\u00e9volution d&rsquo;octobre<\/a>\u00a0en 1917 jusqu&rsquo;\u00e0 la chute du bloc sovi\u00e9tique en 1991.<\/p>\n<div class=\"mw-heading mw-heading2\" style=\"text-align: justify;\">\n<h2 id=\"Historique\">Historique<\/h2>\n<\/div>\n<div class=\"mw-heading mw-heading3\" style=\"text-align: justify;\">\n<h3 id=\"L\u2019avant-garde\"><span id=\"L.E2.80.99avant-garde\"><\/span>L\u2019<a title=\"Avant-garde russe\" href=\"https:\/\/fr.wikipedia.org\/wiki\/Avant-garde_russe\">avant-garde<\/a><\/h3>\n<\/div>\n<div class=\"bandeau-container bandeau-section metadata bandeau-niveau-information\" style=\"text-align: justify;\">\n<div class=\"bandeau-cell bandeau-icone-css loupe\">Articles d\u00e9taill\u00e9s\u00a0:\u00a0<a title=\"Constructivisme russe\" href=\"https:\/\/fr.wikipedia.org\/wiki\/Constructivisme_russe\">Constructivisme russe<\/a>,\u00a0<a title=\"Productivisme (art)\" href=\"https:\/\/fr.wikipedia.org\/wiki\/Productivisme_(art)\">Productivisme (art)<\/a>\u00a0et\u00a0<a title=\"Supr\u00e9matisme\" href=\"https:\/\/fr.wikipedia.org\/wiki\/Supr%C3%A9matisme\">Supr\u00e9matisme<\/a>.<\/div>\n<\/div>\n<p style=\"text-align: justify;\">Dans les ann\u00e9es 1920, les deux courants du constructivisme et du supr\u00e9matisme se d\u00e9finissent, notamment au sein de l\u2019<a title=\"Institut de culture artistique\" href=\"https:\/\/fr.wikipedia.org\/wiki\/Institut_de_culture_artistique\">Institut de culture artistique<\/a>. Les artistes constructivistes productivistes comme\u00a0<a title=\"Vladimir Tatline\" href=\"https:\/\/fr.wikipedia.org\/wiki\/Vladimir_Tatline\">Tatline<\/a>,\u00a0<a title=\"Varvara Stepanova\" href=\"https:\/\/fr.wikipedia.org\/wiki\/Varvara_Stepanova\">Stepanova<\/a>\u00a0ou\u00a0<a title=\"Alexandre Rodtchenko\" href=\"https:\/\/fr.wikipedia.org\/wiki\/Alexandre_Rodtchenko\">Rodtchenko<\/a>\u00a0voient l\u2019art comme une pratique au service de la technique et de l\u2019industrie, tandis que les supr\u00e9matistes comme\u00a0<a title=\"Kasimir Malevitch\" href=\"https:\/\/fr.wikipedia.org\/wiki\/Kasimir_Malevitch\">Malevitch<\/a>\u00a0s\u2019orientent vers un art plus abstrait<sup id=\"cite_ref-:0_1-0\" class=\"reference\"><a href=\"https:\/\/fr.wikipedia.org\/wiki\/Art_sovi%C3%A9tique#cite_note-:0-1\"><span class=\"cite-bracket\">[<\/span>1<span class=\"cite-bracket\">]<\/span><\/a><\/sup>.<\/p>\n<div class=\"mw-heading mw-heading3\" style=\"text-align: justify;\">\n<h3 id=\"Le_r\u00e9alisme_socialiste\"><span id=\"Le_r.C3.A9alisme_socialiste\"><\/span>Le r\u00e9alisme socialiste<\/h3>\n<\/div>\n<div class=\"bandeau-container bandeau-section metadata bandeau-niveau-information\" style=\"text-align: justify;\">\n<div class=\"bandeau-cell bandeau-icone-css loupe\">Article d\u00e9taill\u00e9\u00a0:\u00a0<a title=\"R\u00e9alisme socialiste sovi\u00e9tique\" href=\"https:\/\/fr.wikipedia.org\/wiki\/R%C3%A9alisme_socialiste_sovi%C3%A9tique\">R\u00e9alisme socialiste sovi\u00e9tique<\/a>.<\/div>\n<\/div>\n<p style=\"text-align: justify;\">Dans les ann\u00e9es 1930, l\u2019URSS adopte, par le biais de l\u2019<a class=\"new\" title=\"Union des artistes sovi\u00e9tiques (page inexistante)\" href=\"https:\/\/fr.wikipedia.org\/w\/index.php?title=Union_des_artistes_sovi%C3%A9tiques&amp;action=edit&amp;redlink=1\">Union des artistes sovi\u00e9tiques<\/a>\u00a0<a class=\"extiw\" title=\"en:Artists' Union of the USSR\" href=\"https:\/\/en.wikipedia.org\/wiki\/Artists%27_Union_of_the_USSR\"><span class=\"indicateur-langue\" title=\"Article en anglais\u00a0: \u00ab\u00a0Artists' Union of the USSR\u00a0\u00bb\">(en)<\/span><\/a>, le r\u00e9alisme socialiste comme\u00a0<a title=\"Mouvement artistique\" href=\"https:\/\/fr.wikipedia.org\/wiki\/Mouvement_artistique\">mouvement artistique<\/a>\u00a0officiel<sup id=\"cite_ref-:0_1-1\" class=\"reference\"><a href=\"https:\/\/fr.wikipedia.org\/wiki\/Art_sovi%C3%A9tique#cite_note-:0-1\"><span class=\"cite-bracket\">[<\/span>1<span class=\"cite-bracket\">]<\/span><\/a><\/sup>. Ce mouvement est inspir\u00e9 du\u00a0<a title=\"R\u00e9alisme (litt\u00e9rature)\" href=\"https:\/\/fr.wikipedia.org\/wiki\/R%C3%A9alisme_(litt%C3%A9rature)\">r\u00e9alisme<\/a>, dans lequel l\u2019\u0153uvre doit refl\u00e9ter et promouvoir les\u00a0<a title=\"Principes du communisme\" href=\"https:\/\/fr.wikipedia.org\/wiki\/Principes_du_communisme\">principes du communisme<\/a>. Les autres courants artistiques ont d\u00e8s lors \u00e9t\u00e9 d\u00e9sign\u00e9 comme \u00ab\u00a0d\u00e9g\u00e9n\u00e9r\u00e9s\u00a0\u00bb et furent proscrits\u00a0<sup id=\"cite_ref-2\" class=\"reference\"><a href=\"https:\/\/fr.wikipedia.org\/wiki\/Art_sovi%C3%A9tique#cite_note-2\"><span class=\"cite-bracket\">[<\/span>2<span class=\"cite-bracket\">]<\/span><\/a><\/sup>.<\/p>\n<div class=\"mw-heading mw-heading2\" style=\"text-align: justify;\">\n<h2 id=\"Art_sovi\u00e9tique_non_conformiste\"><span id=\"Art_sovi.C3.A9tique_non_conformiste\"><\/span>Art sovi\u00e9tique non conformiste<\/h2>\n<\/div>\n<div class=\"bandeau-container bandeau-section metadata bandeau-niveau-information\" style=\"text-align: justify;\">\n<div class=\"bandeau-cell bandeau-icone-css loupe\">Article d\u00e9taill\u00e9\u00a0:\u00a0<a title=\"Art non conformiste sovi\u00e9tique\" href=\"https:\/\/fr.wikipedia.org\/wiki\/Art_non_conformiste_sovi%C3%A9tique\">Art non conformiste sovi\u00e9tique<\/a>.<\/div>\n<\/div>\n<div class=\"mw-heading mw-heading2\" style=\"text-align: justify;\">\n<h2 id=\"Bibliographie\">Bibliographie<\/h2>\n<\/div>\n<ul>\n<li style=\"text-align: justify;\">J\u00e9r\u00f4me Bazin, \u00ab\u00a0Le r\u00e9alisme socialiste et ses mod\u00e8les internationaux\u00a0\u00bb, Vingti\u00e8me Si\u00e8cle. Revue d&rsquo;histoire, 2011\/1 (n\u00b0 109), p.\u00a072-87\u00a0<a class=\"external autonumber\" href=\"https:\/\/www.cairn.info\/revue-vingtieme-siecle-revue-d-histoire-2011-1-page-72.htm\" rel=\"nofollow\">[1]<\/a><small class=\"cachelinks\">\u00a0[<a title=\"archive sur Wikiwix\" href=\"https:\/\/archive.wikiwix.com\/cache\/?url=https%3A%2F%2Fwww.cairn.info%2Frevue-vingtieme-siecle-revue-d-histoire-2011-1-page-72.htm\">archive<\/a>]<\/small><\/li>\n<li style=\"text-align: justify;\">C\u00e9cile Pichon-Bonin, \u00ab\u00a0Peindre et vivre en URSS dans les ann\u00e9es 1920-1930\u00a0: Commandes, engagements sous contrat et missions de cr\u00e9ation\u00a0\u00bb,\u00a0<a title=\"Cahiers du monde russe\" href=\"https:\/\/fr.wikipedia.org\/wiki\/Cahiers_du_monde_russe\">Cahiers du Monde russe<\/a>, 49\/1|2008, p.\u00a047-74\u00a0<a class=\"external autonumber\" href=\"https:\/\/journals.openedition.org\/monderusse\/9117#xd_co_f=OTJhMjBmZTMtNGZjMy00ZTEyLWFhMDEtYTIwMTZjYWJlMTk0~\" rel=\"nofollow\">[2]<\/a><small class=\"cachelinks\">\u00a0[<a title=\"archive sur Wikiwix\" href=\"https:\/\/archive.wikiwix.com\/cache\/?url=https%3A%2F%2Fjournals.openedition.org%2Fmonderusse%2F9117%23xd_co_f%3DOTJhMjBmZTMtNGZjMy00ZTEyLWFhMDEtYTIwMTZjYWJlMTk0~\">archive<\/a>]<\/small><\/li>\n<\/ul>\n","protected":false},"excerpt":{"rendered":"<p>Image mise en avant : Coupeur de foin, par\u00a0Kasimir Malevitch, 1930. La\u00a0r\u00e9volution d&rsquo;Octobre\u00a0voit la naissance d\u2019un mouvement qui consiste \u00e0 mettre tous les arts au service de la\u00a0dictature du prol\u00e9tariat. Son instrument, n\u00e9 quelques jours avant la r\u00e9volution, se nomme\u00a0Proletkoult, abr\u00e9viation de \u00ab\u00a0Proletarskie koultourno-prosvetitelny\u00efe organizatsii\u00a0\u00bb. L\u2019un des principaux th\u00e9oriciens du mouvement est\u00a0Alexandre Bogdanov. Au d\u00e9but, [&hellip;]<\/p>\n","protected":false},"author":1,"featured_media":17389,"parent":0,"menu_order":0,"comment_status":"closed","ping_status":"closed","template":"","meta":{"footnotes":""},"class_list":["post-17293","page","type-page","status-publish","has-post-thumbnail","hentry"],"_links":{"self":[{"href":"https:\/\/oraziopuglisi.art\/index.php\/wp-json\/wp\/v2\/pages\/17293","targetHints":{"allow":["GET"]}}],"collection":[{"href":"https:\/\/oraziopuglisi.art\/index.php\/wp-json\/wp\/v2\/pages"}],"about":[{"href":"https:\/\/oraziopuglisi.art\/index.php\/wp-json\/wp\/v2\/types\/page"}],"author":[{"embeddable":true,"href":"https:\/\/oraziopuglisi.art\/index.php\/wp-json\/wp\/v2\/users\/1"}],"replies":[{"embeddable":true,"href":"https:\/\/oraziopuglisi.art\/index.php\/wp-json\/wp\/v2\/comments?post=17293"}],"version-history":[{"count":4,"href":"https:\/\/oraziopuglisi.art\/index.php\/wp-json\/wp\/v2\/pages\/17293\/revisions"}],"predecessor-version":[{"id":17388,"href":"https:\/\/oraziopuglisi.art\/index.php\/wp-json\/wp\/v2\/pages\/17293\/revisions\/17388"}],"wp:featuredmedia":[{"embeddable":true,"href":"https:\/\/oraziopuglisi.art\/index.php\/wp-json\/wp\/v2\/media\/17389"}],"wp:attachment":[{"href":"https:\/\/oraziopuglisi.art\/index.php\/wp-json\/wp\/v2\/media?parent=17293"}],"curies":[{"name":"wp","href":"https:\/\/api.w.org\/{rel}","templated":true}]}}