{"id":17279,"date":"2025-07-12T10:00:21","date_gmt":"2025-07-12T08:00:21","guid":{"rendered":"https:\/\/oraziopuglisi.art\/?page_id=17279"},"modified":"2025-07-12T11:59:31","modified_gmt":"2025-07-12T09:59:31","slug":"les-icones","status":"publish","type":"page","link":"https:\/\/oraziopuglisi.art\/index.php\/les-icones\/","title":{"rendered":"Les Ic\u00f4nes"},"content":{"rendered":"<p><span style=\"font-size: 8px;\">Image mise en avant : <a title=\"Andre\u00ef Roublev\" href=\"https:\/\/fr.wikipedia.org\/wiki\/Andre%C3%AF_Roublev\">Andre\u00ef Roublev<\/a>,\u00a0<i><a title=\"Ic\u00f4ne de la Trinit\u00e9\" href=\"https:\/\/fr.wikipedia.org\/wiki\/Ic%C3%B4ne_de_la_Trinit%C3%A9\">Ic\u00f4ne de la Trinit\u00e9<\/a><\/i>\u00a0ou\u00a0<i>Les trois anges \u00e0\u00a0<a class=\"mw-redirect\" title=\"Ch\u00eane de Mambr\u00e9\" href=\"https:\/\/fr.wikipedia.org\/wiki\/Ch%C3%AAne_de_Mambr%C3%A9\">Mambr\u00e9<\/a><\/i>\u00a0(1410),\u00a0<a title=\"Galerie Tretiakov\" href=\"https:\/\/fr.wikipedia.org\/wiki\/Galerie_Tretiakov\">Galerie Tretiakov<\/a>,\u00a0<a title=\"Moscou\" href=\"https:\/\/fr.wikipedia.org\/wiki\/Moscou\">Moscou<\/a>.<\/span><\/p>\n<p style=\"text-align: justify;\"><b>Ic\u00f4nes russes<\/b>. L&rsquo;utilisation et la fabrication des\u00a0<a class=\"mw-redirect\" title=\"Ic\u00f4ne (religion)\" href=\"https:\/\/fr.wikipedia.org\/wiki\/Ic%C3%B4ne_(religion)\">ic\u00f4nes<\/a>\u00a0se sont r\u00e9pandues dans la\u00a0<a title=\"Rus' de Kiev\" href=\"https:\/\/fr.wikipedia.org\/wiki\/Rus%27_de_Kiev\">Rus&rsquo; de Kiev<\/a>\u00a0\u00e0 la suite de sa conversion \u00e0 la religion\u00a0<a title=\"\u00c9glise orthodoxe\" href=\"https:\/\/fr.wikipedia.org\/wiki\/%C3%89glise_orthodoxe\">orthodoxe<\/a>\u00a0en 988. En r\u00e8gle g\u00e9n\u00e9rale, ces ic\u00f4nes suivent de pr\u00e8s les mod\u00e8les et formules de l&rsquo;<a title=\"Art byzantin\" href=\"https:\/\/fr.wikipedia.org\/wiki\/Art_byzantin\">art byzantin<\/a>, d\u00e9velopp\u00e9s depuis sa capitale de\u00a0<a title=\"Constantinople\" href=\"https:\/\/fr.wikipedia.org\/wiki\/Constantinople\">Constantinople<\/a>. C&rsquo;est de cette ville et de Gr\u00e8ce que sont venus les premiers peintres d&rsquo;ic\u00f4nes<sup id=\"cite_ref-1\" class=\"reference\"><a href=\"https:\/\/fr.wikipedia.org\/wiki\/Ic%C3%B4ne_russe#cite_note-1\"><span class=\"cite-bracket\">[<\/span>1<span class=\"cite-bracket\">]<\/span><\/a><\/sup>. Progressivement, les russes ont \u00e9largi le vocabulaire stylistique et les diff\u00e9rents types d&rsquo;ic\u00f4nes pour arriver \u00e0 un art abouti qui ne se retrouve nulle part dans le monde orthodoxe.<\/p>\n<p><img loading=\"lazy\" decoding=\"async\" class=\"alignnone size-full wp-image-17310\" src=\"http:\/\/oraziopuglisi.art\/wp-content\/uploads\/2025\/07\/Andrei-Roublev-Icone-de-la-Trinite-ou-Les-trois-anges-a-Mambre-1410-Galerie-Tretiakov-Moscou.jpg\" alt=\"\" width=\"250\" height=\"308\" srcset=\"https:\/\/oraziopuglisi.art\/wp-content\/uploads\/2025\/07\/Andrei-Roublev-Icone-de-la-Trinite-ou-Les-trois-anges-a-Mambre-1410-Galerie-Tretiakov-Moscou.jpg 250w, https:\/\/oraziopuglisi.art\/wp-content\/uploads\/2025\/07\/Andrei-Roublev-Icone-de-la-Trinite-ou-Les-trois-anges-a-Mambre-1410-Galerie-Tretiakov-Moscou-244x300.jpg 244w\" sizes=\"auto, (max-width: 250px) 100vw, 250px\" \/><\/p>\n<p style=\"text-align: justify;\">Une \u00e9cole particuli\u00e8re \u00e9merge, d\u00e8s le\u00a0<a title=\"XIe si\u00e8cle\" href=\"https:\/\/fr.wikipedia.org\/wiki\/XIe_si%C3%A8cle\"><abbr class=\"abbr\" title=\"11\u1d49 si\u00e8cle\"><span class=\"romain\">XI<\/span><sup>e<\/sup><\/abbr>\u00a0si\u00e8cle<\/a>, celle de\u00a0<a title=\"Novgorod\" href=\"https:\/\/fr.wikipedia.org\/wiki\/Novgorod\">Novgorod<\/a>, mais les traditions personnelles, innovantes et cr\u00e9atives de l&rsquo;art religieux d&rsquo;Europe occidentale ont \u00e9t\u00e9 largement absentes en Russie avant le\u00a0<a title=\"XVIIe si\u00e8cle\" href=\"https:\/\/fr.wikipedia.org\/wiki\/XVIIe_si%C3%A8cle\"><abbr class=\"abbr\" title=\"17\u1d49 si\u00e8cle\"><span class=\"romain\">XVII<\/span><sup>e<\/sup><\/abbr>\u00a0si\u00e8cle<\/a>. \u00c0 cette \u00e9poque la peinture d&rsquo;ic\u00f4ne russe a \u00e9t\u00e9 tr\u00e8s fortement influenc\u00e9e par les peintures et gravures religieuses de l&rsquo;Europe protestante et\u00a0<a title=\"Art chr\u00e9tien\" href=\"https:\/\/fr.wikipedia.org\/wiki\/Art_chr%C3%A9tien\">catholique<\/a>. Au milieu du\u00a0<a title=\"XVIIe si\u00e8cle\" href=\"https:\/\/fr.wikipedia.org\/wiki\/XVIIe_si%C3%A8cle\"><abbr class=\"abbr\" title=\"17\u1d49 si\u00e8cle\"><span class=\"romain\">XVII<\/span><sup>e<\/sup><\/abbr>\u00a0si\u00e8cle<\/a>, les changements instaur\u00e9s dans la liturgie et les pratiques religieuses par le\u00a0<a title=\"Nikon (patriarche de Moscou)\" href=\"https:\/\/fr.wikipedia.org\/wiki\/Nikon_(patriarche_de_Moscou)\">patriarche Nikon<\/a>\u00a0ont abouti \u00e0 un schisme dans l&rsquo;<a class=\"mw-redirect\" title=\"Patriarcat de Moscou et de toute la Russie\" href=\"https:\/\/fr.wikipedia.org\/wiki\/Patriarcat_de_Moscou_et_de_toute_la_Russie\">\u00c9glise orthodoxe russe<\/a>, connu aussi sous le nom de\u00a0<i><a title=\"Raskol\" href=\"https:\/\/fr.wikipedia.org\/wiki\/Raskol\">Raskol<\/a><\/i>. Les traditionalistes, appel\u00e9s les\u00a0<a title=\"Orthodoxes vieux-croyants\" href=\"https:\/\/fr.wikipedia.org\/wiki\/Orthodoxes_vieux-croyants\">vieux-croyants<\/a>\u00a0ou vieux-ritualistes, ont conserv\u00e9 le style traditionnel des ic\u00f4nes, tandis que l&rsquo;\u00c9glise d&rsquo;\u00c9tat a modifi\u00e9 ses pratiques. C&rsquo;est \u00e0 partir de cette \u00e9poque que les ic\u00f4nes ont \u00e9t\u00e9 peintes non seulement dans le style non-r\u00e9aliste traditionnel, mais aussi dans un style m\u00ealant tradition russe et r\u00e9alisme de l&rsquo;Europe occidentale, proche de l&rsquo;art catholique. \u00c0 partir de la fin du\u00a0<a title=\"XVIIe si\u00e8cle\" href=\"https:\/\/fr.wikipedia.org\/wiki\/XVIIe_si%C3%A8cle\"><abbr class=\"abbr\" title=\"17\u1d49 si\u00e8cle\"><span class=\"romain\">XVII<\/span><sup>e<\/sup><\/abbr>\u00a0si\u00e8cle<\/a>, les ic\u00f4nes russes montrent de plus en plus l&rsquo;influence de la peinture hollandaise et flamande<sup id=\"cite_ref-2\" class=\"reference\"><a href=\"https:\/\/fr.wikipedia.org\/wiki\/Ic%C3%B4ne_russe#cite_note-2\"><span class=\"cite-bracket\">[<\/span>2<span class=\"cite-bracket\">]<\/span><\/a><\/sup>.<\/p>\n<p style=\"text-align: justify;\">Les ic\u00f4nes russes sont essentiellement des peintures sur bois, souvent petites, bien que dans certaines \u00e9glises et monast\u00e8res elles peuvent \u00eatre plus larges. Quelques ic\u00f4nes russes sont faites de cuivre<sup id=\"cite_ref-3\" class=\"reference\"><a href=\"https:\/\/fr.wikipedia.org\/wiki\/Ic%C3%B4ne_russe#cite_note-3\"><span class=\"cite-bracket\">[<\/span>3<span class=\"cite-bracket\">]<\/span><\/a><\/sup>. Beaucoup de maisons en Russie ont des ic\u00f4nes accroch\u00e9es au mur<sup id=\"cite_ref-4\" class=\"reference\"><a href=\"https:\/\/fr.wikipedia.org\/wiki\/Ic%C3%B4ne_russe#cite_note-4\"><span class=\"cite-bracket\">[<\/span>4<span class=\"cite-bracket\">]<\/span><\/a><\/sup>, dans le\u00a0<i>krasny ugol<\/i>.<\/p>\n<p style=\"text-align: justify;\">Une riche histoire et un symbolisme religieux \u00e9labor\u00e9 se sont d\u00e9velopp\u00e9s autour des ic\u00f4nes. Dans les \u00e9glises russes, la\u00a0<a title=\"Nef\" href=\"https:\/\/fr.wikipedia.org\/wiki\/Nef\">nef<\/a>\u00a0est traditionnellement s\u00e9par\u00e9e du\u00a0<a title=\"Sanctuaire\" href=\"https:\/\/fr.wikipedia.org\/wiki\/Sanctuaire\">sanctuaire<\/a>\u00a0par une\u00a0<a title=\"Iconostase\" href=\"https:\/\/fr.wikipedia.org\/wiki\/Iconostase\">iconostase<\/a>\u00a0(en\u00a0<a title=\"Russe\" href=\"https:\/\/fr.wikipedia.org\/wiki\/Russe\">russe<\/a>\u00a0: \u0438\u043a\u043e\u043d\u043e\u0441\u0442\u0430\u0441,\u00a0<i>ikonostas<\/i>), une cloison \u00e0 plusieurs \u00e9tages d&rsquo;ic\u00f4nes superpos\u00e9es avec deux portes en son centre.<\/p>\n<p style=\"text-align: justify;\">Les Russes parlent parfois d&rsquo;une ic\u00f4ne comme ayant \u00e9t\u00e9 \u00ab\u00a0\u00e9crite\u00a0\u00bb, parce qu&rsquo;en russe (comme en grec), le m\u00eame mot (\u043f\u0438\u0441\u0430\u0442\u044c,\u00a0<i>pisat<\/i>) signifie \u00e0 la fois peindre et \u00e9crire. Les ic\u00f4nes sont consid\u00e9r\u00e9es comme l&rsquo;\u00c9vangile peint.<\/p>\n<p style=\"text-align: justify;\">Les ic\u00f4nes consid\u00e9r\u00e9es miraculeuses sont dites\u00a0<i>apparues<\/i>. L&rsquo;<i>apparition<\/i>\u00a0(\u044f\u0432\u043b\u0435\u043d\u0438\u0435,\u00a0<i>yavlenie<\/i>) d&rsquo;une ic\u00f4ne est sa suppos\u00e9e d\u00e9couverte miraculeuse. \u00ab\u00a0A true icon is one that has\u00a0<i>appeared<\/i>, a gift from above, one opening the way to the Prototype and able to perform miracles\u00a0\u00bb<sup id=\"cite_ref-5\" class=\"reference\"><a href=\"https:\/\/fr.wikipedia.org\/wiki\/Ic%C3%B4ne_russe#cite_note-5\"><span class=\"cite-bracket\">[<\/span>5<span class=\"cite-bracket\">]<\/span><\/a><\/sup>.<\/p>\n<div class=\"mw-heading mw-heading2\" style=\"text-align: justify;\">\n<h2 id=\"Red\u00e9couverte_des_ic\u00f4nes\"><span id=\"Red.C3.A9couverte_des_ic.C3.B4nes\"><\/span>Red\u00e9couverte des ic\u00f4nes<\/h2>\n<\/div>\n<p style=\"text-align: justify;\">Depuis l&rsquo;\u00e9poque de\u00a0<a title=\"Pierre Ier le Grand\" href=\"https:\/\/fr.wikipedia.org\/wiki\/Pierre_Ier_le_Grand\">Pierre\u00a0<abbr class=\"abbr\" title=\"premier\">I<sup>er<\/sup><\/abbr>\u00a0le Grand<\/a>\u00a0jusqu&rsquo;au d\u00e9but du\u00a0<abbr class=\"abbr\" title=\"20\u1d49 si\u00e8cle\"><span class=\"romain\">XX<\/span><sup>e<\/sup><\/abbr>\u00a0si\u00e8cle presque personne ne t\u00e9moignait d&rsquo;int\u00e9r\u00eat pour la valeur artistique des ic\u00f4nes. Celles-ci \u00e9taient recouvertes de\u00a0<a title=\"Riza\" href=\"https:\/\/fr.wikipedia.org\/wiki\/Riza\">rizas<\/a>\u00a0ou\u00a0<a class=\"mw-redirect\" title=\"Oklad\" href=\"https:\/\/fr.wikipedia.org\/wiki\/Oklad\">oklads<\/a>, masqu\u00e9es par la trace de suie des bougies, si bien qu&rsquo;il \u00e9tait impossible de les voir. L&rsquo;<i><a title=\"Ic\u00f4ne de la Trinit\u00e9\" href=\"https:\/\/fr.wikipedia.org\/wiki\/Ic%C3%B4ne_de_la_Trinit%C3%A9\">Ic\u00f4ne de la Trinit\u00e9<\/a><\/i>\u00a0d&rsquo;<a title=\"Andre\u00ef Roublev\" href=\"https:\/\/fr.wikipedia.org\/wiki\/Andre%C3%AF_Roublev\">Andre\u00ef Roublev<\/a>\u00a0fut une des premi\u00e8res \u00e0 \u00eatre restaur\u00e9e. Mais \u00e0 peine restaur\u00e9e elle disparut \u00e0 nouveau derri\u00e8re sa riza. C&rsquo;est le collectionneur\u00a0<a title=\"Ilya Ostroukhov\" href=\"https:\/\/fr.wikipedia.org\/wiki\/Ilya_Ostroukhov\">Ilya Ostroukhov<\/a>\u00a0qui entreprit une nettoyage syst\u00e9matique des ic\u00f4nes de sa splendide collection. Ce sont celles de\u00a0<a class=\"mw-redirect\" title=\"Veliki Novgorod\" href=\"https:\/\/fr.wikipedia.org\/wiki\/Veliki_Novgorod\">Veliki Novgorod<\/a>\u00a0qui furent les premi\u00e8res \u00e0 \u00eatre repr\u00e9sent\u00e9es \u00e0 un large public. Apr\u00e8s la\u00a0<a title=\"R\u00e9volution d'Octobre\" href=\"https:\/\/fr.wikipedia.org\/wiki\/R%C3%A9volution_d%27Octobre\">R\u00e9volution d&rsquo;Octobre<\/a>\u00a0de 1917, l&rsquo;\u00c9tat prend en main la restauration des reliques de la peinture russe primitive. Les d\u00e9crets de\u00a0<a class=\"mw-redirect\" title=\"L\u00e9nine\" href=\"https:\/\/fr.wikipedia.org\/wiki\/L%C3%A9nine\">L\u00e9nine<\/a>\u00a0sur la nationalisation des \u0153uvres d&rsquo;art vont conduire \u00e0 fonder de vastes d\u00e9p\u00f4ts de peintures \u00e0 la\u00a0<a title=\"Galerie Tretiakov\" href=\"https:\/\/fr.wikipedia.org\/wiki\/Galerie_Tretiakov\">galerie Tretiakov<\/a>\u00a0\u00e0 Moscou et au\u00a0<a title=\"Mus\u00e9e russe\" href=\"https:\/\/fr.wikipedia.org\/wiki\/Mus%C3%A9e_russe\">Mus\u00e9e russe<\/a>\u00a0\u00e0\u00a0<a title=\"Saint-P\u00e9tersbourg\" href=\"https:\/\/fr.wikipedia.org\/wiki\/Saint-P%C3%A9tersbourg\">Saint-P\u00e9tersbourg<\/a>. Des exp\u00e9ditions scientifiques sont organis\u00e9es dans la province russe qui permettent durant tout le\u00a0<abbr class=\"abbr\" title=\"20\u1d49 si\u00e8cle\"><span class=\"romain\">XX<\/span><sup>e<\/sup><\/abbr>\u00a0si\u00e8cle d&rsquo;accro\u00eetre sans cesse les collections constitu\u00e9es. En 1947, est cr\u00e9\u00e9 le\u00a0<a title=\"Mus\u00e9e central de la culture et de la peinture russe ancienne Andre\u00ef Roublev\" href=\"https:\/\/fr.wikipedia.org\/wiki\/Mus%C3%A9e_central_de_la_culture_et_de_la_peinture_russe_ancienne_Andre%C3%AF_Roublev\">Mus\u00e9e central de la culture et de la peinture russe ancienne Andre\u00ef Roublev<\/a>\u00a0au\u00a0<a class=\"mw-redirect\" title=\"Monast\u00e8re Andronikov\" href=\"https:\/\/fr.wikipedia.org\/wiki\/Monast%C3%A8re_Andronikov\">monast\u00e8re Andronikov<\/a>. \u00c0 l&rsquo;\u00e9poque\u00a0<a title=\"Union des r\u00e9publiques socialistes sovi\u00e9tiques\" href=\"https:\/\/fr.wikipedia.org\/wiki\/Union_des_r%C3%A9publiques_socialistes_sovi%C3%A9tiques\">sovi\u00e9tique<\/a>\u00a0il a fallu justifier l&rsquo;int\u00e9r\u00eat pour des ic\u00f4nes, objets sacr\u00e9s dont l&rsquo;\u00c9glise donnait son interpr\u00e9tation, et faire la distinction entre l&rsquo;int\u00e9r\u00eat pour leur seule valeur artistique et non plus comme objets de culte<sup id=\"cite_ref-Alpatov1982237_6-0\" class=\"reference\"><a href=\"https:\/\/fr.wikipedia.org\/wiki\/Ic%C3%B4ne_russe#cite_note-Alpatov1982237-6\"><span class=\"cite-bracket\">[<\/span>6<span class=\"cite-bracket\">]<\/span><\/a><\/sup>.<\/p>\n<blockquote class=\"wp-embedded-content\" data-secret=\"Ik7FSnLuR4\"><p><a href=\"https:\/\/oraziopuglisi.art\/index.php\/icones-de-novgorod\/\">Ic\u00f4nes de Novgorod<\/a><\/p><\/blockquote>\n<p><iframe loading=\"lazy\" class=\"wp-embedded-content\" sandbox=\"allow-scripts\" security=\"restricted\" style=\"position: absolute; visibility: hidden;\" title=\"\u00ab\u00a0Ic\u00f4nes de Novgorod\u00a0\u00bb &#8212; Orazio Puglisi\" src=\"https:\/\/oraziopuglisi.art\/index.php\/icones-de-novgorod\/embed\/#?secret=46X0ATPGX5#?secret=Ik7FSnLuR4\" data-secret=\"Ik7FSnLuR4\" width=\"600\" height=\"338\" frameborder=\"0\" marginwidth=\"0\" marginheight=\"0\" scrolling=\"no\"><\/iframe><\/p>\n<blockquote class=\"wp-embedded-content\" data-secret=\"kYfUZN1d4K\"><p><a href=\"https:\/\/oraziopuglisi.art\/index.php\/icones-de-pskov\/\">Ic\u00f4nes de Pskov<\/a><\/p><\/blockquote>\n<p><iframe loading=\"lazy\" class=\"wp-embedded-content\" sandbox=\"allow-scripts\" security=\"restricted\" style=\"position: absolute; visibility: hidden;\" title=\"\u00ab\u00a0Ic\u00f4nes de Pskov\u00a0\u00bb &#8212; Orazio Puglisi\" src=\"https:\/\/oraziopuglisi.art\/index.php\/icones-de-pskov\/embed\/#?secret=ukSbtCq9kZ#?secret=kYfUZN1d4K\" data-secret=\"kYfUZN1d4K\" width=\"600\" height=\"338\" frameborder=\"0\" marginwidth=\"0\" marginheight=\"0\" scrolling=\"no\"><\/iframe><\/p>\n<p>&nbsp;<\/p>\n<p>&nbsp;<\/p>\n<blockquote class=\"wp-embedded-content\" data-secret=\"oPLJW5xn68\"><p><a href=\"https:\/\/oraziopuglisi.art\/index.php\/icones-de-russie-centrale-iaroslavl-vladimir-et-souzdal\/\">Ic\u00f4nes de Russie centrale (Iaroslavl, Vladimir et Souzdal)<\/a><\/p><\/blockquote>\n<p><iframe loading=\"lazy\" class=\"wp-embedded-content\" sandbox=\"allow-scripts\" security=\"restricted\" style=\"position: absolute; visibility: hidden;\" title=\"\u00ab\u00a0Ic\u00f4nes de Russie centrale (Iaroslavl, Vladimir et Souzdal)\u00a0\u00bb &#8212; Orazio Puglisi\" src=\"https:\/\/oraziopuglisi.art\/index.php\/icones-de-russie-centrale-iaroslavl-vladimir-et-souzdal\/embed\/#?secret=TgXcMQNz0f#?secret=oPLJW5xn68\" data-secret=\"oPLJW5xn68\" width=\"600\" height=\"338\" frameborder=\"0\" marginwidth=\"0\" marginheight=\"0\" scrolling=\"no\"><\/iframe><\/p>\n<p>&nbsp;<\/p>\n<blockquote class=\"wp-embedded-content\" data-secret=\"rbNfXdolHT\"><p><a href=\"https:\/\/oraziopuglisi.art\/index.php\/icones-de-moscou\/\">Ic\u00f4nes de Moscou<\/a><\/p><\/blockquote>\n<p><iframe loading=\"lazy\" class=\"wp-embedded-content\" sandbox=\"allow-scripts\" security=\"restricted\" style=\"position: absolute; visibility: hidden;\" title=\"\u00ab\u00a0Ic\u00f4nes de Moscou\u00a0\u00bb &#8212; Orazio Puglisi\" src=\"https:\/\/oraziopuglisi.art\/index.php\/icones-de-moscou\/embed\/#?secret=W4eyiXvMgO#?secret=rbNfXdolHT\" data-secret=\"rbNfXdolHT\" width=\"600\" height=\"338\" frameborder=\"0\" marginwidth=\"0\" marginheight=\"0\" scrolling=\"no\"><\/iframe><\/p>\n<blockquote class=\"wp-embedded-content\" data-secret=\"amAvKkbgGu\"><p><a href=\"https:\/\/oraziopuglisi.art\/index.php\/icones-de-vologda\/\">Ic\u00f4nes de Vologda<\/a><\/p><\/blockquote>\n<p><iframe loading=\"lazy\" class=\"wp-embedded-content\" sandbox=\"allow-scripts\" security=\"restricted\" style=\"position: absolute; visibility: hidden;\" title=\"\u00ab\u00a0Ic\u00f4nes de Vologda\u00a0\u00bb &#8212; Orazio Puglisi\" src=\"https:\/\/oraziopuglisi.art\/index.php\/icones-de-vologda\/embed\/#?secret=2RSGP7h3n5#?secret=amAvKkbgGu\" data-secret=\"amAvKkbgGu\" width=\"600\" height=\"338\" frameborder=\"0\" marginwidth=\"0\" marginheight=\"0\" scrolling=\"no\"><\/iframe><\/p>\n<p>&nbsp;<\/p>\n","protected":false},"excerpt":{"rendered":"<p>Image mise en avant : Andre\u00ef Roublev,\u00a0Ic\u00f4ne de la Trinit\u00e9\u00a0ou\u00a0Les trois anges \u00e0\u00a0Mambr\u00e9\u00a0(1410),\u00a0Galerie Tretiakov,\u00a0Moscou. Ic\u00f4nes russes. L&rsquo;utilisation et la fabrication des\u00a0ic\u00f4nes\u00a0se sont r\u00e9pandues dans la\u00a0Rus&rsquo; de Kiev\u00a0\u00e0 la suite de sa conversion \u00e0 la religion\u00a0orthodoxe\u00a0en 988. En r\u00e8gle g\u00e9n\u00e9rale, ces ic\u00f4nes suivent de pr\u00e8s les mod\u00e8les et formules de l&rsquo;art byzantin, d\u00e9velopp\u00e9s depuis sa capitale [&hellip;]<\/p>\n","protected":false},"author":1,"featured_media":17310,"parent":0,"menu_order":0,"comment_status":"closed","ping_status":"closed","template":"","meta":{"footnotes":""},"class_list":["post-17279","page","type-page","status-publish","has-post-thumbnail","hentry"],"_links":{"self":[{"href":"https:\/\/oraziopuglisi.art\/index.php\/wp-json\/wp\/v2\/pages\/17279","targetHints":{"allow":["GET"]}}],"collection":[{"href":"https:\/\/oraziopuglisi.art\/index.php\/wp-json\/wp\/v2\/pages"}],"about":[{"href":"https:\/\/oraziopuglisi.art\/index.php\/wp-json\/wp\/v2\/types\/page"}],"author":[{"embeddable":true,"href":"https:\/\/oraziopuglisi.art\/index.php\/wp-json\/wp\/v2\/users\/1"}],"replies":[{"embeddable":true,"href":"https:\/\/oraziopuglisi.art\/index.php\/wp-json\/wp\/v2\/comments?post=17279"}],"version-history":[{"count":7,"href":"https:\/\/oraziopuglisi.art\/index.php\/wp-json\/wp\/v2\/pages\/17279\/revisions"}],"predecessor-version":[{"id":17324,"href":"https:\/\/oraziopuglisi.art\/index.php\/wp-json\/wp\/v2\/pages\/17279\/revisions\/17324"}],"wp:featuredmedia":[{"embeddable":true,"href":"https:\/\/oraziopuglisi.art\/index.php\/wp-json\/wp\/v2\/media\/17310"}],"wp:attachment":[{"href":"https:\/\/oraziopuglisi.art\/index.php\/wp-json\/wp\/v2\/media?parent=17279"}],"curies":[{"name":"wp","href":"https:\/\/api.w.org\/{rel}","templated":true}]}}