{"id":17246,"date":"2025-06-29T11:52:08","date_gmt":"2025-06-29T09:52:08","guid":{"rendered":"https:\/\/oraziopuglisi.art\/?page_id=17246"},"modified":"2026-03-31T09:52:48","modified_gmt":"2026-03-31T07:52:48","slug":"la-peinture-russe","status":"publish","type":"page","link":"https:\/\/oraziopuglisi.art\/index.php\/la-peinture-russe\/","title":{"rendered":"La Peinture Russe"},"content":{"rendered":"<p><span style=\"font-size: 8px;\"><strong>Image mise en avant :<\/strong> <a title=\"Amedeo Modigliani\" href=\"https:\/\/fr.wikipedia.org\/wiki\/Amedeo_Modigliani\">Amedeo Modigliani<\/a>,\u00a0<i><a title=\"Portrait de Cha\u00efm Soutine\" href=\"https:\/\/fr.wikipedia.org\/wiki\/Portrait_de_Cha%C3%AFm_Soutine\">Portrait de Cha\u00efm Soutine<\/a><\/i>\u00a0(<a title=\"1916 en arts plastiques\" href=\"https:\/\/fr.wikipedia.org\/wiki\/1916_en_arts_plastiques\">1916<\/a>), <\/span><span style=\"font-size: 8px;\">huile sur toile (100\u00a0\u00d7\u00a065\u00a0<abbr class=\"abbr\" title=\"centim\u00e8tre\">cm<\/abbr>),\u00a0<a title=\"Mus\u00e9e d'Art moderne de C\u00e9ret\" href=\"https:\/\/fr.wikipedia.org\/wiki\/Mus%C3%A9e_d%27Art_moderne_de_C%C3%A9ret\">mus\u00e9e d&rsquo;Art moderne de C\u00e9ret<\/a>.<\/span><\/p>\n<blockquote class=\"wp-embedded-content\" data-secret=\"BNlR1pfcrV\"><p><a href=\"https:\/\/oraziopuglisi.art\/index.php\/les-icones\/\">Les Ic\u00f4nes<\/a><\/p><\/blockquote>\n<p><iframe loading=\"lazy\" class=\"wp-embedded-content\" sandbox=\"allow-scripts\" security=\"restricted\" style=\"position: absolute; visibility: hidden;\" title=\"\u00ab\u00a0Les Ic\u00f4nes\u00a0\u00bb &#8212; Orazio Puglisi\" src=\"https:\/\/oraziopuglisi.art\/index.php\/les-icones\/embed\/#?secret=2lG8PAzELG#?secret=BNlR1pfcrV\" data-secret=\"BNlR1pfcrV\" width=\"600\" height=\"338\" frameborder=\"0\" marginwidth=\"0\" marginheight=\"0\" scrolling=\"no\"><\/iframe><\/p>\n<blockquote class=\"wp-embedded-content\" data-secret=\"txqwRONgA5\"><p><a href=\"https:\/\/oraziopuglisi.art\/index.php\/le-classicisme\/\">Le Classicisme<\/a><\/p><\/blockquote>\n<p><iframe loading=\"lazy\" class=\"wp-embedded-content\" sandbox=\"allow-scripts\" security=\"restricted\" style=\"position: absolute; visibility: hidden;\" title=\"\u00ab\u00a0Le Classicisme\u00a0\u00bb &#8212; Orazio Puglisi\" src=\"https:\/\/oraziopuglisi.art\/index.php\/le-classicisme\/embed\/#?secret=UwvwW0WNa8#?secret=txqwRONgA5\" data-secret=\"txqwRONgA5\" width=\"600\" height=\"338\" frameborder=\"0\" marginwidth=\"0\" marginheight=\"0\" scrolling=\"no\"><\/iframe><\/p>\n<blockquote class=\"wp-embedded-content\" data-secret=\"pt7HuC09NB\"><p><a href=\"https:\/\/oraziopuglisi.art\/index.php\/le-romantisme-2\/\">Le Romantisme<\/a><\/p><\/blockquote>\n<p><iframe loading=\"lazy\" class=\"wp-embedded-content\" sandbox=\"allow-scripts\" security=\"restricted\" style=\"position: absolute; visibility: hidden;\" title=\"\u00ab\u00a0Le Romantisme\u00a0\u00bb &#8212; Orazio Puglisi\" src=\"https:\/\/oraziopuglisi.art\/index.php\/le-romantisme-2\/embed\/#?secret=1dEP4TfCGG#?secret=pt7HuC09NB\" data-secret=\"pt7HuC09NB\" width=\"600\" height=\"338\" frameborder=\"0\" marginwidth=\"0\" marginheight=\"0\" scrolling=\"no\"><\/iframe><\/p>\n<blockquote class=\"wp-embedded-content\" data-secret=\"WPR7sOUzCc\"><p><a href=\"https:\/\/oraziopuglisi.art\/index.php\/le-realisme\/\">Le R\u00e9alisme<\/a><\/p><\/blockquote>\n<p><iframe loading=\"lazy\" class=\"wp-embedded-content\" sandbox=\"allow-scripts\" security=\"restricted\" style=\"position: absolute; visibility: hidden;\" title=\"\u00ab\u00a0Le R\u00e9alisme\u00a0\u00bb &#8212; Orazio Puglisi\" src=\"https:\/\/oraziopuglisi.art\/index.php\/le-realisme\/embed\/#?secret=xSmYQKT6KH#?secret=WPR7sOUzCc\" data-secret=\"WPR7sOUzCc\" width=\"600\" height=\"338\" frameborder=\"0\" marginwidth=\"0\" marginheight=\"0\" scrolling=\"no\"><\/iframe><\/p>\n<blockquote class=\"wp-embedded-content\" data-secret=\"xroRmACGxy\"><p><a href=\"https:\/\/oraziopuglisi.art\/index.php\/symbolisme-russe-art-nouveau\/\">Symbolisme russe, Art Nouveau<\/a><\/p><\/blockquote>\n<p><iframe loading=\"lazy\" class=\"wp-embedded-content\" sandbox=\"allow-scripts\" security=\"restricted\" style=\"position: absolute; visibility: hidden;\" title=\"\u00ab\u00a0Symbolisme russe, Art Nouveau\u00a0\u00bb &#8212; Orazio Puglisi\" src=\"https:\/\/oraziopuglisi.art\/index.php\/symbolisme-russe-art-nouveau\/embed\/#?secret=aQTIuwW15N#?secret=xroRmACGxy\" data-secret=\"xroRmACGxy\" width=\"600\" height=\"338\" frameborder=\"0\" marginwidth=\"0\" marginheight=\"0\" scrolling=\"no\"><\/iframe><\/p>\n<blockquote class=\"wp-embedded-content\" data-secret=\"LAATZ48aVR\"><p><a href=\"https:\/\/oraziopuglisi.art\/index.php\/mir-iskousstva\/\">Mir Iskousstva<\/a><\/p><\/blockquote>\n<p><iframe loading=\"lazy\" class=\"wp-embedded-content\" sandbox=\"allow-scripts\" security=\"restricted\" style=\"position: absolute; visibility: hidden;\" title=\"\u00ab\u00a0Mir Iskousstva\u00a0\u00bb &#8212; Orazio Puglisi\" src=\"https:\/\/oraziopuglisi.art\/index.php\/mir-iskousstva\/embed\/#?secret=DIayNEI3hd#?secret=LAATZ48aVR\" data-secret=\"LAATZ48aVR\" width=\"600\" height=\"338\" frameborder=\"0\" marginwidth=\"0\" marginheight=\"0\" scrolling=\"no\"><\/iframe><\/p>\n<blockquote class=\"wp-embedded-content\" data-secret=\"OeMAa2Jfvk\"><p><a href=\"https:\/\/oraziopuglisi.art\/index.php\/lavant-garde-russe\/\">L\u2019avant-garde russe<\/a><\/p><\/blockquote>\n<p><iframe loading=\"lazy\" class=\"wp-embedded-content\" sandbox=\"allow-scripts\" security=\"restricted\" style=\"position: absolute; visibility: hidden;\" title=\"\u00ab\u00a0L\u2019avant-garde russe\u00a0\u00bb &#8212; Orazio Puglisi\" src=\"https:\/\/oraziopuglisi.art\/index.php\/lavant-garde-russe\/embed\/#?secret=Y1XW5NXslY#?secret=OeMAa2Jfvk\" data-secret=\"OeMAa2Jfvk\" width=\"600\" height=\"338\" frameborder=\"0\" marginwidth=\"0\" marginheight=\"0\" scrolling=\"no\"><\/iframe><\/p>\n<blockquote class=\"wp-embedded-content\" data-secret=\"IWKcVGMc59\"><p><a href=\"https:\/\/oraziopuglisi.art\/index.php\/lart-sovietique\/\">L\u2019Art sovi\u00e9tique<\/a><\/p><\/blockquote>\n<p><iframe loading=\"lazy\" class=\"wp-embedded-content\" sandbox=\"allow-scripts\" security=\"restricted\" style=\"position: absolute; visibility: hidden;\" title=\"\u00ab\u00a0L\u2019Art sovi\u00e9tique\u00a0\u00bb &#8212; Orazio Puglisi\" src=\"https:\/\/oraziopuglisi.art\/index.php\/lart-sovietique\/embed\/#?secret=QTpSLFtUBd#?secret=IWKcVGMc59\" data-secret=\"IWKcVGMc59\" width=\"600\" height=\"338\" frameborder=\"0\" marginwidth=\"0\" marginheight=\"0\" scrolling=\"no\"><\/iframe><\/p>\n<blockquote class=\"wp-embedded-content\" data-secret=\"fbUYjE7d4c\"><p><a href=\"https:\/\/oraziopuglisi.art\/index.php\/la-peinture-russe-contemporaine\/\">La peinture russe contemporaine<\/a><\/p><\/blockquote>\n<p><iframe loading=\"lazy\" class=\"wp-embedded-content\" sandbox=\"allow-scripts\" security=\"restricted\" style=\"position: absolute; visibility: hidden;\" title=\"\u00ab\u00a0La peinture russe contemporaine\u00a0\u00bb &#8212; Orazio Puglisi\" src=\"https:\/\/oraziopuglisi.art\/index.php\/la-peinture-russe-contemporaine\/embed\/#?secret=Rub3OKUDD6#?secret=fbUYjE7d4c\" data-secret=\"fbUYjE7d4c\" width=\"600\" height=\"338\" frameborder=\"0\" marginwidth=\"0\" marginheight=\"0\" scrolling=\"no\"><\/iframe><\/p>\n<p>&nbsp;<\/p>\n<blockquote class=\"wp-embedded-content\" data-secret=\"LNcVPg9eDd\"><p><a href=\"https:\/\/oraziopuglisi.art\/index.php\/chaim-soutine\/\">Chaim Soutine<\/a><\/p><\/blockquote>\n<p><iframe loading=\"lazy\" class=\"wp-embedded-content\" sandbox=\"allow-scripts\" security=\"restricted\" style=\"position: absolute; visibility: hidden;\" title=\"\u00ab\u00a0Chaim Soutine\u00a0\u00bb &#8212; Orazio Puglisi\" src=\"https:\/\/oraziopuglisi.art\/index.php\/chaim-soutine\/embed\/#?secret=EOjCvcsUbd#?secret=LNcVPg9eDd\" data-secret=\"LNcVPg9eDd\" width=\"600\" height=\"338\" frameborder=\"0\" marginwidth=\"0\" marginheight=\"0\" scrolling=\"no\"><\/iframe><\/p>\n<blockquote class=\"wp-embedded-content\" data-secret=\"dqNMjLUjXY\"><p><a href=\"https:\/\/oraziopuglisi.art\/index.php\/les-peintres-russes\/\">Les Peintres Russes<\/a><\/p><\/blockquote>\n<p><iframe loading=\"lazy\" class=\"wp-embedded-content\" sandbox=\"allow-scripts\" security=\"restricted\" style=\"position: absolute; visibility: hidden;\" title=\"\u00ab\u00a0Les Peintres Russes\u00a0\u00bb &#8212; Orazio Puglisi\" src=\"https:\/\/oraziopuglisi.art\/index.php\/les-peintres-russes\/embed\/#?secret=IumQsLjltY#?secret=dqNMjLUjXY\" data-secret=\"dqNMjLUjXY\" width=\"600\" height=\"338\" frameborder=\"0\" marginwidth=\"0\" marginheight=\"0\" scrolling=\"no\"><\/iframe><\/p>\n<p>&nbsp;<\/p>\n<blockquote class=\"wp-embedded-content\" data-secret=\"hK28bIdIby\"><p><a href=\"https:\/\/oraziopuglisi.art\/index.php\/la-peinture-slave\/\">La Peinture Slave<\/a><\/p><\/blockquote>\n<p><iframe loading=\"lazy\" class=\"wp-embedded-content\" sandbox=\"allow-scripts\" security=\"restricted\" style=\"position: absolute; visibility: hidden;\" title=\"\u00ab\u00a0La Peinture Slave\u00a0\u00bb &#8212; Orazio Puglisi\" src=\"https:\/\/oraziopuglisi.art\/index.php\/la-peinture-slave\/embed\/#?secret=hUlfdZK9EA#?secret=hK28bIdIby\" data-secret=\"hK28bIdIby\" width=\"600\" height=\"338\" frameborder=\"0\" marginwidth=\"0\" marginheight=\"0\" scrolling=\"no\"><\/iframe><\/p>\n<div class=\"mw-heading mw-heading2\">\n<h2 id=\"Notes_et_r\u00e9f\u00e9rences\" style=\"text-align: justify;\">Notes et r\u00e9f\u00e9rences<\/h2>\n<\/div>\n<ul style=\"text-align: justify;\">\n<li><abbr class=\"abbr indicateur-langue\" title=\"Langue : anglais\">(en)<\/abbr>\u00a0Cet article est partiellement ou en totalit\u00e9 issu de l\u2019article de Wikip\u00e9dia en anglais intitul\u00e9\u00a0<span class=\"plainlinks\">\u00ab\u00a0<a class=\"external text\" href=\"https:\/\/en.wikipedia.org\/wiki\/Russian_culture?oldid=558967048\">Russian culture<\/a>\u00a0\u00bb\u00a0<small>(<a class=\"external text\" href=\"https:\/\/en.wikipedia.org\/wiki\/Russian_culture?action=history\">voir la liste des auteurs<\/a>)<\/small><\/span>.<\/li>\n<li>Cet article est partiellement ou en totalit\u00e9 issu de l&rsquo;article intitul\u00e9 \u00ab\u00a0<span class=\"plainlinks\"><a class=\"external text\" href=\"https:\/\/fr.wikipedia.org\/w\/index.php?title=Avant-garde_russe&amp;oldid=cur\">Avant-garde russe<\/a>\u00a0\u00bb\u00a0<small>(voir\u00a0<a class=\"external text\" href=\"https:\/\/fr.wikipedia.org\/w\/index.php?title=Avant-garde_russe&amp;oldid=cur&amp;action=history\">la liste des auteurs<\/a>)<\/small><\/span>.<\/li>\n<\/ul>\n<div class=\"references-small decimal\" style=\"text-align: justify;\">\n<div class=\"mw-references-wrap\">\n<ol class=\"references\">\n<li id=\"cite_note-1\"><span class=\"reference-text\">Richard E. Ahlborn and Vera Beaver-Bricken Espinola (\u00e9ds.),\u00a0<i>Russian Copper Icons and Crosses From the Kunz Collection: Castings of Faith<\/i>, Washington, Smithsonian Institution Press, 1991.<\/span><\/li>\n<li id=\"cite_note-2\"><span class=\"reference-text\"><a title=\"Henri Troyat\" href=\"https:\/\/fr.wikipedia.org\/wiki\/Henri_Troyat\">Henri Troyat<\/a>,\u00a0<i>La Vie quotidienne en Russie au temps du dernier tsar<\/i>, Paris, Librairie Hachette, 1959,\u00a0<abbr class=\"abbr\" title=\"page\">p.<\/abbr>\u00a065.<\/span><\/li>\n<li id=\"cite_note-3\"><span class=\"reference-text\"><span id=\"Philippot1974\" class=\"ouvrage\"><span id=\"Robert_Philippot1974\" class=\"ouvrage\">Robert\u00a0<span class=\"nom_auteur\">Philippot<\/span>,\u00a0<cite class=\"italique\">La modernisation inachev\u00e9e, 1855-1900<\/cite>, Hatier,\u00a0<time>1974<\/time>\u00a0<small>(<a title=\"International Standard Book Number\" href=\"https:\/\/fr.wikipedia.org\/wiki\/International_Standard_Book_Number\">ISBN<\/a>\u00a0<a title=\"Sp\u00e9cial:Ouvrages de r\u00e9f\u00e9rence\/978-2-218-02832-8\" href=\"https:\/\/fr.wikipedia.org\/wiki\/Sp%C3%A9cial:Ouvrages_de_r%C3%A9f%C3%A9rence\/978-2-218-02832-8\"><span class=\"nowrap\">978-2-218-02832-8<\/span><\/a>,\u00a0<a class=\"external text\" href=\"https:\/\/books.google.fr\/books?id=5TMwQQAACAAJ&amp;newbks=0&amp;hl=fr&amp;redir_esc=y\" rel=\"nofollow\">lire en ligne<\/a><small class=\"cachelinks\">\u00a0[<a title=\"archive sur Wikiwix\" href=\"https:\/\/archive.wikiwix.com\/cache\/?url=https%3A%2F%2Fbooks.google.fr%2Fbooks%3Fid%3D5TMwQQAACAAJ%26newbks%3D0%26hl%3Dfr%26redir_esc%3Dy\">archive<\/a>]<\/small>)<\/small><\/span><\/span><\/span><\/li>\n<\/ol>\n<\/div>\n<\/div>\n<div class=\"mw-heading mw-heading2\">\n<h2 id=\"Bibliographie\" style=\"text-align: justify;\">Bibliographie<\/h2>\n<\/div>\n<ul>\n<li style=\"text-align: justify;\"><span id=\"Traimond\" class=\"ouvrage\">V\u00e9ra\u00a0<span class=\"nom_auteur\">Traimond<\/span>,\u00a0<cite class=\"italique\">La Peinture de la Russie ancienne\u00a0: Mosa\u00efques, fresques, ic\u00f4nes, enluminures<\/cite>\u00a0(nombreuses illustrations), Paris, Bernard Giovanageli \u00c9diteur,\u00a0<time>2010<\/time>, 810\u00a0<abbr class=\"abbr\" title=\"pages\">p.<\/abbr>\u00a0<small>(<a title=\"International Standard Book Number\" href=\"https:\/\/fr.wikipedia.org\/wiki\/International_Standard_Book_Number\">ISBN<\/a>\u00a0<a title=\"Sp\u00e9cial:Ouvrages de r\u00e9f\u00e9rence\/978-2-7587-0057-9\" href=\"https:\/\/fr.wikipedia.org\/wiki\/Sp%C3%A9cial:Ouvrages_de_r%C3%A9f%C3%A9rence\/978-2-7587-0057-9\"><span class=\"nowrap\">978-2-7587-0057-9<\/span><\/a>)<\/small><\/span><\/li>\n<li style=\"text-align: justify;\"><span id=\"Bowlt\" class=\"ouvrage\">John E.\u00a0<span class=\"nom_auteur\">Bowlt<\/span>\u00a0(<abbr class=\"abbr\" title=\"traduction\">trad.<\/abbr>\u00a0de l&rsquo;anglais par Alexis Baatsch),\u00a0<cite class=\"italique\">Moscou et Saint-P\u00e9tersbourg 1900 &#8211; 1920\u00a0: Art, vie et culture<\/cite>\u00a0[\u00ab\u00a0<span class=\"lang-en\" lang=\"en\">Moscow &amp; Saint-Petersburg 1900 &#8211; 1920<\/span>\u00a0\u00bb] (nombreuses illustrations), Paris,\u00a0<a title=\"\u00c9ditions Hazan\" href=\"https:\/\/fr.wikipedia.org\/wiki\/%C3%89ditions_Hazan\">\u00c9ditions Hazan<\/a>,\u00a0<time class=\"nowrap\" datetime=\"2008-10\" data-sort-value=\"2008-10\">octobre 2008<\/time>\u00a0(<abbr class=\"abbr\" title=\"premi\u00e8re\">1<sup>re<\/sup><\/abbr>\u00a0<abbr class=\"abbr\" title=\"\u00e9dition\">\u00e9d.<\/abbr>\u00a02008), 392\u00a0<abbr class=\"abbr\" title=\"pages\">p.<\/abbr>\u00a0<small>(<a title=\"International Standard Book Number\" href=\"https:\/\/fr.wikipedia.org\/wiki\/International_Standard_Book_Number\">ISBN<\/a>\u00a0<a title=\"Sp\u00e9cial:Ouvrages de r\u00e9f\u00e9rence\/978-2-7541-0303-9\" href=\"https:\/\/fr.wikipedia.org\/wiki\/Sp%C3%A9cial:Ouvrages_de_r%C3%A9f%C3%A9rence\/978-2-7541-0303-9\"><span class=\"nowrap\">978-2-7541-0303-9<\/span><\/a>)<\/small><\/span><\/li>\n<li style=\"text-align: justify;\"><span id=\"SR\" class=\"ouvrage\">Jannie\u00a0<span class=\"nom_auteur\">Durand<\/span>\u00a0(<abbr class=\"abbr\" title=\"directeur de publication\">dir.<\/abbr>) (<abbr class=\"abbr\" title=\"pr\u00e9face\">pr\u00e9f.<\/abbr>\u00a0Nicolas Sarkozy et Dimitri Medvedev),\u00a0<cite class=\"italique\">Sainte Russie\u00a0: L&rsquo;art russe des origines \u00e0 Pierre le Grand<\/cite>\u00a0(nombreuses illustrations), Paris, Mus\u00e9e du Louvre \u00c9ditions,\u00a0<time class=\"nowrap\" datetime=\"2010-03\" data-sort-value=\"2010-03\">mars 2010<\/time>\u00a0(<abbr class=\"abbr\" title=\"premi\u00e8re\">1<sup>re<\/sup><\/abbr>\u00a0<abbr class=\"abbr\" title=\"\u00e9dition\">\u00e9d.<\/abbr>\u00a02010), 745\u00a0<abbr class=\"abbr\" title=\"pages\">p.<\/abbr>\u00a0<small>(<a title=\"International Standard Book Number\" href=\"https:\/\/fr.wikipedia.org\/wiki\/International_Standard_Book_Number\">ISBN<\/a>\u00a0<a title=\"Sp\u00e9cial:Ouvrages de r\u00e9f\u00e9rence\/978-2-35031-267-5\" href=\"https:\/\/fr.wikipedia.org\/wiki\/Sp%C3%A9cial:Ouvrages_de_r%C3%A9f%C3%A9rence\/978-2-35031-267-5\"><span class=\"nowrap\">978-2-35031-267-5<\/span><\/a>)<\/small><\/span><\/li>\n<li style=\"text-align: justify;\"><span id=\"ermitage\" class=\"ouvrage\">Vladimir Dobrovski (<abbr class=\"abbr\" title=\"traduction\">trad.<\/abbr>\u00a0Seraphima Vassilievna,\u00a0<abbr class=\"abbr\" title=\"pr\u00e9face\">pr\u00e9f.<\/abbr>\u00a0<a title=\"Mikha\u00efl Piotrovski\" href=\"https:\/\/fr.wikipedia.org\/wiki\/Mikha%C3%AFl_Piotrovski\">Mikha\u00efl Piotrovski<\/a>,\u00a0<abbr class=\"abbr\" title=\"photographies\">photogr.<\/abbr>\u00a0Sergue\u00ef Bgomiako et autres),\u00a0<cite class=\"italique\">L&rsquo;Ermitage\u00a0: Histoire. Collections. Int\u00e9rieurs, Plan<\/cite>\u00a0[\u00ab\u00a0\u042d\u0440\u043c\u0438\u0442\u0430\u0436. \u041f\u0443\u0442\u0435\u0432\u043e\u0434\u0438\u0442\u0435\u043b\u044c \u043d\u0430 \u0444\u0440\u0430\u043d\u0446\u0443\u0437\u0441\u043a\u043e\u043c \u044f\u0437\u044b\u043a\u0435\u00a0\u00bb] (Guide illustr\u00e9), Saint-P\u00e9tersbourg, \u00c9ditions d&rsquo;art Alfa Colour,\u200e\u00a0<time>2013<\/time>\u00a0(<abbr class=\"abbr\" title=\"premi\u00e8re\">1<sup>re<\/sup><\/abbr>\u00a0<abbr class=\"abbr\" title=\"\u00e9dition\">\u00e9d.<\/abbr>\u00a02009), 352\u00a0<abbr class=\"abbr\" title=\"pages\">p.<\/abbr>\u00a0<small>(<a title=\"International Standard Book Number\" href=\"https:\/\/fr.wikipedia.org\/wiki\/International_Standard_Book_Number\">ISBN<\/a>\u00a0<a title=\"Sp\u00e9cial:Ouvrages de r\u00e9f\u00e9rence\/978-5-9778-0056-3\" href=\"https:\/\/fr.wikipedia.org\/wiki\/Sp%C3%A9cial:Ouvrages_de_r%C3%A9f%C3%A9rence\/978-5-9778-0056-3\"><span class=\"nowrap\">978-5-9778-0056-3<\/span><\/a>)<\/small><\/span><\/li>\n<li style=\"text-align: justify;\"><i>L&rsquo;Art russe<\/i>, \u00c9ditions Citadelles et Mazenod, Paris, 1991, Olga Medvedkova, Nina Dmitrieva et Mikha\u00efl Allenov, traduit en allemand, en espagnol et en italien.\u00a0<small>(<a title=\"International Standard Book Number\" href=\"https:\/\/fr.wikipedia.org\/wiki\/International_Standard_Book_Number\">ISBN<\/a>\u00a0<a title=\"Sp\u00e9cial:Ouvrages de r\u00e9f\u00e9rence\/978-2850880292\" href=\"https:\/\/fr.wikipedia.org\/wiki\/Sp%C3%A9cial:Ouvrages_de_r%C3%A9f%C3%A9rence\/978-2850880292\"><span class=\"nowrap\">978-2850880292<\/span><\/a>)<\/small><\/li>\n<\/ul>\n","protected":false},"excerpt":{"rendered":"<p>Image mise en avant : Amedeo Modigliani,\u00a0Portrait de Cha\u00efm Soutine\u00a0(1916), huile sur toile (100\u00a0\u00d7\u00a065\u00a0cm),\u00a0mus\u00e9e d&rsquo;Art moderne de C\u00e9ret. Les Ic\u00f4nes Le Classicisme Le Romantisme Le R\u00e9alisme Symbolisme russe, Art Nouveau Mir Iskousstva L\u2019avant-garde russe L\u2019Art sovi\u00e9tique La peinture russe contemporaine &nbsp; Chaim Soutine Les Peintres Russes &nbsp; La Peinture Slave Notes et r\u00e9f\u00e9rences (en)\u00a0Cet article [&hellip;]<\/p>\n","protected":false},"author":1,"featured_media":17257,"parent":0,"menu_order":0,"comment_status":"closed","ping_status":"closed","template":"","meta":{"footnotes":""},"class_list":["post-17246","page","type-page","status-publish","has-post-thumbnail","hentry"],"_links":{"self":[{"href":"https:\/\/oraziopuglisi.art\/index.php\/wp-json\/wp\/v2\/pages\/17246","targetHints":{"allow":["GET"]}}],"collection":[{"href":"https:\/\/oraziopuglisi.art\/index.php\/wp-json\/wp\/v2\/pages"}],"about":[{"href":"https:\/\/oraziopuglisi.art\/index.php\/wp-json\/wp\/v2\/types\/page"}],"author":[{"embeddable":true,"href":"https:\/\/oraziopuglisi.art\/index.php\/wp-json\/wp\/v2\/users\/1"}],"replies":[{"embeddable":true,"href":"https:\/\/oraziopuglisi.art\/index.php\/wp-json\/wp\/v2\/comments?post=17246"}],"version-history":[{"count":9,"href":"https:\/\/oraziopuglisi.art\/index.php\/wp-json\/wp\/v2\/pages\/17246\/revisions"}],"predecessor-version":[{"id":22625,"href":"https:\/\/oraziopuglisi.art\/index.php\/wp-json\/wp\/v2\/pages\/17246\/revisions\/22625"}],"wp:featuredmedia":[{"embeddable":true,"href":"https:\/\/oraziopuglisi.art\/index.php\/wp-json\/wp\/v2\/media\/17257"}],"wp:attachment":[{"href":"https:\/\/oraziopuglisi.art\/index.php\/wp-json\/wp\/v2\/media?parent=17246"}],"curies":[{"name":"wp","href":"https:\/\/api.w.org\/{rel}","templated":true}]}}