{"id":16429,"date":"2025-05-20T15:53:05","date_gmt":"2025-05-20T13:53:05","guid":{"rendered":"https:\/\/oraziopuglisi.art\/?page_id=16429"},"modified":"2025-05-20T21:36:48","modified_gmt":"2025-05-20T19:36:48","slug":"la-litterature","status":"publish","type":"page","link":"https:\/\/oraziopuglisi.art\/index.php\/la-litterature\/","title":{"rendered":"La Litt\u00e9rature"},"content":{"rendered":"<blockquote class=\"wp-embedded-content\" data-secret=\"1Lpq0XbYnr\"><p><a href=\"https:\/\/oraziopuglisi.art\/index.php\/la-litterature-allemande\/\">La Litt\u00e9rature Allemande<\/a><\/p><\/blockquote>\n<p><iframe loading=\"lazy\" class=\"wp-embedded-content\" sandbox=\"allow-scripts\" security=\"restricted\" style=\"position: absolute; visibility: hidden;\" title=\"\u00ab\u00a0La Litt\u00e9rature Allemande\u00a0\u00bb &#8212; Orazio Puglisi\" src=\"https:\/\/oraziopuglisi.art\/index.php\/la-litterature-allemande\/embed\/#?secret=yo7xs3y3lu#?secret=1Lpq0XbYnr\" data-secret=\"1Lpq0XbYnr\" width=\"600\" height=\"338\" frameborder=\"0\" marginwidth=\"0\" marginheight=\"0\" scrolling=\"no\"><\/iframe><\/p>\n<blockquote class=\"wp-embedded-content\" data-secret=\"ISSalSJ4oH\"><p><a href=\"https:\/\/oraziopuglisi.art\/index.php\/la-litterature-francaise\/\">La Litt\u00e9rature Fran\u00e7aise<\/a><\/p><\/blockquote>\n<p><iframe loading=\"lazy\" class=\"wp-embedded-content\" sandbox=\"allow-scripts\" security=\"restricted\" style=\"position: absolute; visibility: hidden;\" title=\"\u00ab\u00a0La Litt\u00e9rature Fran\u00e7aise\u00a0\u00bb &#8212; Orazio Puglisi\" src=\"https:\/\/oraziopuglisi.art\/index.php\/la-litterature-francaise\/embed\/#?secret=wDrEMwfID6#?secret=ISSalSJ4oH\" data-secret=\"ISSalSJ4oH\" width=\"600\" height=\"338\" frameborder=\"0\" marginwidth=\"0\" marginheight=\"0\" scrolling=\"no\"><\/iframe><\/p>\n<blockquote class=\"wp-embedded-content\" data-secret=\"a9a1eczHU8\"><p><a href=\"https:\/\/oraziopuglisi.art\/index.php\/la-litterature-italienne\/\">La Litt\u00e9rature Italienne<\/a><\/p><\/blockquote>\n<p><iframe loading=\"lazy\" class=\"wp-embedded-content\" sandbox=\"allow-scripts\" security=\"restricted\" style=\"position: absolute; visibility: hidden;\" title=\"\u00ab\u00a0La Litt\u00e9rature Italienne\u00a0\u00bb &#8212; Orazio Puglisi\" src=\"https:\/\/oraziopuglisi.art\/index.php\/la-litterature-italienne\/embed\/#?secret=A4vNfMNFZY#?secret=a9a1eczHU8\" data-secret=\"a9a1eczHU8\" width=\"600\" height=\"338\" frameborder=\"0\" marginwidth=\"0\" marginheight=\"0\" scrolling=\"no\"><\/iframe><\/p>\n<blockquote class=\"wp-embedded-content\" data-secret=\"ATWEAQfBqh\"><p><a href=\"https:\/\/oraziopuglisi.art\/index.php\/la-litterature-anglaise\/\">La Litt\u00e9rature Anglaise<\/a><\/p><\/blockquote>\n<p><iframe loading=\"lazy\" class=\"wp-embedded-content\" sandbox=\"allow-scripts\" security=\"restricted\" style=\"position: absolute; visibility: hidden;\" title=\"\u00ab\u00a0La Litt\u00e9rature Anglaise\u00a0\u00bb &#8212; Orazio Puglisi\" src=\"https:\/\/oraziopuglisi.art\/index.php\/la-litterature-anglaise\/embed\/#?secret=NMDF9gZRw9#?secret=ATWEAQfBqh\" data-secret=\"ATWEAQfBqh\" width=\"600\" height=\"338\" frameborder=\"0\" marginwidth=\"0\" marginheight=\"0\" scrolling=\"no\"><\/iframe><\/p>\n<p>&nbsp;<\/p>\n<blockquote class=\"wp-embedded-content\" data-secret=\"FN43QFfhek\"><p><a href=\"https:\/\/oraziopuglisi.art\/index.php\/la-litterature-russe\/\">La Litt\u00e9rature Russe<\/a><\/p><\/blockquote>\n<p><iframe loading=\"lazy\" class=\"wp-embedded-content\" sandbox=\"allow-scripts\" security=\"restricted\" style=\"position: absolute; visibility: hidden;\" title=\"\u00ab\u00a0La Litt\u00e9rature Russe\u00a0\u00bb &#8212; Orazio Puglisi\" src=\"https:\/\/oraziopuglisi.art\/index.php\/la-litterature-russe\/embed\/#?secret=otucsL4zir#?secret=FN43QFfhek\" data-secret=\"FN43QFfhek\" width=\"600\" height=\"338\" frameborder=\"0\" marginwidth=\"0\" marginheight=\"0\" scrolling=\"no\"><\/iframe><\/p>\n<p>&nbsp;<\/p>\n<p>&nbsp;<\/p>\n","protected":false},"excerpt":{"rendered":"<p>La Litt\u00e9rature Allemande La Litt\u00e9rature Fran\u00e7aise La Litt\u00e9rature Italienne La Litt\u00e9rature Anglaise &nbsp; La Litt\u00e9rature Russe &nbsp; &nbsp;<\/p>\n","protected":false},"author":1,"featured_media":16440,"parent":0,"menu_order":0,"comment_status":"closed","ping_status":"closed","template":"","meta":{"footnotes":""},"class_list":["post-16429","page","type-page","status-publish","has-post-thumbnail","hentry"],"_links":{"self":[{"href":"https:\/\/oraziopuglisi.art\/index.php\/wp-json\/wp\/v2\/pages\/16429","targetHints":{"allow":["GET"]}}],"collection":[{"href":"https:\/\/oraziopuglisi.art\/index.php\/wp-json\/wp\/v2\/pages"}],"about":[{"href":"https:\/\/oraziopuglisi.art\/index.php\/wp-json\/wp\/v2\/types\/page"}],"author":[{"embeddable":true,"href":"https:\/\/oraziopuglisi.art\/index.php\/wp-json\/wp\/v2\/users\/1"}],"replies":[{"embeddable":true,"href":"https:\/\/oraziopuglisi.art\/index.php\/wp-json\/wp\/v2\/comments?post=16429"}],"version-history":[{"count":2,"href":"https:\/\/oraziopuglisi.art\/index.php\/wp-json\/wp\/v2\/pages\/16429\/revisions"}],"predecessor-version":[{"id":16454,"href":"https:\/\/oraziopuglisi.art\/index.php\/wp-json\/wp\/v2\/pages\/16429\/revisions\/16454"}],"wp:featuredmedia":[{"embeddable":true,"href":"https:\/\/oraziopuglisi.art\/index.php\/wp-json\/wp\/v2\/media\/16440"}],"wp:attachment":[{"href":"https:\/\/oraziopuglisi.art\/index.php\/wp-json\/wp\/v2\/media?parent=16429"}],"curies":[{"name":"wp","href":"https:\/\/api.w.org\/{rel}","templated":true}]}}