{"id":16149,"date":"2025-03-30T14:00:43","date_gmt":"2025-03-30T12:00:43","guid":{"rendered":"https:\/\/oraziopuglisi.art\/?page_id=16149"},"modified":"2025-03-30T14:06:35","modified_gmt":"2025-03-30T12:06:35","slug":"peindre-le-siecle","status":"publish","type":"page","link":"https:\/\/oraziopuglisi.art\/index.php\/peindre-le-siecle\/","title":{"rendered":"Peindre le Si\u00e8cle"},"content":{"rendered":"<p><span style=\"font-size: 10px;\"><strong>Image mise en avant :<\/strong> <a title=\"Boris Grigoriev\" href=\"https:\/\/fr.wikipedia.org\/wiki\/Boris_Grigoriev\">Boris Grigoriev<\/a>, Portrait de\u00a0<a title=\"Vsevolod Meyerhold\" href=\"https:\/\/fr.wikipedia.org\/wiki\/Vsevolod_Meyerhold\">Vsevolod Emilevich Meyerhold<\/a>\u00a0(1874-1940).<\/span><\/p>\n<p>&nbsp;<\/p>\n<p style=\"text-align: center;\"><a href=\"https:\/\/fr.wikipedia.org\/wiki\/Painting_the_Century:_101_Portrait_Masterpieces_1900-2000\">Peindre le Si\u00e8cle<\/a><\/p>\n<p style=\"text-align: justify;\"><i><b>Painting The Century: 101 Portrait Masterpieces 1900-2000<\/b><\/i>\u00a0en\u00a0<a title=\"Fran\u00e7ais\" href=\"https:\/\/fr.wikipedia.org\/wiki\/Fran%C3%A7ais\">fran\u00e7ais<\/a>\u00a0:\u00a0<span class=\"lang-fr\" lang=\"fr\">\u00ab\u00a0<i><b>Peindre le si\u00e8cle\u00a0: 101 Portraits majeurs 1900-2000<\/b><\/i>\u00a0\u00bb<\/span>\u00a0est une exposition internationale qui s&rsquo;est tenue \u00e0 la\u00a0<a title=\"National Portrait Gallery (Royaume-Uni)\" href=\"https:\/\/fr.wikipedia.org\/wiki\/National_Portrait_Gallery_(Royaume-Uni)\">National Portrait Gallery<\/a>\u00a0\u00e0\u00a0<a title=\"Londres\" href=\"https:\/\/fr.wikipedia.org\/wiki\/Londres\">Londres<\/a>\u00a0du\u00a0<time class=\"nowrap\" datetime=\"2000-10-26\" data-sort-value=\"2000-10-26\">26 octobre 2000<\/time>\u00a0au\u00a0<time class=\"nowrap\" datetime=\"2001-02-04\" data-sort-value=\"2001-02-04\">4 f\u00e9vrier 2001<\/time>. L&rsquo;exposition pr\u00e9sentait une \u0153uvre pour chaque ann\u00e9e du\u00a0<a title=\"XXe si\u00e8cle\" href=\"https:\/\/fr.wikipedia.org\/wiki\/XXe_si%C3%A8cle\"><abbr class=\"abbr\" title=\"20\u1d49 si\u00e8cle\"><span class=\"romain\">XX<\/span><sup>e<\/sup><\/abbr>\u00a0si\u00e8cle<\/a>.<\/p>\n<p style=\"text-align: justify;\">Un\u00a0<a title=\"Catalogue d'exposition\" href=\"https:\/\/fr.wikipedia.org\/wiki\/Catalogue_d%27exposition\">catalogue<\/a>, de\u00a0<a class=\"new\" title=\"Robin Warwick Gibson (page inexistante)\" href=\"https:\/\/fr.wikipedia.org\/w\/index.php?title=Robin_Warwick_Gibson&amp;action=edit&amp;redlink=1\">Robin Gibson<\/a>\u00a0<a class=\"extiw\" title=\"en:Robin Warwick Gibson\" href=\"https:\/\/en.wikipedia.org\/wiki\/Robin_Warwick_Gibson\"><span class=\"indicateur-langue\" title=\"Article en anglais\u00a0: \u00ab\u00a0Robin Warwick Gibson\u00a0\u00bb\">(en)<\/span><\/a>, conservateur en chef de la prestigieuse institution pr\u00e9sentant l&rsquo;exposition, avec une introduction de\u00a0<a title=\"Norbert Lynton\" href=\"https:\/\/fr.wikipedia.org\/wiki\/Norbert_Lynton\">Norbert Lynton<\/a>, qui reprend l&rsquo;ensemble des \u0153uvres expos\u00e9es, a \u00e9t\u00e9 publi\u00e9 par la National Portrait Gallery.<\/p>\n<p>&nbsp;<\/p>\n<p><img loading=\"lazy\" decoding=\"async\" class=\"size-full wp-image-16155 aligncenter\" src=\"http:\/\/oraziopuglisi.art\/wp-content\/uploads\/2025\/03\/Grigoriev_Meyerkhold.jpg\" alt=\"\" width=\"500\" height=\"741\" srcset=\"https:\/\/oraziopuglisi.art\/wp-content\/uploads\/2025\/03\/Grigoriev_Meyerkhold.jpg 500w, https:\/\/oraziopuglisi.art\/wp-content\/uploads\/2025\/03\/Grigoriev_Meyerkhold-202x300.jpg 202w\" sizes=\"auto, (max-width: 500px) 100vw, 500px\" \/><\/p>\n<div class=\"mw-heading mw-heading2\" style=\"text-align: justify;\">\n<h2 id=\"Contenu_de_l'exposition\"><span id=\"Contenu_de_l.27exposition\"><\/span>Contenu de l&rsquo;exposition<\/h2>\n<\/div>\n<p style=\"text-align: justify;\">Divis\u00e9e en dix d\u00e9cennies,\u00a0<b>Peindre le si\u00e8cle<\/b>\u00a0pr\u00e9sentait chronologiquement un portrait pour chacune des ann\u00e9es du\u00a0<abbr class=\"abbr\" title=\"20\u1d49 si\u00e8cle\"><span class=\"romain\">XX<\/span><sup>e<\/sup><\/abbr>\u00a0si\u00e8cle, offrant ainsi un panorama \u00e9tendu de certaines des \u00e9tapes importantes sur le plan culturel et historique d&rsquo;une \u00e8re mouvement\u00e9e.<\/p>\n<div class=\"mw-heading mw-heading3\" style=\"text-align: justify;\">\n<h3 id=\"Artistes_expos\u00e9s\"><span id=\"Artistes_expos.C3.A9s\"><\/span>Artistes expos\u00e9s<\/h3>\n<\/div>\n<p style=\"text-align: justify;\">Parmi les artistes, dont les \u0153uvres furent pr\u00e9sent\u00e9es, on peut citer\u00a0:\u00a0<a title=\"Frank Auerbach\" href=\"https:\/\/fr.wikipedia.org\/wiki\/Frank_Auerbach\">Auerbach<\/a>,\u00a0<a title=\"Francis Bacon (peintre)\" href=\"https:\/\/fr.wikipedia.org\/wiki\/Francis_Bacon_(peintre)\">Bacon<\/a>,\u00a0<a title=\"Chuck Close\" href=\"https:\/\/fr.wikipedia.org\/wiki\/Chuck_Close\">Close<\/a>,\u00a0<a title=\"Salvador Dal\u00ed\" href=\"https:\/\/fr.wikipedia.org\/wiki\/Salvador_Dal%C3%AD\">Dal\u00ed<\/a>,\u00a0<a title=\"Otto Dix\" href=\"https:\/\/fr.wikipedia.org\/wiki\/Otto_Dix\">Dix<\/a>,\u00a0<a title=\"Jean Dubuffet\" href=\"https:\/\/fr.wikipedia.org\/wiki\/Jean_Dubuffet\">Dubuffet<\/a>,\u00a0<a title=\"Lucian Freud\" href=\"https:\/\/fr.wikipedia.org\/wiki\/Lucian_Freud\">Lucian Freud<\/a>,\u00a0<a title=\"Alberto Giacometti\" href=\"https:\/\/fr.wikipedia.org\/wiki\/Alberto_Giacometti\">Giacometti<\/a>,\u00a0<a title=\"George Grosz\" href=\"https:\/\/fr.wikipedia.org\/wiki\/George_Grosz\">Grosz<\/a>,\u00a0<a title=\"David Hockney\" href=\"https:\/\/fr.wikipedia.org\/wiki\/David_Hockney\">Hockney<\/a>,\u00a0<a title=\"Howard Hodgkin\" href=\"https:\/\/fr.wikipedia.org\/wiki\/Howard_Hodgkin\">Hodgkin<\/a>,\u00a0<a title=\"Ron Kitaj\" href=\"https:\/\/fr.wikipedia.org\/wiki\/Ron_Kitaj\">Kitaj<\/a>,\u00a0<a title=\"Oskar Kokoschka\" href=\"https:\/\/fr.wikipedia.org\/wiki\/Oskar_Kokoschka\">Kokoschka<\/a>,\u00a0<a title=\"Amedeo Modigliani\" href=\"https:\/\/fr.wikipedia.org\/wiki\/Amedeo_Modigliani\">Modigliani<\/a>,\u00a0<a title=\"Pablo Picasso\" href=\"https:\/\/fr.wikipedia.org\/wiki\/Pablo_Picasso\">Picasso<\/a>,\u00a0<a title=\"John Singer Sargent\" href=\"https:\/\/fr.wikipedia.org\/wiki\/John_Singer_Sargent\">Sargent<\/a>,\u00a0<a title=\"Cindy Sherman\" href=\"https:\/\/fr.wikipedia.org\/wiki\/Cindy_Sherman\">Cindy Sherman<\/a>,\u00a0<a title=\"Egon Schiele\" href=\"https:\/\/fr.wikipedia.org\/wiki\/Egon_Schiele\">Schiele<\/a>,\u00a0<a title=\"Walter Sickert\" href=\"https:\/\/fr.wikipedia.org\/wiki\/Walter_Sickert\">Sickert<\/a>.<\/p>\n<div class=\"mw-heading mw-heading3\" style=\"text-align: justify;\">\n<h3 id=\"Sujets_des_\u0153uvres_expos\u00e9es\"><span id=\"Sujets_des_.C5.93uvres_expos.C3.A9es\"><\/span>Sujets des \u0153uvres expos\u00e9es<\/h3>\n<\/div>\n<ul style=\"text-align: justify;\">\n<li><i>Portrait de la\u00a0<a title=\"Victoria (reine)\" href=\"https:\/\/fr.wikipedia.org\/wiki\/Victoria_(reine)\">reine Victoria<\/a><\/i>\u00a0par\u00a0<a title=\"Heinrich von Angeli\" href=\"https:\/\/fr.wikipedia.org\/wiki\/Heinrich_von_Angeli\">Heinrich von Angeli<\/a>, (<a title=\"1900\" href=\"https:\/\/fr.wikipedia.org\/wiki\/1900\">1900<\/a>),<\/li>\n<\/ul>\n<figure class=\"mw-default-size\" style=\"text-align: justify;\"><a class=\"mw-file-description\" href=\"https:\/\/commons.wikimedia.org\/wiki\/File:Sir_Frank_Swettenham_by_John_Singer_Sargent_1904.jpg?uselang=fr\"><img loading=\"lazy\" decoding=\"async\" class=\"mw-file-element\" src=\"https:\/\/upload.wikimedia.org\/wikipedia\/commons\/thumb\/1\/1c\/Sir_Frank_Swettenham_by_John_Singer_Sargent_1904.jpg\/220px-Sir_Frank_Swettenham_by_John_Singer_Sargent_1904.jpg\" srcset=\"\/\/upload.wikimedia.org\/wikipedia\/commons\/thumb\/1\/1c\/Sir_Frank_Swettenham_by_John_Singer_Sargent_1904.jpg\/330px-Sir_Frank_Swettenham_by_John_Singer_Sargent_1904.jpg 1.5x, \/\/upload.wikimedia.org\/wikipedia\/commons\/thumb\/1\/1c\/Sir_Frank_Swettenham_by_John_Singer_Sargent_1904.jpg\/440px-Sir_Frank_Swettenham_by_John_Singer_Sargent_1904.jpg 2x\" width=\"220\" height=\"401\" data-file-width=\"486\" data-file-height=\"885\" \/><\/a><figcaption><i><a class=\"new\" title=\"Frank Swettenham (page inexistante)\" href=\"https:\/\/fr.wikipedia.org\/w\/index.php?title=Frank_Swettenham&amp;action=edit&amp;redlink=1\">Sir Frank Swettenham<\/a>\u00a0<a class=\"extiw\" title=\"en:Frank Swettenham\" href=\"https:\/\/en.wikipedia.org\/wiki\/Frank_Swettenham\"><span class=\"indicateur-langue\" title=\"Article en anglais\u00a0: \u00ab\u00a0Frank Swettenham\u00a0\u00bb\">(en)<\/span><\/a><\/i>\u00a0par\u00a0<a title=\"John Singer Sargent\" href=\"https:\/\/fr.wikipedia.org\/wiki\/John_Singer_Sargent\">John Singer Sargent<\/a>, (1904).<\/figcaption><\/figure>\n<ul style=\"text-align: justify;\">\n<li><i><a class=\"new\" title=\"Frank Swettenham (page inexistante)\" href=\"https:\/\/fr.wikipedia.org\/w\/index.php?title=Frank_Swettenham&amp;action=edit&amp;redlink=1\">Sir Frank Swettenham<\/a>\u00a0<a class=\"extiw\" title=\"en:Frank Swettenham\" href=\"https:\/\/en.wikipedia.org\/wiki\/Frank_Swettenham\"><span class=\"indicateur-langue\" title=\"Article en anglais\u00a0: \u00ab\u00a0Frank Swettenham\u00a0\u00bb\">(en)<\/span><\/a><\/i>\u00a0par\u00a0<a title=\"John Singer Sargent\" href=\"https:\/\/fr.wikipedia.org\/wiki\/John_Singer_Sargent\">John Singer Sargent<\/a>, (<a title=\"1904\" href=\"https:\/\/fr.wikipedia.org\/wiki\/1904\">1904<\/a>),<\/li>\n<li><i>Femme portant une chemise<\/i>\u00a0par\u00a0<a title=\"Pablo Picasso\" href=\"https:\/\/fr.wikipedia.org\/wiki\/Pablo_Picasso\">Pablo Picasso<\/a>, (<a title=\"1905\" href=\"https:\/\/fr.wikipedia.org\/wiki\/1905\">1905<\/a>),<\/li>\n<li><i><a title=\"Autoportrait\" href=\"https:\/\/fr.wikipedia.org\/wiki\/Autoportrait\">Autoportrait<\/a>\u00a0sur fond rouge<\/i>\u00a0d&rsquo;<a title=\"Edvard Munch\" href=\"https:\/\/fr.wikipedia.org\/wiki\/Edvard_Munch\">Edvard Munch<\/a>, (<a title=\"1906\" href=\"https:\/\/fr.wikipedia.org\/wiki\/1906\">1906<\/a>),<\/li>\n<li><i><a title=\"William Wauer\" href=\"https:\/\/fr.wikipedia.org\/wiki\/William_Wauer\">William Wauer<\/a><\/i>\u00a0par\u00a0<a title=\"Oskar Kokoschka\" href=\"https:\/\/fr.wikipedia.org\/wiki\/Oskar_Kokoschka\">Oskar Kokoschka<\/a>, (<a title=\"1910\" href=\"https:\/\/fr.wikipedia.org\/wiki\/1910\">1910<\/a>),<\/li>\n<li><i>Carl Hagenbeck dans son zoo<\/i>\u00a0par\u00a0<a title=\"Lovis Corinth\" href=\"https:\/\/fr.wikipedia.org\/wiki\/Lovis_Corinth\">Lovis Corinth<\/a>, (<a title=\"1911\" href=\"https:\/\/fr.wikipedia.org\/wiki\/1911\">1911<\/a>),<\/li>\n<li><i>Alice portant un grand chapeau<\/i>\u00a0par\u00a0<a title=\"Roger de La Fresnaye\" href=\"https:\/\/fr.wikipedia.org\/wiki\/Roger_de_La_Fresnaye\">Roger de la Fresnaye<\/a>, (<a title=\"1912\" href=\"https:\/\/fr.wikipedia.org\/wiki\/1912\">1912<\/a>),<\/li>\n<li><i>Un m\u00e9decin militaire<\/i>\u00a0par\u00a0<a title=\"Albert Gleizes\" href=\"https:\/\/fr.wikipedia.org\/wiki\/Albert_Gleizes\">Albert Gleizes<\/a>, (<a title=\"1914\" href=\"https:\/\/fr.wikipedia.org\/wiki\/1914\">1914<\/a>),<\/li>\n<li><i><a title=\"Vsevolod Meyerhold\" href=\"https:\/\/fr.wikipedia.org\/wiki\/Vsevolod_Meyerhold\">Vsevolod Meyerhold<\/a><\/i>\u00a0par\u00a0<a title=\"Boris Grigoriev\" href=\"https:\/\/fr.wikipedia.org\/wiki\/Boris_Grigoriev\">Boris Grigoriev<\/a>\u00a0(<a title=\"1916\" href=\"https:\/\/fr.wikipedia.org\/wiki\/1916\">1916<\/a>),<\/li>\n<li><a title=\"Hugo Koller\" href=\"https:\/\/fr.wikipedia.org\/wiki\/Hugo_Koller\">Hugo Koller<\/a>\u00a0par\u00a0<a title=\"Egon Schiele\" href=\"https:\/\/fr.wikipedia.org\/wiki\/Egon_Schiele\">Egon Schiele<\/a>, (<a title=\"1918\" href=\"https:\/\/fr.wikipedia.org\/wiki\/1918\">1918<\/a>),<\/li>\n<li><a title=\"Anna Akhmatova\" href=\"https:\/\/fr.wikipedia.org\/wiki\/Anna_Akhmatova\">Anna Akhmatova<\/a>\u00a0par\u00a0<a title=\"Kouzma Petrov-Vodkine\" href=\"https:\/\/fr.wikipedia.org\/wiki\/Kouzma_Petrov-Vodkine\">Kouzma Petrov-Vodkine<\/a>, (<a title=\"1922\" href=\"https:\/\/fr.wikipedia.org\/wiki\/1922\">1922<\/a>),<\/li>\n<li><i><a title=\"Charlie Chaplin\" href=\"https:\/\/fr.wikipedia.org\/wiki\/Charlie_Chaplin\">Charlie Chaplin<\/a><\/i>\u00a0par\u00a0<a title=\"Fernand L\u00e9ger\" href=\"https:\/\/fr.wikipedia.org\/wiki\/Fernand_L%C3%A9ger\">Fernand L\u00e9ger<\/a>, (<a title=\"1923\" href=\"https:\/\/fr.wikipedia.org\/wiki\/1923\">1923<\/a>&#8211;<a title=\"1924\" href=\"https:\/\/fr.wikipedia.org\/wiki\/1924\">24<\/a>),<\/li>\n<li><i>L\u00e9nine sur la place rouge<\/i>\u00a0par\u00a0<a title=\"Isaak Brodsky\" href=\"https:\/\/fr.wikipedia.org\/wiki\/Isaak_Brodsky\">Isaak Brodsky<\/a>\u00a0(<a title=\"1924\" href=\"https:\/\/fr.wikipedia.org\/wiki\/1924\">1924<\/a>)<\/li>\n<li><a title=\"Edith Sitwell\" href=\"https:\/\/fr.wikipedia.org\/wiki\/Edith_Sitwell\">Edith Sitwell<\/a>\u00a0par\u00a0<a title=\"Pavel Tchelitchev\" href=\"https:\/\/fr.wikipedia.org\/wiki\/Pavel_Tchelitchev\">Pavel Tchelitchev<\/a>, (<a title=\"1927\" href=\"https:\/\/fr.wikipedia.org\/wiki\/1927\">1927<\/a>),<\/li>\n<li><i>Cain or Hitler in Hell<\/i>\u00a0par\u00a0<a title=\"George Grosz\" href=\"https:\/\/fr.wikipedia.org\/wiki\/George_Grosz\">George Grosz<\/a>\u00a0(<a title=\"1945\" href=\"https:\/\/fr.wikipedia.org\/wiki\/1945\">1945<\/a>)<\/li>\n<li><a title=\"Henri Michaux\" href=\"https:\/\/fr.wikipedia.org\/wiki\/Henri_Michaux\">Henri Michaux<\/a>\u00a0par\u00a0<a title=\"Jean Dubuffet\" href=\"https:\/\/fr.wikipedia.org\/wiki\/Jean_Dubuffet\">Jean Dubuffet<\/a>, (<a title=\"1947\" href=\"https:\/\/fr.wikipedia.org\/wiki\/1947\">1947<\/a>),<\/li>\n<li>Sir\u00a0<a title=\"James Dunn (acteur)\" href=\"https:\/\/fr.wikipedia.org\/wiki\/James_Dunn_(acteur)\">James Dunn<\/a>\u00a0par\u00a0<a title=\"Salvador Dal\u00ed\" href=\"https:\/\/fr.wikipedia.org\/wiki\/Salvador_Dal%C3%AD\">Salvador Dal\u00ed<\/a>\u00a0(<i>La Turbie<\/i>), (<a title=\"1948\" href=\"https:\/\/fr.wikipedia.org\/wiki\/1948\">1948<\/a>)<\/li>\n<li><a class=\"mw-redirect\" title=\"Somerset Maugham\" href=\"https:\/\/fr.wikipedia.org\/wiki\/Somerset_Maugham\">Somerset Maugham<\/a>\u00a0par\u00a0<a title=\"Graham Sutherland\" href=\"https:\/\/fr.wikipedia.org\/wiki\/Graham_Sutherland\">Graham Sutherland<\/a>, (<a title=\"1949\" href=\"https:\/\/fr.wikipedia.org\/wiki\/1949\">1949<\/a>)<\/li>\n<li><i><a title=\"John Minton\" href=\"https:\/\/fr.wikipedia.org\/wiki\/John_Minton\">John Minton<\/a><\/i>\u00a0par\u00a0<a title=\"Lucian Freud\" href=\"https:\/\/fr.wikipedia.org\/wiki\/Lucian_Freud\">Lucian Freud<\/a>, (<a title=\"1952\" href=\"https:\/\/fr.wikipedia.org\/wiki\/1952\">1952<\/a>)<\/li>\n<li><i><a title=\"Elvis Presley\" href=\"https:\/\/fr.wikipedia.org\/wiki\/Elvis_Presley\">Elvis Presley<\/a><\/i>\u00a0par\u00a0<a title=\"Andy Warhol\" href=\"https:\/\/fr.wikipedia.org\/wiki\/Andy_Warhol\">Andy Warhol<\/a>, (<a title=\"1963\" href=\"https:\/\/fr.wikipedia.org\/wiki\/1963\">1963<\/a>),<\/li>\n<li><i>Le Parc des sources<\/i>\u00a0par\u00a0<a title=\"David Hockney\" href=\"https:\/\/fr.wikipedia.org\/wiki\/David_Hockney\">David Hockney<\/a>, (<a title=\"1970\" href=\"https:\/\/fr.wikipedia.org\/wiki\/1970\">1970<\/a>),<\/li>\n<li><a title=\"Andy Warhol\" href=\"https:\/\/fr.wikipedia.org\/wiki\/Andy_Warhol\">Andy Warhol<\/a>\u00a0par\u00a0<a title=\"Jean-Michel Basquiat\" href=\"https:\/\/fr.wikipedia.org\/wiki\/Jean-Michel_Basquiat\">Jean-Michel Basquiat<\/a>, (<a title=\"1984\" href=\"https:\/\/fr.wikipedia.org\/wiki\/1984\">1984<\/a>),<\/li>\n<li><a title=\"Leigh Bowery\" href=\"https:\/\/fr.wikipedia.org\/wiki\/Leigh_Bowery\">Leigh Bowery<\/a>\u00a0par\u00a0<a title=\"Lucian Freud\" href=\"https:\/\/fr.wikipedia.org\/wiki\/Lucian_Freud\">Lucian Freud<\/a>, (1990),<\/li>\n<li><a title=\"David Bowie\" href=\"https:\/\/fr.wikipedia.org\/wiki\/David_Bowie\">David Bowie<\/a>\u00a0et\u00a0<a title=\"Iman (mannequin)\" href=\"https:\/\/fr.wikipedia.org\/wiki\/Iman_(mannequin)\">Iman<\/a>\u00a0par\u00a0<a class=\"new\" title=\"Stephen Finer (page inexistante)\" href=\"https:\/\/fr.wikipedia.org\/w\/index.php?title=Stephen_Finer&amp;action=edit&amp;redlink=1\">Stephen Finer<\/a>, (1995),<\/li>\n<li><a title=\"David Beckham\" href=\"https:\/\/fr.wikipedia.org\/wiki\/David_Beckham\">David Beckham<\/a>,\u00a0<a title=\"\u00c9ric Cantona\" href=\"https:\/\/fr.wikipedia.org\/wiki\/%C3%89ric_Cantona\">\u00c9ric Cantona<\/a>\u00a0et d&rsquo;autres joueurs de l&rsquo;\u00e9quipe de\u00a0<a class=\"mw-redirect\" title=\"Manchester United\" href=\"https:\/\/fr.wikipedia.org\/wiki\/Manchester_United\">Manchester United<\/a>\u00a0(<i>The Art of the Game<\/i>) par\u00a0<a title=\"Michael Browne\" href=\"https:\/\/fr.wikipedia.org\/wiki\/Michael_Browne\">Michael Browne<\/a>, (1997).<\/li>\n<li><i>Wanganui Heads<\/i>, par\u00a0<a title=\"John Beard\" href=\"https:\/\/fr.wikipedia.org\/wiki\/John_Beard\">John Beard<\/a>, (<a title=\"1998\" href=\"https:\/\/fr.wikipedia.org\/wiki\/1998\">1998<\/a>),<\/li>\n<li><i>The boy\/girl diptych<\/i>, par\u00a0<a class=\"new\" title=\"Marty St James (page inexistante)\" href=\"https:\/\/fr.wikipedia.org\/w\/index.php?title=Marty_St_James&amp;action=edit&amp;redlink=1\">Marty St James<\/a>, (<a title=\"2000\" href=\"https:\/\/fr.wikipedia.org\/wiki\/2000\">2000<\/a>).<\/li>\n<\/ul>\n<div class=\"mw-heading mw-heading2\" style=\"text-align: justify;\">\n<h2 id=\"Notes_et_r\u00e9f\u00e9rences\"><span id=\"Notes_et_r.C3.A9f.C3.A9rences\"><\/span>Notes et r\u00e9f\u00e9rences<\/h2>\n<\/div>\n<div style=\"text-align: justify;\"><abbr class=\"abbr indicateur-langue\" title=\"Langue : anglais\">(en)<\/abbr>\u00a0Cet article est partiellement ou en totalit\u00e9 issu de l\u2019article de Wikip\u00e9dia en anglais intitul\u00e9\u00a0<span class=\"plainlinks\">\u00ab\u00a0<a class=\"external text\" href=\"https:\/\/en.wikipedia.org\/wiki\/Painting_the_Century:_101_Portrait_Masterpieces_1900%E2%80%932000?oldid=156678749\">Painting the Century: 101 Portrait Masterpieces 1900\u20132000<\/a>\u00a0\u00bb\u00a0<small>(<a class=\"external text\" href=\"https:\/\/en.wikipedia.org\/wiki\/Painting_the_Century:_101_Portrait_Masterpieces_1900%E2%80%932000?action=history\">voir la liste des auteurs<\/a>)<\/small><\/span>.<\/div>\n","protected":false},"excerpt":{"rendered":"<p>Image mise en avant : Boris Grigoriev, Portrait de\u00a0Vsevolod Emilevich Meyerhold\u00a0(1874-1940). &nbsp; Peindre le Si\u00e8cle Painting The Century: 101 Portrait Masterpieces 1900-2000\u00a0en\u00a0fran\u00e7ais\u00a0:\u00a0\u00ab\u00a0Peindre le si\u00e8cle\u00a0: 101 Portraits majeurs 1900-2000\u00a0\u00bb\u00a0est une exposition internationale qui s&rsquo;est tenue \u00e0 la\u00a0National Portrait Gallery\u00a0\u00e0\u00a0Londres\u00a0du\u00a026 octobre 2000\u00a0au\u00a04 f\u00e9vrier 2001. L&rsquo;exposition pr\u00e9sentait une \u0153uvre pour chaque ann\u00e9e du\u00a0XXe\u00a0si\u00e8cle. Un\u00a0catalogue, de\u00a0Robin Gibson\u00a0(en), conservateur en [&hellip;]<\/p>\n","protected":false},"author":1,"featured_media":16155,"parent":0,"menu_order":0,"comment_status":"closed","ping_status":"closed","template":"","meta":{"footnotes":""},"class_list":["post-16149","page","type-page","status-publish","has-post-thumbnail","hentry"],"_links":{"self":[{"href":"https:\/\/oraziopuglisi.art\/index.php\/wp-json\/wp\/v2\/pages\/16149","targetHints":{"allow":["GET"]}}],"collection":[{"href":"https:\/\/oraziopuglisi.art\/index.php\/wp-json\/wp\/v2\/pages"}],"about":[{"href":"https:\/\/oraziopuglisi.art\/index.php\/wp-json\/wp\/v2\/types\/page"}],"author":[{"embeddable":true,"href":"https:\/\/oraziopuglisi.art\/index.php\/wp-json\/wp\/v2\/users\/1"}],"replies":[{"embeddable":true,"href":"https:\/\/oraziopuglisi.art\/index.php\/wp-json\/wp\/v2\/comments?post=16149"}],"version-history":[{"count":7,"href":"https:\/\/oraziopuglisi.art\/index.php\/wp-json\/wp\/v2\/pages\/16149\/revisions"}],"predecessor-version":[{"id":16157,"href":"https:\/\/oraziopuglisi.art\/index.php\/wp-json\/wp\/v2\/pages\/16149\/revisions\/16157"}],"wp:featuredmedia":[{"embeddable":true,"href":"https:\/\/oraziopuglisi.art\/index.php\/wp-json\/wp\/v2\/media\/16155"}],"wp:attachment":[{"href":"https:\/\/oraziopuglisi.art\/index.php\/wp-json\/wp\/v2\/media?parent=16149"}],"curies":[{"name":"wp","href":"https:\/\/api.w.org\/{rel}","templated":true}]}}