{"id":16112,"date":"2025-03-30T12:56:19","date_gmt":"2025-03-30T10:56:19","guid":{"rendered":"https:\/\/oraziopuglisi.art\/?page_id=16112"},"modified":"2025-03-30T14:49:22","modified_gmt":"2025-03-30T12:49:22","slug":"kjartan-slettemark","status":"publish","type":"page","link":"https:\/\/oraziopuglisi.art\/index.php\/kjartan-slettemark\/","title":{"rendered":"Kjartan Slettemark"},"content":{"rendered":"<p style=\"text-align: center;\"><a href=\"https:\/\/en.wikipedia.org\/wiki\/Kjartan_Slettemark\">Kjartan Slettemark<\/a><\/p>\n<p style=\"text-align: center;\"><a href=\"https:\/\/www.google.fr\/search?sca_esv=ef113eae1f4c563c&amp;sxsrf=AHTn8zqrhA3PGQjP3FWLKMlfE8ERDNSXVQ:1743338482008&amp;q=kjartan+slettemark&amp;udm=2&amp;fbs=ABzOT_BnMAgCWdhr5zilP5f1cnRvJ3SHQcDVxkdpDyHwlRhdNfno-ClRh0PKqyvFYyTkfIeCoWIR5C1jUN_wgcDJ8CdwzoqietvvZKxPLKFmuf5vQHZuv1Z-ngwc-x2Jrnxo3g7P4DztDxgyDcNV_VuLRR2-RMWhS7XYxk1WIViLH83bYPouO_mx1ovMHN0-CemcQ1nLKYmUiNWNcZwKnBF3MM8GzxmVqQ&amp;sa=X&amp;ved=2ahUKEwjT3cX36bGMAxX_UqQEHXoMCBIQtKgLegQIERAB&amp;biw=1536&amp;bih=719&amp;dpr=1.25\">Images<\/a><\/p>\n<p style=\"text-align: justify;\"><b>Kjartan Slettemark<\/b>\u00a0(6 ao\u00fbt 1932,\u00a0<a title=\"Naustdal\" href=\"https:\/\/en.wikipedia.org\/wiki\/Naustdal\">Naustdal<\/a>\u00a0,\u00a0<sup id=\"cite_ref-1\" class=\"reference\"><a href=\"https:\/\/en.wikipedia.org\/wiki\/Kjartan_Slettemark#cite_note-1\"><span class=\"cite-bracket\">[<\/span>\u00a01\u00a0<span class=\"cite-bracket\">]<\/span><\/a><\/sup>\u00a0Norv\u00e8ge \u2013 13 d\u00e9cembre 2008, Stockholm, Su\u00e8de) \u00e9tait un\u00a0artiste\u00a0<a title=\"Norv\u00e8ge\" href=\"https:\/\/en.wikipedia.org\/wiki\/Norway\">norv\u00e9gien<\/a>\u00a0&#8211;\u00a0<a title=\"Su\u00e8de\" href=\"https:\/\/en.wikipedia.org\/wiki\/Sweden\">su\u00e9dois <\/a><\/p>\n<p>&nbsp;<\/p>\n<p style=\"text-align: justify;\"><img loading=\"lazy\" decoding=\"async\" class=\"size-full wp-image-16195 aligncenter\" src=\"http:\/\/oraziopuglisi.art\/wp-content\/uploads\/2025\/03\/330px-Kjartan_Slettemark_Stockholm_2006.jpg\" alt=\"\" width=\"330\" height=\"394\" srcset=\"https:\/\/oraziopuglisi.art\/wp-content\/uploads\/2025\/03\/330px-Kjartan_Slettemark_Stockholm_2006.jpg 330w, https:\/\/oraziopuglisi.art\/wp-content\/uploads\/2025\/03\/330px-Kjartan_Slettemark_Stockholm_2006-251x300.jpg 251w\" sizes=\"auto, (max-width: 330px) 100vw, 330px\" \/><\/p>\n<div class=\"mw-heading mw-heading2\" style=\"text-align: justify;\">\n<h2 id=\"Career\">Carri\u00e8re<\/h2>\n<\/div>\n<p style=\"text-align: justify;\">Il s&rsquo;est d&rsquo;abord fait conna\u00eetre comme artiste gr\u00e2ce \u00e0 un collage qu&rsquo;il a plac\u00e9 devant le\u00a0<a class=\"mw-redirect\" title=\"Parlement de Norv\u00e8ge\" href=\"https:\/\/en.wikipedia.org\/wiki\/Parliament_of_Norway\">Parlement norv\u00e9gien<\/a>\u00a0en 1965, intitul\u00e9 \u00ab\u00a0D&rsquo;apr\u00e8s un rapport du\u00a0<a title=\"Vietnam\" href=\"https:\/\/en.wikipedia.org\/wiki\/Vietnam\">Vietnam<\/a>\u00a0: Des enfants sont asperg\u00e9s de\u00a0<a title=\"Napalm\" href=\"https:\/\/en.wikipedia.org\/wiki\/Napalm\">napalm<\/a>\u00a0. Leur peau est br\u00fbl\u00e9e et devient des plaies noires, et ils meurent.\u00a0\u00bb Cette \u0153uvre, compos\u00e9e notamment d&rsquo;une bouche rouge, d&rsquo;un drapeau am\u00e9ricain et de la silhouette d&rsquo;un enfant, a \u00e9t\u00e9 offerte \u00e0 la Galerie nationale d&rsquo;\u00a0<a title=\"Oslo\" href=\"https:\/\/en.wikipedia.org\/wiki\/Oslo\">Oslo<\/a>\u00a0en 1982.<\/p>\n<p style=\"text-align: justify;\">Il a \u00e9galement produit des passeports (qui ressemblaient \u00e0 un passeport norv\u00e9gien) pour le pays fictif du Kjartanistan. Environ 500 ont \u00e9t\u00e9 fabriqu\u00e9s pour les personnes souhaitant obtenir la citoyennet\u00e9.<\/p>\n<p style=\"text-align: justify;\">Au milieu des ann\u00e9es 1960, Slettemark enseignait dans une \u00e9cole d&rsquo;art de\u00a0<a title=\"Stockholm\" href=\"https:\/\/en.wikipedia.org\/wiki\/Stockholm\">Stockholm<\/a>\u00a0et obtint la nationalit\u00e9\u00a0<a title=\"Su\u00e8de\" href=\"https:\/\/en.wikipedia.org\/wiki\/Sweden\">su\u00e9doise<\/a>\u00a0en 1966. Il se brouilla avec la direction de l&rsquo;\u00e9cole apr\u00e8s avoir refus\u00e9 de noter ses \u00e9l\u00e8ves. Pour r\u00e9soudre le probl\u00e8me, il leur remit de petits dessins color\u00e9s. Il fut alors licenci\u00e9 et dut demander une aide financi\u00e8re \u00e0 la s\u00e9curit\u00e9 sociale. Cependant, les services sociaux de Stockholm souhaitaient savoir s&rsquo;il s&rsquo;agissait d&rsquo;un simple ch\u00f4meur ou d&rsquo;un patient souffrant de troubles mentaux. Slettemark affirma \u00eatre un artiste, mais fut diagnostiqu\u00e9\u00a0<a title=\"Trouble de la personnalit\u00e9 borderline\" href=\"https:\/\/en.wikipedia.org\/wiki\/Borderline_personality_disorder\">borderline<\/a>\u00a0et re\u00e7ut une ordonnance d&rsquo;Hibernal (comprim\u00e9s pour le traitement des\u00a0<a title=\"Psychose\" href=\"https:\/\/en.wikipedia.org\/wiki\/Psychosis\">psychoses<\/a>\u00a0). Au lieu de prendre ces comprim\u00e9s, Slettemark les utilisa dans son art. Lors du happening \u00ab\u00a0Conf\u00e9rence sur l&rsquo;art de la chute\u00a0\u00bb, il se tenait en \u00e9quilibre sur une corde \u00e0 Stockholm, visualisant ses trois ann\u00e9es de conflit avec la psychiatrie su\u00e9doise. La photographe Brita Olsson prit des photos de l&rsquo;\u00e9v\u00e9nement.\u00a0<sup id=\"cite_ref-2\" class=\"reference\"><a href=\"https:\/\/en.wikipedia.org\/wiki\/Kjartan_Slettemark#cite_note-2\"><span class=\"cite-bracket\">[<\/span>\u00a02\u00a0<span class=\"cite-bracket\">]<\/span><\/a><\/sup><\/p>\n<p>&nbsp;<\/p>\n<p>&nbsp;<\/p>\n<p><iframe loading=\"lazy\" title=\"Kjartan Slettemark (art project)\" width=\"600\" height=\"338\" src=\"https:\/\/www.youtube.com\/embed\/65SNYvOGRlc?feature=oembed\" frameborder=\"0\" allow=\"accelerometer; autoplay; clipboard-write; encrypted-media; gyroscope; picture-in-picture; web-share\" referrerpolicy=\"strict-origin-when-cross-origin\" allowfullscreen><\/iframe><\/p>\n<p style=\"text-align: justify;\">Dans les ann\u00e9es 1970, il travailla sur ses \u00ab\u00a0visions\u00a0<a title=\"Richard Nixon\" href=\"https:\/\/en.wikipedia.org\/wiki\/Richard_Nixon\">Nixon<\/a>\u00a0\u00bb, parcourant l&rsquo;Europe avec une photo de Nixon, orn\u00e9e des cheveux et de la barbe de Slettemark, dans son passeport.\u00a0<sup id=\"cite_ref-3\" class=\"reference\"><a href=\"https:\/\/en.wikipedia.org\/wiki\/Kjartan_Slettemark#cite_note-3\"><span class=\"cite-bracket\">[<\/span>\u00a03\u00a0<span class=\"cite-bracket\">]<\/span><\/a><\/sup><a title=\"Caniche\" href=\"https:\/\/en.wikipedia.org\/wiki\/Poodle\">\u00a0Durant cette p\u00e9riode, il figura \u00e9galement dans un costume de caniche<\/a>\u00a0fait maison\u00a0, apr\u00e8s que l&rsquo;inspecteur des services sociaux de Stockholm eut demand\u00e9 \u00e0 Slettemark de se pr\u00e9senter \u00e0\u00a0<i>hundmottagningen<\/i>\u00a0(la r\u00e9ception des chiens), au lieu de\u00a0<i>kundmottagningen<\/i>\u00a0(la r\u00e9ception des clients). Le jeu de mots est perdu en anglais, mais inspira Slettemark \u00e0 passer six mois \u00e0 construire le costume, avec le son incrust\u00e9 d&rsquo;une \u00e9mission de t\u00e9l\u00e9vision \u00e0 jackpot. Slettemark n&rsquo;eut qu&rsquo;\u00e0 d\u00e9visser la queue du costume lorsqu&rsquo;il s&rsquo;assit dans le m\u00e9tro.<\/p>\n<p style=\"text-align: justify;\">En 2003, Slettemark a r\u00e9alis\u00e9 \u00ab Autoportrait avec Marilyn \u00bb, une s\u00e9rie de collages inspir\u00e9e d&rsquo;\u00a0<a title=\"Andy Warhol\" href=\"https:\/\/en.wikipedia.org\/wiki\/Andy_Warhol\">Andy Warhol<\/a>\u00a0, se mettant en sc\u00e8ne en tant que\u00a0<a title=\"Marilyn Monroe\" href=\"https:\/\/en.wikipedia.org\/wiki\/Marilyn_Monroe\">Marilyn Monroe<\/a>\u00a0.\u00a0<sup id=\"cite_ref-4\" class=\"reference\"><a href=\"https:\/\/en.wikipedia.org\/wiki\/Kjartan_Slettemark#cite_note-4\"><span class=\"cite-bracket\">[<\/span>\u00a04\u00a0<span class=\"cite-bracket\">]<\/span><\/a><\/sup>\u00a0Un autre de ses projets \u00e9tait l&rsquo;introduction au Kjartanistan, un \u00c9tat non territorial avec la plan\u00e8te Terre comme capitale et lui-m\u00eame comme Premier ministre.\u00a0<sup id=\"cite_ref-5\" class=\"reference\"><a href=\"https:\/\/en.wikipedia.org\/wiki\/Kjartan_Slettemark#cite_note-5\"><span class=\"cite-bracket\">[<\/span>\u00a05\u00a0<span class=\"cite-bracket\">]<\/span><\/a><\/sup><\/p>\n<div class=\"mw-heading mw-heading2\" style=\"text-align: justify;\">\n<h2 id=\"Honors\">Honneurs<\/h2>\n<\/div>\n<ul style=\"text-align: justify;\">\n<li>\u00ab\u00a0Stockholm stads hederspris\u00a0\u00bb 1988<\/li>\n<li><a title=\"Prix \u200b\u200bhonorifique du Conseil des arts de Norv\u00e8ge\" href=\"https:\/\/en.wikipedia.org\/wiki\/Arts_Council_Norway_Honorary_Award\">Prix \u200b\u200bhonorifique du Conseil des arts de Norv\u00e8ge<\/a>\u00a02001<\/li>\n<li>\u00ab H\u00f6ckers pris \u00bb par l&rsquo;\u00a0<a class=\"mw-redirect\" title=\"Acad\u00e9mie royale des arts de Su\u00e8de\" href=\"https:\/\/en.wikipedia.org\/wiki\/Royal_Swedish_Academy_of_Arts\">Acad\u00e9mie royale des arts de Su\u00e8de<\/a>\u00a02003<\/li>\n<\/ul>\n<div class=\"mw-heading mw-heading2\" style=\"text-align: justify;\">\n<h2 id=\"References\">R\u00e9f\u00e9rences<\/h2>\n<\/div>\n<div class=\"reflist\" style=\"text-align: justify;\">\n<div class=\"mw-references-wrap\">\n<ol class=\"references\">\n<li id=\"cite_note-1\"><span class=\"mw-cite-backlink\"><b><a title=\"Sauter\" href=\"https:\/\/en.wikipedia.org\/wiki\/Kjartan_Slettemark#cite_ref-1\" aria-label=\"Sauter\">^\u00a0<\/a><\/b><\/span><span class=\"reference-text\"><cite class=\"citation web cs1\"><a class=\"external text\" href=\"https:\/\/www.blomqvist.no\/nettauksjon\/nettobjekt\/BL\/Fotografi\/252782\" rel=\"nofollow\">\u00ab\u00a0Forsiden &#8211; Blomqvist Kunsthandel\u00a0\u00bb<\/a>\u00a0.<\/cite><\/span><\/li>\n<li id=\"cite_note-2\"><span class=\"mw-cite-backlink\"><b><a title=\"Sauter\" href=\"https:\/\/en.wikipedia.org\/wiki\/Kjartan_Slettemark#cite_ref-2\" aria-label=\"Sauter\">^\u00a0<\/a><\/b><\/span><span class=\"reference-text\"><cite class=\"citation web cs1\"><a class=\"external text\" href=\"https:\/\/web.archive.org\/web\/20110719025120\/http:\/\/www.preusmuseum.no\/norsk\/utstill_navaeende_more.php?id=607_0_57_0_C\" rel=\"nofollow\">\u00ab\u00a0Utstillinger\u00a0\u00bb<\/a><\/cite><\/span><span class=\"reference-text\"><cite class=\"citation web cs1\">\u00a0. Archiv\u00e9 de\u00a0<\/cite><\/span><span class=\"reference-text\"><cite class=\"citation web cs1\"><a class=\"external text\" href=\"http:\/\/www.preusmuseum.no\/norsk\/utstill_navaeende_more.php?id=607_0_57_0_C\" rel=\"nofollow\">l&rsquo;original<\/a><\/cite><\/span><span class=\"reference-text\"><cite class=\"citation web cs1\">\u00a0le 19\/07\/2011\u00a0<\/cite><\/span><span class=\"reference-text\"><cite class=\"citation web cs1\"><span class=\"reference-accessdate\">. Consult\u00e9\u00a0<\/span><\/cite><\/span><span class=\"reference-text\"><cite class=\"citation web cs1\"><span class=\"reference-accessdate\"><span class=\"nowrap\">le 08\/09\/2009<\/span><\/span><\/cite><\/span><span class=\"reference-text\"><cite class=\"citation web cs1\">\u00a0.<\/cite><\/span><cite class=\"citation web cs1\"><\/cite><\/li>\n<li id=\"cite_note-3\"><span class=\"mw-cite-backlink\"><b><a title=\"Sauter\" href=\"https:\/\/en.wikipedia.org\/wiki\/Kjartan_Slettemark#cite_ref-3\" aria-label=\"Sauter\">^\u00a0<\/a><\/b><\/span><span class=\"reference-text\"><cite class=\"citation web cs1\"><a class=\"external text\" href=\"https:\/\/www.flickr.com\/photos\/43686206@N00\/426134446\/in\/set-72157600008019734\/\" rel=\"nofollow\">\u00ab\u00a0Kjartan Slettemark\u00a0\u00bb<\/a><\/cite><\/span><span class=\"reference-text\"><cite class=\"citation web cs1\">\u00a0. 18 mars 2007.<\/cite><\/span><cite class=\"citation web cs1\"><\/cite><\/li>\n<li id=\"cite_note-4\"><span class=\"mw-cite-backlink\"><b><a title=\"Sauter\" href=\"https:\/\/en.wikipedia.org\/wiki\/Kjartan_Slettemark#cite_ref-4\" aria-label=\"Sauter\">^<\/a><\/b><\/span>\u00a0<span class=\"reference-text\"><a class=\"external free\" href=\"http:\/\/trausken.blogspot.com\/2009\/01\/jeg-er-borger-av-kjartanistan.html\" rel=\"nofollow\">http:\/\/trausken.blogspot.com\/2009\/01\/jeg-er-borger-av-kjartanistan.html\u00a0<\/a><sup class=\"noprint Inline-Template\">[\u00a0<i><a class=\"mw-redirect\" title=\"Wikip\u00e9dia\u00a0:\u00a0Identifier les sources fiables\" href=\"https:\/\/en.wikipedia.org\/wiki\/Wikipedia:Identifying_reliable_sources#User-generated_content\"><span title=\"Cette citation de r\u00e9f\u00e9rence semble provenir d'une source g\u00e9n\u00e9r\u00e9e par un utilisateur. (Ao\u00fbt 2022)\">source g\u00e9n\u00e9r\u00e9e par l&rsquo;utilisateur<\/span><\/a><\/i>\u00a0]<\/sup><\/span><\/li>\n<li id=\"cite_note-5\"><span class=\"mw-cite-backlink\"><b><a title=\"Sauter\" href=\"https:\/\/en.wikipedia.org\/wiki\/Kjartan_Slettemark#cite_ref-5\" aria-label=\"Sauter\">^\u00a0<\/a><\/b><\/span><span class=\"reference-text\"><cite class=\"citation web cs1\"><a class=\"external text\" href=\"https:\/\/web.archive.org\/web\/20110724174829\/http:\/\/borealisfestival.no\/2007\/blogg\/videos_from_satellite_borealis_kjartanistan\/\" rel=\"nofollow\">\u00ab\u00a0Borealis &#8211; VID\u00c9OS DU SATELLITE BOREALIS\/KJARTANISTAN\u00a0\u00bb<\/a><\/cite><\/span><span class=\"reference-text\"><cite class=\"citation web cs1\">\u00a0. Archiv\u00e9 de\u00a0<\/cite><\/span><span class=\"reference-text\"><cite class=\"citation web cs1\"><a class=\"external text\" href=\"http:\/\/borealisfestival.no\/2007\/blogg\/videos_from_satellite_borealis_kjartanistan\/\" rel=\"nofollow\">l&rsquo;original<\/a><\/cite><\/span><span class=\"reference-text\"><cite class=\"citation web cs1\">\u00a0le 24\/07\/2011\u00a0<\/cite><\/span><span class=\"reference-text\"><cite class=\"citation web cs1\"><span class=\"reference-accessdate\">. Consult\u00e9\u00a0<\/span><\/cite><\/span><span class=\"reference-text\"><cite class=\"citation web cs1\"><span class=\"reference-accessdate\"><span class=\"nowrap\">le 08\/09\/2009<\/span><\/span><\/cite><\/span><span class=\"reference-text\"><cite class=\"citation web cs1\">\u00a0.<\/cite><\/span><cite class=\"citation web cs1\"><\/cite><\/li>\n<\/ol>\n<\/div>\n<\/div>\n<div class=\"mw-heading mw-heading2\" style=\"text-align: justify;\">\n<h2 id=\"External_links\">Liens externes<\/h2>\n<\/div>\n<ul>\n<li style=\"text-align: justify;\"><a class=\"external text\" href=\"http:\/\/snl.no\/.nbl_biografi\/Kjartan_Slettemark\/utdypning\" rel=\"nofollow\">Kjartan Slettemark<\/a>\u00a0\u00e0\u00a0<a class=\"mw-redirect\" title=\"Le\u00e7on biographique norv\u00e9gienne\" href=\"https:\/\/en.wikipedia.org\/wiki\/Norsk_Biografisk_Leksikon\">Norsk Biografisk Leksikon<\/a><\/li>\n<li style=\"text-align: justify;\"><a class=\"external text\" href=\"http:\/\/www.nrk.no\/sf\/leksikon\/index.php\/Kjartan_Slettemark\" rel=\"nofollow\">Biographie de Kjartan Slettemark sur Fylkesleksikon\u00a0<\/a><a title=\"NRK\" href=\"https:\/\/en.wikipedia.org\/wiki\/NRK\">NRK Sogn og Fjordane<\/a><\/li>\n<li style=\"text-align: justify;\"><a class=\"external text\" href=\"https:\/\/archive.today\/20130914133629\/http:\/\/www.dagsavisen.no\/kultur\/stasminister-puddel-og-marilyn\/\" rel=\"nofollow\">\u00ab\u00a0Stasminister\u00a0\u00bb, puddel et Marilyn<\/a><\/li>\n<\/ul>\n","protected":false},"excerpt":{"rendered":"<p>Kjartan Slettemark Images Kjartan Slettemark\u00a0(6 ao\u00fbt 1932,\u00a0Naustdal\u00a0,\u00a0[\u00a01\u00a0]\u00a0Norv\u00e8ge \u2013 13 d\u00e9cembre 2008, Stockholm, Su\u00e8de) \u00e9tait un\u00a0artiste\u00a0norv\u00e9gien\u00a0&#8211;\u00a0su\u00e9dois &nbsp; Carri\u00e8re Il s&rsquo;est d&rsquo;abord fait conna\u00eetre comme artiste gr\u00e2ce \u00e0 un collage qu&rsquo;il a plac\u00e9 devant le\u00a0Parlement norv\u00e9gien\u00a0en 1965, intitul\u00e9 \u00ab\u00a0D&rsquo;apr\u00e8s un rapport du\u00a0Vietnam\u00a0: Des enfants sont asperg\u00e9s de\u00a0napalm\u00a0. Leur peau est br\u00fbl\u00e9e et devient des plaies noires, et [&hellip;]<\/p>\n","protected":false},"author":1,"featured_media":16195,"parent":0,"menu_order":0,"comment_status":"closed","ping_status":"closed","template":"","meta":{"footnotes":""},"class_list":["post-16112","page","type-page","status-publish","has-post-thumbnail","hentry"],"_links":{"self":[{"href":"https:\/\/oraziopuglisi.art\/index.php\/wp-json\/wp\/v2\/pages\/16112","targetHints":{"allow":["GET"]}}],"collection":[{"href":"https:\/\/oraziopuglisi.art\/index.php\/wp-json\/wp\/v2\/pages"}],"about":[{"href":"https:\/\/oraziopuglisi.art\/index.php\/wp-json\/wp\/v2\/types\/page"}],"author":[{"embeddable":true,"href":"https:\/\/oraziopuglisi.art\/index.php\/wp-json\/wp\/v2\/users\/1"}],"replies":[{"embeddable":true,"href":"https:\/\/oraziopuglisi.art\/index.php\/wp-json\/wp\/v2\/comments?post=16112"}],"version-history":[{"count":9,"href":"https:\/\/oraziopuglisi.art\/index.php\/wp-json\/wp\/v2\/pages\/16112\/revisions"}],"predecessor-version":[{"id":16197,"href":"https:\/\/oraziopuglisi.art\/index.php\/wp-json\/wp\/v2\/pages\/16112\/revisions\/16197"}],"wp:featuredmedia":[{"embeddable":true,"href":"https:\/\/oraziopuglisi.art\/index.php\/wp-json\/wp\/v2\/media\/16195"}],"wp:attachment":[{"href":"https:\/\/oraziopuglisi.art\/index.php\/wp-json\/wp\/v2\/media?parent=16112"}],"curies":[{"name":"wp","href":"https:\/\/api.w.org\/{rel}","templated":true}]}}