{"id":15790,"date":"2025-03-29T14:45:19","date_gmt":"2025-03-29T13:45:19","guid":{"rendered":"https:\/\/oraziopuglisi.art\/?page_id=15790"},"modified":"2025-03-29T14:54:44","modified_gmt":"2025-03-29T13:54:44","slug":"le-pre-impressionisme","status":"publish","type":"page","link":"https:\/\/oraziopuglisi.art\/index.php\/le-pre-impressionisme\/","title":{"rendered":"Le Pr\u00e9 Impressionisme"},"content":{"rendered":"<p><span style=\"font-size: 10px;\"><em><strong>Image mise en avant :<\/strong> <a title=\"Joseph Mallord William Turner\" href=\"https:\/\/fr.wikipedia.org\/wiki\/Joseph_Mallord_William_Turner\">William Turner<\/a>,\u00a0L&rsquo;Incendie du Parlement, 1835, Cleveland, Museum of Art.<\/em><\/span><\/p>\n<div class=\"mw-heading mw-heading3\">\n<h3>\u00a0<\/h3>\n<h3 id=\"1859-1874_:_pr\u00e9mices\">1859-1874\u00a0: pr\u00e9mices<\/h3>\n<\/div>\n<div class=\"mw-heading mw-heading4\">\n<h4 id=\"Pr\u00e9-impressionnisme\"><span id=\"Pr.C3.A9-impressionnisme\"><\/span>Pr\u00e9-impressionnisme<\/h4>\n<\/div>\n<figure class=\"mw-default-size\"><a class=\"mw-file-description\" href=\"https:\/\/commons.wikimedia.org\/wiki\/File:Joseph_Mallord_William_Turner_-_The_Burning_of_the_Houses_of_Lords_and_Commons,_16_October_1834_-_1942.647_-_Cleveland_Museum_of_Art.jpg?uselang=fr\"><img loading=\"lazy\" decoding=\"async\" class=\"mw-file-element\" src=\"https:\/\/upload.wikimedia.org\/wikipedia\/commons\/thumb\/e\/e5\/Joseph_Mallord_William_Turner_-_The_Burning_of_the_Houses_of_Lords_and_Commons%2C_16_October_1834_-_1942.647_-_Cleveland_Museum_of_Art.jpg\/220px-Joseph_Mallord_William_Turner_-_The_Burning_of_the_Houses_of_Lords_and_Commons%2C_16_October_1834_-_1942.647_-_Cleveland_Museum_of_Art.jpg\" srcset=\"\/\/upload.wikimedia.org\/wikipedia\/commons\/thumb\/e\/e5\/Joseph_Mallord_William_Turner_-_The_Burning_of_the_Houses_of_Lords_and_Commons%2C_16_October_1834_-_1942.647_-_Cleveland_Museum_of_Art.jpg\/330px-Joseph_Mallord_William_Turner_-_The_Burning_of_the_Houses_of_Lords_and_Commons%2C_16_October_1834_-_1942.647_-_Cleveland_Museum_of_Art.jpg 1.5x, \/\/upload.wikimedia.org\/wikipedia\/commons\/thumb\/e\/e5\/Joseph_Mallord_William_Turner_-_The_Burning_of_the_Houses_of_Lords_and_Commons%2C_16_October_1834_-_1942.647_-_Cleveland_Museum_of_Art.jpg\/440px-Joseph_Mallord_William_Turner_-_The_Burning_of_the_Houses_of_Lords_and_Commons%2C_16_October_1834_-_1942.647_-_Cleveland_Museum_of_Art.jpg 2x\" alt=\"Peinture montrant un grand panache de feu et de fum\u00e9e s'\u00e9levant sur un d\u00e9cor urbain au bord d'un fleuve.\" width=\"220\" height=\"163\" data-file-width=\"15155\" data-file-height=\"11254\" \/><\/a><figcaption><a title=\"Joseph Mallord William Turner\" href=\"https:\/\/fr.wikipedia.org\/wiki\/Joseph_Mallord_William_Turner\">William Turner<\/a>,\u00a0<i>L&rsquo;Incendie du Parlement<\/i>, 1835, Cleveland, Museum of Art.<\/figcaption><\/figure>\n<p style=\"text-align: justify;\">Pour l&rsquo;historienne de l&rsquo;art Sophie Monneret, le terme pr\u00e9-impressionnisme\u00a0<span class=\"citation\">\u00ab\u00a0s&rsquo;applique \u00e0 la mani\u00e8re, suggestive, esquiss\u00e9e, qui chez maint artiste pr\u00e9lude plus ou moins directement \u00e0 la technique impressionniste\u00a0\u00bb<\/span><sup id=\"cite_ref-:8_2-0\" class=\"reference\"><a href=\"https:\/\/fr.wikipedia.org\/wiki\/Impressionnisme#cite_note-:8-2\"><span class=\"cite-bracket\">[<\/span>2<span class=\"cite-bracket\">]<\/span><\/a><\/sup>. Une premi\u00e8re rupture significative dans la peinture de paysage remonte \u00e0\u00a0<a title=\"John Constable\" href=\"https:\/\/fr.wikipedia.org\/wiki\/John_Constable\">John Constable<\/a>\u00a0et\u00a0<a title=\"Joseph Mallord William Turner\" href=\"https:\/\/fr.wikipedia.org\/wiki\/Joseph_Mallord_William_Turner\">William Turner<\/a><sup id=\"cite_ref-:8_2-1\" class=\"reference\"><a href=\"https:\/\/fr.wikipedia.org\/wiki\/Impressionnisme#cite_note-:8-2\"><span class=\"cite-bracket\">[<\/span>2<span class=\"cite-bracket\">]<\/span><\/a><\/sup>, qui renoncent aux paysages romantiques et adoptent la simplicit\u00e9 pour Constable<sup id=\"cite_ref-:8_2-2\" class=\"reference\"><a href=\"https:\/\/fr.wikipedia.org\/wiki\/Impressionnisme#cite_note-:8-2\"><span class=\"cite-bracket\">[<\/span>2<span class=\"cite-bracket\">]<\/span><\/a><\/sup>\u00a0et l&rsquo;instantan\u00e9it\u00e9 pour Turner<sup id=\"cite_ref-:9_3-0\" class=\"reference\"><a href=\"https:\/\/fr.wikipedia.org\/wiki\/Impressionnisme#cite_note-:9-3\"><span class=\"cite-bracket\">[<\/span>3<span class=\"cite-bracket\">]<\/span><\/a><\/sup>, auxquelles se rattachent les impressionnistes. La disparition du dessin au profit de la couleur qui caract\u00e9rise certaines toiles de Turner se retrouve notamment chez\u00a0<a title=\"Claude Monet\" href=\"https:\/\/fr.wikipedia.org\/wiki\/Claude_Monet\">Monet<\/a><sup id=\"cite_ref-:9_3-1\" class=\"reference\"><a href=\"https:\/\/fr.wikipedia.org\/wiki\/Impressionnisme#cite_note-:9-3\"><span class=\"cite-bracket\">[<\/span>3<span class=\"cite-bracket\">]<\/span><\/a><\/sup>. Dans la seconde moiti\u00e9 du\u00a0<abbr class=\"abbr\" title=\"19\u1d49 si\u00e8cle\"><span class=\"romain\">XIX<\/span><sup>e<\/sup><\/abbr>\u00a0si\u00e8cle, les artistes modernes europ\u00e9ens recherchent g\u00e9n\u00e9ralement \u00e0 repr\u00e9senter la lumi\u00e8re et \u00e0 composer en\u00a0<a title=\"Pleinairisme\" href=\"https:\/\/fr.wikipedia.org\/wiki\/Pleinairisme\">plein air<\/a><sup id=\"cite_ref-4\" class=\"reference\"><a href=\"https:\/\/fr.wikipedia.org\/wiki\/Impressionnisme#cite_note-4\"><span class=\"cite-bracket\">[<\/span>4<span class=\"cite-bracket\">]<\/span><\/a><\/sup>, comme le montre le groupe italien des\u00a0<a title=\"Macchiaioli\" href=\"https:\/\/fr.wikipedia.org\/wiki\/Macchiaioli\">Macchiaioli<\/a>, contemporains des impressionnistes avec lesquels ils sont parfois en contact via\u00a0<a title=\"Edgar Degas\" href=\"https:\/\/fr.wikipedia.org\/wiki\/Edgar_Degas\">Degas<\/a><sup id=\"cite_ref-:532_5-0\" class=\"reference\"><a href=\"https:\/\/fr.wikipedia.org\/wiki\/Impressionnisme#cite_note-:532-5\"><span class=\"cite-bracket\">[<\/span>5<span class=\"cite-bracket\">]<\/span><\/a><\/sup>.<\/p>\n<p style=\"text-align: justify;\">En France, les paysages de\u00a0<a title=\"Jean-Baptiste Camille Corot\" href=\"https:\/\/fr.wikipedia.org\/wiki\/Jean-Baptiste_Camille_Corot\">Camille Corot<\/a>\u00a0rompent eux aussi avec la tradition, et il est refus\u00e9 au\u00a0<a title=\"Salon de peinture et de sculpture\" href=\"https:\/\/fr.wikipedia.org\/wiki\/Salon_de_peinture_et_de_sculpture\">Salon<\/a>\u00a0de 1843<sup id=\"cite_ref-:10_6-0\" class=\"reference\"><a href=\"https:\/\/fr.wikipedia.org\/wiki\/Impressionnisme#cite_note-:10-6\"><span class=\"cite-bracket\">[<\/span>6<span class=\"cite-bracket\">]<\/span><\/a><\/sup>. Il est directement li\u00e9 aux impressionnistes, donnant des le\u00e7ons aux s\u0153urs\u00a0<a title=\"Berthe Morisot\" href=\"https:\/\/fr.wikipedia.org\/wiki\/Berthe_Morisot\">Berthe<\/a>\u00a0et\u00a0<a title=\"Edma Morisot\" href=\"https:\/\/fr.wikipedia.org\/wiki\/Edma_Morisot\">Edma Morisot<\/a>\u00a0et \u00e0\u00a0<a title=\"Camille Pissarro\" href=\"https:\/\/fr.wikipedia.org\/wiki\/Camille_Pissarro\">Pissarro<\/a>\u00a0dans les ann\u00e9es 1860<sup id=\"cite_ref-:11_7-0\" class=\"reference\"><a href=\"https:\/\/fr.wikipedia.org\/wiki\/Impressionnisme#cite_note-:11-7\"><span class=\"cite-bracket\">[<\/span>7<span class=\"cite-bracket\">]<\/span><\/a><\/sup>, et son influence se fait sentir sur tout le groupe<sup id=\"cite_ref-8\" class=\"reference\"><a href=\"https:\/\/fr.wikipedia.org\/wiki\/Impressionnisme#cite_note-8\"><span class=\"cite-bracket\">[<\/span>8<span class=\"cite-bracket\">]<\/span><\/a><\/sup>. Le style novateur de\u00a0<a title=\"Eug\u00e8ne Delacroix\" href=\"https:\/\/fr.wikipedia.org\/wiki\/Eug%C3%A8ne_Delacroix\">Delacroix<\/a>\u00a0peut \u00eatre rattach\u00e9 au pr\u00e9-impressionnisme, dans sa mani\u00e8re de cr\u00e9er les atmosph\u00e8res de ses tableaux et dans sa touche divis\u00e9e<sup id=\"cite_ref-:10_6-1\" class=\"reference\"><a href=\"https:\/\/fr.wikipedia.org\/wiki\/Impressionnisme#cite_note-:10-6\"><span class=\"cite-bracket\">[<\/span>6<span class=\"cite-bracket\">]<\/span><\/a><\/sup>. Les impressionnistes se r\u00e9f\u00e9rent aussi \u00e0 un certain nombre de paysagistes de la g\u00e9n\u00e9ration pr\u00e9c\u00e9dente, parmi lesquels\u00a0<a title=\"Th\u00e9odore Rousseau\" href=\"https:\/\/fr.wikipedia.org\/wiki\/Th%C3%A9odore_Rousseau\">Th\u00e9odore Rousseau<\/a>\u00a0et\u00a0<a title=\"Jean-Fran\u00e7ois Millet\" href=\"https:\/\/fr.wikipedia.org\/wiki\/Jean-Fran%C3%A7ois_Millet\">Jean-Fran\u00e7ois Millet<\/a>, peintres de l&rsquo;<a title=\"\u00c9cole de Barbizon\" href=\"https:\/\/fr.wikipedia.org\/wiki\/%C3%89cole_de_Barbizon\">\u00c9cole de Barbizon<\/a>\u00a0aux couleurs vives et \u00e0 la touche rapide<sup id=\"cite_ref-9\" class=\"reference\"><a href=\"https:\/\/fr.wikipedia.org\/wiki\/Impressionnisme#cite_note-9\"><span class=\"cite-bracket\">[<\/span>9<span class=\"cite-bracket\">]<\/span><\/a><\/sup>, dont l&rsquo;influence est visible dans les premi\u00e8res toiles que les futurs impressionnistes exposent au Salon<sup id=\"cite_ref-:11_7-1\" class=\"reference\"><a href=\"https:\/\/fr.wikipedia.org\/wiki\/Impressionnisme#cite_note-:11-7\"><span class=\"cite-bracket\">[<\/span>7<span class=\"cite-bracket\">]<\/span><\/a><\/sup>.<\/p>\n<p>Trois peintres, par leurs liens directs avec ces jeunes artistes, m\u00e8nent le pr\u00e9-impressionnisme au terme de son \u00e9volution\u00a0:\u00a0<a title=\"Eug\u00e8ne Boudin\" href=\"https:\/\/fr.wikipedia.org\/wiki\/Eug%C3%A8ne_Boudin\">Eug\u00e8ne Boudin<\/a>,\u00a0<a title=\"Johan Barthold Jongkind\" href=\"https:\/\/fr.wikipedia.org\/wiki\/Johan_Barthold_Jongkind\">Johan Jongkind<\/a>\u00a0et\u00a0<a title=\"Charles-Fran\u00e7ois Daubigny\" href=\"https:\/\/fr.wikipedia.org\/wiki\/Charles-Fran%C3%A7ois_Daubigny\">Fran\u00e7ois Daubigny<\/a><sup id=\"cite_ref-:12_10-0\" class=\"reference\"><a href=\"https:\/\/fr.wikipedia.org\/wiki\/Impressionnisme#cite_note-:12-10\"><span class=\"cite-bracket\">[<\/span>10<span class=\"cite-bracket\">]<\/span><\/a><\/sup>. Les deux premiers ont notamment enseign\u00e9 \u00e0 Monet, le dernier en est un ami proche et un futur d\u00e9fenseur de l&rsquo;impressionnisme<sup id=\"cite_ref-:12_10-1\" class=\"reference\"><a href=\"https:\/\/fr.wikipedia.org\/wiki\/Impressionnisme#cite_note-:12-10\"><span class=\"cite-bracket\">[<\/span>10<span class=\"cite-bracket\">]<\/span><\/a><\/sup>.<\/p>\n","protected":false},"excerpt":{"rendered":"<p>Image mise en avant : William Turner,\u00a0L&rsquo;Incendie du Parlement, 1835, Cleveland, Museum of Art. \u00a0 1859-1874\u00a0: pr\u00e9mices Pr\u00e9-impressionnisme William Turner,\u00a0L&rsquo;Incendie du Parlement, 1835, Cleveland, Museum of Art. Pour l&rsquo;historienne de l&rsquo;art Sophie Monneret, le terme pr\u00e9-impressionnisme\u00a0\u00ab\u00a0s&rsquo;applique \u00e0 la mani\u00e8re, suggestive, esquiss\u00e9e, qui chez maint artiste pr\u00e9lude plus ou moins directement \u00e0 la technique impressionniste\u00a0\u00bb[2]. Une [&hellip;]<\/p>\n","protected":false},"author":1,"featured_media":15794,"parent":0,"menu_order":0,"comment_status":"closed","ping_status":"closed","template":"","meta":{"footnotes":""},"class_list":["post-15790","page","type-page","status-publish","has-post-thumbnail","hentry"],"_links":{"self":[{"href":"https:\/\/oraziopuglisi.art\/index.php\/wp-json\/wp\/v2\/pages\/15790","targetHints":{"allow":["GET"]}}],"collection":[{"href":"https:\/\/oraziopuglisi.art\/index.php\/wp-json\/wp\/v2\/pages"}],"about":[{"href":"https:\/\/oraziopuglisi.art\/index.php\/wp-json\/wp\/v2\/types\/page"}],"author":[{"embeddable":true,"href":"https:\/\/oraziopuglisi.art\/index.php\/wp-json\/wp\/v2\/users\/1"}],"replies":[{"embeddable":true,"href":"https:\/\/oraziopuglisi.art\/index.php\/wp-json\/wp\/v2\/comments?post=15790"}],"version-history":[{"count":5,"href":"https:\/\/oraziopuglisi.art\/index.php\/wp-json\/wp\/v2\/pages\/15790\/revisions"}],"predecessor-version":[{"id":15797,"href":"https:\/\/oraziopuglisi.art\/index.php\/wp-json\/wp\/v2\/pages\/15790\/revisions\/15797"}],"wp:featuredmedia":[{"embeddable":true,"href":"https:\/\/oraziopuglisi.art\/index.php\/wp-json\/wp\/v2\/media\/15794"}],"wp:attachment":[{"href":"https:\/\/oraziopuglisi.art\/index.php\/wp-json\/wp\/v2\/media?parent=15790"}],"curies":[{"name":"wp","href":"https:\/\/api.w.org\/{rel}","templated":true}]}}