{"id":15770,"date":"2025-03-29T14:19:56","date_gmt":"2025-03-29T13:19:56","guid":{"rendered":"https:\/\/oraziopuglisi.art\/?page_id=15770"},"modified":"2025-03-29T15:08:39","modified_gmt":"2025-03-29T14:08:39","slug":"limpressionisme","status":"publish","type":"page","link":"https:\/\/oraziopuglisi.art\/index.php\/limpressionisme\/","title":{"rendered":"L&rsquo;impressionisme"},"content":{"rendered":"<p><span style=\"font-size: 10px;\">Image mise en avant : <a title=\"\" href=\"https:\/\/fr.wikipedia.org\/wiki\/Claude_Monet\">Claude Monet<\/a><i>,\u00a0<a title=\"Impression, soleil levant\" href=\"https:\/\/fr.wikipedia.org\/wiki\/Impression,_soleil_levant\">Impression, soleil levant<\/a><\/i>, 1872, Paris, Mus\u00e9e Marmottan Monet.<\/span><\/p>\n<figure class=\"mw-default-size\"><figcaption><\/figcaption><\/figure>\n<p style=\"text-align: justify;\">L&rsquo;<b>impressionnisme<\/b>\u00a0est un\u00a0<a title=\"Mouvements en peinture\" href=\"https:\/\/fr.wikipedia.org\/wiki\/Mouvements_en_peinture\">mouvement pictural<\/a>\u00a0apparu en\u00a0<a title=\"France\" href=\"https:\/\/fr.wikipedia.org\/wiki\/France\">France<\/a>\u00a0dans les ann\u00e9es 1860 en opposition \u00e0 l&rsquo;<a title=\"Art acad\u00e9mique\" href=\"https:\/\/fr.wikipedia.org\/wiki\/Art_acad%C3%A9mique\">art acad\u00e9mique<\/a>\u00a0et visant \u00e0 repr\u00e9senter le caract\u00e8re \u00e9ph\u00e9m\u00e8re de la lumi\u00e8re et ses effets sur les couleurs et les formes. Le groupe des impressionnistes se forme autour d&rsquo;<a title=\"\u00c9douard Manet\" href=\"https:\/\/fr.wikipedia.org\/wiki\/%C3%89douard_Manet\">\u00c9douard Manet<\/a>, chef de file de l&rsquo;avant-garde artistique dans les ann\u00e9es 1860, qui ne participe cependant \u00e0 aucune exposition impressionniste. Apr\u00e8s plusieurs scandales et refus au\u00a0<a title=\"Salon de peinture et de sculpture\" href=\"https:\/\/fr.wikipedia.org\/wiki\/Salon_de_peinture_et_de_sculpture\">Salon<\/a>, la grande exposition annuelle d&rsquo;artistes agr\u00e9\u00e9s par l&rsquo;<a title=\"Acad\u00e9mie des beaux-arts (France)\" href=\"https:\/\/fr.wikipedia.org\/wiki\/Acad%C3%A9mie_des_beaux-arts_(France)\">Acad\u00e9mie des Beaux-Arts<\/a>, de jeunes artistes d\u00e9cident<\/p>\n<p style=\"text-align: justify;\">L&rsquo;<b>impressionnisme<\/b>\u00a0est un\u00a0<a title=\"Mouvements en peinture\" href=\"https:\/\/fr.wikipedia.org\/wiki\/Mouvements_en_peinture\">mouvement pictural<\/a>\u00a0apparu en\u00a0<a title=\"France\" href=\"https:\/\/fr.wikipedia.org\/wiki\/France\">France<\/a>\u00a0dans les ann\u00e9es 1860 en opposition \u00e0 l&rsquo;<a title=\"Art acad\u00e9mique\" href=\"https:\/\/fr.wikipedia.org\/wiki\/Art_acad%C3%A9mique\">art acad\u00e9mique<\/a>\u00a0et visant \u00e0 repr\u00e9senter le caract\u00e8re \u00e9ph\u00e9m\u00e8re de la lumi\u00e8re et ses effets sur les couleurs et les formes. Le groupe des impressionnistes se forme autour d&rsquo;<a title=\"\u00c9douard Manet\" href=\"https:\/\/fr.wikipedia.org\/wiki\/%C3%89douard_Manet\">\u00c9douard Manet<\/a>, chef de file de l&rsquo;avant-garde artistique dans les ann\u00e9es 1860, qui ne participe cependant \u00e0 aucune exposition impressionniste. Apr\u00e8s plusieurs scandales et refus au\u00a0<a title=\"Salon de peinture et de sculpture\" href=\"https:\/\/fr.wikipedia.org\/wiki\/Salon_de_peinture_et_de_sculpture\">Salon<\/a>, la grande exposition annuelle d&rsquo;artistes agr\u00e9\u00e9s par l&rsquo;<a title=\"Acad\u00e9mie des beaux-arts (France)\" href=\"https:\/\/fr.wikipedia.org\/wiki\/Acad%C3%A9mie_des_beaux-arts_(France)\">Acad\u00e9mie des Beaux-Arts<\/a>, de jeunes artistes d\u00e9cident de\u00a0<a title=\"Soci\u00e9t\u00e9 anonyme des artistes peintres, sculpteurs et graveurs\" href=\"https:\/\/fr.wikipedia.org\/wiki\/Soci%C3%A9t%C3%A9_anonyme_des_artistes_peintres,_sculpteurs_et_graveurs\">s&rsquo;associer<\/a>\u00a0pour organiser des expositions ind\u00e9pendantes. Cette id\u00e9e se concr\u00e9tise en 1874, dans\u00a0<a title=\"Premi\u00e8re exposition des peintres impressionnistes\" href=\"https:\/\/fr.wikipedia.org\/wiki\/Premi%C3%A8re_exposition_des_peintres_impressionnistes\">une exposition<\/a>\u00a0qui r\u00e9unit trente artistes dont\u00a0<a title=\"Paul C\u00e9zanne\" href=\"https:\/\/fr.wikipedia.org\/wiki\/Paul_C%C3%A9zanne\">Paul C\u00e9zanne<\/a>,\u00a0<a title=\"Edgar Degas\" href=\"https:\/\/fr.wikipedia.org\/wiki\/Edgar_Degas\">Edgar Degas<\/a>,\u00a0<a title=\"Claude Monet\" href=\"https:\/\/fr.wikipedia.org\/wiki\/Claude_Monet\">Claude Monet<\/a>,\u00a0<a title=\"Berthe Morisot\" href=\"https:\/\/fr.wikipedia.org\/wiki\/Berthe_Morisot\">Berthe Morisot<\/a>,\u00a0<a title=\"Camille Pissarro\" href=\"https:\/\/fr.wikipedia.org\/wiki\/Camille_Pissarro\">Camille Pissarro<\/a>,\u00a0<a title=\"Auguste Renoir\" href=\"https:\/\/fr.wikipedia.org\/wiki\/Auguste_Renoir\">Auguste Renoir<\/a>\u00a0et\u00a0<a title=\"Alfred Sisley\" href=\"https:\/\/fr.wikipedia.org\/wiki\/Alfred_Sisley\">Alfred Sisley<\/a>. Le journaliste satirique\u00a0<a title=\"Louis Leroy\" href=\"https:\/\/fr.wikipedia.org\/wiki\/Louis_Leroy\">Louis Leroy<\/a>\u00a0invente alors le terme \u00ab\u00a0impressionnisme\u00a0\u00bb \u00e0 partir du tableau\u00a0<i><a title=\"Impression, soleil levant\" href=\"https:\/\/fr.wikipedia.org\/wiki\/Impression,_soleil_levant\">Impression, soleil levant<\/a><\/i>\u00a0de Monet, devenu depuis le nom du mouvement. Les artistes subissent d&rsquo;abord des critiques violentes de la part de la presse et du public, mais ils sont soutenus par des collectionneurs qui permettent la tenue de leurs premi\u00e8res expositions, notamment\u00a0<a title=\"Gustave Caillebotte\" href=\"https:\/\/fr.wikipedia.org\/wiki\/Gustave_Caillebotte\">Gustave Caillebotte<\/a>.<\/p>\n<p style=\"text-align: justify;\">L&rsquo;impressionnisme commence \u00e0 \u00eatre accept\u00e9 en 1880, gr\u00e2ce au soutien du nouveau gouvernement de\u00a0<a title=\"L\u00e9on Gambetta\" href=\"https:\/\/fr.wikipedia.org\/wiki\/L%C3%A9on_Gambetta\">L\u00e9on Gambetta<\/a>\u00a0et de critiques comme\u00a0<a title=\"\u00c9mile Zola\" href=\"https:\/\/fr.wikipedia.org\/wiki\/%C3%89mile_Zola\">\u00c9mile Zola<\/a>. Les \u0153uvres font petit \u00e0 petit leur entr\u00e9e dans les mus\u00e9es, au\u00a0<a title=\"Salon des artistes fran\u00e7ais\" href=\"https:\/\/fr.wikipedia.org\/wiki\/Salon_des_artistes_fran%C3%A7ais\">Salon des artistes fran\u00e7ais<\/a>, qui succ\u00e8de au Salon de l&rsquo;Acad\u00e9mie des Beaux-Arts, et sur le march\u00e9 de l&rsquo;art. Le marchand\u00a0<a title=\"Paul Durand-Ruel\" href=\"https:\/\/fr.wikipedia.org\/wiki\/Paul_Durand-Ruel\">Paul Durand-Ruel<\/a>\u00a0joue un r\u00f4le crucial dans le soutien et la diffusion de l&rsquo;impressionnisme, qui s&rsquo;exporte aux \u00c9tats-Unis \u00e0 partir de 1886, gr\u00e2ce \u00e0 la peintre\u00a0<a title=\"Mary Cassatt\" href=\"https:\/\/fr.wikipedia.org\/wiki\/Mary_Cassatt\">Mary Cassatt<\/a>. Le mouvement y obtient un grand succ\u00e8s, qui participe \u00e0 la cons\u00e9cration de Monet et au d\u00e9veloppement d&rsquo;\u00e9coles impressionnistes hors de France au cours des ann\u00e9es 1890. Cette d\u00e9cennie voit la mort de Morisot, Caillebotte et Sisley et la dispersion du groupe, tandis que se d\u00e9veloppent de nouvelles avant-gardes auxquelles adh\u00e8rent certains impressionnistes, comme C\u00e9zanne et Pissarro.<\/p>\n<p style=\"text-align: justify;\">Les artistes impressionnistes cr\u00e9ent une nouvelle esth\u00e9tique oppos\u00e9e \u00e0 l&rsquo;art acad\u00e9mique. Leur style appara\u00eet pour la premi\u00e8re fois dans les toiles peintes par Monet et Renoir \u00e0 l&rsquo;<a title=\"\u00cele de la Chauss\u00e9e\" href=\"https:\/\/fr.wikipedia.org\/wiki\/%C3%8Ele_de_la_Chauss%C3%A9e\">\u00eele de la Grenouill\u00e8re<\/a>, en 1869. Ils font primer la couleur sur le dessin, utilisent des compositions inhabituelles et une touche rapide, et composent g\u00e9n\u00e9ralement en\u00a0<a title=\"Pleinairisme\" href=\"https:\/\/fr.wikipedia.org\/wiki\/Pleinairisme\">plein air<\/a>\u00a0sur le motif. Tourn\u00e9s vers des sujets modernes, ils repr\u00e9sentent principalement des paysages, des sc\u00e8nes de la vie intime et les loisirs de leur \u00e9poque.<\/p>\n<blockquote class=\"wp-embedded-content\" data-secret=\"TYywjS74X3\"><p><a href=\"https:\/\/oraziopuglisi.art\/index.php\/histoire-de-limpressionnisme\/\">Histoire de l&rsquo;Impressionnisme<\/a><\/p><\/blockquote>\n<p><iframe loading=\"lazy\" class=\"wp-embedded-content\" sandbox=\"allow-scripts\" security=\"restricted\" style=\"position: absolute; visibility: hidden;\" title=\"\u00ab\u00a0Histoire de l&rsquo;Impressionnisme\u00a0\u00bb &#8212; Orazio Puglisi\" src=\"https:\/\/oraziopuglisi.art\/index.php\/histoire-de-limpressionnisme\/embed\/#?secret=vRiRhVWRSx#?secret=TYywjS74X3\" data-secret=\"TYywjS74X3\" width=\"600\" height=\"338\" frameborder=\"0\" marginwidth=\"0\" marginheight=\"0\" scrolling=\"no\"><\/iframe><\/p>\n<blockquote class=\"wp-embedded-content\" data-secret=\"QnFBztsUe5\"><p><a href=\"https:\/\/oraziopuglisi.art\/index.php\/eugene-boudin\/\">Eug\u00e8ne Boudin<\/a><\/p><\/blockquote>\n<p><iframe loading=\"lazy\" class=\"wp-embedded-content\" sandbox=\"allow-scripts\" security=\"restricted\" style=\"position: absolute; visibility: hidden;\" title=\"\u00ab\u00a0Eug\u00e8ne Boudin\u00a0\u00bb &#8212; Orazio Puglisi\" src=\"https:\/\/oraziopuglisi.art\/index.php\/eugene-boudin\/embed\/#?secret=YbiTTzDGWW#?secret=QnFBztsUe5\" data-secret=\"QnFBztsUe5\" width=\"600\" height=\"338\" frameborder=\"0\" marginwidth=\"0\" marginheight=\"0\" scrolling=\"no\"><\/iframe><\/p>\n<blockquote class=\"wp-embedded-content\" data-secret=\"uLTsiS5E9Q\"><p><a href=\"https:\/\/oraziopuglisi.art\/index.php\/claude-monet\/\">Claude Monet<\/a><\/p><\/blockquote>\n<p><iframe loading=\"lazy\" class=\"wp-embedded-content\" sandbox=\"allow-scripts\" security=\"restricted\" style=\"position: absolute; visibility: hidden;\" title=\"\u00ab\u00a0Claude Monet\u00a0\u00bb &#8212; Orazio Puglisi\" src=\"https:\/\/oraziopuglisi.art\/index.php\/claude-monet\/embed\/#?secret=YzwBmWTpWH#?secret=uLTsiS5E9Q\" data-secret=\"uLTsiS5E9Q\" width=\"600\" height=\"338\" frameborder=\"0\" marginwidth=\"0\" marginheight=\"0\" scrolling=\"no\"><\/iframe><\/p>\n<blockquote class=\"wp-embedded-content\" data-secret=\"QK0OqVSLwt\"><p><a href=\"https:\/\/oraziopuglisi.art\/index.php\/degas\/\">Degas<\/a><\/p><\/blockquote>\n<p><iframe loading=\"lazy\" class=\"wp-embedded-content\" sandbox=\"allow-scripts\" security=\"restricted\" style=\"position: absolute; visibility: hidden;\" title=\"\u00ab\u00a0Degas\u00a0\u00bb &#8212; Orazio Puglisi\" src=\"https:\/\/oraziopuglisi.art\/index.php\/degas\/embed\/#?secret=y5XRRTNUMj#?secret=QK0OqVSLwt\" data-secret=\"QK0OqVSLwt\" width=\"600\" height=\"338\" frameborder=\"0\" marginwidth=\"0\" marginheight=\"0\" scrolling=\"no\"><\/iframe><\/p>\n<blockquote class=\"wp-embedded-content\" data-secret=\"UQgBqTxoxQ\"><p><a href=\"https:\/\/oraziopuglisi.art\/index.php\/manet\/\">Manet<\/a><\/p><\/blockquote>\n<p><iframe loading=\"lazy\" class=\"wp-embedded-content\" sandbox=\"allow-scripts\" security=\"restricted\" style=\"position: absolute; visibility: hidden;\" title=\"\u00ab\u00a0Manet\u00a0\u00bb &#8212; Orazio Puglisi\" src=\"https:\/\/oraziopuglisi.art\/index.php\/manet\/embed\/#?secret=zgkihtsqX4#?secret=UQgBqTxoxQ\" data-secret=\"UQgBqTxoxQ\" width=\"600\" height=\"338\" frameborder=\"0\" marginwidth=\"0\" marginheight=\"0\" scrolling=\"no\"><\/iframe><\/p>\n<blockquote class=\"wp-embedded-content\" data-secret=\"USdSaiZ5bJ\"><p><a href=\"https:\/\/oraziopuglisi.art\/index.php\/le-groupe-des-batignolles\/\">Le Groupe des Batignolles<\/a><\/p><\/blockquote>\n<p><iframe loading=\"lazy\" class=\"wp-embedded-content\" sandbox=\"allow-scripts\" security=\"restricted\" style=\"position: absolute; visibility: hidden;\" title=\"\u00ab\u00a0Le Groupe des Batignolles\u00a0\u00bb &#8212; Orazio Puglisi\" src=\"https:\/\/oraziopuglisi.art\/index.php\/le-groupe-des-batignolles\/embed\/#?secret=xVhgbqgejO#?secret=USdSaiZ5bJ\" data-secret=\"USdSaiZ5bJ\" width=\"600\" height=\"338\" frameborder=\"0\" marginwidth=\"0\" marginheight=\"0\" scrolling=\"no\"><\/iframe><\/p>\n","protected":false},"excerpt":{"rendered":"<p>Image mise en avant : Claude Monet,\u00a0Impression, soleil levant, 1872, Paris, Mus\u00e9e Marmottan Monet. L&rsquo;impressionnisme\u00a0est un\u00a0mouvement pictural\u00a0apparu en\u00a0France\u00a0dans les ann\u00e9es 1860 en opposition \u00e0 l&rsquo;art acad\u00e9mique\u00a0et visant \u00e0 repr\u00e9senter le caract\u00e8re \u00e9ph\u00e9m\u00e8re de la lumi\u00e8re et ses effets sur les couleurs et les formes. Le groupe des impressionnistes se forme autour d&rsquo;\u00c9douard Manet, chef de [&hellip;]<\/p>\n","protected":false},"author":1,"featured_media":15798,"parent":0,"menu_order":0,"comment_status":"closed","ping_status":"closed","template":"","meta":{"footnotes":""},"class_list":["post-15770","page","type-page","status-publish","has-post-thumbnail","hentry"],"_links":{"self":[{"href":"https:\/\/oraziopuglisi.art\/index.php\/wp-json\/wp\/v2\/pages\/15770","targetHints":{"allow":["GET"]}}],"collection":[{"href":"https:\/\/oraziopuglisi.art\/index.php\/wp-json\/wp\/v2\/pages"}],"about":[{"href":"https:\/\/oraziopuglisi.art\/index.php\/wp-json\/wp\/v2\/types\/page"}],"author":[{"embeddable":true,"href":"https:\/\/oraziopuglisi.art\/index.php\/wp-json\/wp\/v2\/users\/1"}],"replies":[{"embeddable":true,"href":"https:\/\/oraziopuglisi.art\/index.php\/wp-json\/wp\/v2\/comments?post=15770"}],"version-history":[{"count":11,"href":"https:\/\/oraziopuglisi.art\/index.php\/wp-json\/wp\/v2\/pages\/15770\/revisions"}],"predecessor-version":[{"id":15803,"href":"https:\/\/oraziopuglisi.art\/index.php\/wp-json\/wp\/v2\/pages\/15770\/revisions\/15803"}],"wp:featuredmedia":[{"embeddable":true,"href":"https:\/\/oraziopuglisi.art\/index.php\/wp-json\/wp\/v2\/media\/15798"}],"wp:attachment":[{"href":"https:\/\/oraziopuglisi.art\/index.php\/wp-json\/wp\/v2\/media?parent=15770"}],"curies":[{"name":"wp","href":"https:\/\/api.w.org\/{rel}","templated":true}]}}