{"id":15700,"date":"2025-03-03T05:31:16","date_gmt":"2025-03-03T04:31:16","guid":{"rendered":"https:\/\/oraziopuglisi.art\/?page_id=15700"},"modified":"2025-03-04T01:08:09","modified_gmt":"2025-03-04T00:08:09","slug":"la-peinture-chinoise","status":"publish","type":"page","link":"https:\/\/oraziopuglisi.art\/index.php\/la-peinture-chinoise\/","title":{"rendered":"La Peinture Chinoise"},"content":{"rendered":"<p style=\"text-align: justify;\"><span style=\"font-size: 10px;\"><strong>Image mise en avant :<\/strong> Peinture en polychromie sur toile, repr\u00e9sentant une d\u00e9esse \u00e0 l&rsquo;\u00e9ventail, pr\u00e8s d&rsquo;une branche de pivoine. Sign\u00e9e Pan Yang Fu, dat\u00e9e 1974.<\/span><\/p>\n<blockquote class=\"wp-embedded-content\" data-secret=\"0aqplHCLk7\"><p><a href=\"https:\/\/oraziopuglisi.art\/index.php\/histoire-de-la-peinture-chinoise\/\">Histoire de la Peinture Chinoise<\/a><\/p><\/blockquote>\n<p><iframe loading=\"lazy\" class=\"wp-embedded-content\" sandbox=\"allow-scripts\" security=\"restricted\" style=\"position: absolute; visibility: hidden;\" title=\"\u00ab\u00a0Histoire de la Peinture Chinoise\u00a0\u00bb &#8212; Orazio Puglisi\" src=\"https:\/\/oraziopuglisi.art\/index.php\/histoire-de-la-peinture-chinoise\/embed\/#?secret=HDAKdJclbh#?secret=0aqplHCLk7\" data-secret=\"0aqplHCLk7\" width=\"600\" height=\"338\" frameborder=\"0\" marginwidth=\"0\" marginheight=\"0\" scrolling=\"no\"><\/iframe><\/p>\n<blockquote class=\"wp-embedded-content\" data-secret=\"zhwUHtPcM3\"><p><a href=\"https:\/\/oraziopuglisi.art\/index.php\/la-peinture-chinoise-avant-lempire-3\/\">La Peinture Chinoise avant l&rsquo;Empire<\/a><\/p><\/blockquote>\n<p><iframe loading=\"lazy\" class=\"wp-embedded-content\" sandbox=\"allow-scripts\" security=\"restricted\" style=\"position: absolute; visibility: hidden;\" title=\"\u00ab\u00a0La Peinture Chinoise avant l&rsquo;Empire\u00a0\u00bb &#8212; Orazio Puglisi\" src=\"https:\/\/oraziopuglisi.art\/index.php\/la-peinture-chinoise-avant-lempire-3\/embed\/#?secret=BaeUpz00nB#?secret=zhwUHtPcM3\" data-secret=\"zhwUHtPcM3\" width=\"600\" height=\"338\" frameborder=\"0\" marginwidth=\"0\" marginheight=\"0\" scrolling=\"no\"><\/iframe><\/p>\n<blockquote class=\"wp-embedded-content\" data-secret=\"z1OP2fz8aO\"><p><a href=\"https:\/\/oraziopuglisi.art\/index.php\/la-peinture-chinoise-sous-lempire\/\">La peinture chinoise sous l\u2019empire<\/a><\/p><\/blockquote>\n<p><iframe loading=\"lazy\" class=\"wp-embedded-content\" sandbox=\"allow-scripts\" security=\"restricted\" style=\"position: absolute; visibility: hidden;\" title=\"\u00ab\u00a0La peinture chinoise sous l\u2019empire\u00a0\u00bb &#8212; Orazio Puglisi\" src=\"https:\/\/oraziopuglisi.art\/index.php\/la-peinture-chinoise-sous-lempire\/embed\/#?secret=uzLJAlieQV#?secret=z1OP2fz8aO\" data-secret=\"z1OP2fz8aO\" width=\"600\" height=\"338\" frameborder=\"0\" marginwidth=\"0\" marginheight=\"0\" scrolling=\"no\"><\/iframe><\/p>\n<blockquote class=\"wp-embedded-content\" data-secret=\"D3JBotq5uW\"><p><a href=\"https:\/\/oraziopuglisi.art\/index.php\/la-peinture-chinoise-apres-lempire\/\">La peinture chinoise apr\u00e8s l\u2019empire<\/a><\/p><\/blockquote>\n<p><iframe loading=\"lazy\" class=\"wp-embedded-content\" sandbox=\"allow-scripts\" security=\"restricted\" style=\"position: absolute; visibility: hidden;\" title=\"\u00ab\u00a0La peinture chinoise apr\u00e8s l\u2019empire\u00a0\u00bb &#8212; Orazio Puglisi\" src=\"https:\/\/oraziopuglisi.art\/index.php\/la-peinture-chinoise-apres-lempire\/embed\/#?secret=GIii2iArYG#?secret=D3JBotq5uW\" data-secret=\"D3JBotq5uW\" width=\"600\" height=\"338\" frameborder=\"0\" marginwidth=\"0\" marginheight=\"0\" scrolling=\"no\"><\/iframe><\/p>\n<blockquote class=\"wp-embedded-content\" data-secret=\"oT1BjZtRpk\"><p><a href=\"https:\/\/oraziopuglisi.art\/index.php\/la-peinture-de-lettres\/\">La peinture de lettres<\/a><\/p><\/blockquote>\n<p><iframe loading=\"lazy\" class=\"wp-embedded-content\" sandbox=\"allow-scripts\" security=\"restricted\" style=\"position: absolute; visibility: hidden;\" title=\"\u00ab\u00a0La peinture de lettres\u00a0\u00bb &#8212; Orazio Puglisi\" src=\"https:\/\/oraziopuglisi.art\/index.php\/la-peinture-de-lettres\/embed\/#?secret=rKkTJkIEPN#?secret=oT1BjZtRpk\" data-secret=\"oT1BjZtRpk\" width=\"600\" height=\"338\" frameborder=\"0\" marginwidth=\"0\" marginheight=\"0\" scrolling=\"no\"><\/iframe><\/p>\n<blockquote class=\"wp-embedded-content\" data-secret=\"4iRmRo8Q5N\"><p><a href=\"https:\/\/oraziopuglisi.art\/index.php\/les-moines-peintres-3\/\">Les Moines Peintres<\/a><\/p><\/blockquote>\n<p><iframe loading=\"lazy\" class=\"wp-embedded-content\" sandbox=\"allow-scripts\" security=\"restricted\" style=\"position: absolute; visibility: hidden;\" title=\"\u00ab\u00a0Les Moines Peintres\u00a0\u00bb &#8212; Orazio Puglisi\" src=\"https:\/\/oraziopuglisi.art\/index.php\/les-moines-peintres-3\/embed\/#?secret=wVe3cRRjOj#?secret=4iRmRo8Q5N\" data-secret=\"4iRmRo8Q5N\" width=\"600\" height=\"338\" frameborder=\"0\" marginwidth=\"0\" marginheight=\"0\" scrolling=\"no\"><\/iframe><\/p>\n<blockquote class=\"wp-embedded-content\" data-secret=\"9Xk19cS5DX\"><p><a href=\"https:\/\/oraziopuglisi.art\/index.php\/la-peinture-chinoise-aujourdhui\/\">La peinture chinoise aujourd\u2019hui<\/a><\/p><\/blockquote>\n<p><iframe loading=\"lazy\" class=\"wp-embedded-content\" sandbox=\"allow-scripts\" security=\"restricted\" style=\"position: absolute; visibility: hidden;\" title=\"\u00ab\u00a0La peinture chinoise aujourd\u2019hui\u00a0\u00bb &#8212; Orazio Puglisi\" src=\"https:\/\/oraziopuglisi.art\/index.php\/la-peinture-chinoise-aujourdhui\/embed\/#?secret=Qaj7ps0nIX#?secret=9Xk19cS5DX\" data-secret=\"9Xk19cS5DX\" width=\"600\" height=\"338\" frameborder=\"0\" marginwidth=\"0\" marginheight=\"0\" scrolling=\"no\"><\/iframe><\/p>\n","protected":false},"excerpt":{"rendered":"<p>Image mise en avant : Peinture en polychromie sur toile, repr\u00e9sentant une d\u00e9esse \u00e0 l&rsquo;\u00e9ventail, pr\u00e8s d&rsquo;une branche de pivoine. Sign\u00e9e Pan Yang Fu, dat\u00e9e 1974. Histoire de la Peinture Chinoise La Peinture Chinoise avant l&rsquo;Empire La peinture chinoise sous l\u2019empire La peinture chinoise apr\u00e8s l\u2019empire La peinture de lettres Les Moines Peintres La peinture [&hellip;]<\/p>\n","protected":false},"author":1,"featured_media":15739,"parent":0,"menu_order":0,"comment_status":"closed","ping_status":"closed","template":"","meta":{"footnotes":""},"class_list":["post-15700","page","type-page","status-publish","has-post-thumbnail","hentry"],"_links":{"self":[{"href":"https:\/\/oraziopuglisi.art\/index.php\/wp-json\/wp\/v2\/pages\/15700","targetHints":{"allow":["GET"]}}],"collection":[{"href":"https:\/\/oraziopuglisi.art\/index.php\/wp-json\/wp\/v2\/pages"}],"about":[{"href":"https:\/\/oraziopuglisi.art\/index.php\/wp-json\/wp\/v2\/types\/page"}],"author":[{"embeddable":true,"href":"https:\/\/oraziopuglisi.art\/index.php\/wp-json\/wp\/v2\/users\/1"}],"replies":[{"embeddable":true,"href":"https:\/\/oraziopuglisi.art\/index.php\/wp-json\/wp\/v2\/comments?post=15700"}],"version-history":[{"count":9,"href":"https:\/\/oraziopuglisi.art\/index.php\/wp-json\/wp\/v2\/pages\/15700\/revisions"}],"predecessor-version":[{"id":15740,"href":"https:\/\/oraziopuglisi.art\/index.php\/wp-json\/wp\/v2\/pages\/15700\/revisions\/15740"}],"wp:featuredmedia":[{"embeddable":true,"href":"https:\/\/oraziopuglisi.art\/index.php\/wp-json\/wp\/v2\/media\/15739"}],"wp:attachment":[{"href":"https:\/\/oraziopuglisi.art\/index.php\/wp-json\/wp\/v2\/media?parent=15700"}],"curies":[{"name":"wp","href":"https:\/\/api.w.org\/{rel}","templated":true}]}}