{"id":15695,"date":"2025-03-03T05:20:09","date_gmt":"2025-03-03T04:20:09","guid":{"rendered":"https:\/\/oraziopuglisi.art\/?page_id=15695"},"modified":"2025-03-03T05:22:15","modified_gmt":"2025-03-03T04:22:15","slug":"kakizaki-hakyo","status":"publish","type":"page","link":"https:\/\/oraziopuglisi.art\/index.php\/kakizaki-hakyo\/","title":{"rendered":"Kakizaki Haky\u014d"},"content":{"rendered":"<p style=\"text-align: justify;\"><b><span>Kakizaki Haky\u014d\u00a0<\/span><\/b><span>(<\/span><span title=\"Texte en japonais\"><span lang=\"ja\"><span>\u8823\u5d0e \u6ce2\u97ff<\/span><\/span><\/span><span>, 25 juin 1764 \u2013 26 juillet 1826)<\/span><span>\u00a0\u00e9tait un artiste\u00a0<\/span><a title=\"Samoura\u00ef\" href=\"https:\/\/en.wikipedia.org\/wiki\/Samurai\"><span>samoura\u00ef<\/span><\/a><span>\u00a0japonais du\u00a0<\/span><a title=\"Clan Matsumae\" href=\"https:\/\/en.wikipedia.org\/wiki\/Matsumae_clan\"><span>clan Matsumae<\/span><\/a><span>\u00a0. Son premier succ\u00e8s fut un groupe de 12 portraits appel\u00e9s\u00a0<\/span><i><span>Ishu Retsuzo<\/span><\/i><span>\u00a0. Les portraits \u00e9taient ceux de 12 chefs\u00a0<\/span><a title=\"Peuple A\u00efnou\" href=\"https:\/\/en.wikipedia.org\/wiki\/Ainu_people\"><span>a\u00efnous<\/span><\/a><span>\u00a0de la r\u00e9gion nord d&rsquo;Ezo, aujourd&rsquo;hui\u00a0<\/span><a title=\"Hokkaido\" href=\"https:\/\/en.wikipedia.org\/wiki\/Hokkaido\"><span>Hokkaido<\/span><\/a><span>\u00a0.\u00a0<\/span><sup id=\"cite_ref-1\" class=\"reference\"><a href=\"https:\/\/en.wikipedia.org\/wiki\/Kakizaki_Hakyo#cite_note-1\"><span class=\"cite-bracket\"><span>[<\/span><\/span><span>\u00a01\u00a0<\/span><span class=\"cite-bracket\"><span>]<\/span><\/span><\/a><\/sup><\/p>\n<div class=\"mw-heading mw-heading2\">\n<h2 id=\"Biography\"><span>Biographie<\/span><\/h2>\n<\/div>\n<p style=\"text-align: justify;\"><span>Kakizaki Haky\u014d na\u00eet au\u00a0<\/span><a title=\"Ch\u00e2teau de Matsumae\" href=\"https:\/\/en.wikipedia.org\/wiki\/Matsumae_Castle\"><span>ch\u00e2teau de Matsumae<\/span><\/a><span>\u00a0en 1764, cinqui\u00e8me fils du\u00a0<i><a class=\"mw-redirect\" title=\"Daimy\u014d\" href=\"https:\/\/en.wikipedia.org\/wiki\/Daimy%C5%8D\">daimy\u014d<\/a><\/i><\/span><a title=\"Domaine de Matsumae\" href=\"https:\/\/en.wikipedia.org\/wiki\/Matsumae_Domain\"><span>\u00a0du domaine de Matsumae\u00a0<\/span><\/a><span><a class=\"new\" title=\"Matsumae Sugehiro (la page n'existe pas)\" href=\"https:\/\/en.wikipedia.org\/w\/index.php?title=Matsumae_Sugehiro&amp;action=edit&amp;redlink=1\">Matsumae Sugehiro\u00a0<\/a>(<span title=\"Texte en japonais\"><span lang=\"ja\"><a class=\"extiw\" title=\"oui: plus de contenu\" href=\"https:\/\/ja.wikipedia.org\/wiki\/%E6%9D%BE%E5%89%8D%E8%B3%87%E5%BA%83\">\u677e\u524d\u8cc7\u5e83<\/a><\/span><\/span>)\u00a0. L&rsquo;ann\u00e9e suivante, il est adopt\u00e9 comme successeur par\u00a0<i><a title=\"Kar\u00f4\" href=\"https:\/\/en.wikipedia.org\/wiki\/Kar%C5%8D\">le kar\u014d<\/a><\/i>\u00a0(chef des domestiques ou ancien de la maison) Kakizaki Hiromasa\u00a0(<span title=\"Texte en japonais\"><span lang=\"ja\">\u8823\u5d0e\u5c06\u76e3\u5e83\u5f53<\/span><\/span>)\u00a0. Tr\u00e8s jeune, il se rend \u00e0\u00a0<a title=\"Edo\" href=\"https:\/\/en.wikipedia.org\/wiki\/Edo\">Edo<\/a>\u00a0, o\u00f9 il \u00e9tudie sous la direction de\u00a0<a class=\"new\" title=\"Takebe Ayatari (la page n'existe pas)\" href=\"https:\/\/en.wikipedia.org\/w\/index.php?title=Takebe_Ayatari&amp;action=edit&amp;redlink=1\">Takebe Ayatari<\/a>\u00a0(Ry\u014dtai)\u00a0(<span title=\"Texte en japonais\"><span lang=\"ja\"><a class=\"extiw\" title=\"oui:Je ne sais pas\" href=\"https:\/\/ja.wikipedia.org\/wiki\/%E5%BB%BA%E9%83%A8%E5%87%8C%E5%B2%B1\">\u5efa\u90e8\u51cc\u5cb1<\/a><\/span><\/span>)\u00a0et\u00a0<a title=\"S\u014d Shiseki\" href=\"https:\/\/en.wikipedia.org\/wiki\/S%C5%8D_Shiseki\">S\u014d Shiseki<\/a>\u00a0, apprenant le style de l&rsquo;\u00a0<a title=\"\u00c9cole Nanpin\" href=\"https:\/\/en.wikipedia.org\/wiki\/Nanpin_school\">\u00e9cole Nanpin<\/a>\u00a0. Au lendemain de la\u00a0<a title=\"R\u00e9bellion de Menashi-Kunashir\" href=\"https:\/\/en.wikipedia.org\/wiki\/Menashi%E2%80%93Kunashir_rebellion\">r\u00e9bellion de Menashi-Kunashir<\/a>\u00a0, il peint les\u00a0<i><a class=\"new\" title=\"Ish\u016b Retsuz\u014d (la page n'existe pas)\" href=\"https:\/\/en.wikipedia.org\/w\/index.php?title=Ish%C5%AB_Retsuz%C5%8D&amp;action=edit&amp;redlink=1\">Ish\u016b Retsuz\u014d<\/a><\/i>\u00a0(<span title=\"Texte en japonais\"><span lang=\"ja\"><a class=\"extiw\" title=\"oui:pas de probl\u00e8me\" href=\"https:\/\/ja.wikipedia.org\/wiki\/%E5%A4%B7%E9%85%8B%E5%88%97%E5%83%8F\">\u5937\u914b\u5217\u50cf<\/a><\/span><\/span>)\u00a0, portraits de douze chefs\u00a0<a title=\"Peuple A\u00efnou\" href=\"https:\/\/en.wikipedia.org\/wiki\/Ainu_people\">a\u00efnous<\/a>\u00a0qui s&rsquo;\u00e9taient rang\u00e9s du c\u00f4t\u00e9 du domaine de Matsumae. Cette s\u00e9rie fut offerte \u00e0\u00a0<a title=\"Empereur K\u014dkaku\" href=\"https:\/\/en.wikipedia.org\/wiki\/Emperor_K%C5%8Dkaku\">l&#8217;empereur K\u014dkaku<\/a>\u00a0. En 1791, il se rendit \u00e0 Ky\u014dto, o\u00f9 il \u00e9tudia aupr\u00e8s de\u00a0<a title=\"Maruyama \u014ckyo\" href=\"https:\/\/en.wikipedia.org\/wiki\/Maruyama_%C5%8Ckyo\">Maruyama \u014ckyo<\/a>\u00a0. Son style fut influenc\u00e9 par ses \u00e9changes avec les peintres et les lettr\u00e9s de l&rsquo;\u00a0<a title=\"\u00c9cole Shijo\" href=\"https:\/\/en.wikipedia.org\/wiki\/Shij%C5%8D_school\">\u00e9cole Maruyama-Shij\u014d<\/a>\u00a0et il se lia d&rsquo;amiti\u00e9 avec\u00a0<a class=\"new\" title=\"Minagawa Kien (la page n'existe pas)\" href=\"https:\/\/en.wikipedia.org\/w\/index.php?title=Minagawa_Kien&amp;action=edit&amp;redlink=1\">Minagawa Kien\u00a0<\/a>(<span title=\"Texte en japonais\"><span lang=\"ja\"><a class=\"extiw\" title=\"oui: il y a des erreurs\" href=\"https:\/\/ja.wikipedia.org\/wiki\/%E7%9A%86%E5%B7%9D%E6%B7%87%E5%9C%92\">\u7686\u5ddd\u6dc7\u5712<\/a><\/span><\/span>)\u00a0,\u00a0<a class=\"new\" title=\"Murase K\u014dtei (la page n'existe pas)\" href=\"https:\/\/en.wikipedia.org\/w\/index.php?title=Murase_K%C5%8Dtei&amp;action=edit&amp;redlink=1\">Murase K\u014dtei\u00a0<\/a>(<span title=\"Texte en japonais\"><span lang=\"ja\"><a class=\"extiw\" title=\"oui:je ne sais pas ce que c'est\" href=\"https:\/\/ja.wikipedia.org\/wiki\/%E6%9D%91%E7%80%AC%E6%A0%B2%E4%BA%AD\">\u6751\u702c\u6832\u4ead<\/a><\/span><\/span>)\u00a0et en particulier\u00a0<a class=\"new\" title=\"Rikunyo (la page n'existe pas)\" href=\"https:\/\/en.wikipedia.org\/w\/index.php?title=Rikunyo&amp;action=edit&amp;redlink=1\">Rikunyo\u00a0<\/a>(<span title=\"Texte en japonais\"><span lang=\"ja\"><a class=\"extiw\" title=\"oui:non\" href=\"https:\/\/ja.wikipedia.org\/wiki\/%E5%85%AD%E5%A6%82\">\u516d\u5982<\/a><\/span><\/span>)\u00a0, avec qui il organisa une f\u00eate d&rsquo;observation de la lune pour\u00a0<a class=\"new\" title=\"Kan Chazan (la page n'existe pas)\" href=\"https:\/\/en.wikipedia.org\/w\/index.php?title=Kan_Chazan&amp;action=edit&amp;redlink=1\">Kan Chazan\u00a0<\/a>(<span title=\"Texte en japonais\"><span lang=\"ja\"><a class=\"extiw\" title=\"oui: \u83c5\u8336\u5c71\" href=\"https:\/\/ja.wikipedia.org\/wiki\/%E8%8F%85%E8%8C%B6%E5%B1%B1\">\u83c5\u8336\u5c71<\/a><\/span><\/span>)\u00a0, \u00e0 laquelle participa \u00e9galement\u00a0<a class=\"new\" title=\"Ban K\u014dkei (la page n'existe pas)\" href=\"https:\/\/en.wikipedia.org\/w\/index.php?title=Ban_K%C5%8Dkei&amp;action=edit&amp;redlink=1\">Ban K\u014dkei\u00a0<\/a>(<span title=\"Texte en japonais\"><span lang=\"ja\"><a class=\"extiw\" title=\"oui:Oui\" href=\"https:\/\/ja.wikipedia.org\/wiki\/%E4%BC%B4%E8%92%BF%E8%B9%8A\">\u4f34\u84bf\u8e4a<\/a><\/span><\/span>)\u00a0. \u00c0 partir de 1807, lorsque le\u00a0<a title=\"Clan Matsumae\" href=\"https:\/\/en.wikipedia.org\/wiki\/Matsumae_clan\">clan Matsumae<\/a>\u00a0fut transf\u00e9r\u00e9 au\u00a0<a title=\"Domaine de Yanagawa (Mutsu)\" href=\"https:\/\/en.wikipedia.org\/wiki\/Yanagawa_Domain_(Mutsu)\">domaine de Yanagawa\u00a0<\/a>(<span title=\"Texte en japonais\"><span lang=\"ja\"><a class=\"extiw\" title=\"oui:Je ne sais pas\" href=\"https:\/\/ja.wikipedia.org\/wiki\/%E6%A2%81%E5%B7%9D%E8%97%A9\">\u6881\u5ddd\u85e9<\/a><\/span><\/span>)\u00a0, bas\u00e9 autour de\u00a0<a title=\"Yanagawa, Fukushima\" href=\"https:\/\/en.wikipedia.org\/wiki\/Yanagawa,_Fukushima\">Yanagawa<\/a>\u00a0dans\u00a0<a title=\"Province de Mutsu\" href=\"https:\/\/en.wikipedia.org\/wiki\/Mutsu_Province\">la province de Mutsu<\/a>\u00a0, Kakizaki Haky\u014d, en tant que\u00a0<i><a title=\"Kar\u00f4\" href=\"https:\/\/en.wikipedia.org\/wiki\/Kar%C5%8D\">kar\u014d<\/a><\/i>\u00a0, \u0153uvra \u00e0 leur r\u00e9tablissement. En 1826, apr\u00e8s \u00eatre tomb\u00e9 malade \u00e0 Edo, il mourut dans sa ville natale de\u00a0<a title=\"Matsumae, Hokkaido\" href=\"https:\/\/en.wikipedia.org\/wiki\/Matsumae,_Hokkaido\">Matsumae<\/a>\u00a0.\u00a0<sup id=\"cite_ref-2\" class=\"reference\"><a href=\"https:\/\/en.wikipedia.org\/wiki\/Kakizaki_Hakyo#cite_note-2\"><span class=\"cite-bracket\">[<\/span><\/a><\/sup><sup id=\"cite_ref-2\" class=\"reference\"><a href=\"https:\/\/en.wikipedia.org\/wiki\/Kakizaki_Hakyo#cite_note-2\">\u00a02\u00a0<\/a><\/sup><sup id=\"cite_ref-2\" class=\"reference\"><a href=\"https:\/\/en.wikipedia.org\/wiki\/Kakizaki_Hakyo#cite_note-2\"><span class=\"cite-bracket\">]\u00a0<\/span><\/a><\/sup><sup id=\"cite_ref-3\" class=\"reference\"><a href=\"https:\/\/en.wikipedia.org\/wiki\/Kakizaki_Hakyo#cite_note-3\"><span class=\"cite-bracket\">[<\/span><\/a><\/sup><sup id=\"cite_ref-3\" class=\"reference\"><a href=\"https:\/\/en.wikipedia.org\/wiki\/Kakizaki_Hakyo#cite_note-3\">\u00a03\u00a0<\/a><\/sup><sup id=\"cite_ref-3\" class=\"reference\"><a href=\"https:\/\/en.wikipedia.org\/wiki\/Kakizaki_Hakyo#cite_note-3\"><span class=\"cite-bracket\">]<\/span><\/a><\/sup><\/span><i><\/i><i><\/i><i><\/i><i><\/i><sup id=\"cite_ref-2\" class=\"reference\"><\/sup><sup id=\"cite_ref-3\" class=\"reference\"><\/sup><\/p>\n<div class=\"mw-heading mw-heading2\">\n<h2 id=\"See_also\"><span>Voir aussi<\/span><\/h2>\n<\/div>\n<div class=\"side-box side-box-right plainlinks sistersitebox\">\n<div class=\"side-box-flex\">\n<div class=\"side-box-image\">\u00a0<\/div>\n<div class=\"side-box-text plainlist\"><span>Wikimedia Commons propose des m\u00e9dias li\u00e9s \u00e0\u00a0<\/span><a class=\"extiw\" title=\"Commons:Cat\u00e9gorie:Kakizaki Hakyo\" href=\"https:\/\/commons.wikimedia.org\/wiki\/Category:Kakizaki_Hakyo\"><span>Kakizaki Hakyo<\/span><\/a><span>\u00a0.<\/span><\/div>\n<\/div>\n<\/div>\n<ul>\n<li><a class=\"mw-redirect\" title=\"Liste des biens culturels du Japon - peintures (Hokkaid\u014d)\" href=\"https:\/\/en.wikipedia.org\/wiki\/List_of_Cultural_Properties_of_Japan_-_paintings_(Hokkaid%C5%8D)\"><span>Liste des biens culturels du Japon &#8211; peintures (Hokkaid\u014d)<\/span><\/a><\/li>\n<li><a title=\"Peinture de genre Ainu\" href=\"https:\/\/en.wikipedia.org\/wiki\/Ainu_genre_painting\"><span>Peinture de genre Ainu<\/span><\/a><\/li>\n<\/ul>\n<div class=\"mw-heading mw-heading2\">\n<h2 id=\"References\"><span>R\u00e9f\u00e9rences<\/span><\/h2>\n<\/div>\n<div class=\"reflist\">\n<div class=\"mw-references-wrap\">\n<ol class=\"references\">\n<li id=\"cite_note-1\" style=\"text-align: justify;\"><span class=\"mw-cite-backlink\"><b><a title=\"Sauter\" href=\"https:\/\/en.wikipedia.org\/wiki\/Kakizaki_Hakyo#cite_ref-1\" aria-label=\"Sauter\"><span>^<\/span><\/a><\/b><\/span>\u00a0<span class=\"reference-text\"><span>Tomisato Nagata, Matsumae eshi Kakizaki Hakyo den (Doshin sensho) 1988, Hokkaido, Japon.<\/span><\/span><\/li>\n<li id=\"cite_note-2\" style=\"text-align: justify;\"><span class=\"mw-cite-backlink\"><b><a title=\"Sauter\" href=\"https:\/\/en.wikipedia.org\/wiki\/Kakizaki_Hakyo#cite_ref-2\" aria-label=\"Sauter\"><span>^\u00a0<\/span><\/a><\/b><\/span><span class=\"reference-text\"><cite class=\"citation web cs1 cs1-prop-script cs1-prop-foreign-lang-source\"><a class=\"external text\" href=\"https:\/\/bunka.nii.ac.jp\/heritages\/detail\/112634\" rel=\"nofollow\"><span>\u00ab\u00a0Patrimoine culturel Shakanehanzukakizakihakyohitsu en ligne\u00a0\u00bb<\/span><bdi lang=\"ja\"><span>\u91c8\u8fe6\u6d85\u69c3\u56f3\u8823\u5d0e\u6ce2\u97ff\u7b46<\/span><\/bdi><\/a><span>[Peinture Nirvana de Kakizaki Haky\u014d] (en japonais).\u00a0<\/span><a title=\"Agence des affaires culturelles\" href=\"https:\/\/en.wikipedia.org\/wiki\/Agency_for_Cultural_Affairs\"><span>Agence des affaires culturelles\u00a0<\/span><\/a><span class=\"reference-accessdate\"><span>. Consult\u00e9\u00a0<\/span><span class=\"nowrap\"><span>le 10 ao\u00fbt<\/span><\/span><span>\u00a02019<\/span><\/span><span>\u00a0.<\/span><\/cite><\/span><\/li>\n<li id=\"cite_note-3\" style=\"text-align: justify;\"><span class=\"mw-cite-backlink\"><b><a title=\"Sauter\" href=\"https:\/\/en.wikipedia.org\/wiki\/Kakizaki_Hakyo#cite_ref-3\" aria-label=\"Sauter\"><span>^<\/span><\/a><\/b><\/span>\u00a0<span><span class=\"reference-text\"><cite id=\"CITEREFBeerens,_Anna2006\" class=\"citation book cs1\">Beerens, Anna (2006).\u00a0<\/cite><\/span><span class=\"reference-text\"><cite id=\"CITEREFBeerens,_Anna2006\" class=\"citation book cs1\"><a class=\"external text\" href=\"https:\/\/books.google.com\/books?id=4_cjxYThNl0C&amp;pg=PA79\" rel=\"nofollow\"><i>Amis, connaissances, \u00e9l\u00e8ves et m\u00e9c\u00e8nes : la vie intellectuelle japonaise \u00e0 la fin du XVIIIe si\u00e8cle : une approche prosopographique<\/i><\/a><\/cite><\/span><span class=\"reference-text\"><cite id=\"CITEREFBeerens,_Anna2006\" class=\"citation book cs1\">\u00a0.\u00a0<\/cite><\/span><span class=\"reference-text\"><cite id=\"CITEREFBeerens,_Anna2006\" class=\"citation book cs1\"><a class=\"mw-redirect\" title=\"Presses universitaires de Leyde\" href=\"https:\/\/en.wikipedia.org\/wiki\/Leiden_University_Press\">Presses universitaires de Leyde<\/a><\/cite><\/span><span class=\"reference-text\"><cite id=\"CITEREFBeerens,_Anna2006\" class=\"citation book cs1\">\u00a0. p. 79 et suiv.\u00a0<\/cite><\/span><span class=\"reference-text\"><cite id=\"CITEREFBeerens,_Anna2006\" class=\"citation book cs1\"><a class=\"mw-redirect\" title=\"ISBN (identifiant)\" href=\"https:\/\/en.wikipedia.org\/wiki\/ISBN_(identifier)\">ISBN<\/a><\/cite><\/span><\/span><span class=\"reference-text\"><cite id=\"CITEREFBeerens,_Anna2006\" class=\"citation book cs1\"><i><\/i>\u00a0<a title=\"Sp\u00e9cial:BookSources\/978-9087280017\" href=\"https:\/\/en.wikipedia.org\/wiki\/Special:BookSources\/978-9087280017\"><bdi><span>978-9087280017<\/span><\/bdi><\/a><span>.<\/span><\/cite><\/span><\/li>\n<\/ol>\n<\/div>\n<\/div>\n","protected":false},"excerpt":{"rendered":"<p>Kakizaki Haky\u014d\u00a0(\u8823\u5d0e \u6ce2\u97ff, 25 juin 1764 \u2013 26 juillet 1826)\u00a0\u00e9tait un artiste\u00a0samoura\u00ef\u00a0japonais du\u00a0clan Matsumae\u00a0. Son premier succ\u00e8s fut un groupe de 12 portraits appel\u00e9s\u00a0Ishu Retsuzo\u00a0. Les portraits \u00e9taient ceux de 12 chefs\u00a0a\u00efnous\u00a0de la r\u00e9gion nord d&rsquo;Ezo, aujourd&rsquo;hui\u00a0Hokkaido\u00a0.\u00a0[\u00a01\u00a0] Biographie Kakizaki Haky\u014d na\u00eet au\u00a0ch\u00e2teau de Matsumae\u00a0en 1764, cinqui\u00e8me fils du\u00a0daimy\u014d\u00a0du domaine de Matsumae\u00a0Matsumae Sugehiro\u00a0(\u677e\u524d\u8cc7\u5e83)\u00a0. L&rsquo;ann\u00e9e suivante, il [&hellip;]<\/p>\n","protected":false},"author":1,"featured_media":0,"parent":0,"menu_order":0,"comment_status":"closed","ping_status":"closed","template":"","meta":{"footnotes":""},"class_list":["post-15695","page","type-page","status-publish","hentry"],"_links":{"self":[{"href":"https:\/\/oraziopuglisi.art\/index.php\/wp-json\/wp\/v2\/pages\/15695","targetHints":{"allow":["GET"]}}],"collection":[{"href":"https:\/\/oraziopuglisi.art\/index.php\/wp-json\/wp\/v2\/pages"}],"about":[{"href":"https:\/\/oraziopuglisi.art\/index.php\/wp-json\/wp\/v2\/types\/page"}],"author":[{"embeddable":true,"href":"https:\/\/oraziopuglisi.art\/index.php\/wp-json\/wp\/v2\/users\/1"}],"replies":[{"embeddable":true,"href":"https:\/\/oraziopuglisi.art\/index.php\/wp-json\/wp\/v2\/comments?post=15695"}],"version-history":[{"count":3,"href":"https:\/\/oraziopuglisi.art\/index.php\/wp-json\/wp\/v2\/pages\/15695\/revisions"}],"predecessor-version":[{"id":15698,"href":"https:\/\/oraziopuglisi.art\/index.php\/wp-json\/wp\/v2\/pages\/15695\/revisions\/15698"}],"wp:attachment":[{"href":"https:\/\/oraziopuglisi.art\/index.php\/wp-json\/wp\/v2\/media?parent=15695"}],"curies":[{"name":"wp","href":"https:\/\/api.w.org\/{rel}","templated":true}]}}