{"id":15680,"date":"2025-03-03T04:54:48","date_gmt":"2025-03-03T03:54:48","guid":{"rendered":"https:\/\/oraziopuglisi.art\/?page_id=15680"},"modified":"2025-03-03T05:19:50","modified_gmt":"2025-03-03T04:19:50","slug":"ary-arcadie-lochakow","status":"publish","type":"page","link":"https:\/\/oraziopuglisi.art\/index.php\/ary-arcadie-lochakow\/","title":{"rendered":"Ary Arcadie Lochakow"},"content":{"rendered":"<p><span style=\"font-size: 10px;\"><em><strong>Image mise en avant :<\/strong> Portrait de M. et Mme\u00a0<a title=\"David Knout\" href=\"https:\/\/fr.wikipedia.org\/wiki\/David_Knout\">Knout<\/a>\u00a0par Ary Lochakov (<a title=\"Mus\u00e9e d'Art et d'Histoire du juda\u00efsme\" href=\"https:\/\/fr.wikipedia.org\/wiki\/Mus%C3%A9e_d%27Art_et_d%27Histoire_du_juda%C3%AFsme\">mahJ<\/a>)<\/em><\/span><\/p>\n<p style=\"text-align: justify;\"><b>Ary Arcadie Lochakow<\/b>\u00a0(ou\u00a0<b>Lochakov<\/b>\u00a0ou\u00a0<b>Lo\u0219acov<\/b>) est un\u00a0<a title=\"Artiste\" href=\"https:\/\/fr.wikipedia.org\/wiki\/Artiste\">artiste<\/a>\u00a0<a title=\"Artiste peintre\" href=\"https:\/\/fr.wikipedia.org\/wiki\/Artiste_peintre\">peintre<\/a>\u00a0roumain de l&rsquo;<a title=\"\u00c9cole de Paris\" href=\"https:\/\/fr.wikipedia.org\/wiki\/%C3%89cole_de_Paris\">\u00c9cole de Paris<\/a>, n\u00e9 \u00e0\u00a0<a title=\"Orhei\" href=\"https:\/\/fr.wikipedia.org\/wiki\/Orhei\">Orhei<\/a>\u00a0en\u00a0<a title=\"Gouvernement de Bessarabie\" href=\"https:\/\/fr.wikipedia.org\/wiki\/Gouvernement_de_Bessarabie\">Bessarabie<\/a>\u00a0(<a title=\"Empire russe\" href=\"https:\/\/fr.wikipedia.org\/wiki\/Empire_russe\">Empire russe<\/a>, actuelle\u00a0<a title=\"Moldavie\" href=\"https:\/\/fr.wikipedia.org\/wiki\/Moldavie\">Moldavie<\/a>) le\u00a0<time class=\"nowrap\" datetime=\"1892-12-08\" data-sort-value=\"1892-12-08\">8 d\u00e9cembre 1892<\/time>\u00a0et mort \u00e0\u00a0<a title=\"Boulogne-Billancourt\" href=\"https:\/\/fr.wikipedia.org\/wiki\/Boulogne-Billancourt\">Boulogne-Billancourt<\/a>\u00a0le\u00a0<time class=\"nowrap dday\" datetime=\"1941-10-05\" data-sort-value=\"1941-10-05\">5 octobre 1941<\/time><sup id=\"cite_ref-1\" class=\"reference\"><a href=\"https:\/\/fr.wikipedia.org\/wiki\/Ary_Arcadie_Lochakow#cite_note-1\">1<\/a><\/sup><sup class=\"reference cite_virgule\">,<\/sup><sup id=\"cite_ref-2\" class=\"reference\"><a href=\"https:\/\/fr.wikipedia.org\/wiki\/Ary_Arcadie_Lochakow#cite_note-2\">2<\/a><\/sup><sup class=\"reference cite_virgule\">,<\/sup><sup id=\"cite_ref-3\" class=\"reference\"><a href=\"https:\/\/fr.wikipedia.org\/wiki\/Ary_Arcadie_Lochakow#cite_note-3\">3<\/a><\/sup><sup class=\"reference cite_virgule\">,<\/sup><sup id=\"cite_ref-:0_4-0\" class=\"reference\"><a href=\"https:\/\/fr.wikipedia.org\/wiki\/Ary_Arcadie_Lochakow#cite_note-:0-4\">4<\/a><\/sup>.<\/p>\n<p>&nbsp;<\/p>\n<p><img loading=\"lazy\" decoding=\"async\" class=\"alignnone size-full wp-image-15689\" src=\"http:\/\/oraziopuglisi.art\/wp-content\/uploads\/2025\/03\/Ary_Arcadie_Lochakow_-_Autoportrait_a_la_palette.jpg\" alt=\"\" width=\"390\" height=\"520\" srcset=\"https:\/\/oraziopuglisi.art\/wp-content\/uploads\/2025\/03\/Ary_Arcadie_Lochakow_-_Autoportrait_a_la_palette.jpg 390w, https:\/\/oraziopuglisi.art\/wp-content\/uploads\/2025\/03\/Ary_Arcadie_Lochakow_-_Autoportrait_a_la_palette-225x300.jpg 225w\" sizes=\"auto, (max-width: 390px) 100vw, 390px\" \/><\/p>\n<p><span style=\"font-size: 10px;\"><em>Autoportrait \u00e0 la Palette<\/em><\/span><\/p>\n<div class=\"mw-heading mw-heading2\" style=\"text-align: justify;\">\n<h2 id=\"Biographie\">Biographie<\/h2>\n<\/div>\n<p style=\"text-align: justify;\">N\u00e9 en\u00a0<a title=\"1892\" href=\"https:\/\/fr.wikipedia.org\/wiki\/1892\">1892<\/a>\u00a0dans une famille juive<sup id=\"cite_ref-5\" class=\"reference\"><a href=\"https:\/\/fr.wikipedia.org\/wiki\/Ary_Arcadie_Lochakow#cite_note-5\">5<\/a><\/sup>, il est fils du photographe Meer Lochakov et de son \u00e9pouse, Rulhea. Arcadie Lochakow passe par l&rsquo;\u00c9cole des Beaux-Arts d&rsquo;<a title=\"Odessa\" href=\"https:\/\/fr.wikipedia.org\/wiki\/Odessa\">Odessa<\/a>\u00a0avant de devenir officier dans l&rsquo;arm\u00e9e russe pendant la\u00a0<a title=\"Premi\u00e8re Guerre mondiale\" href=\"https:\/\/fr.wikipedia.org\/wiki\/Premi%C3%A8re_Guerre_mondiale\">Grande Guerre<\/a><sup id=\"cite_ref-6\" class=\"reference\"><a href=\"https:\/\/fr.wikipedia.org\/wiki\/Ary_Arcadie_Lochakow#cite_note-6\">6<\/a><\/sup>.<\/p>\n<p style=\"text-align: justify;\">Il d\u00e9cide de se rendre \u00e0\u00a0<a title=\"Paris\" href=\"https:\/\/fr.wikipedia.org\/wiki\/Paris\">Paris<\/a>\u00a0en\u00a0<a title=\"1920\" href=\"https:\/\/fr.wikipedia.org\/wiki\/1920\">1920<\/a>\u00a0avec\u00a0<a title=\"David Knout\" href=\"https:\/\/fr.wikipedia.org\/wiki\/David_Knout\">David Knout<\/a><sup id=\"cite_ref-7\" class=\"reference\"><a href=\"https:\/\/fr.wikipedia.org\/wiki\/Ary_Arcadie_Lochakow#cite_note-7\">7<\/a><\/sup>.<\/p>\n<p style=\"text-align: justify;\">En 1923, Arcadie Lochakow peint un portrait de son ami,\u00a0<a title=\"David Knout\" href=\"https:\/\/fr.wikipedia.org\/wiki\/David_Knout\">David Knout<\/a>\u00a0et de son \u00e9pouse. Il expose \u00e0 Paris dans diff\u00e9rents salons entre 1922 et 1938, notamment au\u00a0<a title=\"Salon des ind\u00e9pendants\" href=\"https:\/\/fr.wikipedia.org\/wiki\/Salon_des_ind%C3%A9pendants\">Salon des Ind\u00e9pendants<\/a>, au\u00a0<a title=\"Salon d'Automne\" href=\"https:\/\/fr.wikipedia.org\/wiki\/Salon_d%27Automne\">Salon d&rsquo;Automne<\/a>\u00a0et au\u00a0<a title=\"Salon des Tuileries\" href=\"https:\/\/fr.wikipedia.org\/wiki\/Salon_des_Tuileries\">Salon des Tuileries<\/a>.<\/p>\n<p style=\"text-align: justify;\">En 1926, il est rejoint par son fr\u00e8re, Michael Solomon Losakov (n\u00e9 en 1882) en 1926. Il retourne finalement en Bessarabie en 1940<sup id=\"cite_ref-8\" class=\"reference\"><a href=\"https:\/\/fr.wikipedia.org\/wiki\/Ary_Arcadie_Lochakow#cite_note-8\">8<\/a><\/sup>.<\/p>\n<p style=\"text-align: justify;\">En 1931 et 1936, Ary Lochakov vit \u00e0\u00a0<a title=\"Boulogne-Billancourt\" href=\"https:\/\/fr.wikipedia.org\/wiki\/Boulogne-Billancourt\">Boulogne-Billancourt<\/a>, au 38, rue du Vieux-Pont de S\u00e8vres<sup id=\"cite_ref-9\" class=\"reference\"><a href=\"https:\/\/fr.wikipedia.org\/wiki\/Ary_Arcadie_Lochakow#cite_note-9\">9<\/a><\/sup><sup class=\"reference cite_virgule\">,<\/sup><sup id=\"cite_ref-10\" class=\"reference\"><a href=\"https:\/\/fr.wikipedia.org\/wiki\/Ary_Arcadie_Lochakow#cite_note-10\">10<\/a><\/sup>. Vivant dans des conditions difficiles, il fait une demande de secours aupr\u00e8s du d\u00e9partement de la Seine comme artiste au ch\u00f4mage en 1937<sup id=\"cite_ref-11\" class=\"reference\"><a title=\"\" href=\"https:\/\/fr.wikipedia.org\/wiki\/Ary_Arcadie_Lochakow#cite_note-11\">11<\/a><\/sup>.<\/p>\n<p style=\"text-align: justify;\">Mari\u00e9 \u00e0 Dina Benderschi, il meurt durant\u00a0<a class=\"mw-redirect\" title=\"Occupation nazie\" href=\"https:\/\/fr.wikipedia.org\/wiki\/Occupation_nazie\">l&rsquo;Occupation nazie<\/a>, le 5 octobre\u00a0<a title=\"1941\" href=\"https:\/\/fr.wikipedia.org\/wiki\/1941\">1941<\/a>\u00a0\u00e0 l&rsquo;h\u00f4pital Ambroise-Par\u00e9 de Boulogne-Billancourt situ\u00e9 82, rue Saint-Cloud, non loin de son domicile<sup id=\"cite_ref-12\" class=\"reference\"><a href=\"https:\/\/fr.wikipedia.org\/wiki\/Ary_Arcadie_Lochakow#cite_note-12\">12<\/a><\/sup>.<\/p>\n<p style=\"text-align: justify;\">Il fait partie des 84 artistes juifs de France auxquels\u00a0<a title=\"Hersh Fenster\" href=\"https:\/\/fr.wikipedia.org\/wiki\/Hersh_Fenster\">Hersh Fenster<\/a>\u00a0a rendu hommage avec son ouvrage,\u00a0<i>Nos artistes martyrs<\/i>, publi\u00e9 en 1951<sup id=\"cite_ref-:1_13-0\" class=\"reference\"><a href=\"https:\/\/fr.wikipedia.org\/wiki\/Ary_Arcadie_Lochakow#cite_note-:1-13\">13<\/a><\/sup>.<\/p>\n<div class=\"mw-heading mw-heading2\" style=\"text-align: justify;\">\n<h2 id=\"Red\u00e9couverte_de_ses_\u0153uvres\"><span id=\"Red.C3.A9couverte_de_ses_.C5.93uvres\"><\/span>Red\u00e9couverte de ses \u0153uvres<\/h2>\n<\/div>\n<p style=\"text-align: justify;\">En 2022, sur le port de\u00a0<a title=\"San Francisco\" href=\"https:\/\/fr.wikipedia.org\/wiki\/San_Francisco\">San Francisco<\/a>, on retrouve par hasard des \u0153uvres sign\u00e9es \u00ab\u00a0Lochakov\u00a0\u00bb abandonn\u00e9es sur un banc<sup id=\"cite_ref-14\" class=\"reference\"><a href=\"https:\/\/fr.wikipedia.org\/wiki\/Ary_Arcadie_Lochakow#cite_note-14\">14<\/a><\/sup>. Le transfert des \u0153uvres de Lochakov depuis San Franscisco au\u00a0<a title=\"Mus\u00e9e d'Art et d'Histoire du juda\u00efsme\" href=\"https:\/\/fr.wikipedia.org\/wiki\/Mus%C3%A9e_d%27Art_et_d%27Histoire_du_juda%C3%AFsme\">Mus\u00e9e d&rsquo;Art et d&rsquo;Histoire du Juda\u00efsme<\/a>\u00a0a lieu en\u00a0<a title=\"2025\" href=\"https:\/\/fr.wikipedia.org\/wiki\/2025\">2025<\/a><sup id=\"cite_ref-:1_13-1\" class=\"reference\"><a href=\"https:\/\/fr.wikipedia.org\/wiki\/Ary_Arcadie_Lochakow#cite_note-:1-13\">13<\/a><\/sup>.<\/p>\n<div class=\"mw-heading mw-heading2\" style=\"text-align: justify;\">\n<h2 id=\"Notes_et_r\u00e9f\u00e9rences\"><span id=\"Notes_et_r.C3.A9f.C3.A9rences\"><\/span>Notes et r\u00e9f\u00e9rences<\/h2>\n<\/div>\n<div class=\"mw-references-wrap mw-references-columns\">\n<ol class=\"references\">\n<li id=\"cite_note-1\" style=\"text-align: justify;\"><span class=\"mw-cite-backlink\"><a title=\"Revenir plus haut\" href=\"https:\/\/fr.wikipedia.org\/wiki\/Ary_Arcadie_Lochakow#cite_ref-1\" aria-label=\"Revenir plus haut\">\u2191<\/a><\/span><span class=\"reference-text\"><a class=\"external text\" href=\"https:\/\/archives.hauts-de-seine.fr\/ark:\/74903\/vta34dea44048662a6b\/dao\/0\/1\/idsearch:RECH_056a7831006717830e0ec833925c601d?id=https%3A%2F%2Farchives.hauts-de-seine.fr%2Fark%3A%2F74903%2Fvta34dea44048662a6b%2Fcanvas%2F0%2F101&amp;vx=3070.79&amp;vy=-1733.3&amp;vr=0&amp;vz=2.07154\" rel=\"nofollow\">Acte de d\u00e9c\u00e8s (avec date et lieu de naissance) \u00e0 Boulogne-Billancourt, n\u00b0 991, vue 101\/131.<\/a><small class=\"cachelinks\">\u00a0[<a title=\"archive sur Wikiwix\" href=\"https:\/\/archive.wikiwix.com\/cache\/?url=https%3A%2F%2Farchives.hauts-de-seine.fr%2Fark%3A%2F74903%2Fvta34dea44048662a6b%2Fdao%2F0%2F1%2Fidsearch%3ARECH_056a7831006717830e0ec833925c601d%3Fid%3Dhttps%253A%252F%252Farchives.hauts-de-seine.fr%252Fark%253A%252F74903%252Fvta34dea44048662a6b%252Fcanvas%252F0%252F101%26vx%3D3070.79%26vy%3D-1733.3%26vr%3D0%26vz%3D2.07154\">archive<\/a>]<\/small><\/span><\/li>\n<li id=\"cite_note-2\" style=\"text-align: justify;\"><span class=\"mw-cite-backlink\"><a title=\"Revenir plus haut\" href=\"https:\/\/fr.wikipedia.org\/wiki\/Ary_Arcadie_Lochakow#cite_ref-2\" aria-label=\"Revenir plus haut\">\u2191<\/a><\/span><span class=\"reference-text\"><span id=\"Papon2020\" class=\"ouvrage\"><span id=\"Claire_Papon2020\" class=\"ouvrage\">Claire Papon, \u00ab\u00a0<a class=\"external text\" href=\"https:\/\/www.gazette-drouot.com\/article\/arcadie-lochakow-artiste-rare\/18300\" rel=\"nofollow\"><cite>Arcadie Lochakow, artiste rare<\/cite><\/a><small class=\"cachelinks\">\u00a0[<a title=\"archive sur Wikiwix\" href=\"https:\/\/archive.wikiwix.com\/cache\/?url=https%3A%2F%2Fwww.gazette-drouot.com%2Farticle%2Farcadie-lochakow-artiste-rare%2F18300\">archive<\/a>]<\/small>\u00a0\u00bb,\u00a0<time class=\"nowrap\" datetime=\"2020-11-05\" data-sort-value=\"2020-11-05\">5 novembre 2020<\/time><\/span><\/span><\/span><\/li>\n<li id=\"cite_note-3\" style=\"text-align: justify;\"><span class=\"mw-cite-backlink\"><a title=\"Revenir plus haut\" href=\"https:\/\/fr.wikipedia.org\/wiki\/Ary_Arcadie_Lochakow#cite_ref-3\" aria-label=\"Revenir plus haut\">\u2191<\/a><\/span><span class=\"reference-text\"><span class=\"ouvrage\"><cite class=\"italique\">Arcadie &#8211; Ary Lochakov, An old man<\/cite><small>(<a class=\"external text\" href=\"https:\/\/www.infocenters.co.il\/gfh\/notebook_ext.asp?book=126636&amp;lang=eng&amp;site=gfh\" rel=\"nofollow\">lire en ligne<\/a><small class=\"cachelinks\">\u00a0[<a title=\"archive sur Wikiwix\" href=\"https:\/\/archive.wikiwix.com\/cache\/?url=https%3A%2F%2Fwww.infocenters.co.il%2Fgfh%2Fnotebook_ext.asp%3Fbook%3D126636%26lang%3Deng%26site%3Dgfh\">archive<\/a>]<\/small>)<\/small><\/span><\/span><\/li>\n<li id=\"cite_note-:0-4\" style=\"text-align: justify;\"><span class=\"mw-cite-backlink\"><a title=\"Revenir plus haut\" href=\"https:\/\/fr.wikipedia.org\/wiki\/Ary_Arcadie_Lochakow#cite_ref-:0_4-0\" aria-label=\"Revenir plus haut\">\u2191<\/a><\/span><span class=\"reference-text\"><span id=\"2019\" class=\"ouvrage\">\u00ab\u00a0<a class=\"external text\" href=\"https:\/\/ecoledeparis.org\/fr\/ary-arcadie-lochakow\/\" rel=\"nofollow\"><cite>Ary Arcadie LOCHAKOW<\/cite><\/a><small class=\"cachelinks\">\u00a0[<a title=\"archive sur Wikiwix\" href=\"https:\/\/archive.wikiwix.com\/cache\/?url=https%3A%2F%2Fecoledeparis.org%2Ffr%2Fary-arcadie-lochakow%2F\">archive<\/a>]<\/small>\u00a0\u00bb, sur\u00a0<span class=\"italique\">Bureau d\u2019art Ecole de Paris<\/span>,\u00a0<time class=\"nowrap\" datetime=\"2019-01-03\" data-sort-value=\"2019-01-03\">3 janvier 2019<\/time><small>(consult\u00e9 le\u00a0<time class=\"nowrap\" datetime=\"2025-02-26\" data-sort-value=\"2025-02-26\">26 f\u00e9vrier 2025<\/time>)<\/small><\/span><\/span><\/li>\n<li id=\"cite_note-5\" style=\"text-align: justify;\"><span class=\"mw-cite-backlink\"><a title=\"Revenir plus haut\" href=\"https:\/\/fr.wikipedia.org\/wiki\/Ary_Arcadie_Lochakow#cite_ref-5\" aria-label=\"Revenir plus haut\">\u2191<\/a><\/span><span class=\"reference-text\"><span id=\"2024\" class=\"ouvrage\">\u00ab\u00a0<a class=\"external text\" href=\"https:\/\/web.archive.org\/web\/20240217232802\/https:\/\/sfstandard.com\/2024\/02\/17\/nazi-artist-san-francisco-park-mystery-lochakov\/\" rel=\"nofollow\"><cite>Holocaust victim\u2019s art trove discovered in San Francisco park<\/cite><\/a>\u00a0\u00bb, sur\u00a0<span class=\"italique\">web.archive.org<\/span>,\u00a0<time class=\"nowrap\" datetime=\"2024-02-17\" data-sort-value=\"2024-02-17\">17 f\u00e9vrier 2024<\/time><small>(consult\u00e9 le\u00a0<time class=\"nowrap\" datetime=\"2025-02-26\" data-sort-value=\"2025-02-26\">26 f\u00e9vrier 2025<\/time>)<\/small><\/span><\/span><\/li>\n<li id=\"cite_note-6\" style=\"text-align: justify;\"><span class=\"mw-cite-backlink\"><a title=\"Revenir plus haut\" href=\"https:\/\/fr.wikipedia.org\/wiki\/Ary_Arcadie_Lochakow#cite_ref-6\" aria-label=\"Revenir plus haut\">\u2191<\/a><\/span><span class=\"reference-text\"><span class=\"ouvrage\"><abbr class=\"abbr indicateur-langue\" title=\"Langue : anglais\">(en)<\/abbr>\u00a0\u00ab\u00a0<a class=\"external text\" href=\"https:\/\/shapero.com\/products\/lochakow-arcadie-village-of-dagestan-1918-charcoal-on-paper-94011?srsltid=AfmBOoowiaobkjXUnZwn_hj1kuZSp3VgoKPneM3QlVJD0Ausmj8D7Y3R\" rel=\"nofollow\"><cite lang=\"en\">LOCHAKOW, Arcadie [\u041b\u041e\u0428\u0410\u041a\u041e\u0412, \u0410\u0440\u043a\u0430\u0434\u0438\u0439]. Village of Dagestan. 1918<\/cite><\/a><small class=\"cachelinks\">\u00a0[<a title=\"archive sur Wikiwix\" href=\"https:\/\/archive.wikiwix.com\/cache\/?url=https%3A%2F%2Fshapero.com%2Fproducts%2Flochakow-arcadie-village-of-dagestan-1918-charcoal-on-paper-94011%3Fsrsltid%3DAfmBOoowiaobkjXUnZwn_hj1kuZSp3VgoKPneM3QlVJD0Ausmj8D7Y3R\">archive<\/a>]<\/small>\u00a0\u00bb, sur\u00a0<span class=\"italique\">Shapero Rare Books<\/span><small>(consult\u00e9 le\u00a0<time class=\"nowrap\" datetime=\"2025-02-26\" data-sort-value=\"2025-02-26\">26 f\u00e9vrier 2025<\/time>)<\/small><\/span><\/span><\/li>\n<li id=\"cite_note-7\" style=\"text-align: justify;\"><span class=\"mw-cite-backlink\"><a title=\"Revenir plus haut\" href=\"https:\/\/fr.wikipedia.org\/wiki\/Ary_Arcadie_Lochakow#cite_ref-7\" aria-label=\"Revenir plus haut\">\u2191<\/a><\/span><span class=\"reference-text\"><span class=\"ouvrage\">\u00ab\u00a0<a class=\"external text\" href=\"https:\/\/www.askart.com\/artist\/Arcadie_lochakow\/11349630\/Arcadie_lochakow.aspx\" rel=\"nofollow\"><cite>Arcadie lochakow &#8211; Biography<\/cite><\/a><small class=\"cachelinks\">\u00a0[<a title=\"archive sur Wikiwix\" href=\"https:\/\/archive.wikiwix.com\/cache\/?url=https%3A%2F%2Fwww.askart.com%2Fartist%2FArcadie_lochakow%2F11349630%2FArcadie_lochakow.aspx\">archive<\/a>]<\/small>\u00a0\u00bb, sur\u00a0<span class=\"italique\">www.askart.com<\/span><small>(consult\u00e9 le\u00a0<time class=\"nowrap\" datetime=\"2025-02-26\" data-sort-value=\"2025-02-26\">26 f\u00e9vrier 2025<\/time>)<\/small><\/span><\/span><\/li>\n<li id=\"cite_note-8\" style=\"text-align: justify;\"><span class=\"mw-cite-backlink\"><a title=\"Revenir plus haut\" href=\"https:\/\/fr.wikipedia.org\/wiki\/Ary_Arcadie_Lochakow#cite_ref-8\" aria-label=\"Revenir plus haut\">\u2191<\/a><\/span><span class=\"reference-text\"><span id=\"Zigoris2025\" class=\"ouvrage\"><span id=\"Julie_Zigoris2025\" class=\"ouvrage\"><abbr class=\"abbr indicateur-langue\" title=\"Langue : anglais\">(en)<\/abbr>\u00a0Julie\u00a0<span class=\"nom_auteur\">Zigoris<\/span>, \u00ab\u00a0<a class=\"external text\" href=\"https:\/\/www.kqed.org\/arts\/13971619\/lochakov-paintings-san-francisco-park-bench-paris\" rel=\"nofollow\"><cite lang=\"en\">Discovered on a San Francisco Park Bench, Mystery Art Makes Final Pilgrimage to Paris<\/cite><\/a><small class=\"cachelinks\">\u00a0[<a title=\"archive sur Wikiwix\" href=\"https:\/\/archive.wikiwix.com\/cache\/?url=https%3A%2F%2Fwww.kqed.org%2Farts%2F13971619%2Flochakov-paintings-san-francisco-park-bench-paris\">archive<\/a>]<\/small>\u00a0\u00bb, sur\u00a0<span class=\"italique\">www.kqed.org<\/span>,\u00a0<time class=\"nowrap\" datetime=\"2025-02-10\" data-sort-value=\"2025-02-10\">10 f\u00e9vrier 2025<\/time><small>(consult\u00e9 le\u00a0<time class=\"nowrap\" datetime=\"2025-02-26\" data-sort-value=\"2025-02-26\">26 f\u00e9vrier 2025<\/time>)<\/small><\/span><\/span><\/span><\/li>\n<li id=\"cite_note-9\" style=\"text-align: justify;\"><span class=\"mw-cite-backlink\"><a title=\"Revenir plus haut\" href=\"https:\/\/fr.wikipedia.org\/wiki\/Ary_Arcadie_Lochakow#cite_ref-9\" aria-label=\"Revenir plus haut\">\u2191<\/a><\/span><span class=\"reference-text\"><a class=\"external text\" href=\"https:\/\/archives.hauts-de-seine.fr\/ark:\/74903\/vtac8fe2c9d8e4431e0\/img:FRAD092_1MI231_0409_P\" rel=\"nofollow\">Archives des Hauts-de-Seine, Recensement de Boulogne-Billancourt, 1931, vue 409\/442<\/a><small class=\"cachelinks\">\u00a0[<a title=\"archive sur Wikiwix\" href=\"https:\/\/archive.wikiwix.com\/cache\/?url=https%3A%2F%2Farchives.hauts-de-seine.fr%2Fark%3A%2F74903%2Fvtac8fe2c9d8e4431e0%2Fimg%3AFRAD092_1MI231_0409_P\">archive<\/a>]<\/small><\/span><\/li>\n<li id=\"cite_note-10\" style=\"text-align: justify;\"><span class=\"mw-cite-backlink\"><a title=\"Revenir plus haut\" href=\"https:\/\/fr.wikipedia.org\/wiki\/Ary_Arcadie_Lochakow#cite_ref-10\" aria-label=\"Revenir plus haut\">\u2191<\/a><\/span><span class=\"reference-text\"><a class=\"external text\" href=\"https:\/\/archives.hauts-de-seine.fr\/ark:\/74903\/vta711b2b17a97cc5c2\/img:FRAD092_1MI234_0508_P\" rel=\"nofollow\">Archives des Hauts-de-Seine, Recensement de 1936 de Boulogne-Billancourt, vue 508\/547<\/a><small class=\"cachelinks\">\u00a0[<a title=\"archive sur Wikiwix\" href=\"https:\/\/archive.wikiwix.com\/cache\/?url=https%3A%2F%2Farchives.hauts-de-seine.fr%2Fark%3A%2F74903%2Fvta711b2b17a97cc5c2%2Fimg%3AFRAD092_1MI234_0508_P\">archive<\/a>]<\/small><\/span><\/li>\n<li id=\"cite_note-11\" style=\"text-align: justify;\"><span class=\"mw-cite-backlink\"><a title=\"Revenir plus haut\" href=\"https:\/\/fr.wikipedia.org\/wiki\/Ary_Arcadie_Lochakow#cite_ref-11\" aria-label=\"Revenir plus haut\">\u2191<\/a><\/span><span class=\"reference-text\">Archives nationales, Fonds sp\u00e9cial du ch\u00f4mage du d\u00e9partement de la Seine, dossier de Ary LOCHAKOVE<\/span><\/li>\n<li id=\"cite_note-12\" style=\"text-align: justify;\"><span class=\"mw-cite-backlink\"><a title=\"Revenir plus haut\" href=\"https:\/\/fr.wikipedia.org\/wiki\/Ary_Arcadie_Lochakow#cite_ref-12\" aria-label=\"Revenir plus haut\">\u2191<\/a><\/span><span class=\"reference-text\"><a class=\"external text\" href=\"https:\/\/archives.hauts-de-seine.fr\/ark:\/74903\/vta34dea44048662a6b\/img:FRAD_092_4E_BOU_0352_0101\" rel=\"nofollow\">Archives d\u00e9partementales des Hauts-de-Seine, Acte de d\u00e9c\u00e8s, Boulogne-Billancourt, 1941, vue 101\/131<\/a><small class=\"cachelinks\">\u00a0[<a title=\"archive sur Wikiwix\" href=\"https:\/\/archive.wikiwix.com\/cache\/?url=https%3A%2F%2Farchives.hauts-de-seine.fr%2Fark%3A%2F74903%2Fvta34dea44048662a6b%2Fimg%3AFRAD_092_4E_BOU_0352_0101\">archive<\/a>]<\/small><\/span><\/li>\n<li id=\"cite_note-:1-13\" style=\"text-align: justify;\"><span class=\"mw-cite-backlink noprint\">\u2191\u00a0<sup><a href=\"https:\/\/fr.wikipedia.org\/wiki\/Ary_Arcadie_Lochakow#cite_ref-:1_13-0\"><span class=\"cite-accessibility-label\">Revenir plus haut en\u202f:<\/span>a<\/a>\u00a0et\u00a0<a href=\"https:\/\/fr.wikipedia.org\/wiki\/Ary_Arcadie_Lochakow#cite_ref-:1_13-1\">b<\/a><\/sup><\/span><span class=\"reference-text\"><span id=\"2025\" class=\"ouvrage\">\u00ab\u00a0<a class=\"external text\" href=\"https:\/\/www.mahj.org\/fr\/media\/les-oeuvres-retrouvees-dary-arcadie-lochakov-bessarabie-paris-san-francisco\" rel=\"nofollow\"><cite>Les \u0153uvres retrouv\u00e9es d&rsquo;Ary Arcadie Lochakov (Bessarabie, Paris, San Francisco) | Mus\u00e9e d\u2019art et d\u2019histoire du Juda\u00efsme<\/cite><\/a><small class=\"cachelinks\">\u00a0[<a title=\"archive sur Wikiwix\" href=\"https:\/\/archive.wikiwix.com\/cache\/?url=https%3A%2F%2Fwww.mahj.org%2Ffr%2Fmedia%2Fles-oeuvres-retrouvees-dary-arcadie-lochakov-bessarabie-paris-san-francisco\">archive<\/a>]<\/small>\u00a0\u00bb, sur\u00a0<span class=\"italique\">www.mahj.org<\/span>,\u00a0<time class=\"nowrap\" datetime=\"2025-02-20\" data-sort-value=\"2025-02-20\">20 f\u00e9vrier 2025<\/time><small>(consult\u00e9 le\u00a0<time class=\"nowrap\" datetime=\"2025-02-26\" data-sort-value=\"2025-02-26\">26 f\u00e9vrier 2025<\/time>)<\/small><\/span><\/span><\/li>\n<li id=\"cite_note-14\" style=\"text-align: justify;\"><span class=\"mw-cite-backlink\"><a title=\"Revenir plus haut\" href=\"https:\/\/fr.wikipedia.org\/wiki\/Ary_Arcadie_Lochakow#cite_ref-14\" aria-label=\"Revenir plus haut\">\u2191<\/a><\/span><span class=\"reference-text\"><span id=\"Lasnier2025\" class=\"ouvrage\"><span id=\"Jean-Fran\u00e7ois_Lasnier2025\" class=\"ouvrage\">Jean-Fran\u00e7ois Lasnier, \u00ab\u00a0<a class=\"external text\" href=\"https:\/\/www.connaissancedesarts.com\/musees\/musee-art-histoire-judaisme\/aux-etats-unis-un-homme-decouvre-par-hasard-des-dizaines-doeuvres-dun-artiste-oublie-de-lecole-de-paris-11199421\/\" rel=\"nofollow\"><cite>Aux \u00c9tats-Unis, un homme d\u00e9couvre par hasard des dizaines d&rsquo;\u0153uvres d&rsquo;un artiste oubli\u00e9 de l&rsquo;\u00c9cole de Paris<\/cite><\/a><small class=\"cachelinks\">\u00a0[<a title=\"archive sur Wikiwix\" href=\"https:\/\/archive.wikiwix.com\/cache\/?url=https%3A%2F%2Fwww.connaissancedesarts.com%2Fmusees%2Fmusee-art-histoire-judaisme%2Faux-etats-unis-un-homme-decouvre-par-hasard-des-dizaines-doeuvres-dun-artiste-oublie-de-lecole-de-paris-11199421%2F\">archive<\/a>]<\/small>\u00a0\u00bb, sur\u00a0<span class=\"italique\">Connaissance des Arts<\/span>,\u00a0<time class=\"nowrap\" datetime=\"2025-02-26\" data-sort-value=\"2025-02-26\">26 f\u00e9vrier 2025<\/time><small>(consult\u00e9 le\u00a0<time class=\"nowrap\" datetime=\"2025-02-26\" data-sort-value=\"2025-02-26\">26 f\u00e9vrier 2025<\/time>)<\/small><\/span><\/span><\/span><\/li>\n<\/ol>\n<\/div>\n<p><iframe loading=\"lazy\" title=\"Les \u0153uvres retrouv\u00e9es d&#039;Ary Arcadie Lochakov (Bessarabie, Paris, San Francisco)\" width=\"600\" height=\"338\" src=\"https:\/\/www.youtube.com\/embed\/M_Ki2NWQLJU?feature=oembed\" frameborder=\"0\" allow=\"accelerometer; autoplay; clipboard-write; encrypted-media; gyroscope; picture-in-picture; web-share\" referrerpolicy=\"strict-origin-when-cross-origin\" allowfullscreen><\/iframe><\/p>\n","protected":false},"excerpt":{"rendered":"<p>Image mise en avant : Portrait de M. et Mme\u00a0Knout\u00a0par Ary Lochakov (mahJ) Ary Arcadie Lochakow\u00a0(ou\u00a0Lochakov\u00a0ou\u00a0Lo\u0219acov) est un\u00a0artiste\u00a0peintre\u00a0roumain de l&rsquo;\u00c9cole de Paris, n\u00e9 \u00e0\u00a0Orhei\u00a0en\u00a0Bessarabie\u00a0(Empire russe, actuelle\u00a0Moldavie) le\u00a08 d\u00e9cembre 1892\u00a0et mort \u00e0\u00a0Boulogne-Billancourt\u00a0le\u00a05 octobre 19411,2,3,4. &nbsp; Autoportrait \u00e0 la Palette Biographie N\u00e9 en\u00a01892\u00a0dans une famille juive5, il est fils du photographe Meer Lochakov et de son \u00e9pouse, [&hellip;]<\/p>\n","protected":false},"author":1,"featured_media":15692,"parent":0,"menu_order":0,"comment_status":"closed","ping_status":"closed","template":"","meta":{"footnotes":""},"class_list":["post-15680","page","type-page","status-publish","has-post-thumbnail","hentry"],"_links":{"self":[{"href":"https:\/\/oraziopuglisi.art\/index.php\/wp-json\/wp\/v2\/pages\/15680","targetHints":{"allow":["GET"]}}],"collection":[{"href":"https:\/\/oraziopuglisi.art\/index.php\/wp-json\/wp\/v2\/pages"}],"about":[{"href":"https:\/\/oraziopuglisi.art\/index.php\/wp-json\/wp\/v2\/types\/page"}],"author":[{"embeddable":true,"href":"https:\/\/oraziopuglisi.art\/index.php\/wp-json\/wp\/v2\/users\/1"}],"replies":[{"embeddable":true,"href":"https:\/\/oraziopuglisi.art\/index.php\/wp-json\/wp\/v2\/comments?post=15680"}],"version-history":[{"count":6,"href":"https:\/\/oraziopuglisi.art\/index.php\/wp-json\/wp\/v2\/pages\/15680\/revisions"}],"predecessor-version":[{"id":15694,"href":"https:\/\/oraziopuglisi.art\/index.php\/wp-json\/wp\/v2\/pages\/15680\/revisions\/15694"}],"wp:featuredmedia":[{"embeddable":true,"href":"https:\/\/oraziopuglisi.art\/index.php\/wp-json\/wp\/v2\/media\/15692"}],"wp:attachment":[{"href":"https:\/\/oraziopuglisi.art\/index.php\/wp-json\/wp\/v2\/media?parent=15680"}],"curies":[{"name":"wp","href":"https:\/\/api.w.org\/{rel}","templated":true}]}}