{"id":15629,"date":"2025-02-13T07:45:43","date_gmt":"2025-02-13T06:45:43","guid":{"rendered":"https:\/\/oraziopuglisi.art\/?page_id=15629"},"modified":"2025-02-13T12:40:11","modified_gmt":"2025-02-13T11:40:11","slug":"les-primitifs","status":"publish","type":"page","link":"https:\/\/oraziopuglisi.art\/index.php\/les-primitifs\/","title":{"rendered":"Les Primitifs"},"content":{"rendered":"<p><em><span style=\"font-size: 8px;\"><strong>Image mise en avant :<\/strong> <a href=\"https:\/\/fr.wikipedia.org\/wiki\/Lippo_Memmi\">Lippo Memmi<\/a>, connu de 1317 \u00e0 1347. Sainte Madeleine. Tempera \u00e0 l&rsquo;\u0153uf et fond d&rsquo;or sur panneau de bois rectangulaire, sommet en tiers point, arcade bris\u00e9e trilob\u00e9e (manque une partie). Avignon, Mus\u00e9e du Petit Palais.<\/span><\/em><\/p>\n<p style=\"text-align: justify;\">Au d\u00e9but du XX\u00e8\u00a0si\u00e8cle, l&rsquo;histoire de l&rsquo;art occidental a fait un sort malheureux \u00e0 cet adjectif devenu nom (\u00e9tymologiquement\u00a0: les premiers) en assignant une place chronologique bien d\u00e9finie aux \u00ab\u00a0primitifs de la peinture\u00a0\u00bb. Si le terme est parfois \u00e9tendu aujourd&rsquo;hui \u00e0 la sculpture ou \u00e0 toute p\u00e9riode consid\u00e9r\u00e9e comme une \u00ab\u00a0enfance\u00a0\u00bb de l&rsquo;art, d&rsquo;une technique ou d&rsquo;un style, on l&rsquo;attribue le plus couramment aux tableaux de chevalet (g\u00e9n\u00e9ralement peints sur panneaux de bois) peints aux\u00a0<span class=\"pc\">xiv<\/span><sup>e<\/sup>\u00a0et\u00a0<span class=\"pc\">xv<\/span><sup>e<\/sup>\u00a0si\u00e8cles, en Italie puis, par extension, \u00e0 l&rsquo;ensemble des peintres europ\u00e9ens de la m\u00eame \u00e9poque. M\u00eame si une nuance, \u00e0 l&rsquo;origine \u00e9videmment p\u00e9jorative et critique (moins m\u00e9prisante cependant que pour \u00ab\u00a0barbare\u00a0\u00bb ou \u00ab\u00a0gothique\u00a0\u00bb), s&rsquo;attache au terme, il est pr\u00e9f\u00e9rable d&rsquo;y voir seulement la d\u00e9signation d&rsquo;une p\u00e9riode de transition entre les techniques \u00e9labor\u00e9es de la fresque, du vitrail ou de l&rsquo;enluminure, et les techniques de la peinture \u00e0 l&rsquo;huile, ex\u00e9cut\u00e9e sur une toile tendue par un ch\u00e2ssis. Le terme concerne donc tout ce qui, dans le domaine de la peinture occidentale, est ant\u00e9rieur aux innovations de la Renaissance\u00a0: imitation de la nature, r\u00e9alisme, repr\u00e9sentation d&rsquo;un espace vraisemblable (lignes de fuite, horizon) qui n&rsquo;est plus l&rsquo;espace arbitraire de la peinture.<\/p>\n<p style=\"text-align: justify;\">En somme, ces \u00ab primitifs \u00bb sont les v\u00e9ritables incunables (premiers textes imprim\u00e9s avant l&rsquo;an 1500) de la peinture de chevalet, mais des incunables dont l&rsquo;existence s&rsquo;\u00e9talerait sur une p\u00e9riode plus longue : XIV<sup>e<\/sup> et XV<sup>e<\/sup>\u00a0si\u00e8cle.<\/p>\n<p>&nbsp;<\/p>\n<blockquote class=\"wp-embedded-content\" data-secret=\"MGMUO1hNG2\"><p><a href=\"https:\/\/oraziopuglisi.art\/index.php\/les-primitifs-italiens\/\">Les Primitifs Italiens<\/a><\/p><\/blockquote>\n<p><iframe loading=\"lazy\" class=\"wp-embedded-content\" sandbox=\"allow-scripts\" security=\"restricted\" style=\"position: absolute; visibility: hidden;\" title=\"\u00ab\u00a0Les Primitifs Italiens\u00a0\u00bb &#8212; Orazio Puglisi\" src=\"https:\/\/oraziopuglisi.art\/index.php\/les-primitifs-italiens\/embed\/#?secret=OAn1jBaeMq#?secret=MGMUO1hNG2\" data-secret=\"MGMUO1hNG2\" width=\"600\" height=\"338\" frameborder=\"0\" marginwidth=\"0\" marginheight=\"0\" scrolling=\"no\"><\/iframe><\/p>\n","protected":false},"excerpt":{"rendered":"<p>Image mise en avant : Lippo Memmi, connu de 1317 \u00e0 1347. Sainte Madeleine. Tempera \u00e0 l&rsquo;\u0153uf et fond d&rsquo;or sur panneau de bois rectangulaire, sommet en tiers point, arcade bris\u00e9e trilob\u00e9e (manque une partie). Avignon, Mus\u00e9e du Petit Palais. Au d\u00e9but du XX\u00e8\u00a0si\u00e8cle, l&rsquo;histoire de l&rsquo;art occidental a fait un sort malheureux \u00e0 cet [&hellip;]<\/p>\n","protected":false},"author":1,"featured_media":15643,"parent":0,"menu_order":0,"comment_status":"closed","ping_status":"closed","template":"","meta":{"footnotes":""},"class_list":["post-15629","page","type-page","status-publish","has-post-thumbnail","hentry"],"_links":{"self":[{"href":"https:\/\/oraziopuglisi.art\/index.php\/wp-json\/wp\/v2\/pages\/15629","targetHints":{"allow":["GET"]}}],"collection":[{"href":"https:\/\/oraziopuglisi.art\/index.php\/wp-json\/wp\/v2\/pages"}],"about":[{"href":"https:\/\/oraziopuglisi.art\/index.php\/wp-json\/wp\/v2\/types\/page"}],"author":[{"embeddable":true,"href":"https:\/\/oraziopuglisi.art\/index.php\/wp-json\/wp\/v2\/users\/1"}],"replies":[{"embeddable":true,"href":"https:\/\/oraziopuglisi.art\/index.php\/wp-json\/wp\/v2\/comments?post=15629"}],"version-history":[{"count":6,"href":"https:\/\/oraziopuglisi.art\/index.php\/wp-json\/wp\/v2\/pages\/15629\/revisions"}],"predecessor-version":[{"id":15646,"href":"https:\/\/oraziopuglisi.art\/index.php\/wp-json\/wp\/v2\/pages\/15629\/revisions\/15646"}],"wp:featuredmedia":[{"embeddable":true,"href":"https:\/\/oraziopuglisi.art\/index.php\/wp-json\/wp\/v2\/media\/15643"}],"wp:attachment":[{"href":"https:\/\/oraziopuglisi.art\/index.php\/wp-json\/wp\/v2\/media?parent=15629"}],"curies":[{"name":"wp","href":"https:\/\/api.w.org\/{rel}","templated":true}]}}