{"id":15563,"date":"2025-02-11T22:39:18","date_gmt":"2025-02-11T21:39:18","guid":{"rendered":"https:\/\/oraziopuglisi.art\/?page_id=15563"},"modified":"2025-02-11T23:11:00","modified_gmt":"2025-02-11T22:11:00","slug":"steve-hanks","status":"publish","type":"page","link":"https:\/\/oraziopuglisi.art\/index.php\/steve-hanks\/","title":{"rendered":"Steve Hanks"},"content":{"rendered":"<p style=\"text-align: center;\">Article tir\u00e9 du site<\/p>\n<p style=\"text-align: center;\"><a href=\"https:\/\/www.rivagedeboheme.fr\/\">Rivage de Boh\u00e8me<\/a><\/p>\n<p style=\"text-align: center;\"><a href=\"https:\/\/www.rivagedeboheme.fr\/pages\/arts\/peinture-20-21e-siecles\/steve-hanks.html\">Steve Hanks<\/a><\/p>\n<p><img loading=\"lazy\" decoding=\"async\" class=\"size-full wp-image-15577 aligncenter\" src=\"http:\/\/oraziopuglisi.art\/wp-content\/uploads\/2025\/02\/Steve-Hanks.jpg\" alt=\"\" width=\"216\" height=\"286\" \/><\/p>\n<p style=\"text-align: center;\"><strong>1949-2015<\/strong><\/p>\n<p style=\"text-align: justify;\">Steve Hanks est un aquarelliste am\u00e9ricain dont les \u0153uvres se caract\u00e9risent par un r\u00e9alisme quasi-photographique. Il est n\u00e9 en 1949 \u00e0 San Diego (Californie) dans une famille de militaires. Sa jeunesse se d\u00e9roule le long des plages de Californie. Il pratique le tennis et le surf. \u00ab L&rsquo;oc\u00e9an a produit sur moi une impression forte et durable. C&rsquo;\u00e9tait bon pour le caract\u00e8re de s&rsquo;entra\u00eener dans l&rsquo;eau en nageant ou surfant, ou tout simplement en se sentant en harmonie avec ses forces myst\u00e9rieuses \u00bb. Au cours de son adolescence, sa famille s&rsquo;installe au Nouveau Mexique. Apr\u00e8s le lyc\u00e9e, Steve Hanks entre \u00e0 l&rsquo;Acad\u00e9mie des Beaux-arts de San Francisco puis \u00e0 l&rsquo;Ecole des Arts et M\u00e9tiers de Californie o\u00f9 il obtient une licence dans la sp\u00e9cialit\u00e9 Beaux-arts. En 1976, il travaille comme gardien dans un centre de vacances. Le salaire est faible mais il dispose ainsi de temps libre pour la cr\u00e9ation picturale. Il exp\u00e9rimente diverses techniques : l&rsquo;huile, l&rsquo;aquarelle, le crayon, l&rsquo;acrylique. \u00ab Si je n&rsquo;avais pas pass\u00e9 tant de temps \u00e0 perfectionner ma technique du dessin, je ne serais jamais devenu le peintre que je suis aujourd&rsquo;hui \u00bb.<\/p>\n<p><iframe loading=\"lazy\" title=\"STEVE HANKS : ARTISTS I LOVE\" width=\"600\" height=\"338\" src=\"https:\/\/www.youtube.com\/embed\/D87ATGmmlTM?feature=oembed\" frameborder=\"0\" allow=\"accelerometer; autoplay; clipboard-write; encrypted-media; gyroscope; picture-in-picture; web-share\" referrerpolicy=\"strict-origin-when-cross-origin\" allowfullscreen><\/iframe><\/p>\n<p style=\"text-align: justify;\">Hanks qualifie son style de \u00ab r\u00e9alisme \u00e9motionnel \u00bb. Les visages de ses personnages sont souvent laiss\u00e9s dans l&rsquo;obscurit\u00e9 ou avec le regard vers le lointain de fa\u00e7on \u00e0 laisser jouer l&rsquo;imagination du spectateur et \u00e0 permettre au personnage tout entier d&rsquo;exprimer son \u00e9motion. Le contre-jour est \u00e9galement un \u00e9l\u00e9ment important de son style. \u00ab La lumi\u00e8re du soleil est devenue l&rsquo;un de mes sujets favoris. Je suis fascin\u00e9 par la mani\u00e8re dont elle filtre \u00e0 travers les objets, par la mani\u00e8re dont elle inonde toute une pi\u00e8ce de couleur. Bien souvent, mes peintures sont davantage de la lumi\u00e8re qu&rsquo;autre chose \u00bb.<\/p>\n<p><iframe loading=\"lazy\" title=\"STEVE HANKS PEINTRE AQUARELLE\" width=\"600\" height=\"450\" src=\"https:\/\/www.youtube.com\/embed\/_SkY5Dd5azk?feature=oembed\" frameborder=\"0\" allow=\"accelerometer; autoplay; clipboard-write; encrypted-media; gyroscope; picture-in-picture; web-share\" referrerpolicy=\"strict-origin-when-cross-origin\" allowfullscreen><\/iframe><\/p>\n<p style=\"text-align: justify;\">Le mariage de Steve Hanks avec Laura et la naissance de trois enfants ont renouvel\u00e9 son inspiration. De nombreuses sc\u00e8nes domestiques avec des enfants apparaissent.<\/p>\n<p><iframe loading=\"lazy\" title=\"Steve Hanks (Watercolour  Paintings)\" width=\"600\" height=\"338\" src=\"https:\/\/www.youtube.com\/embed\/XTrnprGWH_0?feature=oembed\" frameborder=\"0\" allow=\"accelerometer; autoplay; clipboard-write; encrypted-media; gyroscope; picture-in-picture; web-share\" referrerpolicy=\"strict-origin-when-cross-origin\" allowfullscreen><\/iframe><\/p>\n<p style=\"text-align: justify;\">\u00a0Hanks a re\u00e7u de nombreux prix dont en particulier le National Watercolor Society Merit Award et le National Academy of Western Art Gold Medal.<\/p>\n<p style=\"text-align: justify;\">Steve Hanks est mort d\u2019un arr\u00eat cardiaque en avril 2015, \u00e0 l\u2019\u00e2ge de 66 ans. Il \u00e9tait atteint d\u2019un cancer et ne pouvait plus travailler au m\u00eame rythme, selon sa femme Laura. \u00ab\u00a0C\u2019\u00e9tait un homme qui passait dix \u00e0 quatorze heures par jour \u00e0 peindre. Il ne s\u2019accordait aucun jour de cong\u00e9. Par la suite, il ne pouvait plus peindre que pendant une heure et il se fatiguait tr\u00e8s rapidement\u00a0\u00bb.<\/p>\n<p style=\"text-align: justify;\">Steve Hanks appartient d\u00e9sormais aux grands artistes de l\u2019histoire par son exceptionnel talent d\u2019aquarelliste.<\/p>\n<p>&nbsp;<\/p>\n<p style=\"text-align: center;\"><a href=\"https:\/\/mikilovear.click\/product_tag\/115123889_.html\">Autres Oeuvres<\/a><\/p>\n<p>&nbsp;<\/p>\n<p><a class=\"fancybox\" title=\"Waiting in the rain\" href=\"https:\/\/www.rivagedeboheme.fr\/medias\/images\/waiting-in-the-rain.jpg\" rel=\"iframe\" data-fancybox-type=\"image\"><img decoding=\"async\" class=\"img-center\" src=\"https:\/\/www.rivagedeboheme.fr\/medias\/images\/waiting-in-the-rain.jpg?fx=r_550_550\" alt=\"Waiting in the rain\" \/><\/a><\/p>\n<p><strong>Waiting in the Rain<\/strong><\/p>\n<p>&nbsp;<\/p>\n<p><a class=\"fancybox\" title=\"View from the balcony\" href=\"https:\/\/www.rivagedeboheme.fr\/medias\/images\/view-from-the-balcony.jpg\" rel=\"iframe\" data-fancybox-type=\"image\"><img decoding=\"async\" class=\"img-center\" src=\"https:\/\/www.rivagedeboheme.fr\/medias\/images\/view-from-the-balcony.jpg?fx=r_550_550\" alt=\"View from the balcony\" \/><\/a><\/p>\n<p><strong>View from the balcony<\/strong><\/p>\n<p>&nbsp;<\/p>\n<p><a class=\"fancybox\" title=\"Scenic View\" href=\"https:\/\/www.rivagedeboheme.fr\/medias\/images\/scenic-view.jpg\" rel=\"iframe\" data-fancybox-type=\"image\"><img decoding=\"async\" class=\"img-center\" src=\"https:\/\/www.rivagedeboheme.fr\/medias\/images\/scenic-view.jpg?fx=r_550_550\" alt=\"Scenic View\" \/><\/a><\/p>\n<p><strong>Scenic View<\/strong><\/p>\n<p>&nbsp;<\/p>\n<p><a class=\"fancybox\" title=\"Raising Daughters\" href=\"https:\/\/www.rivagedeboheme.fr\/medias\/images\/raising-daughters.jpg\" rel=\"iframe\" data-fancybox-type=\"image\"><img decoding=\"async\" class=\"img-center\" src=\"https:\/\/www.rivagedeboheme.fr\/medias\/images\/raising-daughters.jpg?fx=r_550_550\" alt=\"Raising Daughters\" \/><\/a><strong>Raising Daughters<\/strong><\/p>\n<p>&nbsp;<\/p>\n<p>\u00a0<a class=\"fancybox\" title=\"Ocean Breeze\" href=\"https:\/\/www.rivagedeboheme.fr\/medias\/images\/ocean-breeze.jpg\" rel=\"iframe\" data-fancybox-type=\"image\"><img decoding=\"async\" class=\"img-center\" src=\"https:\/\/www.rivagedeboheme.fr\/medias\/images\/ocean-breeze.jpg?fx=r_550_550\" alt=\"Ocean Breeze\" \/><\/a><\/p>\n<p><strong>Ocean Breeze<\/strong><\/p>\n<p>&nbsp;<\/p>\n<p><a class=\"fancybox\" title=\"Mother and child bond\" href=\"https:\/\/www.rivagedeboheme.fr\/medias\/images\/mother-and-child-bond.jpg\" rel=\"iframe\" data-fancybox-type=\"image\"><img decoding=\"async\" class=\"img-center\" src=\"https:\/\/www.rivagedeboheme.fr\/medias\/images\/mother-and-child-bond.jpg?fx=r_550_550\" alt=\"Mother and child bond\" \/><\/a><strong>\u00a0<\/strong><\/p>\n<p><strong>Mother and child bond<\/strong><\/p>\n<p>&nbsp;<\/p>\n<p><a class=\"fancybox\" title=\"Morning bath\" href=\"https:\/\/www.rivagedeboheme.fr\/medias\/images\/morning-bath.jpg\" rel=\"iframe\" data-fancybox-type=\"image\"><img decoding=\"async\" class=\"img-center\" src=\"https:\/\/www.rivagedeboheme.fr\/medias\/images\/morning-bath.jpg?fx=r_550_550\" alt=\"Morning bath\" \/><\/a><\/p>\n<p><strong>Morning bath<\/strong>\u00a0<\/p>\n<p>&nbsp;<\/p>\n<p><a class=\"fancybox\" title=\"Listening to the river\" href=\"https:\/\/www.rivagedeboheme.fr\/medias\/images\/listening-to-the-river.jpg\" rel=\"iframe\" data-fancybox-type=\"image\"><img decoding=\"async\" class=\"img-center\" src=\"https:\/\/www.rivagedeboheme.fr\/medias\/images\/listening-to-the-river.jpg?fx=r_550_550\" alt=\"Listening to the river\" \/><\/a><strong>Listening to the river<\/strong><\/p>\n<p>&nbsp;<\/p>\n<p><a class=\"fancybox\" title=\"Inside looking out\" href=\"https:\/\/www.rivagedeboheme.fr\/medias\/images\/inside-looking-out.jpg\" rel=\"iframe\" data-fancybox-type=\"image\"><img decoding=\"async\" class=\"img-center\" src=\"https:\/\/www.rivagedeboheme.fr\/medias\/images\/inside-looking-out.jpg?fx=r_550_550\" alt=\"Inside looking out\" \/><\/a><\/p>\n<p><strong>Inside looking out<\/strong><\/p>\n<p>&nbsp;<\/p>\n<p><a class=\"fancybox\" title=\"Her Domain\" href=\"https:\/\/www.rivagedeboheme.fr\/medias\/images\/her-domain.jpg\" rel=\"iframe\" data-fancybox-type=\"image\"><img decoding=\"async\" class=\"img-center\" src=\"https:\/\/www.rivagedeboheme.fr\/medias\/images\/her-domain.jpg?fx=r_550_550\" alt=\"Her Domain\" \/><\/a><strong>Her Domain<\/strong><\/p>\n<p>&nbsp;<\/p>\n<p><a class=\"fancybox\" title=\"Gentle tide\" href=\"https:\/\/www.rivagedeboheme.fr\/medias\/images\/gentle-tide.jpg\" rel=\"iframe\" data-fancybox-type=\"image\"><img decoding=\"async\" class=\"img-center\" src=\"https:\/\/www.rivagedeboheme.fr\/medias\/images\/gentle-tide.jpg?fx=r_550_550\" alt=\"Gentle tide\" \/><\/a><\/p>\n<p><strong>Gentle tide<\/strong><\/p>\n<p>&nbsp;<\/p>\n<p><a class=\"fancybox\" title=\"Finding yourself in the world\" href=\"https:\/\/www.rivagedeboheme.fr\/medias\/images\/finding-yourself-in-the-world.jpg\" rel=\"iframe\" data-fancybox-type=\"image\"><img loading=\"lazy\" decoding=\"async\" class=\"img-center\" src=\"https:\/\/www.rivagedeboheme.fr\/medias\/images\/finding-yourself-in-the-world.jpg?fx=r_550_550\" alt=\"Finding yourself in the world\" width=\"550\" height=\"252\" \/><\/a><strong>Finding yourself in the world<\/strong><\/p>\n<p>&nbsp;<\/p>\n<p><a class=\"fancybox\" title=\"Children on La Jolla Shores\" href=\"https:\/\/www.rivagedeboheme.fr\/medias\/images\/children-on-la-jolla-shores.jpg\" rel=\"iframe\" data-fancybox-type=\"image\"><img loading=\"lazy\" decoding=\"async\" class=\"img-center\" src=\"https:\/\/www.rivagedeboheme.fr\/medias\/images\/children-on-la-jolla-shores.jpg?fx=r_550_550\" alt=\"Children on La Jolla Shores\" width=\"550\" height=\"177\" \/><\/a><strong>Children on La Jolla Shores<\/strong><\/p>\n<p>&nbsp;<\/p>\n<p><a title=\"Catching the rain\" href=\"https:\/\/www.rivagedeboheme.fr\/medias\/images\/catching-the-rain.jpg\" target=\"_blank\" rel=\"noopener\"><img decoding=\"async\" class=\"img-center\" src=\"https:\/\/www.rivagedeboheme.fr\/medias\/images\/catching-the-rain.jpg?fx=r_550_550\" alt=\"Catching the rain\" \/><\/a><strong>Catching the rain<\/strong><\/p>\n<p>&nbsp;<\/p>\n<p><a class=\"fancybox\" title=\"Captive Audience\" href=\"https:\/\/www.rivagedeboheme.fr\/medias\/images\/captive-audience.jpg\" rel=\"iframe\" data-fancybox-type=\"image\"><img loading=\"lazy\" decoding=\"async\" class=\"img-center\" src=\"https:\/\/www.rivagedeboheme.fr\/medias\/images\/captive-audience.jpg?fx=r_550_550\" alt=\"Captive Audience\" width=\"550\" height=\"274\" \/><\/a><strong>Captive Audience<\/strong><\/p>\n<p>&nbsp;<\/p>\n<p><a class=\"fancybox\" title=\"Blending into Shadows and Sheets\" href=\"https:\/\/www.rivagedeboheme.fr\/medias\/images\/blending-into-shadows-and-sheets.jpg\" rel=\"iframe\" data-fancybox-type=\"image\"><img loading=\"lazy\" decoding=\"async\" class=\"img-center\" src=\"https:\/\/www.rivagedeboheme.fr\/medias\/images\/blending-into-shadows-and-sheets.jpg?fx=r_550_550\" alt=\"Blending into Shadows and Sheets\" width=\"550\" height=\"327\" \/><\/a><strong>Blending into Shadows and Sheets\u00a0<\/strong><\/p>\n<p>&nbsp;<\/p>\n<p><a class=\"fancybox\" title=\"A world for our children\" href=\"https:\/\/www.rivagedeboheme.fr\/medias\/images\/a-world-for-our-children.jpg\" rel=\"iframe\" data-fancybox-type=\"image\"><img loading=\"lazy\" decoding=\"async\" class=\"img-center\" src=\"https:\/\/www.rivagedeboheme.fr\/medias\/images\/a-world-for-our-children.jpg?fx=r_550_550\" alt=\"A world for our children\" width=\"550\" height=\"326\" \/><\/a><strong>A world for our children<\/strong><\/p>\n<p>&nbsp;<\/p>\n<p>\u00a0<a class=\"fancybox\" title=\"A new Beginning\" href=\"https:\/\/www.rivagedeboheme.fr\/medias\/images\/a-new-beginning.jpg\" rel=\"iframe\" data-fancybox-type=\"image\"><img decoding=\"async\" class=\"img-center\" src=\"https:\/\/www.rivagedeboheme.fr\/medias\/images\/a-new-beginning.jpg?fx=r_550_550\" alt=\"A new Beginning\" \/><\/a><\/p>\n<p><strong>A new Beginning<\/strong><\/p>\n<p>&nbsp;<\/p>\n<p>\u00a0<a class=\"fancybox\" title=\"A moment of reflection\" href=\"https:\/\/www.rivagedeboheme.fr\/medias\/images\/a-moment-of-reflection.jpg\" rel=\"iframe\" data-fancybox-type=\"image\"><img loading=\"lazy\" decoding=\"async\" class=\"img-center\" src=\"https:\/\/www.rivagedeboheme.fr\/medias\/images\/a-moment-of-reflection.jpg?fx=r_550_550\" alt=\"A moment of reflection\" width=\"550\" height=\"266\" \/><\/a><strong>A moment of reflection<\/strong><\/p>\n<p>&nbsp;<\/p>\n<p><strong>Pour t\u00e9lecharger un diaporama sonoris\u00e9, cliquer sur le lien ci-dessous :<\/strong><\/p>\n<p><a href=\"https:\/\/1drv.ms\/p\/s!Apqc5FD2TFYGiXb_vm39nj4ZIAY3\" target=\"_blank\" rel=\"noopener\">Aquarelles Steve Hanks.pps<\/a><\/p>\n<p>&nbsp;<\/p>\n","protected":false},"excerpt":{"rendered":"<p>Article tir\u00e9 du site Rivage de Boh\u00e8me Steve Hanks 1949-2015 Steve Hanks est un aquarelliste am\u00e9ricain dont les \u0153uvres se caract\u00e9risent par un r\u00e9alisme quasi-photographique. Il est n\u00e9 en 1949 \u00e0 San Diego (Californie) dans une famille de militaires. Sa jeunesse se d\u00e9roule le long des plages de Californie. Il pratique le tennis et le [&hellip;]<\/p>\n","protected":false},"author":1,"featured_media":15576,"parent":0,"menu_order":0,"comment_status":"closed","ping_status":"closed","template":"","meta":{"footnotes":""},"class_list":["post-15563","page","type-page","status-publish","has-post-thumbnail","hentry"],"_links":{"self":[{"href":"https:\/\/oraziopuglisi.art\/index.php\/wp-json\/wp\/v2\/pages\/15563","targetHints":{"allow":["GET"]}}],"collection":[{"href":"https:\/\/oraziopuglisi.art\/index.php\/wp-json\/wp\/v2\/pages"}],"about":[{"href":"https:\/\/oraziopuglisi.art\/index.php\/wp-json\/wp\/v2\/types\/page"}],"author":[{"embeddable":true,"href":"https:\/\/oraziopuglisi.art\/index.php\/wp-json\/wp\/v2\/users\/1"}],"replies":[{"embeddable":true,"href":"https:\/\/oraziopuglisi.art\/index.php\/wp-json\/wp\/v2\/comments?post=15563"}],"version-history":[{"count":10,"href":"https:\/\/oraziopuglisi.art\/index.php\/wp-json\/wp\/v2\/pages\/15563\/revisions"}],"predecessor-version":[{"id":15579,"href":"https:\/\/oraziopuglisi.art\/index.php\/wp-json\/wp\/v2\/pages\/15563\/revisions\/15579"}],"wp:featuredmedia":[{"embeddable":true,"href":"https:\/\/oraziopuglisi.art\/index.php\/wp-json\/wp\/v2\/media\/15576"}],"wp:attachment":[{"href":"https:\/\/oraziopuglisi.art\/index.php\/wp-json\/wp\/v2\/media?parent=15563"}],"curies":[{"name":"wp","href":"https:\/\/api.w.org\/{rel}","templated":true}]}}