{"id":15490,"date":"2025-01-26T14:32:01","date_gmt":"2025-01-26T13:32:01","guid":{"rendered":"https:\/\/oraziopuglisi.art\/?page_id=15490"},"modified":"2025-01-26T14:49:37","modified_gmt":"2025-01-26T13:49:37","slug":"frida-kahlo","status":"publish","type":"page","link":"https:\/\/oraziopuglisi.art\/index.php\/frida-kahlo\/","title":{"rendered":"Frida Kahlo"},"content":{"rendered":"<p style=\"text-align: center;\"><a href=\"https:\/\/fr.wikipedia.org\/wiki\/Frida_Kahlo\">Frida Kahlo<\/a><\/p>\n<p style=\"text-align: justify;\"><b>Frida Kahlo<\/b>\u00a0est une\u00a0<a title=\"Artiste peintre\" href=\"https:\/\/fr.wikipedia.org\/wiki\/Artiste_peintre\">artiste peintre<\/a>\u00a0<a title=\"Mexique\" href=\"https:\/\/fr.wikipedia.org\/wiki\/Mexique\">mexicaine<\/a>\u00a0n\u00e9e le\u00a0<time class=\"nowrap bday\" datetime=\"1907-07-06\" data-sort-value=\"1907-07-06\">6 juillet 1907<\/time>\u00a0\u00e0\u00a0<a title=\"Coyoac\u00e1n\" href=\"https:\/\/fr.wikipedia.org\/wiki\/Coyoac%C3%A1n\">Coyoac\u00e1n<\/a>\u00a0(<a title=\"Mexico\" href=\"https:\/\/fr.wikipedia.org\/wiki\/Mexico\">Mexico<\/a>) et morte au m\u00eame endroit le\u00a0<time class=\"nowrap dday\" datetime=\"1954-07-13\" data-sort-value=\"1954-07-13\">13 juillet 1954<\/time>.<\/p>\n<p style=\"text-align: justify;\">Tout au long de sa vie, elle garde une sant\u00e9 fragile, souffrant de\u00a0<a title=\"Poliomy\u00e9lite\" href=\"https:\/\/fr.wikipedia.org\/wiki\/Poliomy%C3%A9lite\">poliomy\u00e9lite<\/a>\u00a0depuis l&rsquo;\u00e2ge de six ans puis victime d&rsquo;un grave accident de bus. Elle doit subir de nombreuses interventions chirurgicales. Apr\u00e8s son accident, elle se forme elle-m\u00eame \u00e0 la peinture. Elle vit une relation passionn\u00e9e avec le peintre\u00a0<a title=\"Diego Rivera\" href=\"https:\/\/fr.wikipedia.org\/wiki\/Diego_Rivera\">Diego Rivera<\/a>, qu&rsquo;elle \u00e9pouse en 1929 et r\u00e9-\u00e9pouse en 1940. Ils s&rsquo;incluent mutuellement dans leurs \u0153uvres.<\/p>\n<p style=\"text-align: justify;\">Autrice de 143 tableaux tr\u00e8s empreints de culture mexicaine, elle est principalement connue pour ses autoportraits, qui t\u00e9moignent souvent de sa souffrance physique et morale.<\/p>\n<p style=\"text-align: justify;\">Devenue un symbole nationaliste mexicain, elle est une ic\u00f4ne du f\u00e9minisme et de la mode, et son image est surexploit\u00e9e commercialement apr\u00e8s sa mort.<\/p>\n<p><iframe loading=\"lazy\" title=\"LA TERRIBLE HISTOIRE DE FRIDA KAHLO\" width=\"600\" height=\"338\" src=\"https:\/\/www.youtube.com\/embed\/tI8dpdIIn30?feature=oembed\" frameborder=\"0\" allow=\"accelerometer; autoplay; clipboard-write; encrypted-media; gyroscope; picture-in-picture; web-share\" referrerpolicy=\"strict-origin-when-cross-origin\" allowfullscreen><\/iframe><\/p>\n<div class=\"mw-heading mw-heading2\">\n<h2 id=\"Biographie\">Biographie<\/h2>\n<\/div>\n<div class=\"mw-heading mw-heading3\">\n<h3 id=\"Famille\">Famille<\/h3>\n<\/div>\n<p style=\"text-align: justify;\">Magdalena Frida Carmen Kahlo na\u00eet le\u00a0<time class=\"nowrap\" datetime=\"1907-07-06\" data-sort-value=\"1907-07-06\">6 juillet 1907<\/time>\u00a0\u00e0\u00a0<a title=\"Coyoac\u00e1n\" href=\"https:\/\/fr.wikipedia.org\/wiki\/Coyoac%C3%A1n\">Coyoac\u00e1n<\/a>\u00a0(<a title=\"Mexico\" href=\"https:\/\/fr.wikipedia.org\/wiki\/Mexico\">Mexico<\/a>)<sup id=\"cite_ref-1\" class=\"reference\"><a href=\"https:\/\/fr.wikipedia.org\/wiki\/Frida_Kahlo#cite_note-1\">1<\/a><\/sup>. En 1922, elle falsifie sa date de naissance au\u00a0<time class=\"nowrap\" datetime=\"1910-07-07\" data-sort-value=\"1910-07-07\">7 juillet 1910<\/time>, qui correspond du d\u00e9but de la\u00a0<a title=\"R\u00e9volution mexicaine\" href=\"https:\/\/fr.wikipedia.org\/wiki\/R%C3%A9volution_mexicaine\">r\u00e9volution mexicaine<\/a><sup id=\"cite_ref-Gardou_2-0\" class=\"reference\"><a href=\"https:\/\/fr.wikipedia.org\/wiki\/Frida_Kahlo#cite_note-Gardou-2\">2<\/a><\/sup>, associant sa naissance \u00e0 la fin du\u00a0<a class=\"mw-redirect\" title=\"Porfirio Diaz\" href=\"https:\/\/fr.wikipedia.org\/wiki\/Porfirio_Diaz\">r\u00e9gime porfiriste<\/a>.<\/p>\n<p style=\"text-align: justify;\">La m\u00e8re de Frida Kahlo, Matilde Calder\u00f3n y Gonz\u00e1lez (1876-1932), est n\u00e9e \u00e0 Mexico. Elle est la troisi\u00e8me fille d\u2019Isabel Gonz\u00e1lez y Gonz\u00e1lez, issue d&rsquo;une famille de g\u00e9n\u00e9raux d&rsquo;origine espagnole, et du photographe Antonio Calder\u00f3n, originaire de la ville de\u00a0<a title=\"Morelia (ville)\" href=\"https:\/\/fr.wikipedia.org\/wiki\/Morelia_(ville)\">Morelia<\/a>. Illettr\u00e9e, d\u00e9vote, peu argent\u00e9e, elle sombre dans la d\u00e9pression apr\u00e8s avoir perdu son fils \u00e0 la naissance de Frida Kahlo<sup id=\"cite_ref-souffrance_et_rage_3-0\" class=\"reference\"><a href=\"https:\/\/fr.wikipedia.org\/wiki\/Frida_Kahlo#cite_note-souffrance_et_rage-3\">3<\/a><\/sup>.<\/p>\n<p style=\"text-align: justify;\">Son p\u00e8re,\u00a0<a title=\"Guillermo Kahlo\" href=\"https:\/\/fr.wikipedia.org\/wiki\/Guillermo_Kahlo\">Guillermo Kahlo<\/a>\u00a0(1871-1941), n\u00e9 Carl Wilhelm Kahlo \u00e0\u00a0<a title=\"Pforzheim\" href=\"https:\/\/fr.wikipedia.org\/wiki\/Pforzheim\">Pforzheim<\/a>, dans le\u00a0<a title=\"Grand-duch\u00e9 de Bade\" href=\"https:\/\/fr.wikipedia.org\/wiki\/Grand-duch%C3%A9_de_Bade\">grand-duch\u00e9 de Bade<\/a>, en\u00a0<a title=\"Allemagne\" href=\"https:\/\/fr.wikipedia.org\/wiki\/Allemagne\">Allemagne<\/a>, n&rsquo;est pas, comme le voudrait une l\u00e9gende r\u00e9pandue<sup class=\"need_ref_tag\"><a title=\"Aide:R\u00e9f\u00e9rence n\u00e9cessaire\" href=\"https:\/\/fr.wikipedia.org\/wiki\/Aide:R%C3%A9f%C3%A9rence_n%C3%A9cessaire\"><span title=\"Ce passage n\u00e9cessite une r\u00e9f\u00e9rence (demand\u00e9 le 8\u00a0ao\u00fbt\u00a02022) ; voir l'aide.\">[r\u00e9f.\u00a0n\u00e9cessaire]<\/span><\/a><\/sup>, juif d&rsquo;origine germano-austro-hongroise, mais un Allemand de confession luth\u00e9rienne, fils du bijoutier et orf\u00e8vre Jakob Kahlo et de Henriette Kaufmann, issus de la bourgeoisie badoise<sup id=\"cite_ref-4\" class=\"reference\"><a href=\"https:\/\/fr.wikipedia.org\/wiki\/Frida_Kahlo#cite_note-4\">4<\/a><\/sup>. C&rsquo;est \u00e0 son arriv\u00e9e au\u00a0<a title=\"Mexique\" href=\"https:\/\/fr.wikipedia.org\/wiki\/Mexique\">Mexique<\/a>\u00a0en 1891, \u00e0 l&rsquo;\u00e2ge de 19\u00a0ans, qu&rsquo;il modifie son pr\u00e9nom. Il est d&rsquo;abord le photographe officiel au temps de\u00a0<a title=\"Porfirio D\u00edaz\" href=\"https:\/\/fr.wikipedia.org\/wiki\/Porfirio_D%C3%ADaz\">Porfirio D\u00edaz<\/a>. Ruin\u00e9 par la R\u00e9volution, il termine sa carri\u00e8re comme simple photographe \u00e0 Mexico<sup id=\"cite_ref-souffrance_et_rage_3-1\" class=\"reference\"><a href=\"https:\/\/fr.wikipedia.org\/wiki\/Frida_Kahlo#cite_note-souffrance_et_rage-3\">3<\/a><\/sup>.<\/p>\n<p><iframe loading=\"lazy\" title=\"Les Deux Fridas : le chef d&#039;\u0153uvre de Frida Kahlo, expliqu\u00e9. (Analyse)\" width=\"600\" height=\"338\" src=\"https:\/\/www.youtube.com\/embed\/Da2MuWzNW3E?feature=oembed\" frameborder=\"0\" allow=\"accelerometer; autoplay; clipboard-write; encrypted-media; gyroscope; picture-in-picture; web-share\" referrerpolicy=\"strict-origin-when-cross-origin\" allowfullscreen><\/iframe><\/p>\n<p style=\"text-align: justify;\">Frida Kahlo peint en 1936\u00a0<i><a title=\"Mes Grands-Parents, mes Parents et Moi\" href=\"https:\/\/fr.wikipedia.org\/wiki\/Mes_Grands-Parents,_mes_Parents_et_Moi\">Mes Grands-Parents, mes Parents et Moi<\/a><\/i>\u00a0o\u00f9 elle raconte l\u2019histoire de ses origines, tel un arbre g\u00e9n\u00e9alogique. Elle a symbolis\u00e9 ses grands-parents maternels mexicains par la terre, et ses grands-parents paternels allemands au moyen de l\u2019oc\u00e9an. Elle est la petite fille du jardin de la \u00ab\u00a0Maison bleue\u00a0\u00bb o\u00f9 elle est n\u00e9e et d\u00e9c\u00e9d\u00e9e<sup id=\"cite_ref-5\" class=\"reference\"><a href=\"https:\/\/fr.wikipedia.org\/wiki\/Frida_Kahlo#cite_note-5\">5<\/a><\/sup>. Au-dessus figurent ses parents dans la pose de leur photo de mariage, puis ses grands-parents paternels et maternels.<\/p>\n<p>C\u2019est la troisi\u00e8me des quatre filles de Matilde et Guillermo Kahlo.<\/p>\n<div class=\"mw-heading mw-heading3\">\n<h3 id=\"Enfance\">Enfance<\/h3>\n<\/div>\n<p><iframe loading=\"lazy\" title=\"Frida Kahlo\" width=\"600\" height=\"338\" src=\"https:\/\/www.youtube.com\/embed\/0eze-OGQNhY?feature=oembed\" frameborder=\"0\" allow=\"accelerometer; autoplay; clipboard-write; encrypted-media; gyroscope; picture-in-picture; web-share\" referrerpolicy=\"strict-origin-when-cross-origin\" allowfullscreen><\/iframe><\/p>\n","protected":false},"excerpt":{"rendered":"<p>Frida Kahlo Frida Kahlo\u00a0est une\u00a0artiste peintre\u00a0mexicaine\u00a0n\u00e9e le\u00a06 juillet 1907\u00a0\u00e0\u00a0Coyoac\u00e1n\u00a0(Mexico) et morte au m\u00eame endroit le\u00a013 juillet 1954. Tout au long de sa vie, elle garde une sant\u00e9 fragile, souffrant de\u00a0poliomy\u00e9lite\u00a0depuis l&rsquo;\u00e2ge de six ans puis victime d&rsquo;un grave accident de bus. Elle doit subir de nombreuses interventions chirurgicales. Apr\u00e8s son accident, elle se forme elle-m\u00eame [&hellip;]<\/p>\n","protected":false},"author":1,"featured_media":15498,"parent":0,"menu_order":0,"comment_status":"closed","ping_status":"closed","template":"","meta":{"footnotes":""},"class_list":["post-15490","page","type-page","status-publish","has-post-thumbnail","hentry"],"_links":{"self":[{"href":"https:\/\/oraziopuglisi.art\/index.php\/wp-json\/wp\/v2\/pages\/15490","targetHints":{"allow":["GET"]}}],"collection":[{"href":"https:\/\/oraziopuglisi.art\/index.php\/wp-json\/wp\/v2\/pages"}],"about":[{"href":"https:\/\/oraziopuglisi.art\/index.php\/wp-json\/wp\/v2\/types\/page"}],"author":[{"embeddable":true,"href":"https:\/\/oraziopuglisi.art\/index.php\/wp-json\/wp\/v2\/users\/1"}],"replies":[{"embeddable":true,"href":"https:\/\/oraziopuglisi.art\/index.php\/wp-json\/wp\/v2\/comments?post=15490"}],"version-history":[{"count":6,"href":"https:\/\/oraziopuglisi.art\/index.php\/wp-json\/wp\/v2\/pages\/15490\/revisions"}],"predecessor-version":[{"id":15497,"href":"https:\/\/oraziopuglisi.art\/index.php\/wp-json\/wp\/v2\/pages\/15490\/revisions\/15497"}],"wp:featuredmedia":[{"embeddable":true,"href":"https:\/\/oraziopuglisi.art\/index.php\/wp-json\/wp\/v2\/media\/15498"}],"wp:attachment":[{"href":"https:\/\/oraziopuglisi.art\/index.php\/wp-json\/wp\/v2\/media?parent=15490"}],"curies":[{"name":"wp","href":"https:\/\/api.w.org\/{rel}","templated":true}]}}