{"id":15478,"date":"2025-01-09T15:12:57","date_gmt":"2025-01-09T14:12:57","guid":{"rendered":"https:\/\/oraziopuglisi.art\/?page_id=15478"},"modified":"2025-01-09T15:20:33","modified_gmt":"2025-01-09T14:20:33","slug":"les-echecs-et-les-femmes","status":"publish","type":"page","link":"https:\/\/oraziopuglisi.art\/index.php\/les-echecs-et-les-femmes\/","title":{"rendered":"Les Echecs et les Femmes"},"content":{"rendered":"<p><span style=\"font-size: 10px;\"><em>Image mise en avant : Madame <a href=\"https:\/\/fr.wikipedia.org\/wiki\/Chantal_Chaud%C3%A9_de_Silans\">Chaud\u00e9 de Silans<\/a><\/em><\/span><\/p>\n<p><iframe loading=\"lazy\" title=\"les \u00e9checs et les femmes !!\" width=\"600\" height=\"450\" src=\"https:\/\/www.youtube.com\/embed\/3dZRN847lfE?feature=oembed\" frameborder=\"0\" allow=\"accelerometer; autoplay; clipboard-write; encrypted-media; gyroscope; picture-in-picture; web-share\" referrerpolicy=\"strict-origin-when-cross-origin\" allowfullscreen><\/iframe><\/p>\n<p style=\"text-align: justify;\">Le jeu d&rsquo;\u00e9checs poss\u00e8de une longue histoire. Au cours des 1 500 derni\u00e8res ann\u00e9es, il a influenc\u00e9 la culture et la politique, stimul\u00e9 et nourri l&rsquo;esprit des gens, et demeure le jeu de soci\u00e9t\u00e9 le plus c\u00e9l\u00e8bre dans le monde entier. Cependant, pendant longtemps, il \u00e9tait principalement r\u00e9serv\u00e9 aux hommes pour jouer. Mais pourquoi cela a-t-il \u00e9t\u00e9 ainsi ? Les \u00e9checs, avec leurs structures hi\u00e9rarchiques et leurs r\u00e8gles, offrent-ils peut-\u00eatre une r\u00e9ponse \u00e0 cette question ? Alors que les \u00e9checs ont un long pass\u00e9, de nombreux d\u00e9veloppements culturels dans le jeu ne sont pas historiquement document\u00e9s et ont \u00e9t\u00e9 enregistr\u00e9s de mani\u00e8re fragmentaire. Ce n&rsquo;est qu&rsquo;avec la popularit\u00e9 croissante en Europe que des \u00e9crits abordant le jeu ont commenc\u00e9 \u00e0 \u00e9merger. \u00c0 partir de ce moment-l\u00e0, les femmes ont exerc\u00e9 une forte influence sur le jeu et son interpr\u00e9tation.<\/p>\n<p style=\"text-align: justify;\">Dans ce qui suit, je souhaite explorer le r\u00f4le des femmes aux \u00e9checs et examiner de plus pr\u00e8s le d\u00e9veloppement historique des derniers si\u00e8cles.<\/p>\n<p>&nbsp;<\/p>\n<h2>Le R\u00f4le des Femmes dans l&rsquo;Histoire des \u00c9checs<\/h2>\n<p style=\"text-align: justify;\">Entre le VIIe et le XIIe si\u00e8cle, on sait tr\u00e8s peu de choses sur la participation des femmes aux \u00e9checs. Cela est principalement d\u00fb \u00e0 la disponibilit\u00e9 limit\u00e9e d&rsquo;\u00e9crits sur les \u00e9checs \u00e0 cette \u00e9poque. La premi\u00e8re mention d&rsquo;une femme dans la litt\u00e9rature fait r\u00e9f\u00e9rence \u00e0 la c\u00e9l\u00e8bre sculpteure islandaise, Margret l&rsquo;Adroit. Elle \u00e9tait consid\u00e9r\u00e9e comme l&rsquo;une des plus habiles artisanes islandaises et \u00e9tait si renomm\u00e9e pour ses sculptures qu&rsquo;elle fut personnellement charg\u00e9e par l&rsquo;\u00e9v\u00eaque de l&rsquo;\u00e9poque de cr\u00e9er un b\u00e2ton d&rsquo;\u00e9v\u00eaque en ivoire de morse. Cependant, le produit le plus important qu&rsquo;elle a cr\u00e9\u00e9 au cours de sa carri\u00e8re a une valeur historique inestimable pour l&rsquo;histoire des \u00e9checs encore aujourd&rsquo;hui : les pi\u00e8ces d&rsquo;\u00e9checs de Lewis. Bien que la cr\u00e9ation de ces c\u00e9l\u00e8bres pi\u00e8ces d&rsquo;\u00e9checs ne soit pas directement li\u00e9e \u00e0 la pratique du jeu lui-m\u00eame, elles montrent que les \u00e9checs \u00e9taient accessibles aux femmes.<\/p>\n<p style=\"text-align: justify;\">Les prochaines mentions historiques d&rsquo;une femme en relation avec les \u00e9checs ont suivi au XIIIe si\u00e8cle, et cette fois-ci, elles avaient une claire r\u00e9f\u00e9rence \u00e0 son talent dans le jeu. La baronne sicilienne Macalda di Scaletta fut emprisonn\u00e9e au ch\u00e2teau de Mategriffon \u00e0 la suite d&rsquo;une s\u00e9rie d&rsquo;intrigues politiques et de soup\u00e7ons de sa participation \u00e0 une conspiration. L\u00e0, elle rencontra l&rsquo;\u00e9mir \u00e9galement emprisonn\u00e9 de l&rsquo;\u00eele de Djerba, Margam ibn Sebir. Il avait \u00e9t\u00e9 captur\u00e9 par la flotte sicilienne alors qu&rsquo;il tentait de fuir vers la Tunisie apr\u00e8s une attaque des Aragonais \u00e0 Djerba. Pour passer le temps, les deux jou\u00e8rent aux \u00e9checs, r\u00e9v\u00e9lant ainsi le talent de Macalda en tant que joueuse d&rsquo;\u00e9checs habile. Comme les \u00e9checs ne devinrent populaires en Sicile qu&rsquo;au XVIe si\u00e8cle, Macalda fut probablement la premi\u00e8re Sicilienne \u00e0 apprendre le jeu \u00e0 la fin du XIIIe si\u00e8cle, gr\u00e2ce \u00e0 l&rsquo;\u00e9mir Margam ibn Sebir.<\/p>\n<p><img decoding=\"async\" src=\"https:\/\/cdn.shopify.com\/s\/files\/1\/0621\/7859\/0879\/files\/Macalda-di-Scaletta-by-Gino-DeBini-1889_480x480.webp?v=1690446974\" alt=\"Macalda di Scaletta de Gino De' Bini de 1889\" \/><\/p>\n<p><em>Macalda di Scaletta de Gino De&rsquo; Bini de 1889<\/p>\n<p><\/em><\/p>\n<p style=\"text-align: justify;\">En outre, de nombreuses reines au pouvoir entre le XIIe et le XVe si\u00e8cle ont contribu\u00e9 \u00e0 l&rsquo;influence croissante des femmes aux \u00e9checs, notamment en ce qui concerne la pi\u00e8ce d&rsquo;\u00e9checs de la dame, alors connue sous le nom de \u00ab\u00a0ministre\u00a0\u00bb. Le terme persan et arabe pour cette pi\u00e8ce a \u00e9volu\u00e9 de \u00ab\u00a0farzin\u00a0\u00bb \u00e0 \u00ab\u00a0firz\u00a0\u00bb. Dans la prononciation europ\u00e9enne, \u00ab\u00a0firz\u00a0\u00bb sonnait comme \u00ab\u00a0fers\u00a0\u00bb et ressemblait donc au mot \u00ab\u00a0vierge\u00a0\u00bb. En raison de sa proximit\u00e9 avec le roi, la pi\u00e8ce d&rsquo;\u00e9checs fut interpr\u00e9t\u00e9e comme \u00e9tant la dame, renforc\u00e9e par son association avec la Vierge Marie. Des souveraines notables qui ont \u00e9galement renforc\u00e9 l&rsquo;interpr\u00e9tation de la dame incluent \u00c9l\u00e9onore d&rsquo;Aquitaine, Blanche de Castille et surtout Isabelle Ire de Castille.<\/p>\n<p><img decoding=\"async\" src=\"https:\/\/cdn.shopify.com\/s\/files\/1\/0621\/7859\/0879\/files\/Isabella-I-of-Castile_480x480.webp?v=1690447019\" alt=\"Isabelle Ire de Castille (d\u00e9tail du retable de l'\u00e9glise Colegiata de Santa Mar\u00eda de la ville de Toro en Espagne)\" \/><\/p>\n<p style=\"text-align: justify;\"><em>Isabelle Ire de Castille<\/em><br \/>\n<em>(d\u00e9tail du retable de l&rsquo;\u00e9glise Colegiata de Santa Mar\u00eda de la ville de Toro en Espagne)<\/p>\n<p><\/em><\/p>\n<p style=\"text-align: justify;\">Le plus grand \u00e9v\u00e9nement pour l&rsquo;influence des femmes fut donc le changement de r\u00e8gle de la dame. Initialement, la dame ne pouvait se d\u00e9placer que d&rsquo;une case en diagonale, mais cela changea vers la fin du XVe si\u00e8cle. \u00c0 partir de ce moment-l\u00e0, elle combinait le mouvement de la tour et du fou, lui permettant de se d\u00e9placer sur n&rsquo;importe quel nombre de cases, \u00e0 la fois horizontalement, verticalement et en diagonale. La dame devint ainsi la pi\u00e8ce d&rsquo;\u00e9checs la plus puissante, et les femmes s&rsquo;\u00e9tablirent fermement dans le monde des \u00e9checs.<\/p>\n<p>&nbsp;<\/p>\n<h2>Les D\u00e9fis pour les Femmes dans le Monde des \u00c9checs<\/h2>\n<p style=\"text-align: justify;\">Le succ\u00e8s des femmes aux \u00e9checs comp\u00e9titifs est un voyage remarquable qui s&rsquo;\u00e9tend du XVIIIe si\u00e8cle \u00e0 nos jours. Historiquement, les femmes ont rencontr\u00e9 d&rsquo;importants obstacles dans le monde des \u00e9checs domin\u00e9 par les hommes, fond\u00e9s sur des pr\u00e9jug\u00e9s et la position hi\u00e9rarchique des femmes.<\/p>\n<p style=\"text-align: justify;\">Jusqu&rsquo;\u00e0 la fin du XIXe si\u00e8cle, la participation des femmes aux \u00e9checs se limitait \u00e0 quelques individus, peu connus du public et uniquement reconnus parmi les joueurs d&rsquo;\u00e9checs. Cela changea avec le premier tournoi d&rsquo;\u00e9checs pour femmes parrain\u00e9 par la \u00ab\u00a0Sussex Chess Association\u00a0\u00bb en 1884. En 1897, le premier tournoi international d&rsquo;\u00e9checs pour femmes suivit, bien que la reconnaissance du talent f\u00e9minin aux \u00e9checs faisait encore d\u00e9faut en raison des normes sociales pr\u00e9dominantes.<\/p>\n<p style=\"text-align: justify;\">Au d\u00e9but du XXe si\u00e8cle, en revanche, des progr\u00e8s importants ont \u00e9t\u00e9 r\u00e9alis\u00e9s dans l&rsquo;appr\u00e9ciation des r\u00e9alisations f\u00e9minines aux \u00e9checs. Le Championnat du Monde d&rsquo;\u00c9checs F\u00e9minin organis\u00e9 par la FIDE en 1927 a \u00e9t\u00e9 un grand succ\u00e8s pour l&rsquo;\u00e9galit\u00e9 des sexes et a eu lieu simultan\u00e9ment avec l&rsquo;Olympiade d&rsquo;\u00c9checs des Hommes. Vera Menchik est devenue la premi\u00e8re championne du monde f\u00e9minine d&rsquo;\u00e9checs, et sa performance a \u00e9t\u00e9 tr\u00e8s respect\u00e9e. L&rsquo;acceptation des femmes aux \u00e9checs a \u00e9t\u00e9 confirm\u00e9e par le fait que Menchik \u00e9tait entra\u00een\u00e9e par le grand ma\u00eetre hongrois G\u00e9za Mar\u00f3czy, qui \u00e9tait devenu champion du monde avec l&rsquo;\u00e9quipe hongroise la m\u00eame ann\u00e9e.<\/p>\n<p style=\"text-align: justify;\">En 1950, Lyudmila Rudenko fut couronn\u00e9e premi\u00e8re ma\u00eetre international f\u00e9minin, et la FIDE introduisit le titre de \u00ab\u00a0Ma\u00eetre international f\u00e9minin\u00a0\u00bb la m\u00eame ann\u00e9e pour reconna\u00eetre et promouvoir les joueuses d&rsquo;\u00e9checs. Une \u00e9tape importante eut lieu en 1957 avec la premi\u00e8re Olympiade d&rsquo;\u00c9checs F\u00e9minin, remport\u00e9e par l&rsquo;\u00e9quipe sovi\u00e9tique. Cet \u00e9v\u00e9nement marqua un tournant dans l&rsquo;histoire des \u00e9checs et consolida la pr\u00e9sence des femmes dans ce sport exigeant.<\/p>\n<p style=\"text-align: justify;\">En 1976, la joueuse indienne Rohini Khadilkar participa au Championnat d&rsquo;Inde d&rsquo;\u00c9checs Masculin et suscita la controverse. Lors de la comp\u00e9tition, elle battit trois champions nationaux et obtint gain de cause aupr\u00e8s de la Cour supr\u00eame pour sa participation. En r\u00e9ponse, le pr\u00e9sident de la FIDE de l&rsquo;\u00e9poque, Max Euwe, d\u00e9cr\u00e9ta que les femmes ne devaient pas \u00eatre exclues des tournois nationaux et internationaux. La m\u00eame ann\u00e9e, la FIDE introduisit \u00e9galement le titre de Grand ma\u00eetre pour les femmes, obtenu pour la premi\u00e8re fois par Nona Gaprindashvili en 1978. Le titre de Ma\u00eetre FIDE pour les femmes a \u00e9galement \u00e9t\u00e9 introduit cette ann\u00e9e-l\u00e0, d\u00e9cern\u00e9 \u00e0 celles ayant un classement Elo de 2100 ou plus dans les tournois FIDE.<\/p>\n<p style=\"text-align: justify;\">Bien que les r\u00e9alisations des femmes soient maintenant reconnues dans le monde entier, de nombreuses discussions portaient toujours sur la comparaison des performances des hommes et des femmes. Tout en sachant que les femmes ont \u00e9t\u00e9 exclues du jeu de comp\u00e9tition pendant des si\u00e8cles et qu&rsquo;elles sont encore opprim\u00e9es aujourd&rsquo;hui dans de nombreux pays, on consid\u00e9rait n\u00e9anmoins que les hommes avaient un avantage consid\u00e9rable. Cette opinion a chang\u00e9 au d\u00e9but des ann\u00e9es 1990 lorsque Judit Polg\u00e1r est apparue sur la sc\u00e8ne des \u00e9checs et a domin\u00e9 la d\u00e9cennie en tant que meilleure joueuse d&rsquo;\u00e9checs et plus jeune grand ma\u00eetre.<\/p>\n<p><img decoding=\"async\" src=\"https:\/\/cdn.shopify.com\/s\/files\/1\/0621\/7859\/0879\/files\/Judit-polgar-hoogovens-chess-tournament-1990-fotoburo-de-boer_480x480.webp?v=1690447058\" alt=\"Judit Polg\u00e1r au tournoi d'\u00e9checs Hoogovens en 1990(photo : Fotoburo de Boer)\" \/><\/p>\n<p style=\"text-align: justify;\"><em>Judit Polg\u00e1r au tournoi d&rsquo;\u00e9checs Hoogovens en 1990<\/em><br \/>\n<em>(photo : Fotoburo de Boer)<\/p>\n<p><\/em><\/p>\n<p style=\"text-align: justify;\">En 2002, elle a battu le champion du monde Garry Kasparov, consolidant ainsi sa position en tant que meilleure joueuse d&rsquo;\u00e9checs de l&rsquo;histoire. Avec un classement Elo de 2735 en 2005, elle s&rsquo;est class\u00e9e 8e parmi les meilleurs joueurs d&rsquo;\u00e9checs du monde, ind\u00e9pendamment du genre. Aucune joueuse d&rsquo;\u00e9checs n&rsquo;a d\u00e9pass\u00e9 la qualit\u00e9 de son jeu \u00e0 ce jour. La meilleure joueuse d&rsquo;\u00e9checs actuelle est Hou Yifan, avec un classement Elo de 2686 (plus haut classement en 2015), elle est encore d&rsquo;environ 50 points en dessous de Polg\u00e1r. La deuxi\u00e8me place est d\u00e9tenue par Ju Wenjun, avec un classement Elo de 2604 en 2017. La raison pour laquelle seule Polg\u00e1r a r\u00e9ussi \u00e0 atteindre un classement \u00e9lev\u00e9 chez les hommes n&rsquo;est pas confirm\u00e9e. Cependant, comme d\u00e9crit pr\u00e9c\u00e9demment, les femmes ont \u00e9t\u00e9 exclues du jeu comp\u00e9titif pendant des si\u00e8cles et sont encore opprim\u00e9es dans de nombreux pays aujourd&rsquo;hui. Par cons\u00e9quent, la proportion de femmes aux \u00e9checs est actuellement d&rsquo;environ 15%.<\/p>\n<p>&nbsp;<\/p>\n<h2>L&rsquo;Avenir des Femmes aux \u00c9checs<\/h2>\n<p style=\"text-align: justify;\">La popularit\u00e9 croissante des \u00e9checs gr\u00e2ce \u00e0 la s\u00e9rie Netflix \u00ab\u00a0Queen\u2019s Gambit\u00a0\u00bb ou pendant la quarantaine de la pand\u00e9mie COVID-19 a entra\u00een\u00e9 un engouement pour les femmes streamers d&rsquo;\u00e9checs. Des personnalit\u00e9s \u00e9minentes de la sc\u00e8ne de streaming incluent les s\u0153urs Botez, Anna Cramling, Anna Rudolf et Qiyu Zhou. Bien que l&rsquo;attention m\u00e9diatique n&rsquo;ait peut-\u00eatre pas un impact imm\u00e9diat sur le nombre actif de joueuses d&rsquo;\u00e9checs, il est probable que plus de femmes que jamais ont \u00e9t\u00e9 inspir\u00e9es \u00e0 jouer aux \u00e9checs. De plus, la FIDE a d\u00e9clar\u00e9 2022 comme l'\u00a0\u00bbAnn\u00e9e de la Femme aux \u00c9checs\u00a0\u00bb pour reconna\u00eetre les r\u00e9alisations des femmes aux \u00e9checs et promouvoir leur participation au jeu. Apr\u00e8s la fin de la pand\u00e9mie de COVID-19, l&rsquo;afflux de jeunes joueurs d&rsquo;\u00e9checs a l\u00e9g\u00e8rement augment\u00e9, et il est pr\u00e9vu que le pourcentage de participation des filles a \u00e9galement l\u00e9g\u00e8rement augment\u00e9.<\/p>\n<p>&nbsp;<\/p>\n<h2>Conclusion<\/h2>\n<p style=\"text-align: justify;\">Les \u00e9checs ont toujours refl\u00e9t\u00e9 les conditions soci\u00e9tales. Les progr\u00e8s en mati\u00e8re d&rsquo;\u00e9galit\u00e9 des sexes sont \u00e9vidents aux \u00e9checs, mettant en avant non seulement la dame en tant que pi\u00e8ce d&rsquo;\u00e9checs, mais aussi le statut social et la qualit\u00e9 de jeu des femmes. Cela a \u00e9t\u00e9 confirm\u00e9 de mani\u00e8re impressionnante par des joueuses d&rsquo;\u00e9checs renomm\u00e9es comme Judit Polg\u00e1r. De plus, la grande passion pour les \u00e9checs au-del\u00e0 de la comp\u00e9tition a trouv\u00e9 son expression dans le divertissement moderne, cr\u00e9ant une sc\u00e8ne de streaming importante autour du c\u00e9l\u00e8bre jeu des rois, fortement influenc\u00e9e par les streamers f\u00e9minines. Si cette \u00e9volution augmentera la proportion de femmes aux \u00e9checs, reste \u00e0 voir, mais c&rsquo;est ind\u00e9niablement souhaitable.<\/p>\n","protected":false},"excerpt":{"rendered":"<p>Image mise en avant : Madame Chaud\u00e9 de Silans Le jeu d&rsquo;\u00e9checs poss\u00e8de une longue histoire. Au cours des 1 500 derni\u00e8res ann\u00e9es, il a influenc\u00e9 la culture et la politique, stimul\u00e9 et nourri l&rsquo;esprit des gens, et demeure le jeu de soci\u00e9t\u00e9 le plus c\u00e9l\u00e8bre dans le monde entier. Cependant, pendant longtemps, il \u00e9tait [&hellip;]<\/p>\n","protected":false},"author":1,"featured_media":6981,"parent":0,"menu_order":0,"comment_status":"closed","ping_status":"closed","template":"","meta":{"footnotes":""},"class_list":["post-15478","page","type-page","status-publish","has-post-thumbnail","hentry"],"_links":{"self":[{"href":"https:\/\/oraziopuglisi.art\/index.php\/wp-json\/wp\/v2\/pages\/15478","targetHints":{"allow":["GET"]}}],"collection":[{"href":"https:\/\/oraziopuglisi.art\/index.php\/wp-json\/wp\/v2\/pages"}],"about":[{"href":"https:\/\/oraziopuglisi.art\/index.php\/wp-json\/wp\/v2\/types\/page"}],"author":[{"embeddable":true,"href":"https:\/\/oraziopuglisi.art\/index.php\/wp-json\/wp\/v2\/users\/1"}],"replies":[{"embeddable":true,"href":"https:\/\/oraziopuglisi.art\/index.php\/wp-json\/wp\/v2\/comments?post=15478"}],"version-history":[{"count":5,"href":"https:\/\/oraziopuglisi.art\/index.php\/wp-json\/wp\/v2\/pages\/15478\/revisions"}],"predecessor-version":[{"id":15484,"href":"https:\/\/oraziopuglisi.art\/index.php\/wp-json\/wp\/v2\/pages\/15478\/revisions\/15484"}],"wp:featuredmedia":[{"embeddable":true,"href":"https:\/\/oraziopuglisi.art\/index.php\/wp-json\/wp\/v2\/media\/6981"}],"wp:attachment":[{"href":"https:\/\/oraziopuglisi.art\/index.php\/wp-json\/wp\/v2\/media?parent=15478"}],"curies":[{"name":"wp","href":"https:\/\/api.w.org\/{rel}","templated":true}]}}