{"id":15469,"date":"2024-12-28T19:35:48","date_gmt":"2024-12-28T18:35:48","guid":{"rendered":"https:\/\/oraziopuglisi.art\/?page_id=15469"},"modified":"2025-05-12T08:35:00","modified_gmt":"2025-05-12T06:35:00","slug":"la-peinture-francaise","status":"publish","type":"page","link":"https:\/\/oraziopuglisi.art\/index.php\/la-peinture-francaise\/","title":{"rendered":"La Peinture Fran\u00e7aise"},"content":{"rendered":"<p><span style=\"font-size: 10px;\"><strong>Image mise en avant :<\/strong> <em>The family of Darius before Alexander, <a href=\"https:\/\/fr.wikipedia.org\/wiki\/Charles_Le_Brun\">Charles Le Brun<\/a><\/em><\/span><\/p>\n<blockquote class=\"wp-embedded-content\" data-secret=\"S5hvzVvLAr\"><p><a href=\"https:\/\/oraziopuglisi.art\/index.php\/marie-hellene-augello\/\">Marie Hellene Augello<\/a><\/p><\/blockquote>\n<p><iframe loading=\"lazy\" class=\"wp-embedded-content\" sandbox=\"allow-scripts\" security=\"restricted\" style=\"position: absolute; visibility: hidden;\" title=\"\u00ab\u00a0Marie Hellene Augello\u00a0\u00bb &#8212; Orazio Puglisi\" src=\"https:\/\/oraziopuglisi.art\/index.php\/marie-hellene-augello\/embed\/#?secret=ozCcji1WaO#?secret=S5hvzVvLAr\" data-secret=\"S5hvzVvLAr\" width=\"600\" height=\"338\" frameborder=\"0\" marginwidth=\"0\" marginheight=\"0\" scrolling=\"no\"><\/iframe><\/p>\n<blockquote class=\"wp-embedded-content\" data-secret=\"dHfwckBL2M\"><p><a href=\"https:\/\/oraziopuglisi.art\/index.php\/guillaume-bresson\/\">Guillaume Bresson<\/a><\/p><\/blockquote>\n<p><iframe loading=\"lazy\" class=\"wp-embedded-content\" sandbox=\"allow-scripts\" security=\"restricted\" style=\"position: absolute; visibility: hidden;\" title=\"\u00ab\u00a0Guillaume Bresson\u00a0\u00bb &#8212; Orazio Puglisi\" src=\"https:\/\/oraziopuglisi.art\/index.php\/guillaume-bresson\/embed\/#?secret=HzkrYrl2r2#?secret=dHfwckBL2M\" data-secret=\"dHfwckBL2M\" width=\"600\" height=\"338\" frameborder=\"0\" marginwidth=\"0\" marginheight=\"0\" scrolling=\"no\"><\/iframe><\/p>\n<p>&nbsp;<\/p>\n<blockquote class=\"wp-embedded-content\" data-secret=\"b7p0f0d4HQ\"><p><a href=\"https:\/\/oraziopuglisi.art\/index.php\/le-xxe-siecle-4\/\">Le XX\u00e8 Si\u00e8cle<\/a><\/p><\/blockquote>\n<p><iframe loading=\"lazy\" class=\"wp-embedded-content\" sandbox=\"allow-scripts\" security=\"restricted\" style=\"position: absolute; visibility: hidden;\" title=\"\u00ab\u00a0Le XX\u00e8 Si\u00e8cle\u00a0\u00bb &#8212; Orazio Puglisi\" src=\"https:\/\/oraziopuglisi.art\/index.php\/le-xxe-siecle-4\/embed\/#?secret=5xtjXF11ej#?secret=b7p0f0d4HQ\" data-secret=\"b7p0f0d4HQ\" width=\"600\" height=\"338\" frameborder=\"0\" marginwidth=\"0\" marginheight=\"0\" scrolling=\"no\"><\/iframe><\/p>\n<blockquote class=\"wp-embedded-content\" data-secret=\"qIyXfKS3rA\"><p><a href=\"https:\/\/oraziopuglisi.art\/index.php\/le-xixe-siecle-4\/\">Le XIX\u00e8 Si\u00e8cle<\/a><\/p><\/blockquote>\n<p><iframe loading=\"lazy\" class=\"wp-embedded-content\" sandbox=\"allow-scripts\" security=\"restricted\" style=\"position: absolute; visibility: hidden;\" title=\"\u00ab\u00a0Le XIX\u00e8 Si\u00e8cle\u00a0\u00bb &#8212; Orazio Puglisi\" src=\"https:\/\/oraziopuglisi.art\/index.php\/le-xixe-siecle-4\/embed\/#?secret=DaDXse68tR#?secret=qIyXfKS3rA\" data-secret=\"qIyXfKS3rA\" width=\"600\" height=\"338\" frameborder=\"0\" marginwidth=\"0\" marginheight=\"0\" scrolling=\"no\"><\/iframe><\/p>\n<blockquote class=\"wp-embedded-content\" data-secret=\"VgpJzOLNSD\"><p><a href=\"https:\/\/oraziopuglisi.art\/index.php\/le-xviiie\/\">Le XVIII\u00e8<\/a><\/p><\/blockquote>\n<p><iframe loading=\"lazy\" class=\"wp-embedded-content\" sandbox=\"allow-scripts\" security=\"restricted\" style=\"position: absolute; visibility: hidden;\" title=\"\u00ab\u00a0Le XVIII\u00e8\u00a0\u00bb &#8212; Orazio Puglisi\" src=\"https:\/\/oraziopuglisi.art\/index.php\/le-xviiie\/embed\/#?secret=jVtzyDufcF#?secret=VgpJzOLNSD\" data-secret=\"VgpJzOLNSD\" width=\"600\" height=\"338\" frameborder=\"0\" marginwidth=\"0\" marginheight=\"0\" scrolling=\"no\"><\/iframe><\/p>\n<blockquote class=\"wp-embedded-content\" data-secret=\"rZgCUsi0OC\"><p><a href=\"https:\/\/oraziopuglisi.art\/index.php\/le-xviie-siecle-3\/\">Le XVII\u00e8 Si\u00e8cle<\/a><\/p><\/blockquote>\n<p><iframe loading=\"lazy\" class=\"wp-embedded-content\" sandbox=\"allow-scripts\" security=\"restricted\" style=\"position: absolute; visibility: hidden;\" title=\"\u00ab\u00a0Le XVII\u00e8 Si\u00e8cle\u00a0\u00bb &#8212; Orazio Puglisi\" src=\"https:\/\/oraziopuglisi.art\/index.php\/le-xviie-siecle-3\/embed\/#?secret=tFQXKbXhdl#?secret=rZgCUsi0OC\" data-secret=\"rZgCUsi0OC\" width=\"600\" height=\"338\" frameborder=\"0\" marginwidth=\"0\" marginheight=\"0\" scrolling=\"no\"><\/iframe><\/p>\n<p>&nbsp;<\/p>\n<p>&nbsp;<\/p>\n<p>&nbsp;<\/p>\n","protected":false},"excerpt":{"rendered":"<p>Image mise en avant : The family of Darius before Alexander, Charles Le Brun Marie Hellene Augello Guillaume Bresson &nbsp; Le XX\u00e8 Si\u00e8cle Le XIX\u00e8 Si\u00e8cle Le XVIII\u00e8 Le XVII\u00e8 Si\u00e8cle &nbsp; &nbsp; &nbsp;<\/p>\n","protected":false},"author":1,"featured_media":15474,"parent":0,"menu_order":0,"comment_status":"closed","ping_status":"closed","template":"","meta":{"footnotes":""},"class_list":["post-15469","page","type-page","status-publish","has-post-thumbnail","hentry"],"_links":{"self":[{"href":"https:\/\/oraziopuglisi.art\/index.php\/wp-json\/wp\/v2\/pages\/15469","targetHints":{"allow":["GET"]}}],"collection":[{"href":"https:\/\/oraziopuglisi.art\/index.php\/wp-json\/wp\/v2\/pages"}],"about":[{"href":"https:\/\/oraziopuglisi.art\/index.php\/wp-json\/wp\/v2\/types\/page"}],"author":[{"embeddable":true,"href":"https:\/\/oraziopuglisi.art\/index.php\/wp-json\/wp\/v2\/users\/1"}],"replies":[{"embeddable":true,"href":"https:\/\/oraziopuglisi.art\/index.php\/wp-json\/wp\/v2\/comments?post=15469"}],"version-history":[{"count":9,"href":"https:\/\/oraziopuglisi.art\/index.php\/wp-json\/wp\/v2\/pages\/15469\/revisions"}],"predecessor-version":[{"id":16349,"href":"https:\/\/oraziopuglisi.art\/index.php\/wp-json\/wp\/v2\/pages\/15469\/revisions\/16349"}],"wp:featuredmedia":[{"embeddable":true,"href":"https:\/\/oraziopuglisi.art\/index.php\/wp-json\/wp\/v2\/media\/15474"}],"wp:attachment":[{"href":"https:\/\/oraziopuglisi.art\/index.php\/wp-json\/wp\/v2\/media?parent=15469"}],"curies":[{"name":"wp","href":"https:\/\/api.w.org\/{rel}","templated":true}]}}