{"id":15440,"date":"2024-11-19T23:27:17","date_gmt":"2024-11-19T22:27:17","guid":{"rendered":"https:\/\/oraziopuglisi.art\/?page_id=15440"},"modified":"2024-11-19T23:39:52","modified_gmt":"2024-11-19T22:39:52","slug":"la-musique-de-film","status":"publish","type":"page","link":"https:\/\/oraziopuglisi.art\/index.php\/la-musique-de-film\/","title":{"rendered":"La Musique de Film"},"content":{"rendered":"<p><span style=\"font-size: 12px;\"><em>Image mise en avant : <span class=\"lang-la\" lang=\"la\"><a title=\"Pollice verso (G\u00e9r\u00f4me)\" href=\"https:\/\/fr.wikipedia.org\/wiki\/Pollice_verso_(G%C3%A9r%C3%B4me)\">Pollice verso<\/a><\/span>\u00a0(1872), par\u00a0<a title=\"Jean-L\u00e9on G\u00e9r\u00f4me\" href=\"https:\/\/fr.wikipedia.org\/wiki\/Jean-L%C3%A9on_G%C3%A9r%C3%B4me\">Jean-L\u00e9on G\u00e9r\u00f4me<\/a>.<\/em><\/span><\/p>\n<blockquote class=\"wp-embedded-content\" data-secret=\"r8tan59bgo\"><p><a href=\"https:\/\/oraziopuglisi.art\/index.php\/hans-zimmer\/\">Hans Zimmer<\/a><\/p><\/blockquote>\n<p><iframe loading=\"lazy\" class=\"wp-embedded-content\" sandbox=\"allow-scripts\" security=\"restricted\" style=\"position: absolute; visibility: hidden;\" title=\"\u00ab\u00a0Hans Zimmer\u00a0\u00bb &#8212; Orazio Puglisi\" src=\"https:\/\/oraziopuglisi.art\/index.php\/hans-zimmer\/embed\/#?secret=uP8LPYtKKa#?secret=r8tan59bgo\" data-secret=\"r8tan59bgo\" width=\"600\" height=\"338\" frameborder=\"0\" marginwidth=\"0\" marginheight=\"0\" scrolling=\"no\"><\/iframe><\/p>\n","protected":false},"excerpt":{"rendered":"<p>Image mise en avant : Pollice verso\u00a0(1872), par\u00a0Jean-L\u00e9on G\u00e9r\u00f4me. Hans Zimmer<\/p>\n","protected":false},"author":1,"featured_media":15451,"parent":0,"menu_order":0,"comment_status":"closed","ping_status":"closed","template":"","meta":{"footnotes":""},"class_list":["post-15440","page","type-page","status-publish","has-post-thumbnail","hentry"],"_links":{"self":[{"href":"https:\/\/oraziopuglisi.art\/index.php\/wp-json\/wp\/v2\/pages\/15440","targetHints":{"allow":["GET"]}}],"collection":[{"href":"https:\/\/oraziopuglisi.art\/index.php\/wp-json\/wp\/v2\/pages"}],"about":[{"href":"https:\/\/oraziopuglisi.art\/index.php\/wp-json\/wp\/v2\/types\/page"}],"author":[{"embeddable":true,"href":"https:\/\/oraziopuglisi.art\/index.php\/wp-json\/wp\/v2\/users\/1"}],"replies":[{"embeddable":true,"href":"https:\/\/oraziopuglisi.art\/index.php\/wp-json\/wp\/v2\/comments?post=15440"}],"version-history":[{"count":3,"href":"https:\/\/oraziopuglisi.art\/index.php\/wp-json\/wp\/v2\/pages\/15440\/revisions"}],"predecessor-version":[{"id":15452,"href":"https:\/\/oraziopuglisi.art\/index.php\/wp-json\/wp\/v2\/pages\/15440\/revisions\/15452"}],"wp:featuredmedia":[{"embeddable":true,"href":"https:\/\/oraziopuglisi.art\/index.php\/wp-json\/wp\/v2\/media\/15451"}],"wp:attachment":[{"href":"https:\/\/oraziopuglisi.art\/index.php\/wp-json\/wp\/v2\/media?parent=15440"}],"curies":[{"name":"wp","href":"https:\/\/api.w.org\/{rel}","templated":true}]}}