{"id":15305,"date":"2024-10-29T11:08:25","date_gmt":"2024-10-29T10:08:25","guid":{"rendered":"https:\/\/oraziopuglisi.art\/?page_id=15305"},"modified":"2026-02-13T13:05:34","modified_gmt":"2026-02-13T12:05:34","slug":"les-rois-de-france","status":"publish","type":"page","link":"https:\/\/oraziopuglisi.art\/index.php\/les-rois-de-france\/","title":{"rendered":"Les Rois de France"},"content":{"rendered":"<p><span style=\"font-size: 10px;\"><strong>Image mise en avant :<\/strong> <a href=\"https:\/\/fr.wikipedia.org\/wiki\/Louis_XIV\">Louis XIV<\/a> <a href=\"https:\/\/fr.wikipedia.org\/wiki\/Hyacinthe_Rigaud\">Hyacinthe Rigaud<\/a><\/span><\/p>\n<blockquote class=\"wp-embedded-content\" data-secret=\"JnDXktFtZo\"><p><a href=\"https:\/\/oraziopuglisi.art\/index.php\/generalites-7\/\">G\u00e9n\u00e9ralit\u00e9s<\/a><\/p><\/blockquote>\n<p><iframe loading=\"lazy\" class=\"wp-embedded-content\" sandbox=\"allow-scripts\" security=\"restricted\" style=\"position: absolute; visibility: hidden;\" title=\"\u00ab\u00a0G\u00e9n\u00e9ralit\u00e9s\u00a0\u00bb &#8212; Orazio Puglisi\" src=\"https:\/\/oraziopuglisi.art\/index.php\/generalites-7\/embed\/#?secret=DvaaFkwr8G#?secret=JnDXktFtZo\" data-secret=\"JnDXktFtZo\" width=\"600\" height=\"338\" frameborder=\"0\" marginwidth=\"0\" marginheight=\"0\" scrolling=\"no\"><\/iframe><\/p>\n<p>&nbsp;<\/p>\n<p>&nbsp;<\/p>\n<blockquote class=\"wp-embedded-content\" data-secret=\"em6MoJkPGQ\"><p><a href=\"https:\/\/oraziopuglisi.art\/index.php\/chronologie-1-des-rois-de-france\/\">Chronologie 1 des Rois de France<\/a><\/p><\/blockquote>\n<p><iframe loading=\"lazy\" class=\"wp-embedded-content\" sandbox=\"allow-scripts\" security=\"restricted\" style=\"position: absolute; visibility: hidden;\" title=\"\u00ab\u00a0Chronologie 1 des Rois de France\u00a0\u00bb &#8212; Orazio Puglisi\" src=\"https:\/\/oraziopuglisi.art\/index.php\/chronologie-1-des-rois-de-france\/embed\/#?secret=bbbxo7lRqc#?secret=em6MoJkPGQ\" data-secret=\"em6MoJkPGQ\" width=\"600\" height=\"338\" frameborder=\"0\" marginwidth=\"0\" marginheight=\"0\" scrolling=\"no\"><\/iframe><\/p>\n<p>&nbsp;<\/p>\n<blockquote class=\"wp-embedded-content\" data-secret=\"lwMSZLehyY\"><p><a href=\"https:\/\/oraziopuglisi.art\/index.php\/chronologie-2-des-rois-de-france\/\">Chronologie 2 des Rois de France<\/a><\/p><\/blockquote>\n<p><iframe loading=\"lazy\" class=\"wp-embedded-content\" sandbox=\"allow-scripts\" security=\"restricted\" style=\"position: absolute; visibility: hidden;\" title=\"\u00ab\u00a0Chronologie 2 des Rois de France\u00a0\u00bb &#8212; Orazio Puglisi\" src=\"https:\/\/oraziopuglisi.art\/index.php\/chronologie-2-des-rois-de-france\/embed\/#?secret=TD7LNkp0Bo#?secret=lwMSZLehyY\" data-secret=\"lwMSZLehyY\" width=\"600\" height=\"338\" frameborder=\"0\" marginwidth=\"0\" marginheight=\"0\" scrolling=\"no\"><\/iframe><\/p>\n","protected":false},"excerpt":{"rendered":"<p>Image mise en avant : Louis XIV Hyacinthe Rigaud G\u00e9n\u00e9ralit\u00e9s &nbsp; &nbsp; Chronologie 1 des Rois de France &nbsp; Chronologie 2 des Rois de France<\/p>\n","protected":false},"author":1,"featured_media":22199,"parent":0,"menu_order":0,"comment_status":"closed","ping_status":"closed","template":"","meta":{"footnotes":""},"class_list":["post-15305","page","type-page","status-publish","has-post-thumbnail","hentry"],"_links":{"self":[{"href":"https:\/\/oraziopuglisi.art\/index.php\/wp-json\/wp\/v2\/pages\/15305","targetHints":{"allow":["GET"]}}],"collection":[{"href":"https:\/\/oraziopuglisi.art\/index.php\/wp-json\/wp\/v2\/pages"}],"about":[{"href":"https:\/\/oraziopuglisi.art\/index.php\/wp-json\/wp\/v2\/types\/page"}],"author":[{"embeddable":true,"href":"https:\/\/oraziopuglisi.art\/index.php\/wp-json\/wp\/v2\/users\/1"}],"replies":[{"embeddable":true,"href":"https:\/\/oraziopuglisi.art\/index.php\/wp-json\/wp\/v2\/comments?post=15305"}],"version-history":[{"count":14,"href":"https:\/\/oraziopuglisi.art\/index.php\/wp-json\/wp\/v2\/pages\/15305\/revisions"}],"predecessor-version":[{"id":22201,"href":"https:\/\/oraziopuglisi.art\/index.php\/wp-json\/wp\/v2\/pages\/15305\/revisions\/22201"}],"wp:featuredmedia":[{"embeddable":true,"href":"https:\/\/oraziopuglisi.art\/index.php\/wp-json\/wp\/v2\/media\/22199"}],"wp:attachment":[{"href":"https:\/\/oraziopuglisi.art\/index.php\/wp-json\/wp\/v2\/media?parent=15305"}],"curies":[{"name":"wp","href":"https:\/\/api.w.org\/{rel}","templated":true}]}}