{"id":15282,"date":"2024-10-29T08:24:23","date_gmt":"2024-10-29T07:24:23","guid":{"rendered":"https:\/\/oraziopuglisi.art\/?page_id=15282"},"modified":"2024-11-02T20:01:43","modified_gmt":"2024-11-02T19:01:43","slug":"karl-zero","status":"publish","type":"page","link":"https:\/\/oraziopuglisi.art\/index.php\/karl-zero\/","title":{"rendered":"Karl Z\u00e9ro"},"content":{"rendered":"<p style=\"text-align: center;\"><a href=\"https:\/\/www.youtube.com\/results?search_query=Karl+Z%C3%A9ro+\">La chaine Karl Z\u00e9ro<\/a><\/p>\n<p>&nbsp;<\/p>\n<p><a href=\"https:\/\/www.youtube.com\/results?search_query=Karl+Z%C3%A9ro+\"><img loading=\"lazy\" decoding=\"async\" class=\"size-full wp-image-15294 aligncenter\" src=\"http:\/\/oraziopuglisi.art\/wp-content\/uploads\/2024\/10\/Karl-Zero.jpg\" alt=\"\" width=\"176\" height=\"176\" srcset=\"https:\/\/oraziopuglisi.art\/wp-content\/uploads\/2024\/10\/Karl-Zero.jpg 176w, https:\/\/oraziopuglisi.art\/wp-content\/uploads\/2024\/10\/Karl-Zero-150x150.jpg 150w\" sizes=\"auto, (max-width: 176px) 100vw, 176px\" \/><\/a><\/p>\n<p>&nbsp;<\/p>\n<p style=\"text-align: center;\"><a href=\"https:\/\/www.karlzero.tv\/content\/conversations-avec-des-heros-5-maxime-montaut-de-wanted-pedo-96394?locale=fr\">Karl Zero Tv<\/a><\/p>\n<p><a href=\"https:\/\/www.karlzero.tv\/content\/conversations-avec-des-heros-5-maxime-montaut-de-wanted-pedo-96394?locale=fr\"><img loading=\"lazy\" decoding=\"async\" class=\"alignnone size-full wp-image-15297\" src=\"http:\/\/oraziopuglisi.art\/wp-content\/uploads\/2024\/10\/Karlzero-tv.png\" alt=\"\" width=\"2443\" height=\"460\" srcset=\"https:\/\/oraziopuglisi.art\/wp-content\/uploads\/2024\/10\/Karlzero-tv.png 2443w, https:\/\/oraziopuglisi.art\/wp-content\/uploads\/2024\/10\/Karlzero-tv-300x56.png 300w, https:\/\/oraziopuglisi.art\/wp-content\/uploads\/2024\/10\/Karlzero-tv-1024x193.png 1024w, https:\/\/oraziopuglisi.art\/wp-content\/uploads\/2024\/10\/Karlzero-tv-768x145.png 768w, https:\/\/oraziopuglisi.art\/wp-content\/uploads\/2024\/10\/Karlzero-tv-1536x289.png 1536w, https:\/\/oraziopuglisi.art\/wp-content\/uploads\/2024\/10\/Karlzero-tv-2048x386.png 2048w, https:\/\/oraziopuglisi.art\/wp-content\/uploads\/2024\/10\/Karlzero-tv-1240x233.png 1240w, https:\/\/oraziopuglisi.art\/wp-content\/uploads\/2024\/10\/Karlzero-tv-508x96.png 508w\" sizes=\"auto, (max-width: 2443px) 100vw, 2443px\" \/><\/a><\/p>\n<p><img loading=\"lazy\" decoding=\"async\" class=\"alignnone size-full wp-image-15301\" src=\"http:\/\/oraziopuglisi.art\/wp-content\/uploads\/2024\/10\/Karl-Zero.webp\" alt=\"\" width=\"540\" height=\"312\" srcset=\"https:\/\/oraziopuglisi.art\/wp-content\/uploads\/2024\/10\/Karl-Zero.webp 540w, https:\/\/oraziopuglisi.art\/wp-content\/uploads\/2024\/10\/Karl-Zero-300x173.webp 300w, https:\/\/oraziopuglisi.art\/wp-content\/uploads\/2024\/10\/Karl-Zero-508x294.webp 508w\" sizes=\"auto, (max-width: 540px) 100vw, 540px\" \/><\/p>\n<p style=\"text-align: center;\"><a href=\"https:\/\/fr.wikipedia.org\/wiki\/Karl_Z%C3%A9ro\">Biographie<\/a><\/p>\n<p>&nbsp;<\/p>\n<p><iframe loading=\"lazy\" title=\"La matinale 31\/10 : P-DIDDY, ASE, Delon, les r\u00e9v\u00e9lations exclusives de Karl Z\u00e9ro !\" width=\"600\" height=\"338\" src=\"https:\/\/www.youtube.com\/embed\/kyKeIGg3CuQ?start=6516&#038;feature=oembed\" frameborder=\"0\" allow=\"accelerometer; autoplay; clipboard-write; encrypted-media; gyroscope; picture-in-picture; web-share\" referrerpolicy=\"strict-origin-when-cross-origin\" allowfullscreen><\/iframe><\/p>\n<p>&nbsp;<\/p>\n<p style=\"text-align: center;\">L&rsquo;affaire Zandvoort<\/p>\n<p>&nbsp;<\/p>\n<p><iframe loading=\"lazy\" title=\"Zandvoort, le fichier de la honte - Karl Z\u00e9ro Absolu\" width=\"600\" height=\"338\" src=\"https:\/\/www.youtube.com\/embed\/0lRLztD1SEs?feature=oembed\" frameborder=\"0\" allow=\"accelerometer; autoplay; clipboard-write; encrypted-media; gyroscope; picture-in-picture; web-share\" referrerpolicy=\"strict-origin-when-cross-origin\" allowfullscreen><\/iframe><\/p>\n<p><iframe loading=\"lazy\" title=\"Affaire Zandvoort   Enqu\u00eate sur le r\u00e9seau p\u00e9dophile - 1\" width=\"600\" height=\"450\" src=\"https:\/\/www.youtube.com\/embed\/-Kxw5J7XlY8?feature=oembed\" frameborder=\"0\" allow=\"accelerometer; autoplay; clipboard-write; encrypted-media; gyroscope; picture-in-picture; web-share\" referrerpolicy=\"strict-origin-when-cross-origin\" allowfullscreen><\/iframe><\/p>\n<p>&nbsp;<\/p>\n","protected":false},"excerpt":{"rendered":"<p>La chaine Karl Z\u00e9ro &nbsp; &nbsp; Karl Zero Tv Biographie &nbsp; &nbsp; L&rsquo;affaire Zandvoort &nbsp; &nbsp;<\/p>\n","protected":false},"author":1,"featured_media":15294,"parent":0,"menu_order":0,"comment_status":"closed","ping_status":"closed","template":"","meta":{"footnotes":""},"class_list":["post-15282","page","type-page","status-publish","has-post-thumbnail","hentry"],"_links":{"self":[{"href":"https:\/\/oraziopuglisi.art\/index.php\/wp-json\/wp\/v2\/pages\/15282","targetHints":{"allow":["GET"]}}],"collection":[{"href":"https:\/\/oraziopuglisi.art\/index.php\/wp-json\/wp\/v2\/pages"}],"about":[{"href":"https:\/\/oraziopuglisi.art\/index.php\/wp-json\/wp\/v2\/types\/page"}],"author":[{"embeddable":true,"href":"https:\/\/oraziopuglisi.art\/index.php\/wp-json\/wp\/v2\/users\/1"}],"replies":[{"embeddable":true,"href":"https:\/\/oraziopuglisi.art\/index.php\/wp-json\/wp\/v2\/comments?post=15282"}],"version-history":[{"count":12,"href":"https:\/\/oraziopuglisi.art\/index.php\/wp-json\/wp\/v2\/pages\/15282\/revisions"}],"predecessor-version":[{"id":15422,"href":"https:\/\/oraziopuglisi.art\/index.php\/wp-json\/wp\/v2\/pages\/15282\/revisions\/15422"}],"wp:featuredmedia":[{"embeddable":true,"href":"https:\/\/oraziopuglisi.art\/index.php\/wp-json\/wp\/v2\/media\/15294"}],"wp:attachment":[{"href":"https:\/\/oraziopuglisi.art\/index.php\/wp-json\/wp\/v2\/media?parent=15282"}],"curies":[{"name":"wp","href":"https:\/\/api.w.org\/{rel}","templated":true}]}}