{"id":15278,"date":"2024-10-29T08:22:42","date_gmt":"2024-10-29T07:22:42","guid":{"rendered":"https:\/\/oraziopuglisi.art\/?page_id=15278"},"modified":"2024-11-02T19:48:25","modified_gmt":"2024-11-02T18:48:25","slug":"wanted-pedo","status":"publish","type":"page","link":"https:\/\/oraziopuglisi.art\/index.php\/wanted-pedo\/","title":{"rendered":"Wanted P\u00e9do"},"content":{"rendered":"<p style=\"text-align: center;\"><a href=\"https:\/\/wantedpedo-officiel.com\/presentation\/\">Wanted P\u00e9do<\/a><\/p>\n<p>&nbsp;<\/p>\n<p style=\"text-align: justify;\">Tapez Wanted P\u00e9do dans Google vous verrez ! Pour ma part je l&rsquo;ai trouv\u00e9 en page 4 !<\/p>\n","protected":false},"excerpt":{"rendered":"<p>Wanted P\u00e9do &nbsp; Tapez Wanted P\u00e9do dans Google vous verrez ! Pour ma part je l&rsquo;ai trouv\u00e9 en page 4 !<\/p>\n","protected":false},"author":1,"featured_media":15411,"parent":0,"menu_order":0,"comment_status":"closed","ping_status":"closed","template":"","meta":{"footnotes":""},"class_list":["post-15278","page","type-page","status-publish","has-post-thumbnail","hentry"],"_links":{"self":[{"href":"https:\/\/oraziopuglisi.art\/index.php\/wp-json\/wp\/v2\/pages\/15278","targetHints":{"allow":["GET"]}}],"collection":[{"href":"https:\/\/oraziopuglisi.art\/index.php\/wp-json\/wp\/v2\/pages"}],"about":[{"href":"https:\/\/oraziopuglisi.art\/index.php\/wp-json\/wp\/v2\/types\/page"}],"author":[{"embeddable":true,"href":"https:\/\/oraziopuglisi.art\/index.php\/wp-json\/wp\/v2\/users\/1"}],"replies":[{"embeddable":true,"href":"https:\/\/oraziopuglisi.art\/index.php\/wp-json\/wp\/v2\/comments?post=15278"}],"version-history":[{"count":3,"href":"https:\/\/oraziopuglisi.art\/index.php\/wp-json\/wp\/v2\/pages\/15278\/revisions"}],"predecessor-version":[{"id":15412,"href":"https:\/\/oraziopuglisi.art\/index.php\/wp-json\/wp\/v2\/pages\/15278\/revisions\/15412"}],"wp:featuredmedia":[{"embeddable":true,"href":"https:\/\/oraziopuglisi.art\/index.php\/wp-json\/wp\/v2\/media\/15411"}],"wp:attachment":[{"href":"https:\/\/oraziopuglisi.art\/index.php\/wp-json\/wp\/v2\/media?parent=15278"}],"curies":[{"name":"wp","href":"https:\/\/api.w.org\/{rel}","templated":true}]}}