{"id":15275,"date":"2024-10-29T08:19:44","date_gmt":"2024-10-29T07:19:44","guid":{"rendered":"https:\/\/oraziopuglisi.art\/?page_id=15275"},"modified":"2024-11-02T19:57:01","modified_gmt":"2024-11-02T18:57:01","slug":"ceux-qui-luttent","status":"publish","type":"page","link":"https:\/\/oraziopuglisi.art\/index.php\/ceux-qui-luttent\/","title":{"rendered":"Ceux qui luttent"},"content":{"rendered":"<blockquote class=\"wp-embedded-content\" data-secret=\"w5rkqPwpKi\"><p><a href=\"https:\/\/oraziopuglisi.art\/index.php\/wanted-pedo\/\">Wanted P\u00e9do<\/a><\/p><\/blockquote>\n<p><iframe loading=\"lazy\" class=\"wp-embedded-content\" sandbox=\"allow-scripts\" security=\"restricted\" style=\"position: absolute; visibility: hidden;\" title=\"\u00ab\u00a0Wanted P\u00e9do\u00a0\u00bb &#8212; Orazio Puglisi\" src=\"https:\/\/oraziopuglisi.art\/index.php\/wanted-pedo\/embed\/#?secret=lHBH4Uf9Q4#?secret=w5rkqPwpKi\" data-secret=\"w5rkqPwpKi\" width=\"600\" height=\"338\" frameborder=\"0\" marginwidth=\"0\" marginheight=\"0\" scrolling=\"no\"><\/iframe><\/p>\n<blockquote class=\"wp-embedded-content\" data-secret=\"UQUk337qsJ\"><p><a href=\"https:\/\/oraziopuglisi.art\/index.php\/innocence-en-danger\/\">Innocence en danger<\/a><\/p><\/blockquote>\n<p><iframe loading=\"lazy\" class=\"wp-embedded-content\" sandbox=\"allow-scripts\" security=\"restricted\" style=\"position: absolute; visibility: hidden;\" title=\"\u00ab\u00a0Innocence en danger\u00a0\u00bb &#8212; Orazio Puglisi\" src=\"https:\/\/oraziopuglisi.art\/index.php\/innocence-en-danger\/embed\/#?secret=eCTyLrjMR5#?secret=UQUk337qsJ\" data-secret=\"UQUk337qsJ\" width=\"600\" height=\"338\" frameborder=\"0\" marginwidth=\"0\" marginheight=\"0\" scrolling=\"no\"><\/iframe><\/p>\n<blockquote class=\"wp-embedded-content\" data-secret=\"1hwbxUL4Rv\"><p><a href=\"https:\/\/oraziopuglisi.art\/index.php\/karl-zero\/\">Karl Z\u00e9ro<\/a><\/p><\/blockquote>\n<p><iframe loading=\"lazy\" class=\"wp-embedded-content\" sandbox=\"allow-scripts\" security=\"restricted\" style=\"position: absolute; visibility: hidden;\" title=\"\u00ab\u00a0Karl Z\u00e9ro\u00a0\u00bb &#8212; Orazio Puglisi\" src=\"https:\/\/oraziopuglisi.art\/index.php\/karl-zero\/embed\/#?secret=3NJhWQtsuy#?secret=1hwbxUL4Rv\" data-secret=\"1hwbxUL4Rv\" width=\"600\" height=\"338\" frameborder=\"0\" marginwidth=\"0\" marginheight=\"0\" scrolling=\"no\"><\/iframe><\/p>\n<blockquote class=\"wp-embedded-content\" data-secret=\"KyyspH7Ocu\"><p><a href=\"https:\/\/oraziopuglisi.art\/index.php\/fondation-pour-lenfance\/\">Fondation pour l&rsquo;enfance<\/a><\/p><\/blockquote>\n<p><iframe loading=\"lazy\" class=\"wp-embedded-content\" sandbox=\"allow-scripts\" security=\"restricted\" style=\"position: absolute; visibility: hidden;\" title=\"\u00ab\u00a0Fondation pour l&rsquo;enfance\u00a0\u00bb &#8212; Orazio Puglisi\" src=\"https:\/\/oraziopuglisi.art\/index.php\/fondation-pour-lenfance\/embed\/#?secret=PqUaURm6Ic#?secret=KyyspH7Ocu\" data-secret=\"KyyspH7Ocu\" width=\"600\" height=\"338\" frameborder=\"0\" marginwidth=\"0\" marginheight=\"0\" scrolling=\"no\"><\/iframe><\/p>\n<blockquote class=\"wp-embedded-content\" data-secret=\"N6LwxPVUsO\"><p><a href=\"https:\/\/oraziopuglisi.art\/index.php\/silence-a-lecoute\/\">Silence \u00e0 l&rsquo;\u00e9coute<\/a><\/p><\/blockquote>\n<p><iframe loading=\"lazy\" class=\"wp-embedded-content\" sandbox=\"allow-scripts\" security=\"restricted\" style=\"position: absolute; visibility: hidden;\" title=\"\u00ab\u00a0Silence \u00e0 l&rsquo;\u00e9coute\u00a0\u00bb &#8212; Orazio Puglisi\" src=\"https:\/\/oraziopuglisi.art\/index.php\/silence-a-lecoute\/embed\/#?secret=g2nVdhdwld#?secret=N6LwxPVUsO\" data-secret=\"N6LwxPVUsO\" width=\"600\" height=\"338\" frameborder=\"0\" marginwidth=\"0\" marginheight=\"0\" scrolling=\"no\"><\/iframe><\/p>\n","protected":false},"excerpt":{"rendered":"<p>Wanted P\u00e9do Innocence en danger Karl Z\u00e9ro Fondation pour l&rsquo;enfance Silence \u00e0 l&rsquo;\u00e9coute<\/p>\n","protected":false},"author":1,"featured_media":15419,"parent":0,"menu_order":0,"comment_status":"closed","ping_status":"closed","template":"","meta":{"footnotes":""},"class_list":["post-15275","page","type-page","status-publish","has-post-thumbnail","hentry"],"_links":{"self":[{"href":"https:\/\/oraziopuglisi.art\/index.php\/wp-json\/wp\/v2\/pages\/15275","targetHints":{"allow":["GET"]}}],"collection":[{"href":"https:\/\/oraziopuglisi.art\/index.php\/wp-json\/wp\/v2\/pages"}],"about":[{"href":"https:\/\/oraziopuglisi.art\/index.php\/wp-json\/wp\/v2\/types\/page"}],"author":[{"embeddable":true,"href":"https:\/\/oraziopuglisi.art\/index.php\/wp-json\/wp\/v2\/users\/1"}],"replies":[{"embeddable":true,"href":"https:\/\/oraziopuglisi.art\/index.php\/wp-json\/wp\/v2\/comments?post=15275"}],"version-history":[{"count":4,"href":"https:\/\/oraziopuglisi.art\/index.php\/wp-json\/wp\/v2\/pages\/15275\/revisions"}],"predecessor-version":[{"id":15418,"href":"https:\/\/oraziopuglisi.art\/index.php\/wp-json\/wp\/v2\/pages\/15275\/revisions\/15418"}],"wp:featuredmedia":[{"embeddable":true,"href":"https:\/\/oraziopuglisi.art\/index.php\/wp-json\/wp\/v2\/media\/15419"}],"wp:attachment":[{"href":"https:\/\/oraziopuglisi.art\/index.php\/wp-json\/wp\/v2\/media?parent=15275"}],"curies":[{"name":"wp","href":"https:\/\/api.w.org\/{rel}","templated":true}]}}