{"id":15021,"date":"2024-10-13T20:53:39","date_gmt":"2024-10-13T18:53:39","guid":{"rendered":"https:\/\/oraziopuglisi.art\/?page_id=15021"},"modified":"2024-10-14T15:52:22","modified_gmt":"2024-10-14T13:52:22","slug":"buste-de-brutus","status":"publish","type":"page","link":"https:\/\/oraziopuglisi.art\/index.php\/buste-de-brutus\/","title":{"rendered":"Buste de Brutus"},"content":{"rendered":"<p style=\"text-align: center;\"><a href=\"https:\/\/fr.wikipedia.org\/wiki\/Brutus_(Michel-Ange)\">Buste Brutus<\/a><\/p>\n<p style=\"text-align: justify;\"><i><b>Brutus<\/b><\/i>\u00a0(<i>Bruto<\/i>\u00a0en italien) est une sculpture de\u00a0<a title=\"Michel-Ange\" href=\"https:\/\/fr.wikipedia.org\/wiki\/Michel-Ange\">Michel-Ange<\/a>, conserv\u00e9 au\u00a0<a title=\"Mus\u00e9e national du Bargello\" href=\"https:\/\/fr.wikipedia.org\/wiki\/Mus%C3%A9e_national_du_Bargello\">mus\u00e9e national du Bargello<\/a>.<\/p>\n<div class=\"mw-heading mw-heading2\" style=\"text-align: justify;\">\n<h2 id=\"Histoire\">Histoire<\/h2>\n<\/div>\n<p style=\"text-align: justify;\">L&rsquo;\u0153uvre a probablement \u00e9t\u00e9 sculpt\u00e9e pour le cardinal\u00a0<a title=\"Niccol\u00f2 Ridolfi (cardinal)\" href=\"https:\/\/fr.wikipedia.org\/wiki\/Niccol%C3%B2_Ridolfi_(cardinal)\">Niccol\u00f2 Ridolfi<\/a>\u00a0en\u00a0<a title=\"1539\" href=\"https:\/\/fr.wikipedia.org\/wiki\/1539\">1539<\/a>. Alors qu&rsquo;il travaille sur le\u00a0<a title=\"Le Jugement dernier (Michel-Ange)\" href=\"https:\/\/fr.wikipedia.org\/wiki\/Le_Jugement_dernier_(Michel-Ange)\">Jugement Dernier<\/a>, Michel-Ange commence la r\u00e9alisation d&rsquo;un buste de Brutus, sans doute \u00e0 la suggestion de\u00a0<a title=\"Donato Giannotti\" href=\"https:\/\/fr.wikipedia.org\/wiki\/Donato_Giannotti\">Donato Giannotti<\/a>, d\u00e9fenseur de\u00a0<a title=\"Florence\" href=\"https:\/\/fr.wikipedia.org\/wiki\/Florence\">Florence<\/a>\u00a0durant le\u00a0<a title=\"Si\u00e8ge de Florence\" href=\"https:\/\/fr.wikipedia.org\/wiki\/Si%C3%A8ge_de_Florence\">si\u00e8ge de la ville<\/a>\u00a0en 1529 et au service du cardinal Niccol\u00f2 Ridolfi, opposant tr\u00e8s virulent \u00e0 la famille des\u00a0<a title=\"Maison de M\u00e9dicis\" href=\"https:\/\/fr.wikipedia.org\/wiki\/Maison_de_M%C3%A9dicis\">M\u00e9dicis<\/a>. Ce sont sans doute ses liens avec les membres exil\u00e9s des grandes familles florentines qui ont amen\u00e9 Michel-Ange \u00e0 r\u00e9aliser le portrait de Brutus, dont la figure est glorifi\u00e9e parmi ces cercles r\u00e9publicains oppos\u00e9s aux M\u00e9dicis. La figure de l&rsquo;illustre citoyen qui d\u00e9barrassa Rome du tyran est c\u00e9l\u00e9br\u00e9e parce qu&rsquo;elle renvoie \u00e0 l&rsquo;assassinat du\u00a0<a title=\"Alexandre de M\u00e9dicis (1510-1537)\" href=\"https:\/\/fr.wikipedia.org\/wiki\/Alexandre_de_M%C3%A9dicis_(1510-1537)\">duc Alexandre<\/a>\u00a0en 1537 par son cousin\u00a0<a title=\"Lorenzino de M\u00e9dicis\" href=\"https:\/\/fr.wikipedia.org\/wiki\/Lorenzino_de_M%C3%A9dicis\">Lorenzino<\/a>, mettant l&#8217;emphase sur le c\u00f4t\u00e9 lib\u00e9rateur de cet acte.<\/p>\n<p><img loading=\"lazy\" decoding=\"async\" class=\"alignnone size-full wp-image-15129\" src=\"http:\/\/oraziopuglisi.art\/wp-content\/uploads\/2024\/10\/Michelangelo_Brutus.jpg\" alt=\"\" width=\"390\" height=\"545\" srcset=\"https:\/\/oraziopuglisi.art\/wp-content\/uploads\/2024\/10\/Michelangelo_Brutus.jpg 390w, https:\/\/oraziopuglisi.art\/wp-content\/uploads\/2024\/10\/Michelangelo_Brutus-215x300.jpg 215w\" sizes=\"auto, (max-width: 390px) 100vw, 390px\" \/><\/p>\n<p style=\"text-align: justify;\">\u00c0 la mort de Michel-Ange, le buste est acquis par le grand-duc Fran\u00e7ois de M\u00e9dicis qui y fit rajouter une inscription, expliquant le caract\u00e8re inachev\u00e9 de l\u2019\u0153uvre\u00a0: Michel-Ange aurait d\u00e9cid\u00e9 d&rsquo;abandonner le buste lorsqu&rsquo;il comprit qu&rsquo;il c\u00e9l\u00e9brait par l\u00e0 un assassinat<sup id=\"cite_ref-:0_1-0\" class=\"reference\"><a href=\"https:\/\/fr.wikipedia.org\/wiki\/Brutus_(Michel-Ange)#cite_note-:0-1\">1<\/a><\/sup>. Que cette inscription refl\u00e8te la r\u00e9alit\u00e9 historique, ou soit un moyen pour les M\u00e9dicis de contrer la puissance subversive de l\u2019\u0153uvre, il est difficile de trancher\u00a0; on sait toutefois que Michel-Ange garda le buste inachev\u00e9, avant de le donner \u00e0\u00a0<a title=\"Tiberio Calcagni\" href=\"https:\/\/fr.wikipedia.org\/wiki\/Tiberio_Calcagni\">Tiberio Calcagni<\/a>.<\/p>\n<div class=\"mw-heading mw-heading2\" style=\"text-align: justify;\">\n<h2 id=\"Description\">Description<\/h2>\n<\/div>\n<p style=\"text-align: justify;\">Comme l&rsquo;\u00e9crit Linda Murray<sup id=\"cite_ref-:0_1-1\" class=\"reference\"><a href=\"https:\/\/fr.wikipedia.org\/wiki\/Brutus_(Michel-Ange)#cite_note-:0-1\">1<\/a><\/sup>\u00a0: \u00a0\u00bb Le buste s&rsquo;inspire des bustes imp\u00e9riaux romains, dont il existait de nombreux exemples \u00e0 Rome. Le profil est noble et volontaire mais, vu de face, le visage, reposant sur son cou puissant, et empreint d&rsquo;une certaine lourdeur. Cette ambivalence sans doute voulue est accentu\u00e9e par l&rsquo;inach\u00e8vement de l\u2019\u0153uvre.\u00a0\u00bb Il est \u00e9galement \u00e0 noter que Tiberio Calcagni travailla \u00e9galement sur le drap\u00e9 de la sculpture, sans doute apr\u00e8s que Michel-Ange lui en ait fait don.<\/p>\n<div class=\"mw-heading mw-heading2\" style=\"text-align: justify;\">\n<h2 id=\"Analyse\">Analyse<\/h2>\n<\/div>\n<p style=\"text-align: justify;\">Michel-Ange avait des id\u00e9es profond\u00e9ment r\u00e9publicaines. Apr\u00e8s le retour des M\u00e9dicis au pouvoir, il d\u00e9cide de d\u00e9m\u00e9nager pour toujours \u00e0 Rome. Son ami,\u00a0<a title=\"Donato Giannotti\" href=\"https:\/\/fr.wikipedia.org\/wiki\/Donato_Giannotti\">Donato Giannotti<\/a>, l&rsquo;avait inspir\u00e9 pour ses \u00e9crits anti M\u00e9dicis. Le personnage de\u00a0<a title=\"Marcus Junius Brutus\" href=\"https:\/\/fr.wikipedia.org\/wiki\/Marcus_Junius_Brutus\">Brutus<\/a>\u00a0est sculpt\u00e9 de mani\u00e8re glorifiante\u00a0: il est repr\u00e9sent\u00e9 comme le d\u00e9fenseur des valeurs r\u00e9publicaines et le meurtrier de\u00a0<a title=\"Jules C\u00e9sar\" href=\"https:\/\/fr.wikipedia.org\/wiki\/Jules_C%C3%A9sar\">C\u00e9sar<\/a>. Il s&rsquo;attarde sur l&rsquo;expression du visage, le reste du corps est \u00e0 peine \u00e9bauch\u00e9.<\/p>\n<p style=\"text-align: justify;\">\u00a0<\/p>\n","protected":false},"excerpt":{"rendered":"<p>Buste Brutus Brutus\u00a0(Bruto\u00a0en italien) est une sculpture de\u00a0Michel-Ange, conserv\u00e9 au\u00a0mus\u00e9e national du Bargello. Histoire L&rsquo;\u0153uvre a probablement \u00e9t\u00e9 sculpt\u00e9e pour le cardinal\u00a0Niccol\u00f2 Ridolfi\u00a0en\u00a01539. Alors qu&rsquo;il travaille sur le\u00a0Jugement Dernier, Michel-Ange commence la r\u00e9alisation d&rsquo;un buste de Brutus, sans doute \u00e0 la suggestion de\u00a0Donato Giannotti, d\u00e9fenseur de\u00a0Florence\u00a0durant le\u00a0si\u00e8ge de la ville\u00a0en 1529 et au service du [&hellip;]<\/p>\n","protected":false},"author":1,"featured_media":15129,"parent":0,"menu_order":0,"comment_status":"closed","ping_status":"closed","template":"","meta":{"footnotes":""},"class_list":["post-15021","page","type-page","status-publish","has-post-thumbnail","hentry"],"_links":{"self":[{"href":"https:\/\/oraziopuglisi.art\/index.php\/wp-json\/wp\/v2\/pages\/15021","targetHints":{"allow":["GET"]}}],"collection":[{"href":"https:\/\/oraziopuglisi.art\/index.php\/wp-json\/wp\/v2\/pages"}],"about":[{"href":"https:\/\/oraziopuglisi.art\/index.php\/wp-json\/wp\/v2\/types\/page"}],"author":[{"embeddable":true,"href":"https:\/\/oraziopuglisi.art\/index.php\/wp-json\/wp\/v2\/users\/1"}],"replies":[{"embeddable":true,"href":"https:\/\/oraziopuglisi.art\/index.php\/wp-json\/wp\/v2\/comments?post=15021"}],"version-history":[{"count":5,"href":"https:\/\/oraziopuglisi.art\/index.php\/wp-json\/wp\/v2\/pages\/15021\/revisions"}],"predecessor-version":[{"id":15130,"href":"https:\/\/oraziopuglisi.art\/index.php\/wp-json\/wp\/v2\/pages\/15021\/revisions\/15130"}],"wp:featuredmedia":[{"embeddable":true,"href":"https:\/\/oraziopuglisi.art\/index.php\/wp-json\/wp\/v2\/media\/15129"}],"wp:attachment":[{"href":"https:\/\/oraziopuglisi.art\/index.php\/wp-json\/wp\/v2\/media?parent=15021"}],"curies":[{"name":"wp","href":"https:\/\/api.w.org\/{rel}","templated":true}]}}