{"id":15017,"date":"2024-10-13T20:52:26","date_gmt":"2024-10-13T18:52:26","guid":{"rendered":"https:\/\/oraziopuglisi.art\/?page_id=15017"},"modified":"2024-10-14T15:28:16","modified_gmt":"2024-10-14T13:28:16","slug":"le-garcon-accroupi","status":"publish","type":"page","link":"https:\/\/oraziopuglisi.art\/index.php\/le-garcon-accroupi\/","title":{"rendered":"Le Gar\u00e7on accroupi"},"content":{"rendered":"<p><span style=\"font-size: 12px;\"><strong>Image mise en avant :<\/strong> <a href=\"https:\/\/fr.wikipedia.org\/wiki\/Gar%C3%A7on_accroupi\">Le Gar\u00e7on Accroupi<\/a><\/span><\/p>\n<table>\n<tbody>\n<tr class=\"\">\n<th scope=\"row\">Date<\/th>\n<td class=\"\">\n<div>1530-1534<\/div>\n<\/td>\n<\/tr>\n<tr class=\"\">\n<th scope=\"row\">Type<\/th>\n<td class=\"\">\n<div><span class=\"wd_p136\"><a title=\"Nu (genre artistique)\" href=\"https:\/\/fr.wikipedia.org\/wiki\/Nu_(genre_artistique)\">Nu<\/a><span class=\"noprint wikidata-linkback skin-invert\"><span class=\"mw-valign-baseline noviewer\"><a title=\"Voir et modifier les donn\u00e9es sur Wikidata\" href=\"https:\/\/www.wikidata.org\/wiki\/Q2440879?uselang=fr#P136\"><img loading=\"lazy\" decoding=\"async\" class=\"mw-file-element\" src=\"https:\/\/upload.wikimedia.org\/wikipedia\/commons\/thumb\/7\/73\/Blue_pencil.svg\/10px-Blue_pencil.svg.png\" srcset=\"\/\/upload.wikimedia.org\/wikipedia\/commons\/thumb\/7\/73\/Blue_pencil.svg\/15px-Blue_pencil.svg.png 1.5x, \/\/upload.wikimedia.org\/wikipedia\/commons\/thumb\/7\/73\/Blue_pencil.svg\/20px-Blue_pencil.svg.png 2x\" alt=\"Voir et modifier les donn\u00e9es sur Wikidata\" width=\"10\" height=\"10\" data-file-width=\"600\" data-file-height=\"600\" \/><\/a><\/span><\/span><\/span><\/div>\n<\/td>\n<\/tr>\n<tr class=\"\">\n<th scope=\"row\">Technique<\/th>\n<td class=\"\">\n<div>Statue en marbre<\/div>\n<\/td>\n<\/tr>\n<tr class=\"\">\n<th scope=\"row\">Dimensions (H\u00a0\u00d7\u00a0L)<\/th>\n<td class=\"\">\n<div>54\u00a0\u00d7\u00a0? cm<\/div>\n<\/td>\n<\/tr>\n<tr class=\"\">\n<th scope=\"row\">Mouvement<\/th>\n<td class=\"\">\n<div><span class=\"wd_p135\"><a title=\"Renaissance italienne\" href=\"https:\/\/fr.wikipedia.org\/wiki\/Renaissance_italienne\">Renaissance italienne<\/a><span class=\"noprint wikidata-linkback skin-invert\"><span class=\"mw-valign-baseline noviewer\"><a title=\"Voir et modifier les donn\u00e9es sur Wikidata\" href=\"https:\/\/www.wikidata.org\/wiki\/Q2440879?uselang=fr#P135\"><img loading=\"lazy\" decoding=\"async\" class=\"mw-file-element\" src=\"https:\/\/upload.wikimedia.org\/wikipedia\/commons\/thumb\/7\/73\/Blue_pencil.svg\/10px-Blue_pencil.svg.png\" srcset=\"\/\/upload.wikimedia.org\/wikipedia\/commons\/thumb\/7\/73\/Blue_pencil.svg\/15px-Blue_pencil.svg.png 1.5x, \/\/upload.wikimedia.org\/wikipedia\/commons\/thumb\/7\/73\/Blue_pencil.svg\/20px-Blue_pencil.svg.png 2x\" alt=\"Voir et modifier les donn\u00e9es sur Wikidata\" width=\"10\" height=\"10\" data-file-width=\"600\" data-file-height=\"600\" \/><\/a><\/span><\/span><\/span><\/div>\n<\/td>\n<\/tr>\n<tr class=\"\">\n<th scope=\"row\">Localisation<\/th>\n<td class=\"\">\n<div><a title=\"Mus\u00e9e de l'Ermitage\" href=\"https:\/\/fr.wikipedia.org\/wiki\/Mus%C3%A9e_de_l%27Ermitage\">Mus\u00e9e de l&rsquo;Ermitage<\/a>(Saint-P\u00e9tersbourg)<\/div>\n<\/td>\n<\/tr>\n<\/tbody>\n<\/table>\n<p style=\"text-align: center;\"><a href=\"https:\/\/fr.wikipedia.org\/wiki\/Gar%C3%A7on_accroupi\">Le Gar\u00e7on Accroupi<\/a><\/p>\n<p style=\"text-align: justify;\">Le\u00a0<i><b>Gar\u00e7on accroupi<\/b><\/i>\u00a0est une sculpture du peintre et sculpteur\u00a0<a title=\"Italie\" href=\"https:\/\/fr.wikipedia.org\/wiki\/Italie\">italien<\/a>\u00a0de la Renaissance\u00a0<a title=\"Michel-Ange\" href=\"https:\/\/fr.wikipedia.org\/wiki\/Michel-Ange\">Michel-Ange<\/a>, conserv\u00e9e aujourd&rsquo;hui au\u00a0<a title=\"Mus\u00e9e de l'Ermitage\" href=\"https:\/\/fr.wikipedia.org\/wiki\/Mus%C3%A9e_de_l%27Ermitage\">Mus\u00e9e de l&rsquo;Ermitage<\/a>\u00a0\u00e0\u00a0<a title=\"Saint-P\u00e9tersbourg\" href=\"https:\/\/fr.wikipedia.org\/wiki\/Saint-P%C3%A9tersbourg\">Saint-P\u00e9tersbourg<\/a>.<\/p>\n<p>&nbsp;<\/p>\n<p><img loading=\"lazy\" decoding=\"async\" class=\"size-full wp-image-15113 aligncenter\" src=\"http:\/\/oraziopuglisi.art\/wp-content\/uploads\/2024\/10\/Michelangelo-Buonarroti-Crouching_Boy-3-Hermitage.jpg\" alt=\"\" width=\"390\" height=\"520\" srcset=\"https:\/\/oraziopuglisi.art\/wp-content\/uploads\/2024\/10\/Michelangelo-Buonarroti-Crouching_Boy-3-Hermitage.jpg 390w, https:\/\/oraziopuglisi.art\/wp-content\/uploads\/2024\/10\/Michelangelo-Buonarroti-Crouching_Boy-3-Hermitage-225x300.jpg 225w\" sizes=\"auto, (max-width: 390px) 100vw, 390px\" \/><\/p>\n<div class=\"mw-heading mw-heading2\" style=\"text-align: justify;\">\n<h2 id=\"Description\">Description<\/h2>\n<\/div>\n<p style=\"text-align: justify;\">Le\u00a0<i>Gar\u00e7on accroupi<\/i>\u00a0est une sculpture en marbre de 54\u00a0<abbr class=\"abbr\" title=\"centim\u00e8tre\">cm<\/abbr>\u00a0et repr\u00e9sente un gar\u00e7on nu, repli\u00e9 sur lui-m\u00eame, peut-\u00eatre en train de se retirer une \u00e9pine du pied. M\u00eame si la statue n&rsquo;est pas bien finie, les traits du visage, les cheveux et les formes du corps sont bien reconnaissables.<\/p>\n<div class=\"mw-heading mw-heading2\" style=\"text-align: justify;\">\n<h2 id=\"Histoire\">Histoire<\/h2>\n<\/div>\n<p style=\"text-align: justify;\">La statue qui appartenait \u00e0 l&rsquo;origine aux\u00a0<a title=\"Maison de M\u00e9dicis\" href=\"https:\/\/fr.wikipedia.org\/wiki\/Maison_de_M%C3%A9dicis\">M\u00e9dicis<\/a>, fut achet\u00e9e par le banquier John Lyde Browne, un collectionneur anglais qui avait \u00e9t\u00e9 charg\u00e9 par la\u00a0<a class=\"mw-redirect\" title=\"Tzar\" href=\"https:\/\/fr.wikipedia.org\/wiki\/Tzar\">tzarine<\/a>\u00a0<a class=\"mw-redirect\" title=\"Catherine II de Russie\" href=\"https:\/\/fr.wikipedia.org\/wiki\/Catherine_II_de_Russie\">Catherine II de Russie<\/a>\u00a0de lui trouver des \u0153uvres en Europe occidentale afin d&rsquo;\u00e9toffer sa collection.<\/p>\n<p style=\"text-align: justify;\">L&rsquo;\u0153uvre n&rsquo;a \u00e9t\u00e9 que r\u00e9cemment \u00e9t\u00e9 attribu\u00e9e avec certitude \u00e0 Michel-Ange. Ceci a \u00e9t\u00e9 possible gr\u00e2ce \u00e0 l&rsquo;intuition de l&rsquo;\u00e9rudite allemande Anny E. Popp qui en 1923 la compara \u00e0 un dessin conserv\u00e9 au\u00a0<a title=\"British Museum\" href=\"https:\/\/fr.wikipedia.org\/wiki\/British_Museum\">British Museum<\/a>\u00a0de Londres relatif au premier projet pour la\u00a0<i>Sagrestia Nuova<\/i>\u00a0des\u00a0<a title=\"Chapelles des M\u00e9dicis\" href=\"https:\/\/fr.wikipedia.org\/wiki\/Chapelles_des_M%C3%A9dicis\">chapelles des M\u00e9dicis<\/a>\u00a0de la\u00a0<a title=\"Basilique San Lorenzo de Florence\" href=\"https:\/\/fr.wikipedia.org\/wiki\/Basilique_San_Lorenzo_de_Florence\">basilique San Lorenzo de Florence<\/a>\u00a0qui abrite les tombes de la famille florentine. Dans le dessin apparaissent deux figures accroupies, plac\u00e9es de profil \u00e0 l&rsquo;int\u00e9rieur de niches dont l&rsquo;une ressemble au\u00a0<i>Gar\u00e7on accroupi<\/i>.<\/p>\n<p style=\"text-align: justify;\">Les travaux pour les\u00a0<a class=\"mw-redirect\" title=\"Tombeaux des M\u00e9dicis\" href=\"https:\/\/fr.wikipedia.org\/wiki\/Tombeaux_des_M%C3%A9dicis\">tombeaux des M\u00e9dicis<\/a>\u00a0d\u00e9but\u00e8rent en 1524 tandis que le\u00a0<i>Gar\u00e7on accroupi<\/i>\u00a0semble dater de 1530 \u00e0 1534, ann\u00e9e du d\u00e9part de l&rsquo;artiste pour\u00a0<a title=\"Rome\" href=\"https:\/\/fr.wikipedia.org\/wiki\/Rome\">Rome<\/a>.<\/p>\n<p style=\"text-align: justify;\">Au moment o\u00f9 Michel-Ange quitta Florence, la statue \u00e9tait sur le pavement de la\u00a0<i>Sacristia Nuova<\/i>\u00a0et, apr\u00e8s de nombreuses p\u00e9rip\u00e9ties, r\u00e9apparut en 1785 dans les salles du\u00a0<a title=\"Mus\u00e9e de l'Ermitage\" href=\"https:\/\/fr.wikipedia.org\/wiki\/Mus%C3%A9e_de_l%27Ermitage#B%C3%A2timents\">Petit Ermitage<\/a>.<\/p>\n<p>&nbsp;<\/p>\n<p><iframe loading=\"lazy\" title=\"Ermitage   Michel Ange Garcon Accroupi Salle 230   Saint P\u00e9tersbourg    Audioguida   MyWoWo Travel A\" width=\"600\" height=\"338\" src=\"https:\/\/www.youtube.com\/embed\/G6XUI0joP-U?feature=oembed\" frameborder=\"0\" allow=\"accelerometer; autoplay; clipboard-write; encrypted-media; gyroscope; picture-in-picture; web-share\" referrerpolicy=\"strict-origin-when-cross-origin\" allowfullscreen><\/iframe><\/p>\n<div class=\"mw-heading mw-heading2\" style=\"text-align: justify;\">\n<h2 id=\"Signification_et_interpr\u00e9tation\"><span id=\"Signification_et_interpr.C3.A9tation\"><\/span><span style=\"font-size: 14px;\">Signification et interpr\u00e9tation<\/span><\/h2>\n<\/div>\n<p style=\"text-align: justify;\">Vu sa destination d&rsquo;origine, on ne peut donner qu&rsquo;une signification all\u00e9gorique \u00e0 cette statue intravertie et pensive. Son esth\u00e9tique renvoie au style antique.<\/p>\n<p style=\"text-align: justify;\">Certains \u00e9rudits la consid\u00e8rent comme une repr\u00e9sentation d&rsquo;une des \u00e2mes\u00a0<i>non n\u00e9es<\/i>, destin\u00e9es aux\u00a0<a title=\"Limbes\" href=\"https:\/\/fr.wikipedia.org\/wiki\/Limbes\">limbes<\/a>\u00a0ou d&rsquo;un g\u00e9nie fun\u00e9raire, d&rsquo;autres, se r\u00e9f\u00e9rant aux entreprises militaires de la famille inhum\u00e9e dans le monument, pensent qu&rsquo;il s&rsquo;agirait plut\u00f4t d&rsquo;un guerrier ou d&rsquo;un prisonnier.<\/p>\n<p style=\"text-align: justify;\">Si la pose renvoie \u00e0 l&rsquo;Antiquit\u00e9 et plus pr\u00e9cis\u00e9ment au motif classique du\u00a0<i><a title=\"Tireur d'\u00e9pine\" href=\"https:\/\/fr.wikipedia.org\/wiki\/Tireur_d%27%C3%A9pine\">spinario<\/a><\/i>, l&rsquo;impression suscit\u00e9e par l&rsquo;image d&rsquo;un homme opprim\u00e9 et courb\u00e9 dans le physique et dans l&rsquo;esprit est d&rsquo;une extraordinaire modernit\u00e9.<\/p>\n","protected":false},"excerpt":{"rendered":"<p>Image mise en avant : Le Gar\u00e7on Accroupi Date 1530-1534 Type Nu Technique Statue en marbre Dimensions (H\u00a0\u00d7\u00a0L) 54\u00a0\u00d7\u00a0? cm Mouvement Renaissance italienne Localisation Mus\u00e9e de l&rsquo;Ermitage(Saint-P\u00e9tersbourg) Le Gar\u00e7on Accroupi Le\u00a0Gar\u00e7on accroupi\u00a0est une sculpture du peintre et sculpteur\u00a0italien\u00a0de la Renaissance\u00a0Michel-Ange, conserv\u00e9e aujourd&rsquo;hui au\u00a0Mus\u00e9e de l&rsquo;Ermitage\u00a0\u00e0\u00a0Saint-P\u00e9tersbourg. &nbsp; Description Le\u00a0Gar\u00e7on accroupi\u00a0est une sculpture en marbre de 54\u00a0cm\u00a0et [&hellip;]<\/p>\n","protected":false},"author":1,"featured_media":15113,"parent":0,"menu_order":0,"comment_status":"closed","ping_status":"closed","template":"","meta":{"footnotes":""},"class_list":["post-15017","page","type-page","status-publish","has-post-thumbnail","hentry"],"_links":{"self":[{"href":"https:\/\/oraziopuglisi.art\/index.php\/wp-json\/wp\/v2\/pages\/15017","targetHints":{"allow":["GET"]}}],"collection":[{"href":"https:\/\/oraziopuglisi.art\/index.php\/wp-json\/wp\/v2\/pages"}],"about":[{"href":"https:\/\/oraziopuglisi.art\/index.php\/wp-json\/wp\/v2\/types\/page"}],"author":[{"embeddable":true,"href":"https:\/\/oraziopuglisi.art\/index.php\/wp-json\/wp\/v2\/users\/1"}],"replies":[{"embeddable":true,"href":"https:\/\/oraziopuglisi.art\/index.php\/wp-json\/wp\/v2\/comments?post=15017"}],"version-history":[{"count":10,"href":"https:\/\/oraziopuglisi.art\/index.php\/wp-json\/wp\/v2\/pages\/15017\/revisions"}],"predecessor-version":[{"id":15118,"href":"https:\/\/oraziopuglisi.art\/index.php\/wp-json\/wp\/v2\/pages\/15017\/revisions\/15118"}],"wp:featuredmedia":[{"embeddable":true,"href":"https:\/\/oraziopuglisi.art\/index.php\/wp-json\/wp\/v2\/media\/15113"}],"wp:attachment":[{"href":"https:\/\/oraziopuglisi.art\/index.php\/wp-json\/wp\/v2\/media?parent=15017"}],"curies":[{"name":"wp","href":"https:\/\/api.w.org\/{rel}","templated":true}]}}