{"id":15009,"date":"2024-10-13T20:49:08","date_gmt":"2024-10-13T18:49:08","guid":{"rendered":"https:\/\/oraziopuglisi.art\/?page_id=15009"},"modified":"2024-10-14T02:19:17","modified_gmt":"2024-10-14T00:19:17","slug":"tondo-pitti","status":"publish","type":"page","link":"https:\/\/oraziopuglisi.art\/index.php\/tondo-pitti\/","title":{"rendered":"Tondo Pitti"},"content":{"rendered":"<p><span style=\"font-size: 10px;\"><strong>Image mise en avant :<\/strong> Tondo Pitti\u00a0<\/span><\/p>\n<table>\n<tbody>\n<tr class=\"\">\n<th scope=\"row\">Date<\/th>\n<td class=\"\">\n<div>1504-1505<\/div>\n<\/td>\n<\/tr>\n<tr class=\"\">\n<th scope=\"row\">Technique<\/th>\n<td class=\"\">\n<div>Bas-relief en marbre<\/div>\n<\/td>\n<\/tr>\n<tr class=\"\">\n<th scope=\"row\">Dimensions (H\u00a0\u00d7\u00a0L)<\/th>\n<td class=\"\">\n<div>82\u00a0\u00d7\u00a085 cm<\/div>\n<\/td>\n<\/tr>\n<tr class=\"\">\n<th scope=\"row\">Mouvement<\/th>\n<td class=\"\">\n<div><span class=\"wd_p135\"><a title=\"Renaissance italienne\" href=\"https:\/\/fr.wikipedia.org\/wiki\/Renaissance_italienne\">Renaissance italienne<\/a><span class=\"noprint wikidata-linkback skin-invert\"><span class=\"mw-valign-baseline noviewer\"><a title=\"Voir et modifier les donn\u00e9es sur Wikidata\" href=\"https:\/\/www.wikidata.org\/wiki\/Q785767?uselang=fr#P135\"><img loading=\"lazy\" decoding=\"async\" class=\"mw-file-element\" src=\"https:\/\/upload.wikimedia.org\/wikipedia\/commons\/thumb\/7\/73\/Blue_pencil.svg\/10px-Blue_pencil.svg.png\" srcset=\"\/\/upload.wikimedia.org\/wikipedia\/commons\/thumb\/7\/73\/Blue_pencil.svg\/15px-Blue_pencil.svg.png 1.5x, \/\/upload.wikimedia.org\/wikipedia\/commons\/thumb\/7\/73\/Blue_pencil.svg\/20px-Blue_pencil.svg.png 2x\" alt=\"Voir et modifier les donn\u00e9es sur Wikidata\" width=\"10\" height=\"10\" data-file-width=\"600\" data-file-height=\"600\" \/><\/a><\/span><\/span><\/span><\/div>\n<\/td>\n<\/tr>\n<tr class=\"\">\n<th scope=\"row\">Localisation<\/th>\n<td class=\"\">\n<div><a title=\"Mus\u00e9e national du Bargello\" href=\"https:\/\/fr.wikipedia.org\/wiki\/Mus%C3%A9e_national_du_Bargello\">Bargello<\/a><\/div>\n<\/td>\n<\/tr>\n<\/tbody>\n<\/table>\n<p style=\"text-align: center;\"><a href=\"https:\/\/fr.wikipedia.org\/wiki\/Tondo_Pitti\">Tondo Pitti<\/a><\/p>\n<p style=\"text-align: justify;\">\u00a0<\/p>\n<p style=\"text-align: justify;\">Le\u00a0<b><i>Tondo Pitti<\/i>\u00a0<\/b>(ou\u00a0<i><b>Madone Pitti<\/b><\/i>) est un\u00a0<a title=\"Bas-relief\" href=\"https:\/\/fr.wikipedia.org\/wiki\/Bas-relief\">bas-relief<\/a>\u00a0rond (<a title=\"Tondo\" href=\"https:\/\/fr.wikipedia.org\/wiki\/Tondo\">tondo<\/a>) en\u00a0<a title=\"Marbre\" href=\"https:\/\/fr.wikipedia.org\/wiki\/Marbre\">marbre<\/a>, une sculpture r\u00e9alis\u00e9e par\u00a0<a title=\"Michel-Ange\" href=\"https:\/\/fr.wikipedia.org\/wiki\/Michel-Ange\">Michel-Ange<\/a>\u00a0vers\u00a0<a title=\"1504\" href=\"https:\/\/fr.wikipedia.org\/wiki\/1504\">1504<\/a>&#8211;<a title=\"1505\" href=\"https:\/\/fr.wikipedia.org\/wiki\/1505\">1505<\/a>\u00a0repr\u00e9sentant la\u00a0<a class=\"mw-redirect\" title=\"Marie de Nazareth\" href=\"https:\/\/fr.wikipedia.org\/wiki\/Marie_de_Nazareth\">Vierge Marie<\/a>\u00a0et l&rsquo;Enfant\u00a0<a title=\"J\u00e9sus de Nazareth\" href=\"https:\/\/fr.wikipedia.org\/wiki\/J%C3%A9sus_de_Nazareth\">J\u00e9sus<\/a>\u00a0avec\u00a0<a title=\"Jean le Baptiste\" href=\"https:\/\/fr.wikipedia.org\/wiki\/Jean_le_Baptiste\">Jean-Baptiste<\/a>\u00a0enfant. Son diam\u00e8tre est de 85\u00a0<abbr class=\"abbr\" title=\"centim\u00e8tre\">cm<\/abbr>\u00a0environ. L&rsquo;\u0153uvre est conserv\u00e9e au\u00a0<a title=\"Mus\u00e9e national du Bargello\" href=\"https:\/\/fr.wikipedia.org\/wiki\/Mus%C3%A9e_national_du_Bargello\">mus\u00e9e national du Bargello<\/a>\u00a0\u00e0\u00a0<a title=\"Florence\" href=\"https:\/\/fr.wikipedia.org\/wiki\/Florence\">Florence<\/a>.<\/p>\n<p>&nbsp;<\/p>\n<p><img loading=\"lazy\" decoding=\"async\" class=\"alignnone size-full wp-image-15095\" src=\"http:\/\/oraziopuglisi.art\/wp-content\/uploads\/2024\/10\/Pitti_Tondo_casting_in_Pushkin_museum_by_shakko_01.jpg\" alt=\"\" width=\"390\" height=\"292\" srcset=\"https:\/\/oraziopuglisi.art\/wp-content\/uploads\/2024\/10\/Pitti_Tondo_casting_in_Pushkin_museum_by_shakko_01.jpg 390w, https:\/\/oraziopuglisi.art\/wp-content\/uploads\/2024\/10\/Pitti_Tondo_casting_in_Pushkin_museum_by_shakko_01-300x225.jpg 300w\" sizes=\"auto, (max-width: 390px) 100vw, 390px\" \/><\/p>\n<div class=\"mw-heading mw-heading2\" style=\"text-align: justify;\">\n<h2 id=\"Histoire\">Histoire<\/h2>\n<\/div>\n<p style=\"text-align: justify;\">Cette sculpture a \u00e9t\u00e9 command\u00e9e par\u00a0<a class=\"new\" title=\"Bartolomeo Pitti (page inexistante)\" href=\"https:\/\/fr.wikipedia.org\/w\/index.php?title=Bartolomeo_Pitti&amp;action=edit&amp;redlink=1\">Bartolomeo Pitti<\/a>, donn\u00e9e par son fils\u00a0<a class=\"new\" title=\"Miniato Pitti (page inexistante)\" href=\"https:\/\/fr.wikipedia.org\/w\/index.php?title=Miniato_Pitti&amp;action=edit&amp;redlink=1\">Miniato Pitti<\/a>\u00a0\u00e0\u00a0<a class=\"new\" title=\"Luigi Guicciardini (page inexistante)\" href=\"https:\/\/fr.wikipedia.org\/w\/index.php?title=Luigi_Guicciardini&amp;action=edit&amp;redlink=1\">Luigi Guicciardini<\/a>, et finalement acquise en\u00a0<a title=\"1823\" href=\"https:\/\/fr.wikipedia.org\/wiki\/1823\">1823<\/a>\u00a0pour \u00eatre expos\u00e9e au\u00a0<a title=\"Mus\u00e9e national du Bargello\" href=\"https:\/\/fr.wikipedia.org\/wiki\/Mus%C3%A9e_national_du_Bargello\">Bargello<\/a>.<\/p>\n<div class=\"mw-heading mw-heading2\" style=\"text-align: justify;\">\n<h2 id=\"Description\">Description<\/h2>\n<\/div>\n<p style=\"text-align: justify;\">La Vierge s&rsquo;inscrit exactement au centre du format rond et son visage finement d\u00e9taill\u00e9 fait face (<i>a contrario<\/i>\u00a0de la\u00a0<a title=\"Tondo Taddei\" href=\"https:\/\/fr.wikipedia.org\/wiki\/Tondo_Taddei\">Madone Taddei<\/a>)\u00a0; J\u00e9sus est situ\u00e9 \u00e0 sa gauche, accoud\u00e9 sur le livre ouvert sur les genoux de sa m\u00e8re. Une figure appara\u00eet \u00e0 gauche du format, Jean-Baptiste enfant<sup id=\"cite_ref-1\" class=\"reference\"><a href=\"https:\/\/fr.wikipedia.org\/wiki\/Tondo_Pitti#cite_note-1\">1<\/a><\/sup>.<\/p>\n<p style=\"text-align: justify;\">L&rsquo;aspect\u00a0<i>non-finito<\/i>\u00a0traduit une fois de plus l&rsquo;<a class=\"mw-redirect\" title=\"Esth\u00e9tique de l'inachev\u00e9\" href=\"https:\/\/fr.wikipedia.org\/wiki\/Esth%C3%A9tique_de_l%27inachev%C3%A9\">esth\u00e9tique de l&rsquo;inachev\u00e9<\/a>\u00a0de Michel-Ange\u00a0: La figure du petit saint Jean \u00e9merge difficilement de la pierre non polie. Les coups de ciseau sont rest\u00e9s visibles sur le pourtour rond de la pierre.<\/p>\n<div class=\"mw-heading mw-heading2\" style=\"text-align: justify;\">\n<h2 id=\"Notes_et_r\u00e9f\u00e9rences\"><span id=\"Notes_et_r.C3.A9f.C3.A9rences\"><\/span>Notes et r\u00e9f\u00e9rences<\/h2>\n<\/div>\n<div class=\"references-small decimal\" style=\"text-align: justify;\">\n<div class=\"mw-references-wrap\">\n<ol class=\"references\">\n<li id=\"cite_note-1\"><span class=\"mw-cite-backlink noprint\"><a title=\"Revenir plus haut\" href=\"https:\/\/fr.wikipedia.org\/wiki\/Tondo_Pitti#cite_ref-1\" aria-label=\"Revenir plus haut\">\u2191<\/a>\u00a0<\/span><span class=\"reference-text\">Nomenclature du Bargello<i>Madonna col Bambino e S. Giovannino<\/i>\u00a0(<i>Tondo Pitti<\/i>) , 1504-1505<\/span><\/li>\n<\/ol>\n<\/div>\n<\/div>\n<div class=\"mw-heading mw-heading2\" style=\"text-align: justify;\">\n<h2 id=\"Bibliographie\">Bibliographie<\/h2>\n<\/div>\n<ul style=\"text-align: justify;\">\n<li>Robert Coughlan,\u00a0<i>Michel-Ange et son temps<\/i>, Time-Life, 1966,\u00a0<abbr class=\"abbr\" title=\"page(s)\">p.<\/abbr>\u00a031.<\/li>\n<\/ul>\n<p style=\"text-align: justify;\">\u00a0<\/p>\n","protected":false},"excerpt":{"rendered":"<p>Image mise en avant : Tondo Pitti\u00a0 Date 1504-1505 Technique Bas-relief en marbre Dimensions (H\u00a0\u00d7\u00a0L) 82\u00a0\u00d7\u00a085 cm Mouvement Renaissance italienne Localisation Bargello Tondo Pitti \u00a0 Le\u00a0Tondo Pitti\u00a0(ou\u00a0Madone Pitti) est un\u00a0bas-relief\u00a0rond (tondo) en\u00a0marbre, une sculpture r\u00e9alis\u00e9e par\u00a0Michel-Ange\u00a0vers\u00a01504&#8211;1505\u00a0repr\u00e9sentant la\u00a0Vierge Marie\u00a0et l&rsquo;Enfant\u00a0J\u00e9sus\u00a0avec\u00a0Jean-Baptiste\u00a0enfant. Son diam\u00e8tre est de 85\u00a0cm\u00a0environ. L&rsquo;\u0153uvre est conserv\u00e9e au\u00a0mus\u00e9e national du Bargello\u00a0\u00e0\u00a0Florence. &nbsp; Histoire Cette sculpture [&hellip;]<\/p>\n","protected":false},"author":1,"featured_media":15095,"parent":0,"menu_order":0,"comment_status":"closed","ping_status":"closed","template":"","meta":{"footnotes":""},"class_list":["post-15009","page","type-page","status-publish","has-post-thumbnail","hentry"],"_links":{"self":[{"href":"https:\/\/oraziopuglisi.art\/index.php\/wp-json\/wp\/v2\/pages\/15009","targetHints":{"allow":["GET"]}}],"collection":[{"href":"https:\/\/oraziopuglisi.art\/index.php\/wp-json\/wp\/v2\/pages"}],"about":[{"href":"https:\/\/oraziopuglisi.art\/index.php\/wp-json\/wp\/v2\/types\/page"}],"author":[{"embeddable":true,"href":"https:\/\/oraziopuglisi.art\/index.php\/wp-json\/wp\/v2\/users\/1"}],"replies":[{"embeddable":true,"href":"https:\/\/oraziopuglisi.art\/index.php\/wp-json\/wp\/v2\/comments?post=15009"}],"version-history":[{"count":4,"href":"https:\/\/oraziopuglisi.art\/index.php\/wp-json\/wp\/v2\/pages\/15009\/revisions"}],"predecessor-version":[{"id":15096,"href":"https:\/\/oraziopuglisi.art\/index.php\/wp-json\/wp\/v2\/pages\/15009\/revisions\/15096"}],"wp:featuredmedia":[{"embeddable":true,"href":"https:\/\/oraziopuglisi.art\/index.php\/wp-json\/wp\/v2\/media\/15095"}],"wp:attachment":[{"href":"https:\/\/oraziopuglisi.art\/index.php\/wp-json\/wp\/v2\/media?parent=15009"}],"curies":[{"name":"wp","href":"https:\/\/api.w.org\/{rel}","templated":true}]}}