{"id":15005,"date":"2024-10-13T20:47:31","date_gmt":"2024-10-13T18:47:31","guid":{"rendered":"https:\/\/oraziopuglisi.art\/?page_id=15005"},"modified":"2024-10-13T23:02:09","modified_gmt":"2024-10-13T21:02:09","slug":"quatre-statues-de-saints-pour-lautel-piccolomini","status":"publish","type":"page","link":"https:\/\/oraziopuglisi.art\/index.php\/quatre-statues-de-saints-pour-lautel-piccolomini\/","title":{"rendered":"Quatre statues de saints pour l&rsquo;autel Piccolomini"},"content":{"rendered":"<div class=\"post-head mbottom30\">\n<h2 style=\"text-align: justify;\">\u00a0<\/h2>\n<\/div>\n<div class=\"post-content\">\n<p>Michel Ange a r\u00e9alis\u00e9 un certain nombre de sculptures pour le retable Piccolimini qui est situ\u00e9 dans la Cath\u00e9drale de Sienne et peut encore \u00eatre visit\u00e9 en personne aujourd&rsquo;hui !<\/p>\n<\/div>\n<p>&nbsp;<\/p>\n<div class=\"post-content\">\n<p class=\"mbottom20\" style=\"text-align: justify;\">Il a succ\u00e9d\u00e9 \u00e0 un autre sculpteur qui souffrait de probl\u00e8mes de sant\u00e9, Michel-Ange faisant appel \u00e0 un certain nombre d&rsquo;assistances pour accomplir la t\u00e2che \u00e0 accomplir tout en remplissant un certain nombre d&rsquo;autres engagements. Le projet global se situe dans la nef gauche de ce b\u00e2timent historique qui continue d&rsquo;attirer chaque ann\u00e9e un grand nombre de visiteurs dans cette ville italienne culturellement importante. C&rsquo;est le cardinal Francesco Todeschini Piccolomini qui a lanc\u00e9 le projet, avec l&rsquo;intention qu&rsquo;il devienne une tombe pour abriter son propre corps dans les ann\u00e9es \u00e0 venir. Il s&rsquo;est av\u00e9r\u00e9 qu&rsquo;il deviendrait plus tard pape, ce qui garantissait qu&rsquo;il serait effectivement enterr\u00e9 dans la Cit\u00e9 du Vatican, rendant cette pr\u00e9paration inutile.<\/p>\n<\/div>\n<p>&nbsp;<\/p>\n<p><img loading=\"lazy\" decoding=\"async\" class=\"alignnone size-full wp-image-15085 aligncenter\" src=\"http:\/\/oraziopuglisi.art\/wp-content\/uploads\/2024\/10\/Piccolomini-Altarpiece-Michelangelo.jpg\" alt=\"\" width=\"400\" height=\"600\" srcset=\"https:\/\/oraziopuglisi.art\/wp-content\/uploads\/2024\/10\/Piccolomini-Altarpiece-Michelangelo.jpg 400w, https:\/\/oraziopuglisi.art\/wp-content\/uploads\/2024\/10\/Piccolomini-Altarpiece-Michelangelo-200x300.jpg 200w\" sizes=\"auto, (max-width: 400px) 100vw, 400px\" \/><\/p>\n<p>&nbsp;<\/p>\n<p>&nbsp;<\/p>\n<div class=\"post-content\">\n<p class=\"mbottom20\" style=\"text-align: justify;\">Cela dit, il y a encore beaucoup \u00e0 appr\u00e9cier sur le travail qui a \u00e9t\u00e9 r\u00e9alis\u00e9 ici, m\u00eame si des \u00e9l\u00e9ments de la conception originale n&rsquo;ont pas \u00e9t\u00e9 achev\u00e9s. Michel-Ange a assur\u00e9 une apparence coh\u00e9rente en supervisant de pr\u00e8s le travail de ses assistants, ce qui \u00e9tait tout \u00e0 fait typique de la fa\u00e7on dont il a utilis\u00e9 d&rsquo;autres travailleurs tout au long de sa carri\u00e8re. Au fur et \u00e0 mesure que de plus en plus de commissions arrivaient, L&rsquo;artiste Michel-Ange contribuerait quatre sculptures au total, \u00e0 savoir St Peter , St Pius , St Gregory et St Paul. Il a pris la rel\u00e8ve apr\u00e8s qu&rsquo;Andrea Bregno eut achev\u00e9 le corps principal de la structure, ne laissant que les personnages secondaires \u00e0 ceux qui ont suivi. Michel-Ange a d\u00e9cid\u00e9 de ne pas travailler sur les \u00e9l\u00e9ments finaux apr\u00e8s avoir \u00e9t\u00e9 distrait par d&rsquo;autres projets sur lesquels il travaillait \u00e0 l&rsquo;\u00e9poque et sa contribution a donc \u00e9t\u00e9 limit\u00e9e aux quatre pi\u00e8ces figuratives.<\/p>\n<p class=\"mbottom20\" style=\"text-align: justify;\">Il est fascinant de voir une collection d&rsquo;art aussi \u00e9clectique \u00e0 travers le retable, avec des contributions provenant \u00e9galement de Jacopo della Quercia et de Paolo di Giovanni Fei. Au total, les diff\u00e9rentes peintures et sculptures pr\u00e9sent\u00e9es dans le retable de Piccolomini datent d&rsquo;une p\u00e9riode de plus d&rsquo;un si\u00e8cle, ce qui rend impressionnant la fa\u00e7on dont tout cela s&#8217;embo\u00eete encore stylistiquement. Ce n&rsquo;est pas une situation inhabituelle cependant.<\/p>\n<p class=\"mbottom20\" style=\"text-align: justify;\">C&rsquo;est le 19 juin 1501 que Michel-Ange recevrait son contrat pour produire une s\u00e9rie de sculptures apr\u00e8s que plusieurs sculpteurs pr\u00e9c\u00e9dents aient abandonn\u00e9 le projet, dont certains pour des raisons inconnues. Le sculpteur lui-m\u00eame \u00e9tait devenu c\u00e9l\u00e8bre avec sa Pieta et ce succ\u00e8s commen\u00e7ait \u00e0 ouvrir des portes dans toute l&rsquo;Italie. En fin de compte, d&rsquo;autres offres viendraient aussi, comme son David , et elles offriraient beaucoup plus d&rsquo;int\u00e9r\u00eat au sculpteur, expliquant peut-\u00eatre pourquoi il abandonnerait plus tard le projet de retable avant qu&rsquo;il ne soit enti\u00e8rement termin\u00e9. Il est important de rappeler que pour de grands artistes comme celui-ci, ce n&rsquo;est pas seulement le gain financier qui motive, le prestige \u00e9tant souvent beaucoup plus important une fois leur propre s\u00e9curit\u00e9 financi\u00e8re \u00e9tablie.<\/p>\n<\/div>\n","protected":false},"excerpt":{"rendered":"<p>\u00a0 Michel Ange a r\u00e9alis\u00e9 un certain nombre de sculptures pour le retable Piccolimini qui est situ\u00e9 dans la Cath\u00e9drale de Sienne et peut encore \u00eatre visit\u00e9 en personne aujourd&rsquo;hui ! &nbsp; Il a succ\u00e9d\u00e9 \u00e0 un autre sculpteur qui souffrait de probl\u00e8mes de sant\u00e9, Michel-Ange faisant appel \u00e0 un certain nombre d&rsquo;assistances pour accomplir [&hellip;]<\/p>\n","protected":false},"author":1,"featured_media":15085,"parent":0,"menu_order":0,"comment_status":"closed","ping_status":"closed","template":"","meta":{"footnotes":""},"class_list":["post-15005","page","type-page","status-publish","has-post-thumbnail","hentry"],"_links":{"self":[{"href":"https:\/\/oraziopuglisi.art\/index.php\/wp-json\/wp\/v2\/pages\/15005","targetHints":{"allow":["GET"]}}],"collection":[{"href":"https:\/\/oraziopuglisi.art\/index.php\/wp-json\/wp\/v2\/pages"}],"about":[{"href":"https:\/\/oraziopuglisi.art\/index.php\/wp-json\/wp\/v2\/types\/page"}],"author":[{"embeddable":true,"href":"https:\/\/oraziopuglisi.art\/index.php\/wp-json\/wp\/v2\/users\/1"}],"replies":[{"embeddable":true,"href":"https:\/\/oraziopuglisi.art\/index.php\/wp-json\/wp\/v2\/comments?post=15005"}],"version-history":[{"count":8,"href":"https:\/\/oraziopuglisi.art\/index.php\/wp-json\/wp\/v2\/pages\/15005\/revisions"}],"predecessor-version":[{"id":15086,"href":"https:\/\/oraziopuglisi.art\/index.php\/wp-json\/wp\/v2\/pages\/15005\/revisions\/15086"}],"wp:featuredmedia":[{"embeddable":true,"href":"https:\/\/oraziopuglisi.art\/index.php\/wp-json\/wp\/v2\/media\/15085"}],"wp:attachment":[{"href":"https:\/\/oraziopuglisi.art\/index.php\/wp-json\/wp\/v2\/media?parent=15005"}],"curies":[{"name":"wp","href":"https:\/\/api.w.org\/{rel}","templated":true}]}}