{"id":14999,"date":"2024-10-13T20:45:25","date_gmt":"2024-10-13T18:45:25","guid":{"rendered":"https:\/\/oraziopuglisi.art\/?page_id=14999"},"modified":"2024-10-13T22:28:31","modified_gmt":"2024-10-13T20:28:31","slug":"bacchus","status":"publish","type":"page","link":"https:\/\/oraziopuglisi.art\/index.php\/bacchus\/","title":{"rendered":"Bacchus"},"content":{"rendered":"<p><em><span style=\"font-size: 12px;\"><strong>Image mise en avant :<\/strong> Bacchus Michel Ange<\/span><\/em><\/p>\n<table>\n<tbody>\n<tr class=\"\">\n<th scope=\"row\">Date<\/th>\n<td class=\"\">\n<div>1497<\/div>\n<\/td>\n<\/tr>\n<tr class=\"\">\n<th scope=\"row\">Type<\/th>\n<td class=\"\">\n<div><span class=\"wd_p136\"><a title=\"Nu (genre artistique)\" href=\"https:\/\/fr.wikipedia.org\/wiki\/Nu_(genre_artistique)\">Nu<\/a><span class=\"noprint wikidata-linkback skin-invert\"><span class=\"mw-valign-baseline noviewer\"><a title=\"Voir et modifier les donn\u00e9es sur Wikidata\" href=\"https:\/\/www.wikidata.org\/wiki\/Q1144620?uselang=fr#P136\"><img loading=\"lazy\" decoding=\"async\" class=\"mw-file-element\" src=\"https:\/\/upload.wikimedia.org\/wikipedia\/commons\/thumb\/7\/73\/Blue_pencil.svg\/10px-Blue_pencil.svg.png\" srcset=\"\/\/upload.wikimedia.org\/wikipedia\/commons\/thumb\/7\/73\/Blue_pencil.svg\/15px-Blue_pencil.svg.png 1.5x, \/\/upload.wikimedia.org\/wikipedia\/commons\/thumb\/7\/73\/Blue_pencil.svg\/20px-Blue_pencil.svg.png 2x\" alt=\"Voir et modifier les donn\u00e9es sur Wikidata\" width=\"10\" height=\"10\" data-file-width=\"600\" data-file-height=\"600\" \/><\/a><\/span><\/span><\/span><\/div>\n<\/td>\n<\/tr>\n<tr class=\"\">\n<th scope=\"row\">Technique<\/th>\n<td class=\"\">\n<div>Statue en marbre<\/div>\n<\/td>\n<\/tr>\n<tr class=\"\">\n<th scope=\"row\">Dimensions (H\u00a0\u00d7\u00a0L)<\/th>\n<td class=\"\">\n<div>203\u00a0\u00d7\u00a0? cm<\/div>\n<\/td>\n<\/tr>\n<tr class=\"\">\n<th scope=\"row\">Mouvement<\/th>\n<td class=\"\">\n<div><span class=\"wd_p135\"><a title=\"Renaissance italienne\" href=\"https:\/\/fr.wikipedia.org\/wiki\/Renaissance_italienne\">Renaissance italienne<\/a><span class=\"noprint wikidata-linkback skin-invert\"><span class=\"mw-valign-baseline noviewer\"><a title=\"Voir et modifier les donn\u00e9es sur Wikidata\" href=\"https:\/\/www.wikidata.org\/wiki\/Q1144620?uselang=fr#P135\"><img loading=\"lazy\" decoding=\"async\" class=\"mw-file-element\" src=\"https:\/\/upload.wikimedia.org\/wikipedia\/commons\/thumb\/7\/73\/Blue_pencil.svg\/10px-Blue_pencil.svg.png\" srcset=\"\/\/upload.wikimedia.org\/wikipedia\/commons\/thumb\/7\/73\/Blue_pencil.svg\/15px-Blue_pencil.svg.png 1.5x, \/\/upload.wikimedia.org\/wikipedia\/commons\/thumb\/7\/73\/Blue_pencil.svg\/20px-Blue_pencil.svg.png 2x\" alt=\"Voir et modifier les donn\u00e9es sur Wikidata\" width=\"10\" height=\"10\" data-file-width=\"600\" data-file-height=\"600\" \/><\/a><\/span><\/span><\/span><\/div>\n<\/td>\n<\/tr>\n<tr class=\"\">\n<th scope=\"row\">Localisation<\/th>\n<td class=\"\">\n<div><a title=\"Mus\u00e9e national du Bargello\" href=\"https:\/\/fr.wikipedia.org\/wiki\/Mus%C3%A9e_national_du_Bargello\">Bargello<\/a><\/div>\n<\/td>\n<\/tr>\n<\/tbody>\n<\/table>\n<p>&nbsp;<\/p>\n<p style=\"text-align: center;\"><a href=\"https:\/\/fr.wikipedia.org\/wiki\/Bacchus_(Michel-Ange)\">Bacchus<\/a><\/p>\n<p><img loading=\"lazy\" decoding=\"async\" class=\"alignnone size-full wp-image-15064\" src=\"http:\/\/oraziopuglisi.art\/wp-content\/uploads\/2024\/10\/Michelangelo_Bacchus.jpg\" alt=\"\" width=\"390\" height=\"677\" srcset=\"https:\/\/oraziopuglisi.art\/wp-content\/uploads\/2024\/10\/Michelangelo_Bacchus.jpg 390w, https:\/\/oraziopuglisi.art\/wp-content\/uploads\/2024\/10\/Michelangelo_Bacchus-173x300.jpg 173w\" sizes=\"auto, (max-width: 390px) 100vw, 390px\" \/><\/p>\n<p>&nbsp;<\/p>\n<p><i><b>Bacchus\u00a0<\/b><\/i>est une sculpture du grand peintre et sculpteur\u00a0<a title=\"Italie\" href=\"https:\/\/fr.wikipedia.org\/wiki\/Italie\">italien<\/a>\u00a0de la Renaissance\u00a0<a title=\"Michel-Ange\" href=\"https:\/\/fr.wikipedia.org\/wiki\/Michel-Ange\">Michel-Ange<\/a>, conserv\u00e9e aujourd&rsquo;hui au\u00a0<a title=\"Mus\u00e9e national du Bargello\" href=\"https:\/\/fr.wikipedia.org\/wiki\/Mus%C3%A9e_national_du_Bargello\">mus\u00e9e national du Bargello<\/a>\u00a0\u00e0\u00a0<a title=\"Florence\" href=\"https:\/\/fr.wikipedia.org\/wiki\/Florence\">Florence<\/a>.<\/p>\n<div class=\"mw-heading mw-heading2\">\n<h2 id=\"Description\">Description<\/h2>\n<\/div>\n<p style=\"text-align: justify;\">Le\u00a0<i>Bacchus<\/i>\u00a0(<a title=\"1497\" href=\"https:\/\/fr.wikipedia.org\/wiki\/1497\">1497<\/a>) est une sculpture en marbre du peintre, architecte, po\u00e8te et sculpteur italien de la\u00a0<a title=\"Haute Renaissance\" href=\"https:\/\/fr.wikipedia.org\/wiki\/Haute_Renaissance\">haute Renaissance<\/a>\u00a0Michel-Ange. La statue d&rsquo;une hauteur de 203\u00a0<abbr class=\"abbr\" title=\"centim\u00e8tre\">cm<\/abbr>\u00a0repr\u00e9sente\u00a0<a title=\"Bacchus\" href=\"https:\/\/fr.wikipedia.org\/wiki\/Bacchus\">Bacchus<\/a>, le dieu romain du vin, dans un \u00e9tat d&rsquo;\u00e9bri\u00e9t\u00e9 ce qui \u00e9tait r\u00e9volutionnaire pour l&rsquo;\u00e9poque. Avec la\u00a0<a title=\"Piet\u00e0\" href=\"https:\/\/fr.wikipedia.org\/wiki\/Piet%C3%A0\">Piet\u00e0<\/a>, le Bacchus est l&rsquo;une des deux seules sculptures qui peuvent \u00eatre attribu\u00e9s avec certitude \u00e0 la premi\u00e8re p\u00e9riode romaine de l&rsquo;artiste. Bacchus est repr\u00e9sent\u00e9 avec des yeux r\u00e9vuls\u00e9s, son corps chancelant vacille presque hors de l&rsquo;affleurement rocheux sur lequel il se trouve. Assis derri\u00e8re lui se trouve un faune qui mange une grappe de raisin tombant de sa main gauche.<\/p>\n<p style=\"text-align: justify;\">La statue dont la poitrine et l&rsquo;abdomen sont bomb\u00e9s, fait dire \u00e0\u00a0<a title=\"Giorgio Vasari\" href=\"https:\/\/fr.wikipedia.org\/wiki\/Giorgio_Vasari\">Giorgio Vasari<\/a>\u00a0qu&rsquo;elle poss\u00e8de \u00ab\u00a0\u00e0 la fois la finesse d&rsquo;un jeune homme et la croupe et la rondeur d&rsquo;une femme\u00a0\u00bb. Son androgynie a souvent \u00e9t\u00e9 remarqu\u00e9e (bien que les testicules soient aussi gonfl\u00e9s). L&rsquo;inspiration pour le travail semble provenir de la description de\u00a0<a title=\"Pline l'Ancien\" href=\"https:\/\/fr.wikipedia.org\/wiki\/Pline_l%27Ancien\">Pline l&rsquo;Ancien<\/a>\u00a0(<a title=\"Histoire naturelle (Pline l'Ancien)\" href=\"https:\/\/fr.wikipedia.org\/wiki\/Histoire_naturelle_(Pline_l%27Ancien)\">Histoire Naturelle<\/a>) d&rsquo;une sculpture (perdue) en bronze de\u00a0<a title=\"Praxit\u00e8le\" href=\"https:\/\/fr.wikipedia.org\/wiki\/Praxit%C3%A8le\">Praxit\u00e8le<\/a>, repr\u00e9sentant\u00a0<i>Bacchus, l&rsquo;ivresse et un satyre<\/i><sup id=\"cite_ref-1\" class=\"reference\"><a href=\"https:\/\/fr.wikipedia.org\/wiki\/Bacchus_(Michel-Ange)#cite_note-1\">1<\/a><\/sup>.<\/p>\n<p style=\"text-align: justify;\">Michel-Ange a donn\u00e9 \u00e0 la sculpture un centre de gravit\u00e9 \u00e9lev\u00e9 et une attitude titubante qui avec la couronne symbolique de la vigne, donne l&rsquo;impression que le vin lui soit\u00a0<i>mont\u00e9 \u00e0 la t\u00eate<\/i>. La m\u00eame pose pr\u00e9caire se retrouve dans un certain nombre de travaux plus tardifs de l&rsquo;artiste, notamment les David et les\u00a0<a title=\"Fresque\" href=\"https:\/\/fr.wikipedia.org\/wiki\/Fresque\">fresques<\/a>\u00a0du plafond de la\u00a0<a title=\"Chapelle Sixtine\" href=\"https:\/\/fr.wikipedia.org\/wiki\/Chapelle_Sixtine\">chapelle Sixtine<\/a>. Mais le Bacchus \u00e9tait sans pr\u00e9c\u00e9dent, \u00ab\u00a0en bref&#8230; ce n&rsquo;est pas l&rsquo;image d&rsquo;un dieu\u00a0\u00bb\u00a0<sup id=\"cite_ref-2\" class=\"reference\"><a href=\"https:\/\/fr.wikipedia.org\/wiki\/Bacchus_(Michel-Ange)#cite_note-2\">2<\/a><\/sup><\/p>\n<p style=\"text-align: justify;\">Bacchus tient dans sa main droite une coupe de vin et dans sa main gauche une peau de tigre, un animal associ\u00e9 au dieu \u00ab\u00a0pour son amour de la vigne\u00a0\u00bb (selon le biographe de Michel-Ange\u00a0<a title=\"Ascanio Condivi\" href=\"https:\/\/fr.wikipedia.org\/wiki\/Ascanio_Condivi\">Ascanio Condivi<\/a>). La main du Bacchus tenant la coupe a \u00e9t\u00e9 bris\u00e9e et le p\u00e9nis cass\u00e9 bien avant que\u00a0<a title=\"Maarten van Heemskerck\" href=\"https:\/\/fr.wikipedia.org\/wiki\/Maarten_van_Heemskerck\">Maarten van Heemskerck<\/a>\u00a0ait vu la sculpture dans les\u00a0<a title=\"Ann\u00e9es 1530\" href=\"https:\/\/fr.wikipedia.org\/wiki\/Ann%C3%A9es_1530\">ann\u00e9es 1530<\/a>. Seule la coupe a \u00e9t\u00e9 r\u00e9par\u00e9e au d\u00e9but des\u00a0<a title=\"Ann\u00e9es 1550\" href=\"https:\/\/fr.wikipedia.org\/wiki\/Ann%C3%A9es_1550\">ann\u00e9es 1550<\/a>. Plac\u00e9e dans le jardin romain de Jacopo Galli<sup id=\"cite_ref-3\" class=\"reference\"><a href=\"https:\/\/fr.wikipedia.org\/wiki\/Bacchus_(Michel-Ange)#cite_note-3\">3<\/a><\/sup>\u00a0parmi d&rsquo;autres pi\u00e8ces, un buste antique et des fragments de reliefs romains, les mutilations avaient pour finalit\u00e9 de donner \u00e0 la sculpture l&rsquo;illusion d&rsquo;une plus grande antiquit\u00e9. Cette concession aux \u00ab\u00a0sensibilit\u00e9s classiques\u00a0\u00bb n&rsquo;a toutefois pas convaincu\u00a0<a title=\"Percy Bysshe Shelley\" href=\"https:\/\/fr.wikipedia.org\/wiki\/Percy_Bysshe_Shelley\">Percy Bysshe Shelley<\/a>\u00a0de la fid\u00e9lit\u00e9 de l&rsquo;\u0153uvre \u00e0 \u00ab\u00a0l&rsquo;esprit et \u00e0 la signification de Bacchus. Il a \u00e9crit que \u00ab\u00a0Il semble ivre, brutal et born\u00e9, et exprime un libertinage des plus r\u00e9voltants\u00a0\u00bb<sup id=\"cite_ref-4\" class=\"reference\"><a href=\"https:\/\/fr.wikipedia.org\/wiki\/Bacchus_(Michel-Ange)#cite_note-4\">4<\/a><\/sup>.<\/p>\n<div class=\"mw-heading mw-heading2\">\n<h2 id=\"Histoire\">Histoire<\/h2>\n<\/div>\n<p style=\"text-align: justify;\">La statue a \u00e9t\u00e9 command\u00e9e pour le jardin du cardinal\u00a0<a class=\"mw-redirect\" title=\"Raffaele Riario\" href=\"https:\/\/fr.wikipedia.org\/wiki\/Raffaele_Riario\">Raffaele Riario<\/a><sup id=\"cite_ref-5\" class=\"reference\"><a href=\"https:\/\/fr.wikipedia.org\/wiki\/Bacchus_(Michel-Ange)#cite_note-5\">5<\/a><\/sup>\u00a0afin de compl\u00e9ter sa collection de sculptures classiques. Elle a \u00e9t\u00e9 refus\u00e9e par le cardinal Riario et en 1506<sup id=\"cite_ref-6\" class=\"reference\"><a href=\"https:\/\/fr.wikipedia.org\/wiki\/Bacchus_(Michel-Ange)#cite_note-6\">6<\/a><\/sup>\u00a0elle a trouv\u00e9 sa place dans la collection de Jacopo Galli, banquier \u00e0 la fois du cardinal et de Michel-Ange, et qui poss\u00e9dait un jardin similaire pr\u00e8s du\u00a0<a title=\"Palais de la Chancellerie\" href=\"https:\/\/fr.wikipedia.org\/wiki\/Palais_de_la_Chancellerie\">Palais de la Chancellerie<\/a>. C&rsquo;est l\u00e0 que la statue est apparue dans un dessin de Martin Heemskerck (vers\u00a0<a title=\"1533\" href=\"https:\/\/fr.wikipedia.org\/wiki\/1533\">1533<\/a>\u00a0&#8211;<a title=\"1536\" href=\"https:\/\/fr.wikipedia.org\/wiki\/1536\">1536<\/a>)<sup id=\"cite_ref-7\" class=\"reference\"><a href=\"https:\/\/fr.wikipedia.org\/wiki\/Bacchus_(Michel-Ange)#cite_note-7\">7<\/a><\/sup>. La statue a finalement \u00e9t\u00e9 achet\u00e9e pour les M\u00e9dicis et transf\u00e9r\u00e9e \u00e0 Florence en\u00a0<a title=\"1572\" href=\"https:\/\/fr.wikipedia.org\/wiki\/1572\">1572<\/a>.<\/p>\n<div class=\"mw-heading mw-heading2\">\n<h2 id=\"Bibliographie\">Bibliographie<\/h2>\n<\/div>\n<ul>\n<li style=\"text-align: justify;\">Malcolm Bull,\u00a0<i>The Mirror of the Gods: Classical Mythology in Renaissance Art<\/i>, Penguin, Londres, 2005.<\/li>\n<li style=\"text-align: justify;\">James Hall,\u00a0<i>Michelangelo and the Reinvention of the Human Body<\/i>,Chatto &amp; Windus, Londres,2005.<\/li>\n<li style=\"text-align: justify;\"><a title=\"John Pope-Hennessy\" href=\"https:\/\/fr.wikipedia.org\/wiki\/John_Pope-Hennessy\">John Pope-Hennessy<\/a>,<i>Italian High Renaissance and Baroque Sculpture<\/i>, Catalogue volume,\u00a0<abbr class=\"abbr\" title=\"page(s)\">p.<\/abbr>\u00a0 9.Phaidon, Londres, (1996).<\/li>\n<li style=\"text-align: justify;\"><a title=\"John Addington Symonds\" href=\"https:\/\/fr.wikipedia.org\/wiki\/John_Addington_Symonds\">John Addington Symonds<\/a>,\u00a0<i>The Life of Michelangelo Buonarroti<\/i>. Project Gutenberg\u00a0<a class=\"extiw\" title=\"gutenberg:11242\" href=\"https:\/\/www.gutenberg.org\/ebooks\/11242\">Project Gutenberg<\/a><\/li>\n<\/ul>\n<div class=\"mw-heading mw-heading2\">\n<h2 id=\"Articles_connexes\">Articles connexes<\/h2>\n<\/div>\n<ul>\n<li><a title=\"Michel-Ange\" href=\"https:\/\/fr.wikipedia.org\/wiki\/Michel-Ange\">Michel-Ange<\/a><\/li>\n<li><a title=\"Liste des \u0153uvres de Michel-Ange\" href=\"https:\/\/fr.wikipedia.org\/wiki\/Liste_des_%C5%93uvres_de_Michel-Ange\">Liste des \u0153uvres de Michel-Ange<\/a><\/li>\n<li><a class=\"mw-redirect\" title=\"Esth\u00e9tique de l'inachev\u00e9\" href=\"https:\/\/fr.wikipedia.org\/wiki\/Esth%C3%A9tique_de_l%27inachev%C3%A9\">Esth\u00e9tique de l&rsquo;inachev\u00e9<\/a><\/li>\n<\/ul>\n<div class=\"mw-heading mw-heading2\">\n<h2 id=\"Notes_et_r\u00e9f\u00e9rences\"><span id=\"Notes_et_r.C3.A9f.C3.A9rences\"><\/span>Notes et r\u00e9f\u00e9rences<\/h2>\n<\/div>\n<div class=\"mw-references-wrap\">\n<ol class=\"references\">\n<li id=\"cite_note-1\" style=\"text-align: justify;\"><span class=\"mw-cite-backlink noprint\"><a title=\"Revenir plus haut\" href=\"https:\/\/fr.wikipedia.org\/wiki\/Bacchus_(Michel-Ange)#cite_ref-1\" aria-label=\"Revenir plus haut\">\u2191<\/a>\u00a0<\/span><span class=\"reference-text\">Luba Freedman, \u00ab\u00a0R\u00e9flexions sur Bacchus de Michel-Ange\u00a0\u00bb, Artibus et Historiae, n\u00b0 24 47 (2003:121-135), note que plusieurs fois au cours du\u00a0<a title=\"Cinquecento\" href=\"https:\/\/fr.wikipedia.org\/wiki\/Cinquecento\">Cinquecento<\/a>, le Bacchus \u00e9tait class\u00e9 parmi les antiquit\u00e9s<\/span><\/li>\n<li id=\"cite_note-2\" style=\"text-align: justify;\"><span class=\"mw-cite-backlink noprint\"><a title=\"Revenir plus haut\" href=\"https:\/\/fr.wikipedia.org\/wiki\/Bacchus_(Michel-Ange)#cite_ref-2\" aria-label=\"Revenir plus haut\">\u2191<\/a>\u00a0<\/span><span class=\"reference-text\">Johannes Wilde,\u00a0<i>Michel-Ange: Six le\u00e7ons<\/i>,Oxford University Press, 1978:33.<\/span><\/li>\n<li id=\"cite_note-3\" style=\"text-align: justify;\"><span class=\"mw-cite-backlink noprint\"><a title=\"Revenir plus haut\" href=\"https:\/\/fr.wikipedia.org\/wiki\/Bacchus_(Michel-Ange)#cite_ref-3\" aria-label=\"Revenir plus haut\">\u2191<\/a>\u00a0<\/span><span class=\"reference-text\">Leonard Barkan, il\u00a0<i>faut d\u00e9terrer le pass\u00e9: l&rsquo;arch\u00e9ologie et l&rsquo;esth\u00e9tique dans Making of culture de la Renaissance<\/i>,New Haven \/ Londres, 1999:201-05, \u00ab\u00a0Voir Michel-Ange comme un faussaire d&rsquo;antiquit\u00e9s, le Bacchus comme une \u0153uvre ambigu\u00eb, destin\u00e9e \u00e0 \u00ab\u00a0taquiner le spectateur par l&rsquo;incertitude de \u00e0 savoir s&rsquo;il est ancien ou moderne\u00a0\u00bb,<\/span><\/li>\n<li id=\"cite_note-4\" style=\"text-align: justify;\"><span class=\"mw-cite-backlink noprint\"><a title=\"Revenir plus haut\" href=\"https:\/\/fr.wikipedia.org\/wiki\/Bacchus_(Michel-Ange)#cite_ref-4\" aria-label=\"Revenir plus haut\">\u2191<\/a>\u00a0<\/span><span class=\"reference-text\">La longue tradition de r\u00e9actions n\u00e9gatives aux Bacchus est d\u00e9limit\u00e9e dans l&rsquo;annexe de Giorgio Vasari, La Vita di Michelangelo&#8230; \u00e9dit\u00e9 avec des commentaires par Paola Barocchi, Milan 1962: II :62-67<\/span><\/li>\n<li id=\"cite_note-5\" style=\"text-align: justify;\"><span class=\"mw-cite-backlink noprint\"><a title=\"Revenir plus haut\" href=\"https:\/\/fr.wikipedia.org\/wiki\/Bacchus_(Michel-Ange)#cite_ref-5\" aria-label=\"Revenir plus haut\">\u2191<\/a>\u00a0<\/span><span class=\"reference-text\">Biographe officiel de Michel-Ange, Ascanio Condivi, \u00e9crit \u00e0 tort \u00e0 que Riario n&rsquo;a jamais command\u00e9 quoi que ce soit et attribue la commande \u00e0 Galli. Les documents d\u00e9couverts en 1981 ont finalement admis la commission\u00a0: Michael Hirst,\u00a0<i>Michel-Ange \u00e0 Rome\u00a0: un retable et la Bacchus<\/i>, The Burlington Magazine 123 (Octobre 1981:581-93), en particulier l&rsquo;Annexe C, le cardinal Riario et le\u00a0<i>Bacchus<\/i>.<\/span><\/li>\n<li id=\"cite_note-6\"><span class=\"mw-cite-backlink noprint\"><a title=\"Revenir plus haut\" href=\"https:\/\/fr.wikipedia.org\/wiki\/Bacchus_(Michel-Ange)#cite_ref-6\" aria-label=\"Revenir plus haut\">\u2191<\/a>\u00a0<\/span><span class=\"reference-text\">Freedman 2003:124.<\/span><\/li>\n<li id=\"cite_note-7\" style=\"text-align: justify;\"><span class=\"mw-cite-backlink noprint\"><a title=\"Revenir plus haut\" href=\"https:\/\/fr.wikipedia.org\/wiki\/Bacchus_(Michel-Ange)#cite_ref-7\" aria-label=\"Revenir plus haut\">\u2191<\/a>\u00a0<\/span><span class=\"reference-text\">Le carnet de croquis est \u00e0 Berlin. Ralph Lieberman,\u00a0<i>Regarding Michelangelo&rsquo;s &lsquo;Bacchus<\/i>, Artibus et Historiae 22 No. Ralph Lieberman, \u00ab\u00a0<i>Concernant Bacchus de Michel-Ange<\/i>\u00a0\u00bb, Artibus et Historiae,\u00a0<abbr class=\"abbr\" title=\"num\u00e9ro\">n<sup>o<\/sup><\/abbr>\u00a022 43 (2001:65-74) p. 43 (2001:65-74)\u00a0<abbr class=\"abbr\" title=\"page(s)\">p.<\/abbr>\u00a066 fig. 66 Fig. 2; Lieberman analyse la sculpture \u00ab\u00a0D&rsquo;un r\u00e9alisme presque brutal et parfaitement d\u00e9s\u00e9quilibr\u00e9e (<abbr class=\"abbr\" title=\"page(s)\">p.<\/abbr>\u00a067)<\/span><\/li>\n<\/ol>\n<\/div>\n<p>&nbsp;<\/p>\n","protected":false},"excerpt":{"rendered":"<p>Image mise en avant : Bacchus Michel Ange Date 1497 Type Nu Technique Statue en marbre Dimensions (H\u00a0\u00d7\u00a0L) 203\u00a0\u00d7\u00a0? cm Mouvement Renaissance italienne Localisation Bargello &nbsp; Bacchus &nbsp; Bacchus\u00a0est une sculpture du grand peintre et sculpteur\u00a0italien\u00a0de la Renaissance\u00a0Michel-Ange, conserv\u00e9e aujourd&rsquo;hui au\u00a0mus\u00e9e national du Bargello\u00a0\u00e0\u00a0Florence. Description Le\u00a0Bacchus\u00a0(1497) est une sculpture en marbre du peintre, architecte, po\u00e8te [&hellip;]<\/p>\n","protected":false},"author":1,"featured_media":15064,"parent":0,"menu_order":0,"comment_status":"closed","ping_status":"closed","template":"","meta":{"footnotes":""},"class_list":["post-14999","page","type-page","status-publish","has-post-thumbnail","hentry"],"_links":{"self":[{"href":"https:\/\/oraziopuglisi.art\/index.php\/wp-json\/wp\/v2\/pages\/14999","targetHints":{"allow":["GET"]}}],"collection":[{"href":"https:\/\/oraziopuglisi.art\/index.php\/wp-json\/wp\/v2\/pages"}],"about":[{"href":"https:\/\/oraziopuglisi.art\/index.php\/wp-json\/wp\/v2\/types\/page"}],"author":[{"embeddable":true,"href":"https:\/\/oraziopuglisi.art\/index.php\/wp-json\/wp\/v2\/users\/1"}],"replies":[{"embeddable":true,"href":"https:\/\/oraziopuglisi.art\/index.php\/wp-json\/wp\/v2\/comments?post=14999"}],"version-history":[{"count":7,"href":"https:\/\/oraziopuglisi.art\/index.php\/wp-json\/wp\/v2\/pages\/14999\/revisions"}],"predecessor-version":[{"id":15065,"href":"https:\/\/oraziopuglisi.art\/index.php\/wp-json\/wp\/v2\/pages\/14999\/revisions\/15065"}],"wp:featuredmedia":[{"embeddable":true,"href":"https:\/\/oraziopuglisi.art\/index.php\/wp-json\/wp\/v2\/media\/15064"}],"wp:attachment":[{"href":"https:\/\/oraziopuglisi.art\/index.php\/wp-json\/wp\/v2\/media?parent=14999"}],"curies":[{"name":"wp","href":"https:\/\/api.w.org\/{rel}","templated":true}]}}