{"id":14997,"date":"2024-10-13T20:44:48","date_gmt":"2024-10-13T18:44:48","guid":{"rendered":"https:\/\/oraziopuglisi.art\/?page_id=14997"},"modified":"2024-10-13T22:22:14","modified_gmt":"2024-10-13T20:22:14","slug":"crucifix-du-couvent-santo-spirito","status":"publish","type":"page","link":"https:\/\/oraziopuglisi.art\/index.php\/crucifix-du-couvent-santo-spirito\/","title":{"rendered":"Crucifix du couvent Santo Spirito"},"content":{"rendered":"<p style=\"text-align: center;\"><a href=\"https:\/\/fr.wikipedia.org\/wiki\/Crucifix_de_Santo_Spirito#:~:text=Le%20Crucifix%20de%20Santo%20Spirito,mus%C3%A9e%20de%20la%20Casa%20Buonarroti.\">Crucifix du couvent Santo Spirito<\/a><\/p>\n<p style=\"text-align: justify;\">Le\u00a0<i><b>Crucifix de Santo Spirito<\/b><\/i>\u00a0est un\u00a0<a title=\"Crucifix\" href=\"https:\/\/fr.wikipedia.org\/wiki\/Crucifix\">crucifix<\/a>\u00a0en bois peint et \u00e9toupe durcie<sup id=\"cite_ref-1\" class=\"reference\"><a href=\"https:\/\/fr.wikipedia.org\/wiki\/Crucifix_de_Santo_Spirito#cite_note-1\">1<\/a><\/sup>\u00a0du grand peintre et sculpteur\u00a0<a title=\"Italie\" href=\"https:\/\/fr.wikipedia.org\/wiki\/Italie\">italien<\/a>\u00a0de la Renaissance\u00a0<a title=\"Michel-Ange\" href=\"https:\/\/fr.wikipedia.org\/wiki\/Michel-Ange\">Michel-Ange<\/a>, conserv\u00e9e aujourd&rsquo;hui en la\u00a0<a class=\"mw-redirect\" title=\"Basilique Santo Spirito (Florence)\" href=\"https:\/\/fr.wikipedia.org\/wiki\/Basilique_Santo_Spirito_(Florence)\">basilique Santo Spirito<\/a>\u00a0\u00e0\u00a0<a title=\"Florence\" href=\"https:\/\/fr.wikipedia.org\/wiki\/Florence\">Florence<\/a>\u00a0apr\u00e8s avoir \u00e9t\u00e9 expos\u00e9 pendant 36 ans (<a title=\"1964\" href=\"https:\/\/fr.wikipedia.org\/wiki\/1964\">1964<\/a>\u00a0&#8211;\u00a0<a title=\"2000\" href=\"https:\/\/fr.wikipedia.org\/wiki\/2000\">2000<\/a>) au mus\u00e9e de la\u00a0<a title=\"Casa Buonarroti\" href=\"https:\/\/fr.wikipedia.org\/wiki\/Casa_Buonarroti\">Casa Buonarroti<\/a>.<\/p>\n<p><img loading=\"lazy\" decoding=\"async\" class=\"alignnone size-full wp-image-15056 alignright\" src=\"http:\/\/oraziopuglisi.art\/wp-content\/uploads\/2024\/10\/Santo_Spirito_sagrestia_crocifisso_di_michelangelo_04.jpg\" alt=\"\" width=\"390\" height=\"546\" srcset=\"https:\/\/oraziopuglisi.art\/wp-content\/uploads\/2024\/10\/Santo_Spirito_sagrestia_crocifisso_di_michelangelo_04.jpg 390w, https:\/\/oraziopuglisi.art\/wp-content\/uploads\/2024\/10\/Santo_Spirito_sagrestia_crocifisso_di_michelangelo_04-214x300.jpg 214w\" sizes=\"auto, (max-width: 390px) 100vw, 390px\" \/><\/p>\n<div class=\"mw-heading mw-heading2\" style=\"text-align: justify;\">\n<h2 id=\"Description\">Description<\/h2>\n<\/div>\n<figure class=\"mw-default-size\" style=\"text-align: justify;\"><a class=\"mw-file-description\" href=\"https:\/\/commons.wikimedia.org\/wiki\/File:Santo_Spirito,_sagrestia,_crocifisso_di_michelangelo_03.JPG?uselang=fr\"><img loading=\"lazy\" decoding=\"async\" class=\"mw-file-element\" src=\"https:\/\/upload.wikimedia.org\/wikipedia\/commons\/thumb\/9\/99\/Santo_Spirito%2C_sagrestia%2C_crocifisso_di_michelangelo_03.JPG\/220px-Santo_Spirito%2C_sagrestia%2C_crocifisso_di_michelangelo_03.JPG\" srcset=\"\/\/upload.wikimedia.org\/wikipedia\/commons\/thumb\/9\/99\/Santo_Spirito%2C_sagrestia%2C_crocifisso_di_michelangelo_03.JPG\/330px-Santo_Spirito%2C_sagrestia%2C_crocifisso_di_michelangelo_03.JPG 1.5x, \/\/upload.wikimedia.org\/wikipedia\/commons\/thumb\/9\/99\/Santo_Spirito%2C_sagrestia%2C_crocifisso_di_michelangelo_03.JPG\/440px-Santo_Spirito%2C_sagrestia%2C_crocifisso_di_michelangelo_03.JPG 2x\" width=\"220\" height=\"293\" data-file-width=\"1200\" data-file-height=\"1600\" \/><\/a><\/figure>\n<p>Une autre vue.<\/p>\n<p style=\"text-align: justify;\">Le crucifix est une sculpture en bois polychrome et \u00e9toupe durcie, termin\u00e9e en 1492 et attribu\u00e9e \u00e0 Michel-Ange en\u00a0<a title=\"2001\" href=\"https:\/\/fr.wikipedia.org\/wiki\/2001\">2001<\/a><sup id=\"cite_ref-2\" class=\"reference\"><a href=\"https:\/\/fr.wikipedia.org\/wiki\/Crucifix_de_Santo_Spirito#cite_note-2\">2<\/a><\/sup>. Il se trouve sur le\u00a0<a class=\"mw-redirect\" title=\"Ma\u00eetre-autel\" href=\"https:\/\/fr.wikipedia.org\/wiki\/Ma%C3%AEtre-autel\">ma\u00eetre-autel<\/a>\u00a0de l&rsquo;\u00e9glise de Santa Maria del Santo Spirito \u00e0 Florence en Italie. La particularit\u00e9 de cette \u0153uvre provient du fait que le Christ est repr\u00e9sent\u00e9 par un corps d&rsquo;adolescent en\u00a0<i><a title=\"Contrapposto\" href=\"https:\/\/fr.wikipedia.org\/wiki\/Contrapposto\">contrapposto<\/a><\/i>, nu sur la croix (conform\u00e9ment aux \u00e9critures\u00a0: \u00ab\u00a0Ils se partagent mes v\u00eatements, ils tirent au sort ma tunique\u00a0\u00bb).<\/p>\n<p style=\"text-align: justify;\">Tous les auteurs des\u00a0<a class=\"mw-redirect\" title=\"\u00c9vangiles\" href=\"https:\/\/fr.wikipedia.org\/wiki\/%C3%89vangiles\">\u00c9vangiles<\/a>\u00a0sugg\u00e8rent la nudit\u00e9, tandis que\u00a0<a title=\"Jean (ap\u00f4tre)\" href=\"https:\/\/fr.wikipedia.org\/wiki\/Jean_(ap%C3%B4tre)\">Jean<\/a>\u00a0en fournit les d\u00e9tails\u00a0:<\/p>\n<blockquote>\n<p style=\"text-align: justify;\">\u00ab\u00a0Alors les soldats, quand ils eurent crucifi\u00e9 J\u00e9sus, prirent ses v\u00eatements et firent quatre parts, \u00e0 chaque soldat une part, et aussi son habit\u00a0: d\u00e9sormais la tunique \u00e9tait sans couture, tiss\u00e9e tout au long depuis le haut. Apr\u00e8s discussion ils d\u00e9cid\u00e8rent de ne pas la d\u00e9chirer mais de la tirer au sort, ainsi fut accomplie l&rsquo;\u00c9criture qui dit\u00a0: \u00ab\u00a0Ils se sont partag\u00e9 mes habits entre eux et ma tunique a \u00e9t\u00e9 tir\u00e9e au sort. Voil\u00e0 ce que firent les soldats.\u00a0\u00bb\u00a0\u00bb<\/p>\n<\/blockquote>\n<p style=\"text-align: justify;\">\u2014\u00a0<a title=\"\u00c9vangile selon Jean\" href=\"https:\/\/fr.wikipedia.org\/wiki\/%C3%89vangile_selon_Jean\">\u00c9vangile selon Jean<\/a>\u00a0ch. XIX, v. 23 (faisant r\u00e9f\u00e9rence au\u00a0<a title=\"Psaume 22 (21)\" href=\"https:\/\/fr.wikipedia.org\/wiki\/Psaume_22_(21)\">psaume XXII<\/a>, v. 19).<\/p>\n<div class=\"mw-heading mw-heading2\" style=\"text-align: justify;\">\n<h2 id=\"Histoire\">Histoire<\/h2>\n<\/div>\n<p style=\"text-align: justify;\">Apr\u00e8s la mort de son protecteur\u00a0<a title=\"Laurent de M\u00e9dicis\" href=\"https:\/\/fr.wikipedia.org\/wiki\/Laurent_de_M%C3%A9dicis\">Laurent de M\u00e9dicis<\/a>, Michelangelo Buonarroti alors \u00e2g\u00e9 de dix-sept ans a \u00e9t\u00e9 h\u00e9berg\u00e9 au couvent de Santa Maria del Santo Spirito (Florence) o\u00f9 il a pu faire des \u00e9tudes\u00a0<a title=\"Anatomie\" href=\"https:\/\/fr.wikipedia.org\/wiki\/Anatomie\">anatomiques<\/a>\u00a0sur les corps de d\u00e9funts en provenance de l&rsquo;h\u00f4pital du couvent. Ceci permit \u00e0 Michel-Ange de repr\u00e9senter le corps humain dans le moindre d\u00e9tail. En \u00e9change, il a sculpt\u00e9 un crucifix en bois qui a \u00e9t\u00e9 plac\u00e9 sur le\u00a0<a class=\"mw-redirect\" title=\"Ma\u00eetre-autel\" href=\"https:\/\/fr.wikipedia.org\/wiki\/Ma%C3%AEtre-autel\">ma\u00eetre-autel<\/a>. Michel-Ange a voulu humaniser le Christ en le repr\u00e9sentant nu et sensuel, ce qui fait scandale<sup id=\"cite_ref-3\" class=\"reference\"><a href=\"https:\/\/fr.wikipedia.org\/wiki\/Crucifix_de_Santo_Spirito#cite_note-3\">3<\/a><\/sup>.<\/p>\n<p style=\"text-align: justify;\">La particularit\u00e9 de la croix est que les inscriptions sur le\u00a0<a title=\"Titulus\" href=\"https:\/\/fr.wikipedia.org\/wiki\/Titulus\">titulus<\/a>\u00a0sont en grec, h\u00e9breu et latin, \u00e9crites de droite \u00e0 gauche, comme le\u00a0<a title=\"Titulus Crucis\" href=\"https:\/\/fr.wikipedia.org\/wiki\/Titulus_Crucis\">Titulus Crucis<\/a>\u00a0dans la\u00a0<a title=\"Basilique Sainte-Croix-de-J\u00e9rusalem\" href=\"https:\/\/fr.wikipedia.org\/wiki\/Basilique_Sainte-Croix-de-J%C3%A9rusalem\">basilique Sainte-Croix-de-J\u00e9rusalem<\/a>. Le libell\u00e9 est\u00a0: \u00ab\u00a0J\u00e9sus de Nazareth, roi des Juifs\u00a0\u00bb. Toutes les \u00c9vangiles sont pratiquement d&rsquo;accord sur cette inscription et Michel-Ange adopte celle rapport\u00e9e par Jean<sup id=\"cite_ref-4\" class=\"reference\"><a href=\"https:\/\/fr.wikipedia.org\/wiki\/Crucifix_de_Santo_Spirito#cite_note-4\">4<\/a><\/sup>.<\/p>\n<p style=\"text-align: justify;\">Il existe des preuves de la rencontre de J\u00e9sus avec Ponce Pilate qui est la personne qui a \u00e9crit ce libell\u00e9. \u00ab\u00a0Ils ont dit au gouverneur romain d&rsquo;\u00e9crire que J\u00e9sus \u00e9tait le \u00ab\u00a0grand pr\u00eatre des Juifs\u00a0\u00bb et non \u00ab\u00a0le roi des Juifs\u00a0\u00bb comme il affirmait, mais Pilate a refus\u00e9 de modifier le texte de l&rsquo;affiche\u00a0: \u00ab\u00a0Ce que j&rsquo;ai \u00e9crit, je l&rsquo;ai \u00e9crit\u00a0\u00bb, leur dit-il.<\/p>\n<p style=\"text-align: justify;\">La blessure par la lance dans le flanc de J\u00e9sus par un soldat romain (<a class=\"mw-redirect\" title=\"Longin le Centurion\" href=\"https:\/\/fr.wikipedia.org\/wiki\/Longin_le_Centurion\">Longin le Centurion<\/a>) est \u00e9galement pr\u00e9sente. Elle est l&rsquo;accomplissement d&rsquo;une autre \u00e9criture qui dit\u00a0: \u00ab\u00a0Ils regarderont celui qu&rsquo;ils ont transperc\u00e9\u00a0\u00bb. Son sang coulant de la blessure. Une blessure inflig\u00e9e pour nos p\u00e9ch\u00e9s, peu apr\u00e8s J\u00e9sus dit \u00ab\u00a0C&rsquo;est fini\u00a0\u00bb, baissa la t\u00eate et rendit l&rsquo;\u00e2me.<\/p>\n<p style=\"text-align: justify;\">L&rsquo;\u0153uvre de Michel-Ange a \u00e9t\u00e9 reconnue dans les\u00a0<a title=\"Ann\u00e9es 1960\" href=\"https:\/\/fr.wikipedia.org\/wiki\/Ann%C3%A9es_1960\">ann\u00e9es 1960<\/a>\u00a0pendant la classification des crucifix toscans par Margrit Lisner, qui lui en attribua la paternit\u00e9 et commen\u00e7a sa premi\u00e8re restauration en\u00a0<a title=\"1964\" href=\"https:\/\/fr.wikipedia.org\/wiki\/1964\">1964<\/a>. La pr\u00e9cise repr\u00e9sentation anatomique du corps rend encore plus probable l&rsquo;attribution.<\/p>\n<p style=\"text-align: justify;\">Aujourd&rsquo;hui, le crucifix est dans la\u00a0<a title=\"Sacristie\" href=\"https:\/\/fr.wikipedia.org\/wiki\/Sacristie\">sacristie<\/a>\u00a0octogonale de la Basilique Santa Maria del Santo Spirito.<\/p>\n<div class=\"mw-heading mw-heading2\" style=\"text-align: justify;\">\n<h2 id=\"Autres_crucifix_attribu\u00e9s_\u00e0_Michel-Ange\"><span id=\"Autres_crucifix_attribu.C3.A9s_.C3.A0_Michel-Ange\"><\/span>Autres crucifix attribu\u00e9s \u00e0 Michel-Ange<\/h2>\n<\/div>\n<ul style=\"text-align: justify;\">\n<li><a class=\"mw-redirect\" title=\"Crucifix en bois de tilleul (Michel-Ange)\" href=\"https:\/\/fr.wikipedia.org\/wiki\/Crucifix_en_bois_de_tilleul_(Michel-Ange)\">Crucifix en bois de tilleul (Michel-Ange)<\/a><\/li>\n<li><a title=\"Crucifix d'ivoire de Montserrat\" href=\"https:\/\/fr.wikipedia.org\/wiki\/Crucifix_d%27ivoire_de_Montserrat\">Crucifix d&rsquo;ivoire de Montserrat<\/a><\/li>\n<\/ul>\n<div class=\"mw-heading mw-heading2\" style=\"text-align: justify;\">\n<h2 id=\"Bibliographie\">Bibliographie<\/h2>\n<\/div>\n<ul style=\"text-align: justify;\">\n<li>Ascanio Condivi, Alice Sedgewick,\u00a0<i>The Life of Michelangelo<\/i>, \u00e9diteur Pennsylvania State University Press, 1999\u00a0<a class=\"external autonumber\" href=\"https:\/\/books.google.com\/books?id=sWNZ7njz2MkC&amp;lpg=PP1&amp;dq=isbn%3A0271018534&amp;pg=PA17#v=onepage&amp;q=&amp;f=false\" rel=\"nofollow\">[2]<\/a><small class=\"cachelinks\">\u00a0[<a title=\"archive sur Wikiwix\" href=\"https:\/\/archive.wikiwix.com\/cache\/?url=https%3A%2F%2Fbooks.google.com%2Fbooks%3Fid%3DsWNZ7njz2MkC%26lpg%3DPP1%26dq%3Disbn%253A0271018534%26pg%3DPA17%23v%3Donepage%26q%3D%26f%3Dfalse\">archive<\/a>]<\/small>\u00a0<small>(<a title=\"International Standard Book Number\" href=\"https:\/\/fr.wikipedia.org\/wiki\/International_Standard_Book_Number\">ISBN<\/a>\u00a0<a title=\"Sp\u00e9cial:Ouvrages de r\u00e9f\u00e9rence\/0-271-01853-4\" href=\"https:\/\/fr.wikipedia.org\/wiki\/Sp%C3%A9cial:Ouvrages_de_r%C3%A9f%C3%A9rence\/0-271-01853-4\"><span class=\"nowrap\">0-271-01853-4<\/span><\/a>)<\/small><\/li>\n<li>Umberto Baldini, Liberto Perugi,\u00a0<i>The Sculpture of Michelangelo<\/i>, \u00e9diteur Rizzoli, 1982\u00a0<a class=\"external autonumber\" href=\"https:\/\/books.google.com\/books?id=pCEWAQAAIAAJ\" rel=\"nofollow\">[3]<\/a><small class=\"cachelinks\">\u00a0[<a title=\"archive sur Wikiwix\" href=\"https:\/\/archive.wikiwix.com\/cache\/?url=https%3A%2F%2Fbooks.google.com%2Fbooks%3Fid%3DpCEWAQAAIAAJ\">archive<\/a>]<\/small>\u00a0<small>(<a title=\"International Standard Book Number\" href=\"https:\/\/fr.wikipedia.org\/wiki\/International_Standard_Book_Number\">ISBN<\/a>\u00a0<a title=\"Sp\u00e9cial:Ouvrages de r\u00e9f\u00e9rence\/0-8478-0447-X\" href=\"https:\/\/fr.wikipedia.org\/wiki\/Sp%C3%A9cial:Ouvrages_de_r%C3%A9f%C3%A9rence\/0-8478-0447-X\"><span class=\"nowrap\">0-8478-0447-X<\/span><\/a>)<\/small><\/li>\n<\/ul>\n<div class=\"mw-heading mw-heading2\" style=\"text-align: justify;\">\n<h2 id=\"Articles_connexes\">Articles connexes<\/h2>\n<\/div>\n<ul style=\"text-align: justify;\">\n<li><a title=\"Michel-Ange\" href=\"https:\/\/fr.wikipedia.org\/wiki\/Michel-Ange\">Michel-Ange<\/a><\/li>\n<li><a title=\"Liste des \u0153uvres de Michel-Ange\" href=\"https:\/\/fr.wikipedia.org\/wiki\/Liste_des_%C5%93uvres_de_Michel-Ange\">Liste des \u0153uvres de Michel-Ange<\/a><\/li>\n<li><a class=\"mw-redirect\" title=\"Esth\u00e9tique de l'inachev\u00e9\" href=\"https:\/\/fr.wikipedia.org\/wiki\/Esth%C3%A9tique_de_l%27inachev%C3%A9\">Esth\u00e9tique de l&rsquo;inachev\u00e9<\/a><\/li>\n<\/ul>\n<div class=\"mw-heading mw-heading2\" style=\"text-align: justify;\">\n<h2 id=\"Notes_et_r\u00e9f\u00e9rences\"><span id=\"Notes_et_r.C3.A9f.C3.A9rences\"><\/span>Notes et r\u00e9f\u00e9rences<\/h2>\n<\/div>\n<div class=\"mw-references-wrap\" style=\"text-align: justify;\">\n<ol class=\"references\">\n<li id=\"cite_note-1\"><span class=\"mw-cite-backlink noprint\"><a title=\"Revenir plus haut\" href=\"https:\/\/fr.wikipedia.org\/wiki\/Crucifix_de_Santo_Spirito#cite_ref-1\" aria-label=\"Revenir plus haut\">\u2191<\/a>\u00a0<\/span><span class=\"reference-text\"><a class=\"external text\" href=\"http:\/\/didart.fltr.ucl.ac.be\/Diam\/syllabus%20histoire%20de%20l'art%20Limal.pdf\" rel=\"nofollow\"><i>Histoire de l&rsquo;art<\/i>, Fabrice Giot, ann\u00e9e 2009 \u2013 2010<\/a><small class=\"cachelinks\">\u00a0[<a title=\"archive sur Wikiwix\" href=\"https:\/\/archive.wikiwix.com\/cache\/?url=http%3A%2F%2Fdidart.fltr.ucl.ac.be%2FDiam%2Fsyllabus%2520histoire%2520de%2520l%27art%2520Limal.pdf\">archive<\/a>]<\/small><\/span><\/li>\n<li id=\"cite_note-2\"><span class=\"mw-cite-backlink noprint\"><a title=\"Revenir plus haut\" href=\"https:\/\/fr.wikipedia.org\/wiki\/Crucifix_de_Santo_Spirito#cite_ref-2\" aria-label=\"Revenir plus haut\">\u2191<\/a>\u00a0<\/span><span class=\"reference-text\"><a class=\"external text\" href=\"http:\/\/news.bbc.co.uk\/2\/hi\/entertainment\/1444780.stm\" rel=\"nofollow\">Crucifix confirm\u00e9 comme \u0153uvre de Michel-Ange<\/a><small class=\"cachelinks\">\u00a0[<a title=\"archive sur Wikiwix\" href=\"https:\/\/archive.wikiwix.com\/cache\/?url=http%3A%2F%2Fnews.bbc.co.uk%2F2%2Fhi%2Fentertainment%2F1444780.stm\">archive<\/a>]<\/small>.\u00a0<a title=\"BBC News\" href=\"https:\/\/fr.wikipedia.org\/wiki\/BBC_News\">BBC News<\/a>, 18 juillet 2001 et 18 mai 2009<\/span><\/li>\n<li id=\"cite_note-3\"><span class=\"mw-cite-backlink noprint\"><a title=\"Revenir plus haut\" href=\"https:\/\/fr.wikipedia.org\/wiki\/Crucifix_de_Santo_Spirito#cite_ref-3\" aria-label=\"Revenir plus haut\">\u2191<\/a>\u00a0<\/span><span class=\"reference-text\"><span id=\"de_Landsberg2001\" class=\"ouvrage\"><span id=\"Jacques_de_Landsberg2001\" class=\"ouvrage\">Jacques de Landsberg,\u00a0<cite class=\"italique\">L&rsquo;art en croix. Le th\u00e8me de la crucifixion dans l&rsquo;histoire de l&rsquo;art<\/cite>, Renaissance Du Livre,\u00a0<time>2001<\/time>,\u00a0<abbr class=\"abbr\" title=\"page\">p.<\/abbr>\u00a029<\/span><\/span><\/span><\/li>\n<li id=\"cite_note-4\"><span class=\"mw-cite-backlink noprint\"><a title=\"Revenir plus haut\" href=\"https:\/\/fr.wikipedia.org\/wiki\/Crucifix_de_Santo_Spirito#cite_ref-4\" aria-label=\"Revenir plus haut\">\u2191<\/a>\u00a0<\/span><span class=\"reference-text\">Jean Bible 19:19\u00a0<a class=\"external autonumber\" href=\"http:\/\/www.blueletterbible.org\/tools\/printerFriendly.cfm?b=Jhn&amp;c=19&amp;v=19&amp;t=KJV\" rel=\"nofollow\">[1]<\/a><small class=\"cachelinks\">\u00a0[<a title=\"archive sur Wikiwix\" href=\"https:\/\/archive.wikiwix.com\/cache\/?url=http%3A%2F%2Fwww.blueletterbible.org%2Ftools%2FprinterFriendly.cfm%3Fb%3DJhn%26c%3D19%26v%3D19%26t%3DKJV\">archive<\/a>]<\/small><\/span><\/li>\n<\/ol>\n<\/div>\n<div class=\"mw-heading mw-heading2\" style=\"text-align: justify;\">\n<h2 id=\"Sources\">Sources<\/h2>\n<\/div>\n<ul>\n<li style=\"text-align: justify;\"><abbr class=\"abbr indicateur-langue\" title=\"Langue : anglais\">(en)<\/abbr>\u00a0Cet article est partiellement ou en totalit\u00e9 issu de l\u2019article de Wikip\u00e9dia en anglais intitul\u00e9\u00a0<span class=\"plainlinks\">\u00ab\u00a0<a class=\"external text\" href=\"https:\/\/en.wikipedia.org\/wiki\/Crucifix_(Michelangelo)?oldid=341714815\">Crucifix (Michelangelo)<\/a>\u00a0\u00bb\u00a0<small>(<a class=\"external text\" href=\"https:\/\/en.wikipedia.org\/wiki\/Crucifix_(Michelangelo)?action=history\">voir la liste des auteurs<\/a>)<\/small><\/span>.<\/li>\n<\/ul>\n","protected":false},"excerpt":{"rendered":"<p>Crucifix du couvent Santo Spirito Le\u00a0Crucifix de Santo Spirito\u00a0est un\u00a0crucifix\u00a0en bois peint et \u00e9toupe durcie1\u00a0du grand peintre et sculpteur\u00a0italien\u00a0de la Renaissance\u00a0Michel-Ange, conserv\u00e9e aujourd&rsquo;hui en la\u00a0basilique Santo Spirito\u00a0\u00e0\u00a0Florence\u00a0apr\u00e8s avoir \u00e9t\u00e9 expos\u00e9 pendant 36 ans (1964\u00a0&#8211;\u00a02000) au mus\u00e9e de la\u00a0Casa Buonarroti. Description Une autre vue. Le crucifix est une sculpture en bois polychrome et \u00e9toupe durcie, termin\u00e9e [&hellip;]<\/p>\n","protected":false},"author":1,"featured_media":15056,"parent":0,"menu_order":0,"comment_status":"closed","ping_status":"closed","template":"","meta":{"footnotes":""},"class_list":["post-14997","page","type-page","status-publish","has-post-thumbnail","hentry"],"_links":{"self":[{"href":"https:\/\/oraziopuglisi.art\/index.php\/wp-json\/wp\/v2\/pages\/14997","targetHints":{"allow":["GET"]}}],"collection":[{"href":"https:\/\/oraziopuglisi.art\/index.php\/wp-json\/wp\/v2\/pages"}],"about":[{"href":"https:\/\/oraziopuglisi.art\/index.php\/wp-json\/wp\/v2\/types\/page"}],"author":[{"embeddable":true,"href":"https:\/\/oraziopuglisi.art\/index.php\/wp-json\/wp\/v2\/users\/1"}],"replies":[{"embeddable":true,"href":"https:\/\/oraziopuglisi.art\/index.php\/wp-json\/wp\/v2\/comments?post=14997"}],"version-history":[{"count":5,"href":"https:\/\/oraziopuglisi.art\/index.php\/wp-json\/wp\/v2\/pages\/14997\/revisions"}],"predecessor-version":[{"id":15058,"href":"https:\/\/oraziopuglisi.art\/index.php\/wp-json\/wp\/v2\/pages\/14997\/revisions\/15058"}],"wp:featuredmedia":[{"embeddable":true,"href":"https:\/\/oraziopuglisi.art\/index.php\/wp-json\/wp\/v2\/media\/15056"}],"wp:attachment":[{"href":"https:\/\/oraziopuglisi.art\/index.php\/wp-json\/wp\/v2\/media?parent=14997"}],"curies":[{"name":"wp","href":"https:\/\/api.w.org\/{rel}","templated":true}]}}