{"id":14995,"date":"2024-10-13T20:43:53","date_gmt":"2024-10-13T18:43:53","guid":{"rendered":"https:\/\/oraziopuglisi.art\/?page_id=14995"},"modified":"2024-10-13T21:55:51","modified_gmt":"2024-10-13T19:55:51","slug":"la-bataille-des-centaures-et-des-lapithes","status":"publish","type":"page","link":"https:\/\/oraziopuglisi.art\/index.php\/la-bataille-des-centaures-et-des-lapithes\/","title":{"rendered":"La Bataille des Centaures et des Lapithes"},"content":{"rendered":"<p style=\"text-align: center;\"><a href=\"https:\/\/fr.wikipedia.org\/wiki\/Bataille_des_Centaures_(Michel-Ange)\">La Bataille des Centaures et des Lapithes<\/a><\/p>\n<p style=\"text-align: justify;\">La\u00a0<b>Bataille des Centaures\u00a0<\/b>(en\u00a0<a title=\"Italien\" href=\"https:\/\/fr.wikipedia.org\/wiki\/Italien\">italien<\/a>\u00a0:\u00a0<i>Battaglia dei centauri<\/i>) ou le\u00a0<b>rapt de\u00a0<a title=\"D\u00e9janire\" href=\"https:\/\/fr.wikipedia.org\/wiki\/D%C3%A9janire\">D\u00e9janire<\/a><\/b><sup id=\"cite_ref-1\" class=\"reference\"><a title=\"\" href=\"https:\/\/fr.wikipedia.org\/wiki\/Bataille_des_Centaures_(Michel-Ange)#cite_note-1\">1<\/a><\/sup>\u00a0ou\u00a0<b>bataille d&rsquo;Hercule et des Centaures<\/b><sup id=\"cite_ref-2\" class=\"reference\"><a href=\"https:\/\/fr.wikipedia.org\/wiki\/Bataille_des_Centaures_(Michel-Ange)#cite_note-2\">2<\/a><\/sup>, est une \u0153uvre de jeunesse de\u00a0<a title=\"Michel-Ange\" href=\"https:\/\/fr.wikipedia.org\/wiki\/Michel-Ange\">Michel-Ange<\/a>, conserv\u00e9e \u00e0 la\u00a0<a title=\"Casa Buonarroti\" href=\"https:\/\/fr.wikipedia.org\/wiki\/Casa_Buonarroti\">Casa Buonarroti<\/a>\u00a0\u00e0\u00a0<a title=\"Florence\" href=\"https:\/\/fr.wikipedia.org\/wiki\/Florence\">Florence<\/a>.<\/p>\n<p><img loading=\"lazy\" decoding=\"async\" class=\"alignnone size-full wp-image-15051\" src=\"http:\/\/oraziopuglisi.art\/wp-content\/uploads\/2024\/10\/Michelangelo_battaglia_dei_centauri_casa_buonarroti.jpg\" alt=\"\" width=\"390\" height=\"361\" srcset=\"https:\/\/oraziopuglisi.art\/wp-content\/uploads\/2024\/10\/Michelangelo_battaglia_dei_centauri_casa_buonarroti.jpg 390w, https:\/\/oraziopuglisi.art\/wp-content\/uploads\/2024\/10\/Michelangelo_battaglia_dei_centauri_casa_buonarroti-300x278.jpg 300w\" sizes=\"auto, (max-width: 390px) 100vw, 390px\" \/><\/p>\n<div class=\"mw-heading mw-heading2\" style=\"text-align: justify;\">\n<h2 id=\"Histoire\">Histoire<\/h2>\n<\/div>\n<p style=\"text-align: justify;\">La premi\u00e8re fois qu&rsquo;il est fait mention de la\u00a0<i>Bataille des Centaures<\/i>\u00a0c&rsquo;est dans une lettre \u00e9crite en\u00a0<a title=\"1527\" href=\"https:\/\/fr.wikipedia.org\/wiki\/1527\">1527<\/a>\u00a0par Giovanni Borromeo repr\u00e9sentant de la\u00a0<a title=\"Maison de Gonzague\" href=\"https:\/\/fr.wikipedia.org\/wiki\/Maison_de_Gonzague\">maison Gonzague<\/a>\u00a0\u00e0 Florence \u00e0\u00a0<a title=\"Fr\u00e9d\u00e9ric II de Mantoue\" href=\"https:\/\/fr.wikipedia.org\/wiki\/Fr%C3%A9d%C3%A9ric_II_de_Mantoue\">Fr\u00e9d\u00e9ric marquis de Mantoue<\/a>, qui \u00ab\u00a0voulait une \u0153uvre de Michel-Ange \u00e0 tout prix\u00a0\u00bb<sup id=\"cite_ref-3\" class=\"reference\"><a href=\"https:\/\/fr.wikipedia.org\/wiki\/Bataille_des_Centaures_(Michel-Ange)#cite_note-3\">3<\/a><\/sup>. La\u00a0<i>Bataille des Centaures<\/i>\u00a0est la deuxi\u00e8me pi\u00e8ce en bas-relief connue sculpt\u00e9e par Michel-Ange. Elle a \u00e9t\u00e9 cisel\u00e9e dans du\u00a0<a title=\"Marbre de Carrare\" href=\"https:\/\/fr.wikipedia.org\/wiki\/Marbre_de_Carrare\">marbre de Carrare<\/a>\u00a0pour\u00a0<a title=\"Laurent de M\u00e9dicis\" href=\"https:\/\/fr.wikipedia.org\/wiki\/Laurent_de_M%C3%A9dicis\">Laurent de M\u00e9dicis<\/a>\u00a0et \u00e9tait inachev\u00e9 \u00e0 la mort du prince. Selon le biographe de Michel-Ange\u00a0<a title=\"Ascanio Condivi\" href=\"https:\/\/fr.wikipedia.org\/wiki\/Ascanio_Condivi\">Ascanio Condivi<\/a>, le sujet lui aurait \u00e9t\u00e9 sugg\u00e9r\u00e9 par le po\u00e8te\u00a0<a class=\"mw-redirect\" title=\"Angelo Poliziano\" href=\"https:\/\/fr.wikipedia.org\/wiki\/Angelo_Poliziano\">Angelo Poliziano<\/a><\/p>\n<div class=\"mw-heading mw-heading2\" style=\"text-align: justify;\">\n<h2 id=\"Description\">Description<\/h2>\n<\/div>\n<p style=\"text-align: justify;\">Il s&rsquo;agit d&rsquo;une sculpture en haut-relief car les personnages se d\u00e9tachent beaucoup, haute de 84,5\u00a0<abbr class=\"abbr\" title=\"centim\u00e8tre\">cm<\/abbr>\u00a0et large de 90,5\u00a0<abbr class=\"abbr\" title=\"centim\u00e8tre\">cm<\/abbr>\u00a0d&rsquo;une profondeur maximale de 15\u00a0cm. Dans le bas-relief de Michel-Ange le m\u00e9lange dynamique des corps nus en lutte est privil\u00e9gi\u00e9 et l&rsquo;effet spatial annul\u00e9.<\/p>\n<div class=\"mw-heading mw-heading3\" style=\"text-align: justify;\">\n<h3 id=\"Th\u00e8me\"><span id=\"Th.C3.A8me\"><\/span>Th\u00e8me<\/h3>\n<\/div>\n<p style=\"text-align: justify;\">Il s&rsquo;agit d&rsquo;une\u00a0<a title=\"Centauromachie\" href=\"https:\/\/fr.wikipedia.org\/wiki\/Centauromachie\">centauromachie<\/a><sup id=\"cite_ref-4\" class=\"reference\"><a href=\"https:\/\/fr.wikipedia.org\/wiki\/Bataille_des_Centaures_(Michel-Ange)#cite_note-4\">4<\/a><\/sup>, une bataille de\u00a0<a title=\"Centaure\" href=\"https:\/\/fr.wikipedia.org\/wiki\/Centaure\">centaures<\/a>, celle pr\u00e9cis\u00e9ment contre les\u00a0<a title=\"Lapithes\" href=\"https:\/\/fr.wikipedia.org\/wiki\/Lapithes\">Lapithes<\/a>, opposant les protagonistes apr\u00e8s le viol (au sens d&rsquo;enl\u00e8vement) de femmes lapithes par des centaures.<\/p>\n<div class=\"mw-heading mw-heading2\" style=\"text-align: justify;\">\n<h2 id=\"Analyse\">Analyse<\/h2>\n<\/div>\n<p style=\"text-align: justify;\">Lorsque Michel-Ange r\u00e9alise cette \u0153uvre, il compl\u00e9te sa formation dans l&rsquo;atelier du sculpteur\u00a0<a title=\"Bertoldo di Giovanni\" href=\"https:\/\/fr.wikipedia.org\/wiki\/Bertoldo_di_Giovanni\">Bertoldo di Giovanni<\/a>, ancien assistant de\u00a0<a title=\"Donatello\" href=\"https:\/\/fr.wikipedia.org\/wiki\/Donatello\">Donatello<\/a>\u00a0et conservateur de la collection de fragments de sculptures antiques des\u00a0<a title=\"Maison de M\u00e9dicis\" href=\"https:\/\/fr.wikipedia.org\/wiki\/Maison_de_M%C3%A9dicis\">M\u00e9dicis<\/a>\u00a0dans le petit jardin proche du\u00a0<a title=\"Couvent San Marco\" href=\"https:\/\/fr.wikipedia.org\/wiki\/Couvent_San_Marco\">couvent San Marco<\/a>. La\u00a0<i>Bataille des centaures<\/i>\u00a0s&rsquo;inspire de l&rsquo;art antique\u00a0: les\u00a0<a title=\"Bas-relief\" href=\"https:\/\/fr.wikipedia.org\/wiki\/Bas-relief\">bas-reliefs<\/a>\u00a0de Donatello \u00e9taient d&rsquo;une grande subtilit\u00e9 et Bertoldo \u00e9tait passionn\u00e9 de sculpture romaine. Michel-Ange s&rsquo;est peut-\u00eatre aussi inspir\u00e9 des nombreux\u00a0<a title=\"Cam\u00e9e\" href=\"https:\/\/fr.wikipedia.org\/wiki\/Cam%C3%A9e\">cam\u00e9es<\/a>\u00a0antiques de la collection M\u00e9dicis qui exploitent les infinies gradations du modelage en couches finement superpos\u00e9es<sup id=\"cite_ref-5\" class=\"reference\"><a href=\"https:\/\/fr.wikipedia.org\/wiki\/Bataille_des_Centaures_(Michel-Ange)#cite_note-5\">5<\/a><\/sup>. L&rsquo;\u0153uvre refl\u00e8te l&rsquo;\u00e9tude par Michel-Ange de\u00a0<a title=\"Sarcophage\" href=\"https:\/\/fr.wikipedia.org\/wiki\/Sarcophage\">sarcophages<\/a>\u00a0de l&rsquo;\u00e9poque romaine tardive ainsi que du style de\u00a0<a title=\"Giovanni Pisano\" href=\"https:\/\/fr.wikipedia.org\/wiki\/Giovanni_Pisano\">Giovanni Pisano<\/a>, des reliefs en bronze de\u00a0<a title=\"Bertoldo di Giovanni\" href=\"https:\/\/fr.wikipedia.org\/wiki\/Bertoldo_di_Giovanni\">Bertoldo di Giovanni<\/a>\u00a0avec une bataille de chevaliers reprise d&rsquo;un sarcophage du\u00a0<a title=\"Camposanto monumentale\" href=\"https:\/\/fr.wikipedia.org\/wiki\/Camposanto_monumentale\">Camposanto di Pisa<\/a>.<\/p>\n<p style=\"text-align: justify;\">\u00c0 remarquer que dans cette \u0153uvre aucun\u00a0<a title=\"Cheval\" href=\"https:\/\/fr.wikipedia.org\/wiki\/Cheval\">corps \u00e9quin<\/a>\u00a0n&rsquo;est visible et seuls le sont des corps nus masculins.<\/p>\n<div class=\"mw-heading mw-heading2\" style=\"text-align: justify;\">\n<h2 id=\"Notes_et_r\u00e9f\u00e9rences\"><span id=\"Notes_et_r.C3.A9f.C3.A9rences\"><\/span>Notes et r\u00e9f\u00e9rences<\/h2>\n<\/div>\n<div class=\"references-small decimal\" style=\"text-align: justify;\">\n<div class=\"mw-references-wrap\">\n<ol class=\"references\">\n<li id=\"cite_note-1\"><span class=\"mw-cite-backlink noprint\"><a title=\"Revenir plus haut\" href=\"https:\/\/fr.wikipedia.org\/wiki\/Bataille_des_Centaures_(Michel-Ange)#cite_ref-1\" aria-label=\"Revenir plus haut\">\u2191<\/a>\u00a0<\/span><span class=\"reference-text\">Ascanio Condivi,<i>Vita di Michelangelo<\/i>, 1553,Rome<\/span><\/li>\n<li id=\"cite_note-2\"><span class=\"mw-cite-backlink noprint\"><a title=\"Revenir plus haut\" href=\"https:\/\/fr.wikipedia.org\/wiki\/Bataille_des_Centaures_(Michel-Ange)#cite_ref-2\" aria-label=\"Revenir plus haut\">\u2191<\/a>\u00a0<\/span><span class=\"reference-text\">Giorgio Vasari<\/span><\/li>\n<li id=\"cite_note-3\"><span class=\"mw-cite-backlink noprint\"><a title=\"Revenir plus haut\" href=\"https:\/\/fr.wikipedia.org\/wiki\/Bataille_des_Centaures_(Michel-Ange)#cite_ref-3\" aria-label=\"Revenir plus haut\">\u2191<\/a>\u00a0<\/span><span class=\"reference-text\">La lettre fait r\u00e9f\u00e9rence \u00e0 une \u00ab\u00a0image de figures nues, au combat, fait de marbre, qu&rsquo;il a commenc\u00e9 \u00e0 la demande d&rsquo;un grand seigneur, mais n&rsquo;est pas termin\u00e9e.\u00a0\u00bb<\/span><\/li>\n<li id=\"cite_note-4\"><span class=\"mw-cite-backlink noprint\"><a title=\"Revenir plus haut\" href=\"https:\/\/fr.wikipedia.org\/wiki\/Bataille_des_Centaures_(Michel-Ange)#cite_ref-4\" aria-label=\"Revenir plus haut\">\u2191<\/a>\u00a0<\/span><span class=\"reference-text\">repr\u00e9sentation artistique, peinte ou sculpt\u00e9e, de centaures lors d&rsquo;un combat, courante dans l&rsquo;Antiquit\u00e9<\/span><\/li>\n<li id=\"cite_note-5\"><span class=\"mw-cite-backlink noprint\"><a title=\"Revenir plus haut\" href=\"https:\/\/fr.wikipedia.org\/wiki\/Bataille_des_Centaures_(Michel-Ange)#cite_ref-5\" aria-label=\"Revenir plus haut\">\u2191<\/a>\u00a0<\/span><span class=\"reference-text\"><span id=\"Murray1995\" class=\"ouvrage\"><span id=\"Linda_Murray1995\" class=\"ouvrage\">Linda Murray,\u00a0<cite class=\"italique\">La Haute Renaissance et le mani\u00e9risme<\/cite>, Paris, Editions Thames &amp; Hudson,\u00a0<time>1995<\/time>, 287\u00a0<abbr class=\"abbr\" title=\"pages\">p.<\/abbr>\u00a0<small>(<a title=\"International Standard Book Number\" href=\"https:\/\/fr.wikipedia.org\/wiki\/International_Standard_Book_Number\">ISBN<\/a>\u00a0<a title=\"Sp\u00e9cial:Ouvrages de r\u00e9f\u00e9rence\/2-87811-098-6\" href=\"https:\/\/fr.wikipedia.org\/wiki\/Sp%C3%A9cial:Ouvrages_de_r%C3%A9f%C3%A9rence\/2-87811-098-6\"><span class=\"nowrap\">2-87811-098-6<\/span><\/a>)<\/small>, p. 24<\/span><\/span><\/span><\/li>\n<\/ol>\n<\/div>\n<\/div>\n<div class=\"mw-heading mw-heading2\" style=\"text-align: justify;\">\n<h2 id=\"Articles_connexes\">Articles connexes<\/h2>\n<\/div>\n<ul style=\"text-align: justify;\">\n<li><a title=\"Michel-Ange\" href=\"https:\/\/fr.wikipedia.org\/wiki\/Michel-Ange\">Michel-Ange<\/a><\/li>\n<li><a title=\"Liste des \u0153uvres de Michel-Ange\" href=\"https:\/\/fr.wikipedia.org\/wiki\/Liste_des_%C5%93uvres_de_Michel-Ange\">Liste des \u0153uvres de Michel-Ange<\/a><\/li>\n<\/ul>\n<div class=\"mw-heading mw-heading2\" style=\"text-align: justify;\">\n<h2 id=\"Sources\">Sources<\/h2>\n<\/div>\n<ul style=\"text-align: justify;\">\n<li><abbr class=\"abbr indicateur-langue\" title=\"Langue : italien\">(it)<\/abbr>\u00a0Cet article est partiellement ou en totalit\u00e9 issu de l\u2019article de Wikip\u00e9dia en italien intitul\u00e9\u00a0<span class=\"plainlinks\">\u00ab\u00a0<a class=\"external text\" href=\"https:\/\/it.wikipedia.org\/wiki\/Battaglia_dei_centauri?oldid=26481973\">Battaglia dei centauri<\/a>\u00a0\u00bb\u00a0<small>(<a class=\"external text\" href=\"https:\/\/it.wikipedia.org\/wiki\/Battaglia_dei_centauri?action=history\">voir la liste des auteurs<\/a>)<\/small><\/span>.<\/li>\n<\/ul>\n<p style=\"text-align: justify;\">\u00a0<\/p>\n","protected":false},"excerpt":{"rendered":"<p>La Bataille des Centaures et des Lapithes La\u00a0Bataille des Centaures\u00a0(en\u00a0italien\u00a0:\u00a0Battaglia dei centauri) ou le\u00a0rapt de\u00a0D\u00e9janire1\u00a0ou\u00a0bataille d&rsquo;Hercule et des Centaures2, est une \u0153uvre de jeunesse de\u00a0Michel-Ange, conserv\u00e9e \u00e0 la\u00a0Casa Buonarroti\u00a0\u00e0\u00a0Florence. Histoire La premi\u00e8re fois qu&rsquo;il est fait mention de la\u00a0Bataille des Centaures\u00a0c&rsquo;est dans une lettre \u00e9crite en\u00a01527\u00a0par Giovanni Borromeo repr\u00e9sentant de la\u00a0maison Gonzague\u00a0\u00e0 Florence \u00e0\u00a0Fr\u00e9d\u00e9ric marquis [&hellip;]<\/p>\n","protected":false},"author":1,"featured_media":15051,"parent":0,"menu_order":0,"comment_status":"closed","ping_status":"closed","template":"","meta":{"footnotes":""},"class_list":["post-14995","page","type-page","status-publish","has-post-thumbnail","hentry"],"_links":{"self":[{"href":"https:\/\/oraziopuglisi.art\/index.php\/wp-json\/wp\/v2\/pages\/14995","targetHints":{"allow":["GET"]}}],"collection":[{"href":"https:\/\/oraziopuglisi.art\/index.php\/wp-json\/wp\/v2\/pages"}],"about":[{"href":"https:\/\/oraziopuglisi.art\/index.php\/wp-json\/wp\/v2\/types\/page"}],"author":[{"embeddable":true,"href":"https:\/\/oraziopuglisi.art\/index.php\/wp-json\/wp\/v2\/users\/1"}],"replies":[{"embeddable":true,"href":"https:\/\/oraziopuglisi.art\/index.php\/wp-json\/wp\/v2\/comments?post=14995"}],"version-history":[{"count":5,"href":"https:\/\/oraziopuglisi.art\/index.php\/wp-json\/wp\/v2\/pages\/14995\/revisions"}],"predecessor-version":[{"id":15052,"href":"https:\/\/oraziopuglisi.art\/index.php\/wp-json\/wp\/v2\/pages\/14995\/revisions\/15052"}],"wp:featuredmedia":[{"embeddable":true,"href":"https:\/\/oraziopuglisi.art\/index.php\/wp-json\/wp\/v2\/media\/15051"}],"wp:attachment":[{"href":"https:\/\/oraziopuglisi.art\/index.php\/wp-json\/wp\/v2\/media?parent=14995"}],"curies":[{"name":"wp","href":"https:\/\/api.w.org\/{rel}","templated":true}]}}