{"id":14993,"date":"2024-10-13T20:42:44","date_gmt":"2024-10-13T18:42:44","guid":{"rendered":"https:\/\/oraziopuglisi.art\/?page_id=14993"},"modified":"2024-10-13T21:44:48","modified_gmt":"2024-10-13T19:44:48","slug":"la-vierge-a-lescalier","status":"publish","type":"page","link":"https:\/\/oraziopuglisi.art\/index.php\/la-vierge-a-lescalier\/","title":{"rendered":"La Vierge \u00e0 l&rsquo;Escalier"},"content":{"rendered":"<p style=\"text-align: center;\"><a href=\"https:\/\/fr.wikipedia.org\/wiki\/Vierge_%C3%A0_l%27escalier\">La Vierge \u00e0 l&rsquo;Escalier<\/a><\/p>\n<p><img loading=\"lazy\" decoding=\"async\" class=\"size-full wp-image-15046 alignright\" src=\"http:\/\/oraziopuglisi.art\/wp-content\/uploads\/2024\/10\/Madonna_of_the_stairs.jpg\" alt=\"\" width=\"390\" height=\"537\" srcset=\"https:\/\/oraziopuglisi.art\/wp-content\/uploads\/2024\/10\/Madonna_of_the_stairs.jpg 390w, https:\/\/oraziopuglisi.art\/wp-content\/uploads\/2024\/10\/Madonna_of_the_stairs-218x300.jpg 218w\" sizes=\"auto, (max-width: 390px) 100vw, 390px\" \/><\/p>\n<p style=\"text-align: justify;\">La\u00a0<b>Vierge \u00e0 l&rsquo;escalier<\/b>\u00a0(en\u00a0<a title=\"Italien\" href=\"https:\/\/fr.wikipedia.org\/wiki\/Italien\">italien<\/a>\u00a0:\u00a0<i>Madonna della scala<\/i>) est une \u0153uvre de jeunesse de\u00a0<a title=\"Michel-Ange\" href=\"https:\/\/fr.wikipedia.org\/wiki\/Michel-Ange\">Michel-Ange<\/a>, conserv\u00e9e dans la\u00a0<a title=\"Casa Buonarroti\" href=\"https:\/\/fr.wikipedia.org\/wiki\/Casa_Buonarroti\">Casa Buonarroti<\/a>\u00a0\u00e0\u00a0<a title=\"Florence\" href=\"https:\/\/fr.wikipedia.org\/wiki\/Florence\">Florence<\/a>.<\/p>\n<div class=\"mw-heading mw-heading2\">\n<h2 id=\"Histoire\">Histoire<\/h2>\n<\/div>\n<p style=\"text-align: justify;\">Elle est class\u00e9e pour la premi\u00e8re fois parmi les \u0153uvres de Michel-Ange en 1568 dans l&rsquo;\u00e9dition de l&rsquo;ouvrage\u00a0<i><a class=\"mw-redirect\" title=\"Le Vite\" href=\"https:\/\/fr.wikipedia.org\/wiki\/Le_Vite\">Le Vite<\/a><\/i>\u00a0de\u00a0<a title=\"Giorgio Vasari\" href=\"https:\/\/fr.wikipedia.org\/wiki\/Giorgio_Vasari\">Giorgio Vasari<\/a>, avant la\u00a0<i>Bataille des Centaures<\/i>.<\/p>\n<p style=\"text-align: justify;\">Michel-Ange compl\u00e8te alors sa formation dans l&rsquo;atelier du sculpteur\u00a0<a title=\"Bertoldo di Giovanni\" href=\"https:\/\/fr.wikipedia.org\/wiki\/Bertoldo_di_Giovanni\">Bertoldo di Giovanni<\/a>, ancien assistant de\u00a0<a title=\"Donatello\" href=\"https:\/\/fr.wikipedia.org\/wiki\/Donatello\">Donatello<\/a>\u00a0et conservateur de la collection de fragments de sculptures antiques des\u00a0<a title=\"Maison de M\u00e9dicis\" href=\"https:\/\/fr.wikipedia.org\/wiki\/Maison_de_M%C3%A9dicis\">M\u00e9dicis<\/a>\u00a0dans le petit jardin proche du\u00a0<a title=\"Couvent San Marco\" href=\"https:\/\/fr.wikipedia.org\/wiki\/Couvent_San_Marco\">couvent San Marco<\/a><sup id=\"cite_ref-:0_1-0\" class=\"reference\"><a href=\"https:\/\/fr.wikipedia.org\/wiki\/Vierge_%C3%A0_l%27escalier#cite_note-:0-1\">1<\/a><\/sup>.<\/p>\n<div class=\"mw-heading mw-heading2\">\n<h2 id=\"Description\">Description<\/h2>\n<\/div>\n<p style=\"text-align: justify;\">La\u00a0<i>Vierge \u00e0 l&rsquo;escalier<\/i>\u00a0est la premi\u00e8re pi\u00e8ce en bas-relief connue sculpt\u00e9e par Michel-Ange et une des premi\u00e8res \u0153uvres attribu\u00e9es \u00e0 Michel-Ange<sup id=\"cite_ref-:0_1-1\" class=\"reference\"><a href=\"https:\/\/fr.wikipedia.org\/wiki\/Vierge_%C3%A0_l%27escalier#cite_note-:0-1\">1<\/a><\/sup>. Il s&rsquo;agit d&rsquo;une sculpture en\u00a0<a title=\"Bas-relief\" href=\"https:\/\/fr.wikipedia.org\/wiki\/Bas-relief\">bas-relief<\/a>\u00a0haute de 56,7\u00a0<abbr class=\"abbr\" title=\"centim\u00e8tre\">cm<\/abbr>\u00a0et large de 40,1\u00a0<abbr class=\"abbr\" title=\"centim\u00e8tre\">cm<\/abbr>. Si la r\u00e9f\u00e9rence au\u00a0<i><a title=\"Stiacciato\" href=\"https:\/\/fr.wikipedia.org\/wiki\/Stiacciato\">stiacciato<\/a><\/i>\u00a0de Donatello est \u00e9vidente, le traitement par le jeune Michel-Ange de la figure de la Vierge s&rsquo;en d\u00e9tache<sup id=\"cite_ref-2\" class=\"reference\"><a href=\"https:\/\/fr.wikipedia.org\/wiki\/Vierge_%C3%A0_l%27escalier#cite_note-2\">2<\/a><\/sup>\u00a0utilisant une composition plus originale, avec une Vierge (qui occupe la majeure partie de l&rsquo;\u0153uvre) dont le regard porte non pas vers les spectateurs mais vers un escalier symbolique reliant le monde terrestre (o\u00f9 elle se trouve, allaitant son fils) et le ciel (occup\u00e9 par des angelots). La profondeur perspective est toutefois appuy\u00e9e par la draperie tendue depuis la Vierge par un des angelots traversant ainsi la composition.<\/p>\n<div class=\"mw-heading mw-heading2\">\n<h2 id=\"Analyse\">Analyse<\/h2>\n<\/div>\n<p style=\"text-align: justify;\">La Vierge, songeuse, est de profil devant un escalier avec des figures en relief tr\u00e8s peu profond. Cette \u0153uvre s&rsquo;inspire de l&rsquo;art antique\u00a0: les bas-reliefs de Donatello \u00e9taient d&rsquo;une grande subtilit\u00e9 et Bartoldo \u00e9tait passionn\u00e9 de sculpture romaine<sup id=\"cite_ref-:0_1-2\" class=\"reference\"><a href=\"https:\/\/fr.wikipedia.org\/wiki\/Vierge_%C3%A0_l%27escalier#cite_note-:0-1\">1<\/a><\/sup>.<\/p>\n<div class=\"mw-heading mw-heading2\">\n<h2 id=\"Notes_et_r\u00e9f\u00e9rences\"><span id=\"Notes_et_r.C3.A9f.C3.A9rences\"><\/span>Notes et r\u00e9f\u00e9rences<\/h2>\n<\/div>\n<div class=\"references-small decimal\">\n<div class=\"mw-references-wrap\">\n<ol class=\"references\">\n<li id=\"cite_note-:0-1\" style=\"text-align: justify;\"><span class=\"mw-cite-backlink noprint\">\u2191\u00a0<sup><a href=\"https:\/\/fr.wikipedia.org\/wiki\/Vierge_%C3%A0_l%27escalier#cite_ref-:0_1-0\"><span class=\"cite-accessibility-label\">Revenir plus haut en\u202f:<\/span>a<\/a>\u00a0<a href=\"https:\/\/fr.wikipedia.org\/wiki\/Vierge_%C3%A0_l%27escalier#cite_ref-:0_1-1\">b<\/a>\u00a0et\u00a0<a href=\"https:\/\/fr.wikipedia.org\/wiki\/Vierge_%C3%A0_l%27escalier#cite_ref-:0_1-2\">c<\/a><\/sup>\u00a0<\/span><span class=\"reference-text\"><span id=\"Murray1995\" class=\"ouvrage\"><span id=\"Linda_Murray1995\" class=\"ouvrage\">Linda Murray,\u00a0<cite class=\"italique\">La Haute Renaissance et le mani\u00e9risme<\/cite>, Paris, Editions Thames &amp; Hudson,\u00a0<time>1995<\/time>, 287\u00a0<abbr class=\"abbr\" title=\"pages\">p.<\/abbr>\u00a0<small>(<a title=\"International Standard Book Number\" href=\"https:\/\/fr.wikipedia.org\/wiki\/International_Standard_Book_Number\">ISBN<\/a>\u00a0<a title=\"Sp\u00e9cial:Ouvrages de r\u00e9f\u00e9rence\/2-87811-098-6\" href=\"https:\/\/fr.wikipedia.org\/wiki\/Sp%C3%A9cial:Ouvrages_de_r%C3%A9f%C3%A9rence\/2-87811-098-6\"><span class=\"nowrap\">2-87811-098-6<\/span><\/a>)<\/small>, p. 24<\/span><\/span><\/span><\/li>\n<li id=\"cite_note-2\"><span class=\"mw-cite-backlink noprint\"><a title=\"Revenir plus haut\" href=\"https:\/\/fr.wikipedia.org\/wiki\/Vierge_%C3%A0_l%27escalier#cite_ref-2\" aria-label=\"Revenir plus haut\">\u2191<\/a>\u00a0<\/span><span class=\"reference-text\">Vasari\u00a0:\u00a0<i>volendo contrafare la maniera di Donatello, si port\u00f2 s\u00ec bene che par di man sua, eccetto che si vede pi\u00f9 grazia e pi\u00f9 disegno<\/i>.<\/span><\/li>\n<\/ol>\n<\/div>\n<\/div>\n<div class=\"mw-heading mw-heading2\">\n<h2 id=\"Articles_connexes\">Articles connexes<\/h2>\n<\/div>\n<ul>\n<li><a title=\"Haute Renaissance\" href=\"https:\/\/fr.wikipedia.org\/wiki\/Haute_Renaissance\">Haute Renaissance<\/a><\/li>\n<li><a title=\"Michel-Ange\" href=\"https:\/\/fr.wikipedia.org\/wiki\/Michel-Ange\">Michel-Ange<\/a><\/li>\n<li><a title=\"Renaissance florentine dans les arts figuratifs\" href=\"https:\/\/fr.wikipedia.org\/wiki\/Renaissance_florentine_dans_les_arts_figuratifs\">Renaissance florentine<\/a><\/li>\n<li><a title=\"Liste des \u0153uvres de Michel-Ange\" href=\"https:\/\/fr.wikipedia.org\/wiki\/Liste_des_%C5%93uvres_de_Michel-Ange\">Liste des \u0153uvres de Michel-Ange<\/a><\/li>\n<\/ul>\n<div class=\"mw-heading mw-heading2\">\n<h2 id=\"Sources\">Sources<\/h2>\n<\/div>\n<ul>\n<li style=\"text-align: justify;\"><abbr class=\"abbr indicateur-langue\" title=\"Langue : italien\">(it)<\/abbr>\u00a0Cet article est partiellement ou en totalit\u00e9 issu de l\u2019article de Wikip\u00e9dia en italien intitul\u00e9\u00a0<span class=\"plainlinks\">\u00ab\u00a0<a class=\"external text\" href=\"https:\/\/it.wikipedia.org\/wiki\/Madonna_della_Scala_(Michelangelo)?oldid=29739129\">Madonna della Scala (Michelangelo)<\/a>\u00a0\u00bb\u00a0<small>(<a class=\"external text\" href=\"https:\/\/it.wikipedia.org\/wiki\/Madonna_della_Scala_(Michelangelo)?action=history\">voir la liste des auteurs<\/a>)<\/small><\/span>.<\/li>\n<\/ul>\n<div class=\"mw-heading mw-heading2\">\n<h2 id=\"Liens_externes\">Liens externes<\/h2>\n<\/div>\n<ul>\n<li><abbr class=\"abbr indicateur-langue\" title=\"Langues : anglais et italien\">(en\u00a0+\u00a0it)<\/abbr>\u00a0<a class=\"external text\" href=\"http:\/\/www.casabuonarroti.it\/english\/e-mad.htm\" rel=\"nofollow\">Vierge \u00e0 l&rsquo;escalier<\/a><small class=\"cachelinks\">\u00a0[<a title=\"archive sur Wikiwix\" href=\"https:\/\/archive.wikiwix.com\/cache\/?url=http%3A%2F%2Fwww.casabuonarroti.it%2Fenglish%2Fe-mad.htm\">archive<\/a>]<\/small>\u00a0sur le site de\u00a0<a title=\"Casa Buonarroti\" href=\"https:\/\/fr.wikipedia.org\/wiki\/Casa_Buonarroti\">Casa Buonarroti<\/a>.<\/li>\n<li>\n<div class=\"commons plainlinks\"><b><span class=\"js-interprojets\"><a class=\"external text\" href=\"https:\/\/commons.wikimedia.org\/wiki\/category:Madonna_della_Scala_(Michelangelo)?uselang=fr\">Vierge \u00e0 l&rsquo;escalier<\/a><\/span><\/b>\u00a0sur\u00a0<a class=\"extiw\" title=\"commons:\" href=\"https:\/\/commons.wikimedia.org\/wiki\/\">Commons<\/a><\/div>\n<\/li>\n<\/ul>\n","protected":false},"excerpt":{"rendered":"<p>La Vierge \u00e0 l&rsquo;Escalier La\u00a0Vierge \u00e0 l&rsquo;escalier\u00a0(en\u00a0italien\u00a0:\u00a0Madonna della scala) est une \u0153uvre de jeunesse de\u00a0Michel-Ange, conserv\u00e9e dans la\u00a0Casa Buonarroti\u00a0\u00e0\u00a0Florence. Histoire Elle est class\u00e9e pour la premi\u00e8re fois parmi les \u0153uvres de Michel-Ange en 1568 dans l&rsquo;\u00e9dition de l&rsquo;ouvrage\u00a0Le Vite\u00a0de\u00a0Giorgio Vasari, avant la\u00a0Bataille des Centaures. Michel-Ange compl\u00e8te alors sa formation dans l&rsquo;atelier du sculpteur\u00a0Bertoldo di Giovanni, [&hellip;]<\/p>\n","protected":false},"author":1,"featured_media":15046,"parent":0,"menu_order":0,"comment_status":"closed","ping_status":"closed","template":"","meta":{"footnotes":""},"class_list":["post-14993","page","type-page","status-publish","has-post-thumbnail","hentry"],"_links":{"self":[{"href":"https:\/\/oraziopuglisi.art\/index.php\/wp-json\/wp\/v2\/pages\/14993","targetHints":{"allow":["GET"]}}],"collection":[{"href":"https:\/\/oraziopuglisi.art\/index.php\/wp-json\/wp\/v2\/pages"}],"about":[{"href":"https:\/\/oraziopuglisi.art\/index.php\/wp-json\/wp\/v2\/types\/page"}],"author":[{"embeddable":true,"href":"https:\/\/oraziopuglisi.art\/index.php\/wp-json\/wp\/v2\/users\/1"}],"replies":[{"embeddable":true,"href":"https:\/\/oraziopuglisi.art\/index.php\/wp-json\/wp\/v2\/comments?post=14993"}],"version-history":[{"count":5,"href":"https:\/\/oraziopuglisi.art\/index.php\/wp-json\/wp\/v2\/pages\/14993\/revisions"}],"predecessor-version":[{"id":15047,"href":"https:\/\/oraziopuglisi.art\/index.php\/wp-json\/wp\/v2\/pages\/14993\/revisions\/15047"}],"wp:featuredmedia":[{"embeddable":true,"href":"https:\/\/oraziopuglisi.art\/index.php\/wp-json\/wp\/v2\/media\/15046"}],"wp:attachment":[{"href":"https:\/\/oraziopuglisi.art\/index.php\/wp-json\/wp\/v2\/media?parent=14993"}],"curies":[{"name":"wp","href":"https:\/\/api.w.org\/{rel}","templated":true}]}}