{"id":14666,"date":"2024-10-01T23:01:28","date_gmt":"2024-10-01T21:01:28","guid":{"rendered":"https:\/\/oraziopuglisi.art\/?page_id=14666"},"modified":"2024-10-01T23:01:28","modified_gmt":"2024-10-01T21:01:28","slug":"les-pythagoriciens-du-ve-siecle","status":"publish","type":"page","link":"https:\/\/oraziopuglisi.art\/index.php\/les-pythagoriciens-du-ve-siecle\/","title":{"rendered":"Les Pythagoriciens du V\u00e8 Si\u00e8cle"},"content":{"rendered":"<form action=\"https:\/\/www.paypal.com\/cgi-bin\/webscr\" method=\"post\" target=\"_top\">\n<p style=\"text-align: justify;\"><span style=\"font-family: 'book antiqua', palatino, serif;\"><input name=\"cmd\" type=\"hidden\" value=\"_s-xclick\" \/><input name=\"hosted_button_id\" type=\"hidden\" value=\"B9KUAAXX2KE3G\" \/><input alt=\"PayPal, le r\u00e9flexe s\u00e9curit\u00e9 pour payer en ligne\" name=\"submit\" src=\"https:\/\/www.paypalobjects.com\/fr_FR\/FR\/i\/btn\/btn_donateCC_LG.gif\" type=\"image\" \/><\/span><\/p>\n<p style=\"text-align: justify;\">Les <strong>pythagoriciens<\/strong> de la m\u00eame \u00e9poque se partagent aussi : les acousmatiques forment un ordre purement religieux o\u00f9 la pratique et la croyance restent le principal, tandis que les math\u00e9maticiens cherchent seulement le d\u00e9veloppement scientifique des math\u00e9matiques, de l&rsquo;astronomie, de la musique, c&rsquo;est \u00e0-dire des sciences qui vont \u00eatre consid\u00e9r\u00e9es par Platon comme le point de d\u00e9part de la philosophie ; ils forment le groupe tr\u00e8s mal connu dont le chef para\u00eet avoir \u00e9t\u00e9 <a href=\"https:\/\/fr.wikipedia.org\/wiki\/Philolaos_de_Crotone\"><strong>Philola\u00fcs<\/strong><\/a>,<\/p>\n<p><img loading=\"lazy\" decoding=\"async\" class=\"size-full wp-image-11326 alignnone\" src=\"http:\/\/cultureetvoyages.fun\/wp-content\/uploads\/2022\/02\/390px-Pythagoras_and_Philolaus.png\" alt=\"\" width=\"390\" height=\"478\" \/><\/p>\n<p>&nbsp;<\/p>\n<p style=\"text-align: justify;\">et qui comprend <a href=\"https:\/\/fr.wikipedia.org\/wiki\/C%C3%A9b%C3%A8s\"><strong>C\u00e9b\u00e8s<\/strong><\/a> et <a href=\"https:\/\/fr.wikipedia.org\/wiki\/Simmias_de_Th%C3%A8bes\"><strong>Simmias<\/strong><\/a>, que Platon nous repr\u00e9sente dans le Ph\u00e9don conversant avec Socrate, <a href=\"https:\/\/fr.wikipedia.org\/wiki\/Archytas_de_Tarente\"><strong>Archytas de Tarente<\/strong><\/a>, chef politique de son pays,<\/p>\n<p>&nbsp;<\/p>\n<p><img loading=\"lazy\" decoding=\"async\" class=\"alignnone size-full wp-image-11327\" src=\"http:\/\/cultureetvoyages.fun\/wp-content\/uploads\/2022\/02\/Archytas_of_Tarentum_MAN_Napoli_Inv5607.jpg\" alt=\"\" width=\"390\" height=\"585\" \/><\/p>\n<p>&nbsp;<\/p>\n<p style=\"text-align: justify;\">qui fut l&rsquo;ami de <strong>Platon<\/strong> et le roi philosophe selon son go\u00fbt, <strong>Tim\u00e9e de Locres<\/strong>, par qui <strong>Platon<\/strong> fait exposer sa propre physique : de ce milieu intellectuel o\u00f9 s&rsquo;esquissent les dogmes du platonisme, il est bien impossible de faire une histoire pr\u00e9cise. Nous n&rsquo;avons pour tout document certain, \u00e0 part les fragments de <strong>Philola\u00fcs<\/strong> dont l&rsquo;authenticit\u00e9 est contest\u00e9e, que les textes o\u00f9 Aristote expose les doctrines, des pythagoriciens, sans pr\u00e9ciser davantage. Un trait doit en \u00eatre retenu, c&rsquo;est leur \u00e9mancipation \u00e0 peu pr\u00e8s compl\u00e8te de la cosmogonie ionienne ; dire en effet, comme ils le font, que les choses sont faites de nombres, cela ne peut avoir le m\u00eame sens que de dire qu&rsquo;elles sont faites de feu ou d&rsquo;air. De quelque mani\u00e8re qu&rsquo;on imagine ces nombres, comme des rang\u00e9es de points ou comme des grandeurs, ils ne sont point comme le feu ou l&rsquo;air, des substances capables de se transformer en d&rsquo;autres, ils supposent un ordre fixe et permanent. D&rsquo;o\u00f9 le caract\u00e8re de leur cosmologie qui ne comporte point de cosmogonie \u00e0 la mani\u00e8re ionienne, mais, se contentant de d\u00e9crire un ordre, un cosmos, tend \u00e0 devenir, au lieu d&rsquo;une physique, une pure astronomie math\u00e9matique. Dans leur syst\u00e8me du monde, le centre est occup\u00e9 par un feu autour duquel gravitent une premi\u00e8re plan\u00e8te appel\u00e9e <strong>l&rsquo;antiterre<\/strong>, puis la terre, qui passe au rang de plan\u00e8te, puis le soleil, les cinq plan\u00e8tes et les \u00e9toiles fixes ; de ce syst\u00e8me, rien n&rsquo;indique qu&rsquo;ils aient cherch\u00e9 l&rsquo;origine; bien plus, la place qu&rsquo;ils assignent \u00e0 la terre exclut compl\u00e8tement les id\u00e9es des Ioniens qui, ayant l&rsquo;esprit plus ou moins hant\u00e9 par l&rsquo;assimilation des ph\u00e9nom\u00e8nes c\u00e9lestes aux ph\u00e9nom\u00e8nes m\u00e9t\u00e9orologiques, supposent invinciblement par l\u00e0 m\u00eame la terre immobile au-dessous de la vo\u00fbte nuageuse. Quant \u00e0 l&rsquo;imagination de ces r\u00e9alit\u00e9s astronomiques inaccessibles \u00e0 l&rsquo;observation, <strong>l&rsquo;antiterre<\/strong> et le feu central qui \u00e9claire l&rsquo;h\u00e9misph\u00e8re terrestre que nous n&rsquo;habitons pas, l&rsquo;une, le feu central, n&rsquo;a aucun caract\u00e8re cosmogonique, mais est destin\u00e9e \u00e0 donner de la lumi\u00e8re solaire une explication d\u00e9j\u00e0 rencontr\u00e9e chez <strong>Emp\u00e9docle<\/strong>, l&rsquo;autre, <strong>l&rsquo;antiterre<\/strong>, \u00e0 expliquer les \u00e9clipses par l&rsquo;interposition de ce corps opaque entre le feu central et la lune ou le soleil. Ce pythagorisme nouveau para\u00eet donc \u00eatre, en un sens, une v\u00e9ritable lib\u00e9ration de la physique dynamique et qualitative des Ioniens, qui donnait, avec les derniers <strong>anaxagor\u00e9ens<\/strong> et h\u00e9raclit\u00e9ens, des marques d&rsquo;\u00e9puisement. Il dut y avoir, vers cette \u00e9poque, une floraison d&rsquo;hypoth\u00e8ses sur l&rsquo;ordre et les mouvements des corps c\u00e9lestes, mais il ne nous en reste que des traces; une d&rsquo;entre elles est peut-\u00eatre celle du pythagoricien <strong>Hic\u00e9tas<\/strong>, qui explique le mouvement diurne par la rotation de la terre sur son axe; nous le connaissons par un passage de Cic\u00e9ron qui, bien des si\u00e8cles plus tard, frappa l&rsquo;attention de <strong>Copernic<\/strong>.<\/p>\n<\/form>\n","protected":false},"excerpt":{"rendered":"<p>Les pythagoriciens de la m\u00eame \u00e9poque se partagent aussi : les acousmatiques forment un ordre purement religieux o\u00f9 la pratique et la croyance restent le principal, tandis que les math\u00e9maticiens cherchent seulement le d\u00e9veloppement scientifique des math\u00e9matiques, de l&rsquo;astronomie, de la musique, c&rsquo;est \u00e0-dire des sciences qui vont \u00eatre consid\u00e9r\u00e9es par Platon comme le point [&hellip;]<\/p>\n","protected":false},"author":1,"featured_media":0,"parent":0,"menu_order":0,"comment_status":"closed","ping_status":"closed","template":"","meta":{"footnotes":""},"class_list":["post-14666","page","type-page","status-publish","hentry"],"_links":{"self":[{"href":"https:\/\/oraziopuglisi.art\/index.php\/wp-json\/wp\/v2\/pages\/14666","targetHints":{"allow":["GET"]}}],"collection":[{"href":"https:\/\/oraziopuglisi.art\/index.php\/wp-json\/wp\/v2\/pages"}],"about":[{"href":"https:\/\/oraziopuglisi.art\/index.php\/wp-json\/wp\/v2\/types\/page"}],"author":[{"embeddable":true,"href":"https:\/\/oraziopuglisi.art\/index.php\/wp-json\/wp\/v2\/users\/1"}],"replies":[{"embeddable":true,"href":"https:\/\/oraziopuglisi.art\/index.php\/wp-json\/wp\/v2\/comments?post=14666"}],"version-history":[{"count":1,"href":"https:\/\/oraziopuglisi.art\/index.php\/wp-json\/wp\/v2\/pages\/14666\/revisions"}],"predecessor-version":[{"id":14667,"href":"https:\/\/oraziopuglisi.art\/index.php\/wp-json\/wp\/v2\/pages\/14666\/revisions\/14667"}],"wp:attachment":[{"href":"https:\/\/oraziopuglisi.art\/index.php\/wp-json\/wp\/v2\/media?parent=14666"}],"curies":[{"name":"wp","href":"https:\/\/api.w.org\/{rel}","templated":true}]}}