{"id":14650,"date":"2024-10-01T13:28:18","date_gmt":"2024-10-01T11:28:18","guid":{"rendered":"https:\/\/oraziopuglisi.art\/?page_id=14650"},"modified":"2024-10-01T13:34:09","modified_gmt":"2024-10-01T11:34:09","slug":"manifestations-echecs","status":"publish","type":"page","link":"https:\/\/oraziopuglisi.art\/index.php\/manifestations-echecs\/","title":{"rendered":"Manifestations Echecs"},"content":{"rendered":"<blockquote class=\"wp-embedded-content\" data-secret=\"kxbZXKus7D\"><p><a href=\"https:\/\/oraziopuglisi.art\/index.php\/journees-echecs-argilla\/\">Journ\u00e9es \u00e9checs Argilla<\/a><\/p><\/blockquote>\n<p><iframe loading=\"lazy\" class=\"wp-embedded-content\" sandbox=\"allow-scripts\" security=\"restricted\" style=\"position: absolute; visibility: hidden;\" title=\"\u00ab\u00a0Journ\u00e9es \u00e9checs Argilla\u00a0\u00bb &#8212; Orazio Puglisi\" src=\"https:\/\/oraziopuglisi.art\/index.php\/journees-echecs-argilla\/embed\/#?secret=WaQPx73pvB#?secret=kxbZXKus7D\" data-secret=\"kxbZXKus7D\" width=\"600\" height=\"338\" frameborder=\"0\" marginwidth=\"0\" marginheight=\"0\" scrolling=\"no\"><\/iframe><\/p>\n<blockquote class=\"wp-embedded-content\" data-secret=\"tF9J07fIPO\"><p><a href=\"https:\/\/oraziopuglisi.art\/index.php\/journees-prestige\/\">Journ\u00e9es Prestige<\/a><\/p><\/blockquote>\n<p><iframe loading=\"lazy\" class=\"wp-embedded-content\" sandbox=\"allow-scripts\" security=\"restricted\" style=\"position: absolute; visibility: hidden;\" title=\"\u00ab\u00a0Journ\u00e9es Prestige\u00a0\u00bb &#8212; Orazio Puglisi\" src=\"https:\/\/oraziopuglisi.art\/index.php\/journees-prestige\/embed\/#?secret=vR3tFc4DFl#?secret=tF9J07fIPO\" data-secret=\"tF9J07fIPO\" width=\"600\" height=\"338\" frameborder=\"0\" marginwidth=\"0\" marginheight=\"0\" scrolling=\"no\"><\/iframe><\/p>\n","protected":false},"excerpt":{"rendered":"<p>Journ\u00e9es \u00e9checs Argilla Journ\u00e9es Prestige<\/p>\n","protected":false},"author":1,"featured_media":0,"parent":0,"menu_order":0,"comment_status":"closed","ping_status":"closed","template":"","meta":{"footnotes":""},"class_list":["post-14650","page","type-page","status-publish","hentry"],"_links":{"self":[{"href":"https:\/\/oraziopuglisi.art\/index.php\/wp-json\/wp\/v2\/pages\/14650","targetHints":{"allow":["GET"]}}],"collection":[{"href":"https:\/\/oraziopuglisi.art\/index.php\/wp-json\/wp\/v2\/pages"}],"about":[{"href":"https:\/\/oraziopuglisi.art\/index.php\/wp-json\/wp\/v2\/types\/page"}],"author":[{"embeddable":true,"href":"https:\/\/oraziopuglisi.art\/index.php\/wp-json\/wp\/v2\/users\/1"}],"replies":[{"embeddable":true,"href":"https:\/\/oraziopuglisi.art\/index.php\/wp-json\/wp\/v2\/comments?post=14650"}],"version-history":[{"count":4,"href":"https:\/\/oraziopuglisi.art\/index.php\/wp-json\/wp\/v2\/pages\/14650\/revisions"}],"predecessor-version":[{"id":14655,"href":"https:\/\/oraziopuglisi.art\/index.php\/wp-json\/wp\/v2\/pages\/14650\/revisions\/14655"}],"wp:attachment":[{"href":"https:\/\/oraziopuglisi.art\/index.php\/wp-json\/wp\/v2\/media?parent=14650"}],"curies":[{"name":"wp","href":"https:\/\/api.w.org\/{rel}","templated":true}]}}