{"id":14531,"date":"2024-10-01T08:30:27","date_gmt":"2024-10-01T06:30:27","guid":{"rendered":"https:\/\/oraziopuglisi.art\/?page_id=14531"},"modified":"2024-10-01T13:17:33","modified_gmt":"2024-10-01T11:17:33","slug":"methode-de-travail","status":"publish","type":"page","link":"https:\/\/oraziopuglisi.art\/index.php\/methode-de-travail\/","title":{"rendered":"M\u00e9thode de Travail"},"content":{"rendered":"<blockquote class=\"wp-embedded-content\" data-secret=\"pF3mnK08iZ\"><p><a href=\"https:\/\/oraziopuglisi.art\/index.php\/pour-acceder-au-blog\/\">Pour acc\u00e9der au Blog<\/a><\/p><\/blockquote>\n<p><iframe loading=\"lazy\" class=\"wp-embedded-content\" sandbox=\"allow-scripts\" security=\"restricted\" style=\"position: absolute; visibility: hidden;\" title=\"\u00ab\u00a0Pour acc\u00e9der au Blog\u00a0\u00bb &#8212; Orazio Puglisi\" src=\"https:\/\/oraziopuglisi.art\/index.php\/pour-acceder-au-blog\/embed\/#?secret=m0OXQFU4ma#?secret=pF3mnK08iZ\" data-secret=\"pF3mnK08iZ\" width=\"600\" height=\"338\" frameborder=\"0\" marginwidth=\"0\" marginheight=\"0\" scrolling=\"no\"><\/iframe><\/p>\n<blockquote class=\"wp-embedded-content\" data-secret=\"udYZaK2EU1\"><p><a href=\"https:\/\/oraziopuglisi.art\/index.php\/forfait-analyse\/\">Forfait Analyse<\/a><\/p><\/blockquote>\n<p><iframe loading=\"lazy\" class=\"wp-embedded-content\" sandbox=\"allow-scripts\" security=\"restricted\" style=\"position: absolute; visibility: hidden;\" title=\"\u00ab\u00a0Forfait Analyse\u00a0\u00bb &#8212; Orazio Puglisi\" src=\"https:\/\/oraziopuglisi.art\/index.php\/forfait-analyse\/embed\/#?secret=6Wkug3P505#?secret=udYZaK2EU1\" data-secret=\"udYZaK2EU1\" width=\"600\" height=\"338\" frameborder=\"0\" marginwidth=\"0\" marginheight=\"0\" scrolling=\"no\"><\/iframe><\/p>\n<blockquote class=\"wp-embedded-content\" data-secret=\"3oIBqc6diu\"><p><a href=\"https:\/\/oraziopuglisi.art\/index.php\/methode-de-travail-2\/\">M\u00e9thode de Travail<\/a><\/p><\/blockquote>\n<p><iframe loading=\"lazy\" class=\"wp-embedded-content\" sandbox=\"allow-scripts\" security=\"restricted\" style=\"position: absolute; visibility: hidden;\" title=\"\u00ab\u00a0M\u00e9thode de Travail\u00a0\u00bb &#8212; Orazio Puglisi\" src=\"https:\/\/oraziopuglisi.art\/index.php\/methode-de-travail-2\/embed\/#?secret=I8riouSA2W#?secret=3oIBqc6diu\" data-secret=\"3oIBqc6diu\" width=\"600\" height=\"338\" frameborder=\"0\" marginwidth=\"0\" marginheight=\"0\" scrolling=\"no\"><\/iframe><\/p>\n<blockquote class=\"wp-embedded-content\" data-secret=\"aT8nmpgbZQ\"><p><a href=\"https:\/\/oraziopuglisi.art\/index.php\/methode-de-travail-personnalisee\/\">M\u00e9thode de travail personnalis\u00e9e<\/a><\/p><\/blockquote>\n<p><iframe loading=\"lazy\" class=\"wp-embedded-content\" sandbox=\"allow-scripts\" security=\"restricted\" style=\"position: absolute; visibility: hidden;\" title=\"\u00ab\u00a0M\u00e9thode de travail personnalis\u00e9e\u00a0\u00bb &#8212; Orazio Puglisi\" src=\"https:\/\/oraziopuglisi.art\/index.php\/methode-de-travail-personnalisee\/embed\/#?secret=W3YgIjaI1C#?secret=aT8nmpgbZQ\" data-secret=\"aT8nmpgbZQ\" width=\"600\" height=\"338\" frameborder=\"0\" marginwidth=\"0\" marginheight=\"0\" scrolling=\"no\"><\/iframe><\/p>\n<blockquote class=\"wp-embedded-content\" data-secret=\"9RDozbtS3W\"><p><a href=\"https:\/\/oraziopuglisi.art\/index.php\/jargon-definitions\/\">Jargon \/ D\u00e9finitions<\/a><\/p><\/blockquote>\n<p><iframe loading=\"lazy\" class=\"wp-embedded-content\" sandbox=\"allow-scripts\" security=\"restricted\" style=\"position: absolute; visibility: hidden;\" title=\"\u00ab\u00a0Jargon \/ D\u00e9finitions\u00a0\u00bb &#8212; Orazio Puglisi\" src=\"https:\/\/oraziopuglisi.art\/index.php\/jargon-definitions\/embed\/#?secret=Uu1mxnvAEd#?secret=9RDozbtS3W\" data-secret=\"9RDozbtS3W\" width=\"600\" height=\"338\" frameborder=\"0\" marginwidth=\"0\" marginheight=\"0\" scrolling=\"no\"><\/iframe><\/p>\n<blockquote class=\"wp-embedded-content\" data-secret=\"LK7AqXzCnN\"><p><a href=\"https:\/\/oraziopuglisi.art\/index.php\/initiation\/\">Initiation<\/a><\/p><\/blockquote>\n<p><iframe loading=\"lazy\" class=\"wp-embedded-content\" sandbox=\"allow-scripts\" security=\"restricted\" style=\"position: absolute; visibility: hidden;\" title=\"\u00ab\u00a0Initiation\u00a0\u00bb &#8212; Orazio Puglisi\" src=\"https:\/\/oraziopuglisi.art\/index.php\/initiation\/embed\/#?secret=m6AfIoudUn#?secret=LK7AqXzCnN\" data-secret=\"LK7AqXzCnN\" width=\"600\" height=\"338\" frameborder=\"0\" marginwidth=\"0\" marginheight=\"0\" scrolling=\"no\"><\/iframe><\/p>\n<blockquote class=\"wp-embedded-content\" data-secret=\"hintvZ3XII\"><p><a href=\"https:\/\/oraziopuglisi.art\/index.php\/les-principes-expliques\/\">Les Principes expliqu\u00e9s<\/a><\/p><\/blockquote>\n<p><iframe loading=\"lazy\" class=\"wp-embedded-content\" sandbox=\"allow-scripts\" security=\"restricted\" style=\"position: absolute; visibility: hidden;\" title=\"\u00ab\u00a0Les Principes expliqu\u00e9s\u00a0\u00bb &#8212; Orazio Puglisi\" src=\"https:\/\/oraziopuglisi.art\/index.php\/les-principes-expliques\/embed\/#?secret=QYvMyQlL2m#?secret=hintvZ3XII\" data-secret=\"hintvZ3XII\" width=\"600\" height=\"338\" frameborder=\"0\" marginwidth=\"0\" marginheight=\"0\" scrolling=\"no\"><\/iframe><\/p>\n<blockquote class=\"wp-embedded-content\" data-secret=\"m6su7H2C7C\"><p><a href=\"https:\/\/oraziopuglisi.art\/index.php\/le-plan\/\">Le Plan<\/a><\/p><\/blockquote>\n<p><iframe loading=\"lazy\" class=\"wp-embedded-content\" sandbox=\"allow-scripts\" security=\"restricted\" style=\"position: absolute; visibility: hidden;\" title=\"\u00ab\u00a0Le Plan\u00a0\u00bb &#8212; Orazio Puglisi\" src=\"https:\/\/oraziopuglisi.art\/index.php\/le-plan\/embed\/#?secret=ALJFKG49We#?secret=m6su7H2C7C\" data-secret=\"m6su7H2C7C\" width=\"600\" height=\"338\" frameborder=\"0\" marginwidth=\"0\" marginheight=\"0\" scrolling=\"no\"><\/iframe><\/p>\n<blockquote class=\"wp-embedded-content\" data-secret=\"gLkclAQnra\"><p><a href=\"https:\/\/oraziopuglisi.art\/index.php\/les-fondamentaux\/\">Les Fondamentaux<\/a><\/p><\/blockquote>\n<p><iframe loading=\"lazy\" class=\"wp-embedded-content\" sandbox=\"allow-scripts\" security=\"restricted\" style=\"position: absolute; visibility: hidden;\" title=\"\u00ab\u00a0Les Fondamentaux\u00a0\u00bb &#8212; Orazio Puglisi\" src=\"https:\/\/oraziopuglisi.art\/index.php\/les-fondamentaux\/embed\/#?secret=rOnp79Roay#?secret=gLkclAQnra\" data-secret=\"gLkclAQnra\" width=\"600\" height=\"338\" frameborder=\"0\" marginwidth=\"0\" marginheight=\"0\" scrolling=\"no\"><\/iframe><\/p>\n<blockquote class=\"wp-embedded-content\" data-secret=\"cm5MxUurz6\"><p><a href=\"https:\/\/oraziopuglisi.art\/index.php\/les-phrases-amies\/\">Les Phrases amies<\/a><\/p><\/blockquote>\n<p><iframe loading=\"lazy\" class=\"wp-embedded-content\" sandbox=\"allow-scripts\" security=\"restricted\" style=\"position: absolute; visibility: hidden;\" title=\"\u00ab\u00a0Les Phrases amies\u00a0\u00bb &#8212; Orazio Puglisi\" src=\"https:\/\/oraziopuglisi.art\/index.php\/les-phrases-amies\/embed\/#?secret=TMpN4YZ1MK#?secret=cm5MxUurz6\" data-secret=\"cm5MxUurz6\" width=\"600\" height=\"338\" frameborder=\"0\" marginwidth=\"0\" marginheight=\"0\" scrolling=\"no\"><\/iframe><\/p>\n<blockquote class=\"wp-embedded-content\" data-secret=\"7BWxxlYZCj\"><p><a href=\"https:\/\/oraziopuglisi.art\/index.php\/piege-et-combinaisons-dans-les-debuts\/\">Pi\u00e8ge et Combinaisons dans les d\u00e9buts<\/a><\/p><\/blockquote>\n<p><iframe loading=\"lazy\" class=\"wp-embedded-content\" sandbox=\"allow-scripts\" security=\"restricted\" style=\"position: absolute; visibility: hidden;\" title=\"\u00ab\u00a0Pi\u00e8ge et Combinaisons dans les d\u00e9buts\u00a0\u00bb &#8212; Orazio Puglisi\" src=\"https:\/\/oraziopuglisi.art\/index.php\/piege-et-combinaisons-dans-les-debuts\/embed\/#?secret=AU0leO4qzd#?secret=7BWxxlYZCj\" data-secret=\"7BWxxlYZCj\" width=\"600\" height=\"338\" frameborder=\"0\" marginwidth=\"0\" marginheight=\"0\" scrolling=\"no\"><\/iframe><\/p>\n<blockquote class=\"wp-embedded-content\" data-secret=\"QCklOPbz8S\"><p><a href=\"https:\/\/oraziopuglisi.art\/index.php\/la-structure\/\">La Structure<\/a><\/p><\/blockquote>\n<p><iframe loading=\"lazy\" class=\"wp-embedded-content\" sandbox=\"allow-scripts\" security=\"restricted\" style=\"position: absolute; visibility: hidden;\" title=\"\u00ab\u00a0La Structure\u00a0\u00bb &#8212; Orazio Puglisi\" src=\"https:\/\/oraziopuglisi.art\/index.php\/la-structure\/embed\/#?secret=tNXYFkNHD7#?secret=QCklOPbz8S\" data-secret=\"QCklOPbz8S\" width=\"600\" height=\"338\" frameborder=\"0\" marginwidth=\"0\" marginheight=\"0\" scrolling=\"no\"><\/iframe><\/p>\n<blockquote class=\"wp-embedded-content\" data-secret=\"Q1xHqDvoPz\"><p><a href=\"https:\/\/oraziopuglisi.art\/index.php\/repertoire-pour-le-debutant\/\">R\u00e9pertoire pour le d\u00e9butant<\/a><\/p><\/blockquote>\n<p><iframe loading=\"lazy\" class=\"wp-embedded-content\" sandbox=\"allow-scripts\" security=\"restricted\" style=\"position: absolute; visibility: hidden;\" title=\"\u00ab\u00a0R\u00e9pertoire pour le d\u00e9butant\u00a0\u00bb &#8212; Orazio Puglisi\" src=\"https:\/\/oraziopuglisi.art\/index.php\/repertoire-pour-le-debutant\/embed\/#?secret=RIcvbLBaqz#?secret=Q1xHqDvoPz\" data-secret=\"Q1xHqDvoPz\" width=\"600\" height=\"338\" frameborder=\"0\" marginwidth=\"0\" marginheight=\"0\" scrolling=\"no\"><\/iframe><\/p>\n<blockquote class=\"wp-embedded-content\" data-secret=\"4t7UX55645\"><p><a href=\"https:\/\/oraziopuglisi.art\/index.php\/les-gambits\/\">Les Gambits<\/a><\/p><\/blockquote>\n<p><iframe loading=\"lazy\" class=\"wp-embedded-content\" sandbox=\"allow-scripts\" security=\"restricted\" style=\"position: absolute; visibility: hidden;\" title=\"\u00ab\u00a0Les Gambits\u00a0\u00bb &#8212; Orazio Puglisi\" src=\"https:\/\/oraziopuglisi.art\/index.php\/les-gambits\/embed\/#?secret=hxYWkzE4vl#?secret=4t7UX55645\" data-secret=\"4t7UX55645\" width=\"600\" height=\"338\" frameborder=\"0\" marginwidth=\"0\" marginheight=\"0\" scrolling=\"no\"><\/iframe><\/p>\n<blockquote class=\"wp-embedded-content\" data-secret=\"q4hrMPSER7\"><p><a href=\"https:\/\/oraziopuglisi.art\/index.php\/les-ouvertures\/\">Les Ouvertures<\/a><\/p><\/blockquote>\n<p><iframe loading=\"lazy\" class=\"wp-embedded-content\" sandbox=\"allow-scripts\" security=\"restricted\" style=\"position: absolute; visibility: hidden;\" title=\"\u00ab\u00a0Les Ouvertures\u00a0\u00bb &#8212; Orazio Puglisi\" src=\"https:\/\/oraziopuglisi.art\/index.php\/les-ouvertures\/embed\/#?secret=tF6zIihMR0#?secret=q4hrMPSER7\" data-secret=\"q4hrMPSER7\" width=\"600\" height=\"338\" frameborder=\"0\" marginwidth=\"0\" marginheight=\"0\" scrolling=\"no\"><\/iframe><\/p>\n<blockquote class=\"wp-embedded-content\" data-secret=\"l4PYk578nO\"><p><a href=\"https:\/\/oraziopuglisi.art\/index.php\/la-caro-kann\/\">La Caro Kann<\/a><\/p><\/blockquote>\n<p><iframe loading=\"lazy\" class=\"wp-embedded-content\" sandbox=\"allow-scripts\" security=\"restricted\" style=\"position: absolute; visibility: hidden;\" title=\"\u00ab\u00a0La Caro Kann\u00a0\u00bb &#8212; Orazio Puglisi\" src=\"https:\/\/oraziopuglisi.art\/index.php\/la-caro-kann\/embed\/#?secret=724evgdKp6#?secret=l4PYk578nO\" data-secret=\"l4PYk578nO\" width=\"600\" height=\"338\" frameborder=\"0\" marginwidth=\"0\" marginheight=\"0\" scrolling=\"no\"><\/iframe><\/p>\n<blockquote class=\"wp-embedded-content\" data-secret=\"XyNAIrUgiw\"><p><a href=\"https:\/\/oraziopuglisi.art\/index.php\/lespagnole\/\">L\u2019espagnole<\/a><\/p><\/blockquote>\n<p><iframe loading=\"lazy\" class=\"wp-embedded-content\" sandbox=\"allow-scripts\" security=\"restricted\" style=\"position: absolute; visibility: hidden;\" title=\"\u00ab\u00a0L\u2019espagnole\u00a0\u00bb &#8212; Orazio Puglisi\" src=\"https:\/\/oraziopuglisi.art\/index.php\/lespagnole\/embed\/#?secret=AjHfpq2HPa#?secret=XyNAIrUgiw\" data-secret=\"XyNAIrUgiw\" width=\"600\" height=\"338\" frameborder=\"0\" marginwidth=\"0\" marginheight=\"0\" scrolling=\"no\"><\/iframe><\/p>\n<blockquote class=\"wp-embedded-content\" data-secret=\"5hS4fGUF2b\"><p><a href=\"https:\/\/oraziopuglisi.art\/index.php\/langlaise-2\/\">L\u2019anglaise<\/a><\/p><\/blockquote>\n<p><iframe loading=\"lazy\" class=\"wp-embedded-content\" sandbox=\"allow-scripts\" security=\"restricted\" style=\"position: absolute; visibility: hidden;\" title=\"\u00ab\u00a0L\u2019anglaise\u00a0\u00bb &#8212; Orazio Puglisi\" src=\"https:\/\/oraziopuglisi.art\/index.php\/langlaise-2\/embed\/#?secret=aS8C7ugmFd#?secret=5hS4fGUF2b\" data-secret=\"5hS4fGUF2b\" width=\"600\" height=\"338\" frameborder=\"0\" marginwidth=\"0\" marginheight=\"0\" scrolling=\"no\"><\/iframe><\/p>\n<blockquote class=\"wp-embedded-content\" data-secret=\"riCHYUpih0\"><p><a href=\"https:\/\/oraziopuglisi.art\/index.php\/la-sicilienne\/\">La Sicilienne<\/a><\/p><\/blockquote>\n<p><iframe loading=\"lazy\" class=\"wp-embedded-content\" sandbox=\"allow-scripts\" security=\"restricted\" style=\"position: absolute; visibility: hidden;\" title=\"\u00ab\u00a0La Sicilienne\u00a0\u00bb &#8212; Orazio Puglisi\" src=\"https:\/\/oraziopuglisi.art\/index.php\/la-sicilienne\/embed\/#?secret=5JD2LUSHYa#?secret=riCHYUpih0\" data-secret=\"riCHYUpih0\" width=\"600\" height=\"338\" frameborder=\"0\" marginwidth=\"0\" marginheight=\"0\" scrolling=\"no\"><\/iframe><\/p>\n<blockquote class=\"wp-embedded-content\" data-secret=\"FVQwBje94f\"><p><a href=\"https:\/\/oraziopuglisi.art\/index.php\/le-dragon\/\">Le Dragon<\/a><\/p><\/blockquote>\n<p><iframe loading=\"lazy\" class=\"wp-embedded-content\" sandbox=\"allow-scripts\" security=\"restricted\" style=\"position: absolute; visibility: hidden;\" title=\"\u00ab\u00a0Le Dragon\u00a0\u00bb &#8212; Orazio Puglisi\" src=\"https:\/\/oraziopuglisi.art\/index.php\/le-dragon\/embed\/#?secret=NRrKCJcX1k#?secret=FVQwBje94f\" data-secret=\"FVQwBje94f\" width=\"600\" height=\"338\" frameborder=\"0\" marginwidth=\"0\" marginheight=\"0\" scrolling=\"no\"><\/iframe><\/p>\n<blockquote class=\"wp-embedded-content\" data-secret=\"6ZmgFTpWTH\"><p><a href=\"https:\/\/oraziopuglisi.art\/index.php\/le-milieu-de-partie\/\">Le milieu de partie<\/a><\/p><\/blockquote>\n<p><iframe loading=\"lazy\" class=\"wp-embedded-content\" sandbox=\"allow-scripts\" security=\"restricted\" style=\"position: absolute; visibility: hidden;\" title=\"\u00ab\u00a0Le milieu de partie\u00a0\u00bb &#8212; Orazio Puglisi\" src=\"https:\/\/oraziopuglisi.art\/index.php\/le-milieu-de-partie\/embed\/#?secret=pmI2CTbSl7#?secret=6ZmgFTpWTH\" data-secret=\"6ZmgFTpWTH\" width=\"600\" height=\"338\" frameborder=\"0\" marginwidth=\"0\" marginheight=\"0\" scrolling=\"no\"><\/iframe><\/p>\n<blockquote class=\"wp-embedded-content\" data-secret=\"thFS4bJwRw\"><p><a href=\"https:\/\/oraziopuglisi.art\/index.php\/tactique\/\">Tactique<\/a><\/p><\/blockquote>\n<p><iframe loading=\"lazy\" class=\"wp-embedded-content\" sandbox=\"allow-scripts\" security=\"restricted\" style=\"position: absolute; visibility: hidden;\" title=\"\u00ab\u00a0Tactique\u00a0\u00bb &#8212; Orazio Puglisi\" src=\"https:\/\/oraziopuglisi.art\/index.php\/tactique\/embed\/#?secret=pa3lcHhyqz#?secret=thFS4bJwRw\" data-secret=\"thFS4bJwRw\" width=\"600\" height=\"338\" frameborder=\"0\" marginwidth=\"0\" marginheight=\"0\" scrolling=\"no\"><\/iframe><\/p>\n<blockquote class=\"wp-embedded-content\" data-secret=\"5E58hE8zLz\"><p><a href=\"https:\/\/oraziopuglisi.art\/index.php\/le-mat\/\">Le Mat<\/a><\/p><\/blockquote>\n<p><iframe loading=\"lazy\" class=\"wp-embedded-content\" sandbox=\"allow-scripts\" security=\"restricted\" style=\"position: absolute; visibility: hidden;\" title=\"\u00ab\u00a0Le Mat\u00a0\u00bb &#8212; Orazio Puglisi\" src=\"https:\/\/oraziopuglisi.art\/index.php\/le-mat\/embed\/#?secret=SUl1kZPzdg#?secret=5E58hE8zLz\" data-secret=\"5E58hE8zLz\" width=\"600\" height=\"338\" frameborder=\"0\" marginwidth=\"0\" marginheight=\"0\" scrolling=\"no\"><\/iframe><\/p>\n<blockquote class=\"wp-embedded-content\" data-secret=\"MQScbbjdL9\"><p><a href=\"https:\/\/oraziopuglisi.art\/index.php\/themes-generaux\/\">Th\u00e8mes G\u00e9n\u00e9raux<\/a><\/p><\/blockquote>\n<p><iframe loading=\"lazy\" class=\"wp-embedded-content\" sandbox=\"allow-scripts\" security=\"restricted\" style=\"position: absolute; visibility: hidden;\" title=\"\u00ab\u00a0Th\u00e8mes G\u00e9n\u00e9raux\u00a0\u00bb &#8212; Orazio Puglisi\" src=\"https:\/\/oraziopuglisi.art\/index.php\/themes-generaux\/embed\/#?secret=TzglOZmnfs#?secret=MQScbbjdL9\" data-secret=\"MQScbbjdL9\" width=\"600\" height=\"338\" frameborder=\"0\" marginwidth=\"0\" marginheight=\"0\" scrolling=\"no\"><\/iframe><\/p>\n<blockquote class=\"wp-embedded-content\" data-secret=\"LOlu2Sh9f7\"><p><a href=\"https:\/\/oraziopuglisi.art\/index.php\/les-finales\/\">Les finales<\/a><\/p><\/blockquote>\n<p><iframe loading=\"lazy\" class=\"wp-embedded-content\" sandbox=\"allow-scripts\" security=\"restricted\" style=\"position: absolute; visibility: hidden;\" title=\"\u00ab\u00a0Les finales\u00a0\u00bb &#8212; Orazio Puglisi\" src=\"https:\/\/oraziopuglisi.art\/index.php\/les-finales\/embed\/#?secret=i7rR5rLUEc#?secret=LOlu2Sh9f7\" data-secret=\"LOlu2Sh9f7\" width=\"600\" height=\"338\" frameborder=\"0\" marginwidth=\"0\" marginheight=\"0\" scrolling=\"no\"><\/iframe><\/p>\n<blockquote class=\"wp-embedded-content\" data-secret=\"YHpSCoMSGq\"><p><a href=\"https:\/\/oraziopuglisi.art\/index.php\/le-boudoir-des-etudes\/\">Le Boudoir des \u00e9tudes<\/a><\/p><\/blockquote>\n<p><iframe loading=\"lazy\" class=\"wp-embedded-content\" sandbox=\"allow-scripts\" security=\"restricted\" style=\"position: absolute; visibility: hidden;\" title=\"\u00ab\u00a0Le Boudoir des \u00e9tudes\u00a0\u00bb &#8212; Orazio Puglisi\" src=\"https:\/\/oraziopuglisi.art\/index.php\/le-boudoir-des-etudes\/embed\/#?secret=qYLwJFKxlo#?secret=YHpSCoMSGq\" data-secret=\"YHpSCoMSGq\" width=\"600\" height=\"338\" frameborder=\"0\" marginwidth=\"0\" marginheight=\"0\" scrolling=\"no\"><\/iframe><\/p>\n<blockquote class=\"wp-embedded-content\" data-secret=\"CfIzFfNRIk\"><p><a href=\"https:\/\/oraziopuglisi.art\/index.php\/soirees-zoom\/\">Soir\u00e9es Zoom<\/a><\/p><\/blockquote>\n<p><iframe loading=\"lazy\" class=\"wp-embedded-content\" sandbox=\"allow-scripts\" security=\"restricted\" style=\"position: absolute; visibility: hidden;\" title=\"\u00ab\u00a0Soir\u00e9es Zoom\u00a0\u00bb &#8212; Orazio Puglisi\" src=\"https:\/\/oraziopuglisi.art\/index.php\/soirees-zoom\/embed\/#?secret=ZNNVze8WEP#?secret=CfIzFfNRIk\" data-secret=\"CfIzFfNRIk\" width=\"600\" height=\"338\" frameborder=\"0\" marginwidth=\"0\" marginheight=\"0\" scrolling=\"no\"><\/iframe><\/p>\n<blockquote class=\"wp-embedded-content\" data-secret=\"AiXyfsWENq\"><p><a href=\"https:\/\/oraziopuglisi.art\/index.php\/videos-cours\/\">Vid\u00e9os cours<\/a><\/p><\/blockquote>\n<p><iframe loading=\"lazy\" class=\"wp-embedded-content\" sandbox=\"allow-scripts\" security=\"restricted\" style=\"position: absolute; visibility: hidden;\" title=\"\u00ab\u00a0Vid\u00e9os cours\u00a0\u00bb &#8212; Orazio Puglisi\" src=\"https:\/\/oraziopuglisi.art\/index.php\/videos-cours\/embed\/#?secret=IBV0zJ7Uoh#?secret=AiXyfsWENq\" data-secret=\"AiXyfsWENq\" width=\"600\" height=\"338\" frameborder=\"0\" marginwidth=\"0\" marginheight=\"0\" scrolling=\"no\"><\/iframe><\/p>\n","protected":false},"excerpt":{"rendered":"<p>Pour acc\u00e9der au Blog Forfait Analyse M\u00e9thode de Travail M\u00e9thode de travail personnalis\u00e9e Jargon \/ D\u00e9finitions Initiation Les Principes expliqu\u00e9s Le Plan Les Fondamentaux Les Phrases amies Pi\u00e8ge et Combinaisons dans les d\u00e9buts La Structure R\u00e9pertoire pour le d\u00e9butant Les Gambits Les Ouvertures La Caro Kann L\u2019espagnole L\u2019anglaise La Sicilienne Le Dragon Le milieu de [&hellip;]<\/p>\n","protected":false},"author":1,"featured_media":14534,"parent":0,"menu_order":0,"comment_status":"closed","ping_status":"closed","template":"","meta":{"footnotes":""},"class_list":["post-14531","page","type-page","status-publish","has-post-thumbnail","hentry"],"_links":{"self":[{"href":"https:\/\/oraziopuglisi.art\/index.php\/wp-json\/wp\/v2\/pages\/14531","targetHints":{"allow":["GET"]}}],"collection":[{"href":"https:\/\/oraziopuglisi.art\/index.php\/wp-json\/wp\/v2\/pages"}],"about":[{"href":"https:\/\/oraziopuglisi.art\/index.php\/wp-json\/wp\/v2\/types\/page"}],"author":[{"embeddable":true,"href":"https:\/\/oraziopuglisi.art\/index.php\/wp-json\/wp\/v2\/users\/1"}],"replies":[{"embeddable":true,"href":"https:\/\/oraziopuglisi.art\/index.php\/wp-json\/wp\/v2\/comments?post=14531"}],"version-history":[{"count":7,"href":"https:\/\/oraziopuglisi.art\/index.php\/wp-json\/wp\/v2\/pages\/14531\/revisions"}],"predecessor-version":[{"id":14639,"href":"https:\/\/oraziopuglisi.art\/index.php\/wp-json\/wp\/v2\/pages\/14531\/revisions\/14639"}],"wp:featuredmedia":[{"embeddable":true,"href":"https:\/\/oraziopuglisi.art\/index.php\/wp-json\/wp\/v2\/media\/14534"}],"wp:attachment":[{"href":"https:\/\/oraziopuglisi.art\/index.php\/wp-json\/wp\/v2\/media?parent=14531"}],"curies":[{"name":"wp","href":"https:\/\/api.w.org\/{rel}","templated":true}]}}