{"id":14510,"date":"2024-10-01T04:52:05","date_gmt":"2024-10-01T02:52:05","guid":{"rendered":"https:\/\/oraziopuglisi.art\/?page_id=14510"},"modified":"2024-10-01T22:35:51","modified_gmt":"2024-10-01T20:35:51","slug":"cosmogonies-mythiques","status":"publish","type":"page","link":"https:\/\/oraziopuglisi.art\/index.php\/cosmogonies-mythiques\/","title":{"rendered":"Cosmogonies Mythiques"},"content":{"rendered":"<form action=\"https:\/\/www.paypal.com\/cgi-bin\/webscr\" method=\"post\" target=\"_top\">\n<p style=\"text-align: justify;\"><span style=\"font-family: 'book antiqua', palatino, serif;\"><input name=\"cmd\" type=\"hidden\" value=\"_s-xclick\" \/><input name=\"hosted_button_id\" type=\"hidden\" value=\"B9KUAAXX2KE3G\" \/><input alt=\"PayPal, le r\u00e9flexe s\u00e9curit\u00e9 pour payer en ligne\" name=\"submit\" src=\"https:\/\/www.paypalobjects.com\/fr_FR\/FR\/i\/btn\/btn_donateCC_LG.gif\" type=\"image\" \/><\/span><\/p>\n<p style=\"text-align: justify;\">A cette sagesse ionienne aux images <em>si <\/em>claires s&rsquo;opposent les efforts faits sans doute vers cette \u00e9poque pour donner un regain de faveur aux anciennes cosmogonies mythiques. <a href=\"https:\/\/fr.wikipedia.org\/wiki\/Onomacrite\">Onomacrite<\/a>, qui vivait \u00e0 Ath\u00e8nes aupr\u00e8s de <a href=\"https:\/\/fr.wikipedia.org\/wiki\/Pisistrate\">Pisistrate<\/a> (mort en 527) passe, mais sans doute \u00e0 tort, pour avoir rassembl\u00e9 ces antiques l\u00e9gendes ; ce sont sans doute les d\u00e9bris de sa compilation ou des compilations de ce genre que nous trouvons dans nos plus anciens documents, qui ne remontent pas plus haut que <a href=\"https:\/\/fr.wikipedia.org\/wiki\/Platon\">Platon<\/a>, <a href=\"https:\/\/fr.wikipedia.org\/wiki\/Aristote\">Aristote<\/a> et son disciple <a href=\"https:\/\/fr.wikipedia.org\/wiki\/Eud%C3%A8me_de_Rhodes\">Eud\u00e8me<\/a>. Chacune de ces cosmogonies, comme chez <a href=\"https:\/\/fr.wikipedia.org\/wiki\/H%C3%A9siode\">H\u00e9siode<\/a>, pr\u00e9sente une s\u00e9rie de formes mythiques issues les unes des autres ; mais leur fantastique d\u00e9passe celui d&rsquo;H\u00e9siode ; nous avons affaire ici \u00e0. une v\u00e9ritable d\u00e9cadence ; il ne s&rsquo;agit plus d&rsquo;introduire un ordre, mais de frapper les imaginations. Chez Platon on voit le. Ciel et la Terre s&rsquo;unir pour engendrer Oc\u00e9an et Th\u00e9tys, d&rsquo;o\u00f9 na\u00eet le couple de Chronos et de Rh\u00e9a, qui produit \u00e0 son tour Zeus, H\u00e9ra et leurs fr\u00e8res (1). Chez Aristote, les th\u00e9ologiens prennent la nuit pour principe (2). Nous connaissons par Eud\u00e8me, disciple d&rsquo;Aristote (3), tout un lot de cosmogonies analogues, qui d&rsquo;ailleurs peuvent \u00eatre des\u00adpastiches d&rsquo;\u00e9poque relativement r\u00e9cente : moins r\u00e9serv\u00e9 que ses ma\u00eetres, il nous montre mieux la grossi\u00e8ret\u00e9 d&rsquo;imagination de ces th\u00e9ologiens ; c&rsquo;est par exemple .Hellanicos, selon qui le premier couple, l&rsquo;Eau et la Terre, ont engendr\u00e9 Chronos ou H\u00e9racl\u00e8s, qui est un dragon ail\u00e9 tric\u00e9phale avec un visage de dieu entre une t\u00eate de taureau et une t\u00eate de lion ; il s&rsquo;unit \u00e0 Anangk\u00e9 ou Adrast\u00e9e pour engendrer dans Ether, Er\u00e8be et Chaos un \u0153uf d&rsquo;o\u00f9 sortira le monde. De ces \u00e9lucubrations, celle qu&rsquo;Eud\u00e8me attribue sp\u00e9cialement \u00e0 l&rsquo;association religieuse des orphiques (les rapsodies orphiques), et qui montre Chronos, \u00eatre supr\u00eame, engendrant l&rsquo;\u00c9ther et le Chaos d&rsquo;o\u00f9 sortent l&rsquo;\u0153uf du monde et le dieu ail\u00e9 Phan\u00e8s, n&rsquo;a rien qui la distingue des autres.<\/p>\n<p style=\"text-align: justify;\">Mais, prises dans l&rsquo;ensemble, les th\u00e9ogonies d&rsquo;Eud\u00e8me offrent un trait remarquable, c&rsquo;est la place qu&rsquo;elles font \u00e0 des formes mythiques telles que Chronos, le Temps, ou Adrast\u00e9e, c&rsquo;est-\u00e0-dire \u00e0 ces formes mi-abstraites qui d\u00e9signent une loi ou une r\u00e8gle ; ce sont elles que nous avons vu intervenir sous le nom de Justice dans les cosmogonies ioniennes. D&rsquo;autre part, il semble que ces cosmogonies se cantonnent peu \u00e0 peu dans les groupes religieux orphiques et forment corps avec l&rsquo;ensemble de leurs croyances sur l&rsquo;origine et la destin\u00e9e des \u00e2mes. C&rsquo;est Platon qui nous donne les d\u00e9tails les plus anciens et les seuls dignes de foi sur ces croyances : l&rsquo;\u00e2me prisonni\u00e8re dans le corps comme en un tombeau doit apr\u00e8s la mort prendre place en un banquet o\u00f9 elle s&rsquo;enivre \u00e9ternellement (1). Peut-\u00eatre les tablettes d&rsquo;or d\u00e9couvertes dans des tombeaux du n<sup>e<\/sup> si\u00e8cle, en Grande-Gr\u00e8ce, \u00e0 Thurioi, \u00e0 P\u00e9t\u00e9lia, \u00e0 \u00c9leutherne, sur lesquelles sont gra\u00adv\u00e9es, comme dans un livre des morts \u00e9gyptien, des recomman\u00addations sur l&rsquo;itin\u00e9raire que doit suivre l&rsquo;\u00e2me apr\u00e8s la mort et les formules qu&rsquo;elle doit prononcer, n&rsquo;appartiennent-elles pas \u00e0 la secte orphique (2). C&rsquo;est, en tout cas, au cycle de mythes orphi\u00adques et au cycle dionysiaque que se rattache la l\u00e9gende, d&rsquo;\u00e2ge incertain, de l&rsquo;origine divine de l&rsquo;homme, \u00e0 laquelle Platon fait allusion (3) ; les Titans, ennemis de Zeus, sont pouss\u00e9s par H\u00e9ra \u00e0 faire p\u00e9rir son fils Dionysos ; Dionysos est d\u00e9chir\u00e9 par eux, et ils en mangent les membres sanglants, sauf le c\u0153ur qui est aval\u00e9 par Zeus et d&rsquo;o\u00f9 rena\u00eetra un nouveau Dionysos ; Zeus fou\u00addroie alors les Titans ; de leur cendre na\u00eet la race humaine o\u00f9 le bien, qui vient de Zeus, est m\u00eal\u00e9 au mal, \u00e0 l&rsquo;\u00e9l\u00e9ment titanique. Le po\u00e8te Pindare, qui fleurit en 478, nous est un t\u00e9moin de l&rsquo;ex\u00adtension qu&rsquo;ont prise, de bonne heure, des croyances analogues. \u00ab Le corps de tous c\u00e8de \u00e0 la mort toute puissante ; mais, vivante encore, reste une image de notre \u00eatre ; car seule elle vient des dieux (4). \u00bb Nous allons retrouver ces croyances chez les philo\u00adsophes ; mais ce sera loin de l&rsquo;Ionie.<\/p>\n<\/form>\n","protected":false},"excerpt":{"rendered":"<p>A cette sagesse ionienne aux images si claires s&rsquo;opposent les efforts faits sans doute vers cette \u00e9poque pour donner un regain de faveur aux anciennes cosmogonies mythiques. Onomacrite, qui vivait \u00e0 Ath\u00e8nes aupr\u00e8s de Pisistrate (mort en 527) passe, mais sans doute \u00e0 tort, pour avoir rassembl\u00e9 ces antiques l\u00e9gendes ; ce sont sans doute [&hellip;]<\/p>\n","protected":false},"author":1,"featured_media":0,"parent":0,"menu_order":0,"comment_status":"closed","ping_status":"closed","template":"","meta":{"footnotes":""},"class_list":["post-14510","page","type-page","status-publish","hentry"],"_links":{"self":[{"href":"https:\/\/oraziopuglisi.art\/index.php\/wp-json\/wp\/v2\/pages\/14510","targetHints":{"allow":["GET"]}}],"collection":[{"href":"https:\/\/oraziopuglisi.art\/index.php\/wp-json\/wp\/v2\/pages"}],"about":[{"href":"https:\/\/oraziopuglisi.art\/index.php\/wp-json\/wp\/v2\/types\/page"}],"author":[{"embeddable":true,"href":"https:\/\/oraziopuglisi.art\/index.php\/wp-json\/wp\/v2\/users\/1"}],"replies":[{"embeddable":true,"href":"https:\/\/oraziopuglisi.art\/index.php\/wp-json\/wp\/v2\/comments?post=14510"}],"version-history":[{"count":2,"href":"https:\/\/oraziopuglisi.art\/index.php\/wp-json\/wp\/v2\/pages\/14510\/revisions"}],"predecessor-version":[{"id":14658,"href":"https:\/\/oraziopuglisi.art\/index.php\/wp-json\/wp\/v2\/pages\/14510\/revisions\/14658"}],"wp:attachment":[{"href":"https:\/\/oraziopuglisi.art\/index.php\/wp-json\/wp\/v2\/media?parent=14510"}],"curies":[{"name":"wp","href":"https:\/\/api.w.org\/{rel}","templated":true}]}}