{"id":14493,"date":"2024-09-30T22:25:39","date_gmt":"2024-09-30T20:25:39","guid":{"rendered":"https:\/\/oraziopuglisi.art\/?page_id=14493"},"modified":"2024-09-30T22:25:39","modified_gmt":"2024-09-30T20:25:39","slug":"les-courants-didees-au-ier-siecle-avant-notre-ere","status":"publish","type":"page","link":"https:\/\/oraziopuglisi.art\/index.php\/les-courants-didees-au-ier-siecle-avant-notre-ere\/","title":{"rendered":"Les courants d\u2019id\u00e9es au Ier si\u00e8cle avant notre \u00e8re"},"content":{"rendered":"","protected":false},"excerpt":{"rendered":"","protected":false},"author":1,"featured_media":0,"parent":0,"menu_order":0,"comment_status":"closed","ping_status":"closed","template":"","meta":{"footnotes":""},"class_list":["post-14493","page","type-page","status-publish","hentry"],"_links":{"self":[{"href":"https:\/\/oraziopuglisi.art\/index.php\/wp-json\/wp\/v2\/pages\/14493","targetHints":{"allow":["GET"]}}],"collection":[{"href":"https:\/\/oraziopuglisi.art\/index.php\/wp-json\/wp\/v2\/pages"}],"about":[{"href":"https:\/\/oraziopuglisi.art\/index.php\/wp-json\/wp\/v2\/types\/page"}],"author":[{"embeddable":true,"href":"https:\/\/oraziopuglisi.art\/index.php\/wp-json\/wp\/v2\/users\/1"}],"replies":[{"embeddable":true,"href":"https:\/\/oraziopuglisi.art\/index.php\/wp-json\/wp\/v2\/comments?post=14493"}],"version-history":[{"count":1,"href":"https:\/\/oraziopuglisi.art\/index.php\/wp-json\/wp\/v2\/pages\/14493\/revisions"}],"predecessor-version":[{"id":14494,"href":"https:\/\/oraziopuglisi.art\/index.php\/wp-json\/wp\/v2\/pages\/14493\/revisions\/14494"}],"wp:attachment":[{"href":"https:\/\/oraziopuglisi.art\/index.php\/wp-json\/wp\/v2\/media?parent=14493"}],"curies":[{"name":"wp","href":"https:\/\/api.w.org\/{rel}","templated":true}]}}