{"id":14491,"date":"2024-09-30T22:24:06","date_gmt":"2024-09-30T20:24:06","guid":{"rendered":"https:\/\/oraziopuglisi.art\/?page_id=14491"},"modified":"2024-09-30T22:24:06","modified_gmt":"2024-09-30T20:24:06","slug":"predication-morale-septicisme-et-nouvelle-academie-aux-iie-et-iiie-siecles","status":"publish","type":"page","link":"https:\/\/oraziopuglisi.art\/index.php\/predication-morale-septicisme-et-nouvelle-academie-aux-iie-et-iiie-siecles\/","title":{"rendered":"Pr\u00e9dication morale, septicisme et nouvelle Acad\u00e9mie aux II\u00e8 et III\u00e8 si\u00e8cles"},"content":{"rendered":"","protected":false},"excerpt":{"rendered":"","protected":false},"author":1,"featured_media":0,"parent":0,"menu_order":0,"comment_status":"closed","ping_status":"closed","template":"","meta":{"footnotes":""},"class_list":["post-14491","page","type-page","status-publish","hentry"],"_links":{"self":[{"href":"https:\/\/oraziopuglisi.art\/index.php\/wp-json\/wp\/v2\/pages\/14491","targetHints":{"allow":["GET"]}}],"collection":[{"href":"https:\/\/oraziopuglisi.art\/index.php\/wp-json\/wp\/v2\/pages"}],"about":[{"href":"https:\/\/oraziopuglisi.art\/index.php\/wp-json\/wp\/v2\/types\/page"}],"author":[{"embeddable":true,"href":"https:\/\/oraziopuglisi.art\/index.php\/wp-json\/wp\/v2\/users\/1"}],"replies":[{"embeddable":true,"href":"https:\/\/oraziopuglisi.art\/index.php\/wp-json\/wp\/v2\/comments?post=14491"}],"version-history":[{"count":1,"href":"https:\/\/oraziopuglisi.art\/index.php\/wp-json\/wp\/v2\/pages\/14491\/revisions"}],"predecessor-version":[{"id":14492,"href":"https:\/\/oraziopuglisi.art\/index.php\/wp-json\/wp\/v2\/pages\/14491\/revisions\/14492"}],"wp:attachment":[{"href":"https:\/\/oraziopuglisi.art\/index.php\/wp-json\/wp\/v2\/media?parent=14491"}],"curies":[{"name":"wp","href":"https:\/\/api.w.org\/{rel}","templated":true}]}}