{"id":14475,"date":"2024-09-30T21:52:55","date_gmt":"2024-09-30T19:52:55","guid":{"rendered":"https:\/\/oraziopuglisi.art\/?page_id=14475"},"modified":"2024-10-01T23:15:22","modified_gmt":"2024-10-01T21:15:22","slug":"les-presocratiques","status":"publish","type":"page","link":"https:\/\/oraziopuglisi.art\/index.php\/les-presocratiques\/","title":{"rendered":"Les Pr\u00e9socratiques"},"content":{"rendered":"<blockquote class=\"wp-embedded-content\" data-secret=\"NavL2QphNN\"><p><a href=\"https:\/\/oraziopuglisi.art\/index.php\/generalites-4\/\">G\u00e9n\u00e9ralit\u00e9s<\/a><\/p><\/blockquote>\n<p><iframe loading=\"lazy\" class=\"wp-embedded-content\" sandbox=\"allow-scripts\" security=\"restricted\" style=\"position: absolute; visibility: hidden;\" title=\"\u00ab\u00a0G\u00e9n\u00e9ralit\u00e9s\u00a0\u00bb &#8212; Orazio Puglisi\" src=\"https:\/\/oraziopuglisi.art\/index.php\/generalites-4\/embed\/#?secret=1zi3Rr0Q5J#?secret=NavL2QphNN\" data-secret=\"NavL2QphNN\" width=\"600\" height=\"338\" frameborder=\"0\" marginwidth=\"0\" marginheight=\"0\" scrolling=\"no\"><\/iframe><\/p>\n<blockquote class=\"wp-embedded-content\" data-secret=\"n0la8LYCmc\"><p><a href=\"https:\/\/oraziopuglisi.art\/index.php\/la-physique-milesienne\/\">La Physique Mil\u00e9sienne<\/a><\/p><\/blockquote>\n<p><iframe loading=\"lazy\" class=\"wp-embedded-content\" sandbox=\"allow-scripts\" security=\"restricted\" style=\"position: absolute; visibility: hidden;\" title=\"\u00ab\u00a0La Physique Mil\u00e9sienne\u00a0\u00bb &#8212; Orazio Puglisi\" src=\"https:\/\/oraziopuglisi.art\/index.php\/la-physique-milesienne\/embed\/#?secret=o7WQTx94RO#?secret=n0la8LYCmc\" data-secret=\"n0la8LYCmc\" width=\"600\" height=\"338\" frameborder=\"0\" marginwidth=\"0\" marginheight=\"0\" scrolling=\"no\"><\/iframe><\/p>\n<blockquote class=\"wp-embedded-content\" data-secret=\"OJuwqLu3KK\"><p><a href=\"https:\/\/oraziopuglisi.art\/index.php\/cosmogonies-mythiques\/\">Cosmogonies Mythiques<\/a><\/p><\/blockquote>\n<p><iframe loading=\"lazy\" class=\"wp-embedded-content\" sandbox=\"allow-scripts\" security=\"restricted\" style=\"position: absolute; visibility: hidden;\" title=\"\u00ab\u00a0Cosmogonies Mythiques\u00a0\u00bb &#8212; Orazio Puglisi\" src=\"https:\/\/oraziopuglisi.art\/index.php\/cosmogonies-mythiques\/embed\/#?secret=P1JKH0RuEX#?secret=OJuwqLu3KK\" data-secret=\"OJuwqLu3KK\" width=\"600\" height=\"338\" frameborder=\"0\" marginwidth=\"0\" marginheight=\"0\" scrolling=\"no\"><\/iframe><\/p>\n<blockquote class=\"wp-embedded-content\" data-secret=\"sphbgQRTb5\"><p><a href=\"https:\/\/oraziopuglisi.art\/index.php\/les-pythagoriciens\/\">Les Pythagoriciens<\/a><\/p><\/blockquote>\n<p><iframe loading=\"lazy\" class=\"wp-embedded-content\" sandbox=\"allow-scripts\" security=\"restricted\" style=\"position: absolute; visibility: hidden;\" title=\"\u00ab\u00a0Les Pythagoriciens\u00a0\u00bb &#8212; Orazio Puglisi\" src=\"https:\/\/oraziopuglisi.art\/index.php\/les-pythagoriciens\/embed\/#?secret=hCUoNLtFOX#?secret=sphbgQRTb5\" data-secret=\"sphbgQRTb5\" width=\"600\" height=\"338\" frameborder=\"0\" marginwidth=\"0\" marginheight=\"0\" scrolling=\"no\"><\/iframe><\/p>\n<blockquote class=\"wp-embedded-content\" data-secret=\"DBVv93IvLN\"><p><a href=\"https:\/\/oraziopuglisi.art\/index.php\/heraclite-dephese\/\">H\u00e9raclite d\u2019Eph\u00e8se<\/a><\/p><\/blockquote>\n<p><iframe loading=\"lazy\" class=\"wp-embedded-content\" sandbox=\"allow-scripts\" security=\"restricted\" style=\"position: absolute; visibility: hidden;\" title=\"\u00ab\u00a0H\u00e9raclite d\u2019Eph\u00e8se\u00a0\u00bb &#8212; Orazio Puglisi\" src=\"https:\/\/oraziopuglisi.art\/index.php\/heraclite-dephese\/embed\/#?secret=G0r8LcfJze#?secret=DBVv93IvLN\" data-secret=\"DBVv93IvLN\" width=\"600\" height=\"338\" frameborder=\"0\" marginwidth=\"0\" marginheight=\"0\" scrolling=\"no\"><\/iframe><\/p>\n<blockquote class=\"wp-embedded-content\" data-secret=\"TjosfeQcA1\"><p><a href=\"https:\/\/oraziopuglisi.art\/index.php\/xenophane-et-les-eleates\/\">X\u00e9nophane et les El\u00e9ates<\/a><\/p><\/blockquote>\n<p><iframe loading=\"lazy\" class=\"wp-embedded-content\" sandbox=\"allow-scripts\" security=\"restricted\" style=\"position: absolute; visibility: hidden;\" title=\"\u00ab\u00a0X\u00e9nophane et les El\u00e9ates\u00a0\u00bb &#8212; Orazio Puglisi\" src=\"https:\/\/oraziopuglisi.art\/index.php\/xenophane-et-les-eleates\/embed\/#?secret=cVujnQC1ql#?secret=TjosfeQcA1\" data-secret=\"TjosfeQcA1\" width=\"600\" height=\"338\" frameborder=\"0\" marginwidth=\"0\" marginheight=\"0\" scrolling=\"no\"><\/iframe><\/p>\n<p>&nbsp;<\/p>\n<blockquote class=\"wp-embedded-content\" data-secret=\"bBm773Zowl\"><p><a href=\"https:\/\/oraziopuglisi.art\/index.php\/empedocle-dagrigente\/\">Emp\u00e9docle d\u2019Agrigente<\/a><\/p><\/blockquote>\n<p><iframe loading=\"lazy\" class=\"wp-embedded-content\" sandbox=\"allow-scripts\" security=\"restricted\" style=\"position: absolute; visibility: hidden;\" title=\"\u00ab\u00a0Emp\u00e9docle d\u2019Agrigente\u00a0\u00bb &#8212; Orazio Puglisi\" src=\"https:\/\/oraziopuglisi.art\/index.php\/empedocle-dagrigente\/embed\/#?secret=d8bjyfThkv#?secret=bBm773Zowl\" data-secret=\"bBm773Zowl\" width=\"600\" height=\"338\" frameborder=\"0\" marginwidth=\"0\" marginheight=\"0\" scrolling=\"no\"><\/iframe><\/p>\n<p>&nbsp;<\/p>\n<p>&nbsp;<\/p>\n<blockquote class=\"wp-embedded-content\" data-secret=\"FnIVGJ8Ajl\"><p><a href=\"https:\/\/oraziopuglisi.art\/index.php\/anaxagore-de-clazomenes\/\">Anaxagore de Clazom\u00e8nes<\/a><\/p><\/blockquote>\n<p><iframe loading=\"lazy\" class=\"wp-embedded-content\" sandbox=\"allow-scripts\" security=\"restricted\" style=\"position: absolute; visibility: hidden;\" title=\"\u00ab\u00a0Anaxagore de Clazom\u00e8nes\u00a0\u00bb &#8212; Orazio Puglisi\" src=\"https:\/\/oraziopuglisi.art\/index.php\/anaxagore-de-clazomenes\/embed\/#?secret=YydiNQJD6W#?secret=FnIVGJ8Ajl\" data-secret=\"FnIVGJ8Ajl\" width=\"600\" height=\"338\" frameborder=\"0\" marginwidth=\"0\" marginheight=\"0\" scrolling=\"no\"><\/iframe><\/p>\n<p>&nbsp;<\/p>\n<p>&nbsp;<\/p>\n<blockquote class=\"wp-embedded-content\" data-secret=\"TRyp3haoPl\"><p><a href=\"https:\/\/oraziopuglisi.art\/index.php\/les-medecins-du-ve-siecle\/\">Les m\u00e9decins du V\u00e8 si\u00e8cle<\/a><\/p><\/blockquote>\n<p><iframe loading=\"lazy\" class=\"wp-embedded-content\" sandbox=\"allow-scripts\" security=\"restricted\" style=\"position: absolute; visibility: hidden;\" title=\"\u00ab\u00a0Les m\u00e9decins du V\u00e8 si\u00e8cle\u00a0\u00bb &#8212; Orazio Puglisi\" src=\"https:\/\/oraziopuglisi.art\/index.php\/les-medecins-du-ve-siecle\/embed\/#?secret=CwGsqe8xz8#?secret=TRyp3haoPl\" data-secret=\"TRyp3haoPl\" width=\"600\" height=\"338\" frameborder=\"0\" marginwidth=\"0\" marginheight=\"0\" scrolling=\"no\"><\/iframe><\/p>\n<blockquote class=\"wp-embedded-content\" data-secret=\"bJutCbsyZ3\"><p><a href=\"https:\/\/oraziopuglisi.art\/index.php\/les-pythagoriciens-du-ve-siecle\/\">Les Pythagoriciens du V\u00e8 Si\u00e8cle<\/a><\/p><\/blockquote>\n<p><iframe loading=\"lazy\" class=\"wp-embedded-content\" sandbox=\"allow-scripts\" security=\"restricted\" style=\"position: absolute; visibility: hidden;\" title=\"\u00ab\u00a0Les Pythagoriciens du V\u00e8 Si\u00e8cle\u00a0\u00bb &#8212; Orazio Puglisi\" src=\"https:\/\/oraziopuglisi.art\/index.php\/les-pythagoriciens-du-ve-siecle\/embed\/#?secret=JF9UdxYLGV#?secret=bJutCbsyZ3\" data-secret=\"bJutCbsyZ3\" width=\"600\" height=\"338\" frameborder=\"0\" marginwidth=\"0\" marginheight=\"0\" scrolling=\"no\"><\/iframe><\/p>\n<p>&nbsp;<\/p>\n<blockquote class=\"wp-embedded-content\" data-secret=\"V90rFwbQ96\"><p><a href=\"https:\/\/oraziopuglisi.art\/index.php\/leucippe-et-democrite\/\">Leucippe et D\u00e9mocrite<\/a><\/p><\/blockquote>\n<p><iframe loading=\"lazy\" class=\"wp-embedded-content\" sandbox=\"allow-scripts\" security=\"restricted\" style=\"position: absolute; visibility: hidden;\" title=\"\u00ab\u00a0Leucippe et D\u00e9mocrite\u00a0\u00bb &#8212; Orazio Puglisi\" src=\"https:\/\/oraziopuglisi.art\/index.php\/leucippe-et-democrite\/embed\/#?secret=FlFwZDRlpE#?secret=V90rFwbQ96\" data-secret=\"V90rFwbQ96\" width=\"600\" height=\"338\" frameborder=\"0\" marginwidth=\"0\" marginheight=\"0\" scrolling=\"no\"><\/iframe><\/p>\n<p>&nbsp;<\/p>\n<blockquote class=\"wp-embedded-content\" data-secret=\"xDDArKCIqN\"><p><a href=\"https:\/\/oraziopuglisi.art\/index.php\/les-sophistes\/\">Les Sophistes<\/a><\/p><\/blockquote>\n<p><iframe loading=\"lazy\" class=\"wp-embedded-content\" sandbox=\"allow-scripts\" security=\"restricted\" style=\"position: absolute; visibility: hidden;\" title=\"\u00ab\u00a0Les Sophistes\u00a0\u00bb &#8212; Orazio Puglisi\" src=\"https:\/\/oraziopuglisi.art\/index.php\/les-sophistes\/embed\/#?secret=PdIf9eP05C#?secret=xDDArKCIqN\" data-secret=\"xDDArKCIqN\" width=\"600\" height=\"338\" frameborder=\"0\" marginwidth=\"0\" marginheight=\"0\" scrolling=\"no\"><\/iframe><\/p>\n<p>&nbsp;<\/p>\n<p>&nbsp;<\/p>\n","protected":false},"excerpt":{"rendered":"<p>G\u00e9n\u00e9ralit\u00e9s La Physique Mil\u00e9sienne Cosmogonies Mythiques Les Pythagoriciens H\u00e9raclite d\u2019Eph\u00e8se X\u00e9nophane et les El\u00e9ates &nbsp; Emp\u00e9docle d\u2019Agrigente &nbsp; &nbsp; Anaxagore de Clazom\u00e8nes &nbsp; &nbsp; Les m\u00e9decins du V\u00e8 si\u00e8cle Les Pythagoriciens du V\u00e8 Si\u00e8cle &nbsp; Leucippe et D\u00e9mocrite &nbsp; Les Sophistes &nbsp; &nbsp;<\/p>\n","protected":false},"author":1,"featured_media":0,"parent":0,"menu_order":0,"comment_status":"closed","ping_status":"closed","template":"","meta":{"footnotes":""},"class_list":["post-14475","page","type-page","status-publish","hentry"],"_links":{"self":[{"href":"https:\/\/oraziopuglisi.art\/index.php\/wp-json\/wp\/v2\/pages\/14475","targetHints":{"allow":["GET"]}}],"collection":[{"href":"https:\/\/oraziopuglisi.art\/index.php\/wp-json\/wp\/v2\/pages"}],"about":[{"href":"https:\/\/oraziopuglisi.art\/index.php\/wp-json\/wp\/v2\/types\/page"}],"author":[{"embeddable":true,"href":"https:\/\/oraziopuglisi.art\/index.php\/wp-json\/wp\/v2\/users\/1"}],"replies":[{"embeddable":true,"href":"https:\/\/oraziopuglisi.art\/index.php\/wp-json\/wp\/v2\/comments?post=14475"}],"version-history":[{"count":6,"href":"https:\/\/oraziopuglisi.art\/index.php\/wp-json\/wp\/v2\/pages\/14475\/revisions"}],"predecessor-version":[{"id":14678,"href":"https:\/\/oraziopuglisi.art\/index.php\/wp-json\/wp\/v2\/pages\/14475\/revisions\/14678"}],"wp:attachment":[{"href":"https:\/\/oraziopuglisi.art\/index.php\/wp-json\/wp\/v2\/media?parent=14475"}],"curies":[{"name":"wp","href":"https:\/\/api.w.org\/{rel}","templated":true}]}}