{"id":14468,"date":"2024-09-30T21:42:59","date_gmt":"2024-09-30T19:42:59","guid":{"rendered":"https:\/\/oraziopuglisi.art\/?page_id=14468"},"modified":"2024-09-30T22:35:06","modified_gmt":"2024-09-30T20:35:06","slug":"periode-hellenistique-et-romaine","status":"publish","type":"page","link":"https:\/\/oraziopuglisi.art\/index.php\/periode-hellenistique-et-romaine\/","title":{"rendered":"P\u00e9riode Hell\u00e9nistique et Romaine"},"content":{"rendered":"<blockquote class=\"wp-embedded-content\" data-secret=\"ucssV2MeOi\"><p><a href=\"https:\/\/oraziopuglisi.art\/index.php\/les-socratiques\/\">Les Socratiques<\/a><\/p><\/blockquote>\n<p><iframe loading=\"lazy\" class=\"wp-embedded-content\" sandbox=\"allow-scripts\" security=\"restricted\" style=\"position: absolute; visibility: hidden;\" title=\"\u00ab\u00a0Les Socratiques\u00a0\u00bb &#8212; Orazio Puglisi\" src=\"https:\/\/oraziopuglisi.art\/index.php\/les-socratiques\/embed\/#?secret=oJIFUNAaOF#?secret=ucssV2MeOi\" data-secret=\"ucssV2MeOi\" width=\"600\" height=\"338\" frameborder=\"0\" marginwidth=\"0\" marginheight=\"0\" scrolling=\"no\"><\/iframe><\/p>\n<blockquote class=\"wp-embedded-content\" data-secret=\"aXMJdDfX3G\"><p><a href=\"https:\/\/oraziopuglisi.art\/index.php\/lancien-stoicisme\/\">L&rsquo;Ancien Stoicisme<\/a><\/p><\/blockquote>\n<p><iframe loading=\"lazy\" class=\"wp-embedded-content\" sandbox=\"allow-scripts\" security=\"restricted\" style=\"position: absolute; visibility: hidden;\" title=\"\u00ab\u00a0L&rsquo;Ancien Stoicisme\u00a0\u00bb &#8212; Orazio Puglisi\" src=\"https:\/\/oraziopuglisi.art\/index.php\/lancien-stoicisme\/embed\/#?secret=TVYpOpbDjG#?secret=aXMJdDfX3G\" data-secret=\"aXMJdDfX3G\" width=\"600\" height=\"338\" frameborder=\"0\" marginwidth=\"0\" marginheight=\"0\" scrolling=\"no\"><\/iframe><\/p>\n<blockquote class=\"wp-embedded-content\" data-secret=\"JBkNArJfR5\"><p><a href=\"https:\/\/oraziopuglisi.art\/index.php\/lepicurisme-au-iiie-siecle\/\">L\u2019\u00e9picurisme au III\u00e8 si\u00e8cle<\/a><\/p><\/blockquote>\n<p><iframe loading=\"lazy\" class=\"wp-embedded-content\" sandbox=\"allow-scripts\" security=\"restricted\" style=\"position: absolute; visibility: hidden;\" title=\"\u00ab\u00a0L\u2019\u00e9picurisme au III\u00e8 si\u00e8cle\u00a0\u00bb &#8212; Orazio Puglisi\" src=\"https:\/\/oraziopuglisi.art\/index.php\/lepicurisme-au-iiie-siecle\/embed\/#?secret=vTDLxcfH7i#?secret=JBkNArJfR5\" data-secret=\"JBkNArJfR5\" width=\"600\" height=\"338\" frameborder=\"0\" marginwidth=\"0\" marginheight=\"0\" scrolling=\"no\"><\/iframe><\/p>\n<blockquote class=\"wp-embedded-content\" data-secret=\"2hefbxhVur\"><p><a href=\"https:\/\/oraziopuglisi.art\/index.php\/predication-morale-septicisme-et-nouvelle-academie-aux-iie-et-iiie-siecles\/\">Pr\u00e9dication morale, septicisme et nouvelle Acad\u00e9mie aux II\u00e8 et III\u00e8 si\u00e8cles<\/a><\/p><\/blockquote>\n<p><iframe loading=\"lazy\" class=\"wp-embedded-content\" sandbox=\"allow-scripts\" security=\"restricted\" style=\"position: absolute; visibility: hidden;\" title=\"\u00ab\u00a0Pr\u00e9dication morale, septicisme et nouvelle Acad\u00e9mie aux II\u00e8 et III\u00e8 si\u00e8cles\u00a0\u00bb &#8212; Orazio Puglisi\" src=\"https:\/\/oraziopuglisi.art\/index.php\/predication-morale-septicisme-et-nouvelle-academie-aux-iie-et-iiie-siecles\/embed\/#?secret=0uu0i2pf1b#?secret=2hefbxhVur\" data-secret=\"2hefbxhVur\" width=\"600\" height=\"338\" frameborder=\"0\" marginwidth=\"0\" marginheight=\"0\" scrolling=\"no\"><\/iframe><\/p>\n<blockquote class=\"wp-embedded-content\" data-secret=\"vBoKA4GRrn\"><p><a href=\"https:\/\/oraziopuglisi.art\/index.php\/les-courants-didees-au-ier-siecle-avant-notre-ere\/\">Les courants d\u2019id\u00e9es au Ier si\u00e8cle avant notre \u00e8re<\/a><\/p><\/blockquote>\n<p><iframe loading=\"lazy\" class=\"wp-embedded-content\" sandbox=\"allow-scripts\" security=\"restricted\" style=\"position: absolute; visibility: hidden;\" title=\"\u00ab\u00a0Les courants d\u2019id\u00e9es au Ier si\u00e8cle avant notre \u00e8re\u00a0\u00bb &#8212; Orazio Puglisi\" src=\"https:\/\/oraziopuglisi.art\/index.php\/les-courants-didees-au-ier-siecle-avant-notre-ere\/embed\/#?secret=8PDjfZ2alp#?secret=vBoKA4GRrn\" data-secret=\"vBoKA4GRrn\" width=\"600\" height=\"338\" frameborder=\"0\" marginwidth=\"0\" marginheight=\"0\" scrolling=\"no\"><\/iframe><\/p>\n<blockquote class=\"wp-embedded-content\" data-secret=\"tfYySJATEr\"><p><a href=\"https:\/\/oraziopuglisi.art\/index.php\/les-courants-didees-aux-deux-premiers-siecles-de-notre-ere\/\">Les courants d\u2019id\u00e9es aux deux premiers si\u00e8cles de notre \u00e8re<\/a><\/p><\/blockquote>\n<p><iframe loading=\"lazy\" class=\"wp-embedded-content\" sandbox=\"allow-scripts\" security=\"restricted\" style=\"position: absolute; visibility: hidden;\" title=\"\u00ab\u00a0Les courants d\u2019id\u00e9es aux deux premiers si\u00e8cles de notre \u00e8re\u00a0\u00bb &#8212; Orazio Puglisi\" src=\"https:\/\/oraziopuglisi.art\/index.php\/les-courants-didees-aux-deux-premiers-siecles-de-notre-ere\/embed\/#?secret=nqsldGmshh#?secret=tfYySJATEr\" data-secret=\"tfYySJATEr\" width=\"600\" height=\"338\" frameborder=\"0\" marginwidth=\"0\" marginheight=\"0\" scrolling=\"no\"><\/iframe><\/p>\n<blockquote class=\"wp-embedded-content\" data-secret=\"BtbAtagro3\"><p><a href=\"https:\/\/oraziopuglisi.art\/index.php\/developpement-du-neoplatonisme\/\">D\u00e9veloppement du N\u00e9oplatonisme<\/a><\/p><\/blockquote>\n<p><iframe loading=\"lazy\" class=\"wp-embedded-content\" sandbox=\"allow-scripts\" security=\"restricted\" style=\"position: absolute; visibility: hidden;\" title=\"\u00ab\u00a0D\u00e9veloppement du N\u00e9oplatonisme\u00a0\u00bb &#8212; Orazio Puglisi\" src=\"https:\/\/oraziopuglisi.art\/index.php\/developpement-du-neoplatonisme\/embed\/#?secret=kf6jHj66CC#?secret=BtbAtagro3\" data-secret=\"BtbAtagro3\" width=\"600\" height=\"338\" frameborder=\"0\" marginwidth=\"0\" marginheight=\"0\" scrolling=\"no\"><\/iframe><\/p>\n<blockquote class=\"wp-embedded-content\" data-secret=\"9ji6zEemU9\"><p><a href=\"https:\/\/oraziopuglisi.art\/index.php\/hellenisme-et-christianisme-aux-premiers-siecles\/\">Hell\u00e9nisme et Christianisme aux premiers si\u00e8cles<\/a><\/p><\/blockquote>\n<p><iframe loading=\"lazy\" class=\"wp-embedded-content\" sandbox=\"allow-scripts\" security=\"restricted\" style=\"position: absolute; visibility: hidden;\" title=\"\u00ab\u00a0Hell\u00e9nisme et Christianisme aux premiers si\u00e8cles\u00a0\u00bb &#8212; Orazio Puglisi\" src=\"https:\/\/oraziopuglisi.art\/index.php\/hellenisme-et-christianisme-aux-premiers-siecles\/embed\/#?secret=AK7hDWsJXt#?secret=9ji6zEemU9\" data-secret=\"9ji6zEemU9\" width=\"600\" height=\"338\" frameborder=\"0\" marginwidth=\"0\" marginheight=\"0\" scrolling=\"no\"><\/iframe><\/p>\n","protected":false},"excerpt":{"rendered":"<p>Les Socratiques L&rsquo;Ancien Stoicisme L\u2019\u00e9picurisme au III\u00e8 si\u00e8cle Pr\u00e9dication morale, septicisme et nouvelle Acad\u00e9mie aux II\u00e8 et III\u00e8 si\u00e8cles Les courants d\u2019id\u00e9es au Ier si\u00e8cle avant notre \u00e8re Les courants d\u2019id\u00e9es aux deux premiers si\u00e8cles de notre \u00e8re D\u00e9veloppement du N\u00e9oplatonisme Hell\u00e9nisme et Christianisme aux premiers si\u00e8cles<\/p>\n","protected":false},"author":1,"featured_media":0,"parent":0,"menu_order":0,"comment_status":"closed","ping_status":"closed","template":"","meta":{"footnotes":""},"class_list":["post-14468","page","type-page","status-publish","hentry"],"_links":{"self":[{"href":"https:\/\/oraziopuglisi.art\/index.php\/wp-json\/wp\/v2\/pages\/14468","targetHints":{"allow":["GET"]}}],"collection":[{"href":"https:\/\/oraziopuglisi.art\/index.php\/wp-json\/wp\/v2\/pages"}],"about":[{"href":"https:\/\/oraziopuglisi.art\/index.php\/wp-json\/wp\/v2\/types\/page"}],"author":[{"embeddable":true,"href":"https:\/\/oraziopuglisi.art\/index.php\/wp-json\/wp\/v2\/users\/1"}],"replies":[{"embeddable":true,"href":"https:\/\/oraziopuglisi.art\/index.php\/wp-json\/wp\/v2\/comments?post=14468"}],"version-history":[{"count":6,"href":"https:\/\/oraziopuglisi.art\/index.php\/wp-json\/wp\/v2\/pages\/14468\/revisions"}],"predecessor-version":[{"id":14505,"href":"https:\/\/oraziopuglisi.art\/index.php\/wp-json\/wp\/v2\/pages\/14468\/revisions\/14505"}],"wp:attachment":[{"href":"https:\/\/oraziopuglisi.art\/index.php\/wp-json\/wp\/v2\/media?parent=14468"}],"curies":[{"name":"wp","href":"https:\/\/api.w.org\/{rel}","templated":true}]}}