{"id":14186,"date":"2024-09-25T11:00:17","date_gmt":"2024-09-25T09:00:17","guid":{"rendered":"https:\/\/oraziopuglisi.art\/?page_id=14186"},"modified":"2024-09-26T06:23:57","modified_gmt":"2024-09-26T04:23:57","slug":"leonard-de-vinci-peintre","status":"publish","type":"page","link":"https:\/\/oraziopuglisi.art\/index.php\/leonard-de-vinci-peintre\/","title":{"rendered":"L\u00e9onard de Vinci Peintre"},"content":{"rendered":"<p><span style=\"font-size: 10px;\"><strong>Image mise en avant :<\/strong> <a href=\"https:\/\/fr.wikipedia.org\/wiki\/La_Joconde\">La Joconde<\/a>, Le Louvre\u00a0<\/span><\/p>\n<p style=\"text-align: justify;\"><span style=\"font-size: 8px;\"><i><b>La Joconde<\/b><\/i>\u00a0(en\u00a0<a title=\"Italien\" href=\"https:\/\/fr.wikipedia.org\/wiki\/Italien\">italien<\/a>:\u00a0<i>La Gioconda<\/i>\u00a0<small><\/small><span class=\"API\"><a title=\"Aide:Alphabet phon\u00e9tique italien\" href=\"https:\/\/fr.wikipedia.org\/wiki\/Aide:Alphabet_phon%C3%A9tique_italien\">[la d\u0292o\u02c8konda]<\/a><\/span>\u00a0ou\u00a0<i>Monna Lisa<\/i>\u00a0<small><\/small><span class=\"API\"><a title=\"Aide:Alphabet phon\u00e9tique italien\" href=\"https:\/\/fr.wikipedia.org\/wiki\/Aide:Alphabet_phon%C3%A9tique_italien\">[\u02c8m\u0254nna \u02c8li\u02d0za]<\/a><\/span>), ou\u00a0<i><b>Portrait de Mona Lisa<\/b><\/i>, est un tableau de\u00a0<a title=\"L\u00e9onard de Vinci\" href=\"https:\/\/fr.wikipedia.org\/wiki\/L%C3%A9onard_de_Vinci\">L\u00e9onard de Vinci<\/a>, r\u00e9alis\u00e9 entre 1503 et 1506 ou entre 1513 et 1516<sup id=\"cite_ref-Pedretti_1982_1-0\" class=\"reference\"><a href=\"https:\/\/fr.wikipedia.org\/wiki\/La_Joconde#cite_note-Pedretti_1982-1\">1<\/a><\/sup><sup class=\"reference cite_virgule\">,<\/sup><sup id=\"cite_ref-Vezzosi_2007_2-0\" class=\"reference\"><a href=\"https:\/\/fr.wikipedia.org\/wiki\/La_Joconde#cite_note-Vezzosi_2007-2\">2<\/a><\/sup>, et peut-\u00eatre jusqu&rsquo;\u00e0 1517 (l&rsquo;artiste \u00e9tant mort le\u00a0<time class=\"nowrap\" datetime=\"1519-05-12\" data-sort-value=\"1519-05-12\">2 mai 1519<\/time>)<sup id=\"cite_ref-Delieuvin_3-0\" class=\"reference\"><a href=\"https:\/\/fr.wikipedia.org\/wiki\/La_Joconde#cite_note-Delieuvin-3\">3<\/a><\/sup>, qui repr\u00e9sente un portrait mi-corps, celui de la\u00a0<a title=\"Florence\" href=\"https:\/\/fr.wikipedia.org\/wiki\/Florence\">Florentine<\/a>\u00a0<a title=\"Lisa Gherardini\" href=\"https:\/\/fr.wikipedia.org\/wiki\/Lisa_Gherardini\">Lisa Gherardini<\/a>, \u00e9pouse de\u00a0<a title=\"Francesco del Giocondo\" href=\"https:\/\/fr.wikipedia.org\/wiki\/Francesco_del_Giocondo\">Francesco del Giocondo<\/a>. Tr\u00e8s probablement acquise par\u00a0<a title=\"Fran\u00e7ois Ier (roi de France)\" href=\"https:\/\/fr.wikipedia.org\/wiki\/Fran%C3%A7ois_Ier_(roi_de_France)\">Fran\u00e7ois\u00a0<abbr class=\"abbr\" title=\"premier\">I<sup>er<\/sup><\/abbr><\/a>, cette\u00a0<a title=\"Peinture \u00e0 l'huile\" href=\"https:\/\/fr.wikipedia.org\/wiki\/Peinture_%C3%A0_l%27huile\">peinture \u00e0 l&rsquo;huile<\/a>\u00a0sur panneau de\u00a0<a title=\"Bois\" href=\"https:\/\/fr.wikipedia.org\/wiki\/Bois\">bois<\/a>\u00a0de\u00a0<a title=\"Peuplier\" href=\"https:\/\/fr.wikipedia.org\/wiki\/Peuplier\">peuplier<\/a>\u00a0de 77\u00a0\u00d7\u00a053\u00a0<abbr class=\"abbr\" title=\"centim\u00e8tre\">cm<\/abbr>\u00a0est expos\u00e9e au\u00a0<a title=\"Mus\u00e9e du Louvre\" href=\"https:\/\/fr.wikipedia.org\/wiki\/Mus%C3%A9e_du_Louvre\">mus\u00e9e du Louvre<\/a>\u00a0\u00e0\u00a0<a title=\"Paris\" href=\"https:\/\/fr.wikipedia.org\/wiki\/Paris\">Paris<\/a>.\u00a0<i>La Joconde<\/i>\u00a0est l&rsquo;un des rares tableaux attribu\u00e9s de fa\u00e7on certaine \u00e0 L\u00e9onard de Vinci.<\/span><\/p>\n<p><img loading=\"lazy\" decoding=\"async\" class=\"alignnone size-full wp-image-14199\" src=\"http:\/\/oraziopuglisi.art\/wp-content\/uploads\/2024\/09\/La-Joconde.jpg\" alt=\"\" width=\"1024\" height=\"1526\" srcset=\"https:\/\/oraziopuglisi.art\/wp-content\/uploads\/2024\/09\/La-Joconde.jpg 1024w, https:\/\/oraziopuglisi.art\/wp-content\/uploads\/2024\/09\/La-Joconde-201x300.jpg 201w, https:\/\/oraziopuglisi.art\/wp-content\/uploads\/2024\/09\/La-Joconde-687x1024.jpg 687w, https:\/\/oraziopuglisi.art\/wp-content\/uploads\/2024\/09\/La-Joconde-768x1145.jpg 768w, https:\/\/oraziopuglisi.art\/wp-content\/uploads\/2024\/09\/La-Joconde-508x757.jpg 508w\" sizes=\"auto, (max-width: 1024px) 100vw, 1024px\" \/><\/p>\n<blockquote class=\"wp-embedded-content\" data-secret=\"O8TqoNPk5F\"><p><a href=\"https:\/\/oraziopuglisi.art\/index.php\/la-cene-2\/\">La C\u00e8ne<\/a><\/p><\/blockquote>\n<p><iframe loading=\"lazy\" class=\"wp-embedded-content\" sandbox=\"allow-scripts\" security=\"restricted\" style=\"position: absolute; visibility: hidden;\" title=\"\u00ab\u00a0La C\u00e8ne\u00a0\u00bb &#8212; Orazio Puglisi\" src=\"https:\/\/oraziopuglisi.art\/index.php\/la-cene-2\/embed\/#?secret=zr19UDukTp#?secret=O8TqoNPk5F\" data-secret=\"O8TqoNPk5F\" width=\"600\" height=\"338\" frameborder=\"0\" marginwidth=\"0\" marginheight=\"0\" scrolling=\"no\"><\/iframe><\/p>\n","protected":false},"excerpt":{"rendered":"<p>Image mise en avant : La Joconde, Le Louvre\u00a0 La Joconde\u00a0(en\u00a0italien:\u00a0La Gioconda\u00a0[la d\u0292o\u02c8konda]\u00a0ou\u00a0Monna Lisa\u00a0[\u02c8m\u0254nna \u02c8li\u02d0za]), ou\u00a0Portrait de Mona Lisa, est un tableau de\u00a0L\u00e9onard de Vinci, r\u00e9alis\u00e9 entre 1503 et 1506 ou entre 1513 et 15161,2, et peut-\u00eatre jusqu&rsquo;\u00e0 1517 (l&rsquo;artiste \u00e9tant mort le\u00a02 mai 1519)3, qui repr\u00e9sente un portrait mi-corps, celui de la\u00a0Florentine\u00a0Lisa Gherardini, \u00e9pouse [&hellip;]<\/p>\n","protected":false},"author":1,"featured_media":14199,"parent":0,"menu_order":0,"comment_status":"closed","ping_status":"closed","template":"","meta":{"footnotes":""},"class_list":["post-14186","page","type-page","status-publish","has-post-thumbnail","hentry"],"_links":{"self":[{"href":"https:\/\/oraziopuglisi.art\/index.php\/wp-json\/wp\/v2\/pages\/14186","targetHints":{"allow":["GET"]}}],"collection":[{"href":"https:\/\/oraziopuglisi.art\/index.php\/wp-json\/wp\/v2\/pages"}],"about":[{"href":"https:\/\/oraziopuglisi.art\/index.php\/wp-json\/wp\/v2\/types\/page"}],"author":[{"embeddable":true,"href":"https:\/\/oraziopuglisi.art\/index.php\/wp-json\/wp\/v2\/users\/1"}],"replies":[{"embeddable":true,"href":"https:\/\/oraziopuglisi.art\/index.php\/wp-json\/wp\/v2\/comments?post=14186"}],"version-history":[{"count":7,"href":"https:\/\/oraziopuglisi.art\/index.php\/wp-json\/wp\/v2\/pages\/14186\/revisions"}],"predecessor-version":[{"id":14214,"href":"https:\/\/oraziopuglisi.art\/index.php\/wp-json\/wp\/v2\/pages\/14186\/revisions\/14214"}],"wp:featuredmedia":[{"embeddable":true,"href":"https:\/\/oraziopuglisi.art\/index.php\/wp-json\/wp\/v2\/media\/14199"}],"wp:attachment":[{"href":"https:\/\/oraziopuglisi.art\/index.php\/wp-json\/wp\/v2\/media?parent=14186"}],"curies":[{"name":"wp","href":"https:\/\/api.w.org\/{rel}","templated":true}]}}