{"id":14098,"date":"2024-09-24T21:49:30","date_gmt":"2024-09-24T19:49:30","guid":{"rendered":"https:\/\/oraziopuglisi.art\/?page_id=14098"},"modified":"2024-09-24T21:55:36","modified_gmt":"2024-09-24T19:55:36","slug":"ecole-ombrienne","status":"publish","type":"page","link":"https:\/\/oraziopuglisi.art\/index.php\/ecole-ombrienne\/","title":{"rendered":"Ecole Ombrienne"},"content":{"rendered":"<p><span style=\"font-size: 10px;\"><strong>Image mise en avant : <\/strong><a href=\"https:\/\/fr.wikipedia.org\/wiki\/Le_P%C3%A9rugin\">Le Perugin<\/a><i>Remise des clefs \u00e0 saint Pierre<\/i>\u00a0(1481). Fresque, 335\u00a0\u00d7\u00a0550\u00a0cm,\u00a0<a title=\"Chapelle Sixtine\" href=\"https:\/\/fr.wikipedia.org\/wiki\/Chapelle_Sixtine\">chapelle Sixtine<\/a>, Rome.<\/span><\/p>\n<p>L&rsquo;<b>\u00e9cole ombrienne<\/b>\u00a0est l&rsquo;une des\u00a0<a title=\"\u00c9coles italiennes de peinture\" href=\"https:\/\/fr.wikipedia.org\/wiki\/%C3%89coles_italiennes_de_peinture\">\u00e9coles italiennes de peinture<\/a>\u00a0de la\u00a0<a class=\"mw-redirect\" title=\"Renaissance artistique\" href=\"https:\/\/fr.wikipedia.org\/wiki\/Renaissance_artistique\">Renaissance artistique<\/a>\u00a0en\u00a0<a title=\"Italie\" href=\"https:\/\/fr.wikipedia.org\/wiki\/Italie\">Italie<\/a>, qui a fleuri en\u00a0<a title=\"Ombrie\" href=\"https:\/\/fr.wikipedia.org\/wiki\/Ombrie\">Ombrie<\/a>\u00a0(<a title=\"Gubbio\" href=\"https:\/\/fr.wikipedia.org\/wiki\/Gubbio\">Gubbio<\/a>,\u00a0<a class=\"mw-redirect\" title=\"P\u00e9rouse (Italie)\" href=\"https:\/\/fr.wikipedia.org\/wiki\/P%C3%A9rouse_(Italie)\">P\u00e9rouse<\/a>) dont les protagonistes sont\u00a0:<\/p>\n<ul>\n<li><a title=\"Ottaviano Nelli\" href=\"https:\/\/fr.wikipedia.org\/wiki\/Ottaviano_Nelli\">Ottaviano Nelli<\/a>\u00a0(1375 \u2013 1444)\u00a0;<\/li>\n<li><a title=\"Puccio Capanna\" href=\"https:\/\/fr.wikipedia.org\/wiki\/Puccio_Capanna\">Puccio Capanna<\/a>, premi\u00e8re moiti\u00e9 du\u00a0<i><a title=\"Trecento\" href=\"https:\/\/fr.wikipedia.org\/wiki\/Trecento\">Trecento<\/a><\/i>\u00a0(<abbr class=\"abbr\" title=\"14\u1d49 si\u00e8cle\"><span class=\"romain\">XIV<\/span><sup>e<\/sup><\/abbr>\u00a0si\u00e8cle italien)\u00a0;<\/li>\n<li><a title=\"Benedetto Bonfigli\" href=\"https:\/\/fr.wikipedia.org\/wiki\/Benedetto_Bonfigli\">Benedetto Bonfigli<\/a>\u00a0(1420 \u2013 1496)\u00a0;<\/li>\n<li><a title=\"Giovanni Boccati\" href=\"https:\/\/fr.wikipedia.org\/wiki\/Giovanni_Boccati\">Giovanni Boccati<\/a>\u00a0(dit\u00a0<i>Boccati da Camerino<\/i>) (1420 \u2013 v. 1480)\u00a0;<\/li>\n<li><a title=\"Niccol\u00f2 Alunno\" href=\"https:\/\/fr.wikipedia.org\/wiki\/Niccol%C3%B2_Alunno\">Niccol\u00f2 Alunno<\/a>\u00a0(1430 \u2013 1502)\u00a0;<\/li>\n<li><a title=\"Pier Antonio Mezzastris\" href=\"https:\/\/fr.wikipedia.org\/wiki\/Pier_Antonio_Mezzastris\">Pier Antonio Mezzastris<\/a>\u00a0(v. 1430 \u2013 v. 1506)\u00a0;<\/li>\n<li><a class=\"mw-redirect\" title=\"Melozzo da Forli\" href=\"https:\/\/fr.wikipedia.org\/wiki\/Melozzo_da_Forli\">Melozzo da Forli<\/a>\u00a0(1438 \u2013 1494)\u00a0;<\/li>\n<li><a title=\"Luca Signorelli\" href=\"https:\/\/fr.wikipedia.org\/wiki\/Luca_Signorelli\">Luca Signorelli<\/a>\u00a0(1441 \u2013 1523)\u00a0;<\/li>\n<li><a title=\"Le P\u00e9rugin\" href=\"https:\/\/fr.wikipedia.org\/wiki\/Le_P%C3%A9rugin\">Le P\u00e9rugin<\/a>\u00a0(v. 1448 \u2013 1523)\u00a0;<\/li>\n<li><a title=\"Giannicola di Paolo\" href=\"https:\/\/fr.wikipedia.org\/wiki\/Giannicola_di_Paolo\">Giannicola di Paolo<\/a>\u00a0(vers 1460 \u2013 1544)\u00a0;<\/li>\n<li><a title=\"Timoteo della Vite\" href=\"https:\/\/fr.wikipedia.org\/wiki\/Timoteo_della_Vite\">Timoteo della Vite<\/a>\u00a0(1469 \u2013 1523)\u00a0;<\/li>\n<li><a title=\"Bernardino Mezzastris\" href=\"https:\/\/fr.wikipedia.org\/wiki\/Bernardino_Mezzastris\">Bernardino Mezzastris<\/a>, premi\u00e8re moiti\u00e9 du\u00a0<abbr class=\"abbr\" title=\"16\u1d49 si\u00e8cle\"><span class=\"romain\">XVI<\/span><sup>e<\/sup><\/abbr>\u00a0si\u00e8cle et probablement le fils de Pier Antonio Mezzastris.<\/li>\n<\/ul>\n<p>Au\u00a0<i>Trecento<\/i>, l&rsquo;<a title=\"\u00c9coles giottesques\" href=\"https:\/\/fr.wikipedia.org\/wiki\/%C3%89coles_giottesques\">\u00e9cole giottesque<\/a>\u00a0ombrienne se reconna\u00eet par la connotation d\u00e9votionnelle et populaire des \u0153uvres du\u00a0:<\/p>\n<ul>\n<li><i><a class=\"new\" title=\"Maestro di Santa Chiara da Montefalco (page inexistante)\" href=\"https:\/\/fr.wikipedia.org\/w\/index.php?title=Maestro_di_Santa_Chiara_da_Montefalco&amp;action=edit&amp;redlink=1\">Maestro di Santa Chiara da Montefalco<\/a><\/i>\u00a0;<\/li>\n<li><i><a title=\"Maestro Espressionista di Santa Chiara\" href=\"https:\/\/fr.wikipedia.org\/wiki\/Maestro_Espressionista_di_Santa_Chiara\">Maestro Espressionista di Santa Chiara<\/a><\/i>.<\/li>\n<\/ul>\n<div class=\"mw-heading mw-heading2\">\n<h2 id=\"D\u00e9finition_et_citations\"><span id=\"D.C3.A9finition_et_citations\"><\/span>D\u00e9finition et citations<\/h2>\n<\/div>\n<blockquote>\n<p style=\"text-align: justify;\">\u00ab\u00a0Une gr\u00e2ce mani\u00e9r\u00e9e qui rend un peu irritantes ses jolies figures ombriennes [du P\u00e9rugin], blondes, pleines, roses, fra\u00eeches\u00a0\u00bb<\/p>\n<\/blockquote>\n<p>\u2014\u00a0<a title=\"Gabriel Faure\" href=\"https:\/\/fr.wikipedia.org\/wiki\/Gabriel_Faure\">Gabriel Faure<\/a>, Hist. art, 1914 p.400<\/p>\n<blockquote>\n<p style=\"text-align: justify;\">\u00ab\u00a0Il y eut une soudure spontan\u00e9e entre l&rsquo;id\u00e9alisme intellectuel de Florence, le sentimentalisme des peintres ombriens, la sensualit\u00e9 de Venise (&#8230;) et la volont\u00e9 des ma\u00e7ons et des statuaires de l&#8217;empire qui b\u00e2tirent les aqueducs, les thermes, les cirques\u00a0\u00bb<\/p>\n<\/blockquote>\n<p>\u2014\u00a0Gabriel Faure, Hist. art, 1914, p.394<\/p>\n<div class=\"mw-heading mw-heading2\">\n<h2 id=\"Notes_et_r\u00e9f\u00e9rences\"><span id=\"Notes_et_r.C3.A9f.C3.A9rences\"><\/span>Notes et r\u00e9f\u00e9rences<\/h2>\n<\/div>\n<div class=\"references-small decimal\">\u00a0<\/div>\n<div class=\"mw-heading mw-heading2\">\n<h2 id=\"Voir_aussi\">Voir aussi<\/h2>\n<\/div>\n<div class=\"mw-heading mw-heading3\">\n<h3 id=\"Bibliographie\">Bibliographie<\/h3>\n<\/div>\n<ul>\n<li><span id=\"Broussole1901\" class=\"ouvrage\"><span id=\"Jacques-Camille_Broussole1901\" class=\"ouvrage\">Jacques-Camille Broussole (<abbr class=\"abbr\" title=\"pr\u00e9face\">pr\u00e9f.<\/abbr>\u00a0Joris-Karl Huysmans),\u00a0<cite class=\"italique\">La jeunesse du P\u00e9rugin et les origines de l&rsquo;\u00e9cole ombrienne<\/cite>, Paris, H. Oudin,\u00a0<time>1901<\/time>, 551\u00a0<abbr class=\"abbr\" title=\"pages\">p.<\/abbr>\u00a0<small>(<a title=\"Biblioth\u00e8que nationale de France\" href=\"https:\/\/fr.wikipedia.org\/wiki\/Biblioth%C3%A8que_nationale_de_France\">BNF<\/a>\u00a0<span class=\"plainlinks noarchive nowrap\"><a class=\"external text\" href=\"https:\/\/catalogue.bnf.fr\/ark:\/12148\/cb301663571.public\" rel=\"nofollow\">30166357<\/a><\/span>)<\/small><\/span><\/span>.<\/li>\n<\/ul>\n","protected":false},"excerpt":{"rendered":"<p>Image mise en avant : Le PeruginRemise des clefs \u00e0 saint Pierre\u00a0(1481). Fresque, 335\u00a0\u00d7\u00a0550\u00a0cm,\u00a0chapelle Sixtine, Rome. L&rsquo;\u00e9cole ombrienne\u00a0est l&rsquo;une des\u00a0\u00e9coles italiennes de peinture\u00a0de la\u00a0Renaissance artistique\u00a0en\u00a0Italie, qui a fleuri en\u00a0Ombrie\u00a0(Gubbio,\u00a0P\u00e9rouse) dont les protagonistes sont\u00a0: Ottaviano Nelli\u00a0(1375 \u2013 1444)\u00a0; Puccio Capanna, premi\u00e8re moiti\u00e9 du\u00a0Trecento\u00a0(XIVe\u00a0si\u00e8cle italien)\u00a0; Benedetto Bonfigli\u00a0(1420 \u2013 1496)\u00a0; Giovanni Boccati\u00a0(dit\u00a0Boccati da Camerino) (1420 \u2013 v. 1480)\u00a0; [&hellip;]<\/p>\n","protected":false},"author":1,"featured_media":14103,"parent":0,"menu_order":0,"comment_status":"closed","ping_status":"closed","template":"","meta":{"footnotes":""},"class_list":["post-14098","page","type-page","status-publish","has-post-thumbnail","hentry"],"_links":{"self":[{"href":"https:\/\/oraziopuglisi.art\/index.php\/wp-json\/wp\/v2\/pages\/14098","targetHints":{"allow":["GET"]}}],"collection":[{"href":"https:\/\/oraziopuglisi.art\/index.php\/wp-json\/wp\/v2\/pages"}],"about":[{"href":"https:\/\/oraziopuglisi.art\/index.php\/wp-json\/wp\/v2\/types\/page"}],"author":[{"embeddable":true,"href":"https:\/\/oraziopuglisi.art\/index.php\/wp-json\/wp\/v2\/users\/1"}],"replies":[{"embeddable":true,"href":"https:\/\/oraziopuglisi.art\/index.php\/wp-json\/wp\/v2\/comments?post=14098"}],"version-history":[{"count":6,"href":"https:\/\/oraziopuglisi.art\/index.php\/wp-json\/wp\/v2\/pages\/14098\/revisions"}],"predecessor-version":[{"id":14105,"href":"https:\/\/oraziopuglisi.art\/index.php\/wp-json\/wp\/v2\/pages\/14098\/revisions\/14105"}],"wp:featuredmedia":[{"embeddable":true,"href":"https:\/\/oraziopuglisi.art\/index.php\/wp-json\/wp\/v2\/media\/14103"}],"wp:attachment":[{"href":"https:\/\/oraziopuglisi.art\/index.php\/wp-json\/wp\/v2\/media?parent=14098"}],"curies":[{"name":"wp","href":"https:\/\/api.w.org\/{rel}","templated":true}]}}