{"id":14090,"date":"2024-09-24T21:43:53","date_gmt":"2024-09-24T19:43:53","guid":{"rendered":"https:\/\/oraziopuglisi.art\/?page_id=14090"},"modified":"2024-09-24T21:47:29","modified_gmt":"2024-09-24T19:47:29","slug":"ecole-de-forli","status":"publish","type":"page","link":"https:\/\/oraziopuglisi.art\/index.php\/ecole-de-forli\/","title":{"rendered":"Ecole de Forli"},"content":{"rendered":"<p><span style=\"font-size: 10px;\"><strong>Image de mise en avant :<\/strong> <a href=\"https:\/\/fr.wikipedia.org\/wiki\/Marco_Palmezzano\">Marco Palmezzano,<\/a>\u00a0<i>Pala Ostoli<\/i><\/span><\/p>\n<p style=\"text-align: justify;\">L&rsquo;<b>\u00e9cole de\u00a0<a title=\"Forl\u00ec\" href=\"https:\/\/fr.wikipedia.org\/wiki\/Forl%C3%AC\">Forl\u00ec<\/a><\/b>\u00a0(en\u00a0<a title=\"Italien\" href=\"https:\/\/fr.wikipedia.org\/wiki\/Italien\">italien<\/a>\u00a0<i>Scuola forlivese<\/i>) est n\u00e9e comme une des\u00a0<a title=\"\u00c9coles giottesques\" href=\"https:\/\/fr.wikipedia.org\/wiki\/%C3%89coles_giottesques\">\u00e9coles giottesques<\/a>\u00a0des\u00a0<a title=\"\u00c9coles italiennes de peinture\" href=\"https:\/\/fr.wikipedia.org\/wiki\/%C3%89coles_italiennes_de_peinture\">\u00e9coles italiennes de peinture<\/a>\u00a0de la\u00a0<a class=\"mw-redirect\" title=\"Renaissance artistique\" href=\"https:\/\/fr.wikipedia.org\/wiki\/Renaissance_artistique\">Renaissance artistique<\/a>, qui a fleuri en Italie \u00e0\u00a0<a title=\"Forl\u00ec\" href=\"https:\/\/fr.wikipedia.org\/wiki\/Forl%C3%AC\">Forl\u00ec<\/a>\u00a0en\u00a0<a title=\"\u00c9milie-Romagne\" href=\"https:\/\/fr.wikipedia.org\/wiki\/%C3%89milie-Romagne\">\u00c9milie-Romagne<\/a>\u00a0centr\u00e9e autour du ma\u00eetre de\u00a0<a title=\"Melozzo da Forl\u00ec\" href=\"https:\/\/fr.wikipedia.org\/wiki\/Melozzo_da_Forl%C3%AC\">Melozzo da Forl\u00ec<\/a>,\u00a0<a title=\"Baldassarre Carrari l'Ancien\" href=\"https:\/\/fr.wikipedia.org\/wiki\/Baldassarre_Carrari_l%27Ancien\">Baldassarre Carrari l&rsquo;Ancien<\/a>, disciple de\u00a0<a title=\"Giotto di Bondone\" href=\"https:\/\/fr.wikipedia.org\/wiki\/Giotto_di_Bondone\">Giotto di Bondone<\/a>.<\/p>\n<p style=\"text-align: justify;\">Avec Melozzo et\u00a0<a title=\"Marco Palmezzano\" href=\"https:\/\/fr.wikipedia.org\/wiki\/Marco_Palmezzano\">Marco Palmezzano<\/a>, elle pr\u00e9sente des caract\u00e9ristiques particuli\u00e8res.<\/p>\n<ul>\n<li style=\"text-align: justify;\"><a title=\"Livio Agresti\" href=\"https:\/\/fr.wikipedia.org\/wiki\/Livio_Agresti\">Livio Agresti<\/a>\u00a0(1505 \u2013 1579)<\/li>\n<li style=\"text-align: justify;\"><a title=\"Ansuino da Forl\u00ec\" href=\"https:\/\/fr.wikipedia.org\/wiki\/Ansuino_da_Forl%C3%AC\">Ansuino da Forl\u00ec<\/a>\u00a0du\u00a0<i><a title=\"Quattrocento\" href=\"https:\/\/fr.wikipedia.org\/wiki\/Quattrocento\">Quattrocento<\/a><\/i><\/li>\n<li style=\"text-align: justify;\"><a title=\"Baldassarre Carrari le Jeune\" href=\"https:\/\/fr.wikipedia.org\/wiki\/Baldassarre_Carrari_le_Jeune\">Baldassarre Carrari le Jeune<\/a><\/li>\n<li style=\"text-align: justify;\"><a class=\"mw-redirect\" title=\"Melozzo de Forl\u00ec\" href=\"https:\/\/fr.wikipedia.org\/wiki\/Melozzo_de_Forl%C3%AC\">Melozzo da Forl\u00ec<\/a>\u00a0(1438 &#8211; 1494)<\/li>\n<li style=\"text-align: justify;\"><a title=\"Francesco Menzocchi\" href=\"https:\/\/fr.wikipedia.org\/wiki\/Francesco_Menzocchi\">Francesco Menzocchi<\/a>\u00a0(1502 &#8211; 1574)<\/li>\n<li style=\"text-align: justify;\"><a title=\"Pier Paolo Menzocchi\" href=\"https:\/\/fr.wikipedia.org\/wiki\/Pier_Paolo_Menzocchi\">Pier Paolo Menzocchi<\/a>\u00a0(v. 1532 &#8211; 1589)<\/li>\n<li style=\"text-align: justify;\"><a title=\"Marco Palmezzano\" href=\"https:\/\/fr.wikipedia.org\/wiki\/Marco_Palmezzano\">Marco Palmezzano<\/a>\u00a0(1460 \u2013 1539)<\/li>\n<\/ul>\n","protected":false},"excerpt":{"rendered":"<p>Image de mise en avant : Marco Palmezzano,\u00a0Pala Ostoli L&rsquo;\u00e9cole de\u00a0Forl\u00ec\u00a0(en\u00a0italien\u00a0Scuola forlivese) est n\u00e9e comme une des\u00a0\u00e9coles giottesques\u00a0des\u00a0\u00e9coles italiennes de peinture\u00a0de la\u00a0Renaissance artistique, qui a fleuri en Italie \u00e0\u00a0Forl\u00ec\u00a0en\u00a0\u00c9milie-Romagne\u00a0centr\u00e9e autour du ma\u00eetre de\u00a0Melozzo da Forl\u00ec,\u00a0Baldassarre Carrari l&rsquo;Ancien, disciple de\u00a0Giotto di Bondone. Avec Melozzo et\u00a0Marco Palmezzano, elle pr\u00e9sente des caract\u00e9ristiques particuli\u00e8res. Livio Agresti\u00a0(1505 \u2013 1579) Ansuino [&hellip;]<\/p>\n","protected":false},"author":1,"featured_media":14094,"parent":0,"menu_order":0,"comment_status":"closed","ping_status":"closed","template":"","meta":{"footnotes":""},"class_list":["post-14090","page","type-page","status-publish","has-post-thumbnail","hentry"],"_links":{"self":[{"href":"https:\/\/oraziopuglisi.art\/index.php\/wp-json\/wp\/v2\/pages\/14090","targetHints":{"allow":["GET"]}}],"collection":[{"href":"https:\/\/oraziopuglisi.art\/index.php\/wp-json\/wp\/v2\/pages"}],"about":[{"href":"https:\/\/oraziopuglisi.art\/index.php\/wp-json\/wp\/v2\/types\/page"}],"author":[{"embeddable":true,"href":"https:\/\/oraziopuglisi.art\/index.php\/wp-json\/wp\/v2\/users\/1"}],"replies":[{"embeddable":true,"href":"https:\/\/oraziopuglisi.art\/index.php\/wp-json\/wp\/v2\/comments?post=14090"}],"version-history":[{"count":5,"href":"https:\/\/oraziopuglisi.art\/index.php\/wp-json\/wp\/v2\/pages\/14090\/revisions"}],"predecessor-version":[{"id":14096,"href":"https:\/\/oraziopuglisi.art\/index.php\/wp-json\/wp\/v2\/pages\/14090\/revisions\/14096"}],"wp:featuredmedia":[{"embeddable":true,"href":"https:\/\/oraziopuglisi.art\/index.php\/wp-json\/wp\/v2\/media\/14094"}],"wp:attachment":[{"href":"https:\/\/oraziopuglisi.art\/index.php\/wp-json\/wp\/v2\/media?parent=14090"}],"curies":[{"name":"wp","href":"https:\/\/api.w.org\/{rel}","templated":true}]}}